{"id":9849,"date":"2022-03-10T22:07:45","date_gmt":"2022-03-10T21:07:45","guid":{"rendered":"https:\/\/www.campinglesbastets.com\/omgeving\/specialites-de-drome\/"},"modified":"2022-05-06T15:20:56","modified_gmt":"2022-05-06T13:20:56","slug":"ontdek-de-specialiteiten-van-de-drome","status":"publish","type":"page","link":"https:\/\/www.campinglesbastets.com\/nl\/omgeving\/ontdek-de-specialiteiten-van-de-drome\/","title":{"rendered":"Specialiteiten van Dr\u00f4me"},"content":{"rendered":"<section id=\"section-622a6eb3a315b\"\" class=\"section bg-white p-b-0\" \/><div class=\"container extralarge\"><h1 class=\"element section-title center\">Ontdek de specialiteiten van de Dr\u00f4me<\/h1><div class=\"element bloc-text left \">\n\t<p>De Dr\u00f4me is om meerdere redenen een waar paradijs: is het niet om de rijke historische geschiedenis of de prachtige natuur, dan is het wel om de vele geuren en smaken die typerend zijn voor dit gebied. Van smaakvolle internationaal bekende wijnen tot aan sterrenchefs uit deze regio die je smaakpapillen zullen verrassen. De Dr\u00f4me is absoluut d\u00e9 bestemming voor jou wanneer je dol bent op het ontdekken van heerlijk eten, fraaie kruiden en diverse dranken. Laat dus zeker wat ruimte vrij in I bagage wanneer ik naar onze\u00a0<a href=\"\/nl\/\">camping in de Drome<\/a>\u00a0vertrekt. Zo kun je thuis nog volop genieten van de keuken uit de Dr\u00f4me.<\/p>\n<h2>Het gastronomische trio van de Dr\u00f4me<\/h2>\n<p>De echte ambassadeurs van de Dr\u00f4me zijn drie bijzondere producten: de zwarte truffel, de Nyons olijf en Mont\u00e9limar nougat. De\u00a0<strong>zwarte truffel<\/strong>\u00a0uit dit gebied wordt geoogst in de Tricastin, de Coteaux de Romans en de Val de Dr\u00f4me. Deze truffel wordt de zwarte diamant genoemd en dat is niet voor niets: de zwarte truffel van de Dr\u00f4me is krachtig, wild en ontzettend smaakvol. Wist je dat maar liefst 60% van de totale lokale productie van dit prodcuct uit de Tricastin komt? De oogst wordt iedere winter gedaan door een speciaal opgeleide hond. De hond krabt op de plek waar hij truffels ruikt, waarna de kweker aan de slag gaat met een fouji (haakvormig hulpmiddel).<\/p>\n<p>Een ander onmisbaar sterproduct uit de Dr\u00f4me is de\u00a0<strong>Nyons olijf\u00a0(AOP-AOC).\u00a0<\/strong>Deze olijf is de eerste die een AOC kreeg, wat je ook vaak op de etiketten van een fles wijn ziet staan. De tapenade die van de Nyons olijf wordt gemaakt, noemt men ook wel Provencaalse kaviaar; een combinatie van olijven, kruiden en kappertjes. Ontdek de drie valleien van Eygues, Ouv\u00e8ze en Ennuy\u00e9 waar je volop olijventeelt vindt. Zoetekauwen zullen absoluut blij worden van de\u00a0<strong>Mont\u00e9limar nougat.\u00a0<\/strong>Deze inmiddels wereldbekende nougat wordt al tientallen jaren gemaakt met 28% amandelen, 2% pistache en 25% lavendelhoning. Ooit werd de nougat verkocht op veilingen langs de N7; tegenwoordig kun je de nougat op meerdere plekken zoals toeristische shops scoren. Heerlijk!<\/p>\n<h2>Lavendel uit de Dr\u00f4me<\/h2>\n<p>Wat uiteraard ook niet mag ontbreken als souvenir is een product gemaakt van de lokale\u00a0<strong>lavendel<\/strong>\u00a0uit de Dr\u00f4me. Het milde klimaat van dit gebied heeft ervoor gezorgd dat de Dr\u00f4me de wereldleider is in de productie en verwerking van deze medicinale en aromatische plant. Maak je een fietstocht of roadtrip door de Dr\u00f4me dan zul je versteld staan van de vele velden vol geurige lavendel. Door de lavendeltraditie zijn er bijzondere landschappen gecre\u00eberd die samenhangen met andere gewassen, zoals granen, wijnbouw, olijventeelt en fruitteelt.<\/p>\n<p>Een absolute aanrader is om een van de lavendelroutes in de Dr\u00f4me te volgen om zo optimaal te kunnen genieten van deze unieke plant. De bloeiperiode begint half juni rond Crest en duurt tot begin augustus voor de gebieden die wat hoger liggen. Ontdek de vele velden langs de rivier de Dr\u00f4me of aan de poorten van het natuurpark Vercors. Ook het gebied rondom de Baronnies tot Buech zijn het bezoeken waard voor het ontdekken van de vele lavendel. Ruik, proef en ervaar deze kleurrijke plant en vergeet vooral niet om een lekker product mee naar huis te nemen.<\/p>\n<h2>Geniet ook van de vele wijnen uit de Dr\u00f4me<\/h2>\n<p>Uiteraard mag een bezoek aan een wijnhuis of een wijnkelder niet ontbreken wanneer je in de Dr\u00f4me bent. Dit gebied presenteert namelijk een rijk palet aan wijnen: van mousserende wijnen tot aan lokale, stille wijnen. Wat dacht je van smaakvolle wijnen uit het noordelijke\u00a0<strong>C\u00f4tes du Rh\u00f4ne<\/strong>? Heerlijke rode wijnen die passen bij gerechten met rood vlees of wild. Uit dit gebied zijn de lekkerste rode wijnen gemaakt van Syrah-druiven en de witte wijnen van Marsanne en Rousanne.<\/p>\n<p>De wijnen uit de\u00a0<strong>Br\u00e9z\u00e8me<\/strong>\u00a0zijn ook een lust voor het oog en je smaakpapillen. De druiven van deze wijnen worden geteeld op de hellingen van Livron-sur-Dr\u00f4me. Hoewel het de kleinste wijngaard op de linkeroever van de Rh\u00f4ne is, is het zeker aan te raden om deze wijnen te proberen. Dat komt omdat het redelijk koude klimaat hier een hele frisse en ietwat wilde smaak geeft aan deze wijnen. Ontdek tot slot de\u00a0<strong>Grignan-les-Adh\u00e9mar<\/strong>, wijnen met een AOC-AOP kenmerk. Smaakvolle en verfrissende doch droge witte wijnen en diverse rode wijnen die je meteen kunt drinken of beter nog even kunt bewaren.<\/p>\n<\/div><\/div><\/section>\n\n<section id=\"section-622a6eb3a33f4\"\" class=\"section bg-white\" \/><div class=\"container extralarge\"><div class=\"element section-title center h2-like\">Ontdek ook de Dr\u00f4me per fiets <\/div><ul class=\"liste-de-page\"><li class=\"element call-to-action carre call-to-action--style-1 call-to-action--big\"><a href=\"https:\/\/www.campinglesbastets.com\/nl\/omgeving\/bezoek-palais-ideal-van-facteur-cheval\/\"  class=\"call-to-action_link\" title=\"En savoir plus sur het ideale paleis van postbode cheval in hauterives\"><div class=\"call-to-action_image\"><img decoding=\"async\" src=\"https:\/\/www.campinglesbastets.com\/wp-content\/uploads\/2022\/03\/palais-du-facteur-cheval-visites.jpg\" data-src=\"https:\/\/www.campinglesbastets.com\/wp-content\/uploads\/2022\/03\/palais-du-facteur-cheval-visites.jpg\" alt=\"palais du facteur cheval visites\" class=\"big\" \/><\/div><div class=\"call-to-action_contenu\"><div class=\"call-to-action_titre\">Het Ideale Paleis van Postbode Cheval in Hauterives<\/div><\/div><\/a><\/li><li class=\"element call-to-action carre call-to-action--style-1 call-to-action--big call-to-action--style-1 call-to-action--big\"><a href=\"https:\/\/www.campinglesbastets.com\/nl\/omgeving\/de-heuveldorpen\/\"  class=\"call-to-action_link\" title=\"En savoir plus sur de dorpen op de heuveltop\"><div class=\"call-to-action_image\"><img decoding=\"async\" src=\"https:\/\/www.campinglesbastets.com\/wp-content\/uploads\/2022\/03\/village-poet-laval.jpg\" data-src=\"https:\/\/www.campinglesbastets.com\/wp-content\/uploads\/2022\/03\/village-poet-laval.jpg\" alt=\"village poet laval\" class=\"big\" \/><\/div><div class=\"call-to-action_contenu\"><div class=\"call-to-action_titre\">De dorpen op de heuveltop<\/div><\/div><\/a><\/li><li class=\"element call-to-action carre call-to-action--style-1 call-to-action--big call-to-action--style-1 call-to-action--big call-to-action--style-1 call-to-action--big\"><a href=\"https:\/\/www.campinglesbastets.com\/nl\/omgeving\/wat-kun-zien-doen-in-regionaal-natuurpark-van-de-vercors\/\"  class=\"call-to-action_link\" title=\"En savoir plus sur natuurpark vercors\"><div class=\"call-to-action_image\"><img decoding=\"async\" src=\"https:\/\/www.campinglesbastets.com\/wp-content\/uploads\/2022\/03\/balades-parc-vercors.jpg\" data-src=\"https:\/\/www.campinglesbastets.com\/wp-content\/uploads\/2022\/03\/balades-parc-vercors.jpg\" alt=\"balades parc vercors\" class=\"big\" \/><\/div><div class=\"call-to-action_contenu\"><div class=\"call-to-action_titre\">Natuurpark Vercors<\/div><\/div><\/a><\/li><li class=\"element call-to-action carre call-to-action--style-1 call-to-action--big call-to-action--style-1 call-to-action--big call-to-action--style-1 call-to-action--big call-to-action--style-1 call-to-action--big\"><a href=\"https:\/\/www.campinglesbastets.com\/nl\/omgeving\/bezoek-het-dorp-chabeuil\/\"  class=\"call-to-action_link\" title=\"En savoir plus sur chabeuil\"><div class=\"call-to-action_image\"><img decoding=\"async\" src=\"https:\/\/www.campinglesbastets.com\/wp-content\/uploads\/2022\/03\/visiter-chabeuil.jpg\" data-src=\"https:\/\/www.campinglesbastets.com\/wp-content\/uploads\/2022\/03\/visiter-chabeuil.jpg\" alt=\"visiter chabeuil\" class=\"big\" \/><\/div><div class=\"call-to-action_contenu\"><div class=\"call-to-action_titre\">Chabeuil<\/div><\/div><\/a><\/li><li class=\"element call-to-action carre call-to-action--style-1 call-to-action--big call-to-action--style-1 call-to-action--big call-to-action--style-1 call-to-action--big call-to-action--style-1 call-to-action--big call-to-action--style-1 call-to-action--big\"><a href=\"https:\/\/www.campinglesbastets.com\/nl\/omgeving\/ontdek-montelimar-stad-van-de-noga\/\"  class=\"call-to-action_link\" title=\"En savoir plus sur mont\u00e9limar\"><div class=\"call-to-action_image\"><img decoding=\"async\" src=\"https:\/\/www.campinglesbastets.com\/wp-content\/uploads\/2022\/03\/visiter-montelimar.jpg\" data-src=\"https:\/\/www.campinglesbastets.com\/wp-content\/uploads\/2022\/03\/visiter-montelimar.jpg\" alt=\"visiter montelimar\" class=\"big\" \/><\/div><div class=\"call-to-action_contenu\"><div class=\"call-to-action_titre\">Mont\u00e9limar<\/div><\/div><\/a><\/li><li class=\"element call-to-action carre call-to-action--style-1 call-to-action--big call-to-action--style-1 call-to-action--big call-to-action--style-1 call-to-action--big call-to-action--style-1 call-to-action--big call-to-action--style-1 call-to-action--big call-to-action--style-1 call-to-action--big\"><a href=\"https:\/\/www.campinglesbastets.com\/nl\/omgeving\/de-krokodillen-boerderij\/\"  class=\"call-to-action_link\" title=\"En savoir plus sur krokodillenboerderij\"><div class=\"call-to-action_image\"><img decoding=\"async\" src=\"https:\/\/www.campinglesbastets.com\/wp-content\/uploads\/2022\/03\/ferme-aux-crocodiles.jpg\" data-src=\"https:\/\/www.campinglesbastets.com\/wp-content\/uploads\/2022\/03\/ferme-aux-crocodiles.jpg\" alt=\"ferme aux crocodiles\" class=\"big\" \/><\/div><div class=\"call-to-action_contenu\"><div class=\"call-to-action_titre\">Krokodillenboerderij<\/div><\/div><\/a><\/li><\/ul><\/div><\/section>","protected":false},"excerpt":{"rendered":"","protected":false},"author":1,"featured_media":7333,"parent":9700,"menu_order":0,"comment_status":"closed","ping_status":"closed","template":"","meta":{"_acf_changed":false,"footnotes":""},"class_list":["post-9849","page","type-page","status-publish","has-post-thumbnail","hentry"],"acf":[],"yoast_head":"<!-- This site is optimized with the Yoast SEO plugin v25.3 - https:\/\/yoast.com\/wordpress\/plugins\/seo\/ -->\n<title>Drome specialiteit : Ontdek de specialiteiten van de Dr\u00f4me<\/title>\n<meta name=\"description\" content=\"Tijdens uw vakantie de specialiteiten van de Dr\u00f4me proeven? Ontdek het beste van de Dr\u00f4me-gastronomie !\" \/>\n<meta name=\"robots\" content=\"index, follow, max-snippet:-1, max-image-preview:large, max-video-preview:-1\" \/>\n<link rel=\"canonical\" href=\"https:\/\/www.campinglesbastets.com\/nl\/omgeving\/ontdek-de-specialiteiten-van-de-drome\/\" \/>\n<meta property=\"og:locale\" content=\"nl_NL\" \/>\n<meta property=\"og:type\" content=\"article\" \/>\n<meta property=\"og:title\" content=\"Drome specialiteit : Ontdek de specialiteiten van de Dr\u00f4me\" \/>\n<meta property=\"og:description\" content=\"Tijdens uw vakantie de specialiteiten van de Dr\u00f4me proeven? Ontdek het beste van de Dr\u00f4me-gastronomie !\" \/>\n<meta property=\"og:url\" content=\"https:\/\/www.campinglesbastets.com\/nl\/omgeving\/ontdek-de-specialiteiten-van-de-drome\/\" \/>\n<meta property=\"og:site_name\" content=\"Camping Les Bastets\" \/>\n<meta property=\"article:modified_time\" content=\"2022-05-06T13:20:56+00:00\" \/>\n<meta property=\"og:image\" content=\"https:\/\/www.campinglesbastets.com\/wp-content\/uploads\/2022\/03\/specialites-de-la-drome.jpg\" \/>\n\t<meta property=\"og:image:width\" content=\"1900\" \/>\n\t<meta property=\"og:image:height\" content=\"1056\" \/>\n\t<meta property=\"og:image:type\" content=\"image\/jpeg\" \/>\n<meta name=\"twitter:card\" content=\"summary_large_image\" \/>\n<script type=\"application\/ld+json\" class=\"yoast-schema-graph\">{\"@context\":\"https:\/\/schema.org\",\"@graph\":[{\"@type\":\"WebPage\",\"@id\":\"https:\/\/www.campinglesbastets.com\/nl\/omgeving\/ontdek-de-specialiteiten-van-de-drome\/\",\"url\":\"https:\/\/www.campinglesbastets.com\/nl\/omgeving\/ontdek-de-specialiteiten-van-de-drome\/\",\"name\":\"Drome specialiteit : Ontdek de specialiteiten van de Dr\u00f4me\",\"isPartOf\":{\"@id\":\"https:\/\/www.campinglesbastets.com\/nl\/#website\"},\"primaryImageOfPage\":{\"@id\":\"https:\/\/www.campinglesbastets.com\/nl\/omgeving\/ontdek-de-specialiteiten-van-de-drome\/#primaryimage\"},\"image\":{\"@id\":\"https:\/\/www.campinglesbastets.com\/nl\/omgeving\/ontdek-de-specialiteiten-van-de-drome\/#primaryimage\"},\"thumbnailUrl\":\"https:\/\/www.campinglesbastets.com\/wp-content\/uploads\/2022\/03\/specialites-de-la-drome.jpg\",\"datePublished\":\"2022-03-10T21:07:45+00:00\",\"dateModified\":\"2022-05-06T13:20:56+00:00\",\"description\":\"Tijdens uw vakantie de specialiteiten van de Dr\u00f4me proeven? Ontdek het beste van de Dr\u00f4me-gastronomie !\",\"breadcrumb\":{\"@id\":\"https:\/\/www.campinglesbastets.com\/nl\/omgeving\/ontdek-de-specialiteiten-van-de-drome\/#breadcrumb\"},\"inLanguage\":\"nl-NL\",\"potentialAction\":[{\"@type\":\"ReadAction\",\"target\":[\"https:\/\/www.campinglesbastets.com\/nl\/omgeving\/ontdek-de-specialiteiten-van-de-drome\/\"]}]},{\"@type\":\"ImageObject\",\"inLanguage\":\"nl-NL\",\"@id\":\"https:\/\/www.campinglesbastets.com\/nl\/omgeving\/ontdek-de-specialiteiten-van-de-drome\/#primaryimage\",\"url\":\"https:\/\/www.campinglesbastets.com\/wp-content\/uploads\/2022\/03\/specialites-de-la-drome.jpg\",\"contentUrl\":\"https:\/\/www.campinglesbastets.com\/wp-content\/uploads\/2022\/03\/specialites-de-la-drome.jpg\",\"width\":1900,\"height\":1056,\"caption\":\"specialites de la drome\"},{\"@type\":\"BreadcrumbList\",\"@id\":\"https:\/\/www.campinglesbastets.com\/nl\/omgeving\/ontdek-de-specialiteiten-van-de-drome\/#breadcrumb\",\"itemListElement\":[{\"@type\":\"ListItem\",\"position\":1,\"name\":\"Camping Dr\u00f4me\",\"item\":\"https:\/\/www.campinglesbastets.com\/nl\/\"},{\"@type\":\"ListItem\",\"position\":2,\"name\":\"TOERISME IN DE DR\u00d4ME PROVEN\u00c7ALE\",\"item\":\"https:\/\/www.campinglesbastets.com\/nl\/omgeving\/\"},{\"@type\":\"ListItem\",\"position\":3,\"name\":\"Ontdek de specialiteiten van de Dr\u00f4me\"}]},{\"@type\":\"WebSite\",\"@id\":\"https:\/\/www.campinglesbastets.com\/nl\/#website\",\"url\":\"https:\/\/www.campinglesbastets.com\/nl\/\",\"name\":\"Camping Les Bastets\",\"description\":\"\",\"publisher\":{\"@id\":\"https:\/\/www.campinglesbastets.com\/nl\/#organization\"},\"potentialAction\":[{\"@type\":\"SearchAction\",\"target\":{\"@type\":\"EntryPoint\",\"urlTemplate\":\"https:\/\/www.campinglesbastets.com\/nl\/?s={search_term_string}\"},\"query-input\":{\"@type\":\"PropertyValueSpecification\",\"valueRequired\":true,\"valueName\":\"search_term_string\"}}],\"inLanguage\":\"nl-NL\"},{\"@type\":\"Organization\",\"@id\":\"https:\/\/www.campinglesbastets.com\/nl\/#organization\",\"name\":\"Camping Les Bastets\",\"url\":\"https:\/\/www.campinglesbastets.com\/nl\/\",\"logo\":{\"@type\":\"ImageObject\",\"inLanguage\":\"nl-NL\",\"@id\":\"https:\/\/www.campinglesbastets.com\/nl\/#\/schema\/logo\/image\/\",\"url\":\"https:\/\/www.campinglesbastets.com\/wp-content\/uploads\/2022\/02\/favicon-1.png\",\"contentUrl\":\"https:\/\/www.campinglesbastets.com\/wp-content\/uploads\/2022\/02\/favicon-1.png\",\"width\":1423,\"height\":1423,\"caption\":\"Camping Les Bastets\"},\"image\":{\"@id\":\"https:\/\/www.campinglesbastets.com\/nl\/#\/schema\/logo\/image\/\"}}]}<\/script>\n<!-- \/ Yoast SEO plugin. -->","yoast_head_json":{"title":"Drome specialiteit : Ontdek de specialiteiten van de Dr\u00f4me","description":"Tijdens uw vakantie de specialiteiten van de Dr\u00f4me proeven? Ontdek het beste van de Dr\u00f4me-gastronomie !","robots":{"index":"index","follow":"follow","max-snippet":"max-snippet:-1","max-image-preview":"max-image-preview:large","max-video-preview":"max-video-preview:-1"},"canonical":"https:\/\/www.campinglesbastets.com\/nl\/omgeving\/ontdek-de-specialiteiten-van-de-drome\/","og_locale":"nl_NL","og_type":"article","og_title":"Drome specialiteit : Ontdek de specialiteiten van de Dr\u00f4me","og_description":"Tijdens uw vakantie de specialiteiten van de Dr\u00f4me proeven? Ontdek het beste van de Dr\u00f4me-gastronomie !","og_url":"https:\/\/www.campinglesbastets.com\/nl\/omgeving\/ontdek-de-specialiteiten-van-de-drome\/","og_site_name":"Camping Les Bastets","article_modified_time":"2022-05-06T13:20:56+00:00","og_image":[{"width":1900,"height":1056,"url":"https:\/\/www.campinglesbastets.com\/wp-content\/uploads\/2022\/03\/specialites-de-la-drome.jpg","type":"image\/jpeg"}],"twitter_card":"summary_large_image","schema":{"@context":"https:\/\/schema.org","@graph":[{"@type":"WebPage","@id":"https:\/\/www.campinglesbastets.com\/nl\/omgeving\/ontdek-de-specialiteiten-van-de-drome\/","url":"https:\/\/www.campinglesbastets.com\/nl\/omgeving\/ontdek-de-specialiteiten-van-de-drome\/","name":"Drome specialiteit : Ontdek de specialiteiten van de Dr\u00f4me","isPartOf":{"@id":"https:\/\/www.campinglesbastets.com\/nl\/#website"},"primaryImageOfPage":{"@id":"https:\/\/www.campinglesbastets.com\/nl\/omgeving\/ontdek-de-specialiteiten-van-de-drome\/#primaryimage"},"image":{"@id":"https:\/\/www.campinglesbastets.com\/nl\/omgeving\/ontdek-de-specialiteiten-van-de-drome\/#primaryimage"},"thumbnailUrl":"https:\/\/www.campinglesbastets.com\/wp-content\/uploads\/2022\/03\/specialites-de-la-drome.jpg","datePublished":"2022-03-10T21:07:45+00:00","dateModified":"2022-05-06T13:20:56+00:00","description":"Tijdens uw vakantie de specialiteiten van de Dr\u00f4me proeven? Ontdek het beste van de Dr\u00f4me-gastronomie !","breadcrumb":{"@id":"https:\/\/www.campinglesbastets.com\/nl\/omgeving\/ontdek-de-specialiteiten-van-de-drome\/#breadcrumb"},"inLanguage":"nl-NL","potentialAction":[{"@type":"ReadAction","target":["https:\/\/www.campinglesbastets.com\/nl\/omgeving\/ontdek-de-specialiteiten-van-de-drome\/"]}]},{"@type":"ImageObject","inLanguage":"nl-NL","@id":"https:\/\/www.campinglesbastets.com\/nl\/omgeving\/ontdek-de-specialiteiten-van-de-drome\/#primaryimage","url":"https:\/\/www.campinglesbastets.com\/wp-content\/uploads\/2022\/03\/specialites-de-la-drome.jpg","contentUrl":"https:\/\/www.campinglesbastets.com\/wp-content\/uploads\/2022\/03\/specialites-de-la-drome.jpg","width":1900,"height":1056,"caption":"specialites de la drome"},{"@type":"BreadcrumbList","@id":"https:\/\/www.campinglesbastets.com\/nl\/omgeving\/ontdek-de-specialiteiten-van-de-drome\/#breadcrumb","itemListElement":[{"@type":"ListItem","position":1,"name":"Camping Dr\u00f4me","item":"https:\/\/www.campinglesbastets.com\/nl\/"},{"@type":"ListItem","position":2,"name":"TOERISME IN DE DR\u00d4ME PROVEN\u00c7ALE","item":"https:\/\/www.campinglesbastets.com\/nl\/omgeving\/"},{"@type":"ListItem","position":3,"name":"Ontdek de specialiteiten van de Dr\u00f4me"}]},{"@type":"WebSite","@id":"https:\/\/www.campinglesbastets.com\/nl\/#website","url":"https:\/\/www.campinglesbastets.com\/nl\/","name":"Camping Les Bastets","description":"","publisher":{"@id":"https:\/\/www.campinglesbastets.com\/nl\/#organization"},"potentialAction":[{"@type":"SearchAction","target":{"@type":"EntryPoint","urlTemplate":"https:\/\/www.campinglesbastets.com\/nl\/?s={search_term_string}"},"query-input":{"@type":"PropertyValueSpecification","valueRequired":true,"valueName":"search_term_string"}}],"inLanguage":"nl-NL"},{"@type":"Organization","@id":"https:\/\/www.campinglesbastets.com\/nl\/#organization","name":"Camping Les Bastets","url":"https:\/\/www.campinglesbastets.com\/nl\/","logo":{"@type":"ImageObject","inLanguage":"nl-NL","@id":"https:\/\/www.campinglesbastets.com\/nl\/#\/schema\/logo\/image\/","url":"https:\/\/www.campinglesbastets.com\/wp-content\/uploads\/2022\/02\/favicon-1.png","contentUrl":"https:\/\/www.campinglesbastets.com\/wp-content\/uploads\/2022\/02\/favicon-1.png","width":1423,"height":1423,"caption":"Camping Les Bastets"},"image":{"@id":"https:\/\/www.campinglesbastets.com\/nl\/#\/schema\/logo\/image\/"}}]}},"_links":{"self":[{"href":"https:\/\/www.campinglesbastets.com\/nl\/wp-json\/wp\/v2\/pages\/9849","targetHints":{"allow":["GET"]}}],"collection":[{"href":"https:\/\/www.campinglesbastets.com\/nl\/wp-json\/wp\/v2\/pages"}],"about":[{"href":"https:\/\/www.campinglesbastets.com\/nl\/wp-json\/wp\/v2\/types\/page"}],"author":[{"embeddable":true,"href":"https:\/\/www.campinglesbastets.com\/nl\/wp-json\/wp\/v2\/users\/1"}],"replies":[{"embeddable":true,"href":"https:\/\/www.campinglesbastets.com\/nl\/wp-json\/wp\/v2\/comments?post=9849"}],"version-history":[{"count":8,"href":"https:\/\/www.campinglesbastets.com\/nl\/wp-json\/wp\/v2\/pages\/9849\/revisions"}],"predecessor-version":[{"id":10960,"href":"https:\/\/www.campinglesbastets.com\/nl\/wp-json\/wp\/v2\/pages\/9849\/revisions\/10960"}],"up":[{"embeddable":true,"href":"https:\/\/www.campinglesbastets.com\/nl\/wp-json\/wp\/v2\/pages\/9700"}],"wp:featuredmedia":[{"embeddable":true,"href":"https:\/\/www.campinglesbastets.com\/nl\/wp-json\/wp\/v2\/media\/7333"}],"wp:attachment":[{"href":"https:\/\/www.campinglesbastets.com\/nl\/wp-json\/wp\/v2\/media?parent=9849"}],"curies":[{"name":"wp","href":"https:\/\/api.w.org\/{rel}","templated":true}]}}