{"id":9828,"date":"2022-03-07T14:50:36","date_gmt":"2022-03-07T13:50:36","guid":{"rendered":"https:\/\/www.campinglesbastets.com\/omgeving\/drome-a-moto\/"},"modified":"2022-05-06T14:57:29","modified_gmt":"2022-05-06T12:57:29","slug":"ontdek-de-drome-op-de-motor","status":"publish","type":"page","link":"https:\/\/www.campinglesbastets.com\/nl\/omgeving\/ontdek-de-drome-op-de-motor\/","title":{"rendered":"De Dr\u00f4me per motorfiets"},"content":{"rendered":"<section id=\"section-6228bea2956ae\"\" class=\"section bg-white p-b-0\" \/><div class=\"container extralarge\"><h1 class=\"element section-title center\">Ontdek de Dr\u00f4me op de motor<\/h1><div class=\"element bloc-text left \">\n\t<p>Motorliefhebbers opgelet: ken je de Dr\u00f4me al? Dit gebied is rijk aan bossen, passen en ongerepte valleien. Wanneer je droomt van avontuur op buitengewone wegen dan zit<br \/>\nje hier als motorrijder helemaal op de juiste plek. Het maakt niet uit of je voor twee uur of voor twee dagen wilt vertrekken &#8211; de Dr\u00f4me heeft fantastische routes voor je in<br \/>\npetto!<\/p>\n<h2>Routebeschrijvingen voor een halve dag op een motor in de Dr\u00f4me<\/h2>\n<p>De Dr\u00f4me staat bekend om de vele kronkelende wegen en schitterende landschappen. Om alles te zien heb je meer dan een halve dag nodig\u2026 zou je denken. Toch kun je<br \/>\nalsnog een aantal bijzondere locaties ontdekken voor motortochten in de Dr\u00f4me die in minder dan 6 uur kunnen worden afgelegd.<\/p>\n<h3>Een tocht in de Vercors<\/h3>\n<p>Trek ongeveer 4 uur en een kwartier uit voor dit circuit dat zelfs door amateurfietsers kan worden afgelegd. Volg vanuit Neyroud de A48, die meer dan 255 kilometer lang is.<br \/>\nHier maak je direct kennis met het hart van de Vercors met onderweg groene vlakten, fraaie passen en mooie uitzichten. Het zijn met name de passen van Arzelier en Mont<br \/>\nRousset die aan te raden zijn &#8211; daar heb je een prachtig uitzichtpunt als je over de Mont Aiguille komt.<\/p>\n<h3>Bewonder de Mont Ventoux<\/h3>\n<p>In minder dan 4 uur en ongeveer 220 km kun je vanaf het begin van het circuit op je gemak een van de meest bijzondere bergen van de Vaucluse en de Dr\u00f4me bewonderen:<br \/>\nde Mont Ventoux. Na Sault nader je de kloven van de Nesque en op de terugweg volg je de D 90A, waar je de ruige toppen van de niet minder spectaculaire Dentelles de<br \/>\nMontmirail kunt zien.<\/p>\n<p><iframe loading=\"lazy\" src=\"https:\/\/www.youtube.com\/embed\/SYtGExW3qd8\" width=\"100%\" height=\"315\" frameborder=\"0\" allowfullscreen=\"allowfullscreen\"><\/iframe><\/p>\n<h2>Motortochten voor een weekend in de Dr\u00f4me<\/h2>\n<p>Droom je ervan om de motor \u00e9cht te laten brullen voor een expeditie in het wild? Ook daarvoor is de Dr\u00f4me de ideale plek. In dit gebied zijn twee lussen te doen in minder<br \/>\ndan 2 dagen. Deze zijn toegankelijk voor zowel beginners als ervaren motorrijders.<\/p>\n<h3>De Napoleon-route<\/h3>\n<p>In minder dan 20 uur reis je zo&#8217;n 1100 km op deze lusroute die je rechtstreeks meeneemt door het land. Vertrek vanuit Dardilly in de richting van de D 307, waar je<br \/>\nvervolgens direct naar het zuiden rijdt om daar de Rh\u00f4ne-vallei over te steken. Om terug te keren van de Gorges du Verdon, volg je vervolgens de mooie Route Napol\u00e9on.<\/p>\n<h3>De Blauwe Weg<\/h3>\n<p>De Blauwe Weg is een route die je door de Dr\u00f4me brengt en je nog meer laat ontdekken van de rest van Frankrijk. Deze route verbindt Parijs met Monaco via de RN 7 over<br \/>\neen afstand van meer dan 1050 km en ongeveer 17 uur reizen. In twee dagen tijd volg je hier de route van de mythische Nationale 7, die ook wel de \u2018vakantieroute\u2019 wordt<br \/>\ngenoemd. Deze route was ooit de langste nationale route van het land.<br \/>\nWil je onderweg even stoppen? Aarzel niet om uit te rusten op onze\u00a0<a href=\"\/nl\/\">camping in de Dr\u00f4me<\/a>. We geven je met veel plezier nog meer advies voor je motorroute door dit gebied.<\/p>\n<\/div><\/div><\/section>\n\n<section id=\"section-6228bea295873\"\" class=\"section bg-white\" \/><div class=\"container extralarge\"><div class=\"element section-title center h2-like\">Ontdek Mont\u00e9limar en omgeving<\/div><ul class=\"liste-de-page\"><li class=\"element call-to-action carre call-to-action--style-1 call-to-action--big\"><a href=\"https:\/\/www.campinglesbastets.com\/nl\/omgeving\/ontdek-het-boeiende-gebied-van-de-vercors\/\"  class=\"call-to-action_link\" title=\"En savoir plus sur pont en royans\"><div class=\"call-to-action_image\"><img decoding=\"async\" src=\"https:\/\/www.campinglesbastets.com\/wp-content\/uploads\/2022\/03\/pont-en-royans-a-decouvrir.jpg\" data-src=\"https:\/\/www.campinglesbastets.com\/wp-content\/uploads\/2022\/03\/pont-en-royans-a-decouvrir.jpg\" alt=\"pont en royans a decouvrir\" class=\"big\" \/><\/div><div class=\"call-to-action_contenu\"><div class=\"call-to-action_titre\">Pont en Royans<\/div><\/div><\/a><\/li><li class=\"element call-to-action carre call-to-action--style-1 call-to-action--big call-to-action--style-1 call-to-action--big\"><a href=\"https:\/\/www.campinglesbastets.com\/nl\/omgeving\/wat-te-doen-te-zien-in-de-drome\/\"  class=\"call-to-action_link\" title=\"En savoir plus sur wat te bezoeken in de dr\u00f4me?\"><div class=\"call-to-action_image\"><img decoding=\"async\" src=\"https:\/\/www.campinglesbastets.com\/wp-content\/uploads\/2022\/03\/visites-dans-la-drome.jpg\" data-src=\"https:\/\/www.campinglesbastets.com\/wp-content\/uploads\/2022\/03\/visites-dans-la-drome.jpg\" alt=\"visites dans la drome\" class=\"big\" \/><\/div><div class=\"call-to-action_contenu\"><div class=\"call-to-action_titre\">Wat te bezoeken in de Dr\u00f4me?<\/div><\/div><\/a><\/li><li class=\"element call-to-action carre call-to-action--style-1 call-to-action--big call-to-action--style-1 call-to-action--big call-to-action--style-1 call-to-action--big\"><a href=\"https:\/\/www.campinglesbastets.com\/nl\/omgeving\/natuur-cultuur-wisselen-zich-af-in-valence\/\"  class=\"call-to-action_link\" title=\"En savoir plus sur valence\"><div class=\"call-to-action_image\"><img decoding=\"async\" src=\"https:\/\/www.campinglesbastets.com\/wp-content\/uploads\/2022\/03\/visiter-valance.jpg\" data-src=\"https:\/\/www.campinglesbastets.com\/wp-content\/uploads\/2022\/03\/visiter-valance.jpg\" alt=\"visiter valance\" class=\"big\" \/><\/div><div class=\"call-to-action_contenu\"><div class=\"call-to-action_titre\">Valence<\/div><\/div><\/a><\/li><li class=\"element call-to-action carre call-to-action--style-1 call-to-action--big call-to-action--style-1 call-to-action--big call-to-action--style-1 call-to-action--big call-to-action--style-1 call-to-action--big\"><a href=\"https:\/\/www.campinglesbastets.com\/nl\/omgeving\/historische-parel-van-de-drome-romans-isere\/\"  class=\"call-to-action_link\" title=\"En savoir plus sur romans sur is\u00e8re\"><div class=\"call-to-action_image\"><img decoding=\"async\" src=\"https:\/\/www.campinglesbastets.com\/wp-content\/uploads\/2022\/03\/visiter-romans-sur-isere.jpg\" data-src=\"https:\/\/www.campinglesbastets.com\/wp-content\/uploads\/2022\/03\/visiter-romans-sur-isere.jpg\" alt=\"visiter romans sur isere\" class=\"big\" \/><\/div><div class=\"call-to-action_contenu\"><div class=\"call-to-action_titre\">Romans sur Is\u00e8re<\/div><\/div><\/a><\/li><li class=\"element call-to-action carre call-to-action--style-1 call-to-action--big call-to-action--style-1 call-to-action--big call-to-action--style-1 call-to-action--big call-to-action--style-1 call-to-action--big call-to-action--style-1 call-to-action--big\"><a href=\"https:\/\/www.campinglesbastets.com\/nl\/omgeving\/ontdek-montelimar-stad-van-de-noga\/\"  class=\"call-to-action_link\" title=\"En savoir plus sur mont\u00e9limar\"><div class=\"call-to-action_image\"><img decoding=\"async\" src=\"https:\/\/www.campinglesbastets.com\/wp-content\/uploads\/2022\/03\/visiter-montelimar.jpg\" data-src=\"https:\/\/www.campinglesbastets.com\/wp-content\/uploads\/2022\/03\/visiter-montelimar.jpg\" alt=\"visiter montelimar\" class=\"big\" \/><\/div><div class=\"call-to-action_contenu\"><div class=\"call-to-action_titre\">Mont\u00e9limar<\/div><\/div><\/a><\/li><\/ul><\/div><\/section>","protected":false},"excerpt":{"rendered":"","protected":false},"author":1,"featured_media":7247,"parent":9700,"menu_order":0,"comment_status":"closed","ping_status":"closed","template":"","meta":{"_acf_changed":false,"footnotes":""},"class_list":["post-9828","page","type-page","status-publish","has-post-thumbnail","hentry"],"acf":[],"yoast_head":"<!-- This site is optimized with the Yoast SEO plugin v25.3 - https:\/\/yoast.com\/wordpress\/plugins\/seo\/ -->\n<title>Dr\u00f4me op een motor : 4 routes en circuits om de Dr\u00f4me op een motor te bezoeken<\/title>\n<meta name=\"description\" content=\"Wilt u een motorrit maken in de Dr\u00f4me? Ontdek routes van een halve dag of een weekend om de Dr\u00f4me op de motor te bezoeken!\" \/>\n<meta name=\"robots\" content=\"index, follow, max-snippet:-1, max-image-preview:large, max-video-preview:-1\" \/>\n<link rel=\"canonical\" href=\"https:\/\/www.campinglesbastets.com\/nl\/omgeving\/ontdek-de-drome-op-de-motor\/\" \/>\n<meta property=\"og:locale\" content=\"nl_NL\" \/>\n<meta property=\"og:type\" content=\"article\" \/>\n<meta property=\"og:title\" content=\"Dr\u00f4me op een motor : 4 routes en circuits om de Dr\u00f4me op een motor te bezoeken\" \/>\n<meta property=\"og:description\" content=\"Wilt u een motorrit maken in de Dr\u00f4me? Ontdek routes van een halve dag of een weekend om de Dr\u00f4me op de motor te bezoeken!\" \/>\n<meta property=\"og:url\" content=\"https:\/\/www.campinglesbastets.com\/nl\/omgeving\/ontdek-de-drome-op-de-motor\/\" \/>\n<meta property=\"og:site_name\" content=\"Camping Les Bastets\" \/>\n<meta property=\"article:modified_time\" content=\"2022-05-06T12:57:29+00:00\" \/>\n<meta property=\"og:image\" content=\"https:\/\/www.campinglesbastets.com\/wp-content\/uploads\/2022\/03\/drome-en-moto.jpg\" \/>\n\t<meta property=\"og:image:width\" content=\"1900\" \/>\n\t<meta property=\"og:image:height\" content=\"1056\" \/>\n\t<meta property=\"og:image:type\" content=\"image\/jpeg\" \/>\n<meta name=\"twitter:card\" content=\"summary_large_image\" \/>\n<script type=\"application\/ld+json\" class=\"yoast-schema-graph\">{\"@context\":\"https:\/\/schema.org\",\"@graph\":[{\"@type\":\"WebPage\",\"@id\":\"https:\/\/www.campinglesbastets.com\/nl\/omgeving\/ontdek-de-drome-op-de-motor\/\",\"url\":\"https:\/\/www.campinglesbastets.com\/nl\/omgeving\/ontdek-de-drome-op-de-motor\/\",\"name\":\"Dr\u00f4me op een motor : 4 routes en circuits om de Dr\u00f4me op een motor te bezoeken\",\"isPartOf\":{\"@id\":\"https:\/\/www.campinglesbastets.com\/nl\/#website\"},\"primaryImageOfPage\":{\"@id\":\"https:\/\/www.campinglesbastets.com\/nl\/omgeving\/ontdek-de-drome-op-de-motor\/#primaryimage\"},\"image\":{\"@id\":\"https:\/\/www.campinglesbastets.com\/nl\/omgeving\/ontdek-de-drome-op-de-motor\/#primaryimage\"},\"thumbnailUrl\":\"https:\/\/www.campinglesbastets.com\/wp-content\/uploads\/2022\/03\/drome-en-moto.jpg\",\"datePublished\":\"2022-03-07T13:50:36+00:00\",\"dateModified\":\"2022-05-06T12:57:29+00:00\",\"description\":\"Wilt u een motorrit maken in de Dr\u00f4me? Ontdek routes van een halve dag of een weekend om de Dr\u00f4me op de motor te bezoeken!\",\"breadcrumb\":{\"@id\":\"https:\/\/www.campinglesbastets.com\/nl\/omgeving\/ontdek-de-drome-op-de-motor\/#breadcrumb\"},\"inLanguage\":\"nl-NL\",\"potentialAction\":[{\"@type\":\"ReadAction\",\"target\":[\"https:\/\/www.campinglesbastets.com\/nl\/omgeving\/ontdek-de-drome-op-de-motor\/\"]}]},{\"@type\":\"ImageObject\",\"inLanguage\":\"nl-NL\",\"@id\":\"https:\/\/www.campinglesbastets.com\/nl\/omgeving\/ontdek-de-drome-op-de-motor\/#primaryimage\",\"url\":\"https:\/\/www.campinglesbastets.com\/wp-content\/uploads\/2022\/03\/drome-en-moto.jpg\",\"contentUrl\":\"https:\/\/www.campinglesbastets.com\/wp-content\/uploads\/2022\/03\/drome-en-moto.jpg\",\"width\":1900,\"height\":1056,\"caption\":\"drome en moto\"},{\"@type\":\"BreadcrumbList\",\"@id\":\"https:\/\/www.campinglesbastets.com\/nl\/omgeving\/ontdek-de-drome-op-de-motor\/#breadcrumb\",\"itemListElement\":[{\"@type\":\"ListItem\",\"position\":1,\"name\":\"Camping Dr\u00f4me\",\"item\":\"https:\/\/www.campinglesbastets.com\/nl\/\"},{\"@type\":\"ListItem\",\"position\":2,\"name\":\"TOERISME IN DE DR\u00d4ME PROVEN\u00c7ALE\",\"item\":\"https:\/\/www.campinglesbastets.com\/nl\/omgeving\/\"},{\"@type\":\"ListItem\",\"position\":3,\"name\":\"Ontdek de Dr\u00f4me op de motor\"}]},{\"@type\":\"WebSite\",\"@id\":\"https:\/\/www.campinglesbastets.com\/nl\/#website\",\"url\":\"https:\/\/www.campinglesbastets.com\/nl\/\",\"name\":\"Camping Les Bastets\",\"description\":\"\",\"publisher\":{\"@id\":\"https:\/\/www.campinglesbastets.com\/nl\/#organization\"},\"potentialAction\":[{\"@type\":\"SearchAction\",\"target\":{\"@type\":\"EntryPoint\",\"urlTemplate\":\"https:\/\/www.campinglesbastets.com\/nl\/?s={search_term_string}\"},\"query-input\":{\"@type\":\"PropertyValueSpecification\",\"valueRequired\":true,\"valueName\":\"search_term_string\"}}],\"inLanguage\":\"nl-NL\"},{\"@type\":\"Organization\",\"@id\":\"https:\/\/www.campinglesbastets.com\/nl\/#organization\",\"name\":\"Camping Les Bastets\",\"url\":\"https:\/\/www.campinglesbastets.com\/nl\/\",\"logo\":{\"@type\":\"ImageObject\",\"inLanguage\":\"nl-NL\",\"@id\":\"https:\/\/www.campinglesbastets.com\/nl\/#\/schema\/logo\/image\/\",\"url\":\"https:\/\/www.campinglesbastets.com\/wp-content\/uploads\/2022\/02\/favicon-1.png\",\"contentUrl\":\"https:\/\/www.campinglesbastets.com\/wp-content\/uploads\/2022\/02\/favicon-1.png\",\"width\":1423,\"height\":1423,\"caption\":\"Camping Les Bastets\"},\"image\":{\"@id\":\"https:\/\/www.campinglesbastets.com\/nl\/#\/schema\/logo\/image\/\"}}]}<\/script>\n<!-- \/ Yoast SEO plugin. -->","yoast_head_json":{"title":"Dr\u00f4me op een motor : 4 routes en circuits om de Dr\u00f4me op een motor te bezoeken","description":"Wilt u een motorrit maken in de Dr\u00f4me? Ontdek routes van een halve dag of een weekend om de Dr\u00f4me op de motor te bezoeken!","robots":{"index":"index","follow":"follow","max-snippet":"max-snippet:-1","max-image-preview":"max-image-preview:large","max-video-preview":"max-video-preview:-1"},"canonical":"https:\/\/www.campinglesbastets.com\/nl\/omgeving\/ontdek-de-drome-op-de-motor\/","og_locale":"nl_NL","og_type":"article","og_title":"Dr\u00f4me op een motor : 4 routes en circuits om de Dr\u00f4me op een motor te bezoeken","og_description":"Wilt u een motorrit maken in de Dr\u00f4me? Ontdek routes van een halve dag of een weekend om de Dr\u00f4me op de motor te bezoeken!","og_url":"https:\/\/www.campinglesbastets.com\/nl\/omgeving\/ontdek-de-drome-op-de-motor\/","og_site_name":"Camping Les Bastets","article_modified_time":"2022-05-06T12:57:29+00:00","og_image":[{"width":1900,"height":1056,"url":"https:\/\/www.campinglesbastets.com\/wp-content\/uploads\/2022\/03\/drome-en-moto.jpg","type":"image\/jpeg"}],"twitter_card":"summary_large_image","schema":{"@context":"https:\/\/schema.org","@graph":[{"@type":"WebPage","@id":"https:\/\/www.campinglesbastets.com\/nl\/omgeving\/ontdek-de-drome-op-de-motor\/","url":"https:\/\/www.campinglesbastets.com\/nl\/omgeving\/ontdek-de-drome-op-de-motor\/","name":"Dr\u00f4me op een motor : 4 routes en circuits om de Dr\u00f4me op een motor te bezoeken","isPartOf":{"@id":"https:\/\/www.campinglesbastets.com\/nl\/#website"},"primaryImageOfPage":{"@id":"https:\/\/www.campinglesbastets.com\/nl\/omgeving\/ontdek-de-drome-op-de-motor\/#primaryimage"},"image":{"@id":"https:\/\/www.campinglesbastets.com\/nl\/omgeving\/ontdek-de-drome-op-de-motor\/#primaryimage"},"thumbnailUrl":"https:\/\/www.campinglesbastets.com\/wp-content\/uploads\/2022\/03\/drome-en-moto.jpg","datePublished":"2022-03-07T13:50:36+00:00","dateModified":"2022-05-06T12:57:29+00:00","description":"Wilt u een motorrit maken in de Dr\u00f4me? Ontdek routes van een halve dag of een weekend om de Dr\u00f4me op de motor te bezoeken!","breadcrumb":{"@id":"https:\/\/www.campinglesbastets.com\/nl\/omgeving\/ontdek-de-drome-op-de-motor\/#breadcrumb"},"inLanguage":"nl-NL","potentialAction":[{"@type":"ReadAction","target":["https:\/\/www.campinglesbastets.com\/nl\/omgeving\/ontdek-de-drome-op-de-motor\/"]}]},{"@type":"ImageObject","inLanguage":"nl-NL","@id":"https:\/\/www.campinglesbastets.com\/nl\/omgeving\/ontdek-de-drome-op-de-motor\/#primaryimage","url":"https:\/\/www.campinglesbastets.com\/wp-content\/uploads\/2022\/03\/drome-en-moto.jpg","contentUrl":"https:\/\/www.campinglesbastets.com\/wp-content\/uploads\/2022\/03\/drome-en-moto.jpg","width":1900,"height":1056,"caption":"drome en moto"},{"@type":"BreadcrumbList","@id":"https:\/\/www.campinglesbastets.com\/nl\/omgeving\/ontdek-de-drome-op-de-motor\/#breadcrumb","itemListElement":[{"@type":"ListItem","position":1,"name":"Camping Dr\u00f4me","item":"https:\/\/www.campinglesbastets.com\/nl\/"},{"@type":"ListItem","position":2,"name":"TOERISME IN DE DR\u00d4ME PROVEN\u00c7ALE","item":"https:\/\/www.campinglesbastets.com\/nl\/omgeving\/"},{"@type":"ListItem","position":3,"name":"Ontdek de Dr\u00f4me op de motor"}]},{"@type":"WebSite","@id":"https:\/\/www.campinglesbastets.com\/nl\/#website","url":"https:\/\/www.campinglesbastets.com\/nl\/","name":"Camping Les Bastets","description":"","publisher":{"@id":"https:\/\/www.campinglesbastets.com\/nl\/#organization"},"potentialAction":[{"@type":"SearchAction","target":{"@type":"EntryPoint","urlTemplate":"https:\/\/www.campinglesbastets.com\/nl\/?s={search_term_string}"},"query-input":{"@type":"PropertyValueSpecification","valueRequired":true,"valueName":"search_term_string"}}],"inLanguage":"nl-NL"},{"@type":"Organization","@id":"https:\/\/www.campinglesbastets.com\/nl\/#organization","name":"Camping Les Bastets","url":"https:\/\/www.campinglesbastets.com\/nl\/","logo":{"@type":"ImageObject","inLanguage":"nl-NL","@id":"https:\/\/www.campinglesbastets.com\/nl\/#\/schema\/logo\/image\/","url":"https:\/\/www.campinglesbastets.com\/wp-content\/uploads\/2022\/02\/favicon-1.png","contentUrl":"https:\/\/www.campinglesbastets.com\/wp-content\/uploads\/2022\/02\/favicon-1.png","width":1423,"height":1423,"caption":"Camping Les Bastets"},"image":{"@id":"https:\/\/www.campinglesbastets.com\/nl\/#\/schema\/logo\/image\/"}}]}},"_links":{"self":[{"href":"https:\/\/www.campinglesbastets.com\/nl\/wp-json\/wp\/v2\/pages\/9828","targetHints":{"allow":["GET"]}}],"collection":[{"href":"https:\/\/www.campinglesbastets.com\/nl\/wp-json\/wp\/v2\/pages"}],"about":[{"href":"https:\/\/www.campinglesbastets.com\/nl\/wp-json\/wp\/v2\/types\/page"}],"author":[{"embeddable":true,"href":"https:\/\/www.campinglesbastets.com\/nl\/wp-json\/wp\/v2\/users\/1"}],"replies":[{"embeddable":true,"href":"https:\/\/www.campinglesbastets.com\/nl\/wp-json\/wp\/v2\/comments?post=9828"}],"version-history":[{"count":5,"href":"https:\/\/www.campinglesbastets.com\/nl\/wp-json\/wp\/v2\/pages\/9828\/revisions"}],"predecessor-version":[{"id":10934,"href":"https:\/\/www.campinglesbastets.com\/nl\/wp-json\/wp\/v2\/pages\/9828\/revisions\/10934"}],"up":[{"embeddable":true,"href":"https:\/\/www.campinglesbastets.com\/nl\/wp-json\/wp\/v2\/pages\/9700"}],"wp:featuredmedia":[{"embeddable":true,"href":"https:\/\/www.campinglesbastets.com\/nl\/wp-json\/wp\/v2\/media\/7247"}],"wp:attachment":[{"href":"https:\/\/www.campinglesbastets.com\/nl\/wp-json\/wp\/v2\/media?parent=9828"}],"curies":[{"name":"wp","href":"https:\/\/api.w.org\/{rel}","templated":true}]}}