{"id":9822,"date":"2022-03-07T14:36:43","date_gmt":"2022-03-07T13:36:43","guid":{"rendered":"https:\/\/www.campinglesbastets.com\/omgeving\/activites-incontournables-drome\/"},"modified":"2022-06-09T14:14:29","modified_gmt":"2022-06-09T12:14:29","slug":"10-essentiele-activiteiten-in-de-drome","status":"publish","type":"page","link":"https:\/\/www.campinglesbastets.com\/nl\/omgeving\/10-essentiele-activiteiten-in-de-drome\/","title":{"rendered":"10 must-activiteiten in de Dr\u00f4me"},"content":{"rendered":"<section id=\"section-62286d9107ffb\"\" class=\"section bg-white p-b-0\" \/><div class=\"container extralarge\"><h1 class=\"element section-title center m-b-4\">10 essenti\u00eble activiteiten in de Dr\u00f4me<\/h1><div class=\"element bloc-text left m-b-4\">\n\t<p>Je hebt je koffers neergezet op <a href=\"\/nl\/\">camping Les Bastets<\/a>\u00a0: het\u00a0<strong>ontdekken van de Dr\u00f4me<\/strong>\u00a0tijdens je vakantie kan beginnen! Daarom hebben we voor je 10 essenti\u00eble activiteiten voor je verzameld waarbij er voor ieder wat wils \u00e9n voor ieder budget te doen is.<\/p>\n<h2>Palais Id\u00e9al van postbode Cheval<\/h2>\n<p>Ferdinand Cheval, een lokale postbode, bouwde op 43-jarige leeftijd\u00a0<strong>een gigantisch paleis<\/strong>. Dit opvallende bouwwerk genaamd\u00a0Palais Id\u00e9al\u00a0verdient het zeker om eens in je leven te bezoeken. Hier maak je kennis met\u00a0<strong>unieke invloeden<\/strong>\u00a0van over de hele wereld: India, Egypte, Algerije, de Middeleeuwen\u2026 verschillende stijlen en tijdperken kruisen elkaar en zorgen ervoor dat dit gebouw echt een one of a kind is.<\/p>\n<h2>De Krokodillenboerderij<\/h2>\n<p>Zoek je een leuke activiteit die net even anders is dan een traditionele dierentuin? Dan ben je bij de Krokodillenboerderij (La Ferme des Crocodiles) op het juiste adres. Hier kun je\u00a0<strong>23 verschillende soorten krokodillen observeren\u00a0<\/strong>: van de kaaiman tot de albino alligator. Ook vind je hier andere dieren zoals zeldzame schildpadden, tropische vogels en vissen. De\u00a0Krokodillenboerderij\u00a0is iedere dag geopend &#8211; ook op zondag.<\/p>\n<h2>Het kasteel van Mont\u00e9limar<\/h2>\n<p>Dit\u00a0rustieke kasteel, gebouwd in de 11e eeuw en vervolgens getransformeerd door de familie Adh\u00e9mar, is een statig paleis, een fort en een gevangenis geweest. Tegenwoordig is het\u00a0<strong>geklasseerd als historisch monument<\/strong>\u00a0en open voor bezoek, waarbij bezoekers de verschillende vleugels kunnen bezoeken. Ontdek onder andere de Narbonne-toren waar de architectuur van de jaren 1200 goed zichtbaar is.<\/p>\n<h2>De Via Rh\u00f4na<\/h2>\n<p>Heb je je fiets meegenomen op vakantie ? Dan kun je in dit gebied je geluk niet op. De fietsweg\u00a0Via Rh\u00f4na, met een totale lengte van 815 km, loopt langs de Rh\u00f4ne-vallei en laat je in je eigen tempo het\u00a0<strong>landschap van de Dr\u00f4me bewonderen<\/strong>. Je kijkt je ogen hier uit!<\/p>\n<h2>Het labyrinth van Hauterives<\/h2>\n<p><iframe loading=\"lazy\" title=\"YouTube video player\" src=\"https:\/\/www.youtube.com\/embed\/_REnNqWtS5g\" width=\"100%\" height=\"315\" frameborder=\"0\" allowfullscreen=\"allowfullscreen\"><\/iframe><br \/>\nDromen je kids altijd al van een\u00a0<strong>combinatie van een avonturenparcous \u00e9n Jurassic Park\u00a0<\/strong>? Neem ze dan mee naar het\u00a0Labyrinth van Hauterives. Hier is alles zo ontworpen om op de top van de toppen spanning te ervaren met maar liefst 7 kilometer aan route door de lucht. Daarbij slalom je tussen levensgrote reproducties van dinosaurussen. Wauw!<\/p>\n<h2>Het paleis van snoep, Nougat en Souvenirs<\/h2>\n<p>In Mont\u00e9limar neemt dit\u00a0<strong>heerlijke en vooral smakelijke\u00a0paleis<\/strong>\u00a0je mee op een reis naar de wereld van kindertijd en gulzigheid. Van nostalgische snoepjes zoals de winnende mistral tot de geweldige Haribo-klassiekers. Hoe lekker alles ook is &#8211; het is hier vooral tijd om meer te\u00a0<strong>leren over suiker<\/strong>, diverse productietechnieken en voedselhygi\u00ebne.<\/p>\n<h2>Ontdek het bos van Saou<\/h2>\n<p>Het Saou bos is een\u00a0<strong>ongelooflijk bos van de Dr\u00f4me<\/strong>\u00a0verspreid over 2500 hectare en sinds 2003 onderdeel van de Dr\u00f4me. Het is de perfecte plek voor liefhebbers van wandelen, waarbij je je eigen moeilijkheidsgraad kiest om zo de\u00a0<strong>rijkdom van de lokale flora en fauna<\/strong>\u00a0te observeren.<\/p>\n<h2>Het laserspel in Accroforest Peyrins<\/h2>\n<p>In dit\u00a0<strong>beheerd en beveiligde bos<\/strong>\u00a0kun je deelnemen aan een spannend laserspel. Hierbij maken doelen, wachttorens en obstakels deel uit van het spel om het geheel nog spannender te maken. Een leuk uitje voor jong en oud.<\/p>\n<h2>Het Museum van Valence : Kunst en Archeologie<\/h2>\n<p>Ga terug in de tijd in dit indrukwekkende\u00a0museum\u00a0met 20.000 werken, van prehistorie tot hedendaagse kunst. Ontdek hier meer over de\u00a0<strong>menselijke creativiteit<\/strong>\u00a0sinds de vroegste eeuwen in sculpturen, keramiek en andere oude werken.<\/p>\n<h2>Les\u00a03 Becs wandeling<\/h2>\n<p>Tot slot\u00a0<strong>een mooie wandeling die ideaal is voor wandelaars<\/strong>\u00a0die geen hoogtevrees hebben : loop de\u00a03 Becs wandeling, een wandeling van 5 uur door 3 hoogtepunten die vanuit het bos van Saou te zien zijn: de Veyou, de Signal en de Pelle.<\/p>\n<\/div><\/div><\/section>\n\n<section id=\"section-6229d1449ca53\"\" class=\"section bg-white\" \/><div class=\"container extralarge\"><div class=\"element section-title center h2-like\">Ontdek andere activiteiten in de Dr\u00f4me<\/div><ul class=\"liste-de-page\"><li class=\"element call-to-action carre call-to-action--style-1 call-to-action--big\"><a href=\"https:\/\/www.campinglesbastets.com\/nl\/omgeving\/lavendel\/\"  class=\"call-to-action_link\" title=\"En savoir plus sur lavendel\"><div class=\"call-to-action_image\"><img decoding=\"async\" src=\"https:\/\/www.campinglesbastets.com\/wp-content\/uploads\/2022\/03\/lavande-dans-la-drome.jpg\" data-src=\"https:\/\/www.campinglesbastets.com\/wp-content\/uploads\/2022\/03\/lavande-dans-la-drome.jpg\" alt=\"lavande dans la drome\" class=\"big\" \/><\/div><div class=\"call-to-action_contenu\"><div class=\"call-to-action_titre\">Lavendel<\/div><\/div><\/a><\/li><li class=\"element call-to-action carre call-to-action--style-1 call-to-action--big call-to-action--style-1 call-to-action--big\"><a href=\"https:\/\/www.campinglesbastets.com\/nl\/omgeving\/bezoek-de-werkplaats-van-scourtinerie\/\"  class=\"call-to-action_link\" title=\"En savoir plus sur bezoek het atelier van la scourtinerie\u00a0\"><div class=\"call-to-action_image\"><img decoding=\"async\" src=\"https:\/\/www.campinglesbastets.com\/wp-content\/uploads\/2022\/03\/decouvrir-atelier-de-la-scourtinerie.jpg\" data-src=\"https:\/\/www.campinglesbastets.com\/wp-content\/uploads\/2022\/03\/decouvrir-atelier-de-la-scourtinerie.jpg\" alt=\"decouvrir atelier de la scourtinerie\" class=\"big\" \/><\/div><div class=\"call-to-action_contenu\"><div class=\"call-to-action_titre\">Bezoek het atelier van La Scourtinerie\u00a0<\/div><\/div><\/a><\/li><li class=\"element call-to-action carre call-to-action--style-1 call-to-action--big call-to-action--style-1 call-to-action--big call-to-action--style-1 call-to-action--big\"><a href=\"https:\/\/www.campinglesbastets.com\/nl\/omgeving\/bezoek-chateauneuf-isere\/\"  class=\"call-to-action_link\" title=\"En savoir plus sur bezoek ch\u00e2teauneuf-sur-is\u00e8re\"><div class=\"call-to-action_image\"><img decoding=\"async\" src=\"https:\/\/www.campinglesbastets.com\/wp-content\/uploads\/2022\/03\/decouvrir-chateauneuf-sur-isere.jpg\" data-src=\"https:\/\/www.campinglesbastets.com\/wp-content\/uploads\/2022\/03\/decouvrir-chateauneuf-sur-isere.jpg\" alt=\"decouvrir chateauneuf sur isere\" class=\"big\" \/><\/div><div class=\"call-to-action_contenu\"><div class=\"call-to-action_titre\">Bezoek Ch\u00e2teauneuf-sur-Is\u00e8re<\/div><\/div><\/a><\/li><li class=\"element call-to-action carre call-to-action--style-1 call-to-action--big call-to-action--style-1 call-to-action--big call-to-action--style-1 call-to-action--big call-to-action--style-1 call-to-action--big\"><a href=\"https:\/\/www.campinglesbastets.com\/nl\/omgeving\/ontdek-de-drome-op-de-motor\/\"  class=\"call-to-action_link\" title=\"En savoir plus sur de dr\u00f4me per motorfiets\"><div class=\"call-to-action_image\"><img decoding=\"async\" src=\"https:\/\/www.campinglesbastets.com\/wp-content\/uploads\/2022\/03\/drome-en-moto.jpg\" data-src=\"https:\/\/www.campinglesbastets.com\/wp-content\/uploads\/2022\/03\/drome-en-moto.jpg\" alt=\"drome en moto\" class=\"big\" \/><\/div><div class=\"call-to-action_contenu\"><div class=\"call-to-action_titre\">De Dr\u00f4me per motorfiets<\/div><\/div><\/a><\/li><li class=\"element call-to-action carre call-to-action--style-1 call-to-action--big call-to-action--style-1 call-to-action--big call-to-action--style-1 call-to-action--big call-to-action--style-1 call-to-action--big call-to-action--style-1 call-to-action--big\"><a href=\"https:\/\/www.campinglesbastets.com\/nl\/omgeving\/kasteel-van-grignan\/\"  class=\"call-to-action_link\" title=\"En savoir plus sur het kasteel van grignan, een juweel van de proven\u00e7aalse dr\u00f4me\"><div class=\"call-to-action_image\"><img decoding=\"async\" src=\"https:\/\/www.campinglesbastets.com\/wp-content\/uploads\/2022\/03\/chateau-grignan.jpg\" data-src=\"https:\/\/www.campinglesbastets.com\/wp-content\/uploads\/2022\/03\/chateau-grignan.jpg\" alt=\"chateau grignan\" class=\"big\" \/><\/div><div class=\"call-to-action_contenu\"><div class=\"call-to-action_titre\">Het kasteel van Grignan, een juweel van de Proven\u00e7aalse Dr\u00f4me<\/div><\/div><\/a><\/li><li class=\"element call-to-action carre call-to-action--style-1 call-to-action--big call-to-action--style-1 call-to-action--big call-to-action--style-1 call-to-action--big call-to-action--style-1 call-to-action--big call-to-action--style-1 call-to-action--big call-to-action--style-1 call-to-action--big\"><a href=\"https:\/\/www.campinglesbastets.com\/nl\/omgeving\/wat-kun-zien-doen-in-regionaal-natuurpark-van-de-vercors\/\"  class=\"call-to-action_link\" title=\"En savoir plus sur natuurpark vercors\"><div class=\"call-to-action_image\"><img decoding=\"async\" src=\"https:\/\/www.campinglesbastets.com\/wp-content\/uploads\/2022\/03\/balades-parc-vercors.jpg\" data-src=\"https:\/\/www.campinglesbastets.com\/wp-content\/uploads\/2022\/03\/balades-parc-vercors.jpg\" alt=\"balades parc vercors\" class=\"big\" \/><\/div><div class=\"call-to-action_contenu\"><div class=\"call-to-action_titre\">Natuurpark Vercors<\/div><\/div><\/a><\/li><\/ul><\/div><\/section>","protected":false},"excerpt":{"rendered":"","protected":false},"author":1,"featured_media":7370,"parent":9700,"menu_order":0,"comment_status":"closed","ping_status":"closed","template":"","meta":{"_acf_changed":false,"footnotes":""},"class_list":["post-9822","page","type-page","status-publish","has-post-thumbnail","hentry"],"acf":[],"yoast_head":"<!-- This site is optimized with the Yoast SEO plugin v25.3 - https:\/\/yoast.com\/wordpress\/plugins\/seo\/ -->\n<title>10 essenti\u00eble activiteiten in de Dr\u00f4me - Camping Les Bastets<\/title>\n<meta name=\"description\" content=\"Verken de Dr\u00f4me aan de hand van 10 essenti\u00eble activiteiten die je met familie of vrienden kunt doen. Er is voor elk wat wils en voor elk budget.\" \/>\n<meta name=\"robots\" content=\"index, follow, max-snippet:-1, max-image-preview:large, max-video-preview:-1\" \/>\n<link rel=\"canonical\" href=\"https:\/\/www.campinglesbastets.com\/nl\/omgeving\/10-essentiele-activiteiten-in-de-drome\/\" \/>\n<meta property=\"og:locale\" content=\"nl_NL\" \/>\n<meta property=\"og:type\" content=\"article\" \/>\n<meta property=\"og:title\" content=\"10 essenti\u00eble activiteiten in de Dr\u00f4me - Camping Les Bastets\" \/>\n<meta property=\"og:description\" content=\"Verken de Dr\u00f4me aan de hand van 10 essenti\u00eble activiteiten die je met familie of vrienden kunt doen. Er is voor elk wat wils en voor elk budget.\" \/>\n<meta property=\"og:url\" content=\"https:\/\/www.campinglesbastets.com\/nl\/omgeving\/10-essentiele-activiteiten-in-de-drome\/\" \/>\n<meta property=\"og:site_name\" content=\"Camping Les Bastets\" \/>\n<meta property=\"article:modified_time\" content=\"2022-06-09T12:14:29+00:00\" \/>\n<meta property=\"og:image\" content=\"https:\/\/www.campinglesbastets.com\/wp-content\/uploads\/2022\/03\/visiter-palais-du-facteur-cheval.jpg\" \/>\n\t<meta property=\"og:image:width\" content=\"1900\" \/>\n\t<meta property=\"og:image:height\" content=\"1056\" \/>\n\t<meta property=\"og:image:type\" content=\"image\/jpeg\" \/>\n<meta name=\"twitter:card\" content=\"summary_large_image\" \/>\n<script type=\"application\/ld+json\" class=\"yoast-schema-graph\">{\"@context\":\"https:\/\/schema.org\",\"@graph\":[{\"@type\":\"WebPage\",\"@id\":\"https:\/\/www.campinglesbastets.com\/nl\/omgeving\/10-essentiele-activiteiten-in-de-drome\/\",\"url\":\"https:\/\/www.campinglesbastets.com\/nl\/omgeving\/10-essentiele-activiteiten-in-de-drome\/\",\"name\":\"10 essenti\u00eble activiteiten in de Dr\u00f4me - Camping Les Bastets\",\"isPartOf\":{\"@id\":\"https:\/\/www.campinglesbastets.com\/nl\/#website\"},\"primaryImageOfPage\":{\"@id\":\"https:\/\/www.campinglesbastets.com\/nl\/omgeving\/10-essentiele-activiteiten-in-de-drome\/#primaryimage\"},\"image\":{\"@id\":\"https:\/\/www.campinglesbastets.com\/nl\/omgeving\/10-essentiele-activiteiten-in-de-drome\/#primaryimage\"},\"thumbnailUrl\":\"https:\/\/www.campinglesbastets.com\/wp-content\/uploads\/2022\/03\/visiter-palais-du-facteur-cheval.jpg\",\"datePublished\":\"2022-03-07T13:36:43+00:00\",\"dateModified\":\"2022-06-09T12:14:29+00:00\",\"description\":\"Verken de Dr\u00f4me aan de hand van 10 essenti\u00eble activiteiten die je met familie of vrienden kunt doen. Er is voor elk wat wils en voor elk budget.\",\"breadcrumb\":{\"@id\":\"https:\/\/www.campinglesbastets.com\/nl\/omgeving\/10-essentiele-activiteiten-in-de-drome\/#breadcrumb\"},\"inLanguage\":\"nl-NL\",\"potentialAction\":[{\"@type\":\"ReadAction\",\"target\":[\"https:\/\/www.campinglesbastets.com\/nl\/omgeving\/10-essentiele-activiteiten-in-de-drome\/\"]}]},{\"@type\":\"ImageObject\",\"inLanguage\":\"nl-NL\",\"@id\":\"https:\/\/www.campinglesbastets.com\/nl\/omgeving\/10-essentiele-activiteiten-in-de-drome\/#primaryimage\",\"url\":\"https:\/\/www.campinglesbastets.com\/wp-content\/uploads\/2022\/03\/visiter-palais-du-facteur-cheval.jpg\",\"contentUrl\":\"https:\/\/www.campinglesbastets.com\/wp-content\/uploads\/2022\/03\/visiter-palais-du-facteur-cheval.jpg\",\"width\":1900,\"height\":1056,\"caption\":\"visiter palais du facteur cheval\"},{\"@type\":\"BreadcrumbList\",\"@id\":\"https:\/\/www.campinglesbastets.com\/nl\/omgeving\/10-essentiele-activiteiten-in-de-drome\/#breadcrumb\",\"itemListElement\":[{\"@type\":\"ListItem\",\"position\":1,\"name\":\"Camping Dr\u00f4me\",\"item\":\"https:\/\/www.campinglesbastets.com\/nl\/\"},{\"@type\":\"ListItem\",\"position\":2,\"name\":\"TOERISME IN DE DR\u00d4ME PROVEN\u00c7ALE\",\"item\":\"https:\/\/www.campinglesbastets.com\/nl\/omgeving\/\"},{\"@type\":\"ListItem\",\"position\":3,\"name\":\"10 essenti\u00eble activiteiten in de Dr\u00f4me\"}]},{\"@type\":\"WebSite\",\"@id\":\"https:\/\/www.campinglesbastets.com\/nl\/#website\",\"url\":\"https:\/\/www.campinglesbastets.com\/nl\/\",\"name\":\"Camping Les Bastets\",\"description\":\"\",\"publisher\":{\"@id\":\"https:\/\/www.campinglesbastets.com\/nl\/#organization\"},\"potentialAction\":[{\"@type\":\"SearchAction\",\"target\":{\"@type\":\"EntryPoint\",\"urlTemplate\":\"https:\/\/www.campinglesbastets.com\/nl\/?s={search_term_string}\"},\"query-input\":{\"@type\":\"PropertyValueSpecification\",\"valueRequired\":true,\"valueName\":\"search_term_string\"}}],\"inLanguage\":\"nl-NL\"},{\"@type\":\"Organization\",\"@id\":\"https:\/\/www.campinglesbastets.com\/nl\/#organization\",\"name\":\"Camping Les Bastets\",\"url\":\"https:\/\/www.campinglesbastets.com\/nl\/\",\"logo\":{\"@type\":\"ImageObject\",\"inLanguage\":\"nl-NL\",\"@id\":\"https:\/\/www.campinglesbastets.com\/nl\/#\/schema\/logo\/image\/\",\"url\":\"https:\/\/www.campinglesbastets.com\/wp-content\/uploads\/2022\/02\/favicon-1.png\",\"contentUrl\":\"https:\/\/www.campinglesbastets.com\/wp-content\/uploads\/2022\/02\/favicon-1.png\",\"width\":1423,\"height\":1423,\"caption\":\"Camping Les Bastets\"},\"image\":{\"@id\":\"https:\/\/www.campinglesbastets.com\/nl\/#\/schema\/logo\/image\/\"}}]}<\/script>\n<!-- \/ Yoast SEO plugin. -->","yoast_head_json":{"title":"10 essenti\u00eble activiteiten in de Dr\u00f4me - Camping Les Bastets","description":"Verken de Dr\u00f4me aan de hand van 10 essenti\u00eble activiteiten die je met familie of vrienden kunt doen. Er is voor elk wat wils en voor elk budget.","robots":{"index":"index","follow":"follow","max-snippet":"max-snippet:-1","max-image-preview":"max-image-preview:large","max-video-preview":"max-video-preview:-1"},"canonical":"https:\/\/www.campinglesbastets.com\/nl\/omgeving\/10-essentiele-activiteiten-in-de-drome\/","og_locale":"nl_NL","og_type":"article","og_title":"10 essenti\u00eble activiteiten in de Dr\u00f4me - Camping Les Bastets","og_description":"Verken de Dr\u00f4me aan de hand van 10 essenti\u00eble activiteiten die je met familie of vrienden kunt doen. Er is voor elk wat wils en voor elk budget.","og_url":"https:\/\/www.campinglesbastets.com\/nl\/omgeving\/10-essentiele-activiteiten-in-de-drome\/","og_site_name":"Camping Les Bastets","article_modified_time":"2022-06-09T12:14:29+00:00","og_image":[{"width":1900,"height":1056,"url":"https:\/\/www.campinglesbastets.com\/wp-content\/uploads\/2022\/03\/visiter-palais-du-facteur-cheval.jpg","type":"image\/jpeg"}],"twitter_card":"summary_large_image","schema":{"@context":"https:\/\/schema.org","@graph":[{"@type":"WebPage","@id":"https:\/\/www.campinglesbastets.com\/nl\/omgeving\/10-essentiele-activiteiten-in-de-drome\/","url":"https:\/\/www.campinglesbastets.com\/nl\/omgeving\/10-essentiele-activiteiten-in-de-drome\/","name":"10 essenti\u00eble activiteiten in de Dr\u00f4me - Camping Les Bastets","isPartOf":{"@id":"https:\/\/www.campinglesbastets.com\/nl\/#website"},"primaryImageOfPage":{"@id":"https:\/\/www.campinglesbastets.com\/nl\/omgeving\/10-essentiele-activiteiten-in-de-drome\/#primaryimage"},"image":{"@id":"https:\/\/www.campinglesbastets.com\/nl\/omgeving\/10-essentiele-activiteiten-in-de-drome\/#primaryimage"},"thumbnailUrl":"https:\/\/www.campinglesbastets.com\/wp-content\/uploads\/2022\/03\/visiter-palais-du-facteur-cheval.jpg","datePublished":"2022-03-07T13:36:43+00:00","dateModified":"2022-06-09T12:14:29+00:00","description":"Verken de Dr\u00f4me aan de hand van 10 essenti\u00eble activiteiten die je met familie of vrienden kunt doen. Er is voor elk wat wils en voor elk budget.","breadcrumb":{"@id":"https:\/\/www.campinglesbastets.com\/nl\/omgeving\/10-essentiele-activiteiten-in-de-drome\/#breadcrumb"},"inLanguage":"nl-NL","potentialAction":[{"@type":"ReadAction","target":["https:\/\/www.campinglesbastets.com\/nl\/omgeving\/10-essentiele-activiteiten-in-de-drome\/"]}]},{"@type":"ImageObject","inLanguage":"nl-NL","@id":"https:\/\/www.campinglesbastets.com\/nl\/omgeving\/10-essentiele-activiteiten-in-de-drome\/#primaryimage","url":"https:\/\/www.campinglesbastets.com\/wp-content\/uploads\/2022\/03\/visiter-palais-du-facteur-cheval.jpg","contentUrl":"https:\/\/www.campinglesbastets.com\/wp-content\/uploads\/2022\/03\/visiter-palais-du-facteur-cheval.jpg","width":1900,"height":1056,"caption":"visiter palais du facteur cheval"},{"@type":"BreadcrumbList","@id":"https:\/\/www.campinglesbastets.com\/nl\/omgeving\/10-essentiele-activiteiten-in-de-drome\/#breadcrumb","itemListElement":[{"@type":"ListItem","position":1,"name":"Camping Dr\u00f4me","item":"https:\/\/www.campinglesbastets.com\/nl\/"},{"@type":"ListItem","position":2,"name":"TOERISME IN DE DR\u00d4ME PROVEN\u00c7ALE","item":"https:\/\/www.campinglesbastets.com\/nl\/omgeving\/"},{"@type":"ListItem","position":3,"name":"10 essenti\u00eble activiteiten in de Dr\u00f4me"}]},{"@type":"WebSite","@id":"https:\/\/www.campinglesbastets.com\/nl\/#website","url":"https:\/\/www.campinglesbastets.com\/nl\/","name":"Camping Les Bastets","description":"","publisher":{"@id":"https:\/\/www.campinglesbastets.com\/nl\/#organization"},"potentialAction":[{"@type":"SearchAction","target":{"@type":"EntryPoint","urlTemplate":"https:\/\/www.campinglesbastets.com\/nl\/?s={search_term_string}"},"query-input":{"@type":"PropertyValueSpecification","valueRequired":true,"valueName":"search_term_string"}}],"inLanguage":"nl-NL"},{"@type":"Organization","@id":"https:\/\/www.campinglesbastets.com\/nl\/#organization","name":"Camping Les Bastets","url":"https:\/\/www.campinglesbastets.com\/nl\/","logo":{"@type":"ImageObject","inLanguage":"nl-NL","@id":"https:\/\/www.campinglesbastets.com\/nl\/#\/schema\/logo\/image\/","url":"https:\/\/www.campinglesbastets.com\/wp-content\/uploads\/2022\/02\/favicon-1.png","contentUrl":"https:\/\/www.campinglesbastets.com\/wp-content\/uploads\/2022\/02\/favicon-1.png","width":1423,"height":1423,"caption":"Camping Les Bastets"},"image":{"@id":"https:\/\/www.campinglesbastets.com\/nl\/#\/schema\/logo\/image\/"}}]}},"_links":{"self":[{"href":"https:\/\/www.campinglesbastets.com\/nl\/wp-json\/wp\/v2\/pages\/9822","targetHints":{"allow":["GET"]}}],"collection":[{"href":"https:\/\/www.campinglesbastets.com\/nl\/wp-json\/wp\/v2\/pages"}],"about":[{"href":"https:\/\/www.campinglesbastets.com\/nl\/wp-json\/wp\/v2\/types\/page"}],"author":[{"embeddable":true,"href":"https:\/\/www.campinglesbastets.com\/nl\/wp-json\/wp\/v2\/users\/1"}],"replies":[{"embeddable":true,"href":"https:\/\/www.campinglesbastets.com\/nl\/wp-json\/wp\/v2\/comments?post=9822"}],"version-history":[{"count":14,"href":"https:\/\/www.campinglesbastets.com\/nl\/wp-json\/wp\/v2\/pages\/9822\/revisions"}],"predecessor-version":[{"id":11511,"href":"https:\/\/www.campinglesbastets.com\/nl\/wp-json\/wp\/v2\/pages\/9822\/revisions\/11511"}],"up":[{"embeddable":true,"href":"https:\/\/www.campinglesbastets.com\/nl\/wp-json\/wp\/v2\/pages\/9700"}],"wp:featuredmedia":[{"embeddable":true,"href":"https:\/\/www.campinglesbastets.com\/nl\/wp-json\/wp\/v2\/media\/7370"}],"wp:attachment":[{"href":"https:\/\/www.campinglesbastets.com\/nl\/wp-json\/wp\/v2\/media?parent=9822"}],"curies":[{"name":"wp","href":"https:\/\/api.w.org\/{rel}","templated":true}]}}