{"id":9817,"date":"2022-03-07T14:30:46","date_gmt":"2022-03-07T13:30:46","guid":{"rendered":"https:\/\/www.campinglesbastets.com\/omgeving\/viarhona-dans-la-drome\/"},"modified":"2022-05-06T15:13:29","modified_gmt":"2022-05-06T13:13:29","slug":"viarhona-in-de-drome","status":"publish","type":"page","link":"https:\/\/www.campinglesbastets.com\/nl\/omgeving\/viarhona-in-de-drome\/","title":{"rendered":"Viarh\u00f4na in de Dr\u00f4me"},"content":{"rendered":"<section id=\"section-6228a219d35d3\"\" class=\"section bg-white p-b-0\" \/><div class=\"container extralarge\"><h1 class=\"element section-title center\">Viarh\u00f4na in de Dr\u00f4me<\/h1><div class=\"element bloc-text left \">\n\t<p>Tijdens je verblijf op de\u00a0<a href=\"\/nl\/\">camping<\/a> zijn er volop mogelijkheden om de Dr\u00f4me te ontdekken. Geniet van de prachtige landschappen van deze streek en ontdek met de neus in de wind op de fiets de Viarh\u00f4na. Langs de Rh\u00f4ne is een aantal prachtige fietstochten mogelijk in een uitzonderlijke natuurlijke omgeving.<\/p>\n<\/div><h2 class=\"element section-title left\">De Viarh\u00f4na: de ideale fietsroute voor een bezoek aan de Dr\u00f4me<\/h2><div class=\"element bloc-text left \">\n\t<p>Tussen het meer van Gen\u00e8ve en de Middellandse Zee vind je de Viarh\u00f4na, een bewegwijzerde fietsroute. Deze route is een onderdeel van het fietsnetwerk Eurov\u00e9lo17 en doorkruist maar liefst drie regio\u2019s en een tiental departementen langs de oevers van de Rh\u00f4ne. De totale lengte van Viarh\u00f4na is 815 kilometer en de route is opgedeeld in 21 segmenten. Hierbij is de kortste fietsroute 27 kilometer en de langste route ongeveer 40 kilometer.<\/p>\n<p>Het is de ideale manier om de Dr\u00f4me te leren kennen; dit gebied ligt ongeveer in het midden van de route. De Viarh\u00f4na-route in de Dr\u00f4me beslaat ongeveer 67 kilometer, waarvan 52 kilometer op de greenway en 15 kilometer op de v\u00e9loroute. Extra leuk: deze route is niet alleen toegankelijk voor fietsers, maar ook voor voetgangers en mensen op skeelers. Het is goed om te weten dat de fietsvoorzieningen geschikt zijn voor mensen met beperkte mobiliteit.<\/p>\n<\/div><h2 class=\"element section-title left\">Zavels naar Tournon-sur-Rh\u00f4ne via Saint-Vallier en Tain-l&#8217;Hermitage<\/h2><div class=\"element bloc-text left \">\n\t<p>Op deze route ontdek je een landschap van terrasvormige wijn- en boomgaarden. Aan de kant van de Dr\u00f4me vind de route van Saint-Vallier naar Tain-l\u2019Hermitage plaats over mooie kleine wegen. Eenmaal op plaats van bestemming mag je de Cit\u00e9 du Chocolat Valrh\u00f4na niet missen voordat je weer verder fietst langs de rivier.<\/p>\n<p><iframe loading=\"lazy\" title=\"YouTube video player\" src=\"https:\/\/www.youtube.com\/embed\/M6eAQC77Zv0\" width=\"100%\" height=\"315\" frameborder=\"0\" allowfullscreen=\"allowfullscreen\"><\/iframe><\/p>\n<\/div><h2 class=\"element section-title left\">Tournon-sur-Rh\u00f4ne naar Valence via La Roche-de-Glun<\/h2><div class=\"element bloc-text left \">\n\t<p>Deze route vind je op de greenway van Is\u00e8re-vallei die begint bij Pont de l&#8217;Is\u00e8re. Wanneer je via deze route in Valence aankomt, geniet je direct volop van de authentieke sfeer van de Provence: grote markten vol geuren en kleuren, schilderachtige tuinen van de stad, dynamische wijken en gastvrije straten.Valence naar Pouzin via Livron-sur-Dr\u00f4me en Allex<\/p>\n<p>Vanaf Valence ga je weer verder op de Greenway: neem vervolgens de L\u00f4nes-brug ten zuiden van de Port de l&#8217;Epervi\u00e8re voor een mooie wandeling. De rest van de route vindt plaats op de rechteroever van de Rh\u00f4ne. Je kunt hier nog de Dr\u00f4me-vallei bereiken bij Livron-sur-Dr\u00f4me waar je het natuurreservaat Printegarde kunt bezoeken, dat zich uitstrekt over de Dr\u00f4me en de Ard\u00e8che, voordat je doorgaat naar Allex.<\/p>\n<\/div><h2 class=\"element section-title left\">Le Pouzin in Ch\u00e2teauneuf-du-Rh\u00f4ne via Saulce-sur-Rh\u00f4ne en Mont\u00e9limar<\/h2><div class=\"element bloc-text left \">\n\t<p>Vanuit Pouzin fiets je door een landelijk landschap waar je over kleine wegen de Rochemaure-brug bereikt. Vergeet niet om in Mont\u00e9limar het Kasteel van Adh\u00e9mar, het Nougatmuseum \u00e9n het snoeppaleis te bezoeken &#8211; absolute hoogtepunten van deze route.<\/p>\n<\/div><h2 class=\"element section-title left\">Ch\u00e2teauneuf-du-Rh\u00f4ne naar Pierrelatte via Donz\u00e8re<\/h2><div class=\"element bloc-text left \">\n\t<p>Eenmaal in Donz\u00e8re kun je een bezoek brengen aan het Proven\u00e7aalse museum voor volkskunst en -tradities. Ook het Museum Des Amis du Vieux Donz\u00e8re is een bezoek waard. Vervolgens ga je via de Robinet-brug in Donz\u00e8re verder via de Greenway richting Pierrelatte waar de beroemde krokodillenboerderij op je wacht.<\/p>\n<\/div><\/div><\/section>\n\n<section id=\"section-6228a219d3741\"\" class=\"section bg-white\" \/><div class=\"container extralarge\"><div class=\"element section-title center h2-like\">Ontdek de mooiste dorpjes van de Dr\u00f4me<\/div><ul class=\"liste-de-page\"><li class=\"element call-to-action carre call-to-action--style-1 call-to-action--big\"><a href=\"https:\/\/www.campinglesbastets.com\/nl\/omgeving\/bezoek-palais-ideal-van-facteur-cheval\/\"  class=\"call-to-action_link\" title=\"En savoir plus sur het ideale paleis van postbode cheval in hauterives\"><div class=\"call-to-action_image\"><img decoding=\"async\" src=\"https:\/\/www.campinglesbastets.com\/wp-content\/uploads\/2022\/03\/palais-du-facteur-cheval-visites.jpg\" data-src=\"https:\/\/www.campinglesbastets.com\/wp-content\/uploads\/2022\/03\/palais-du-facteur-cheval-visites.jpg\" alt=\"palais du facteur cheval visites\" class=\"big\" \/><\/div><div class=\"call-to-action_contenu\"><div class=\"call-to-action_titre\">Het Ideale Paleis van Postbode Cheval in Hauterives<\/div><\/div><\/a><\/li><li class=\"element call-to-action carre call-to-action--style-1 call-to-action--big call-to-action--style-1 call-to-action--big\"><a href=\"https:\/\/www.campinglesbastets.com\/nl\/omgeving\/uitje-naar-valreas\/\"  class=\"call-to-action_link\" title=\"En savoir plus sur uitje naar valr\u00e9as\"><div class=\"call-to-action_image\"><img decoding=\"async\" src=\"https:\/\/www.campinglesbastets.com\/wp-content\/uploads\/2022\/03\/valreas-a-decouvrir.jpg\" data-src=\"https:\/\/www.campinglesbastets.com\/wp-content\/uploads\/2022\/03\/valreas-a-decouvrir.jpg\" alt=\"valreas a decouvrir\" class=\"big\" \/><\/div><div class=\"call-to-action_contenu\"><div class=\"call-to-action_titre\">Uitje naar Valr\u00e9as<\/div><\/div><\/a><\/li><li class=\"element call-to-action carre call-to-action--style-1 call-to-action--big call-to-action--style-1 call-to-action--big call-to-action--style-1 call-to-action--big\"><a href=\"https:\/\/www.campinglesbastets.com\/nl\/omgeving\/ontdek-het-boeiende-gebied-van-de-vercors\/\"  class=\"call-to-action_link\" title=\"En savoir plus sur pont en royans\"><div class=\"call-to-action_image\"><img decoding=\"async\" src=\"https:\/\/www.campinglesbastets.com\/wp-content\/uploads\/2022\/03\/pont-en-royans-a-decouvrir.jpg\" data-src=\"https:\/\/www.campinglesbastets.com\/wp-content\/uploads\/2022\/03\/pont-en-royans-a-decouvrir.jpg\" alt=\"pont en royans a decouvrir\" class=\"big\" \/><\/div><div class=\"call-to-action_contenu\"><div class=\"call-to-action_titre\">Pont en Royans<\/div><\/div><\/a><\/li><li class=\"element call-to-action carre call-to-action--style-1 call-to-action--big call-to-action--style-1 call-to-action--big call-to-action--style-1 call-to-action--big call-to-action--style-1 call-to-action--big\"><a href=\"https:\/\/www.campinglesbastets.com\/nl\/omgeving\/wat-kun-zien-doen-in-regionaal-natuurpark-van-de-vercors\/\"  class=\"call-to-action_link\" title=\"En savoir plus sur natuurpark vercors\"><div class=\"call-to-action_image\"><img decoding=\"async\" src=\"https:\/\/www.campinglesbastets.com\/wp-content\/uploads\/2022\/03\/balades-parc-vercors.jpg\" data-src=\"https:\/\/www.campinglesbastets.com\/wp-content\/uploads\/2022\/03\/balades-parc-vercors.jpg\" alt=\"balades parc vercors\" class=\"big\" \/><\/div><div class=\"call-to-action_contenu\"><div class=\"call-to-action_titre\">Natuurpark Vercors<\/div><\/div><\/a><\/li><li class=\"element call-to-action carre call-to-action--style-1 call-to-action--big call-to-action--style-1 call-to-action--big call-to-action--style-1 call-to-action--big call-to-action--style-1 call-to-action--big call-to-action--style-1 call-to-action--big\"><a href=\"https:\/\/www.campinglesbastets.com\/nl\/omgeving\/natuur-cultuur-wisselen-zich-af-in-valence\/\"  class=\"call-to-action_link\" title=\"En savoir plus sur valence\"><div class=\"call-to-action_image\"><img decoding=\"async\" src=\"https:\/\/www.campinglesbastets.com\/wp-content\/uploads\/2022\/03\/visiter-valance.jpg\" data-src=\"https:\/\/www.campinglesbastets.com\/wp-content\/uploads\/2022\/03\/visiter-valance.jpg\" alt=\"visiter valance\" class=\"big\" \/><\/div><div class=\"call-to-action_contenu\"><div class=\"call-to-action_titre\">Valence<\/div><\/div><\/a><\/li><li class=\"element call-to-action carre call-to-action--style-1 call-to-action--big call-to-action--style-1 call-to-action--big call-to-action--style-1 call-to-action--big call-to-action--style-1 call-to-action--big call-to-action--style-1 call-to-action--big call-to-action--style-1 call-to-action--big\"><a href=\"https:\/\/www.campinglesbastets.com\/nl\/omgeving\/ontdek-montelimar-stad-van-de-noga\/\"  class=\"call-to-action_link\" title=\"En savoir plus sur mont\u00e9limar\"><div class=\"call-to-action_image\"><img decoding=\"async\" src=\"https:\/\/www.campinglesbastets.com\/wp-content\/uploads\/2022\/03\/visiter-montelimar.jpg\" data-src=\"https:\/\/www.campinglesbastets.com\/wp-content\/uploads\/2022\/03\/visiter-montelimar.jpg\" alt=\"visiter montelimar\" class=\"big\" \/><\/div><div class=\"call-to-action_contenu\"><div class=\"call-to-action_titre\">Mont\u00e9limar<\/div><\/div><\/a><\/li><\/ul><\/div><\/section>","protected":false},"excerpt":{"rendered":"","protected":false},"author":1,"featured_media":7215,"parent":9700,"menu_order":0,"comment_status":"closed","ping_status":"closed","template":"","meta":{"_acf_changed":false,"footnotes":""},"class_list":["post-9817","page","type-page","status-publish","has-post-thumbnail","hentry"],"acf":[],"yoast_head":"<!-- This site is optimized with the Yoast SEO plugin v25.3 - https:\/\/yoast.com\/wordpress\/plugins\/seo\/ -->\n<title>Viarh\u00f4na in de Dr\u00f4me - Camping Les Bastets<\/title>\n<meta name=\"description\" content=\"Ontdek de Dr\u00f4me tijdens uw vakantie tijdens een fietstocht langs de Rh\u00f4ne. 5 etappes van Viarh\u00f4na zijn aanwezig in de regio.\" \/>\n<meta name=\"robots\" content=\"index, follow, max-snippet:-1, max-image-preview:large, max-video-preview:-1\" \/>\n<link rel=\"canonical\" href=\"https:\/\/www.campinglesbastets.com\/nl\/omgeving\/viarhona-in-de-drome\/\" \/>\n<meta property=\"og:locale\" content=\"nl_NL\" \/>\n<meta property=\"og:type\" content=\"article\" \/>\n<meta property=\"og:title\" content=\"Viarh\u00f4na in de Dr\u00f4me - Camping Les Bastets\" \/>\n<meta property=\"og:description\" content=\"Ontdek de Dr\u00f4me tijdens uw vakantie tijdens een fietstocht langs de Rh\u00f4ne. 5 etappes van Viarh\u00f4na zijn aanwezig in de regio.\" \/>\n<meta property=\"og:url\" content=\"https:\/\/www.campinglesbastets.com\/nl\/omgeving\/viarhona-in-de-drome\/\" \/>\n<meta property=\"og:site_name\" content=\"Camping Les Bastets\" \/>\n<meta property=\"article:modified_time\" content=\"2022-05-06T13:13:29+00:00\" \/>\n<meta property=\"og:image\" content=\"https:\/\/www.campinglesbastets.com\/wp-content\/uploads\/2022\/03\/balade-viarhona-drome.jpg\" \/>\n\t<meta property=\"og:image:width\" content=\"1900\" \/>\n\t<meta property=\"og:image:height\" content=\"1056\" \/>\n\t<meta property=\"og:image:type\" content=\"image\/jpeg\" \/>\n<meta name=\"twitter:card\" content=\"summary_large_image\" \/>\n<script type=\"application\/ld+json\" class=\"yoast-schema-graph\">{\"@context\":\"https:\/\/schema.org\",\"@graph\":[{\"@type\":\"WebPage\",\"@id\":\"https:\/\/www.campinglesbastets.com\/nl\/omgeving\/viarhona-in-de-drome\/\",\"url\":\"https:\/\/www.campinglesbastets.com\/nl\/omgeving\/viarhona-in-de-drome\/\",\"name\":\"Viarh\u00f4na in de Dr\u00f4me - Camping Les Bastets\",\"isPartOf\":{\"@id\":\"https:\/\/www.campinglesbastets.com\/nl\/#website\"},\"primaryImageOfPage\":{\"@id\":\"https:\/\/www.campinglesbastets.com\/nl\/omgeving\/viarhona-in-de-drome\/#primaryimage\"},\"image\":{\"@id\":\"https:\/\/www.campinglesbastets.com\/nl\/omgeving\/viarhona-in-de-drome\/#primaryimage\"},\"thumbnailUrl\":\"https:\/\/www.campinglesbastets.com\/wp-content\/uploads\/2022\/03\/balade-viarhona-drome.jpg\",\"datePublished\":\"2022-03-07T13:30:46+00:00\",\"dateModified\":\"2022-05-06T13:13:29+00:00\",\"description\":\"Ontdek de Dr\u00f4me tijdens uw vakantie tijdens een fietstocht langs de Rh\u00f4ne. 5 etappes van Viarh\u00f4na zijn aanwezig in de regio.\",\"breadcrumb\":{\"@id\":\"https:\/\/www.campinglesbastets.com\/nl\/omgeving\/viarhona-in-de-drome\/#breadcrumb\"},\"inLanguage\":\"nl-NL\",\"potentialAction\":[{\"@type\":\"ReadAction\",\"target\":[\"https:\/\/www.campinglesbastets.com\/nl\/omgeving\/viarhona-in-de-drome\/\"]}]},{\"@type\":\"ImageObject\",\"inLanguage\":\"nl-NL\",\"@id\":\"https:\/\/www.campinglesbastets.com\/nl\/omgeving\/viarhona-in-de-drome\/#primaryimage\",\"url\":\"https:\/\/www.campinglesbastets.com\/wp-content\/uploads\/2022\/03\/balade-viarhona-drome.jpg\",\"contentUrl\":\"https:\/\/www.campinglesbastets.com\/wp-content\/uploads\/2022\/03\/balade-viarhona-drome.jpg\",\"width\":1900,\"height\":1056,\"caption\":\"balade viarhona drome\"},{\"@type\":\"BreadcrumbList\",\"@id\":\"https:\/\/www.campinglesbastets.com\/nl\/omgeving\/viarhona-in-de-drome\/#breadcrumb\",\"itemListElement\":[{\"@type\":\"ListItem\",\"position\":1,\"name\":\"Camping Dr\u00f4me\",\"item\":\"https:\/\/www.campinglesbastets.com\/nl\/\"},{\"@type\":\"ListItem\",\"position\":2,\"name\":\"TOERISME IN DE DR\u00d4ME PROVEN\u00c7ALE\",\"item\":\"https:\/\/www.campinglesbastets.com\/nl\/omgeving\/\"},{\"@type\":\"ListItem\",\"position\":3,\"name\":\"Viarh\u00f4na in de Dr\u00f4me\"}]},{\"@type\":\"WebSite\",\"@id\":\"https:\/\/www.campinglesbastets.com\/nl\/#website\",\"url\":\"https:\/\/www.campinglesbastets.com\/nl\/\",\"name\":\"Camping Les Bastets\",\"description\":\"\",\"publisher\":{\"@id\":\"https:\/\/www.campinglesbastets.com\/nl\/#organization\"},\"potentialAction\":[{\"@type\":\"SearchAction\",\"target\":{\"@type\":\"EntryPoint\",\"urlTemplate\":\"https:\/\/www.campinglesbastets.com\/nl\/?s={search_term_string}\"},\"query-input\":{\"@type\":\"PropertyValueSpecification\",\"valueRequired\":true,\"valueName\":\"search_term_string\"}}],\"inLanguage\":\"nl-NL\"},{\"@type\":\"Organization\",\"@id\":\"https:\/\/www.campinglesbastets.com\/nl\/#organization\",\"name\":\"Camping Les Bastets\",\"url\":\"https:\/\/www.campinglesbastets.com\/nl\/\",\"logo\":{\"@type\":\"ImageObject\",\"inLanguage\":\"nl-NL\",\"@id\":\"https:\/\/www.campinglesbastets.com\/nl\/#\/schema\/logo\/image\/\",\"url\":\"https:\/\/www.campinglesbastets.com\/wp-content\/uploads\/2022\/02\/favicon-1.png\",\"contentUrl\":\"https:\/\/www.campinglesbastets.com\/wp-content\/uploads\/2022\/02\/favicon-1.png\",\"width\":1423,\"height\":1423,\"caption\":\"Camping Les Bastets\"},\"image\":{\"@id\":\"https:\/\/www.campinglesbastets.com\/nl\/#\/schema\/logo\/image\/\"}}]}<\/script>\n<!-- \/ Yoast SEO plugin. -->","yoast_head_json":{"title":"Viarh\u00f4na in de Dr\u00f4me - Camping Les Bastets","description":"Ontdek de Dr\u00f4me tijdens uw vakantie tijdens een fietstocht langs de Rh\u00f4ne. 5 etappes van Viarh\u00f4na zijn aanwezig in de regio.","robots":{"index":"index","follow":"follow","max-snippet":"max-snippet:-1","max-image-preview":"max-image-preview:large","max-video-preview":"max-video-preview:-1"},"canonical":"https:\/\/www.campinglesbastets.com\/nl\/omgeving\/viarhona-in-de-drome\/","og_locale":"nl_NL","og_type":"article","og_title":"Viarh\u00f4na in de Dr\u00f4me - Camping Les Bastets","og_description":"Ontdek de Dr\u00f4me tijdens uw vakantie tijdens een fietstocht langs de Rh\u00f4ne. 5 etappes van Viarh\u00f4na zijn aanwezig in de regio.","og_url":"https:\/\/www.campinglesbastets.com\/nl\/omgeving\/viarhona-in-de-drome\/","og_site_name":"Camping Les Bastets","article_modified_time":"2022-05-06T13:13:29+00:00","og_image":[{"width":1900,"height":1056,"url":"https:\/\/www.campinglesbastets.com\/wp-content\/uploads\/2022\/03\/balade-viarhona-drome.jpg","type":"image\/jpeg"}],"twitter_card":"summary_large_image","schema":{"@context":"https:\/\/schema.org","@graph":[{"@type":"WebPage","@id":"https:\/\/www.campinglesbastets.com\/nl\/omgeving\/viarhona-in-de-drome\/","url":"https:\/\/www.campinglesbastets.com\/nl\/omgeving\/viarhona-in-de-drome\/","name":"Viarh\u00f4na in de Dr\u00f4me - Camping Les Bastets","isPartOf":{"@id":"https:\/\/www.campinglesbastets.com\/nl\/#website"},"primaryImageOfPage":{"@id":"https:\/\/www.campinglesbastets.com\/nl\/omgeving\/viarhona-in-de-drome\/#primaryimage"},"image":{"@id":"https:\/\/www.campinglesbastets.com\/nl\/omgeving\/viarhona-in-de-drome\/#primaryimage"},"thumbnailUrl":"https:\/\/www.campinglesbastets.com\/wp-content\/uploads\/2022\/03\/balade-viarhona-drome.jpg","datePublished":"2022-03-07T13:30:46+00:00","dateModified":"2022-05-06T13:13:29+00:00","description":"Ontdek de Dr\u00f4me tijdens uw vakantie tijdens een fietstocht langs de Rh\u00f4ne. 5 etappes van Viarh\u00f4na zijn aanwezig in de regio.","breadcrumb":{"@id":"https:\/\/www.campinglesbastets.com\/nl\/omgeving\/viarhona-in-de-drome\/#breadcrumb"},"inLanguage":"nl-NL","potentialAction":[{"@type":"ReadAction","target":["https:\/\/www.campinglesbastets.com\/nl\/omgeving\/viarhona-in-de-drome\/"]}]},{"@type":"ImageObject","inLanguage":"nl-NL","@id":"https:\/\/www.campinglesbastets.com\/nl\/omgeving\/viarhona-in-de-drome\/#primaryimage","url":"https:\/\/www.campinglesbastets.com\/wp-content\/uploads\/2022\/03\/balade-viarhona-drome.jpg","contentUrl":"https:\/\/www.campinglesbastets.com\/wp-content\/uploads\/2022\/03\/balade-viarhona-drome.jpg","width":1900,"height":1056,"caption":"balade viarhona drome"},{"@type":"BreadcrumbList","@id":"https:\/\/www.campinglesbastets.com\/nl\/omgeving\/viarhona-in-de-drome\/#breadcrumb","itemListElement":[{"@type":"ListItem","position":1,"name":"Camping Dr\u00f4me","item":"https:\/\/www.campinglesbastets.com\/nl\/"},{"@type":"ListItem","position":2,"name":"TOERISME IN DE DR\u00d4ME PROVEN\u00c7ALE","item":"https:\/\/www.campinglesbastets.com\/nl\/omgeving\/"},{"@type":"ListItem","position":3,"name":"Viarh\u00f4na in de Dr\u00f4me"}]},{"@type":"WebSite","@id":"https:\/\/www.campinglesbastets.com\/nl\/#website","url":"https:\/\/www.campinglesbastets.com\/nl\/","name":"Camping Les Bastets","description":"","publisher":{"@id":"https:\/\/www.campinglesbastets.com\/nl\/#organization"},"potentialAction":[{"@type":"SearchAction","target":{"@type":"EntryPoint","urlTemplate":"https:\/\/www.campinglesbastets.com\/nl\/?s={search_term_string}"},"query-input":{"@type":"PropertyValueSpecification","valueRequired":true,"valueName":"search_term_string"}}],"inLanguage":"nl-NL"},{"@type":"Organization","@id":"https:\/\/www.campinglesbastets.com\/nl\/#organization","name":"Camping Les Bastets","url":"https:\/\/www.campinglesbastets.com\/nl\/","logo":{"@type":"ImageObject","inLanguage":"nl-NL","@id":"https:\/\/www.campinglesbastets.com\/nl\/#\/schema\/logo\/image\/","url":"https:\/\/www.campinglesbastets.com\/wp-content\/uploads\/2022\/02\/favicon-1.png","contentUrl":"https:\/\/www.campinglesbastets.com\/wp-content\/uploads\/2022\/02\/favicon-1.png","width":1423,"height":1423,"caption":"Camping Les Bastets"},"image":{"@id":"https:\/\/www.campinglesbastets.com\/nl\/#\/schema\/logo\/image\/"}}]}},"_links":{"self":[{"href":"https:\/\/www.campinglesbastets.com\/nl\/wp-json\/wp\/v2\/pages\/9817","targetHints":{"allow":["GET"]}}],"collection":[{"href":"https:\/\/www.campinglesbastets.com\/nl\/wp-json\/wp\/v2\/pages"}],"about":[{"href":"https:\/\/www.campinglesbastets.com\/nl\/wp-json\/wp\/v2\/types\/page"}],"author":[{"embeddable":true,"href":"https:\/\/www.campinglesbastets.com\/nl\/wp-json\/wp\/v2\/users\/1"}],"replies":[{"embeddable":true,"href":"https:\/\/www.campinglesbastets.com\/nl\/wp-json\/wp\/v2\/comments?post=9817"}],"version-history":[{"count":8,"href":"https:\/\/www.campinglesbastets.com\/nl\/wp-json\/wp\/v2\/pages\/9817\/revisions"}],"predecessor-version":[{"id":10954,"href":"https:\/\/www.campinglesbastets.com\/nl\/wp-json\/wp\/v2\/pages\/9817\/revisions\/10954"}],"up":[{"embeddable":true,"href":"https:\/\/www.campinglesbastets.com\/nl\/wp-json\/wp\/v2\/pages\/9700"}],"wp:featuredmedia":[{"embeddable":true,"href":"https:\/\/www.campinglesbastets.com\/nl\/wp-json\/wp\/v2\/media\/7215"}],"wp:attachment":[{"href":"https:\/\/www.campinglesbastets.com\/nl\/wp-json\/wp\/v2\/media?parent=9817"}],"curies":[{"name":"wp","href":"https:\/\/api.w.org\/{rel}","templated":true}]}}