{"id":9807,"date":"2022-03-07T14:07:41","date_gmt":"2022-03-07T13:07:41","guid":{"rendered":"https:\/\/www.campinglesbastets.com\/omgeving\/visiter-chateauneuf-isere\/"},"modified":"2022-06-09T14:21:10","modified_gmt":"2022-06-09T12:21:10","slug":"bezoek-chateauneuf-isere","status":"publish","type":"page","link":"https:\/\/www.campinglesbastets.com\/nl\/omgeving\/bezoek-chateauneuf-isere\/","title":{"rendered":"Bezoek Ch\u00e2teauneuf-sur-Is\u00e8re"},"content":{"rendered":"<section id=\"section-62288b20bc372\"\" class=\"section bg-white p-b-0\" \/><div class=\"container extralarge\"><h1 class=\"element section-title center\">Bezoek Ch\u00e2teauneuf-sur-Is\u00e8re<\/h1><div class=\"element bloc-text left \">\n\t<p>Op vakantie op\u00a0<a href=\"\/nl\/\">camping Les Bastets<\/a>\u00a0zijn de dagen zowel rustig als dynamisch dankzij het grote aanbod van activiteiten in de buurt. Je kunt hier namelijk optimaal genieten van de charmes van de Dr\u00f4me Proven\u00e7ale. Vanaf de camping ben je bijvoorbeeld binnen minder dan een uur bij het bijzondere Ch\u00e2teauneuf-sur-Is\u00e8re &#8211; een ontdekking die echt een omweg verdient.<\/p>\n<\/div><h2 class=\"element section-title left\">Beschermde natuur die geclassificeerd is als kostbaar erfgoed<\/h2><div class=\"element bloc-text left \">\n\t<p>Het grondgebied van Ch\u00e2teauneuf-sur-Is\u00e8re brengt drie natuurgebieden van ecologisch belang samen waar je veel flora en fauna kunt bekijken. Tijdens je wandeling hier doorkruis je het delicate ecosysteem van een prairie voordat je de oevers van de Is\u00e8re bereikt. Hier kun je reigers bewonderen in immense rietvelden &#8211; een bijzonder aanzicht. Ook brengt deze wandeling je naar de dam van Vanelle waar veel zeldzame soorten trekvogels te observeren zijn.<\/p>\n<\/div><h2 class=\"element section-title left\">Een dorp doordrenkt van geschiedenis<\/h2><div class=\"element bloc-text left \">\n\t<p>Wanneer je aankomt in Ch\u00e2teauneuf-sur-Is\u00e8re zie je merkwaardige schoorstenen op sommige huizen die in het centrum staan. Deze schoorstenen worden ook wel Saracenen genoemd en zijn herkenbaar aan de aanwezigheid van de wapenschilden van vroeger. Toch is de oorsprong van deze Saracenen enorm raadselachtig. Zo zijn ze alleen maar op deze locatie te zien. Dat geldt ook voor de beroemde poort uit de 17e eeuw; een overblijfsel van een ensemble dat de bewoners van het dorp het kasteel noemden.<\/p>\n<p>De dorpskerk draagt ook een verbazingwekkende naam: Saint-Thomas \u00e0 Saint-Hugues. Deze kerk is gebouwd aan het einde van de 12e eeuw ter ere van Sint-Thomas, patroonheilige van architecten en steenhouwers. Vervolgens werd ook de naam van Saint-Hugues toegevoegd, een lokaal kind dat in de 11e eeuw bisschop van Grenoble werd.<\/p>\n<p>Tijdens je wandeling door Ch\u00e2teauneuf-sur-Is\u00e8re zie je ook de Sint-Hugueskapel die in 1896 werd ingewijd. Hier krijg je het verhaal van de bedevaart met dezelfde naam te horen. Op een steenworp afstand vind je de wonderbaarlijke bron van Saint-Hugues. Hoewel we je niet veel vertellen, is het enige wat je moet weten dat deze bron volgens verhalen blindheid zou kunnen genezen&#8230;<\/p>\n<\/div><div class=\"element section-title left h2-like\">Pittoreske en informatieve wandelingen in Ch\u00e2teauneuf-sur-Is\u00e8re<\/div><div class=\"element bloc-text left \">\n\t<p>Als er een andere wandeling is die je hier echt moet doen dan is het de wandeling naar de Melassegroeven. Ch\u00e2teauneuf was namelijk lange tijd een plaats die belangrijk was voor de winning van melassegesteente. Dit gesteente maakte onder andere de bouw van beroemde monumenten en uiteindelijk rijpingskelders voor champignons (Paris-paddenstoelen) en lokale wijngaarden mogelijk, die vandaag de dag te bekijken zijn. Ook is de steengroeve tijdelijk gebruikt als opslag van munitie tijdens de oorlog.<\/p>\n<p>Voor een leuke ontdekkingstocht met het gezin langs deze historische plek kun je het spelparcours Chemin des Carriers volgen met raadsels en rebussen. De groeve kan ook bewonderd worden vanaf de Butte du Ch\u00e2telard geklasseerd als Natura 2000, die uitkijkt over het dorp en de rivier. Door het botanische pad te volgen, bereik je de heuvel van Bel Air waar je de tien bekende holbewonershuizen kunt ontdekken. Dat zijn overblijfselen van een gehucht dat er ongeveer in totaal vijftig zou hebben geteld.<\/p>\n<p><iframe loading=\"lazy\" style=\"border: 0;\" src=\"https:\/\/www.google.com\/maps\/embed?pb=!1m28!1m12!1m3!1d215328.0956875227!2d4.827406638740664!3d44.83791627615452!2m3!1f0!2f0!3f0!3m2!1i1024!2i768!4f13.1!4m13!3e0!4m5!1s0x12b54322b28cff3f%3A0xe26b629c76bc1aa6!2sCamping%20Dr%C3%B4me%20les%20Bastets%204%20%C3%A9toiles%2C%20Chemin%20du%20Camping%2C%20Marsanne!3m2!1d44.6576861!2d4.891070399999999!4m5!1s0x47f5505483fb85a5%3A0x408ab2ae4bfc650!2sCh%C3%A2teauneuf-sur-Is%C3%A8re!3m2!1d45.0147805!2d4.9373005999999995!5e0!3m2!1sfr!2sfr!4v1646829154650!5m2!1sfr!2sfr\" width=\"600\" height=\"450\" allowfullscreen=\"allowfullscreen\"><\/iframe><\/p>\n<\/div><\/div><\/section>\n\n<section id=\"section-62288b20bc52d\"\" class=\"section bg-white\" \/><div class=\"container extralarge\"><div class=\"element section-title center h2-like\">Ontdek het Snoeppaleis en andere plaatsen om te bezoeken<\/div><ul class=\"liste-de-page\"><li class=\"element call-to-action carre call-to-action--style-1 call-to-action--big\"><a href=\"https:\/\/www.campinglesbastets.com\/nl\/omgeving\/bezoek-palais-ideal-van-facteur-cheval\/\"  class=\"call-to-action_link\" title=\"En savoir plus sur het ideale paleis van postbode cheval in hauterives\"><div class=\"call-to-action_image\"><img decoding=\"async\" src=\"https:\/\/www.campinglesbastets.com\/wp-content\/uploads\/2022\/03\/palais-du-facteur-cheval-visites.jpg\" data-src=\"https:\/\/www.campinglesbastets.com\/wp-content\/uploads\/2022\/03\/palais-du-facteur-cheval-visites.jpg\" alt=\"palais du facteur cheval visites\" class=\"big\" \/><\/div><div class=\"call-to-action_contenu\"><div class=\"call-to-action_titre\">Het Ideale Paleis van Postbode Cheval in Hauterives<\/div><\/div><\/a><\/li><li class=\"element call-to-action carre call-to-action--style-1 call-to-action--big call-to-action--style-1 call-to-action--big\"><a href=\"https:\/\/www.campinglesbastets.com\/nl\/omgeving\/de-heuveldorpen\/\"  class=\"call-to-action_link\" title=\"En savoir plus sur de dorpen op de heuveltop\"><div class=\"call-to-action_image\"><img decoding=\"async\" src=\"https:\/\/www.campinglesbastets.com\/wp-content\/uploads\/2022\/03\/village-poet-laval.jpg\" data-src=\"https:\/\/www.campinglesbastets.com\/wp-content\/uploads\/2022\/03\/village-poet-laval.jpg\" alt=\"village poet laval\" class=\"big\" \/><\/div><div class=\"call-to-action_contenu\"><div class=\"call-to-action_titre\">De dorpen op de heuveltop<\/div><\/div><\/a><\/li><li class=\"element call-to-action carre call-to-action--style-1 call-to-action--big call-to-action--style-1 call-to-action--big call-to-action--style-1 call-to-action--big\"><a href=\"https:\/\/www.campinglesbastets.com\/nl\/omgeving\/10-essentiele-activiteiten-in-de-drome\/\"  class=\"call-to-action_link\" title=\"En savoir plus sur 10 must-activiteiten in de dr\u00f4me\"><div class=\"call-to-action_image\"><img decoding=\"async\" src=\"https:\/\/www.campinglesbastets.com\/wp-content\/uploads\/2022\/03\/visiter-palais-du-facteur-cheval.jpg\" data-src=\"https:\/\/www.campinglesbastets.com\/wp-content\/uploads\/2022\/03\/visiter-palais-du-facteur-cheval.jpg\" alt=\"visiter palais du facteur cheval\" class=\"big\" \/><\/div><div class=\"call-to-action_contenu\"><div class=\"call-to-action_titre\">10 must-activiteiten in de Dr\u00f4me<\/div><\/div><\/a><\/li><li class=\"element call-to-action carre call-to-action--style-1 call-to-action--big call-to-action--style-1 call-to-action--big call-to-action--style-1 call-to-action--big call-to-action--style-1 call-to-action--big\"><a href=\"https:\/\/www.campinglesbastets.com\/nl\/omgeving\/bezoek-het-dorp-chabeuil\/\"  class=\"call-to-action_link\" title=\"En savoir plus sur chabeuil\"><div class=\"call-to-action_image\"><img decoding=\"async\" src=\"https:\/\/www.campinglesbastets.com\/wp-content\/uploads\/2022\/03\/visiter-chabeuil.jpg\" data-src=\"https:\/\/www.campinglesbastets.com\/wp-content\/uploads\/2022\/03\/visiter-chabeuil.jpg\" alt=\"visiter chabeuil\" class=\"big\" \/><\/div><div class=\"call-to-action_contenu\"><div class=\"call-to-action_titre\">Chabeuil<\/div><\/div><\/a><\/li><li class=\"element call-to-action carre call-to-action--style-1 call-to-action--big call-to-action--style-1 call-to-action--big call-to-action--style-1 call-to-action--big call-to-action--style-1 call-to-action--big call-to-action--style-1 call-to-action--big\"><a href=\"https:\/\/www.campinglesbastets.com\/nl\/omgeving\/mooiste-dorpen-van-frankrijk-in-de-drome\/\"  class=\"call-to-action_link\" title=\"En savoir plus sur de mooiste dorpjes van de dr\u00f4me\"><div class=\"call-to-action_image\"><img decoding=\"async\" src=\"https:\/\/www.campinglesbastets.com\/wp-content\/uploads\/2022\/03\/decouvrir-la-drome.jpg\" data-src=\"https:\/\/www.campinglesbastets.com\/wp-content\/uploads\/2022\/03\/decouvrir-la-drome.jpg\" alt=\"decouvrir la drome\" class=\"big\" \/><\/div><div class=\"call-to-action_contenu\"><div class=\"call-to-action_titre\">De mooiste dorpjes van de Dr\u00f4me<\/div><\/div><\/a><\/li><li class=\"element call-to-action carre call-to-action--style-1 call-to-action--big call-to-action--style-1 call-to-action--big call-to-action--style-1 call-to-action--big call-to-action--style-1 call-to-action--big call-to-action--style-1 call-to-action--big call-to-action--style-1 call-to-action--big\"><a href=\"https:\/\/www.campinglesbastets.com\/nl\/omgeving\/ontdek-nyons-in-de-drome\/\"  class=\"call-to-action_link\" title=\"En savoir plus sur nyons\"><div class=\"call-to-action_image\"><img decoding=\"async\" src=\"https:\/\/www.campinglesbastets.com\/wp-content\/uploads\/2022\/03\/nyons-a-visiter.jpg\" data-src=\"https:\/\/www.campinglesbastets.com\/wp-content\/uploads\/2022\/03\/nyons-a-visiter.jpg\" alt=\"nyons a visiter\" class=\"big\" \/><\/div><div class=\"call-to-action_contenu\"><div class=\"call-to-action_titre\">Nyons<\/div><\/div><\/a><\/li><\/ul><\/div><\/section>","protected":false},"excerpt":{"rendered":"","protected":false},"author":1,"featured_media":7231,"parent":9700,"menu_order":0,"comment_status":"closed","ping_status":"closed","template":"","meta":{"_acf_changed":false,"footnotes":""},"class_list":["post-9807","page","type-page","status-publish","has-post-thumbnail","hentry"],"acf":[],"yoast_head":"<!-- This site is optimized with the Yoast SEO plugin v25.3 - https:\/\/yoast.com\/wordpress\/plugins\/seo\/ -->\n<title>Bezoek Ch\u00e2teauneuf-sur-Is\u00e8re - Camping Les Bastets<\/title>\n<meta name=\"description\" content=\"Ontdek Ch\u00e2teauneuf-sur-Is\u00e8re, zijn pittoreske dorpje, zijn ecologische zones en zijn essenti\u00eble wandelingen op zoek naar de mooiste uitzichten.\" \/>\n<meta name=\"robots\" content=\"index, follow, max-snippet:-1, max-image-preview:large, max-video-preview:-1\" \/>\n<link rel=\"canonical\" href=\"https:\/\/www.campinglesbastets.com\/nl\/omgeving\/bezoek-chateauneuf-isere\/\" \/>\n<meta property=\"og:locale\" content=\"nl_NL\" \/>\n<meta property=\"og:type\" content=\"article\" \/>\n<meta property=\"og:title\" content=\"Bezoek Ch\u00e2teauneuf-sur-Is\u00e8re - Camping Les Bastets\" \/>\n<meta property=\"og:description\" content=\"Ontdek Ch\u00e2teauneuf-sur-Is\u00e8re, zijn pittoreske dorpje, zijn ecologische zones en zijn essenti\u00eble wandelingen op zoek naar de mooiste uitzichten.\" \/>\n<meta property=\"og:url\" content=\"https:\/\/www.campinglesbastets.com\/nl\/omgeving\/bezoek-chateauneuf-isere\/\" \/>\n<meta property=\"og:site_name\" content=\"Camping Les Bastets\" \/>\n<meta property=\"article:modified_time\" content=\"2022-06-09T12:21:10+00:00\" \/>\n<meta property=\"og:image\" content=\"https:\/\/www.campinglesbastets.com\/wp-content\/uploads\/2022\/03\/decouvrir-chateauneuf-sur-isere.jpg\" \/>\n\t<meta property=\"og:image:width\" content=\"1900\" \/>\n\t<meta property=\"og:image:height\" content=\"1056\" \/>\n\t<meta property=\"og:image:type\" content=\"image\/jpeg\" \/>\n<meta name=\"twitter:card\" content=\"summary_large_image\" \/>\n<script type=\"application\/ld+json\" class=\"yoast-schema-graph\">{\"@context\":\"https:\/\/schema.org\",\"@graph\":[{\"@type\":\"WebPage\",\"@id\":\"https:\/\/www.campinglesbastets.com\/nl\/omgeving\/bezoek-chateauneuf-isere\/\",\"url\":\"https:\/\/www.campinglesbastets.com\/nl\/omgeving\/bezoek-chateauneuf-isere\/\",\"name\":\"Bezoek Ch\u00e2teauneuf-sur-Is\u00e8re - Camping Les Bastets\",\"isPartOf\":{\"@id\":\"https:\/\/www.campinglesbastets.com\/nl\/#website\"},\"primaryImageOfPage\":{\"@id\":\"https:\/\/www.campinglesbastets.com\/nl\/omgeving\/bezoek-chateauneuf-isere\/#primaryimage\"},\"image\":{\"@id\":\"https:\/\/www.campinglesbastets.com\/nl\/omgeving\/bezoek-chateauneuf-isere\/#primaryimage\"},\"thumbnailUrl\":\"https:\/\/www.campinglesbastets.com\/wp-content\/uploads\/2022\/03\/decouvrir-chateauneuf-sur-isere.jpg\",\"datePublished\":\"2022-03-07T13:07:41+00:00\",\"dateModified\":\"2022-06-09T12:21:10+00:00\",\"description\":\"Ontdek Ch\u00e2teauneuf-sur-Is\u00e8re, zijn pittoreske dorpje, zijn ecologische zones en zijn essenti\u00eble wandelingen op zoek naar de mooiste uitzichten.\",\"breadcrumb\":{\"@id\":\"https:\/\/www.campinglesbastets.com\/nl\/omgeving\/bezoek-chateauneuf-isere\/#breadcrumb\"},\"inLanguage\":\"nl-NL\",\"potentialAction\":[{\"@type\":\"ReadAction\",\"target\":[\"https:\/\/www.campinglesbastets.com\/nl\/omgeving\/bezoek-chateauneuf-isere\/\"]}]},{\"@type\":\"ImageObject\",\"inLanguage\":\"nl-NL\",\"@id\":\"https:\/\/www.campinglesbastets.com\/nl\/omgeving\/bezoek-chateauneuf-isere\/#primaryimage\",\"url\":\"https:\/\/www.campinglesbastets.com\/wp-content\/uploads\/2022\/03\/decouvrir-chateauneuf-sur-isere.jpg\",\"contentUrl\":\"https:\/\/www.campinglesbastets.com\/wp-content\/uploads\/2022\/03\/decouvrir-chateauneuf-sur-isere.jpg\",\"width\":1900,\"height\":1056,\"caption\":\"decouvrir chateauneuf sur isere\"},{\"@type\":\"BreadcrumbList\",\"@id\":\"https:\/\/www.campinglesbastets.com\/nl\/omgeving\/bezoek-chateauneuf-isere\/#breadcrumb\",\"itemListElement\":[{\"@type\":\"ListItem\",\"position\":1,\"name\":\"Camping Dr\u00f4me\",\"item\":\"https:\/\/www.campinglesbastets.com\/nl\/\"},{\"@type\":\"ListItem\",\"position\":2,\"name\":\"TOERISME IN DE DR\u00d4ME PROVEN\u00c7ALE\",\"item\":\"https:\/\/www.campinglesbastets.com\/nl\/omgeving\/\"},{\"@type\":\"ListItem\",\"position\":3,\"name\":\"Bezoek Ch\u00e2teauneuf-sur-Is\u00e8re\"}]},{\"@type\":\"WebSite\",\"@id\":\"https:\/\/www.campinglesbastets.com\/nl\/#website\",\"url\":\"https:\/\/www.campinglesbastets.com\/nl\/\",\"name\":\"Camping Les Bastets\",\"description\":\"\",\"publisher\":{\"@id\":\"https:\/\/www.campinglesbastets.com\/nl\/#organization\"},\"potentialAction\":[{\"@type\":\"SearchAction\",\"target\":{\"@type\":\"EntryPoint\",\"urlTemplate\":\"https:\/\/www.campinglesbastets.com\/nl\/?s={search_term_string}\"},\"query-input\":{\"@type\":\"PropertyValueSpecification\",\"valueRequired\":true,\"valueName\":\"search_term_string\"}}],\"inLanguage\":\"nl-NL\"},{\"@type\":\"Organization\",\"@id\":\"https:\/\/www.campinglesbastets.com\/nl\/#organization\",\"name\":\"Camping Les Bastets\",\"url\":\"https:\/\/www.campinglesbastets.com\/nl\/\",\"logo\":{\"@type\":\"ImageObject\",\"inLanguage\":\"nl-NL\",\"@id\":\"https:\/\/www.campinglesbastets.com\/nl\/#\/schema\/logo\/image\/\",\"url\":\"https:\/\/www.campinglesbastets.com\/wp-content\/uploads\/2022\/02\/favicon-1.png\",\"contentUrl\":\"https:\/\/www.campinglesbastets.com\/wp-content\/uploads\/2022\/02\/favicon-1.png\",\"width\":1423,\"height\":1423,\"caption\":\"Camping Les Bastets\"},\"image\":{\"@id\":\"https:\/\/www.campinglesbastets.com\/nl\/#\/schema\/logo\/image\/\"}}]}<\/script>\n<!-- \/ Yoast SEO plugin. -->","yoast_head_json":{"title":"Bezoek Ch\u00e2teauneuf-sur-Is\u00e8re - Camping Les Bastets","description":"Ontdek Ch\u00e2teauneuf-sur-Is\u00e8re, zijn pittoreske dorpje, zijn ecologische zones en zijn essenti\u00eble wandelingen op zoek naar de mooiste uitzichten.","robots":{"index":"index","follow":"follow","max-snippet":"max-snippet:-1","max-image-preview":"max-image-preview:large","max-video-preview":"max-video-preview:-1"},"canonical":"https:\/\/www.campinglesbastets.com\/nl\/omgeving\/bezoek-chateauneuf-isere\/","og_locale":"nl_NL","og_type":"article","og_title":"Bezoek Ch\u00e2teauneuf-sur-Is\u00e8re - Camping Les Bastets","og_description":"Ontdek Ch\u00e2teauneuf-sur-Is\u00e8re, zijn pittoreske dorpje, zijn ecologische zones en zijn essenti\u00eble wandelingen op zoek naar de mooiste uitzichten.","og_url":"https:\/\/www.campinglesbastets.com\/nl\/omgeving\/bezoek-chateauneuf-isere\/","og_site_name":"Camping Les Bastets","article_modified_time":"2022-06-09T12:21:10+00:00","og_image":[{"width":1900,"height":1056,"url":"https:\/\/www.campinglesbastets.com\/wp-content\/uploads\/2022\/03\/decouvrir-chateauneuf-sur-isere.jpg","type":"image\/jpeg"}],"twitter_card":"summary_large_image","schema":{"@context":"https:\/\/schema.org","@graph":[{"@type":"WebPage","@id":"https:\/\/www.campinglesbastets.com\/nl\/omgeving\/bezoek-chateauneuf-isere\/","url":"https:\/\/www.campinglesbastets.com\/nl\/omgeving\/bezoek-chateauneuf-isere\/","name":"Bezoek Ch\u00e2teauneuf-sur-Is\u00e8re - Camping Les Bastets","isPartOf":{"@id":"https:\/\/www.campinglesbastets.com\/nl\/#website"},"primaryImageOfPage":{"@id":"https:\/\/www.campinglesbastets.com\/nl\/omgeving\/bezoek-chateauneuf-isere\/#primaryimage"},"image":{"@id":"https:\/\/www.campinglesbastets.com\/nl\/omgeving\/bezoek-chateauneuf-isere\/#primaryimage"},"thumbnailUrl":"https:\/\/www.campinglesbastets.com\/wp-content\/uploads\/2022\/03\/decouvrir-chateauneuf-sur-isere.jpg","datePublished":"2022-03-07T13:07:41+00:00","dateModified":"2022-06-09T12:21:10+00:00","description":"Ontdek Ch\u00e2teauneuf-sur-Is\u00e8re, zijn pittoreske dorpje, zijn ecologische zones en zijn essenti\u00eble wandelingen op zoek naar de mooiste uitzichten.","breadcrumb":{"@id":"https:\/\/www.campinglesbastets.com\/nl\/omgeving\/bezoek-chateauneuf-isere\/#breadcrumb"},"inLanguage":"nl-NL","potentialAction":[{"@type":"ReadAction","target":["https:\/\/www.campinglesbastets.com\/nl\/omgeving\/bezoek-chateauneuf-isere\/"]}]},{"@type":"ImageObject","inLanguage":"nl-NL","@id":"https:\/\/www.campinglesbastets.com\/nl\/omgeving\/bezoek-chateauneuf-isere\/#primaryimage","url":"https:\/\/www.campinglesbastets.com\/wp-content\/uploads\/2022\/03\/decouvrir-chateauneuf-sur-isere.jpg","contentUrl":"https:\/\/www.campinglesbastets.com\/wp-content\/uploads\/2022\/03\/decouvrir-chateauneuf-sur-isere.jpg","width":1900,"height":1056,"caption":"decouvrir chateauneuf sur isere"},{"@type":"BreadcrumbList","@id":"https:\/\/www.campinglesbastets.com\/nl\/omgeving\/bezoek-chateauneuf-isere\/#breadcrumb","itemListElement":[{"@type":"ListItem","position":1,"name":"Camping Dr\u00f4me","item":"https:\/\/www.campinglesbastets.com\/nl\/"},{"@type":"ListItem","position":2,"name":"TOERISME IN DE DR\u00d4ME PROVEN\u00c7ALE","item":"https:\/\/www.campinglesbastets.com\/nl\/omgeving\/"},{"@type":"ListItem","position":3,"name":"Bezoek Ch\u00e2teauneuf-sur-Is\u00e8re"}]},{"@type":"WebSite","@id":"https:\/\/www.campinglesbastets.com\/nl\/#website","url":"https:\/\/www.campinglesbastets.com\/nl\/","name":"Camping Les Bastets","description":"","publisher":{"@id":"https:\/\/www.campinglesbastets.com\/nl\/#organization"},"potentialAction":[{"@type":"SearchAction","target":{"@type":"EntryPoint","urlTemplate":"https:\/\/www.campinglesbastets.com\/nl\/?s={search_term_string}"},"query-input":{"@type":"PropertyValueSpecification","valueRequired":true,"valueName":"search_term_string"}}],"inLanguage":"nl-NL"},{"@type":"Organization","@id":"https:\/\/www.campinglesbastets.com\/nl\/#organization","name":"Camping Les Bastets","url":"https:\/\/www.campinglesbastets.com\/nl\/","logo":{"@type":"ImageObject","inLanguage":"nl-NL","@id":"https:\/\/www.campinglesbastets.com\/nl\/#\/schema\/logo\/image\/","url":"https:\/\/www.campinglesbastets.com\/wp-content\/uploads\/2022\/02\/favicon-1.png","contentUrl":"https:\/\/www.campinglesbastets.com\/wp-content\/uploads\/2022\/02\/favicon-1.png","width":1423,"height":1423,"caption":"Camping Les Bastets"},"image":{"@id":"https:\/\/www.campinglesbastets.com\/nl\/#\/schema\/logo\/image\/"}}]}},"_links":{"self":[{"href":"https:\/\/www.campinglesbastets.com\/nl\/wp-json\/wp\/v2\/pages\/9807","targetHints":{"allow":["GET"]}}],"collection":[{"href":"https:\/\/www.campinglesbastets.com\/nl\/wp-json\/wp\/v2\/pages"}],"about":[{"href":"https:\/\/www.campinglesbastets.com\/nl\/wp-json\/wp\/v2\/types\/page"}],"author":[{"embeddable":true,"href":"https:\/\/www.campinglesbastets.com\/nl\/wp-json\/wp\/v2\/users\/1"}],"replies":[{"embeddable":true,"href":"https:\/\/www.campinglesbastets.com\/nl\/wp-json\/wp\/v2\/comments?post=9807"}],"version-history":[{"count":10,"href":"https:\/\/www.campinglesbastets.com\/nl\/wp-json\/wp\/v2\/pages\/9807\/revisions"}],"predecessor-version":[{"id":11218,"href":"https:\/\/www.campinglesbastets.com\/nl\/wp-json\/wp\/v2\/pages\/9807\/revisions\/11218"}],"up":[{"embeddable":true,"href":"https:\/\/www.campinglesbastets.com\/nl\/wp-json\/wp\/v2\/pages\/9700"}],"wp:featuredmedia":[{"embeddable":true,"href":"https:\/\/www.campinglesbastets.com\/nl\/wp-json\/wp\/v2\/media\/7231"}],"wp:attachment":[{"href":"https:\/\/www.campinglesbastets.com\/nl\/wp-json\/wp\/v2\/media?parent=9807"}],"curies":[{"name":"wp","href":"https:\/\/api.w.org\/{rel}","templated":true}]}}