{"id":9783,"date":"2022-03-07T13:41:54","date_gmt":"2022-03-07T12:41:54","guid":{"rendered":"https:\/\/www.campinglesbastets.com\/omgeving\/la-cite-du-chocolat\/"},"modified":"2022-05-06T15:24:19","modified_gmt":"2022-05-06T13:24:19","slug":"de-stad-van-chocolade","status":"publish","type":"page","link":"https:\/\/www.campinglesbastets.com\/nl\/omgeving\/de-stad-van-chocolade\/","title":{"rendered":"De stad van chocolade"},"content":{"rendered":"<section id=\"section-6229bc988a44f\"\" class=\"section bg-white p-b-0\" \/><div class=\"container extralarge\"><h1 class=\"element section-title center\">De stad van chocolade<\/h1><div class=\"element bloc-text left \">\n\t<p>De Proven\u00e7aalse Dr\u00f4me staat bekend om de zon, de vele lavendelvelden, de lokale producten en de opmerkelijke dorpjes&#8230; Wist je dat de regio ook de bakermat is van de\u00a0<a href=\"https:\/\/citeduchocolat.com\/\" target=\"_blank\" rel=\"noopener\">Cit\u00e9 du chocolat<\/a>\u00a0? Dit is (letterlijk) een heerlijke bestemming om te ontdekken tijdens je vakantie in Marsanne.<\/p>\n<h2 class=\"western\">Een plek die volledig gewijd is aan de kunst van chocolade<\/h2>\n<p>In het hart van Tain l&#8217;Hermitage leer je bijvoorbeeld alles over chocolade: over verre cacaoplantages tot de recepten van de grote meester chocolatiers en banketbakkers. Met behulp van een goed ontworpen en erg leuke ontdekkingstocht ontdekt jong en oud hier alle geheimen van deze door iedereen geliefde lekkernij.<\/p>\n<p>Bij La Cit\u00e9 du Chocolat begin je met een virtuele (maar zeer realistische) wandeling in het hart van cacaoplantages op verschillende continenten. Het lijkt net of je er \u00e9cht bent! Hier ontdek je meer over de variatie van grondstoffen die worden gebruikt bij de productie. Daarna bezoek je met verrukking de Carr\u00e9 des Sens waar je je onderdompelt in de geuren en aroma&#8217;s van chocolaatjes van over de hele wereld.<\/p>\n<p><iframe loading=\"lazy\" title=\"YouTube video player\" src=\"https:\/\/www.youtube.com\/embed\/5W63SRuCYlY\" width=\"100%\" height=\"315\" frameborder=\"0\" allowfullscreen=\"allowfullscreen\"><\/iframe><\/p>\n<h2 class=\"western\">Een 100% chocolade-ervaring<\/h2>\n<p>Bij de Chocolaterie ga je achter de schermen van de transformatie van cacaobonen tot chocolade, een plek die veel verrassingen voor de bezoeker in petto heeft. We vervolgen het avontuur langs de mini-coatinglijn die deze kleine zwarte of melkachtige schatten oplevert. In het Comptoir des Recettes of in het Atelier Manjari leren professionele chocolatiers je meer over de oorsprong van chocolade door je van alles te laten proeven.\u00a0Ook geven ze je enkele recepten.<\/p>\n<p>De jongsten zullen dol zijn op Ile O Petits, een interactieve ruimte die speciaal voor kinderen gemaakt is. Hier is het op en top plezier beleven aan het ontdekken van alle aspecten, geuren en smaken van chocolade. In het gezelschap van speelse karakters en met behulp van touchpads dompelen ze zich op een informatieve en leuke wijze onder in een wereld van chocolade!\u00a0Ook zijn hier verschillende workshops voor het maken van chocoladebanket te volgen en kan het hele gezin er even tussenuit in de Comptoir Porcelana voor een lekkere lunch of snack op basis van chocolade. Alles volledig in thema.<\/p>\n<h2 class=\"western\">Heerlijke locatie met goede bereikbaarheid<\/h2>\n<p>De Cit\u00e9 du Chocolat ligt op slechts 60 km van\u00a0<a href=\"\/nl\/\">camping Les Bastets<\/a>. De wandeling daar biedt een programma aan voor een halve dag. Je kunt het je misschien wel voorstellen dat deze plek veel bezoek trekt. Daarom wordt het aan te raden om je bezoek vooraf te boeken.<\/p>\n<h4 class=\"western\"><b>Openingstijden<\/b><\/h4>\n<p>Dinsdag t\/m zaterdag: 9:00 tot 12.:00 uur \u2013 12:50 uur tot 18:30 uur<\/p>\n<p>Zon- en feestdagen: 10:00 uur tot 12:00 uur \u2013 12:50 uur tot 17:00 uur<\/p>\n<h4 class=\"western\">Prijzen<\/h4>\n<p>Bezoek voor volwassenen: \u20ac 10,80<\/p>\n<p>Bezoek voor kinderen van 5 tot 13 jaar: \u20ac 8,80 (gratis voor kinderen onder de 5 jaar)<\/p>\n<p>Familiebezoek (2 volwassenen en 2 kinderen): \u20ac 35,00<\/p>\n<p>Extra kind: \u20ac 7,50<\/p>\n<p><i>Er zijn gereduceerde tarieven mogelijk (-10%)<\/i><\/p>\n<p><i>Een aangenaam gastronomisch uitje om te plannen tijdens uw vakantie in de Dr\u00f4me.<\/i><\/p>\n<\/div><\/div><\/section>\n\n<section id=\"section-6229bc988a580\"\" class=\"section bg-white\" \/><div class=\"container extralarge\"><div class=\"element section-title center h2-like\">Wat te bezoeken in de Dr\u00f4me?<\/div><ul class=\"liste-de-page\"><li class=\"element call-to-action carre call-to-action--style-1 call-to-action--big\"><a href=\"https:\/\/www.campinglesbastets.com\/nl\/omgeving\/lokale-producten\/\"  class=\"call-to-action_link\" title=\"En savoir plus sur landbouw\"><div class=\"call-to-action_image\"><img decoding=\"async\" src=\"https:\/\/www.campinglesbastets.com\/wp-content\/uploads\/2022\/08\/agriculture-drome.jpg\" data-src=\"https:\/\/www.campinglesbastets.com\/wp-content\/uploads\/2022\/08\/agriculture-drome.jpg\" alt=\"agriculture drome\" class=\"big\" \/><\/div><div class=\"call-to-action_contenu\"><div class=\"call-to-action_titre\">Landbouw<\/div><\/div><\/a><\/li><li class=\"element call-to-action carre call-to-action--style-1 call-to-action--big call-to-action--style-1 call-to-action--big\"><a href=\"https:\/\/www.campinglesbastets.com\/nl\/omgeving\/ontdek-de-rivier-de-drome\/\"  class=\"call-to-action_link\" title=\"En savoir plus sur rivier\"><div class=\"call-to-action_image\"><img decoding=\"async\" src=\"https:\/\/www.campinglesbastets.com\/wp-content\/uploads\/2022\/03\/riviere-pres-du-camping.jpg\" data-src=\"https:\/\/www.campinglesbastets.com\/wp-content\/uploads\/2022\/03\/riviere-pres-du-camping.jpg\" alt=\"riviere pres du camping\" class=\"big\" \/><\/div><div class=\"call-to-action_contenu\"><div class=\"call-to-action_titre\">Rivier<\/div><\/div><\/a><\/li><li class=\"element call-to-action carre call-to-action--style-1 call-to-action--big call-to-action--style-1 call-to-action--big call-to-action--style-1 call-to-action--big\"><a href=\"https:\/\/www.campinglesbastets.com\/nl\/omgeving\/wijnen-van-de-drome\/\"  class=\"call-to-action_link\" title=\"En savoir plus sur wijnen uit de dr\u00f4me\"><div class=\"call-to-action_image\"><img decoding=\"async\" src=\"https:\/\/www.campinglesbastets.com\/wp-content\/uploads\/2022\/03\/vins-de-la-drome.jpg\" data-src=\"https:\/\/www.campinglesbastets.com\/wp-content\/uploads\/2022\/03\/vins-de-la-drome.jpg\" alt=\"vins de la drome\" class=\"big\" \/><\/div><div class=\"call-to-action_contenu\"><div class=\"call-to-action_titre\">Wijnen uit de Dr\u00f4me<\/div><\/div><\/a><\/li><li class=\"element call-to-action carre call-to-action--style-1 call-to-action--big call-to-action--style-1 call-to-action--big call-to-action--style-1 call-to-action--big call-to-action--style-1 call-to-action--big\"><a href=\"https:\/\/www.campinglesbastets.com\/nl\/omgeving\/ontdek-nyons-in-de-drome\/\"  class=\"call-to-action_link\" title=\"En savoir plus sur nyons\"><div class=\"call-to-action_image\"><img decoding=\"async\" src=\"https:\/\/www.campinglesbastets.com\/wp-content\/uploads\/2022\/03\/nyons-a-visiter.jpg\" data-src=\"https:\/\/www.campinglesbastets.com\/wp-content\/uploads\/2022\/03\/nyons-a-visiter.jpg\" alt=\"nyons a visiter\" class=\"big\" \/><\/div><div class=\"call-to-action_contenu\"><div class=\"call-to-action_titre\">Nyons<\/div><\/div><\/a><\/li><li class=\"element call-to-action carre call-to-action--style-1 call-to-action--big call-to-action--style-1 call-to-action--big call-to-action--style-1 call-to-action--big call-to-action--style-1 call-to-action--big call-to-action--style-1 call-to-action--big\"><a href=\"https:\/\/www.campinglesbastets.com\/nl\/omgeving\/natuur-cultuur-wisselen-zich-af-in-valence\/\"  class=\"call-to-action_link\" title=\"En savoir plus sur valence\"><div class=\"call-to-action_image\"><img decoding=\"async\" src=\"https:\/\/www.campinglesbastets.com\/wp-content\/uploads\/2022\/03\/visiter-valance.jpg\" data-src=\"https:\/\/www.campinglesbastets.com\/wp-content\/uploads\/2022\/03\/visiter-valance.jpg\" alt=\"visiter valance\" class=\"big\" \/><\/div><div class=\"call-to-action_contenu\"><div class=\"call-to-action_titre\">Valence<\/div><\/div><\/a><\/li><li class=\"element call-to-action carre call-to-action--style-1 call-to-action--big call-to-action--style-1 call-to-action--big call-to-action--style-1 call-to-action--big call-to-action--style-1 call-to-action--big call-to-action--style-1 call-to-action--big call-to-action--style-1 call-to-action--big\"><a href=\"https:\/\/www.campinglesbastets.com\/nl\/omgeving\/ontdek-montelimar-stad-van-de-noga\/\"  class=\"call-to-action_link\" title=\"En savoir plus sur mont\u00e9limar\"><div class=\"call-to-action_image\"><img decoding=\"async\" src=\"https:\/\/www.campinglesbastets.com\/wp-content\/uploads\/2022\/03\/visiter-montelimar.jpg\" data-src=\"https:\/\/www.campinglesbastets.com\/wp-content\/uploads\/2022\/03\/visiter-montelimar.jpg\" alt=\"visiter montelimar\" class=\"big\" \/><\/div><div class=\"call-to-action_contenu\"><div class=\"call-to-action_titre\">Mont\u00e9limar<\/div><\/div><\/a><\/li><\/ul><\/div><\/section>","protected":false},"excerpt":{"rendered":"","protected":false},"author":1,"featured_media":7307,"parent":9700,"menu_order":0,"comment_status":"closed","ping_status":"closed","template":"","meta":{"_acf_changed":false,"footnotes":""},"class_list":["post-9783","page","type-page","status-publish","has-post-thumbnail","hentry"],"acf":[],"yoast_head":"<!-- This site is optimized with the Yoast SEO plugin v25.3 - https:\/\/yoast.com\/wordpress\/plugins\/seo\/ -->\n<title>Idee voor een leuk uitje in de Dr\u00f4me: La Cit\u00e9 du Chocolat<\/title>\n<meta name=\"description\" content=\"Ontdek de geheimen van het maken van chocolade tijdens uw bezoek aan de Cit\u00e9 du chocolat tijdens uw familievakantie in de Dr\u00f4me Proven\u00e7ale.\" \/>\n<meta name=\"robots\" content=\"index, follow, max-snippet:-1, max-image-preview:large, max-video-preview:-1\" \/>\n<link rel=\"canonical\" href=\"https:\/\/www.campinglesbastets.com\/nl\/omgeving\/de-stad-van-chocolade\/\" \/>\n<meta property=\"og:locale\" content=\"nl_NL\" \/>\n<meta property=\"og:type\" content=\"article\" \/>\n<meta property=\"og:title\" content=\"Idee voor een leuk uitje in de Dr\u00f4me: La Cit\u00e9 du Chocolat\" \/>\n<meta property=\"og:description\" content=\"Ontdek de geheimen van het maken van chocolade tijdens uw bezoek aan de Cit\u00e9 du chocolat tijdens uw familievakantie in de Dr\u00f4me Proven\u00e7ale.\" \/>\n<meta property=\"og:url\" content=\"https:\/\/www.campinglesbastets.com\/nl\/omgeving\/de-stad-van-chocolade\/\" \/>\n<meta property=\"og:site_name\" content=\"Camping Les Bastets\" \/>\n<meta property=\"article:modified_time\" content=\"2022-05-06T13:24:19+00:00\" \/>\n<meta property=\"og:image\" content=\"https:\/\/www.campinglesbastets.com\/wp-content\/uploads\/2022\/03\/visiter-cite-du-chocolat.jpg\" \/>\n\t<meta property=\"og:image:width\" content=\"1900\" \/>\n\t<meta property=\"og:image:height\" content=\"1056\" \/>\n\t<meta property=\"og:image:type\" content=\"image\/jpeg\" \/>\n<meta name=\"twitter:card\" content=\"summary_large_image\" \/>\n<script type=\"application\/ld+json\" class=\"yoast-schema-graph\">{\"@context\":\"https:\/\/schema.org\",\"@graph\":[{\"@type\":\"WebPage\",\"@id\":\"https:\/\/www.campinglesbastets.com\/nl\/omgeving\/de-stad-van-chocolade\/\",\"url\":\"https:\/\/www.campinglesbastets.com\/nl\/omgeving\/de-stad-van-chocolade\/\",\"name\":\"Idee voor een leuk uitje in de Dr\u00f4me: La Cit\u00e9 du Chocolat\",\"isPartOf\":{\"@id\":\"https:\/\/www.campinglesbastets.com\/nl\/#website\"},\"primaryImageOfPage\":{\"@id\":\"https:\/\/www.campinglesbastets.com\/nl\/omgeving\/de-stad-van-chocolade\/#primaryimage\"},\"image\":{\"@id\":\"https:\/\/www.campinglesbastets.com\/nl\/omgeving\/de-stad-van-chocolade\/#primaryimage\"},\"thumbnailUrl\":\"https:\/\/www.campinglesbastets.com\/wp-content\/uploads\/2022\/03\/visiter-cite-du-chocolat.jpg\",\"datePublished\":\"2022-03-07T12:41:54+00:00\",\"dateModified\":\"2022-05-06T13:24:19+00:00\",\"description\":\"Ontdek de geheimen van het maken van chocolade tijdens uw bezoek aan de Cit\u00e9 du chocolat tijdens uw familievakantie in de Dr\u00f4me Proven\u00e7ale.\",\"breadcrumb\":{\"@id\":\"https:\/\/www.campinglesbastets.com\/nl\/omgeving\/de-stad-van-chocolade\/#breadcrumb\"},\"inLanguage\":\"nl-NL\",\"potentialAction\":[{\"@type\":\"ReadAction\",\"target\":[\"https:\/\/www.campinglesbastets.com\/nl\/omgeving\/de-stad-van-chocolade\/\"]}]},{\"@type\":\"ImageObject\",\"inLanguage\":\"nl-NL\",\"@id\":\"https:\/\/www.campinglesbastets.com\/nl\/omgeving\/de-stad-van-chocolade\/#primaryimage\",\"url\":\"https:\/\/www.campinglesbastets.com\/wp-content\/uploads\/2022\/03\/visiter-cite-du-chocolat.jpg\",\"contentUrl\":\"https:\/\/www.campinglesbastets.com\/wp-content\/uploads\/2022\/03\/visiter-cite-du-chocolat.jpg\",\"width\":1900,\"height\":1056,\"caption\":\"visiter cite du chocolat\"},{\"@type\":\"BreadcrumbList\",\"@id\":\"https:\/\/www.campinglesbastets.com\/nl\/omgeving\/de-stad-van-chocolade\/#breadcrumb\",\"itemListElement\":[{\"@type\":\"ListItem\",\"position\":1,\"name\":\"Camping Dr\u00f4me\",\"item\":\"https:\/\/www.campinglesbastets.com\/nl\/\"},{\"@type\":\"ListItem\",\"position\":2,\"name\":\"TOERISME IN DE DR\u00d4ME PROVEN\u00c7ALE\",\"item\":\"https:\/\/www.campinglesbastets.com\/nl\/omgeving\/\"},{\"@type\":\"ListItem\",\"position\":3,\"name\":\"De stad van chocolade\"}]},{\"@type\":\"WebSite\",\"@id\":\"https:\/\/www.campinglesbastets.com\/nl\/#website\",\"url\":\"https:\/\/www.campinglesbastets.com\/nl\/\",\"name\":\"Camping Les Bastets\",\"description\":\"\",\"publisher\":{\"@id\":\"https:\/\/www.campinglesbastets.com\/nl\/#organization\"},\"potentialAction\":[{\"@type\":\"SearchAction\",\"target\":{\"@type\":\"EntryPoint\",\"urlTemplate\":\"https:\/\/www.campinglesbastets.com\/nl\/?s={search_term_string}\"},\"query-input\":{\"@type\":\"PropertyValueSpecification\",\"valueRequired\":true,\"valueName\":\"search_term_string\"}}],\"inLanguage\":\"nl-NL\"},{\"@type\":\"Organization\",\"@id\":\"https:\/\/www.campinglesbastets.com\/nl\/#organization\",\"name\":\"Camping Les Bastets\",\"url\":\"https:\/\/www.campinglesbastets.com\/nl\/\",\"logo\":{\"@type\":\"ImageObject\",\"inLanguage\":\"nl-NL\",\"@id\":\"https:\/\/www.campinglesbastets.com\/nl\/#\/schema\/logo\/image\/\",\"url\":\"https:\/\/www.campinglesbastets.com\/wp-content\/uploads\/2022\/02\/favicon-1.png\",\"contentUrl\":\"https:\/\/www.campinglesbastets.com\/wp-content\/uploads\/2022\/02\/favicon-1.png\",\"width\":1423,\"height\":1423,\"caption\":\"Camping Les Bastets\"},\"image\":{\"@id\":\"https:\/\/www.campinglesbastets.com\/nl\/#\/schema\/logo\/image\/\"}}]}<\/script>\n<!-- \/ Yoast SEO plugin. -->","yoast_head_json":{"title":"Idee voor een leuk uitje in de Dr\u00f4me: La Cit\u00e9 du Chocolat","description":"Ontdek de geheimen van het maken van chocolade tijdens uw bezoek aan de Cit\u00e9 du chocolat tijdens uw familievakantie in de Dr\u00f4me Proven\u00e7ale.","robots":{"index":"index","follow":"follow","max-snippet":"max-snippet:-1","max-image-preview":"max-image-preview:large","max-video-preview":"max-video-preview:-1"},"canonical":"https:\/\/www.campinglesbastets.com\/nl\/omgeving\/de-stad-van-chocolade\/","og_locale":"nl_NL","og_type":"article","og_title":"Idee voor een leuk uitje in de Dr\u00f4me: La Cit\u00e9 du Chocolat","og_description":"Ontdek de geheimen van het maken van chocolade tijdens uw bezoek aan de Cit\u00e9 du chocolat tijdens uw familievakantie in de Dr\u00f4me Proven\u00e7ale.","og_url":"https:\/\/www.campinglesbastets.com\/nl\/omgeving\/de-stad-van-chocolade\/","og_site_name":"Camping Les Bastets","article_modified_time":"2022-05-06T13:24:19+00:00","og_image":[{"width":1900,"height":1056,"url":"https:\/\/www.campinglesbastets.com\/wp-content\/uploads\/2022\/03\/visiter-cite-du-chocolat.jpg","type":"image\/jpeg"}],"twitter_card":"summary_large_image","schema":{"@context":"https:\/\/schema.org","@graph":[{"@type":"WebPage","@id":"https:\/\/www.campinglesbastets.com\/nl\/omgeving\/de-stad-van-chocolade\/","url":"https:\/\/www.campinglesbastets.com\/nl\/omgeving\/de-stad-van-chocolade\/","name":"Idee voor een leuk uitje in de Dr\u00f4me: La Cit\u00e9 du Chocolat","isPartOf":{"@id":"https:\/\/www.campinglesbastets.com\/nl\/#website"},"primaryImageOfPage":{"@id":"https:\/\/www.campinglesbastets.com\/nl\/omgeving\/de-stad-van-chocolade\/#primaryimage"},"image":{"@id":"https:\/\/www.campinglesbastets.com\/nl\/omgeving\/de-stad-van-chocolade\/#primaryimage"},"thumbnailUrl":"https:\/\/www.campinglesbastets.com\/wp-content\/uploads\/2022\/03\/visiter-cite-du-chocolat.jpg","datePublished":"2022-03-07T12:41:54+00:00","dateModified":"2022-05-06T13:24:19+00:00","description":"Ontdek de geheimen van het maken van chocolade tijdens uw bezoek aan de Cit\u00e9 du chocolat tijdens uw familievakantie in de Dr\u00f4me Proven\u00e7ale.","breadcrumb":{"@id":"https:\/\/www.campinglesbastets.com\/nl\/omgeving\/de-stad-van-chocolade\/#breadcrumb"},"inLanguage":"nl-NL","potentialAction":[{"@type":"ReadAction","target":["https:\/\/www.campinglesbastets.com\/nl\/omgeving\/de-stad-van-chocolade\/"]}]},{"@type":"ImageObject","inLanguage":"nl-NL","@id":"https:\/\/www.campinglesbastets.com\/nl\/omgeving\/de-stad-van-chocolade\/#primaryimage","url":"https:\/\/www.campinglesbastets.com\/wp-content\/uploads\/2022\/03\/visiter-cite-du-chocolat.jpg","contentUrl":"https:\/\/www.campinglesbastets.com\/wp-content\/uploads\/2022\/03\/visiter-cite-du-chocolat.jpg","width":1900,"height":1056,"caption":"visiter cite du chocolat"},{"@type":"BreadcrumbList","@id":"https:\/\/www.campinglesbastets.com\/nl\/omgeving\/de-stad-van-chocolade\/#breadcrumb","itemListElement":[{"@type":"ListItem","position":1,"name":"Camping Dr\u00f4me","item":"https:\/\/www.campinglesbastets.com\/nl\/"},{"@type":"ListItem","position":2,"name":"TOERISME IN DE DR\u00d4ME PROVEN\u00c7ALE","item":"https:\/\/www.campinglesbastets.com\/nl\/omgeving\/"},{"@type":"ListItem","position":3,"name":"De stad van chocolade"}]},{"@type":"WebSite","@id":"https:\/\/www.campinglesbastets.com\/nl\/#website","url":"https:\/\/www.campinglesbastets.com\/nl\/","name":"Camping Les Bastets","description":"","publisher":{"@id":"https:\/\/www.campinglesbastets.com\/nl\/#organization"},"potentialAction":[{"@type":"SearchAction","target":{"@type":"EntryPoint","urlTemplate":"https:\/\/www.campinglesbastets.com\/nl\/?s={search_term_string}"},"query-input":{"@type":"PropertyValueSpecification","valueRequired":true,"valueName":"search_term_string"}}],"inLanguage":"nl-NL"},{"@type":"Organization","@id":"https:\/\/www.campinglesbastets.com\/nl\/#organization","name":"Camping Les Bastets","url":"https:\/\/www.campinglesbastets.com\/nl\/","logo":{"@type":"ImageObject","inLanguage":"nl-NL","@id":"https:\/\/www.campinglesbastets.com\/nl\/#\/schema\/logo\/image\/","url":"https:\/\/www.campinglesbastets.com\/wp-content\/uploads\/2022\/02\/favicon-1.png","contentUrl":"https:\/\/www.campinglesbastets.com\/wp-content\/uploads\/2022\/02\/favicon-1.png","width":1423,"height":1423,"caption":"Camping Les Bastets"},"image":{"@id":"https:\/\/www.campinglesbastets.com\/nl\/#\/schema\/logo\/image\/"}}]}},"_links":{"self":[{"href":"https:\/\/www.campinglesbastets.com\/nl\/wp-json\/wp\/v2\/pages\/9783","targetHints":{"allow":["GET"]}}],"collection":[{"href":"https:\/\/www.campinglesbastets.com\/nl\/wp-json\/wp\/v2\/pages"}],"about":[{"href":"https:\/\/www.campinglesbastets.com\/nl\/wp-json\/wp\/v2\/types\/page"}],"author":[{"embeddable":true,"href":"https:\/\/www.campinglesbastets.com\/nl\/wp-json\/wp\/v2\/users\/1"}],"replies":[{"embeddable":true,"href":"https:\/\/www.campinglesbastets.com\/nl\/wp-json\/wp\/v2\/comments?post=9783"}],"version-history":[{"count":13,"href":"https:\/\/www.campinglesbastets.com\/nl\/wp-json\/wp\/v2\/pages\/9783\/revisions"}],"predecessor-version":[{"id":10966,"href":"https:\/\/www.campinglesbastets.com\/nl\/wp-json\/wp\/v2\/pages\/9783\/revisions\/10966"}],"up":[{"embeddable":true,"href":"https:\/\/www.campinglesbastets.com\/nl\/wp-json\/wp\/v2\/pages\/9700"}],"wp:featuredmedia":[{"embeddable":true,"href":"https:\/\/www.campinglesbastets.com\/nl\/wp-json\/wp\/v2\/media\/7307"}],"wp:attachment":[{"href":"https:\/\/www.campinglesbastets.com\/nl\/wp-json\/wp\/v2\/media?parent=9783"}],"curies":[{"name":"wp","href":"https:\/\/api.w.org\/{rel}","templated":true}]}}