{"id":9778,"date":"2022-03-07T13:56:26","date_gmt":"2022-03-07T12:56:26","guid":{"rendered":"https:\/\/www.campinglesbastets.com\/omgeving\/visiter-marsanne\/"},"modified":"2022-05-06T15:25:29","modified_gmt":"2022-05-06T13:25:29","slug":"bezoek-marsanne","status":"publish","type":"page","link":"https:\/\/www.campinglesbastets.com\/nl\/omgeving\/bezoek-marsanne\/","title":{"rendered":"Bezoek Marsanne"},"content":{"rendered":"<section id=\"section-6228864fc56f3\"\" class=\"section bg-white p-b-0\" \/><div class=\"container extralarge\"><h1 class=\"element section-title center\">Bezoek Marsanne<\/h1><div class=\"element bloc-text left \">\n\t<p><strong>Marsanne<\/strong>, gelegen tussen Mont\u00e9limar en Valence in het departement Dr\u00f4me, is een\u00a0<strong>charmant hooggelegen dorp<\/strong>\u00a0waar sporen van het verleden hand in hand gaan met de ambachten van vandaag de dag. Het is een een aanrader om dit dorp te bezoeken tijdens je vakantie op\u00a0<a href=\"\/nl\/\"><span style=\"color: #0000ff;\"><u>camping Les Bastets<\/u><\/span><\/a>\u00a0in de Dr\u00f4me Proven\u00e7ale.<\/p>\n<\/div><h2 class=\"element section-title left\">Marsanne: een pittoresk historisch dorp<\/h2><div class=\"element bloc-text left \">\n\t<p><a href=\"http:\/\/www.mairie-marsanne.fr\/\" target=\"_blank\" rel=\"noopener\"><span style=\"color: #0000ff;\"><u>Marsanne<\/u><\/span><\/a>\u00a0is een\u00a0<strong>typisch Dr\u00f4me-dorp<\/strong>\u00a0waarvan de geschiedenis begon in de oudheid. Het dorp ontwikkelde zich vooral in de middeleeuwen omdat het op een van de wegen lag die de kruisvaarders gebruikten om naar Jeruzalem te komen. Enkele opvallende momenten in de geschiedenis van Marsanne zijn onder andere:<\/p>\n<ul>\n<li>Voordat hij koning van Frankrijk werd, zou Lodewijk XI daar in 1449 hebben verbleven;<\/li>\n<li>Het feodale dorp behoorde in de 15e en 16e eeuw toe aan de machtige familie Adh\u00e9mar;<\/li>\n<li>Tijdens de godsdienstoorlogen bleven de dorpelingen verenigd ondanks de problemen, zelfs toen het in de 16e eeuw voor maar liefst 11 maanden lang werd belegerd;<\/li>\n<li>In 1838 werd \u00c9mile Loubet geboren in Marsanne en verkozen tot president van de republiek in 1899 na de dood van F\u00e9lix Faure.<\/li>\n<\/ul>\n<p>In de jaren zestig werd het middeleeuwse deel van het dorp gerestaureerd. Wanneer je tegenwoordig in Marsanne bent voel je daar nog steeds een bepaald gevoel van toen, alsof het verleden op het punt staat uit elke steen tevoorschijn te komen. Dit is misschien wat de ambachtslieden en kunstenaars aantrok die zich uiteindelijk in Marsanne vestigden. Het dorp inspireert al decennialang schilders, pottenbakkers en keramisten. Tijdens je vakantie op camping Les Bastets heb je de mogelijkheid om Marsanne te bezoeken, aangezien het centrum van het dorp op ongeveer\u00a0<strong>2,5 km afstand van de camping ligt.<\/strong><\/p>\n<p><iframe loading=\"lazy\" title=\"YouTube video player\" src=\"https:\/\/www.youtube.com\/embed\/AXIFkOOmqC4\" width=\"100%\" height=\"315\" frameborder=\"0\" allowfullscreen=\"allowfullscreen\"><\/iframe><\/p>\n<\/div><h2 class=\"element section-title left\">Wat te doen in Marsanne?<\/h2><div class=\"element bloc-text left \">\n\t<p>Wanneer je meer wilt weten van het verleden van Marsanne is het aan te raden om simpelweg door de straten van het dorp te gaan wandelen. Je gaat hier van de 19e eeuw naar de 15e eeuw in slechts een paar honderd meter. In het meest recente deel van Marsanne ontdek je de\u00a0<strong>oude woningen uit de 17e eeuw<\/strong>\u00a0, het gemeentehuis van het dorp en een kasteel. Een ontspannen wandeling over de rue du Comte de Poitiers zorgt ervoor dat je terug in de tijd stapt.<\/p>\n<p>Als je onder het belfort doorloopt, kom je in het oude dorp met de vele rustige straatjes en stenen huizen. De kerk Saint-F\u00e9lix uit de 12e eeuw en de ru\u00efnes zijn vervolgens nog maar een paar stappen verwijderd. Vanaf hier worden bezoekers beloond met mooie uitzichten over de vallei en het bos. Iets verder is de<strong>\u00a0kapel Notre-Dame-de-Fresneau<\/strong>\u00a0de bekendste plaats in Marsanne. Het dateert uit de 11e eeuw en wordt sinds de 12e eeuw in verband gebracht met een wonder. De kapel is nog steeds een bedevaartsoord voor christenen.\u00a0<strong>Marsanne<\/strong>\u00a0gaf ook zijn naam aan een lokale witte druivensoort die voorkomt in verschillende wijnen uit de Rh\u00f4ne-vallei. Het zal je dan ook niet verbazen dat het dorp is omgeven door wijngaarden.<\/p>\n<\/div><h2 class=\"element section-title left\">Wandelen rond Marsanne<\/h2><div class=\"element bloc-text left \">\n\t<p>In het gebied ten noorden van Marsanne is een\u00a0<strong>groot bos te vinden waar je heerlijk kunt wandelen<\/strong>. Vanaf het gemeentehuis van Marsanne start een schitterende wandeling van iets meer dan 11 km. Het loopt door het oude dorp naar het bos en weer terug naar het dorp. Deze wandeling neemt ongeveer 4 uur in beslag. Een kortere wandeling, het pad van\u00a0<strong>Serre de Paruel<\/strong>, biedt een prachtig uitzicht op de Vercors. Met een totale afstand van minder dan 4 km begint het vanaf Place \u00c9mile Loubet en vervolgens door de kapel Notre-Dame-de-Fresneau. De wandelpaden doorkruisen het bos en gaan omhoog naar de Col de la Grande Limite, waar het For\u00eat de Robin ligt, een\u00a0<strong>boomklimparcours<\/strong>\u00a0voor de hele familie. Het is overigens niet nodig om het dorp te verlaten om de omliggende natuur te verkennen, want er beginnen verschillende routes in de buurt van camping Les Bastets, die gelegen is aan de rand van het bos.<\/p>\n<\/div><\/div><\/section>\n\n<section id=\"section-6228864fc585b\"\" class=\"section bg-white\" \/><div class=\"container extralarge\"><div class=\"element section-title center h2-like\">D\u00e9couvrez les activit\u00e9s et le vin de la Dr\u00f4me<\/div><ul class=\"liste-de-page\"><li class=\"element call-to-action carre call-to-action--style-1 call-to-action--big\"><a href=\"https:\/\/www.campinglesbastets.com\/nl\/omgeving\/de-heuveldorpen\/\"  class=\"call-to-action_link\" title=\"En savoir plus sur de dorpen op de heuveltop\"><div class=\"call-to-action_image\"><img decoding=\"async\" src=\"https:\/\/www.campinglesbastets.com\/wp-content\/uploads\/2022\/03\/village-poet-laval.jpg\" data-src=\"https:\/\/www.campinglesbastets.com\/wp-content\/uploads\/2022\/03\/village-poet-laval.jpg\" alt=\"village poet laval\" class=\"big\" \/><\/div><div class=\"call-to-action_contenu\"><div class=\"call-to-action_titre\">De dorpen op de heuveltop<\/div><\/div><\/a><\/li><li class=\"element call-to-action carre call-to-action--style-1 call-to-action--big call-to-action--style-1 call-to-action--big\"><a href=\"https:\/\/www.campinglesbastets.com\/nl\/omgeving\/zwemmen-in-de-drome-hier-moet-zijn\/\"  class=\"call-to-action_link\" title=\"En savoir plus sur badderen\"><div class=\"call-to-action_image\"><img decoding=\"async\" src=\"https:\/\/www.campinglesbastets.com\/wp-content\/uploads\/2022\/03\/baignade-pres-du-camping.jpg\" data-src=\"https:\/\/www.campinglesbastets.com\/wp-content\/uploads\/2022\/03\/baignade-pres-du-camping.jpg\" alt=\"baignade pres du camping\" class=\"big\" \/><\/div><div class=\"call-to-action_contenu\"><div class=\"call-to-action_titre\">Badderen<\/div><\/div><\/a><\/li><li class=\"element call-to-action carre call-to-action--style-1 call-to-action--big call-to-action--style-1 call-to-action--big call-to-action--style-1 call-to-action--big\"><a href=\"https:\/\/www.campinglesbastets.com\/nl\/omgeving\/kasteel-van-grignan\/\"  class=\"call-to-action_link\" title=\"En savoir plus sur het kasteel van grignan, een juweel van de proven\u00e7aalse dr\u00f4me\"><div class=\"call-to-action_image\"><img decoding=\"async\" src=\"https:\/\/www.campinglesbastets.com\/wp-content\/uploads\/2022\/03\/chateau-grignan.jpg\" data-src=\"https:\/\/www.campinglesbastets.com\/wp-content\/uploads\/2022\/03\/chateau-grignan.jpg\" alt=\"chateau grignan\" class=\"big\" \/><\/div><div class=\"call-to-action_contenu\"><div class=\"call-to-action_titre\">Het kasteel van Grignan, een juweel van de Proven\u00e7aalse Dr\u00f4me<\/div><\/div><\/a><\/li><li class=\"element call-to-action carre call-to-action--style-1 call-to-action--big call-to-action--style-1 call-to-action--big call-to-action--style-1 call-to-action--big call-to-action--style-1 call-to-action--big\"><a href=\"https:\/\/www.campinglesbastets.com\/nl\/omgeving\/ontdek-het-boeiende-gebied-van-de-vercors\/\"  class=\"call-to-action_link\" title=\"En savoir plus sur pont en royans\"><div class=\"call-to-action_image\"><img decoding=\"async\" src=\"https:\/\/www.campinglesbastets.com\/wp-content\/uploads\/2022\/03\/pont-en-royans-a-decouvrir.jpg\" data-src=\"https:\/\/www.campinglesbastets.com\/wp-content\/uploads\/2022\/03\/pont-en-royans-a-decouvrir.jpg\" alt=\"pont en royans a decouvrir\" class=\"big\" \/><\/div><div class=\"call-to-action_contenu\"><div class=\"call-to-action_titre\">Pont en Royans<\/div><\/div><\/a><\/li><li class=\"element call-to-action carre call-to-action--style-1 call-to-action--big call-to-action--style-1 call-to-action--big call-to-action--style-1 call-to-action--big call-to-action--style-1 call-to-action--big call-to-action--style-1 call-to-action--big\"><a href=\"https:\/\/www.campinglesbastets.com\/nl\/omgeving\/wat-kun-zien-doen-in-regionaal-natuurpark-van-de-vercors\/\"  class=\"call-to-action_link\" title=\"En savoir plus sur natuurpark vercors\"><div class=\"call-to-action_image\"><img decoding=\"async\" src=\"https:\/\/www.campinglesbastets.com\/wp-content\/uploads\/2022\/03\/balades-parc-vercors.jpg\" data-src=\"https:\/\/www.campinglesbastets.com\/wp-content\/uploads\/2022\/03\/balades-parc-vercors.jpg\" alt=\"balades parc vercors\" class=\"big\" \/><\/div><div class=\"call-to-action_contenu\"><div class=\"call-to-action_titre\">Natuurpark Vercors<\/div><\/div><\/a><\/li><li class=\"element call-to-action carre call-to-action--style-1 call-to-action--big call-to-action--style-1 call-to-action--big call-to-action--style-1 call-to-action--big call-to-action--style-1 call-to-action--big call-to-action--style-1 call-to-action--big call-to-action--style-1 call-to-action--big\"><a href=\"https:\/\/www.campinglesbastets.com\/nl\/omgeving\/robin-forest\/\"  class=\"call-to-action_link\" title=\"En savoir plus sur robin&#8217;s bos\"><div class=\"call-to-action_image\"><img decoding=\"async\" src=\"https:\/\/www.campinglesbastets.com\/wp-content\/uploads\/2022\/03\/acrobranche-camping-bastets.jpg\" data-src=\"https:\/\/www.campinglesbastets.com\/wp-content\/uploads\/2022\/03\/acrobranche-camping-bastets.jpg\" alt=\"acrobranche camping bastets\" class=\"big\" \/><\/div><div class=\"call-to-action_contenu\"><div class=\"call-to-action_titre\">Robin&#8217;s Bos<\/div><\/div><\/a><\/li><\/ul><\/div><\/section>","protected":false},"excerpt":{"rendered":"","protected":false},"author":1,"featured_media":7243,"parent":9700,"menu_order":0,"comment_status":"closed","ping_status":"closed","template":"","meta":{"_acf_changed":false,"footnotes":""},"class_list":["post-9778","page","type-page","status-publish","has-post-thumbnail","hentry"],"acf":[],"yoast_head":"<!-- This site is optimized with the Yoast SEO plugin v25.3 - https:\/\/yoast.com\/wordpress\/plugins\/seo\/ -->\n<title>Toerisme Dr\u00f4me | Ontdek het hooggelegen dorp Marsanne<\/title>\n<meta name=\"description\" content=\"Bezoek het dorp Marsanne, een hooggelegen stad, typisch voor de Dr\u00f4me Proven\u00e7ale. Slenter door de steegjes en maak een reis terug in de tijd.\" \/>\n<meta name=\"robots\" content=\"index, follow, max-snippet:-1, max-image-preview:large, max-video-preview:-1\" \/>\n<link rel=\"canonical\" href=\"https:\/\/www.campinglesbastets.com\/nl\/omgeving\/bezoek-marsanne\/\" \/>\n<meta property=\"og:locale\" content=\"nl_NL\" \/>\n<meta property=\"og:type\" content=\"article\" \/>\n<meta property=\"og:title\" content=\"Toerisme Dr\u00f4me | Ontdek het hooggelegen dorp Marsanne\" \/>\n<meta property=\"og:description\" content=\"Bezoek het dorp Marsanne, een hooggelegen stad, typisch voor de Dr\u00f4me Proven\u00e7ale. Slenter door de steegjes en maak een reis terug in de tijd.\" \/>\n<meta property=\"og:url\" content=\"https:\/\/www.campinglesbastets.com\/nl\/omgeving\/bezoek-marsanne\/\" \/>\n<meta property=\"og:site_name\" content=\"Camping Les Bastets\" \/>\n<meta property=\"article:modified_time\" content=\"2022-05-06T13:25:29+00:00\" \/>\n<meta property=\"og:image\" content=\"https:\/\/www.campinglesbastets.com\/wp-content\/uploads\/2022\/03\/decouvrir-marsanne.jpg\" \/>\n\t<meta property=\"og:image:width\" content=\"1900\" \/>\n\t<meta property=\"og:image:height\" content=\"1056\" \/>\n\t<meta property=\"og:image:type\" content=\"image\/jpeg\" \/>\n<meta name=\"twitter:card\" content=\"summary_large_image\" \/>\n<script type=\"application\/ld+json\" class=\"yoast-schema-graph\">{\"@context\":\"https:\/\/schema.org\",\"@graph\":[{\"@type\":\"WebPage\",\"@id\":\"https:\/\/www.campinglesbastets.com\/nl\/omgeving\/bezoek-marsanne\/\",\"url\":\"https:\/\/www.campinglesbastets.com\/nl\/omgeving\/bezoek-marsanne\/\",\"name\":\"Toerisme Dr\u00f4me | Ontdek het hooggelegen dorp Marsanne\",\"isPartOf\":{\"@id\":\"https:\/\/www.campinglesbastets.com\/nl\/#website\"},\"primaryImageOfPage\":{\"@id\":\"https:\/\/www.campinglesbastets.com\/nl\/omgeving\/bezoek-marsanne\/#primaryimage\"},\"image\":{\"@id\":\"https:\/\/www.campinglesbastets.com\/nl\/omgeving\/bezoek-marsanne\/#primaryimage\"},\"thumbnailUrl\":\"https:\/\/www.campinglesbastets.com\/wp-content\/uploads\/2022\/03\/decouvrir-marsanne.jpg\",\"datePublished\":\"2022-03-07T12:56:26+00:00\",\"dateModified\":\"2022-05-06T13:25:29+00:00\",\"description\":\"Bezoek het dorp Marsanne, een hooggelegen stad, typisch voor de Dr\u00f4me Proven\u00e7ale. Slenter door de steegjes en maak een reis terug in de tijd.\",\"breadcrumb\":{\"@id\":\"https:\/\/www.campinglesbastets.com\/nl\/omgeving\/bezoek-marsanne\/#breadcrumb\"},\"inLanguage\":\"nl-NL\",\"potentialAction\":[{\"@type\":\"ReadAction\",\"target\":[\"https:\/\/www.campinglesbastets.com\/nl\/omgeving\/bezoek-marsanne\/\"]}]},{\"@type\":\"ImageObject\",\"inLanguage\":\"nl-NL\",\"@id\":\"https:\/\/www.campinglesbastets.com\/nl\/omgeving\/bezoek-marsanne\/#primaryimage\",\"url\":\"https:\/\/www.campinglesbastets.com\/wp-content\/uploads\/2022\/03\/decouvrir-marsanne.jpg\",\"contentUrl\":\"https:\/\/www.campinglesbastets.com\/wp-content\/uploads\/2022\/03\/decouvrir-marsanne.jpg\",\"width\":1900,\"height\":1056,\"caption\":\"decouvrir marsanne\"},{\"@type\":\"BreadcrumbList\",\"@id\":\"https:\/\/www.campinglesbastets.com\/nl\/omgeving\/bezoek-marsanne\/#breadcrumb\",\"itemListElement\":[{\"@type\":\"ListItem\",\"position\":1,\"name\":\"Camping Dr\u00f4me\",\"item\":\"https:\/\/www.campinglesbastets.com\/nl\/\"},{\"@type\":\"ListItem\",\"position\":2,\"name\":\"TOERISME IN DE DR\u00d4ME PROVEN\u00c7ALE\",\"item\":\"https:\/\/www.campinglesbastets.com\/nl\/omgeving\/\"},{\"@type\":\"ListItem\",\"position\":3,\"name\":\"Bezoek Marsanne\"}]},{\"@type\":\"WebSite\",\"@id\":\"https:\/\/www.campinglesbastets.com\/nl\/#website\",\"url\":\"https:\/\/www.campinglesbastets.com\/nl\/\",\"name\":\"Camping Les Bastets\",\"description\":\"\",\"publisher\":{\"@id\":\"https:\/\/www.campinglesbastets.com\/nl\/#organization\"},\"potentialAction\":[{\"@type\":\"SearchAction\",\"target\":{\"@type\":\"EntryPoint\",\"urlTemplate\":\"https:\/\/www.campinglesbastets.com\/nl\/?s={search_term_string}\"},\"query-input\":{\"@type\":\"PropertyValueSpecification\",\"valueRequired\":true,\"valueName\":\"search_term_string\"}}],\"inLanguage\":\"nl-NL\"},{\"@type\":\"Organization\",\"@id\":\"https:\/\/www.campinglesbastets.com\/nl\/#organization\",\"name\":\"Camping Les Bastets\",\"url\":\"https:\/\/www.campinglesbastets.com\/nl\/\",\"logo\":{\"@type\":\"ImageObject\",\"inLanguage\":\"nl-NL\",\"@id\":\"https:\/\/www.campinglesbastets.com\/nl\/#\/schema\/logo\/image\/\",\"url\":\"https:\/\/www.campinglesbastets.com\/wp-content\/uploads\/2022\/02\/favicon-1.png\",\"contentUrl\":\"https:\/\/www.campinglesbastets.com\/wp-content\/uploads\/2022\/02\/favicon-1.png\",\"width\":1423,\"height\":1423,\"caption\":\"Camping Les Bastets\"},\"image\":{\"@id\":\"https:\/\/www.campinglesbastets.com\/nl\/#\/schema\/logo\/image\/\"}}]}<\/script>\n<!-- \/ Yoast SEO plugin. -->","yoast_head_json":{"title":"Toerisme Dr\u00f4me | Ontdek het hooggelegen dorp Marsanne","description":"Bezoek het dorp Marsanne, een hooggelegen stad, typisch voor de Dr\u00f4me Proven\u00e7ale. Slenter door de steegjes en maak een reis terug in de tijd.","robots":{"index":"index","follow":"follow","max-snippet":"max-snippet:-1","max-image-preview":"max-image-preview:large","max-video-preview":"max-video-preview:-1"},"canonical":"https:\/\/www.campinglesbastets.com\/nl\/omgeving\/bezoek-marsanne\/","og_locale":"nl_NL","og_type":"article","og_title":"Toerisme Dr\u00f4me | Ontdek het hooggelegen dorp Marsanne","og_description":"Bezoek het dorp Marsanne, een hooggelegen stad, typisch voor de Dr\u00f4me Proven\u00e7ale. Slenter door de steegjes en maak een reis terug in de tijd.","og_url":"https:\/\/www.campinglesbastets.com\/nl\/omgeving\/bezoek-marsanne\/","og_site_name":"Camping Les Bastets","article_modified_time":"2022-05-06T13:25:29+00:00","og_image":[{"width":1900,"height":1056,"url":"https:\/\/www.campinglesbastets.com\/wp-content\/uploads\/2022\/03\/decouvrir-marsanne.jpg","type":"image\/jpeg"}],"twitter_card":"summary_large_image","schema":{"@context":"https:\/\/schema.org","@graph":[{"@type":"WebPage","@id":"https:\/\/www.campinglesbastets.com\/nl\/omgeving\/bezoek-marsanne\/","url":"https:\/\/www.campinglesbastets.com\/nl\/omgeving\/bezoek-marsanne\/","name":"Toerisme Dr\u00f4me | Ontdek het hooggelegen dorp Marsanne","isPartOf":{"@id":"https:\/\/www.campinglesbastets.com\/nl\/#website"},"primaryImageOfPage":{"@id":"https:\/\/www.campinglesbastets.com\/nl\/omgeving\/bezoek-marsanne\/#primaryimage"},"image":{"@id":"https:\/\/www.campinglesbastets.com\/nl\/omgeving\/bezoek-marsanne\/#primaryimage"},"thumbnailUrl":"https:\/\/www.campinglesbastets.com\/wp-content\/uploads\/2022\/03\/decouvrir-marsanne.jpg","datePublished":"2022-03-07T12:56:26+00:00","dateModified":"2022-05-06T13:25:29+00:00","description":"Bezoek het dorp Marsanne, een hooggelegen stad, typisch voor de Dr\u00f4me Proven\u00e7ale. Slenter door de steegjes en maak een reis terug in de tijd.","breadcrumb":{"@id":"https:\/\/www.campinglesbastets.com\/nl\/omgeving\/bezoek-marsanne\/#breadcrumb"},"inLanguage":"nl-NL","potentialAction":[{"@type":"ReadAction","target":["https:\/\/www.campinglesbastets.com\/nl\/omgeving\/bezoek-marsanne\/"]}]},{"@type":"ImageObject","inLanguage":"nl-NL","@id":"https:\/\/www.campinglesbastets.com\/nl\/omgeving\/bezoek-marsanne\/#primaryimage","url":"https:\/\/www.campinglesbastets.com\/wp-content\/uploads\/2022\/03\/decouvrir-marsanne.jpg","contentUrl":"https:\/\/www.campinglesbastets.com\/wp-content\/uploads\/2022\/03\/decouvrir-marsanne.jpg","width":1900,"height":1056,"caption":"decouvrir marsanne"},{"@type":"BreadcrumbList","@id":"https:\/\/www.campinglesbastets.com\/nl\/omgeving\/bezoek-marsanne\/#breadcrumb","itemListElement":[{"@type":"ListItem","position":1,"name":"Camping Dr\u00f4me","item":"https:\/\/www.campinglesbastets.com\/nl\/"},{"@type":"ListItem","position":2,"name":"TOERISME IN DE DR\u00d4ME PROVEN\u00c7ALE","item":"https:\/\/www.campinglesbastets.com\/nl\/omgeving\/"},{"@type":"ListItem","position":3,"name":"Bezoek Marsanne"}]},{"@type":"WebSite","@id":"https:\/\/www.campinglesbastets.com\/nl\/#website","url":"https:\/\/www.campinglesbastets.com\/nl\/","name":"Camping Les Bastets","description":"","publisher":{"@id":"https:\/\/www.campinglesbastets.com\/nl\/#organization"},"potentialAction":[{"@type":"SearchAction","target":{"@type":"EntryPoint","urlTemplate":"https:\/\/www.campinglesbastets.com\/nl\/?s={search_term_string}"},"query-input":{"@type":"PropertyValueSpecification","valueRequired":true,"valueName":"search_term_string"}}],"inLanguage":"nl-NL"},{"@type":"Organization","@id":"https:\/\/www.campinglesbastets.com\/nl\/#organization","name":"Camping Les Bastets","url":"https:\/\/www.campinglesbastets.com\/nl\/","logo":{"@type":"ImageObject","inLanguage":"nl-NL","@id":"https:\/\/www.campinglesbastets.com\/nl\/#\/schema\/logo\/image\/","url":"https:\/\/www.campinglesbastets.com\/wp-content\/uploads\/2022\/02\/favicon-1.png","contentUrl":"https:\/\/www.campinglesbastets.com\/wp-content\/uploads\/2022\/02\/favicon-1.png","width":1423,"height":1423,"caption":"Camping Les Bastets"},"image":{"@id":"https:\/\/www.campinglesbastets.com\/nl\/#\/schema\/logo\/image\/"}}]}},"_links":{"self":[{"href":"https:\/\/www.campinglesbastets.com\/nl\/wp-json\/wp\/v2\/pages\/9778","targetHints":{"allow":["GET"]}}],"collection":[{"href":"https:\/\/www.campinglesbastets.com\/nl\/wp-json\/wp\/v2\/pages"}],"about":[{"href":"https:\/\/www.campinglesbastets.com\/nl\/wp-json\/wp\/v2\/types\/page"}],"author":[{"embeddable":true,"href":"https:\/\/www.campinglesbastets.com\/nl\/wp-json\/wp\/v2\/users\/1"}],"replies":[{"embeddable":true,"href":"https:\/\/www.campinglesbastets.com\/nl\/wp-json\/wp\/v2\/comments?post=9778"}],"version-history":[{"count":7,"href":"https:\/\/www.campinglesbastets.com\/nl\/wp-json\/wp\/v2\/pages\/9778\/revisions"}],"predecessor-version":[{"id":10968,"href":"https:\/\/www.campinglesbastets.com\/nl\/wp-json\/wp\/v2\/pages\/9778\/revisions\/10968"}],"up":[{"embeddable":true,"href":"https:\/\/www.campinglesbastets.com\/nl\/wp-json\/wp\/v2\/pages\/9700"}],"wp:featuredmedia":[{"embeddable":true,"href":"https:\/\/www.campinglesbastets.com\/nl\/wp-json\/wp\/v2\/media\/7243"}],"wp:attachment":[{"href":"https:\/\/www.campinglesbastets.com\/nl\/wp-json\/wp\/v2\/media?parent=9778"}],"curies":[{"name":"wp","href":"https:\/\/api.w.org\/{rel}","templated":true}]}}