{"id":9762,"date":"2022-03-10T15:53:26","date_gmt":"2022-03-10T14:53:26","guid":{"rendered":"https:\/\/www.campinglesbastets.com\/omgeving\/la-lavande\/"},"modified":"2022-04-20T11:25:59","modified_gmt":"2022-04-20T09:25:59","slug":"lavendel","status":"publish","type":"page","link":"https:\/\/www.campinglesbastets.com\/nl\/omgeving\/lavendel\/","title":{"rendered":"Lavendel"},"content":{"rendered":"<section id=\"section-622a186943f47\"\" class=\"section bg-white p-b-0\" \/><div class=\"container extralarge\"><h1 class=\"element section-title center\">De mooiste lavendelvelden van Frankrijk<\/h1><div class=\"element bloc-text left \">\n\t<p>Ga je naar het zuidoosten van Frankrijk, dan zijn de honderden lavendelvelden die dit deel van het land rijk is onmisbaar.<br \/>\n<!--more--><br \/>\nHet is een integraal deel van de landschappen van de Dr\u00f4me, lavendel is vandaag de dag het representatieve symbool van de regio. Het wordt gewaardeerd om zijn geur, maar ook om zijn therapeutische deugden: Angst, slapeloosheid, brandwonden, concentratie, spierontspanning, enz.<br \/>\nEr zijn veel kleine producenten die biologische lavendel kweken. U kunt de velden bezoeken, deelnemen aan de distillatie van uw lavendel en vertrekken met uw eigen flesje, of zelfs van een massage in het midden van de velden genieten.<br \/>\nEen echt landschap van een ansichtkaart; u zult altijd van de kleuren blijven genieten.<br \/>\nDe streek staat bekend om de vele velden vol lavendel: ieder jaar komen duizenden toeristen naar dit gebied om te genieten van al dit paarse natuurlijke schoon. Half juni staan de velden volop in bloei: tot ongeveer het einde van juli en soms zelfs het midden van augustus kun je de vergezichten vol bloemen bekijken. Waar je precies moet zijn voor de mooiste lavendelvelden in de Provence en de Dr\u00f4me lees je in dit artikel, evenals de geschiedenis van lavendel in de regio en het belang van de zogeheten lavendelroutes.<\/p>\n<h2>Geschiedenis van de lavendelvelden in Frankrijk<\/h2>\n<p>Denk je aan Zuid-Frankrijk dan denk je aan velden vol gele zonnebloemen \u00e9n paarse lavendel. In eerste instantie werd de lavendel geteeld op plekken waar niets anders kon groeien. Voor de dwergstruik is een arme ondergrond genoeg om te kunnen bloeien, iets wat in het zuiden van Frankrijk veel voorkomt en kwam. Vroeger waren er n\u00f3g meer lavendelvelden te vinden dan nu, tegenwoordig hebben veel boeren de bodem vruchtbaar gemaakt en ingezet voor de wijnbouw. Er gaat nu nog steeds een verhaal rond over de lavendel die vroeger al verbouwd werd in de Provence.<\/p>\n<p>Een fee genaamd Lavendula werd geboren op de Montagne de Lure in de Alpes-de-Haute-Provence, middenin een veld vol lavendel. Zij zocht een plek op waar ze kon wonen en stuitte daarbij op de Provence. De fee werd ontzettend verdrietig van het arme landschap waar amper groen te vinden was en huilde op de pagina in de Atlas. Haar tranen maakten grote vlekken, waarna ze een stuk blauwe lucht nam en plakte op de vlekken. Wonder boven wonder groeit er sinds die dag lavendel in de Provence om het natuurarme gebied mooier te maken.<\/p>\n<p><iframe loading=\"lazy\" src=\"https:\/\/www.youtube.com\/embed\/for4281n99s\" width=\"100%\" height=\"315\" frameborder=\"0\" allowfullscreen=\"allowfullscreen\"><\/iframe><\/p>\n<h2>Waar wordt lavendel voor gebruikt?<\/h2>\n<p>Of het verhaal klopt of niet; feit is dat er tegenwoordig nog steeds veel lavendel te vinden is in dit gebied van Frankrijk. De bloeiperiode van de lavendel, vanaf juni tot soms half augustus, is het moment voor de boeren om te oogsten. Op verschillende plekken in de streek kun je in deze maanden terecht om de handmatige en traditionele wijze van oogsten te bekijken. Voor de verkoop wordt het oogsten voornamelijk mechanisch gedaan, zodat er op een snelle wijze veel lavendel \u2018geplukt\u2019 wordt.<\/p>\n<p>De geoogste lavendel wordt voor verschillende doeleinden gebruikt: in de distilleerderij wordt de struik verwerkt tot een geurige olie. Deze olie werkt rustgevend, pijnstillend en is goed voor je evenwicht. Ook wordt lavendel in andere cosmetica en beautyproducten gebruikt, zoals zeep, shampoo, parfum en bruisballen voor in bad. Lavendel is daarnaast lekker als thee en bloemenwater en wordt soms zelfs in recepten gebruikt. Tot slot is het kruid een belangrijk onderdeel van de bekende Proven\u00e7aalse kruiden, die toevalligerwijs ook uit hetzelfde gebied komen.<\/p>\n<h2>Lavendelroutes in Dr\u00f4me en Provence<\/h2>\n<p>Om ook te kunnen genieten van de geuren en kleuren van de lavendelvelden wordt het aangeraden om in de vroege zomer naar de streek te gaan. In de Provence en de Dr\u00f4me heb je diverse toeristische routes langs de uitgestrekte lavendelvelden. Deze zogeheten lavendelroutes nemen je mee langs tientallen velden, lavendelfeesten, musea, distilleerderijen en winkeltjes. Door de Provence vind je zes routes tussen de 70 en 200 kilometer lang. Bezoek bijvoorbeeld de Lavendelmarkt Mont\u00e9limar en laat je verrassen door de vele lavendelproducten en de nabijgelegen lavendelfeesten.<\/p>\n<p>Ook in het departement de Dr\u00f4me vind je talloze lavendelvelden. Laat je meenemen van de Proven\u00e7aalse Dr\u00f4me naar de Vaucluse met niets minder dan de Mont Ventoux als leidraad. Of reis van de Proven\u00e7aalse Baronnies naar de Bu\u00ebch, waar je door een gebied komt waar echt overal lavendel in allerlei vormen te vinden is. In het oude Digne-les-Bains aan de voet van de Alpen, ook wel hoofdstad van de lavendel genoemd, vind je een heus lavendelmuseum waar je meer te weten komt over dit bijzondere product uit Zuid-Frankrijk.<br \/>\nHet is een integraal deel van de landschappen van de Dr\u00f4me, lavendel is vandaag de dag het representatieve symbool van de regio. Het wordt gewaardeerd om zijn geur, maar ook om zijn therapeutische deugden: Angst, slapeloosheid, brandwonden, concentratie, spierontspanning, enz.<br \/>\nEr zijn veel kleine producenten die biologische lavendel kweken. U kunt de velden bezoeken, deelnemen aan de distillatie van uw lavendel en vertrekken met uw eigen flesje, of zelfs van een massage in het midden van de velden genieten.<br \/>\nEen echt landschap van een ansichtkaart; u zult altijd van de kleuren blijven genieten.<\/p>\n<\/div><\/div><\/section>\n\n<section id=\"section-622a186944130\"\" class=\"section bg-white\" \/><div class=\"container extralarge\"><div class=\"element section-title center h2-like\">Ontdek Mont\u00e9limar en omgeving<\/div><ul class=\"liste-de-page\"><li class=\"element call-to-action carre call-to-action--style-1 call-to-action--big\"><a href=\"https:\/\/www.campinglesbastets.com\/nl\/omgeving\/lokale-producten\/\"  class=\"call-to-action_link\" title=\"En savoir plus sur landbouw\"><div class=\"call-to-action_image\"><img decoding=\"async\" src=\"https:\/\/www.campinglesbastets.com\/wp-content\/uploads\/2022\/08\/agriculture-drome.jpg\" data-src=\"https:\/\/www.campinglesbastets.com\/wp-content\/uploads\/2022\/08\/agriculture-drome.jpg\" alt=\"agriculture drome\" class=\"big\" \/><\/div><div class=\"call-to-action_contenu\"><div class=\"call-to-action_titre\">Landbouw<\/div><\/div><\/a><\/li><li class=\"element call-to-action carre call-to-action--style-1 call-to-action--big call-to-action--style-1 call-to-action--big\"><a href=\"https:\/\/www.campinglesbastets.com\/nl\/omgeving\/de-heuveldorpen\/\"  class=\"call-to-action_link\" title=\"En savoir plus sur de dorpen op de heuveltop\"><div class=\"call-to-action_image\"><img decoding=\"async\" src=\"https:\/\/www.campinglesbastets.com\/wp-content\/uploads\/2022\/03\/village-poet-laval.jpg\" data-src=\"https:\/\/www.campinglesbastets.com\/wp-content\/uploads\/2022\/03\/village-poet-laval.jpg\" alt=\"village poet laval\" class=\"big\" \/><\/div><div class=\"call-to-action_contenu\"><div class=\"call-to-action_titre\">De dorpen op de heuveltop<\/div><\/div><\/a><\/li><li class=\"element call-to-action carre call-to-action--style-1 call-to-action--big call-to-action--style-1 call-to-action--big call-to-action--style-1 call-to-action--big\"><a href=\"https:\/\/www.campinglesbastets.com\/nl\/omgeving\/bezoek-de-werkplaats-van-scourtinerie\/\"  class=\"call-to-action_link\" title=\"En savoir plus sur bezoek het atelier van la scourtinerie\u00a0\"><div class=\"call-to-action_image\"><img decoding=\"async\" src=\"https:\/\/www.campinglesbastets.com\/wp-content\/uploads\/2022\/03\/decouvrir-atelier-de-la-scourtinerie.jpg\" data-src=\"https:\/\/www.campinglesbastets.com\/wp-content\/uploads\/2022\/03\/decouvrir-atelier-de-la-scourtinerie.jpg\" alt=\"decouvrir atelier de la scourtinerie\" class=\"big\" \/><\/div><div class=\"call-to-action_contenu\"><div class=\"call-to-action_titre\">Bezoek het atelier van La Scourtinerie\u00a0<\/div><\/div><\/a><\/li><li class=\"element call-to-action carre call-to-action--style-1 call-to-action--big call-to-action--style-1 call-to-action--big call-to-action--style-1 call-to-action--big call-to-action--style-1 call-to-action--big\"><a href=\"https:\/\/www.campinglesbastets.com\/nl\/omgeving\/ontdek-het-boeiende-gebied-van-de-vercors\/\"  class=\"call-to-action_link\" title=\"En savoir plus sur pont en royans\"><div class=\"call-to-action_image\"><img decoding=\"async\" src=\"https:\/\/www.campinglesbastets.com\/wp-content\/uploads\/2022\/03\/pont-en-royans-a-decouvrir.jpg\" data-src=\"https:\/\/www.campinglesbastets.com\/wp-content\/uploads\/2022\/03\/pont-en-royans-a-decouvrir.jpg\" alt=\"pont en royans a decouvrir\" class=\"big\" \/><\/div><div class=\"call-to-action_contenu\"><div class=\"call-to-action_titre\">Pont en Royans<\/div><\/div><\/a><\/li><li class=\"element call-to-action carre call-to-action--style-1 call-to-action--big call-to-action--style-1 call-to-action--big call-to-action--style-1 call-to-action--big call-to-action--style-1 call-to-action--big call-to-action--style-1 call-to-action--big\"><a href=\"https:\/\/www.campinglesbastets.com\/nl\/omgeving\/mooiste-dorpen-van-frankrijk-in-de-drome\/\"  class=\"call-to-action_link\" title=\"En savoir plus sur de mooiste dorpjes van de dr\u00f4me\"><div class=\"call-to-action_image\"><img decoding=\"async\" src=\"https:\/\/www.campinglesbastets.com\/wp-content\/uploads\/2022\/03\/decouvrir-la-drome.jpg\" data-src=\"https:\/\/www.campinglesbastets.com\/wp-content\/uploads\/2022\/03\/decouvrir-la-drome.jpg\" alt=\"decouvrir la drome\" class=\"big\" \/><\/div><div class=\"call-to-action_contenu\"><div class=\"call-to-action_titre\">De mooiste dorpjes van de Dr\u00f4me<\/div><\/div><\/a><\/li><li class=\"element call-to-action carre call-to-action--style-1 call-to-action--big call-to-action--style-1 call-to-action--big call-to-action--style-1 call-to-action--big call-to-action--style-1 call-to-action--big call-to-action--style-1 call-to-action--big call-to-action--style-1 call-to-action--big\"><a href=\"https:\/\/www.campinglesbastets.com\/nl\/omgeving\/ontdek-montelimar-stad-van-de-noga\/\"  class=\"call-to-action_link\" title=\"En savoir plus sur mont\u00e9limar\"><div class=\"call-to-action_image\"><img decoding=\"async\" src=\"https:\/\/www.campinglesbastets.com\/wp-content\/uploads\/2022\/03\/visiter-montelimar.jpg\" data-src=\"https:\/\/www.campinglesbastets.com\/wp-content\/uploads\/2022\/03\/visiter-montelimar.jpg\" alt=\"visiter montelimar\" class=\"big\" \/><\/div><div class=\"call-to-action_contenu\"><div class=\"call-to-action_titre\">Mont\u00e9limar<\/div><\/div><\/a><\/li><\/ul><\/div><\/section>","protected":false},"excerpt":{"rendered":"","protected":false},"author":1,"featured_media":7263,"parent":9700,"menu_order":0,"comment_status":"closed","ping_status":"closed","template":"","meta":{"_acf_changed":false,"footnotes":""},"class_list":["post-9762","page","type-page","status-publish","has-post-thumbnail","hentry"],"acf":[],"yoast_head":"<!-- This site is optimized with the Yoast SEO plugin v25.3 - https:\/\/yoast.com\/wordpress\/plugins\/seo\/ -->\n<title>De mooiste lavendelvelden van Frankrijk in de Drome<\/title>\n<meta name=\"description\" content=\"Wil je een wandeling maken midden in de lavendelvelden? Ga naar de Dr\u00f4me proven\u00e7ale op de lavendelwegen tussen juni en juli!\" \/>\n<meta name=\"robots\" content=\"index, follow, max-snippet:-1, max-image-preview:large, max-video-preview:-1\" \/>\n<link rel=\"canonical\" href=\"https:\/\/www.campinglesbastets.com\/nl\/omgeving\/lavendel\/\" \/>\n<meta property=\"og:locale\" content=\"nl_NL\" \/>\n<meta property=\"og:type\" content=\"article\" \/>\n<meta property=\"og:title\" content=\"De mooiste lavendelvelden van Frankrijk in de Drome\" \/>\n<meta property=\"og:description\" content=\"Wil je een wandeling maken midden in de lavendelvelden? Ga naar de Dr\u00f4me proven\u00e7ale op de lavendelwegen tussen juni en juli!\" \/>\n<meta property=\"og:url\" content=\"https:\/\/www.campinglesbastets.com\/nl\/omgeving\/lavendel\/\" \/>\n<meta property=\"og:site_name\" content=\"Camping Les Bastets\" \/>\n<meta property=\"article:modified_time\" content=\"2022-04-20T09:25:59+00:00\" \/>\n<meta property=\"og:image\" content=\"https:\/\/www.campinglesbastets.com\/wp-content\/uploads\/2022\/03\/lavande-dans-la-drome.jpg\" \/>\n\t<meta property=\"og:image:width\" content=\"1900\" \/>\n\t<meta property=\"og:image:height\" content=\"1056\" \/>\n\t<meta property=\"og:image:type\" content=\"image\/jpeg\" \/>\n<meta name=\"twitter:card\" content=\"summary_large_image\" \/>\n<script type=\"application\/ld+json\" class=\"yoast-schema-graph\">{\"@context\":\"https:\/\/schema.org\",\"@graph\":[{\"@type\":\"WebPage\",\"@id\":\"https:\/\/www.campinglesbastets.com\/nl\/omgeving\/lavendel\/\",\"url\":\"https:\/\/www.campinglesbastets.com\/nl\/omgeving\/lavendel\/\",\"name\":\"De mooiste lavendelvelden van Frankrijk in de Drome\",\"isPartOf\":{\"@id\":\"https:\/\/www.campinglesbastets.com\/nl\/#website\"},\"primaryImageOfPage\":{\"@id\":\"https:\/\/www.campinglesbastets.com\/nl\/omgeving\/lavendel\/#primaryimage\"},\"image\":{\"@id\":\"https:\/\/www.campinglesbastets.com\/nl\/omgeving\/lavendel\/#primaryimage\"},\"thumbnailUrl\":\"https:\/\/www.campinglesbastets.com\/wp-content\/uploads\/2022\/03\/lavande-dans-la-drome.jpg\",\"datePublished\":\"2022-03-10T14:53:26+00:00\",\"dateModified\":\"2022-04-20T09:25:59+00:00\",\"description\":\"Wil je een wandeling maken midden in de lavendelvelden? Ga naar de Dr\u00f4me proven\u00e7ale op de lavendelwegen tussen juni en juli!\",\"breadcrumb\":{\"@id\":\"https:\/\/www.campinglesbastets.com\/nl\/omgeving\/lavendel\/#breadcrumb\"},\"inLanguage\":\"nl-NL\",\"potentialAction\":[{\"@type\":\"ReadAction\",\"target\":[\"https:\/\/www.campinglesbastets.com\/nl\/omgeving\/lavendel\/\"]}]},{\"@type\":\"ImageObject\",\"inLanguage\":\"nl-NL\",\"@id\":\"https:\/\/www.campinglesbastets.com\/nl\/omgeving\/lavendel\/#primaryimage\",\"url\":\"https:\/\/www.campinglesbastets.com\/wp-content\/uploads\/2022\/03\/lavande-dans-la-drome.jpg\",\"contentUrl\":\"https:\/\/www.campinglesbastets.com\/wp-content\/uploads\/2022\/03\/lavande-dans-la-drome.jpg\",\"width\":1900,\"height\":1056,\"caption\":\"lavande dans la drome\"},{\"@type\":\"BreadcrumbList\",\"@id\":\"https:\/\/www.campinglesbastets.com\/nl\/omgeving\/lavendel\/#breadcrumb\",\"itemListElement\":[{\"@type\":\"ListItem\",\"position\":1,\"name\":\"Camping Dr\u00f4me\",\"item\":\"https:\/\/www.campinglesbastets.com\/nl\/\"},{\"@type\":\"ListItem\",\"position\":2,\"name\":\"TOERISME IN DE DR\u00d4ME PROVEN\u00c7ALE\",\"item\":\"https:\/\/www.campinglesbastets.com\/nl\/omgeving\/\"},{\"@type\":\"ListItem\",\"position\":3,\"name\":\"De mooiste lavendelvelden van Frankrijk\"}]},{\"@type\":\"WebSite\",\"@id\":\"https:\/\/www.campinglesbastets.com\/nl\/#website\",\"url\":\"https:\/\/www.campinglesbastets.com\/nl\/\",\"name\":\"Camping Les Bastets\",\"description\":\"\",\"publisher\":{\"@id\":\"https:\/\/www.campinglesbastets.com\/nl\/#organization\"},\"potentialAction\":[{\"@type\":\"SearchAction\",\"target\":{\"@type\":\"EntryPoint\",\"urlTemplate\":\"https:\/\/www.campinglesbastets.com\/nl\/?s={search_term_string}\"},\"query-input\":{\"@type\":\"PropertyValueSpecification\",\"valueRequired\":true,\"valueName\":\"search_term_string\"}}],\"inLanguage\":\"nl-NL\"},{\"@type\":\"Organization\",\"@id\":\"https:\/\/www.campinglesbastets.com\/nl\/#organization\",\"name\":\"Camping Les Bastets\",\"url\":\"https:\/\/www.campinglesbastets.com\/nl\/\",\"logo\":{\"@type\":\"ImageObject\",\"inLanguage\":\"nl-NL\",\"@id\":\"https:\/\/www.campinglesbastets.com\/nl\/#\/schema\/logo\/image\/\",\"url\":\"https:\/\/www.campinglesbastets.com\/wp-content\/uploads\/2022\/02\/favicon-1.png\",\"contentUrl\":\"https:\/\/www.campinglesbastets.com\/wp-content\/uploads\/2022\/02\/favicon-1.png\",\"width\":1423,\"height\":1423,\"caption\":\"Camping Les Bastets\"},\"image\":{\"@id\":\"https:\/\/www.campinglesbastets.com\/nl\/#\/schema\/logo\/image\/\"}}]}<\/script>\n<!-- \/ Yoast SEO plugin. -->","yoast_head_json":{"title":"De mooiste lavendelvelden van Frankrijk in de Drome","description":"Wil je een wandeling maken midden in de lavendelvelden? Ga naar de Dr\u00f4me proven\u00e7ale op de lavendelwegen tussen juni en juli!","robots":{"index":"index","follow":"follow","max-snippet":"max-snippet:-1","max-image-preview":"max-image-preview:large","max-video-preview":"max-video-preview:-1"},"canonical":"https:\/\/www.campinglesbastets.com\/nl\/omgeving\/lavendel\/","og_locale":"nl_NL","og_type":"article","og_title":"De mooiste lavendelvelden van Frankrijk in de Drome","og_description":"Wil je een wandeling maken midden in de lavendelvelden? Ga naar de Dr\u00f4me proven\u00e7ale op de lavendelwegen tussen juni en juli!","og_url":"https:\/\/www.campinglesbastets.com\/nl\/omgeving\/lavendel\/","og_site_name":"Camping Les Bastets","article_modified_time":"2022-04-20T09:25:59+00:00","og_image":[{"width":1900,"height":1056,"url":"https:\/\/www.campinglesbastets.com\/wp-content\/uploads\/2022\/03\/lavande-dans-la-drome.jpg","type":"image\/jpeg"}],"twitter_card":"summary_large_image","schema":{"@context":"https:\/\/schema.org","@graph":[{"@type":"WebPage","@id":"https:\/\/www.campinglesbastets.com\/nl\/omgeving\/lavendel\/","url":"https:\/\/www.campinglesbastets.com\/nl\/omgeving\/lavendel\/","name":"De mooiste lavendelvelden van Frankrijk in de Drome","isPartOf":{"@id":"https:\/\/www.campinglesbastets.com\/nl\/#website"},"primaryImageOfPage":{"@id":"https:\/\/www.campinglesbastets.com\/nl\/omgeving\/lavendel\/#primaryimage"},"image":{"@id":"https:\/\/www.campinglesbastets.com\/nl\/omgeving\/lavendel\/#primaryimage"},"thumbnailUrl":"https:\/\/www.campinglesbastets.com\/wp-content\/uploads\/2022\/03\/lavande-dans-la-drome.jpg","datePublished":"2022-03-10T14:53:26+00:00","dateModified":"2022-04-20T09:25:59+00:00","description":"Wil je een wandeling maken midden in de lavendelvelden? Ga naar de Dr\u00f4me proven\u00e7ale op de lavendelwegen tussen juni en juli!","breadcrumb":{"@id":"https:\/\/www.campinglesbastets.com\/nl\/omgeving\/lavendel\/#breadcrumb"},"inLanguage":"nl-NL","potentialAction":[{"@type":"ReadAction","target":["https:\/\/www.campinglesbastets.com\/nl\/omgeving\/lavendel\/"]}]},{"@type":"ImageObject","inLanguage":"nl-NL","@id":"https:\/\/www.campinglesbastets.com\/nl\/omgeving\/lavendel\/#primaryimage","url":"https:\/\/www.campinglesbastets.com\/wp-content\/uploads\/2022\/03\/lavande-dans-la-drome.jpg","contentUrl":"https:\/\/www.campinglesbastets.com\/wp-content\/uploads\/2022\/03\/lavande-dans-la-drome.jpg","width":1900,"height":1056,"caption":"lavande dans la drome"},{"@type":"BreadcrumbList","@id":"https:\/\/www.campinglesbastets.com\/nl\/omgeving\/lavendel\/#breadcrumb","itemListElement":[{"@type":"ListItem","position":1,"name":"Camping Dr\u00f4me","item":"https:\/\/www.campinglesbastets.com\/nl\/"},{"@type":"ListItem","position":2,"name":"TOERISME IN DE DR\u00d4ME PROVEN\u00c7ALE","item":"https:\/\/www.campinglesbastets.com\/nl\/omgeving\/"},{"@type":"ListItem","position":3,"name":"De mooiste lavendelvelden van Frankrijk"}]},{"@type":"WebSite","@id":"https:\/\/www.campinglesbastets.com\/nl\/#website","url":"https:\/\/www.campinglesbastets.com\/nl\/","name":"Camping Les Bastets","description":"","publisher":{"@id":"https:\/\/www.campinglesbastets.com\/nl\/#organization"},"potentialAction":[{"@type":"SearchAction","target":{"@type":"EntryPoint","urlTemplate":"https:\/\/www.campinglesbastets.com\/nl\/?s={search_term_string}"},"query-input":{"@type":"PropertyValueSpecification","valueRequired":true,"valueName":"search_term_string"}}],"inLanguage":"nl-NL"},{"@type":"Organization","@id":"https:\/\/www.campinglesbastets.com\/nl\/#organization","name":"Camping Les Bastets","url":"https:\/\/www.campinglesbastets.com\/nl\/","logo":{"@type":"ImageObject","inLanguage":"nl-NL","@id":"https:\/\/www.campinglesbastets.com\/nl\/#\/schema\/logo\/image\/","url":"https:\/\/www.campinglesbastets.com\/wp-content\/uploads\/2022\/02\/favicon-1.png","contentUrl":"https:\/\/www.campinglesbastets.com\/wp-content\/uploads\/2022\/02\/favicon-1.png","width":1423,"height":1423,"caption":"Camping Les Bastets"},"image":{"@id":"https:\/\/www.campinglesbastets.com\/nl\/#\/schema\/logo\/image\/"}}]}},"_links":{"self":[{"href":"https:\/\/www.campinglesbastets.com\/nl\/wp-json\/wp\/v2\/pages\/9762","targetHints":{"allow":["GET"]}}],"collection":[{"href":"https:\/\/www.campinglesbastets.com\/nl\/wp-json\/wp\/v2\/pages"}],"about":[{"href":"https:\/\/www.campinglesbastets.com\/nl\/wp-json\/wp\/v2\/types\/page"}],"author":[{"embeddable":true,"href":"https:\/\/www.campinglesbastets.com\/nl\/wp-json\/wp\/v2\/users\/1"}],"replies":[{"embeddable":true,"href":"https:\/\/www.campinglesbastets.com\/nl\/wp-json\/wp\/v2\/comments?post=9762"}],"version-history":[{"count":5,"href":"https:\/\/www.campinglesbastets.com\/nl\/wp-json\/wp\/v2\/pages\/9762\/revisions"}],"predecessor-version":[{"id":10309,"href":"https:\/\/www.campinglesbastets.com\/nl\/wp-json\/wp\/v2\/pages\/9762\/revisions\/10309"}],"up":[{"embeddable":true,"href":"https:\/\/www.campinglesbastets.com\/nl\/wp-json\/wp\/v2\/pages\/9700"}],"wp:featuredmedia":[{"embeddable":true,"href":"https:\/\/www.campinglesbastets.com\/nl\/wp-json\/wp\/v2\/media\/7263"}],"wp:attachment":[{"href":"https:\/\/www.campinglesbastets.com\/nl\/wp-json\/wp\/v2\/media?parent=9762"}],"curies":[{"name":"wp","href":"https:\/\/api.w.org\/{rel}","templated":true}]}}