{"id":9754,"date":"2022-03-10T14:35:20","date_gmt":"2022-03-10T13:35:20","guid":{"rendered":"https:\/\/www.campinglesbastets.com\/omgeving\/baignade-en-riviere\/"},"modified":"2022-04-20T11:34:51","modified_gmt":"2022-04-20T09:34:51","slug":"ontdek-de-rivier-de-drome","status":"publish","type":"page","link":"https:\/\/www.campinglesbastets.com\/nl\/omgeving\/ontdek-de-rivier-de-drome\/","title":{"rendered":"Rivier"},"content":{"rendered":"<section id=\"section-622a1477dbe35\"\" class=\"section bg-white p-b-0\" \/><div class=\"container extralarge\"><h1 class=\"element section-title center\">Ontdek de rivier de Dr\u00f4me<\/h1><div class=\"element bloc-text left \">\n\t<p>Een\u00a0<a href=\"https:\/\/www.campinglesbastets.com\/nl\/\">campingvakantie in de Dr\u00f4me<\/a>\u00a0is niet compleet zonder kennis te hebben gemaakt met het vele aanwezige water. Het helder frisse water van de rivier de Dr\u00f4me en haar zijrivieren biedt volop vertier voor watersportliefhebbers en zwemmers. Deze rivier is de laatste rivier uit de Alpen die helemaal wild is. Een bijzondere bezienswaardigheid dus! Wat je er zoal kunt zien, doen en beleven lees je in dit artikel.<\/p>\n<h2>Fietsen langs het water van de Dr\u00f4me<\/h2>\n<p>Er is een aantal manieren om de Dr\u00f4me te leren kennen. Neem je je fietsen mee? Maak dan zeker een prachtige fietstocht langs de rivier. De rivier is een natuurlijke grens tussen het noorden en het zuiden van het departement waardoor je hier verschillende landschappen treft. Omdat het water maar liefst\u00a0<strong>130 kilometer lang<\/strong>\u00a0is, kun je hier meerdere dagen genieten van verschillende soorten fietstochten. Volg de rivier bijvoorbeeld naar de bron en je komt uit bij het wijngebied in de Diois. Dit is een van de hoogst gelegen wijngebieden van heel Frankrijk! Kom je er in de zomer dan is het extra hard genieten: de lavendelvelden staan dan volop in bloei.<\/p>\n<p><iframe loading=\"lazy\" src=\"https:\/\/www.youtube.com\/embed\/mJtltAHa0Mw\" width=\"100%\" height=\"315\" frameborder=\"0\" allowfullscreen=\"allowfullscreen\"><\/iframe><\/p>\n<h2>Ontdek de Dr\u00f4me vanaf het water<\/h2>\n<p>Uiteraard kun je de rivier ook van een andere kant bekijken:\u00a0<strong>huur een kano<\/strong>\u00a0of kajak en ga al varend door dit groene natuurgebied. Ga het liefst op een lekkere warme dag in de lente of de zomer om optimaal van het water te genieten. Op sommige plekken kun je namelijk heerlijk zwemmen! Vanaf het water zie je goed dat er heel veel dieren in en rondom de Dr\u00f4me leven. Zo is er bijvoorbeeld de bever die langs de oevers van de rivier leven. Ben je van plan om bevers te spotten? Ga dan op een rustig moment, trek donkere kleding aan en val vooral niet op. Voordat je het weet zie je er eentje genieten van de zon en het heerlijke water. Wat betreft het kano\u00ebn op de Dr\u00f4me: iedereen kan het. De rivier is voor beginnende watersporters \u00e9n voor meer geoefende kano\u00ebrs perfect. Laat je per kano stroomafwaarts glijden en bovenal: laat je verrassen door dit bijzonder groene gebied.<\/p>\n<h2>Waar moet je zijn voor waterplezier in de Dr\u00f4me?<\/h2>\n<p>Er zijn talloze plekjes die je niet mag missen wanneer je in dit gebied vertoeft. Neem bijvoorbeeld\u00a0<strong>Claps de Luc et Saut de la Dr\u00f4me<\/strong>, een mooi stuwmeer met een waterval. Hier is het heel goed toeven op een warme dag. Of bezoek de kloof\u00a0<strong>Canyon de Toulourenc,\u00a0<\/strong>rijk aan waterbekkens waardoor je een hele frisse wandeltocht kunt maken. De witte rotswanden en het heldere water bieden een droomachtig uitzicht. De\u00a0<strong>Canyon d&#8217;Ubrieux\u00a0<\/strong>is ook een bezoek waard wanneer je in dit gebied bent. Evenals de overige wilde en onontdekte hoekjes van\u00a0 de Vall\u00e9e de la Roanne. Verwacht hier vooral een ongerept paradijs waar stilte soms nog echt stilte is. Je moet het eigenlijk gewoon zelf gaan ontdekken! In de Dr\u00f4me vind je de mooiste romantische plekjes om te zwemmen, te picknicken, te wandelen en gewoonweg: te genieten.<\/p>\n<\/div><\/div><\/section>\n\n<section id=\"section-622a1477dbf96\"\" class=\"section bg-white\" \/><div class=\"container extralarge\"><div class=\"element section-title center h2-like\">Ontdek ook Robin&#8217;s bos<\/div><ul class=\"liste-de-page\"><li class=\"element call-to-action carre call-to-action--style-1 call-to-action--big\"><a href=\"https:\/\/www.campinglesbastets.com\/nl\/omgeving\/bezoek-palais-ideal-van-facteur-cheval\/\"  class=\"call-to-action_link\" title=\"En savoir plus sur het ideale paleis van postbode cheval in hauterives\"><div class=\"call-to-action_image\"><img decoding=\"async\" src=\"https:\/\/www.campinglesbastets.com\/wp-content\/uploads\/2022\/03\/palais-du-facteur-cheval-visites.jpg\" data-src=\"https:\/\/www.campinglesbastets.com\/wp-content\/uploads\/2022\/03\/palais-du-facteur-cheval-visites.jpg\" alt=\"palais du facteur cheval visites\" class=\"big\" \/><\/div><div class=\"call-to-action_contenu\"><div class=\"call-to-action_titre\">Het Ideale Paleis van Postbode Cheval in Hauterives<\/div><\/div><\/a><\/li><li class=\"element call-to-action carre call-to-action--style-1 call-to-action--big call-to-action--style-1 call-to-action--big\"><a href=\"https:\/\/www.campinglesbastets.com\/nl\/omgeving\/bezoek-het-dorp-chabeuil\/\"  class=\"call-to-action_link\" title=\"En savoir plus sur chabeuil\"><div class=\"call-to-action_image\"><img decoding=\"async\" src=\"https:\/\/www.campinglesbastets.com\/wp-content\/uploads\/2022\/03\/visiter-chabeuil.jpg\" data-src=\"https:\/\/www.campinglesbastets.com\/wp-content\/uploads\/2022\/03\/visiter-chabeuil.jpg\" alt=\"visiter chabeuil\" class=\"big\" \/><\/div><div class=\"call-to-action_contenu\"><div class=\"call-to-action_titre\">Chabeuil<\/div><\/div><\/a><\/li><li class=\"element call-to-action carre call-to-action--style-1 call-to-action--big call-to-action--style-1 call-to-action--big call-to-action--style-1 call-to-action--big\"><a href=\"https:\/\/www.campinglesbastets.com\/nl\/omgeving\/natuur-cultuur-wisselen-zich-af-in-valence\/\"  class=\"call-to-action_link\" title=\"En savoir plus sur valence\"><div class=\"call-to-action_image\"><img decoding=\"async\" src=\"https:\/\/www.campinglesbastets.com\/wp-content\/uploads\/2022\/03\/visiter-valance.jpg\" data-src=\"https:\/\/www.campinglesbastets.com\/wp-content\/uploads\/2022\/03\/visiter-valance.jpg\" alt=\"visiter valance\" class=\"big\" \/><\/div><div class=\"call-to-action_contenu\"><div class=\"call-to-action_titre\">Valence<\/div><\/div><\/a><\/li><li class=\"element call-to-action carre call-to-action--style-1 call-to-action--big call-to-action--style-1 call-to-action--big call-to-action--style-1 call-to-action--big call-to-action--style-1 call-to-action--big\"><a href=\"https:\/\/www.campinglesbastets.com\/nl\/omgeving\/ontdek-montelimar-stad-van-de-noga\/\"  class=\"call-to-action_link\" title=\"En savoir plus sur mont\u00e9limar\"><div class=\"call-to-action_image\"><img decoding=\"async\" src=\"https:\/\/www.campinglesbastets.com\/wp-content\/uploads\/2022\/03\/visiter-montelimar.jpg\" data-src=\"https:\/\/www.campinglesbastets.com\/wp-content\/uploads\/2022\/03\/visiter-montelimar.jpg\" alt=\"visiter montelimar\" class=\"big\" \/><\/div><div class=\"call-to-action_contenu\"><div class=\"call-to-action_titre\">Mont\u00e9limar<\/div><\/div><\/a><\/li><li class=\"element call-to-action carre call-to-action--style-1 call-to-action--big call-to-action--style-1 call-to-action--big call-to-action--style-1 call-to-action--big call-to-action--style-1 call-to-action--big call-to-action--style-1 call-to-action--big\"><a href=\"https:\/\/www.campinglesbastets.com\/nl\/omgeving\/de-krokodillen-boerderij\/\"  class=\"call-to-action_link\" title=\"En savoir plus sur krokodillenboerderij\"><div class=\"call-to-action_image\"><img decoding=\"async\" src=\"https:\/\/www.campinglesbastets.com\/wp-content\/uploads\/2022\/03\/ferme-aux-crocodiles.jpg\" data-src=\"https:\/\/www.campinglesbastets.com\/wp-content\/uploads\/2022\/03\/ferme-aux-crocodiles.jpg\" alt=\"ferme aux crocodiles\" class=\"big\" \/><\/div><div class=\"call-to-action_contenu\"><div class=\"call-to-action_titre\">Krokodillenboerderij<\/div><\/div><\/a><\/li><li class=\"element call-to-action carre call-to-action--style-1 call-to-action--big call-to-action--style-1 call-to-action--big call-to-action--style-1 call-to-action--big call-to-action--style-1 call-to-action--big call-to-action--style-1 call-to-action--big call-to-action--style-1 call-to-action--big\"><a href=\"https:\/\/www.campinglesbastets.com\/nl\/omgeving\/robin-forest\/\"  class=\"call-to-action_link\" title=\"En savoir plus sur robin&#8217;s bos\"><div class=\"call-to-action_image\"><img decoding=\"async\" src=\"https:\/\/www.campinglesbastets.com\/wp-content\/uploads\/2022\/03\/acrobranche-camping-bastets.jpg\" data-src=\"https:\/\/www.campinglesbastets.com\/wp-content\/uploads\/2022\/03\/acrobranche-camping-bastets.jpg\" alt=\"acrobranche camping bastets\" class=\"big\" \/><\/div><div class=\"call-to-action_contenu\"><div class=\"call-to-action_titre\">Robin&#8217;s Bos<\/div><\/div><\/a><\/li><\/ul><\/div><\/section>","protected":false},"excerpt":{"rendered":"","protected":false},"author":1,"featured_media":7279,"parent":9700,"menu_order":0,"comment_status":"closed","ping_status":"closed","template":"","meta":{"_acf_changed":false,"footnotes":""},"class_list":["post-9754","page","type-page","status-publish","has-post-thumbnail","hentry"],"acf":[],"yoast_head":"<!-- This site is optimized with the Yoast SEO plugin v25.3 - https:\/\/yoast.com\/wordpress\/plugins\/seo\/ -->\n<title>Rivier Drome : zwemmen en activiteiten in de rivieren van de Dr\u00f4me<\/title>\n<meta name=\"description\" content=\"Wilt u tijdens uw vakantie de Dr\u00f4me-vallei en zijn rivieren ontdekken? Ontdek de bezoeken, activiteiten en zwemplekken in de Dr\u00f4me!\" \/>\n<meta name=\"robots\" content=\"index, follow, max-snippet:-1, max-image-preview:large, max-video-preview:-1\" \/>\n<link rel=\"canonical\" href=\"https:\/\/www.campinglesbastets.com\/nl\/omgeving\/ontdek-de-rivier-de-drome\/\" \/>\n<meta property=\"og:locale\" content=\"nl_NL\" \/>\n<meta property=\"og:type\" content=\"article\" \/>\n<meta property=\"og:title\" content=\"Rivier Drome : zwemmen en activiteiten in de rivieren van de Dr\u00f4me\" \/>\n<meta property=\"og:description\" content=\"Wilt u tijdens uw vakantie de Dr\u00f4me-vallei en zijn rivieren ontdekken? Ontdek de bezoeken, activiteiten en zwemplekken in de Dr\u00f4me!\" \/>\n<meta property=\"og:url\" content=\"https:\/\/www.campinglesbastets.com\/nl\/omgeving\/ontdek-de-rivier-de-drome\/\" \/>\n<meta property=\"og:site_name\" content=\"Camping Les Bastets\" \/>\n<meta property=\"article:modified_time\" content=\"2022-04-20T09:34:51+00:00\" \/>\n<meta property=\"og:image\" content=\"https:\/\/www.campinglesbastets.com\/wp-content\/uploads\/2022\/03\/riviere-pres-du-camping.jpg\" \/>\n\t<meta property=\"og:image:width\" content=\"1900\" \/>\n\t<meta property=\"og:image:height\" content=\"1056\" \/>\n\t<meta property=\"og:image:type\" content=\"image\/jpeg\" \/>\n<meta name=\"twitter:card\" content=\"summary_large_image\" \/>\n<script type=\"application\/ld+json\" class=\"yoast-schema-graph\">{\"@context\":\"https:\/\/schema.org\",\"@graph\":[{\"@type\":\"WebPage\",\"@id\":\"https:\/\/www.campinglesbastets.com\/nl\/omgeving\/ontdek-de-rivier-de-drome\/\",\"url\":\"https:\/\/www.campinglesbastets.com\/nl\/omgeving\/ontdek-de-rivier-de-drome\/\",\"name\":\"Rivier Drome : zwemmen en activiteiten in de rivieren van de Dr\u00f4me\",\"isPartOf\":{\"@id\":\"https:\/\/www.campinglesbastets.com\/nl\/#website\"},\"primaryImageOfPage\":{\"@id\":\"https:\/\/www.campinglesbastets.com\/nl\/omgeving\/ontdek-de-rivier-de-drome\/#primaryimage\"},\"image\":{\"@id\":\"https:\/\/www.campinglesbastets.com\/nl\/omgeving\/ontdek-de-rivier-de-drome\/#primaryimage\"},\"thumbnailUrl\":\"https:\/\/www.campinglesbastets.com\/wp-content\/uploads\/2022\/03\/riviere-pres-du-camping.jpg\",\"datePublished\":\"2022-03-10T13:35:20+00:00\",\"dateModified\":\"2022-04-20T09:34:51+00:00\",\"description\":\"Wilt u tijdens uw vakantie de Dr\u00f4me-vallei en zijn rivieren ontdekken? Ontdek de bezoeken, activiteiten en zwemplekken in de Dr\u00f4me!\",\"breadcrumb\":{\"@id\":\"https:\/\/www.campinglesbastets.com\/nl\/omgeving\/ontdek-de-rivier-de-drome\/#breadcrumb\"},\"inLanguage\":\"nl-NL\",\"potentialAction\":[{\"@type\":\"ReadAction\",\"target\":[\"https:\/\/www.campinglesbastets.com\/nl\/omgeving\/ontdek-de-rivier-de-drome\/\"]}]},{\"@type\":\"ImageObject\",\"inLanguage\":\"nl-NL\",\"@id\":\"https:\/\/www.campinglesbastets.com\/nl\/omgeving\/ontdek-de-rivier-de-drome\/#primaryimage\",\"url\":\"https:\/\/www.campinglesbastets.com\/wp-content\/uploads\/2022\/03\/riviere-pres-du-camping.jpg\",\"contentUrl\":\"https:\/\/www.campinglesbastets.com\/wp-content\/uploads\/2022\/03\/riviere-pres-du-camping.jpg\",\"width\":1900,\"height\":1056,\"caption\":\"riviere pres du camping\"},{\"@type\":\"BreadcrumbList\",\"@id\":\"https:\/\/www.campinglesbastets.com\/nl\/omgeving\/ontdek-de-rivier-de-drome\/#breadcrumb\",\"itemListElement\":[{\"@type\":\"ListItem\",\"position\":1,\"name\":\"Camping Dr\u00f4me\",\"item\":\"https:\/\/www.campinglesbastets.com\/nl\/\"},{\"@type\":\"ListItem\",\"position\":2,\"name\":\"TOERISME IN DE DR\u00d4ME PROVEN\u00c7ALE\",\"item\":\"https:\/\/www.campinglesbastets.com\/nl\/omgeving\/\"},{\"@type\":\"ListItem\",\"position\":3,\"name\":\"Ontdek de rivier de Dr\u00f4me\"}]},{\"@type\":\"WebSite\",\"@id\":\"https:\/\/www.campinglesbastets.com\/nl\/#website\",\"url\":\"https:\/\/www.campinglesbastets.com\/nl\/\",\"name\":\"Camping Les Bastets\",\"description\":\"\",\"publisher\":{\"@id\":\"https:\/\/www.campinglesbastets.com\/nl\/#organization\"},\"potentialAction\":[{\"@type\":\"SearchAction\",\"target\":{\"@type\":\"EntryPoint\",\"urlTemplate\":\"https:\/\/www.campinglesbastets.com\/nl\/?s={search_term_string}\"},\"query-input\":{\"@type\":\"PropertyValueSpecification\",\"valueRequired\":true,\"valueName\":\"search_term_string\"}}],\"inLanguage\":\"nl-NL\"},{\"@type\":\"Organization\",\"@id\":\"https:\/\/www.campinglesbastets.com\/nl\/#organization\",\"name\":\"Camping Les Bastets\",\"url\":\"https:\/\/www.campinglesbastets.com\/nl\/\",\"logo\":{\"@type\":\"ImageObject\",\"inLanguage\":\"nl-NL\",\"@id\":\"https:\/\/www.campinglesbastets.com\/nl\/#\/schema\/logo\/image\/\",\"url\":\"https:\/\/www.campinglesbastets.com\/wp-content\/uploads\/2022\/02\/favicon-1.png\",\"contentUrl\":\"https:\/\/www.campinglesbastets.com\/wp-content\/uploads\/2022\/02\/favicon-1.png\",\"width\":1423,\"height\":1423,\"caption\":\"Camping Les Bastets\"},\"image\":{\"@id\":\"https:\/\/www.campinglesbastets.com\/nl\/#\/schema\/logo\/image\/\"}}]}<\/script>\n<!-- \/ Yoast SEO plugin. -->","yoast_head_json":{"title":"Rivier Drome : zwemmen en activiteiten in de rivieren van de Dr\u00f4me","description":"Wilt u tijdens uw vakantie de Dr\u00f4me-vallei en zijn rivieren ontdekken? Ontdek de bezoeken, activiteiten en zwemplekken in de Dr\u00f4me!","robots":{"index":"index","follow":"follow","max-snippet":"max-snippet:-1","max-image-preview":"max-image-preview:large","max-video-preview":"max-video-preview:-1"},"canonical":"https:\/\/www.campinglesbastets.com\/nl\/omgeving\/ontdek-de-rivier-de-drome\/","og_locale":"nl_NL","og_type":"article","og_title":"Rivier Drome : zwemmen en activiteiten in de rivieren van de Dr\u00f4me","og_description":"Wilt u tijdens uw vakantie de Dr\u00f4me-vallei en zijn rivieren ontdekken? Ontdek de bezoeken, activiteiten en zwemplekken in de Dr\u00f4me!","og_url":"https:\/\/www.campinglesbastets.com\/nl\/omgeving\/ontdek-de-rivier-de-drome\/","og_site_name":"Camping Les Bastets","article_modified_time":"2022-04-20T09:34:51+00:00","og_image":[{"width":1900,"height":1056,"url":"https:\/\/www.campinglesbastets.com\/wp-content\/uploads\/2022\/03\/riviere-pres-du-camping.jpg","type":"image\/jpeg"}],"twitter_card":"summary_large_image","schema":{"@context":"https:\/\/schema.org","@graph":[{"@type":"WebPage","@id":"https:\/\/www.campinglesbastets.com\/nl\/omgeving\/ontdek-de-rivier-de-drome\/","url":"https:\/\/www.campinglesbastets.com\/nl\/omgeving\/ontdek-de-rivier-de-drome\/","name":"Rivier Drome : zwemmen en activiteiten in de rivieren van de Dr\u00f4me","isPartOf":{"@id":"https:\/\/www.campinglesbastets.com\/nl\/#website"},"primaryImageOfPage":{"@id":"https:\/\/www.campinglesbastets.com\/nl\/omgeving\/ontdek-de-rivier-de-drome\/#primaryimage"},"image":{"@id":"https:\/\/www.campinglesbastets.com\/nl\/omgeving\/ontdek-de-rivier-de-drome\/#primaryimage"},"thumbnailUrl":"https:\/\/www.campinglesbastets.com\/wp-content\/uploads\/2022\/03\/riviere-pres-du-camping.jpg","datePublished":"2022-03-10T13:35:20+00:00","dateModified":"2022-04-20T09:34:51+00:00","description":"Wilt u tijdens uw vakantie de Dr\u00f4me-vallei en zijn rivieren ontdekken? Ontdek de bezoeken, activiteiten en zwemplekken in de Dr\u00f4me!","breadcrumb":{"@id":"https:\/\/www.campinglesbastets.com\/nl\/omgeving\/ontdek-de-rivier-de-drome\/#breadcrumb"},"inLanguage":"nl-NL","potentialAction":[{"@type":"ReadAction","target":["https:\/\/www.campinglesbastets.com\/nl\/omgeving\/ontdek-de-rivier-de-drome\/"]}]},{"@type":"ImageObject","inLanguage":"nl-NL","@id":"https:\/\/www.campinglesbastets.com\/nl\/omgeving\/ontdek-de-rivier-de-drome\/#primaryimage","url":"https:\/\/www.campinglesbastets.com\/wp-content\/uploads\/2022\/03\/riviere-pres-du-camping.jpg","contentUrl":"https:\/\/www.campinglesbastets.com\/wp-content\/uploads\/2022\/03\/riviere-pres-du-camping.jpg","width":1900,"height":1056,"caption":"riviere pres du camping"},{"@type":"BreadcrumbList","@id":"https:\/\/www.campinglesbastets.com\/nl\/omgeving\/ontdek-de-rivier-de-drome\/#breadcrumb","itemListElement":[{"@type":"ListItem","position":1,"name":"Camping Dr\u00f4me","item":"https:\/\/www.campinglesbastets.com\/nl\/"},{"@type":"ListItem","position":2,"name":"TOERISME IN DE DR\u00d4ME PROVEN\u00c7ALE","item":"https:\/\/www.campinglesbastets.com\/nl\/omgeving\/"},{"@type":"ListItem","position":3,"name":"Ontdek de rivier de Dr\u00f4me"}]},{"@type":"WebSite","@id":"https:\/\/www.campinglesbastets.com\/nl\/#website","url":"https:\/\/www.campinglesbastets.com\/nl\/","name":"Camping Les Bastets","description":"","publisher":{"@id":"https:\/\/www.campinglesbastets.com\/nl\/#organization"},"potentialAction":[{"@type":"SearchAction","target":{"@type":"EntryPoint","urlTemplate":"https:\/\/www.campinglesbastets.com\/nl\/?s={search_term_string}"},"query-input":{"@type":"PropertyValueSpecification","valueRequired":true,"valueName":"search_term_string"}}],"inLanguage":"nl-NL"},{"@type":"Organization","@id":"https:\/\/www.campinglesbastets.com\/nl\/#organization","name":"Camping Les Bastets","url":"https:\/\/www.campinglesbastets.com\/nl\/","logo":{"@type":"ImageObject","inLanguage":"nl-NL","@id":"https:\/\/www.campinglesbastets.com\/nl\/#\/schema\/logo\/image\/","url":"https:\/\/www.campinglesbastets.com\/wp-content\/uploads\/2022\/02\/favicon-1.png","contentUrl":"https:\/\/www.campinglesbastets.com\/wp-content\/uploads\/2022\/02\/favicon-1.png","width":1423,"height":1423,"caption":"Camping Les Bastets"},"image":{"@id":"https:\/\/www.campinglesbastets.com\/nl\/#\/schema\/logo\/image\/"}}]}},"_links":{"self":[{"href":"https:\/\/www.campinglesbastets.com\/nl\/wp-json\/wp\/v2\/pages\/9754","targetHints":{"allow":["GET"]}}],"collection":[{"href":"https:\/\/www.campinglesbastets.com\/nl\/wp-json\/wp\/v2\/pages"}],"about":[{"href":"https:\/\/www.campinglesbastets.com\/nl\/wp-json\/wp\/v2\/types\/page"}],"author":[{"embeddable":true,"href":"https:\/\/www.campinglesbastets.com\/nl\/wp-json\/wp\/v2\/users\/1"}],"replies":[{"embeddable":true,"href":"https:\/\/www.campinglesbastets.com\/nl\/wp-json\/wp\/v2\/comments?post=9754"}],"version-history":[{"count":7,"href":"https:\/\/www.campinglesbastets.com\/nl\/wp-json\/wp\/v2\/pages\/9754\/revisions"}],"predecessor-version":[{"id":10318,"href":"https:\/\/www.campinglesbastets.com\/nl\/wp-json\/wp\/v2\/pages\/9754\/revisions\/10318"}],"up":[{"embeddable":true,"href":"https:\/\/www.campinglesbastets.com\/nl\/wp-json\/wp\/v2\/pages\/9700"}],"wp:featuredmedia":[{"embeddable":true,"href":"https:\/\/www.campinglesbastets.com\/nl\/wp-json\/wp\/v2\/media\/7279"}],"wp:attachment":[{"href":"https:\/\/www.campinglesbastets.com\/nl\/wp-json\/wp\/v2\/media?parent=9754"}],"curies":[{"name":"wp","href":"https:\/\/api.w.org\/{rel}","templated":true}]}}