{"id":9700,"date":"2022-03-09T09:48:54","date_gmt":"2022-03-09T08:48:54","guid":{"rendered":"https:\/\/www.campinglesbastets.com\/alentours\/"},"modified":"2025-08-22T15:41:31","modified_gmt":"2025-08-22T13:41:31","slug":"omgeving","status":"publish","type":"page","link":"https:\/\/www.campinglesbastets.com\/nl\/omgeving\/","title":{"rendered":"Tourisme dans la Dr\u00f4me proven\u00e7ale"},"content":{"rendered":"<section id=\"section-62286a5e86fdc\"\" class=\"section bg-white\" \/><div class=\"container extralarge\"><h1 class=\"element section-title center m-b-4\">Toerisme in de Dr\u00f4me proven\u00e7ale<\/h1><div class=\"element bloc-text left \">\n\t<p>Aan de poort van de Midi, van Mont\u00e9limar tot het regionale natuurpark van de Baronnies Proven\u00e7ales via Valence, strekt het zuidelijke deel van de Dr\u00f4me zijn landschappen van lavendelvelden en olijfgaarden al uit onder een stralende zon. Profiteer van uw verblijf op <a href=\"\/nl\/\">kamperen Dr\u00f4me Proven\u00e7ale Les Bastets<\/a> om de omgeving te verkennen!<\/p>\n<h2 class=\"m-t-6\">De hooggelegen dorpjes van de Dr\u00f4me proven\u00e7ale<\/h2>\n<p>De vruchtbare vlakten van de Dr\u00f4me Proven\u00e7ale worden onderbroken door heuvels waarop in de Middeleeuwen talrijke hooggelegen dorpen werden gebouwd. Tussen Mont\u00e9limar en het zuidelijk einde van het departement zijn er een vijftigtal van deze oude bolwerken.<\/p>\n<p>Zoveel tijdloze decors om te ontdekken, tussen calades, geplaveide straten, schaduwrijke pleinen en religieuze gebouwen. Tot de meest opmerkelijke steden behoren de geklasseerde dorpen Grignan, La Garde-Adh\u00e9mar, Montbrun-les-Bains en Po\u00ebt-Laval.<\/p>\n<p>Andere meer geheime bestemmingen, zoals La Laupie, Marsanne of Sauzet, bevatten eveneens historische en architectonische schatten.<\/p>\n<p><iframe loading=\"lazy\" src=\"https:\/\/www.youtube.com\/embed\/9eUXJT8IqBM\" width=\"100%\" height=\"315\" frameborder=\"0\" allowfullscreen=\"allowfullscreen\"><\/iframe><\/p>\n<h2 class=\"m-t-6\">De kastelen van Dr\u00f4me proven\u00e7ale<\/h2>\n<p>Er zijn verschillende bijzonder opmerkelijke kastelen te ontdekken in de Dr\u00f4me Proven\u00e7ale. De meest illustere is ongetwijfeld die van Grignan, waar de markiezin van S\u00e9vign\u00e9, de beroemde briefschrijfster, verbleef en stierf. Het is ook het grootste renaissancekasteel in het zuidoosten van Frankrijk, van ver zichtbaar op zijn rotsachtige uitloper.<\/p>\n<p>In de 17e eeuw werd het bewoond door de graaf van Grignan, Fran\u00e7ois Adh\u00e9mar, en zijn echtgenote, die niemand minder was dan de dochter van de markiezin van S\u00e9vign\u00e9. Het panoramische uitzicht vanaf de terrassen van het kasteel is niet te missen. Andere kastelen die u in de Dr\u00f4me Proven\u00e7ale kunt bezoeken zijn die van Suze-la-Rousse en Garde Adh\u00e9mar.<\/p>\n<p><iframe loading=\"lazy\" src=\"https:\/\/www.youtube.com\/embed\/B8-cmZdzon8\" width=\"100%\" height=\"315\" frameborder=\"0\" allowfullscreen=\"allowfullscreen\"><\/iframe><\/p>\n<h2 class=\"m-t-6\">Het Regionaal Natuurpark van de Baronnies de Provence<\/h2>\n<p>Het <a href=\"\/nl\/bezoek-het-regionaal-natuurpark-van-de-baronnies-provencales\/\">natuurpark van de Baronnies<\/a>, rijk aan een ongelooflijke biodiversiteit, herbergt tweeduizend verschillende plantensoorten, waaronder olijfbomen, en meer dan tweehonderd diersoorten.<\/p>\n<p>Aan de poort van de Provence en de Hautes-Alpes profiteert het regionale natuurpark van de Baronnies van een dubbele invloed, alpien en Proven\u00e7aals: het is een ware oase die de teelt van unieke producten zoals de beroemde Nyons-olijven mogelijk maakt. De olijven en de olijfolie van Nyons zijn het voorwerp van een AOP en een AOC.<\/p>\n<p>In de stad, die het label &#8220;Plus Beaux D\u00e9tours de France&#8221; heeft gekregen, bevindt zich ook het fascinerende Mus\u00e9e de l&#8217;Olivier. Bepaalde belangrijke steden in de Dr\u00f4me, zoals Sisteron, Grignan, Mont\u00e9limar en Vaison la Romaine, zijn door hun geografische ligging echte &#8220;toegangspoorten&#8221; tot het regionale natuurpark.<\/p>\n<p><iframe loading=\"lazy\" src=\"https:\/\/www.youtube.com\/embed\/88zbh_IKbpE\" width=\"100%\" height=\"315\" frameborder=\"0\" allowfullscreen=\"allowfullscreen\"><\/iframe><\/p>\n<h2 class=\"m-t-6\">De lavendelroute<\/h2>\n<p>Terwijl de fijnproevers graag de olijfbomenroute volgen die door de Nyons en het natuurpark van de Baronnies loopt, zullen anderen zich laten bedwelmen door de geuren van de lavendelvelden tijdens een excursie langs de lavendelroute, die Mont\u00e9limar met Nyons verbindt.<\/p>\n<p>Van half juni, afhankelijk van het jaar en de streek, wordt het heuvelachtige landschap van de Dr\u00f4me Proven\u00e7ale getooid met een cameo van blauw, paars en purper, hier en daar onderbroken door honderdjarige olijfbomen en truffeleiken.<\/p>\n<p>In Nyons mag u een bezoek aan de traditionele distilleerderij Bleu Provence niet missen, waar de geschiedenis van het gebruik van lavendel en de ontdekking van de deugden ervan door de eeuwen heen wordt verteld.<\/p>\n<p><iframe loading=\"lazy\" src=\"https:\/\/www.youtube.com\/embed\/HoalDIP5z0s\" width=\"100%\" height=\"315\" frameborder=\"0\" allowfullscreen=\"allowfullscreen\"><\/iframe><\/p>\n<h2 class=\"m-t-6\">De enclave van de pausen<\/h2>\n<p>Ten zuiden van de Dr\u00f4me, ten oosten van de Rh\u00f4ne, is de enclave van de Pausen een gebied dat bij de Vaucluse hoort: administratief behoort dit eiland tot de PACA-regio, geografisch ligt het in Auvergne-Rh\u00f4ne-Alpes.<\/p>\n<p>Het bestaat uit de gemeentelijke grondgebieden van Grillon, Visan, Valr\u00e9as en Richerenches, die in de 14e eeuw door de pausen van Avignon werden verworven. Na de Franse Revolutie besloten de inwoners ervan verbonden te blijven met de Vaucluse.<\/p>\n<p>Het bezoek aan de Enclave des Papes omvat de ontdekking van de oude Tempelierscommanderij van Richerenches, het kasteel van Simiane en de kapel van de P\u00e9nitents blancs in Valr\u00e9as, evenals de prachtige architectuur van de huizen uit de 17e en 18e eeuw in Visan.<\/p>\n<p><iframe loading=\"lazy\" src=\"https:\/\/www.youtube.com\/embed\/PLz2LNkbkGI\" width=\"100%\" height=\"315\" frameborder=\"0\" allowfullscreen=\"allowfullscreen\"><\/iframe><\/p>\n<h2 class=\"m-t-6\">Lokale producten, tussen truffels en wijnen<\/h2>\n<p>De zwarte truffel, ook wel de &#8220;zwarte diamant&#8221; van de gastronomie genoemd, vindt in de Dr\u00f4me Proven\u00e7ale de ideale omstandigheden om tot bloei te komen en zijn unieke aroma&#8217;s te ontwikkelen. In Frankrijks belangrijkste truffelstreek is de zwarte truffel van december tot maart op de marktkramen te vinden.<\/p>\n<p>Het evenement dat u niet mag missen is de Richerenches markt, die elke zaterdagochtend van half november tot het voorjaar plaatsvindt.<\/p>\n<p>De zomertruffel wordt geoogst van mei. U kunt het proeven met een Grignan-les-Adh\u00e9mar wijn, een AOC die u kunt ontdekken tijdens kelderbezoeken en proeverijen.<\/p>\n<p>In Richerenches vindt u ook het Truffel- en Wijnmuseum, in Saint-Paul-les-Trois-Ch\u00e2teaux het Truffelhuis, en in het kasteel van Suze-la-Rousse het Wijnmuseum.<\/p>\n<p><iframe loading=\"lazy\" src=\"https:\/\/www.youtube.com\/embed\/mls4jkM6BQ8\" width=\"100%\" height=\"315\" frameborder=\"0\" allowfullscreen=\"allowfullscreen\"><\/iframe><\/p>\n<\/div><\/div><\/section>\n\n<section id=\"section-62286a5e87120\"\" class=\"section bg-white p-t-0\" \/><div class=\"container extralarge\"><h2 class=\"element section-title center titre-cta center\">Ontdek de Dr\u00f4me Proven\u00e7ale<\/h2><ul class=\"liste-de-page\"><li class=\"element call-to-action carre call-to-action--style-1 call-to-action--normal\"><a href=\"https:\/\/www.campinglesbastets.com\/nl\/omgeving\/kastanjefeest\/\"  class=\"call-to-action_link\" title=\"En savoir plus sur kastanjefeest in de dr\u00f4me proven\u00e7ale\"><div class=\"call-to-action_image\"><img decoding=\"async\" src=\"https:\/\/www.campinglesbastets.com\/wp-content\/uploads\/2024\/11\/groepscamping.jpg\" data-src=\"https:\/\/www.campinglesbastets.com\/wp-content\/uploads\/2024\/11\/groepscamping.jpg\" alt=\"groepscamping\" class=\"normal\" \/><\/div><div class=\"call-to-action_contenu\"><div class=\"call-to-action_titre\">Kastanjefeest in de Dr\u00f4me Proven\u00e7ale<\/div><\/div><\/a><\/li><li class=\"element call-to-action carre call-to-action--style-1 call-to-action--normal call-to-action--style-1 call-to-action--normal\"><a href=\"https:\/\/www.campinglesbastets.com\/nl\/omgeving\/parc-animalier-de-lussas\/\"  class=\"call-to-action_link\" title=\"En savoir plus sur dierenpark van lussas: een gezinsuitstap in de ard\u00e8che\"><div class=\"call-to-action_image\"><img decoding=\"async\" src=\"https:\/\/www.campinglesbastets.com\/wp-content\/uploads\/2025\/10\/parc-animalier-de-Lussas.jpg\" data-src=\"https:\/\/www.campinglesbastets.com\/wp-content\/uploads\/2025\/10\/parc-animalier-de-Lussas.jpg\" alt=\"Visite du parc animalier de Lussas, activit\u00e9 nature en famille dans l\u2019Ard\u00e8che\" class=\"normal\" \/><\/div><div class=\"call-to-action_contenu\"><div class=\"call-to-action_titre\">Dierenpark van Lussas: een gezinsuitstap in de Ard\u00e8che<\/div><\/div><\/a><\/li><li class=\"element call-to-action carre call-to-action--style-1 call-to-action--normal call-to-action--style-1 call-to-action--normal call-to-action--style-1 call-to-action--normal\"><a href=\"https:\/\/www.campinglesbastets.com\/nl\/omgeving\/filmfestival-montelimar\/\"  class=\"call-to-action_link\" title=\"En savoir plus sur filmfestival van mont\u00e9limar: van het geschreven woord naar het scherm\"><div class=\"call-to-action_image\"><img decoding=\"async\" src=\"https:\/\/www.campinglesbastets.com\/wp-content\/uploads\/2025\/09\/Festival-cinema-Montelimar.jpg\" data-src=\"https:\/\/www.campinglesbastets.com\/wp-content\/uploads\/2025\/09\/Festival-cinema-Montelimar.jpg\" alt=\"Filmfestival van Mont\u00e9limar\" class=\"normal\" \/><\/div><div class=\"call-to-action_contenu\"><div class=\"call-to-action_titre\">Filmfestival van Mont\u00e9limar: van het geschreven woord naar het scherm<\/div><\/div><\/a><\/li><li class=\"element call-to-action carre call-to-action--style-1 call-to-action--normal call-to-action--style-1 call-to-action--normal call-to-action--style-1 call-to-action--normal call-to-action--style-1 call-to-action--normal\"><a href=\"https:\/\/www.campinglesbastets.com\/nl\/omgeving\/ijssalon-drome\/\"  class=\"call-to-action_link\" title=\"En savoir plus sur ijssalons in de dr\u00f4me: het beste ambachtelijke ijs\"><div class=\"call-to-action_image\"><img decoding=\"async\" src=\"https:\/\/www.campinglesbastets.com\/wp-content\/uploads\/2025\/08\/IJssalons-in-de-Drome.jpg\" data-src=\"https:\/\/www.campinglesbastets.com\/wp-content\/uploads\/2025\/08\/IJssalons-in-de-Drome.jpg\" alt=\"IJssalons in de Dr\u00f4me\" class=\"normal\" \/><\/div><div class=\"call-to-action_contenu\"><div class=\"call-to-action_titre\">IJssalons in de Dr\u00f4me: het beste ambachtelijke ijs<\/div><\/div><\/a><\/li><li class=\"element call-to-action carre call-to-action--style-1 call-to-action--normal call-to-action--style-1 call-to-action--normal call-to-action--style-1 call-to-action--normal call-to-action--style-1 call-to-action--normal call-to-action--style-1 call-to-action--normal\"><a href=\"https:\/\/www.campinglesbastets.com\/nl\/omgeving\/beste-restaurants-drome-provencale\/\"  class=\"call-to-action_link\" title=\"En savoir plus sur de beste restaurants in de dr\u00f4me proven\u00e7ale\"><div class=\"call-to-action_image\"><img decoding=\"async\" src=\"https:\/\/www.campinglesbastets.com\/wp-content\/uploads\/2025\/07\/Restaurants-dans-la-Drome-Provencale.jpg\" data-src=\"https:\/\/www.campinglesbastets.com\/wp-content\/uploads\/2025\/07\/Restaurants-dans-la-Drome-Provencale.jpg\" alt=\"Restaurant in de Dr\u00f4me Proven\u00e7ale\" class=\"normal\" \/><\/div><div class=\"call-to-action_contenu\"><div class=\"call-to-action_titre\">De beste restaurants in de Dr\u00f4me Proven\u00e7ale<\/div><\/div><\/a><\/li><li class=\"element call-to-action carre call-to-action--style-1 call-to-action--normal call-to-action--style-1 call-to-action--normal call-to-action--style-1 call-to-action--normal call-to-action--style-1 call-to-action--normal call-to-action--style-1 call-to-action--normal call-to-action--style-1 call-to-action--normal\"><a href=\"https:\/\/www.campinglesbastets.com\/nl\/omgeving\/activiteiten-truffel-drome\/\"  class=\"call-to-action_link\" title=\"En savoir plus sur top 3 truffelactiviteiten in de dr\u00f4me\"><div class=\"call-to-action_image\"><img decoding=\"async\" src=\"https:\/\/www.campinglesbastets.com\/wp-content\/uploads\/2025\/06\/Truffe-de-la-Drome.jpg\" data-src=\"https:\/\/www.campinglesbastets.com\/wp-content\/uploads\/2025\/06\/Truffe-de-la-Drome.jpg\" alt=\"Truffel Dr\u00f4me\" class=\"normal\" \/><\/div><div class=\"call-to-action_contenu\"><div class=\"call-to-action_titre\">Top 3 truffelactiviteiten in de Dr\u00f4me<\/div><\/div><\/a><\/li><li class=\"element call-to-action carre call-to-action--style-1 call-to-action--normal call-to-action--style-1 call-to-action--normal call-to-action--style-1 call-to-action--normal call-to-action--style-1 call-to-action--normal call-to-action--style-1 call-to-action--normal call-to-action--style-1 call-to-action--normal call-to-action--style-1 call-to-action--normal\"><a href=\"https:\/\/www.campinglesbastets.com\/nl\/omgeving\/pique-nique-drome\/\"  class=\"call-to-action_link\" title=\"En savoir plus sur top 5 des spots pour un pique-nique dr\u00f4me avec vue\"><div class=\"call-to-action_image\"><img decoding=\"async\" src=\"https:\/\/www.campinglesbastets.com\/wp-content\/uploads\/2025\/05\/pique-nique-drome.jpg\" data-src=\"https:\/\/www.campinglesbastets.com\/wp-content\/uploads\/2025\/05\/pique-nique-drome.jpg\" alt=\"Organisez un pique-nique dans la Dr\u00f4me\" class=\"normal\" \/><\/div><div class=\"call-to-action_contenu\"><div class=\"call-to-action_titre\">Top 5 des spots pour un pique-nique Dr\u00f4me avec vue<\/div><\/div><\/a><\/li><li class=\"element call-to-action carre call-to-action--style-1 call-to-action--normal call-to-action--style-1 call-to-action--normal call-to-action--style-1 call-to-action--normal call-to-action--style-1 call-to-action--normal call-to-action--style-1 call-to-action--normal call-to-action--style-1 call-to-action--normal call-to-action--style-1 call-to-action--normal call-to-action--style-1 call-to-action--normal\"><a href=\"https:\/\/www.campinglesbastets.com\/nl\/omgeving\/golf-drome\/\"  class=\"call-to-action_link\" title=\"En savoir plus sur o\u00f9 jouer au golf dans la dr\u00f4me ?\"><div class=\"call-to-action_image\"><img decoding=\"async\" src=\"https:\/\/www.campinglesbastets.com\/wp-content\/uploads\/2025\/04\/golf-drome.jpg\" data-src=\"https:\/\/www.campinglesbastets.com\/wp-content\/uploads\/2025\/04\/golf-drome.jpg\" alt=\"Les golfs de la Dr\u00f4me\" class=\"normal\" \/><\/div><div class=\"call-to-action_contenu\"><div class=\"call-to-action_titre\">O\u00f9 jouer au golf dans la Dr\u00f4me ?<\/div><\/div><\/a><\/li><li class=\"element call-to-action carre call-to-action--style-1 call-to-action--normal call-to-action--style-1 call-to-action--normal call-to-action--style-1 call-to-action--normal call-to-action--style-1 call-to-action--normal call-to-action--style-1 call-to-action--normal call-to-action--style-1 call-to-action--normal call-to-action--style-1 call-to-action--normal call-to-action--style-1 call-to-action--normal call-to-action--style-1 call-to-action--normal\"><a href=\"https:\/\/www.campinglesbastets.com\/nl\/omgeving\/visite-mirmande\/\"  class=\"call-to-action_link\" title=\"En savoir plus sur mirmande\"><div class=\"call-to-action_image\"><img decoding=\"async\" src=\"https:\/\/www.campinglesbastets.com\/wp-content\/uploads\/2025\/03\/visite-mirmande.jpg\" data-src=\"https:\/\/www.campinglesbastets.com\/wp-content\/uploads\/2025\/03\/visite-mirmande.jpg\" alt=\"Visite de Mirmande\" class=\"normal\" \/><\/div><div class=\"call-to-action_contenu\"><div class=\"call-to-action_titre\">Mirmande<\/div><\/div><\/a><\/li><\/ul><\/div><\/section>","protected":false},"excerpt":{"rendered":"","protected":false},"author":1,"featured_media":9458,"parent":0,"menu_order":0,"comment_status":"closed","ping_status":"closed","template":"","meta":{"_acf_changed":false,"footnotes":""},"class_list":["post-9700","page","type-page","status-publish","has-post-thumbnail","hentry"],"acf":[],"yoast_head":"<!-- This site is optimized with the Yoast SEO plugin v25.3 - https:\/\/yoast.com\/wordpress\/plugins\/seo\/ -->\n<title>Dr\u00f4me Proven\u00e7ale toerisme : Wat te bezoeken, wat te doen in de Dr\u00f4me ?<\/title>\n<meta name=\"description\" content=\"Ontdek de Dr\u00f4me Proven\u00e7ale door u te laten inspireren door onze vele idee\u00ebn voor bezoeken, activiteiten en natuurgebieden!\" \/>\n<meta name=\"robots\" content=\"index, follow, max-snippet:-1, max-image-preview:large, max-video-preview:-1\" \/>\n<link rel=\"canonical\" href=\"https:\/\/www.campinglesbastets.com\/nl\/omgeving\/\" \/>\n<meta property=\"og:locale\" content=\"nl_NL\" \/>\n<meta property=\"og:type\" content=\"article\" \/>\n<meta property=\"og:title\" content=\"Dr\u00f4me Proven\u00e7ale toerisme : Wat te bezoeken, wat te doen in de Dr\u00f4me ?\" \/>\n<meta property=\"og:description\" content=\"Ontdek de Dr\u00f4me Proven\u00e7ale door u te laten inspireren door onze vele idee\u00ebn voor bezoeken, activiteiten en natuurgebieden!\" \/>\n<meta property=\"og:url\" content=\"https:\/\/www.campinglesbastets.com\/nl\/omgeving\/\" \/>\n<meta property=\"og:site_name\" content=\"Camping Les Bastets\" \/>\n<meta property=\"article:modified_time\" content=\"2025-08-22T13:41:31+00:00\" \/>\n<meta property=\"og:image\" content=\"https:\/\/www.campinglesbastets.com\/wp-content\/uploads\/2022\/03\/tourisme-drome-1.jpg\" \/>\n\t<meta property=\"og:image:width\" content=\"1900\" \/>\n\t<meta property=\"og:image:height\" content=\"1056\" \/>\n\t<meta property=\"og:image:type\" content=\"image\/jpeg\" \/>\n<meta name=\"twitter:card\" content=\"summary_large_image\" \/>\n<meta name=\"twitter:label1\" content=\"Geschatte leestijd\" \/>\n\t<meta name=\"twitter:data1\" content=\"1 minuut\" \/>\n<script type=\"application\/ld+json\" class=\"yoast-schema-graph\">{\"@context\":\"https:\/\/schema.org\",\"@graph\":[{\"@type\":\"WebPage\",\"@id\":\"https:\/\/www.campinglesbastets.com\/nl\/omgeving\/\",\"url\":\"https:\/\/www.campinglesbastets.com\/nl\/omgeving\/\",\"name\":\"Dr\u00f4me Proven\u00e7ale toerisme : Wat te bezoeken, wat te doen in de Dr\u00f4me ?\",\"isPartOf\":{\"@id\":\"https:\/\/www.campinglesbastets.com\/nl\/#website\"},\"primaryImageOfPage\":{\"@id\":\"https:\/\/www.campinglesbastets.com\/nl\/omgeving\/#primaryimage\"},\"image\":{\"@id\":\"https:\/\/www.campinglesbastets.com\/nl\/omgeving\/#primaryimage\"},\"thumbnailUrl\":\"https:\/\/www.campinglesbastets.com\/wp-content\/uploads\/2022\/03\/tourisme-drome-1.jpg\",\"datePublished\":\"2022-03-09T08:48:54+00:00\",\"dateModified\":\"2025-08-22T13:41:31+00:00\",\"description\":\"Ontdek de Dr\u00f4me Proven\u00e7ale door u te laten inspireren door onze vele idee\u00ebn voor bezoeken, activiteiten en natuurgebieden!\",\"breadcrumb\":{\"@id\":\"https:\/\/www.campinglesbastets.com\/nl\/omgeving\/#breadcrumb\"},\"inLanguage\":\"nl-NL\",\"potentialAction\":[{\"@type\":\"ReadAction\",\"target\":[\"https:\/\/www.campinglesbastets.com\/nl\/omgeving\/\"]}]},{\"@type\":\"ImageObject\",\"inLanguage\":\"nl-NL\",\"@id\":\"https:\/\/www.campinglesbastets.com\/nl\/omgeving\/#primaryimage\",\"url\":\"https:\/\/www.campinglesbastets.com\/wp-content\/uploads\/2022\/03\/tourisme-drome-1.jpg\",\"contentUrl\":\"https:\/\/www.campinglesbastets.com\/wp-content\/uploads\/2022\/03\/tourisme-drome-1.jpg\",\"width\":1900,\"height\":1056,\"caption\":\"tourisme drome\"},{\"@type\":\"BreadcrumbList\",\"@id\":\"https:\/\/www.campinglesbastets.com\/nl\/omgeving\/#breadcrumb\",\"itemListElement\":[{\"@type\":\"ListItem\",\"position\":1,\"name\":\"Camping Dr\u00f4me\",\"item\":\"https:\/\/www.campinglesbastets.com\/nl\/\"},{\"@type\":\"ListItem\",\"position\":2,\"name\":\"TOERISME IN DE DR\u00d4ME PROVEN\u00c7ALE\"}]},{\"@type\":\"WebSite\",\"@id\":\"https:\/\/www.campinglesbastets.com\/nl\/#website\",\"url\":\"https:\/\/www.campinglesbastets.com\/nl\/\",\"name\":\"Camping Les Bastets\",\"description\":\"\",\"publisher\":{\"@id\":\"https:\/\/www.campinglesbastets.com\/nl\/#organization\"},\"potentialAction\":[{\"@type\":\"SearchAction\",\"target\":{\"@type\":\"EntryPoint\",\"urlTemplate\":\"https:\/\/www.campinglesbastets.com\/nl\/?s={search_term_string}\"},\"query-input\":{\"@type\":\"PropertyValueSpecification\",\"valueRequired\":true,\"valueName\":\"search_term_string\"}}],\"inLanguage\":\"nl-NL\"},{\"@type\":\"Organization\",\"@id\":\"https:\/\/www.campinglesbastets.com\/nl\/#organization\",\"name\":\"Camping Les Bastets\",\"url\":\"https:\/\/www.campinglesbastets.com\/nl\/\",\"logo\":{\"@type\":\"ImageObject\",\"inLanguage\":\"nl-NL\",\"@id\":\"https:\/\/www.campinglesbastets.com\/nl\/#\/schema\/logo\/image\/\",\"url\":\"https:\/\/www.campinglesbastets.com\/wp-content\/uploads\/2022\/02\/favicon-1.png\",\"contentUrl\":\"https:\/\/www.campinglesbastets.com\/wp-content\/uploads\/2022\/02\/favicon-1.png\",\"width\":1423,\"height\":1423,\"caption\":\"Camping Les Bastets\"},\"image\":{\"@id\":\"https:\/\/www.campinglesbastets.com\/nl\/#\/schema\/logo\/image\/\"}}]}<\/script>\n<!-- \/ Yoast SEO plugin. -->","yoast_head_json":{"title":"Dr\u00f4me Proven\u00e7ale toerisme : Wat te bezoeken, wat te doen in de Dr\u00f4me ?","description":"Ontdek de Dr\u00f4me Proven\u00e7ale door u te laten inspireren door onze vele idee\u00ebn voor bezoeken, activiteiten en natuurgebieden!","robots":{"index":"index","follow":"follow","max-snippet":"max-snippet:-1","max-image-preview":"max-image-preview:large","max-video-preview":"max-video-preview:-1"},"canonical":"https:\/\/www.campinglesbastets.com\/nl\/omgeving\/","og_locale":"nl_NL","og_type":"article","og_title":"Dr\u00f4me Proven\u00e7ale toerisme : Wat te bezoeken, wat te doen in de Dr\u00f4me ?","og_description":"Ontdek de Dr\u00f4me Proven\u00e7ale door u te laten inspireren door onze vele idee\u00ebn voor bezoeken, activiteiten en natuurgebieden!","og_url":"https:\/\/www.campinglesbastets.com\/nl\/omgeving\/","og_site_name":"Camping Les Bastets","article_modified_time":"2025-08-22T13:41:31+00:00","og_image":[{"width":1900,"height":1056,"url":"https:\/\/www.campinglesbastets.com\/wp-content\/uploads\/2022\/03\/tourisme-drome-1.jpg","type":"image\/jpeg"}],"twitter_card":"summary_large_image","twitter_misc":{"Geschatte leestijd":"1 minuut"},"schema":{"@context":"https:\/\/schema.org","@graph":[{"@type":"WebPage","@id":"https:\/\/www.campinglesbastets.com\/nl\/omgeving\/","url":"https:\/\/www.campinglesbastets.com\/nl\/omgeving\/","name":"Dr\u00f4me Proven\u00e7ale toerisme : Wat te bezoeken, wat te doen in de Dr\u00f4me ?","isPartOf":{"@id":"https:\/\/www.campinglesbastets.com\/nl\/#website"},"primaryImageOfPage":{"@id":"https:\/\/www.campinglesbastets.com\/nl\/omgeving\/#primaryimage"},"image":{"@id":"https:\/\/www.campinglesbastets.com\/nl\/omgeving\/#primaryimage"},"thumbnailUrl":"https:\/\/www.campinglesbastets.com\/wp-content\/uploads\/2022\/03\/tourisme-drome-1.jpg","datePublished":"2022-03-09T08:48:54+00:00","dateModified":"2025-08-22T13:41:31+00:00","description":"Ontdek de Dr\u00f4me Proven\u00e7ale door u te laten inspireren door onze vele idee\u00ebn voor bezoeken, activiteiten en natuurgebieden!","breadcrumb":{"@id":"https:\/\/www.campinglesbastets.com\/nl\/omgeving\/#breadcrumb"},"inLanguage":"nl-NL","potentialAction":[{"@type":"ReadAction","target":["https:\/\/www.campinglesbastets.com\/nl\/omgeving\/"]}]},{"@type":"ImageObject","inLanguage":"nl-NL","@id":"https:\/\/www.campinglesbastets.com\/nl\/omgeving\/#primaryimage","url":"https:\/\/www.campinglesbastets.com\/wp-content\/uploads\/2022\/03\/tourisme-drome-1.jpg","contentUrl":"https:\/\/www.campinglesbastets.com\/wp-content\/uploads\/2022\/03\/tourisme-drome-1.jpg","width":1900,"height":1056,"caption":"tourisme drome"},{"@type":"BreadcrumbList","@id":"https:\/\/www.campinglesbastets.com\/nl\/omgeving\/#breadcrumb","itemListElement":[{"@type":"ListItem","position":1,"name":"Camping Dr\u00f4me","item":"https:\/\/www.campinglesbastets.com\/nl\/"},{"@type":"ListItem","position":2,"name":"TOERISME IN DE DR\u00d4ME PROVEN\u00c7ALE"}]},{"@type":"WebSite","@id":"https:\/\/www.campinglesbastets.com\/nl\/#website","url":"https:\/\/www.campinglesbastets.com\/nl\/","name":"Camping Les Bastets","description":"","publisher":{"@id":"https:\/\/www.campinglesbastets.com\/nl\/#organization"},"potentialAction":[{"@type":"SearchAction","target":{"@type":"EntryPoint","urlTemplate":"https:\/\/www.campinglesbastets.com\/nl\/?s={search_term_string}"},"query-input":{"@type":"PropertyValueSpecification","valueRequired":true,"valueName":"search_term_string"}}],"inLanguage":"nl-NL"},{"@type":"Organization","@id":"https:\/\/www.campinglesbastets.com\/nl\/#organization","name":"Camping Les Bastets","url":"https:\/\/www.campinglesbastets.com\/nl\/","logo":{"@type":"ImageObject","inLanguage":"nl-NL","@id":"https:\/\/www.campinglesbastets.com\/nl\/#\/schema\/logo\/image\/","url":"https:\/\/www.campinglesbastets.com\/wp-content\/uploads\/2022\/02\/favicon-1.png","contentUrl":"https:\/\/www.campinglesbastets.com\/wp-content\/uploads\/2022\/02\/favicon-1.png","width":1423,"height":1423,"caption":"Camping Les Bastets"},"image":{"@id":"https:\/\/www.campinglesbastets.com\/nl\/#\/schema\/logo\/image\/"}}]}},"_links":{"self":[{"href":"https:\/\/www.campinglesbastets.com\/nl\/wp-json\/wp\/v2\/pages\/9700","targetHints":{"allow":["GET"]}}],"collection":[{"href":"https:\/\/www.campinglesbastets.com\/nl\/wp-json\/wp\/v2\/pages"}],"about":[{"href":"https:\/\/www.campinglesbastets.com\/nl\/wp-json\/wp\/v2\/types\/page"}],"author":[{"embeddable":true,"href":"https:\/\/www.campinglesbastets.com\/nl\/wp-json\/wp\/v2\/users\/1"}],"replies":[{"embeddable":true,"href":"https:\/\/www.campinglesbastets.com\/nl\/wp-json\/wp\/v2\/comments?post=9700"}],"version-history":[{"count":11,"href":"https:\/\/www.campinglesbastets.com\/nl\/wp-json\/wp\/v2\/pages\/9700\/revisions"}],"predecessor-version":[{"id":15543,"href":"https:\/\/www.campinglesbastets.com\/nl\/wp-json\/wp\/v2\/pages\/9700\/revisions\/15543"}],"wp:featuredmedia":[{"embeddable":true,"href":"https:\/\/www.campinglesbastets.com\/nl\/wp-json\/wp\/v2\/media\/9458"}],"wp:attachment":[{"href":"https:\/\/www.campinglesbastets.com\/nl\/wp-json\/wp\/v2\/media?parent=9700"}],"curies":[{"name":"wp","href":"https:\/\/api.w.org\/{rel}","templated":true}]}}