{"id":15606,"date":"2025-09-01T15:23:13","date_gmt":"2025-09-01T13:23:13","guid":{"rendered":"https:\/\/www.campinglesbastets.com\/?page_id=15606"},"modified":"2025-09-01T15:23:14","modified_gmt":"2025-09-01T13:23:14","slug":"filmfestival-montelimar","status":"publish","type":"page","link":"https:\/\/www.campinglesbastets.com\/nl\/omgeving\/filmfestival-montelimar\/","title":{"rendered":"Filmfestival van Mont\u00e9limar: van het geschreven woord naar het scherm"},"content":{"rendered":"<section id=\"section-68b59e41a0961\"\" class=\"section bg-white\" \/><div class=\"container\"><h1 class=\"element section-title center\">Filmfestival van Mont\u00e9limar: van het geschreven woord naar het scherm<\/h1><\/div><\/section>\n\n<section id=\"section-68b59e41a0ac1\"\" class=\"section bg-white\" \/><div class=\"container\"><div class=\"element bloc-text left \">\n\t<p>Men stelt zich vaak een boek voor dat zich omvormt tot beelden. Een tekst die zich hult in filmrol. Het festival <em>Van het geschreven woord naar het scherm<\/em> biedt echter een veel ambitieuzere visie. Het brengt de creatieve frictiezone tot leven waar literatuur en cinema elkaar wederzijds voeden. Het is een laboratorium van kruisende gevoeligheden! Veel meer dan een eenvoudige culturele manifestatie in het hart van de Dr\u00f4me, is dit filmfestival van Mont\u00e9limar een absolute aanrader voor liefhebbers. Mis de volgende editie niet tijdens uw verblijf op onze <a href=\"https:\/\/www.campinglesbastets.com\/nl\/\">4-sterrencamping in de Dr\u00f4me Proven\u00e7ale<\/a>. Deze ligt slechts 18,2 km van het congrespaleis van Mont\u00e9limar!<\/p>\n<h2>Presentatie van het Filmfestival van Mont\u00e9limar<\/h2>\n<p>Elke herfst verandert Mont\u00e9limar in de hoofdstad van de 7e kunst! De stad, genesteld in het hart van de Dr\u00f4me, organiseert dit grote evenement: het filmfestival <em>Van het geschreven woord naar het scherm<\/em>.<\/p>\n<p>Opgestart in 2012 door de vereniging <em>Actes en Dr\u00f4me<\/em>, nodigt het zowel filmliefhebbers als literatuurliefhebbers uit. De ambitie is om het huwelijk tussen het boek en het witte doek tot leven te brengen.<\/p>\n<p>Dit filmfestival wil de schoonheid van het woord in al zijn vormen in de kijker zetten. Het kan geschreven zijn, maar ook geprojecteerd, gezongen of gedanst. Het bevordert een levendige dialoog tussen toeschouwers, artiesten en auteurs. Elk jaar worden er ongeveer 30 avant-premi\u00e8res gepresenteerd.<\/p>\n<p>Let op: de editie van 2024 trok meer dan 30.000 bezoekers, volgens de offici\u00eble website van het festival. En weet dat persoonlijkheden zoals Bertrand Tavernier, Sabine Az\u00e9ma, Philippe Torreton en Clovis Cornillac al tot de prestigieuze gasten van dit Dr\u00f4me-evenement hebben behoord!<\/p>\n<h2>Een selectie van films en hoogtepunten<\/h2>\n<p>Tijdens dit filmfestival van Mont\u00e9limar, dat tot doel heeft bruggen te slaan tussen film en alle vormen van schrijven, kunnen roman, theater, po\u00ebzie, scenario en strip onder uw ogen samensmelten! Het evenement bevordert bovendien de beeldeducatie.<\/p>\n<p>Het programma verloopt doorgaans als volgt:<\/p>\n<ul>\n<li>Avant-premi\u00e8res en andere speciale vertoningen.<\/li>\n<li>Openings- en slotavond met de uitreiking van de prestigieuze <em>Prix de l\u2019\u00c9crit \u00e0 l\u2019\u00c9cran<\/em>.<\/li>\n<li>Boeiende debatten en masterclasses rond literatuur.<\/li>\n<li>Scholdagen met educatieve sessies voor alle niveaus.<\/li>\n<li>Een jeugddomein met kinderfilms en creatieve workshops.<\/li>\n<\/ul>\n<p>Er is voor ieder wat wils. Het Filmfestival van Mont\u00e9limar is ongetwijfeld een cinematografisch en literair avontuur dat u niet mag missen tijdens uw vakantie in de Dr\u00f4me in september!<\/p>\n<h2>Praktische informatie<\/h2>\n<p>Wilt u dit grote evenement bijwonen? Weet dan dat:<\/p>\n<ul>\n<li><strong>Periode<\/strong>: het Filmfestival van Mont\u00e9limar: <em>Van het geschreven woord naar het scherm<\/em> vindt elk jaar plaats in de 3e week van september en duurt 7 dagen.<\/li>\n<li><strong>Locatie<\/strong>: de evenementen vinden voornamelijk plaats in het Palais des Congr\u00e8s. Ook de lokale bioscoopzalen worden gebruikt.<\/li>\n<li><strong>Informatie en nieuws<\/strong>: de website van het festival staat boordevol informatie. U vindt er het programma, de vertoningstijden en zelfs exclusieve content.<\/li>\n<li><strong>Toegankelijkheid<\/strong>: Mont\u00e9limar is heel gemakkelijk te verkennen. De stad is ideaal voor voetgangers! Vanuit onze camping bereikt u de stad via de D105.<\/li>\n<\/ul>\n<p>Het filmfestival <em>Van het geschreven woord naar het scherm<\/em> is een uitstekende reden om de Dr\u00f4me te bezoeken. Onze <a href=\"https:\/\/www.campinglesbastets.com\/nl\/zwembad-drome\/\">camping met zwembad in de Dr\u00f4me<\/a> ligt op slechts een twintigtal minuten rijden van Mont\u00e9limar! En mocht u dit evenement missen, dan is er in november altijd nog het Italiaanse filmfestival van Mont\u00e9limar. De filmervaring gaat gewoon door!<\/p>\n<\/div><\/div><\/section>","protected":false},"excerpt":{"rendered":"","protected":false},"author":2,"featured_media":15578,"parent":9700,"menu_order":0,"comment_status":"closed","ping_status":"closed","template":"","meta":{"_acf_changed":false,"footnotes":""},"class_list":["post-15606","page","type-page","status-publish","has-post-thumbnail","hentry"],"acf":[],"yoast_head":"<!-- This site is optimized with the Yoast SEO plugin v25.3 - https:\/\/yoast.com\/wordpress\/plugins\/seo\/ -->\n<title>Filmfestival van Mont\u00e9limar: van het woord naar het scherm<\/title>\n<meta name=\"description\" content=\"Van het geschreven woord naar het scherm. Ontdek een uniek evenement met films, avant-premi\u00e8res en verrijkende debatten!\" \/>\n<meta name=\"robots\" content=\"index, follow, max-snippet:-1, max-image-preview:large, max-video-preview:-1\" \/>\n<link rel=\"canonical\" href=\"https:\/\/www.campinglesbastets.com\/nl\/omgeving\/filmfestival-montelimar\/\" \/>\n<meta property=\"og:locale\" content=\"nl_NL\" \/>\n<meta property=\"og:type\" content=\"article\" \/>\n<meta property=\"og:title\" content=\"Filmfestival van Mont\u00e9limar: van het woord naar het scherm\" \/>\n<meta property=\"og:description\" content=\"Van het geschreven woord naar het scherm. Ontdek een uniek evenement met films, avant-premi\u00e8res en verrijkende debatten!\" \/>\n<meta property=\"og:url\" content=\"https:\/\/www.campinglesbastets.com\/nl\/omgeving\/filmfestival-montelimar\/\" \/>\n<meta property=\"og:site_name\" content=\"Camping Les Bastets\" \/>\n<meta property=\"article:modified_time\" content=\"2025-09-01T13:23:14+00:00\" \/>\n<meta property=\"og:image\" content=\"https:\/\/www.campinglesbastets.com\/wp-content\/uploads\/2025\/09\/Festival-cinema-Montelimar.jpg\" \/>\n\t<meta property=\"og:image:width\" content=\"1536\" \/>\n\t<meta property=\"og:image:height\" content=\"1024\" \/>\n\t<meta property=\"og:image:type\" content=\"image\/jpeg\" \/>\n<meta name=\"twitter:card\" content=\"summary_large_image\" \/>\n<meta name=\"twitter:label1\" content=\"Geschatte leestijd\" \/>\n\t<meta name=\"twitter:data1\" content=\"1 minuut\" \/>\n<script type=\"application\/ld+json\" class=\"yoast-schema-graph\">{\"@context\":\"https:\/\/schema.org\",\"@graph\":[{\"@type\":\"WebPage\",\"@id\":\"https:\/\/www.campinglesbastets.com\/nl\/omgeving\/filmfestival-montelimar\/\",\"url\":\"https:\/\/www.campinglesbastets.com\/nl\/omgeving\/filmfestival-montelimar\/\",\"name\":\"Filmfestival van Mont\u00e9limar: van het woord naar het scherm\",\"isPartOf\":{\"@id\":\"https:\/\/www.campinglesbastets.com\/nl\/#website\"},\"primaryImageOfPage\":{\"@id\":\"https:\/\/www.campinglesbastets.com\/nl\/omgeving\/filmfestival-montelimar\/#primaryimage\"},\"image\":{\"@id\":\"https:\/\/www.campinglesbastets.com\/nl\/omgeving\/filmfestival-montelimar\/#primaryimage\"},\"thumbnailUrl\":\"https:\/\/www.campinglesbastets.com\/wp-content\/uploads\/2025\/09\/Festival-cinema-Montelimar.jpg\",\"datePublished\":\"2025-09-01T13:23:13+00:00\",\"dateModified\":\"2025-09-01T13:23:14+00:00\",\"description\":\"Van het geschreven woord naar het scherm. Ontdek een uniek evenement met films, avant-premi\u00e8res en verrijkende debatten!\",\"breadcrumb\":{\"@id\":\"https:\/\/www.campinglesbastets.com\/nl\/omgeving\/filmfestival-montelimar\/#breadcrumb\"},\"inLanguage\":\"nl-NL\",\"potentialAction\":[{\"@type\":\"ReadAction\",\"target\":[\"https:\/\/www.campinglesbastets.com\/nl\/omgeving\/filmfestival-montelimar\/\"]}]},{\"@type\":\"ImageObject\",\"inLanguage\":\"nl-NL\",\"@id\":\"https:\/\/www.campinglesbastets.com\/nl\/omgeving\/filmfestival-montelimar\/#primaryimage\",\"url\":\"https:\/\/www.campinglesbastets.com\/wp-content\/uploads\/2025\/09\/Festival-cinema-Montelimar.jpg\",\"contentUrl\":\"https:\/\/www.campinglesbastets.com\/wp-content\/uploads\/2025\/09\/Festival-cinema-Montelimar.jpg\",\"width\":1536,\"height\":1024,\"caption\":\"Filmfestival van Mont\u00e9limar\"},{\"@type\":\"BreadcrumbList\",\"@id\":\"https:\/\/www.campinglesbastets.com\/nl\/omgeving\/filmfestival-montelimar\/#breadcrumb\",\"itemListElement\":[{\"@type\":\"ListItem\",\"position\":1,\"name\":\"Camping Dr\u00f4me\",\"item\":\"https:\/\/www.campinglesbastets.com\/nl\/\"},{\"@type\":\"ListItem\",\"position\":2,\"name\":\"TOERISME IN DE DR\u00d4ME PROVEN\u00c7ALE\",\"item\":\"https:\/\/www.campinglesbastets.com\/nl\/omgeving\/\"},{\"@type\":\"ListItem\",\"position\":3,\"name\":\"Filmfestival van Mont\u00e9limar\"}]},{\"@type\":\"WebSite\",\"@id\":\"https:\/\/www.campinglesbastets.com\/nl\/#website\",\"url\":\"https:\/\/www.campinglesbastets.com\/nl\/\",\"name\":\"Camping Les Bastets\",\"description\":\"\",\"publisher\":{\"@id\":\"https:\/\/www.campinglesbastets.com\/nl\/#organization\"},\"potentialAction\":[{\"@type\":\"SearchAction\",\"target\":{\"@type\":\"EntryPoint\",\"urlTemplate\":\"https:\/\/www.campinglesbastets.com\/nl\/?s={search_term_string}\"},\"query-input\":{\"@type\":\"PropertyValueSpecification\",\"valueRequired\":true,\"valueName\":\"search_term_string\"}}],\"inLanguage\":\"nl-NL\"},{\"@type\":\"Organization\",\"@id\":\"https:\/\/www.campinglesbastets.com\/nl\/#organization\",\"name\":\"Camping Les Bastets\",\"url\":\"https:\/\/www.campinglesbastets.com\/nl\/\",\"logo\":{\"@type\":\"ImageObject\",\"inLanguage\":\"nl-NL\",\"@id\":\"https:\/\/www.campinglesbastets.com\/nl\/#\/schema\/logo\/image\/\",\"url\":\"https:\/\/www.campinglesbastets.com\/wp-content\/uploads\/2022\/02\/favicon-1.png\",\"contentUrl\":\"https:\/\/www.campinglesbastets.com\/wp-content\/uploads\/2022\/02\/favicon-1.png\",\"width\":1423,\"height\":1423,\"caption\":\"Camping Les Bastets\"},\"image\":{\"@id\":\"https:\/\/www.campinglesbastets.com\/nl\/#\/schema\/logo\/image\/\"}}]}<\/script>\n<!-- \/ Yoast SEO plugin. -->","yoast_head_json":{"title":"Filmfestival van Mont\u00e9limar: van het woord naar het scherm","description":"Van het geschreven woord naar het scherm. Ontdek een uniek evenement met films, avant-premi\u00e8res en verrijkende debatten!","robots":{"index":"index","follow":"follow","max-snippet":"max-snippet:-1","max-image-preview":"max-image-preview:large","max-video-preview":"max-video-preview:-1"},"canonical":"https:\/\/www.campinglesbastets.com\/nl\/omgeving\/filmfestival-montelimar\/","og_locale":"nl_NL","og_type":"article","og_title":"Filmfestival van Mont\u00e9limar: van het woord naar het scherm","og_description":"Van het geschreven woord naar het scherm. Ontdek een uniek evenement met films, avant-premi\u00e8res en verrijkende debatten!","og_url":"https:\/\/www.campinglesbastets.com\/nl\/omgeving\/filmfestival-montelimar\/","og_site_name":"Camping Les Bastets","article_modified_time":"2025-09-01T13:23:14+00:00","og_image":[{"width":1536,"height":1024,"url":"https:\/\/www.campinglesbastets.com\/wp-content\/uploads\/2025\/09\/Festival-cinema-Montelimar.jpg","type":"image\/jpeg"}],"twitter_card":"summary_large_image","twitter_misc":{"Geschatte leestijd":"1 minuut"},"schema":{"@context":"https:\/\/schema.org","@graph":[{"@type":"WebPage","@id":"https:\/\/www.campinglesbastets.com\/nl\/omgeving\/filmfestival-montelimar\/","url":"https:\/\/www.campinglesbastets.com\/nl\/omgeving\/filmfestival-montelimar\/","name":"Filmfestival van Mont\u00e9limar: van het woord naar het scherm","isPartOf":{"@id":"https:\/\/www.campinglesbastets.com\/nl\/#website"},"primaryImageOfPage":{"@id":"https:\/\/www.campinglesbastets.com\/nl\/omgeving\/filmfestival-montelimar\/#primaryimage"},"image":{"@id":"https:\/\/www.campinglesbastets.com\/nl\/omgeving\/filmfestival-montelimar\/#primaryimage"},"thumbnailUrl":"https:\/\/www.campinglesbastets.com\/wp-content\/uploads\/2025\/09\/Festival-cinema-Montelimar.jpg","datePublished":"2025-09-01T13:23:13+00:00","dateModified":"2025-09-01T13:23:14+00:00","description":"Van het geschreven woord naar het scherm. Ontdek een uniek evenement met films, avant-premi\u00e8res en verrijkende debatten!","breadcrumb":{"@id":"https:\/\/www.campinglesbastets.com\/nl\/omgeving\/filmfestival-montelimar\/#breadcrumb"},"inLanguage":"nl-NL","potentialAction":[{"@type":"ReadAction","target":["https:\/\/www.campinglesbastets.com\/nl\/omgeving\/filmfestival-montelimar\/"]}]},{"@type":"ImageObject","inLanguage":"nl-NL","@id":"https:\/\/www.campinglesbastets.com\/nl\/omgeving\/filmfestival-montelimar\/#primaryimage","url":"https:\/\/www.campinglesbastets.com\/wp-content\/uploads\/2025\/09\/Festival-cinema-Montelimar.jpg","contentUrl":"https:\/\/www.campinglesbastets.com\/wp-content\/uploads\/2025\/09\/Festival-cinema-Montelimar.jpg","width":1536,"height":1024,"caption":"Filmfestival van Mont\u00e9limar"},{"@type":"BreadcrumbList","@id":"https:\/\/www.campinglesbastets.com\/nl\/omgeving\/filmfestival-montelimar\/#breadcrumb","itemListElement":[{"@type":"ListItem","position":1,"name":"Camping Dr\u00f4me","item":"https:\/\/www.campinglesbastets.com\/nl\/"},{"@type":"ListItem","position":2,"name":"TOERISME IN DE DR\u00d4ME PROVEN\u00c7ALE","item":"https:\/\/www.campinglesbastets.com\/nl\/omgeving\/"},{"@type":"ListItem","position":3,"name":"Filmfestival van Mont\u00e9limar"}]},{"@type":"WebSite","@id":"https:\/\/www.campinglesbastets.com\/nl\/#website","url":"https:\/\/www.campinglesbastets.com\/nl\/","name":"Camping Les Bastets","description":"","publisher":{"@id":"https:\/\/www.campinglesbastets.com\/nl\/#organization"},"potentialAction":[{"@type":"SearchAction","target":{"@type":"EntryPoint","urlTemplate":"https:\/\/www.campinglesbastets.com\/nl\/?s={search_term_string}"},"query-input":{"@type":"PropertyValueSpecification","valueRequired":true,"valueName":"search_term_string"}}],"inLanguage":"nl-NL"},{"@type":"Organization","@id":"https:\/\/www.campinglesbastets.com\/nl\/#organization","name":"Camping Les Bastets","url":"https:\/\/www.campinglesbastets.com\/nl\/","logo":{"@type":"ImageObject","inLanguage":"nl-NL","@id":"https:\/\/www.campinglesbastets.com\/nl\/#\/schema\/logo\/image\/","url":"https:\/\/www.campinglesbastets.com\/wp-content\/uploads\/2022\/02\/favicon-1.png","contentUrl":"https:\/\/www.campinglesbastets.com\/wp-content\/uploads\/2022\/02\/favicon-1.png","width":1423,"height":1423,"caption":"Camping Les Bastets"},"image":{"@id":"https:\/\/www.campinglesbastets.com\/nl\/#\/schema\/logo\/image\/"}}]}},"_links":{"self":[{"href":"https:\/\/www.campinglesbastets.com\/nl\/wp-json\/wp\/v2\/pages\/15606","targetHints":{"allow":["GET"]}}],"collection":[{"href":"https:\/\/www.campinglesbastets.com\/nl\/wp-json\/wp\/v2\/pages"}],"about":[{"href":"https:\/\/www.campinglesbastets.com\/nl\/wp-json\/wp\/v2\/types\/page"}],"author":[{"embeddable":true,"href":"https:\/\/www.campinglesbastets.com\/nl\/wp-json\/wp\/v2\/users\/2"}],"replies":[{"embeddable":true,"href":"https:\/\/www.campinglesbastets.com\/nl\/wp-json\/wp\/v2\/comments?post=15606"}],"version-history":[{"count":2,"href":"https:\/\/www.campinglesbastets.com\/nl\/wp-json\/wp\/v2\/pages\/15606\/revisions"}],"predecessor-version":[{"id":15608,"href":"https:\/\/www.campinglesbastets.com\/nl\/wp-json\/wp\/v2\/pages\/15606\/revisions\/15608"}],"up":[{"embeddable":true,"href":"https:\/\/www.campinglesbastets.com\/nl\/wp-json\/wp\/v2\/pages\/9700"}],"wp:featuredmedia":[{"embeddable":true,"href":"https:\/\/www.campinglesbastets.com\/nl\/wp-json\/wp\/v2\/media\/15578"}],"wp:attachment":[{"href":"https:\/\/www.campinglesbastets.com\/nl\/wp-json\/wp\/v2\/media?parent=15606"}],"curies":[{"name":"wp","href":"https:\/\/api.w.org\/{rel}","templated":true}]}}