{"id":15446,"date":"2025-07-08T14:41:49","date_gmt":"2025-07-08T12:41:49","guid":{"rendered":"https:\/\/www.campinglesbastets.com\/?page_id=15446"},"modified":"2025-07-08T14:41:51","modified_gmt":"2025-07-08T12:41:51","slug":"beste-restaurants-drome-provencale","status":"publish","type":"page","link":"https:\/\/www.campinglesbastets.com\/nl\/omgeving\/beste-restaurants-drome-provencale\/","title":{"rendered":"De beste restaurants in de Dr\u00f4me Proven\u00e7ale"},"content":{"rendered":"<section id=\"section-686d0f54992bb\"\" class=\"section bg-white\" \/><div class=\"container\"><h1 class=\"element section-title center m-b-4\">De beste restaurants in de Dr\u00f4me Proven\u00e7ale<\/h1><div class=\"element bloc-text left m-b-4\">\n\t<p>Tussen lavendelvelden, pittoreske dorpjes op heuveltoppen en kleurrijke markten belichaamt de Dr\u00f4me Proven\u00e7ale de levenskunst van het zuiden. Een verblijf in een bastide, een uitje op <a href=\"https:\/\/www.campinglesbastets.com\/nl\/\">onze 4-sterrencamping in de Dr\u00f4me Proven\u00e7ale<\/a>, of een wandeling tussen wijngaarden en olijfbomen\u2026 elk moment wekt de eetlust op.<\/p>\n<p>Om het genot voort te zetten, hebben we een selectie gemaakt van de <strong>5 beste restaurants in de Dr\u00f4me Proven\u00e7ale<\/strong>, waar streekproducten, creativiteit en gulheid samenkomen in elk gerecht.<\/p>\n<h2>Les Aubergistes in Marsanne<\/h2>\n<p>In het hart van het dorp Marsanne viert restaurant <strong>Les Aubergistes<\/strong> op authentieke wijze de keuken van de Dr\u00f4me. Gevestigd onder eeuwenoude kastanjebomen, ademt deze warme plek eenvoud, gezelligheid en lokale smaken.<\/p>\n<p>De chef serveert traditionele, huiselijke gerechten die met de seizoenen mee evolueren. De maaltijden worden bereid met producten uit de korte keten: groenten, vlees, kazen\u2026 met ook opties zonder gluten of lactose. De no-nonsense sfeer, de vriendelijke lokale ontvangst en de betaalbare prijzen doen denken aan de ziel van een dorpsbistro.<\/p>\n<p><strong>Troeven &amp; Beleving<\/strong> :<\/p>\n<ul>\n<li>Gezellige en verantwoorde keuken: pure smaken van de streek<\/li>\n<li>Authentieke sfeer: tafelen onder de bomen, hartelijke bediening<\/li>\n<li>Toeristische labels: aanbevolen door <em>Le Routard<\/em>, <em>Gault &amp; Millau<\/em><\/li>\n<li><a href=\"https:\/\/www.les-aubergistes.fr\/\">Reserveren<\/a><\/li>\n<\/ul>\n<p><em>Op 2,6 kilometer van onze camping.<\/em><\/p>\n<h2>Le Bistro\u2019C in Puy-Saint-Martin<\/h2>\n<p>In het hart van Puy-Saint-Martin is <strong>Le Bistro\u2019C <\/strong>een 100% restaurantadres, warm en geliefd bij de locals.<\/p>\n<p>De chef serveert een herwerkte traditionele keuken, gebaseerd op verse, seizoensgebonden producten. Hier geniet je van royale en smaakvolle streekgerechten in een eenvoudig en gezellig kader. De ontvangst is bijzonder aangenaam, met een familiale sfeer die uitnodigt tot een ontspannen maaltijd zonder poespas.<\/p>\n<p><strong>Troeven &amp; Beleving :<\/strong><\/p>\n<ul>\n<li><strong>Eerlijke, lokale keuken<\/strong>: royale streekgerechten met verse ingredi\u00ebnten uit de regio<\/li>\n<li><strong>Dorpssfeer:<\/strong> sobere inrichting, warme en gezellige ontvangst<\/li>\n<li><strong>Vriendelijke prijzen:<\/strong> royale porties tegen een zacht tarief \u2013 ideaal voor een lunch of diner zonder groot budget<\/li>\n<li><strong>Ontmoetingsplek:<\/strong> populair bij zowel inwoners als bezoekers, perfecte plek om het lokale leven op te snuiven<\/li>\n<li><strong>Echt restaurant:<\/strong> geen hotel-restaurantformule \u2013 hier kom je puur om lekker te eten, zonder franjes<\/li>\n<\/ul>\n<p><em>Op 9,3 kilometer van onze camping.<\/em><\/p>\n<h2>Le Proven\u00e7al in Saint-Gervais-sur-Roubion<\/h2>\n<p>In het hart van het dorp Saint-Gervais-sur-Roubion is <strong>Le Proven\u00e7al <\/strong>een gezellig en authentiek bar-restaurant, geliefd om zijn ontspannen sfeer en royale bistrokeuken. Gelegen aan het Place de l\u2019H\u00f4pital, maakt het deel uit van de vijf buurtwinkels van het dorp.<\/p>\n<p>De chef serveert een eenvoudige maar verzorgde menukaart, met traditionele gerechten zoals pasteitje, fideu\u00e0 (pa\u00eblla met pasta), worstjes, gratins en andere typische familierecepten.<\/p>\n<p><strong>Troeven &amp; Beleving<\/strong> :<\/p>\n<ul>\n<li>Royale bistrokeuken<\/li>\n<li>Dorpssfeer: eenvoudige plek, warme en gezellige service<\/li>\n<li>Buiten\u00adterras op het dorpsplein: ideaal voor zonnige maaltijden<\/li>\n<\/ul>\n<p><em>Op 10 kilometer van onze camping.<\/em><\/p>\n<h2>Le Clair de la Plume in Grignan<\/h2>\n<p>In het charmante dorp Grignan is <strong>Le Clair de la Plume <\/strong>een met een Michelinster bekroond restaurant waar verfijning en terroir hand in hand gaan. Gevestigd in een herenhuis tegenover het kasteel van Grignan, serveert het restaurant een keuken ge\u00efnspireerd door een permacultuurtuin, onder leiding van Julien Burbaud, bekend van <em>Top Chef<\/em>.<\/p>\n<p>De verfijnde borden zetten lokale producten in de kijker: groenten uit eigen tuin, vlees van lokale boeren, wilde kruiden\u2026 Alles geserveerd in een elegant decor, met onberispelijke service en een prachtige selectie regionale wijnen.<\/p>\n<p><strong>Troeven &amp; Beleving<\/strong> :<\/p>\n<ul>\n<li>Romantisch kader: ideaal voor een uitje met z\u2019n twee\u00ebn<\/li>\n<li>Verfijnde wijnkaart: lokale topdomeinen en zeldzame flessen<\/li>\n<li>Schaduwrijke tuin en terras: perfect voor een zomerse lunch in een landelijke sfeer<\/li>\n<li><a href=\"https:\/\/www.clairplume.com\/le-clair-de-la-plume\/\">Reserveren<\/a><\/li>\n<\/ul>\n<p><em>Op 34 kilometer van onze camping.<\/em><\/p>\n<h2>D\u2019un go\u00fbt \u00e0 l\u2019autre in Nyons<\/h2>\n<p>In het hart van Nyons is <strong>D\u2019un go\u00fbt \u00e0 l\u2019autre<\/strong> een ware ode aan het terroir van de Dr\u00f4me. Onder leiding van chef Christophe Malet serveert dit adres een verfijnde, biologische en duurzame keuken, volledig bereid met lokale producten. Elk seizoen inspireert het menu, wat zorgt voor frisheid en authenticiteit.<\/p>\n<p>De gerechten zetten de ingredi\u00ebnten van het moment centraal: groenten van lokale tuinders, kazen uit de streek, forel uit de Dr\u00f4me, en AOP-olijfolie uit Nyons. Zowel toevallige fijnproevers als vaste gasten waarderen deze smaakvolle plek.<\/p>\n<p><strong>Troeven &amp; Beleving :<\/strong><\/p>\n<ul>\n<li><strong>Ecologisch verantwoorde keuken<\/strong>: bio en korte keten<\/li>\n<li><strong>Seizoensmenu\u2019s<\/strong>: maandelijks wisselende kaart volgens marktaanbod<\/li>\n<li><strong>Warme sfeer<\/strong>: eenvoudige, attente ontvangst<\/li>\n<li><strong>Regionale wijnkaart<\/strong>: mooie cuv\u00e9es uit de Baronnies en de Coteaux du Rh\u00f4ne<\/li>\n<li><strong>Autovrij terras<\/strong>: ideaal voor een rustige lunch in het centrum van Nyons<br \/>\n<a href=\"https:\/\/dungoutalautre.fr\/\">Reserveren<\/a><\/li>\n<\/ul>\n<p><em>Op 51 kilometer van onze camping. <\/em><\/p>\n<p><strong>Zin om deze restaurants in de Dr\u00f4me Proven\u00e7ale te ontdekken tijdens je verblijf? <\/strong>Boek nu je accommodatie op onze <a href=\"https:\/\/www.campinglesbastets.com\/nl\/zwembad-drome\/\">camping met zwembad in de Dr\u00f4me<\/a>, op slechts een paar kilometer van deze culinaire toppers.<\/p>\n<\/div><\/div><\/section>","protected":false},"excerpt":{"rendered":"","protected":false},"author":2,"featured_media":15437,"parent":9700,"menu_order":0,"comment_status":"closed","ping_status":"closed","template":"","meta":{"_acf_changed":false,"footnotes":""},"class_list":["post-15446","page","type-page","status-publish","has-post-thumbnail","hentry"],"acf":[],"yoast_head":"<!-- This site is optimized with the Yoast SEO plugin v25.3 - https:\/\/yoast.com\/wordpress\/plugins\/seo\/ -->\n<title>De beste restaurants in de Dr\u00f4me Proven\u00e7ale: onze top 5<\/title>\n<meta name=\"description\" content=\"Ontdek onze selectie van de 5 beste restaurants in de Dr\u00f4me Proven\u00e7ale: lokale keuken, charmante setting, culinaire topadresjes !\" \/>\n<meta name=\"robots\" content=\"index, follow, max-snippet:-1, max-image-preview:large, max-video-preview:-1\" \/>\n<link rel=\"canonical\" href=\"https:\/\/www.campinglesbastets.com\/nl\/omgeving\/beste-restaurants-drome-provencale\/\" \/>\n<meta property=\"og:locale\" content=\"nl_NL\" \/>\n<meta property=\"og:type\" content=\"article\" \/>\n<meta property=\"og:title\" content=\"De beste restaurants in de Dr\u00f4me Proven\u00e7ale: onze top 5\" \/>\n<meta property=\"og:description\" content=\"Ontdek onze selectie van de 5 beste restaurants in de Dr\u00f4me Proven\u00e7ale: lokale keuken, charmante setting, culinaire topadresjes !\" \/>\n<meta property=\"og:url\" content=\"https:\/\/www.campinglesbastets.com\/nl\/omgeving\/beste-restaurants-drome-provencale\/\" \/>\n<meta property=\"og:site_name\" content=\"Camping Les Bastets\" \/>\n<meta property=\"article:modified_time\" content=\"2025-07-08T12:41:51+00:00\" \/>\n<meta property=\"og:image\" content=\"https:\/\/www.campinglesbastets.com\/wp-content\/uploads\/2025\/07\/Restaurants-dans-la-Drome-Provencale.jpg\" \/>\n\t<meta property=\"og:image:width\" content=\"1900\" \/>\n\t<meta property=\"og:image:height\" content=\"700\" \/>\n\t<meta property=\"og:image:type\" content=\"image\/jpeg\" \/>\n<meta name=\"twitter:card\" content=\"summary_large_image\" \/>\n<meta name=\"twitter:label1\" content=\"Geschatte leestijd\" \/>\n\t<meta name=\"twitter:data1\" content=\"1 minuut\" \/>\n<script type=\"application\/ld+json\" class=\"yoast-schema-graph\">{\"@context\":\"https:\/\/schema.org\",\"@graph\":[{\"@type\":\"WebPage\",\"@id\":\"https:\/\/www.campinglesbastets.com\/nl\/omgeving\/beste-restaurants-drome-provencale\/\",\"url\":\"https:\/\/www.campinglesbastets.com\/nl\/omgeving\/beste-restaurants-drome-provencale\/\",\"name\":\"De beste restaurants in de Dr\u00f4me Proven\u00e7ale: onze top 5\",\"isPartOf\":{\"@id\":\"https:\/\/www.campinglesbastets.com\/nl\/#website\"},\"primaryImageOfPage\":{\"@id\":\"https:\/\/www.campinglesbastets.com\/nl\/omgeving\/beste-restaurants-drome-provencale\/#primaryimage\"},\"image\":{\"@id\":\"https:\/\/www.campinglesbastets.com\/nl\/omgeving\/beste-restaurants-drome-provencale\/#primaryimage\"},\"thumbnailUrl\":\"https:\/\/www.campinglesbastets.com\/wp-content\/uploads\/2025\/07\/Restaurants-dans-la-Drome-Provencale.jpg\",\"datePublished\":\"2025-07-08T12:41:49+00:00\",\"dateModified\":\"2025-07-08T12:41:51+00:00\",\"description\":\"Ontdek onze selectie van de 5 beste restaurants in de Dr\u00f4me Proven\u00e7ale: lokale keuken, charmante setting, culinaire topadresjes !\",\"breadcrumb\":{\"@id\":\"https:\/\/www.campinglesbastets.com\/nl\/omgeving\/beste-restaurants-drome-provencale\/#breadcrumb\"},\"inLanguage\":\"nl-NL\",\"potentialAction\":[{\"@type\":\"ReadAction\",\"target\":[\"https:\/\/www.campinglesbastets.com\/nl\/omgeving\/beste-restaurants-drome-provencale\/\"]}]},{\"@type\":\"ImageObject\",\"inLanguage\":\"nl-NL\",\"@id\":\"https:\/\/www.campinglesbastets.com\/nl\/omgeving\/beste-restaurants-drome-provencale\/#primaryimage\",\"url\":\"https:\/\/www.campinglesbastets.com\/wp-content\/uploads\/2025\/07\/Restaurants-dans-la-Drome-Provencale.jpg\",\"contentUrl\":\"https:\/\/www.campinglesbastets.com\/wp-content\/uploads\/2025\/07\/Restaurants-dans-la-Drome-Provencale.jpg\",\"width\":1900,\"height\":700,\"caption\":\"Restaurant in de Dr\u00f4me Proven\u00e7ale\"},{\"@type\":\"BreadcrumbList\",\"@id\":\"https:\/\/www.campinglesbastets.com\/nl\/omgeving\/beste-restaurants-drome-provencale\/#breadcrumb\",\"itemListElement\":[{\"@type\":\"ListItem\",\"position\":1,\"name\":\"Camping Dr\u00f4me\",\"item\":\"https:\/\/www.campinglesbastets.com\/nl\/\"},{\"@type\":\"ListItem\",\"position\":2,\"name\":\"TOERISME IN DE DR\u00d4ME PROVEN\u00c7ALE\",\"item\":\"https:\/\/www.campinglesbastets.com\/nl\/omgeving\/\"},{\"@type\":\"ListItem\",\"position\":3,\"name\":\"De beste restaurants in de Dr\u00f4me Proven\u00e7ale\"}]},{\"@type\":\"WebSite\",\"@id\":\"https:\/\/www.campinglesbastets.com\/nl\/#website\",\"url\":\"https:\/\/www.campinglesbastets.com\/nl\/\",\"name\":\"Camping Les Bastets\",\"description\":\"\",\"publisher\":{\"@id\":\"https:\/\/www.campinglesbastets.com\/nl\/#organization\"},\"potentialAction\":[{\"@type\":\"SearchAction\",\"target\":{\"@type\":\"EntryPoint\",\"urlTemplate\":\"https:\/\/www.campinglesbastets.com\/nl\/?s={search_term_string}\"},\"query-input\":{\"@type\":\"PropertyValueSpecification\",\"valueRequired\":true,\"valueName\":\"search_term_string\"}}],\"inLanguage\":\"nl-NL\"},{\"@type\":\"Organization\",\"@id\":\"https:\/\/www.campinglesbastets.com\/nl\/#organization\",\"name\":\"Camping Les Bastets\",\"url\":\"https:\/\/www.campinglesbastets.com\/nl\/\",\"logo\":{\"@type\":\"ImageObject\",\"inLanguage\":\"nl-NL\",\"@id\":\"https:\/\/www.campinglesbastets.com\/nl\/#\/schema\/logo\/image\/\",\"url\":\"https:\/\/www.campinglesbastets.com\/wp-content\/uploads\/2022\/02\/favicon-1.png\",\"contentUrl\":\"https:\/\/www.campinglesbastets.com\/wp-content\/uploads\/2022\/02\/favicon-1.png\",\"width\":1423,\"height\":1423,\"caption\":\"Camping Les Bastets\"},\"image\":{\"@id\":\"https:\/\/www.campinglesbastets.com\/nl\/#\/schema\/logo\/image\/\"}}]}<\/script>\n<!-- \/ Yoast SEO plugin. -->","yoast_head_json":{"title":"De beste restaurants in de Dr\u00f4me Proven\u00e7ale: onze top 5","description":"Ontdek onze selectie van de 5 beste restaurants in de Dr\u00f4me Proven\u00e7ale: lokale keuken, charmante setting, culinaire topadresjes !","robots":{"index":"index","follow":"follow","max-snippet":"max-snippet:-1","max-image-preview":"max-image-preview:large","max-video-preview":"max-video-preview:-1"},"canonical":"https:\/\/www.campinglesbastets.com\/nl\/omgeving\/beste-restaurants-drome-provencale\/","og_locale":"nl_NL","og_type":"article","og_title":"De beste restaurants in de Dr\u00f4me Proven\u00e7ale: onze top 5","og_description":"Ontdek onze selectie van de 5 beste restaurants in de Dr\u00f4me Proven\u00e7ale: lokale keuken, charmante setting, culinaire topadresjes !","og_url":"https:\/\/www.campinglesbastets.com\/nl\/omgeving\/beste-restaurants-drome-provencale\/","og_site_name":"Camping Les Bastets","article_modified_time":"2025-07-08T12:41:51+00:00","og_image":[{"width":1900,"height":700,"url":"https:\/\/www.campinglesbastets.com\/wp-content\/uploads\/2025\/07\/Restaurants-dans-la-Drome-Provencale.jpg","type":"image\/jpeg"}],"twitter_card":"summary_large_image","twitter_misc":{"Geschatte leestijd":"1 minuut"},"schema":{"@context":"https:\/\/schema.org","@graph":[{"@type":"WebPage","@id":"https:\/\/www.campinglesbastets.com\/nl\/omgeving\/beste-restaurants-drome-provencale\/","url":"https:\/\/www.campinglesbastets.com\/nl\/omgeving\/beste-restaurants-drome-provencale\/","name":"De beste restaurants in de Dr\u00f4me Proven\u00e7ale: onze top 5","isPartOf":{"@id":"https:\/\/www.campinglesbastets.com\/nl\/#website"},"primaryImageOfPage":{"@id":"https:\/\/www.campinglesbastets.com\/nl\/omgeving\/beste-restaurants-drome-provencale\/#primaryimage"},"image":{"@id":"https:\/\/www.campinglesbastets.com\/nl\/omgeving\/beste-restaurants-drome-provencale\/#primaryimage"},"thumbnailUrl":"https:\/\/www.campinglesbastets.com\/wp-content\/uploads\/2025\/07\/Restaurants-dans-la-Drome-Provencale.jpg","datePublished":"2025-07-08T12:41:49+00:00","dateModified":"2025-07-08T12:41:51+00:00","description":"Ontdek onze selectie van de 5 beste restaurants in de Dr\u00f4me Proven\u00e7ale: lokale keuken, charmante setting, culinaire topadresjes !","breadcrumb":{"@id":"https:\/\/www.campinglesbastets.com\/nl\/omgeving\/beste-restaurants-drome-provencale\/#breadcrumb"},"inLanguage":"nl-NL","potentialAction":[{"@type":"ReadAction","target":["https:\/\/www.campinglesbastets.com\/nl\/omgeving\/beste-restaurants-drome-provencale\/"]}]},{"@type":"ImageObject","inLanguage":"nl-NL","@id":"https:\/\/www.campinglesbastets.com\/nl\/omgeving\/beste-restaurants-drome-provencale\/#primaryimage","url":"https:\/\/www.campinglesbastets.com\/wp-content\/uploads\/2025\/07\/Restaurants-dans-la-Drome-Provencale.jpg","contentUrl":"https:\/\/www.campinglesbastets.com\/wp-content\/uploads\/2025\/07\/Restaurants-dans-la-Drome-Provencale.jpg","width":1900,"height":700,"caption":"Restaurant in de Dr\u00f4me Proven\u00e7ale"},{"@type":"BreadcrumbList","@id":"https:\/\/www.campinglesbastets.com\/nl\/omgeving\/beste-restaurants-drome-provencale\/#breadcrumb","itemListElement":[{"@type":"ListItem","position":1,"name":"Camping Dr\u00f4me","item":"https:\/\/www.campinglesbastets.com\/nl\/"},{"@type":"ListItem","position":2,"name":"TOERISME IN DE DR\u00d4ME PROVEN\u00c7ALE","item":"https:\/\/www.campinglesbastets.com\/nl\/omgeving\/"},{"@type":"ListItem","position":3,"name":"De beste restaurants in de Dr\u00f4me Proven\u00e7ale"}]},{"@type":"WebSite","@id":"https:\/\/www.campinglesbastets.com\/nl\/#website","url":"https:\/\/www.campinglesbastets.com\/nl\/","name":"Camping Les Bastets","description":"","publisher":{"@id":"https:\/\/www.campinglesbastets.com\/nl\/#organization"},"potentialAction":[{"@type":"SearchAction","target":{"@type":"EntryPoint","urlTemplate":"https:\/\/www.campinglesbastets.com\/nl\/?s={search_term_string}"},"query-input":{"@type":"PropertyValueSpecification","valueRequired":true,"valueName":"search_term_string"}}],"inLanguage":"nl-NL"},{"@type":"Organization","@id":"https:\/\/www.campinglesbastets.com\/nl\/#organization","name":"Camping Les Bastets","url":"https:\/\/www.campinglesbastets.com\/nl\/","logo":{"@type":"ImageObject","inLanguage":"nl-NL","@id":"https:\/\/www.campinglesbastets.com\/nl\/#\/schema\/logo\/image\/","url":"https:\/\/www.campinglesbastets.com\/wp-content\/uploads\/2022\/02\/favicon-1.png","contentUrl":"https:\/\/www.campinglesbastets.com\/wp-content\/uploads\/2022\/02\/favicon-1.png","width":1423,"height":1423,"caption":"Camping Les Bastets"},"image":{"@id":"https:\/\/www.campinglesbastets.com\/nl\/#\/schema\/logo\/image\/"}}]}},"_links":{"self":[{"href":"https:\/\/www.campinglesbastets.com\/nl\/wp-json\/wp\/v2\/pages\/15446","targetHints":{"allow":["GET"]}}],"collection":[{"href":"https:\/\/www.campinglesbastets.com\/nl\/wp-json\/wp\/v2\/pages"}],"about":[{"href":"https:\/\/www.campinglesbastets.com\/nl\/wp-json\/wp\/v2\/types\/page"}],"author":[{"embeddable":true,"href":"https:\/\/www.campinglesbastets.com\/nl\/wp-json\/wp\/v2\/users\/2"}],"replies":[{"embeddable":true,"href":"https:\/\/www.campinglesbastets.com\/nl\/wp-json\/wp\/v2\/comments?post=15446"}],"version-history":[{"count":1,"href":"https:\/\/www.campinglesbastets.com\/nl\/wp-json\/wp\/v2\/pages\/15446\/revisions"}],"predecessor-version":[{"id":15447,"href":"https:\/\/www.campinglesbastets.com\/nl\/wp-json\/wp\/v2\/pages\/15446\/revisions\/15447"}],"up":[{"embeddable":true,"href":"https:\/\/www.campinglesbastets.com\/nl\/wp-json\/wp\/v2\/pages\/9700"}],"wp:featuredmedia":[{"embeddable":true,"href":"https:\/\/www.campinglesbastets.com\/nl\/wp-json\/wp\/v2\/media\/15437"}],"wp:attachment":[{"href":"https:\/\/www.campinglesbastets.com\/nl\/wp-json\/wp\/v2\/media?parent=15446"}],"curies":[{"name":"wp","href":"https:\/\/api.w.org\/{rel}","templated":true}]}}