{"id":15408,"date":"2025-06-04T15:49:58","date_gmt":"2025-06-04T13:49:58","guid":{"rendered":"https:\/\/www.campinglesbastets.com\/?page_id=15408"},"modified":"2025-06-04T15:49:59","modified_gmt":"2025-06-04T13:49:59","slug":"activiteiten-truffel-drome","status":"publish","type":"page","link":"https:\/\/www.campinglesbastets.com\/nl\/omgeving\/activiteiten-truffel-drome\/","title":{"rendered":"Top 3 truffelactiviteiten in de Dr\u00f4me"},"content":{"rendered":"<section id=\"section-68404f06aafdd\"\" class=\"section bg-white\" \/><div class=\"container\"><h1 class=\"element section-title center\">Top 3 truffelactiviteiten in de Dr\u00f4me<\/h1><div class=\"element bloc-text justify \">\n\t<p>Zin in een gastronomisch uitje onder de zuiderse zon? De Dr\u00f4me, een streek vol smaken, wacht op u! Maar wist u ook dat de Dr\u00f4me het koninkrijk is van de &#8220;zwarte diamant&#8221;, de truffel? Als u zin heeft in avontuur, dan is onze 4-sterren camping in de Proven\u00e7aalse Dr\u00f4me het ideale vertrekpunt voor truffelactiviteiten in de regio. Zet uw tent op en ga op ontdekking naar deze verborgen schat!<\/p>\n<p><img loading=\"lazy\" decoding=\"async\" class=\"aligncenter size-full wp-image-15394\" src=\"https:\/\/www.campinglesbastets.com\/wp-content\/uploads\/2025\/06\/Truffe-drome.jpg\" alt=\"Truffeljacht\" width=\"1384\" height=\"423\" \/><\/p>\n<h2>Truffelmarkten: een bruisend feest voor fijnproevers<\/h2>\n<p>Vertrekkend vanaf onze camping met zwembad in de Dr\u00f4me kunt u verschillende truffelmarkten bezoeken: unieke ontmoetingsplaatsen waar producenten en liefhebbers samenkomen om te praten over deze kostbare paddenstoel. U heeft de keuze uit:<\/p>\n<ul>\n<li><strong>De markt van Saint-Paul-Trois-Ch\u00e2teaux<br \/>\n<\/strong>Place de l&#8217;Esplan, 26130 Saint-Paul-Trois-Ch\u00e2teaux. Elke zondagochtend geopend van half december tot half maart. Gelegen op 44 km van onze camping.<\/li>\n<li><strong>De markt van Richerenches<br \/>\n<\/strong>Av. de la Rabasse, 84600 Richerenches, Frankrijk \u2013 Elke zaterdagochtend geopend van december tot half maart. Gelegen op 42 km van Les Bastets.<\/li>\n<\/ul>\n<h2>Truffeljacht: op zoek naar de zwarte diamant<\/h2>\n<p>In Roussas biedt het Domaine de Grangeneuve een dag gewijd aan truffelactiviteiten in de Dr\u00f4me. Neem deel aan een demonstratie van truffeljacht (cavage) en geniet van een lunch rond de truffel M\u00e9lanosporum: een perfecte combinatie van Dr\u00f4me&#8217;s culinaire schatten.<\/p>\n<p><em>Adres: Domaine de Grangeneuve \u2013 Familie Bour \u2013, 200 Les Esplanes, 26230 Roussas, Frankrijk. Op 31 km van onze camping.<\/em><\/p>\n<p><em>Openingstijden: maandag t\/m vrijdag (09:00 &#8211; 12:30 \/ 14:00 &#8211; 19:00), zaterdag, zondag en feestdagen (10:00 &#8211; 12:30 \/ 14:30 &#8211; 19:00). Gesloten op 25\/12 en 01\/01.<\/em><\/p>\n<p><em>Duur van de cavage-ervaring: 5 \u00e0 6 uur. Twee data per jaar voor individuele reserveringen (\u00e9\u00e9n in januari en \u00e9\u00e9n in februari), prijs op aanvraag.<\/em><\/p>\n<h2>Maison de la Truffe: duik in de geschiedenis<\/h2>\n<p>Om uw kennis over deze \u201czwarte diamant\u201d te verdiepen, is een bezoek aan het Maison de la Truffe et du Tricastin een must. Dit museum onthult de geschiedenis van de truffel, de teelt en de verschillende soorten. Tentoonstellingen leren u alles over deze paddenstoel. Een educatieve plek, erkend als Site Remarquable du Go\u00fbt. Hier leert u hoe truffels worden gekweekt, van het planten van bomen tot de cavagemethoden \u2013 een van de beste truffelactiviteiten in de Dr\u00f4me.<\/p>\n<p><em>Adres: Maison de la Truffe et du Tricastin, 2 Rue de la R\u00e9publique, 26130 Saint-Paul-Trois-Ch\u00e2teaux, Frankrijk. Gelegen op 44 km van onze camping.<\/em><\/p>\n<p><em>Openingstijden: maandag t\/m zaterdag (10:00 \u2013 12:30 en 14:30 \u2013 18:00) en zondag (10:00 \u2013 13:00), alleen van 15 december tot 15 maart en in juli en augustus.<\/em><\/p>\n<p><em>Tarieven: Voltarief \u20ac 4,50, kortingstarief \u20ac 3,50. Gratis toegang voor kinderen.<\/em><\/p>\n<p><em>Parkeren: keuze tussen parking des Platanes of parking Chaussy (Toerismebureau), vlakbij.<\/em><\/p>\n<h2>Samenvatting: truffelactiviteiten in de Dr\u00f4me<\/h2>\n<ul>\n<li><strong>Truffelmarkten<\/strong>\n<ul>\n<li>Saint-Paul-Trois-Ch\u00e2teaux, Richerenches<\/li>\n<li>Van half december tot half maart (zondagochtend\/zaterdagochtend)<\/li>\n<li>Authentieke sfeer, directe verkoop<\/li>\n<\/ul>\n<\/li>\n<li><strong>Cavage-demonstraties<\/strong>\n<ul>\n<li>Domaine de Grangeneuve (Roussas)<\/li>\n<li>In het seizoen (meestal in de winter)<br \/>\nMeeslepende ervaring met een truffelboer<\/li>\n<\/ul>\n<\/li>\n<li><strong>Maison de la Truffe (Saint-Paul-Trois-Ch\u00e2teaux)<\/strong>\n<ul>\n<li>Geopend het hele jaar (behalve op feestdagen)<\/li>\n<li>Educatief museum over truffels en hun teelt<\/li>\n<\/ul>\n<\/li>\n<\/ul>\n<p>De Dr\u00f4me nodigt u uit voor een onvergetelijk verblijf. Tussen levendige markten, cavage-ervaringen en museumbezoeken zal uw passie voor truffels tot bloei komen. Wacht niet langer \u2013 boek uw verblijf op camping Les Bastets en beleef het truffelavontuur!<\/p>\n<\/div><\/div><\/section>","protected":false},"excerpt":{"rendered":"","protected":false},"author":2,"featured_media":15399,"parent":9700,"menu_order":0,"comment_status":"closed","ping_status":"closed","template":"","meta":{"_acf_changed":false,"footnotes":""},"class_list":["post-15408","page","type-page","status-publish","has-post-thumbnail","hentry"],"acf":[],"yoast_head":"<!-- This site is optimized with the Yoast SEO plugin v25.3 - https:\/\/yoast.com\/wordpress\/plugins\/seo\/ -->\n<title>Truffel in de Dr\u00f4me: top 3 activiteiten<\/title>\n<meta name=\"description\" content=\"Ontdek de beste activiteiten rond de truffel in de Dr\u00f4me: smakelijke markten, truffeljacht en een toegewijd museum.\" \/>\n<meta name=\"robots\" content=\"index, follow, max-snippet:-1, max-image-preview:large, max-video-preview:-1\" \/>\n<link rel=\"canonical\" href=\"https:\/\/www.campinglesbastets.com\/nl\/omgeving\/activiteiten-truffel-drome\/\" \/>\n<meta property=\"og:locale\" content=\"nl_NL\" \/>\n<meta property=\"og:type\" content=\"article\" \/>\n<meta property=\"og:title\" content=\"Truffel in de Dr\u00f4me: top 3 activiteiten\" \/>\n<meta property=\"og:description\" content=\"Ontdek de beste activiteiten rond de truffel in de Dr\u00f4me: smakelijke markten, truffeljacht en een toegewijd museum.\" \/>\n<meta property=\"og:url\" content=\"https:\/\/www.campinglesbastets.com\/nl\/omgeving\/activiteiten-truffel-drome\/\" \/>\n<meta property=\"og:site_name\" content=\"Camping Les Bastets\" \/>\n<meta property=\"article:modified_time\" content=\"2025-06-04T13:49:59+00:00\" \/>\n<meta property=\"og:image\" content=\"https:\/\/www.campinglesbastets.com\/wp-content\/uploads\/2025\/06\/Truffe-de-la-Drome.jpg\" \/>\n\t<meta property=\"og:image:width\" content=\"900\" \/>\n\t<meta property=\"og:image:height\" content=\"600\" \/>\n\t<meta property=\"og:image:type\" content=\"image\/jpeg\" \/>\n<meta name=\"twitter:card\" content=\"summary_large_image\" \/>\n<meta name=\"twitter:label1\" content=\"Geschatte leestijd\" \/>\n\t<meta name=\"twitter:data1\" content=\"1 minuut\" \/>\n<script type=\"application\/ld+json\" class=\"yoast-schema-graph\">{\"@context\":\"https:\/\/schema.org\",\"@graph\":[{\"@type\":\"WebPage\",\"@id\":\"https:\/\/www.campinglesbastets.com\/nl\/omgeving\/activiteiten-truffel-drome\/\",\"url\":\"https:\/\/www.campinglesbastets.com\/nl\/omgeving\/activiteiten-truffel-drome\/\",\"name\":\"Truffel in de Dr\u00f4me: top 3 activiteiten\",\"isPartOf\":{\"@id\":\"https:\/\/www.campinglesbastets.com\/nl\/#website\"},\"primaryImageOfPage\":{\"@id\":\"https:\/\/www.campinglesbastets.com\/nl\/omgeving\/activiteiten-truffel-drome\/#primaryimage\"},\"image\":{\"@id\":\"https:\/\/www.campinglesbastets.com\/nl\/omgeving\/activiteiten-truffel-drome\/#primaryimage\"},\"thumbnailUrl\":\"https:\/\/www.campinglesbastets.com\/wp-content\/uploads\/2025\/06\/Truffe-de-la-Drome.jpg\",\"datePublished\":\"2025-06-04T13:49:58+00:00\",\"dateModified\":\"2025-06-04T13:49:59+00:00\",\"description\":\"Ontdek de beste activiteiten rond de truffel in de Dr\u00f4me: smakelijke markten, truffeljacht en een toegewijd museum.\",\"breadcrumb\":{\"@id\":\"https:\/\/www.campinglesbastets.com\/nl\/omgeving\/activiteiten-truffel-drome\/#breadcrumb\"},\"inLanguage\":\"nl-NL\",\"potentialAction\":[{\"@type\":\"ReadAction\",\"target\":[\"https:\/\/www.campinglesbastets.com\/nl\/omgeving\/activiteiten-truffel-drome\/\"]}]},{\"@type\":\"ImageObject\",\"inLanguage\":\"nl-NL\",\"@id\":\"https:\/\/www.campinglesbastets.com\/nl\/omgeving\/activiteiten-truffel-drome\/#primaryimage\",\"url\":\"https:\/\/www.campinglesbastets.com\/wp-content\/uploads\/2025\/06\/Truffe-de-la-Drome.jpg\",\"contentUrl\":\"https:\/\/www.campinglesbastets.com\/wp-content\/uploads\/2025\/06\/Truffe-de-la-Drome.jpg\",\"width\":900,\"height\":600,\"caption\":\"Truffel Dr\u00f4me\"},{\"@type\":\"BreadcrumbList\",\"@id\":\"https:\/\/www.campinglesbastets.com\/nl\/omgeving\/activiteiten-truffel-drome\/#breadcrumb\",\"itemListElement\":[{\"@type\":\"ListItem\",\"position\":1,\"name\":\"Camping Dr\u00f4me\",\"item\":\"https:\/\/www.campinglesbastets.com\/nl\/\"},{\"@type\":\"ListItem\",\"position\":2,\"name\":\"TOERISME IN DE DR\u00d4ME PROVEN\u00c7ALE\",\"item\":\"https:\/\/www.campinglesbastets.com\/nl\/omgeving\/\"},{\"@type\":\"ListItem\",\"position\":3,\"name\":\"Truffel Dr\u00f4me: Top 3 activiteiten rond de zwarte diamant\"}]},{\"@type\":\"WebSite\",\"@id\":\"https:\/\/www.campinglesbastets.com\/nl\/#website\",\"url\":\"https:\/\/www.campinglesbastets.com\/nl\/\",\"name\":\"Camping Les Bastets\",\"description\":\"\",\"publisher\":{\"@id\":\"https:\/\/www.campinglesbastets.com\/nl\/#organization\"},\"potentialAction\":[{\"@type\":\"SearchAction\",\"target\":{\"@type\":\"EntryPoint\",\"urlTemplate\":\"https:\/\/www.campinglesbastets.com\/nl\/?s={search_term_string}\"},\"query-input\":{\"@type\":\"PropertyValueSpecification\",\"valueRequired\":true,\"valueName\":\"search_term_string\"}}],\"inLanguage\":\"nl-NL\"},{\"@type\":\"Organization\",\"@id\":\"https:\/\/www.campinglesbastets.com\/nl\/#organization\",\"name\":\"Camping Les Bastets\",\"url\":\"https:\/\/www.campinglesbastets.com\/nl\/\",\"logo\":{\"@type\":\"ImageObject\",\"inLanguage\":\"nl-NL\",\"@id\":\"https:\/\/www.campinglesbastets.com\/nl\/#\/schema\/logo\/image\/\",\"url\":\"https:\/\/www.campinglesbastets.com\/wp-content\/uploads\/2022\/02\/favicon-1.png\",\"contentUrl\":\"https:\/\/www.campinglesbastets.com\/wp-content\/uploads\/2022\/02\/favicon-1.png\",\"width\":1423,\"height\":1423,\"caption\":\"Camping Les Bastets\"},\"image\":{\"@id\":\"https:\/\/www.campinglesbastets.com\/nl\/#\/schema\/logo\/image\/\"}}]}<\/script>\n<!-- \/ Yoast SEO plugin. -->","yoast_head_json":{"title":"Truffel in de Dr\u00f4me: top 3 activiteiten","description":"Ontdek de beste activiteiten rond de truffel in de Dr\u00f4me: smakelijke markten, truffeljacht en een toegewijd museum.","robots":{"index":"index","follow":"follow","max-snippet":"max-snippet:-1","max-image-preview":"max-image-preview:large","max-video-preview":"max-video-preview:-1"},"canonical":"https:\/\/www.campinglesbastets.com\/nl\/omgeving\/activiteiten-truffel-drome\/","og_locale":"nl_NL","og_type":"article","og_title":"Truffel in de Dr\u00f4me: top 3 activiteiten","og_description":"Ontdek de beste activiteiten rond de truffel in de Dr\u00f4me: smakelijke markten, truffeljacht en een toegewijd museum.","og_url":"https:\/\/www.campinglesbastets.com\/nl\/omgeving\/activiteiten-truffel-drome\/","og_site_name":"Camping Les Bastets","article_modified_time":"2025-06-04T13:49:59+00:00","og_image":[{"width":900,"height":600,"url":"https:\/\/www.campinglesbastets.com\/wp-content\/uploads\/2025\/06\/Truffe-de-la-Drome.jpg","type":"image\/jpeg"}],"twitter_card":"summary_large_image","twitter_misc":{"Geschatte leestijd":"1 minuut"},"schema":{"@context":"https:\/\/schema.org","@graph":[{"@type":"WebPage","@id":"https:\/\/www.campinglesbastets.com\/nl\/omgeving\/activiteiten-truffel-drome\/","url":"https:\/\/www.campinglesbastets.com\/nl\/omgeving\/activiteiten-truffel-drome\/","name":"Truffel in de Dr\u00f4me: top 3 activiteiten","isPartOf":{"@id":"https:\/\/www.campinglesbastets.com\/nl\/#website"},"primaryImageOfPage":{"@id":"https:\/\/www.campinglesbastets.com\/nl\/omgeving\/activiteiten-truffel-drome\/#primaryimage"},"image":{"@id":"https:\/\/www.campinglesbastets.com\/nl\/omgeving\/activiteiten-truffel-drome\/#primaryimage"},"thumbnailUrl":"https:\/\/www.campinglesbastets.com\/wp-content\/uploads\/2025\/06\/Truffe-de-la-Drome.jpg","datePublished":"2025-06-04T13:49:58+00:00","dateModified":"2025-06-04T13:49:59+00:00","description":"Ontdek de beste activiteiten rond de truffel in de Dr\u00f4me: smakelijke markten, truffeljacht en een toegewijd museum.","breadcrumb":{"@id":"https:\/\/www.campinglesbastets.com\/nl\/omgeving\/activiteiten-truffel-drome\/#breadcrumb"},"inLanguage":"nl-NL","potentialAction":[{"@type":"ReadAction","target":["https:\/\/www.campinglesbastets.com\/nl\/omgeving\/activiteiten-truffel-drome\/"]}]},{"@type":"ImageObject","inLanguage":"nl-NL","@id":"https:\/\/www.campinglesbastets.com\/nl\/omgeving\/activiteiten-truffel-drome\/#primaryimage","url":"https:\/\/www.campinglesbastets.com\/wp-content\/uploads\/2025\/06\/Truffe-de-la-Drome.jpg","contentUrl":"https:\/\/www.campinglesbastets.com\/wp-content\/uploads\/2025\/06\/Truffe-de-la-Drome.jpg","width":900,"height":600,"caption":"Truffel Dr\u00f4me"},{"@type":"BreadcrumbList","@id":"https:\/\/www.campinglesbastets.com\/nl\/omgeving\/activiteiten-truffel-drome\/#breadcrumb","itemListElement":[{"@type":"ListItem","position":1,"name":"Camping Dr\u00f4me","item":"https:\/\/www.campinglesbastets.com\/nl\/"},{"@type":"ListItem","position":2,"name":"TOERISME IN DE DR\u00d4ME PROVEN\u00c7ALE","item":"https:\/\/www.campinglesbastets.com\/nl\/omgeving\/"},{"@type":"ListItem","position":3,"name":"Truffel Dr\u00f4me: Top 3 activiteiten rond de zwarte diamant"}]},{"@type":"WebSite","@id":"https:\/\/www.campinglesbastets.com\/nl\/#website","url":"https:\/\/www.campinglesbastets.com\/nl\/","name":"Camping Les Bastets","description":"","publisher":{"@id":"https:\/\/www.campinglesbastets.com\/nl\/#organization"},"potentialAction":[{"@type":"SearchAction","target":{"@type":"EntryPoint","urlTemplate":"https:\/\/www.campinglesbastets.com\/nl\/?s={search_term_string}"},"query-input":{"@type":"PropertyValueSpecification","valueRequired":true,"valueName":"search_term_string"}}],"inLanguage":"nl-NL"},{"@type":"Organization","@id":"https:\/\/www.campinglesbastets.com\/nl\/#organization","name":"Camping Les Bastets","url":"https:\/\/www.campinglesbastets.com\/nl\/","logo":{"@type":"ImageObject","inLanguage":"nl-NL","@id":"https:\/\/www.campinglesbastets.com\/nl\/#\/schema\/logo\/image\/","url":"https:\/\/www.campinglesbastets.com\/wp-content\/uploads\/2022\/02\/favicon-1.png","contentUrl":"https:\/\/www.campinglesbastets.com\/wp-content\/uploads\/2022\/02\/favicon-1.png","width":1423,"height":1423,"caption":"Camping Les Bastets"},"image":{"@id":"https:\/\/www.campinglesbastets.com\/nl\/#\/schema\/logo\/image\/"}}]}},"_links":{"self":[{"href":"https:\/\/www.campinglesbastets.com\/nl\/wp-json\/wp\/v2\/pages\/15408","targetHints":{"allow":["GET"]}}],"collection":[{"href":"https:\/\/www.campinglesbastets.com\/nl\/wp-json\/wp\/v2\/pages"}],"about":[{"href":"https:\/\/www.campinglesbastets.com\/nl\/wp-json\/wp\/v2\/types\/page"}],"author":[{"embeddable":true,"href":"https:\/\/www.campinglesbastets.com\/nl\/wp-json\/wp\/v2\/users\/2"}],"replies":[{"embeddable":true,"href":"https:\/\/www.campinglesbastets.com\/nl\/wp-json\/wp\/v2\/comments?post=15408"}],"version-history":[{"count":2,"href":"https:\/\/www.campinglesbastets.com\/nl\/wp-json\/wp\/v2\/pages\/15408\/revisions"}],"predecessor-version":[{"id":15410,"href":"https:\/\/www.campinglesbastets.com\/nl\/wp-json\/wp\/v2\/pages\/15408\/revisions\/15410"}],"up":[{"embeddable":true,"href":"https:\/\/www.campinglesbastets.com\/nl\/wp-json\/wp\/v2\/pages\/9700"}],"wp:featuredmedia":[{"embeddable":true,"href":"https:\/\/www.campinglesbastets.com\/nl\/wp-json\/wp\/v2\/media\/15399"}],"wp:attachment":[{"href":"https:\/\/www.campinglesbastets.com\/nl\/wp-json\/wp\/v2\/media?parent=15408"}],"curies":[{"name":"wp","href":"https:\/\/api.w.org\/{rel}","templated":true}]}}