{"id":15236,"date":"2025-03-24T11:53:47","date_gmt":"2025-03-24T10:53:47","guid":{"rendered":"https:\/\/www.campinglesbastets.com\/?page_id=15236"},"modified":"2025-03-24T14:13:42","modified_gmt":"2025-03-24T13:13:42","slug":"camping-a7-frankrijk","status":"publish","type":"page","link":"https:\/\/www.campinglesbastets.com\/nl\/camping-a7-frankrijk\/","title":{"rendered":"Camping A7 Frankrijk"},"content":{"rendered":"<section id=\"section-621f56053f7b7\"\" class=\"section bg-white p-b-0\" \/><div class=\"container extralarge\"><h1 class=\"element section-title center\">Camping A7 Frankrijk<\/h1><div class=\"element bloc-text center m-b-10\">\n\t<p style=\"text-align: center;\">Bent u op zoek naar een <strong>camping A7 Frankrijk <\/strong>? Onze familiecamping in Occitanie ligt ideaal langs de Route du Soleil, dicht bij de snelweg A7 (uitrit Mont\u00e9limar Zuid, afrit 18 en Mont\u00e9limar Noord, afrit 17). Of u nu richting Lyon reist, de M\u00e9diterran\u00e9e of de zonnige stranden van Spanje, onze <strong>camping A7 Frankrijk<\/strong> biedt alles wat u nodig heeft om uitgerust verder te reizen.<\/p>\n<\/div><div class=\"element bloc-text\">\n\t<thr-categories type=\"camping\"><\/thr-categories>\r\n<\/div><\/div><\/section>\n\n<section id=\"section-camping-acsi\"\" class=\"section home-first bg-white\" \/><div class=\"container extralarge\"><div class=\"colonnes-wrap valign-middle \"><div class=\"element colonne \"><div class=\"element fancybox-container\"><a class=\"fancybox\" href=\"https:\/\/www.campinglesbastets.com\/wp-content\/uploads\/2025\/03\/camping-A7-frankrijk-1.jpg\"><img decoding=\"async\" src=\"https:\/\/www.campinglesbastets.com\/wp-content\/uploads\/2025\/03\/camping-A7-frankrijk-1.jpg\" data-src=\"https:\/\/www.campinglesbastets.com\/wp-content\/uploads\/2025\/03\/camping-A7-frankrijk-1.jpg\" alt=\"camping A7 Frankrijk\" class=\"images_image\" \/><\/a><\/div><\/div><div class=\"element colonne w-40\"><h2 class=\"element section-title left\">Waarom kiezen voor onze camping A7 Frankrijk?<\/h2><div class=\"element bloc-text left \">\n\t<p>Onze camping in de Provence biedt een perfecte combinatie van rust, comfort en praktische voorzieningen. Hier vindt u alles wat u nodig heeft voor een <strong>Perfect verblijf niet ver van de A7<\/strong>:<\/p>\n<ul>\n<li>Zwembad met uitzicht: Ons verwarmde<a href=\"https:\/\/www.campinglesbastets.com\/nl\/zwembad-drome\/\"> zwembad<\/a> is een heerlijke plek om af te koelen en te ontspannen met een prachtig uitzicht op lavendelvelden en de bergen. Perfect voor een frisse duik na uren rijden.<\/li>\n<li>Diverse accommodaties: Kies voor een comfortabele<a href=\"https:\/\/www.campinglesbastets.com\/nl\/accommodaties\/\"> stacaravan<\/a>, een lodge-tent met spa of een van de ruime<a href=\"https:\/\/www.campinglesbastets.com\/nl\/standplaatsen-camping\/\"> staanplaatsen<\/a> voor uw tent, camper of caravan.<\/li>\n<li>Kindervriendelijke sfeer: Onze<a href=\"https:\/\/www.campinglesbastets.com\/nl\/camping-activiteiten-drome\/camping-familie-drome\/\"> kindvriendelijke camping<\/a> is ideaal voor families. Kinderen kunnen zich uitleven in het zwembad, de speeltuin en de veilige, natuurlijke omgeving.<\/li>\n<li>Restaurant en pizzeria: Trakteer uzelf op een lekkere maaltijd in ons restaurant. Geniet van een smakelijke pizza, een lokaal gerecht of een glas wijn op het terras.<\/li>\n<li>Handig winkeltje: Vergeet onderweg stress over boodschappen. In ons winkeltje vindt u snacks en basisproducten voor uw reis.<\/li>\n<\/ul>\n<p>Onze <strong>camping A7 Frankrijk<\/strong> ligt op een rustige en groene locatie, perfect om op te laden en uw vakantie met een goed gevoel te passeren.<\/p>\n<\/div><\/div><\/div><\/div><\/section>\n\n<section id=\"section-sejour-pas-chers\"\" class=\"section text-image-right  bg-color3\" \/><div class=\"container extralarge\"><div class=\"colonnes-wrap valign-top \"><div class=\"element colonne w-40\"><h2 class=\"element section-title left\">Ligging langs de Route du Soleil<\/h2><div class=\"element bloc-text left \">\n\t<p>Onze <strong>camping Frankrijk<\/strong> (in de Provence) ligt direct langs de Route du Soleil, een van de populairste autoroutes in Frankrijk. Wil(t) u genieten van vakantie in Frankrijk? Ontdek onze 4-sterren camping Les Bastets.<\/p>\n<p>Onze<strong> Camping A7 Frankrijk<\/strong> biedt voorzieningen voor het hele gezin:<\/p>\n<ul>\n<li>Een verwarmd zwembad met een prachtig uitzicht op de omliggende natuur.<\/li>\n<li>Ruime staanplaatsen en comfortabele stacaravans voor reizigers met tenten, campers of caravans.<\/li>\n<li>Kindvriendelijke faciliteiten zoals speeltuinen en veilige wandelpaden.<\/li>\n<li>Een restaurant met heerlijke gerechten, ideaal voor een avondje uit eten tijdens uw reis.<\/li>\n<li>Een winkel met snacks, drankjes en reisbenodigdheden.<\/li>\n<\/ul>\n<p>Deze combinatie van comfort en gemak maakt onze camping een populaire keuze onder vakantiegangers die op zoek zijn naar een goede plek om te verblijven.<\/p>\n<\/div><\/div><div class=\"element colonne w-60 grenouille\"><div class=\"element fancybox-container\"><a class=\"fancybox\" href=\"https:\/\/www.campinglesbastets.com\/wp-content\/uploads\/2025\/03\/frankrijk-camping-A7.jpg\"><img decoding=\"async\" src=\"https:\/\/www.campinglesbastets.com\/wp-content\/uploads\/2025\/03\/frankrijk-camping-A7.jpg\" data-src=\"https:\/\/www.campinglesbastets.com\/wp-content\/uploads\/2025\/03\/frankrijk-camping-A7.jpg\" alt=\"4-sterren camping A7 Frankrijk\" class=\"images_image\" \/><\/a><\/div><\/div><\/div><\/div><\/section>\n\n<section id=\"section-parralax-acsi\"\" data-bg-opacite=\"0.2\"data-background=\"https:\/\/www.campinglesbastets.com\/wp-content\/uploads\/2022\/03\/camping-acsi-drone.jpg\"data-speed=\"0.8\"class=\"section img-parallax bg-white p-t-0 section--has-bg-img section_bg-parallax\" \/><div class=\"container full\"><\/div><\/section>\n\n<section id=\"section-carte-acsi\"\" class=\"section page-third  text-image-left bg-white\" \/><div class=\"container extralarge\"><div class=\"colonnes-wrap valign-top \"><div class=\"element colonne w-60 bouee\"><div class=\"element fancybox-container\"><a class=\"fancybox\" href=\"https:\/\/www.campinglesbastets.com\/wp-content\/uploads\/2022\/03\/camping-carte-acsi.jpg\"><img decoding=\"async\" src=\"https:\/\/www.campinglesbastets.com\/wp-content\/uploads\/2022\/03\/camping-carte-acsi.jpg\" data-src=\"https:\/\/www.campinglesbastets.com\/wp-content\/uploads\/2022\/03\/camping-carte-acsi.jpg\" alt=\"camping carte acsi\" class=\"images_image\" \/><\/a><\/div><\/div><div class=\"element colonne w-40\"><h2 class=\"element section-title left\">Wat maakt onze camping uniek?<\/h2><div class=\"element bloc-text left \">\n\t<ul>\n<li>Dichtbij de snelweg: U hoeft niet ver te rijden vanaf de A7.<\/li>\n<li>Kindervriendelijk en veilig: Ideaal voor gezinnen die op zoek zijn naar een plek waar kinderen kunnen spelen en ontspannen.<\/li>\n<li>Ruimte en rust: Geniet van de natuur en stilte, een welkome afwisseling van de drukte op de snelweg.<\/li>\n<li>Goede voorzieningen: Van een restaurant tot staanplaatsen en luxe accommodaties, alles wat u nodig heeft vindt u hier.<\/li>\n<\/ul>\n<p>Tot snel op onze<strong> camping A7 Frankrijk<\/strong>, in Occitani\u00eb!<\/p>\n<\/div><\/div><\/div><\/div><\/section>\n\n<section id=\"section-67e139bb4834b\"\" class=\"section bg-white\" \/><div class=\"container\"><h2 class=\"element section-title center\">Veelgestelde vragen over onze camping<\/h2><div class=\"element bloc-text justify \">\n\t<h2><strong>Veelgestelde vragen over onze camping<\/strong><\/h2>\n<h3><strong>Ligt de camping dicht bij de Route du Soleil?<\/strong><\/h3>\n<p>Ja, onze <strong>Camping A7 Frankrijk<\/strong> ligt op slechts enkele minuten van de snelweg A7, ideaal voor een tussenstop onderweg.<\/p>\n<h3><strong>Wat zijn de voorzieningen?<\/strong><\/h3>\n<p>Onze camping biedt een zwembad, restaurant, winkel, staanplaatsen en diverse accommodaties zoals stacaravans en lodges.<\/p>\n<h3><strong>Is de camping kindvriendelijk?<\/strong><\/h3>\n<p>Absoluut! Kinderen kunnen spelen in het zwembad en de speeltuin, en de rustige omgeving is perfect voor gezinnen.<\/p>\n<h3><strong>Zijn huisdieren toegestaan op de camping?<\/strong><\/h3>\n<p>Ja, huisdieren zijn welkom op onze staanplaatsen en in sommige accommodaties. Controleer de specifieke regels en extra kosten bij het boeken.<\/p>\n<h3><strong>Kan ik mijn verblijf last-minute boeken in onze camping A7 Frankrijk?<\/strong><\/h3>\n<p>Ja, indien er beschikbaarheid is, kunt u ook uw verblijf op onze<a href=\"https:\/\/www.campinglesbastets.com\/nl\/last-minute-camping-in-zuid-frankrijk\/\"> last minute camping in Zuid Frankrijk<\/a> reserveren. Wij raden echter aan om van tevoren te boeken om teleurstelling te voorkomen.<\/p>\n<\/div><\/div><\/section>\n\n<section id=\"section-activites-camping\"\" class=\"section page-cta bg-color3\" \/><div class=\"container extralarge\"><div class=\"element section-title center h2-like\">Onze staanplaatsen en verhuur op de camping<\/div><ul class=\"liste-de-page\"><li class=\"element call-to-action carre call-to-action--style-1 call-to-action--big\"><a href=\"https:\/\/www.campinglesbastets.com\/nl\/camping-die\/\"  class=\"call-to-action_link\" title=\"En savoir plus sur camping les bastets nabij die in frankrijk\"><div class=\"call-to-action_image\"><img decoding=\"async\" src=\"https:\/\/www.campinglesbastets.com\/wp-content\/uploads\/2024\/11\/camping-die-e1730718808646.jpg\" data-src=\"https:\/\/www.campinglesbastets.com\/wp-content\/uploads\/2024\/11\/camping-die-e1730718808646.jpg\" alt=\"Camping nabij Die\" class=\"big\" \/><\/div><div class=\"call-to-action_contenu\"><div class=\"call-to-action_titre\">Camping Les Bastets nabij Die in Frankrijk<\/div><\/div><\/a><\/li><li class=\"element call-to-action carre call-to-action--style-1 call-to-action--big call-to-action--style-1 call-to-action--big\"><a href=\"https:\/\/www.campinglesbastets.com\/nl\/accommodaties\/\"  class=\"call-to-action_link\" title=\"En savoir plus sur accommodaties\"><div class=\"call-to-action_image\"><img decoding=\"async\" src=\"https:\/\/www.campinglesbastets.com\/wp-content\/uploads\/2022\/02\/location-mobilh-home-drome.jpg\" data-src=\"https:\/\/www.campinglesbastets.com\/wp-content\/uploads\/2022\/02\/location-mobilh-home-drome.jpg\" alt=\"location mobil home drome\" class=\"big\" \/><\/div><div class=\"call-to-action_contenu\"><div class=\"call-to-action_titre\">accommodaties<\/div><\/div><\/a><\/li><li class=\"element call-to-action carre call-to-action--style-1 call-to-action--big call-to-action--style-1 call-to-action--big call-to-action--style-1 call-to-action--big\"><a href=\"https:\/\/www.campinglesbastets.com\/nl\/camping-frankrijk-900-km-van-utrecht\/\"  class=\"call-to-action_link\" title=\"En savoir plus sur camping frankrijk 900 km van utrecht\"><div class=\"call-to-action_image\"><img decoding=\"async\" src=\"https:\/\/www.campinglesbastets.com\/wp-content\/uploads\/2022\/03\/camping-chalet-spa-privatif-drome.jpg\" data-src=\"https:\/\/www.campinglesbastets.com\/wp-content\/uploads\/2022\/03\/camping-chalet-spa-privatif-drome.jpg\" alt=\"camping chalet spa privatif drome\" class=\"big\" \/><\/div><div class=\"call-to-action_contenu\"><div class=\"call-to-action_titre\">Camping Frankrijk 900 km van Utrecht<\/div><\/div><\/a><\/li><\/ul><\/div><\/section>","protected":false},"excerpt":{"rendered":"","protected":false},"author":2,"featured_media":0,"parent":0,"menu_order":0,"comment_status":"closed","ping_status":"closed","template":"","meta":{"_acf_changed":false,"footnotes":""},"class_list":["post-15236","page","type-page","status-publish","hentry"],"acf":[],"yoast_head":"<!-- This site is optimized with the Yoast SEO plugin v25.3 - https:\/\/yoast.com\/wordpress\/plugins\/seo\/ -->\n<title>Campings A7 in Frankrijk \u2013 Vakantie &amp; Overnachting aan de Route du Soleil<\/title>\n<meta name=\"description\" content=\"Ontdek campings langs de A7 in Frankrijk: ideaal voor vakantie of overnachting. Zwembad, staanplaatsen, stacaravans \u2013 boek nu je zonnige tussenstop!\" \/>\n<meta name=\"robots\" content=\"index, follow, max-snippet:-1, max-image-preview:large, max-video-preview:-1\" \/>\n<link rel=\"canonical\" href=\"https:\/\/www.campinglesbastets.com\/nl\/camping-a7-frankrijk\/\" \/>\n<meta property=\"og:locale\" content=\"nl_NL\" \/>\n<meta property=\"og:type\" content=\"article\" \/>\n<meta property=\"og:title\" content=\"Campings A7 in Frankrijk \u2013 Vakantie &amp; Overnachting aan de Route du Soleil\" \/>\n<meta property=\"og:description\" content=\"Ontdek campings langs de A7 in Frankrijk: ideaal voor vakantie of overnachting. Zwembad, staanplaatsen, stacaravans \u2013 boek nu je zonnige tussenstop!\" \/>\n<meta property=\"og:url\" content=\"https:\/\/www.campinglesbastets.com\/nl\/camping-a7-frankrijk\/\" \/>\n<meta property=\"og:site_name\" content=\"Camping Les Bastets\" \/>\n<meta property=\"article:modified_time\" content=\"2025-03-24T13:13:42+00:00\" \/>\n<meta name=\"twitter:card\" content=\"summary_large_image\" \/>\n<script type=\"application\/ld+json\" class=\"yoast-schema-graph\">{\"@context\":\"https:\/\/schema.org\",\"@graph\":[{\"@type\":\"WebPage\",\"@id\":\"https:\/\/www.campinglesbastets.com\/nl\/camping-a7-frankrijk\/\",\"url\":\"https:\/\/www.campinglesbastets.com\/nl\/camping-a7-frankrijk\/\",\"name\":\"Campings A7 in Frankrijk \u2013 Vakantie & Overnachting aan de Route du Soleil\",\"isPartOf\":{\"@id\":\"https:\/\/www.campinglesbastets.com\/nl\/#website\"},\"datePublished\":\"2025-03-24T10:53:47+00:00\",\"dateModified\":\"2025-03-24T13:13:42+00:00\",\"description\":\"Ontdek campings langs de A7 in Frankrijk: ideaal voor vakantie of overnachting. Zwembad, staanplaatsen, stacaravans \u2013 boek nu je zonnige tussenstop!\",\"breadcrumb\":{\"@id\":\"https:\/\/www.campinglesbastets.com\/nl\/camping-a7-frankrijk\/#breadcrumb\"},\"inLanguage\":\"nl-NL\",\"potentialAction\":[{\"@type\":\"ReadAction\",\"target\":[\"https:\/\/www.campinglesbastets.com\/nl\/camping-a7-frankrijk\/\"]}]},{\"@type\":\"BreadcrumbList\",\"@id\":\"https:\/\/www.campinglesbastets.com\/nl\/camping-a7-frankrijk\/#breadcrumb\",\"itemListElement\":[{\"@type\":\"ListItem\",\"position\":1,\"name\":\"Camping Dr\u00f4me\",\"item\":\"https:\/\/www.campinglesbastets.com\/nl\/\"},{\"@type\":\"ListItem\",\"position\":2,\"name\":\"Campings langs de A7\"}]},{\"@type\":\"WebSite\",\"@id\":\"https:\/\/www.campinglesbastets.com\/nl\/#website\",\"url\":\"https:\/\/www.campinglesbastets.com\/nl\/\",\"name\":\"Camping Les Bastets\",\"description\":\"\",\"publisher\":{\"@id\":\"https:\/\/www.campinglesbastets.com\/nl\/#organization\"},\"potentialAction\":[{\"@type\":\"SearchAction\",\"target\":{\"@type\":\"EntryPoint\",\"urlTemplate\":\"https:\/\/www.campinglesbastets.com\/nl\/?s={search_term_string}\"},\"query-input\":{\"@type\":\"PropertyValueSpecification\",\"valueRequired\":true,\"valueName\":\"search_term_string\"}}],\"inLanguage\":\"nl-NL\"},{\"@type\":\"Organization\",\"@id\":\"https:\/\/www.campinglesbastets.com\/nl\/#organization\",\"name\":\"Camping Les Bastets\",\"url\":\"https:\/\/www.campinglesbastets.com\/nl\/\",\"logo\":{\"@type\":\"ImageObject\",\"inLanguage\":\"nl-NL\",\"@id\":\"https:\/\/www.campinglesbastets.com\/nl\/#\/schema\/logo\/image\/\",\"url\":\"https:\/\/www.campinglesbastets.com\/wp-content\/uploads\/2022\/02\/favicon-1.png\",\"contentUrl\":\"https:\/\/www.campinglesbastets.com\/wp-content\/uploads\/2022\/02\/favicon-1.png\",\"width\":1423,\"height\":1423,\"caption\":\"Camping Les Bastets\"},\"image\":{\"@id\":\"https:\/\/www.campinglesbastets.com\/nl\/#\/schema\/logo\/image\/\"}}]}<\/script>\n<!-- \/ Yoast SEO plugin. -->","yoast_head_json":{"title":"Campings A7 in Frankrijk \u2013 Vakantie & Overnachting aan de Route du Soleil","description":"Ontdek campings langs de A7 in Frankrijk: ideaal voor vakantie of overnachting. Zwembad, staanplaatsen, stacaravans \u2013 boek nu je zonnige tussenstop!","robots":{"index":"index","follow":"follow","max-snippet":"max-snippet:-1","max-image-preview":"max-image-preview:large","max-video-preview":"max-video-preview:-1"},"canonical":"https:\/\/www.campinglesbastets.com\/nl\/camping-a7-frankrijk\/","og_locale":"nl_NL","og_type":"article","og_title":"Campings A7 in Frankrijk \u2013 Vakantie & Overnachting aan de Route du Soleil","og_description":"Ontdek campings langs de A7 in Frankrijk: ideaal voor vakantie of overnachting. Zwembad, staanplaatsen, stacaravans \u2013 boek nu je zonnige tussenstop!","og_url":"https:\/\/www.campinglesbastets.com\/nl\/camping-a7-frankrijk\/","og_site_name":"Camping Les Bastets","article_modified_time":"2025-03-24T13:13:42+00:00","twitter_card":"summary_large_image","schema":{"@context":"https:\/\/schema.org","@graph":[{"@type":"WebPage","@id":"https:\/\/www.campinglesbastets.com\/nl\/camping-a7-frankrijk\/","url":"https:\/\/www.campinglesbastets.com\/nl\/camping-a7-frankrijk\/","name":"Campings A7 in Frankrijk \u2013 Vakantie & Overnachting aan de Route du Soleil","isPartOf":{"@id":"https:\/\/www.campinglesbastets.com\/nl\/#website"},"datePublished":"2025-03-24T10:53:47+00:00","dateModified":"2025-03-24T13:13:42+00:00","description":"Ontdek campings langs de A7 in Frankrijk: ideaal voor vakantie of overnachting. Zwembad, staanplaatsen, stacaravans \u2013 boek nu je zonnige tussenstop!","breadcrumb":{"@id":"https:\/\/www.campinglesbastets.com\/nl\/camping-a7-frankrijk\/#breadcrumb"},"inLanguage":"nl-NL","potentialAction":[{"@type":"ReadAction","target":["https:\/\/www.campinglesbastets.com\/nl\/camping-a7-frankrijk\/"]}]},{"@type":"BreadcrumbList","@id":"https:\/\/www.campinglesbastets.com\/nl\/camping-a7-frankrijk\/#breadcrumb","itemListElement":[{"@type":"ListItem","position":1,"name":"Camping Dr\u00f4me","item":"https:\/\/www.campinglesbastets.com\/nl\/"},{"@type":"ListItem","position":2,"name":"Campings langs de A7"}]},{"@type":"WebSite","@id":"https:\/\/www.campinglesbastets.com\/nl\/#website","url":"https:\/\/www.campinglesbastets.com\/nl\/","name":"Camping Les Bastets","description":"","publisher":{"@id":"https:\/\/www.campinglesbastets.com\/nl\/#organization"},"potentialAction":[{"@type":"SearchAction","target":{"@type":"EntryPoint","urlTemplate":"https:\/\/www.campinglesbastets.com\/nl\/?s={search_term_string}"},"query-input":{"@type":"PropertyValueSpecification","valueRequired":true,"valueName":"search_term_string"}}],"inLanguage":"nl-NL"},{"@type":"Organization","@id":"https:\/\/www.campinglesbastets.com\/nl\/#organization","name":"Camping Les Bastets","url":"https:\/\/www.campinglesbastets.com\/nl\/","logo":{"@type":"ImageObject","inLanguage":"nl-NL","@id":"https:\/\/www.campinglesbastets.com\/nl\/#\/schema\/logo\/image\/","url":"https:\/\/www.campinglesbastets.com\/wp-content\/uploads\/2022\/02\/favicon-1.png","contentUrl":"https:\/\/www.campinglesbastets.com\/wp-content\/uploads\/2022\/02\/favicon-1.png","width":1423,"height":1423,"caption":"Camping Les Bastets"},"image":{"@id":"https:\/\/www.campinglesbastets.com\/nl\/#\/schema\/logo\/image\/"}}]}},"_links":{"self":[{"href":"https:\/\/www.campinglesbastets.com\/nl\/wp-json\/wp\/v2\/pages\/15236","targetHints":{"allow":["GET"]}}],"collection":[{"href":"https:\/\/www.campinglesbastets.com\/nl\/wp-json\/wp\/v2\/pages"}],"about":[{"href":"https:\/\/www.campinglesbastets.com\/nl\/wp-json\/wp\/v2\/types\/page"}],"author":[{"embeddable":true,"href":"https:\/\/www.campinglesbastets.com\/nl\/wp-json\/wp\/v2\/users\/2"}],"replies":[{"embeddable":true,"href":"https:\/\/www.campinglesbastets.com\/nl\/wp-json\/wp\/v2\/comments?post=15236"}],"version-history":[{"count":22,"href":"https:\/\/www.campinglesbastets.com\/nl\/wp-json\/wp\/v2\/pages\/15236\/revisions"}],"predecessor-version":[{"id":15298,"href":"https:\/\/www.campinglesbastets.com\/nl\/wp-json\/wp\/v2\/pages\/15236\/revisions\/15298"}],"wp:attachment":[{"href":"https:\/\/www.campinglesbastets.com\/nl\/wp-json\/wp\/v2\/media?parent=15236"}],"curies":[{"name":"wp","href":"https:\/\/api.w.org\/{rel}","templated":true}]}}