{"id":15212,"date":"2025-03-12T10:36:53","date_gmt":"2025-03-12T09:36:53","guid":{"rendered":"https:\/\/www.campinglesbastets.com\/omgeving\/visite-mirmande\/"},"modified":"2025-03-12T10:45:27","modified_gmt":"2025-03-12T09:45:27","slug":"visite-mirmande","status":"publish","type":"page","link":"https:\/\/www.campinglesbastets.com\/nl\/omgeving\/visite-mirmande\/","title":{"rendered":"Mirmande"},"content":{"rendered":"<section id=\"section-6229cb9ccee1d\"\" class=\"section bg-white p-b-0\" \/><div class=\"container extralarge\"><h1 class=\"element section-title center\">Ontdekking van Mirmande: gids voor een onvergetelijk bezoek<\/h1><div class=\"element bloc-text left \">\n\t<p>In het hart van de Dr\u00f4me proven\u00e7ale, <strong>Mirmande is een juweel van geschiedenis en schoonheid<\/strong>, bevroren in de tijd. <strong>Mirmande bezoeken<\/strong> betekent de poort openen naar een dorp <strong>geklasseerd als een van de Mooiste Dorpen van Frankrijk<\/strong>, een plek waar geplaveide straatjes, eeuwenoude stenen huizen en charmante uitzichten samenkomen. Ontdek de goed bewaarde geheimen van dit hooggelegen toevluchtsoord, waar elke hoek een vleugje <strong>kunst, cultuur en pure natuur<\/strong> onthult. Laten we samen op ontdekking gaan naar deze betoverende plek voor een <strong>werkelijk onvergetelijk bezoek<\/strong>.<\/p>\n<p><iframe loading=\"lazy\" title=\"YouTube video player\" src=\"https:\/\/www.youtube.com\/embed\/SWgf1iWDASQ?si=ILIV84Kt3bqj4-c-\" width=\"100%\" height=\"315\" frameborder=\"0\" allowfullscreen=\"allowfullscreen\"><span data-mce-type=\"bookmark\" style=\"display: inline-block; width: 0px; overflow: hidden; line-height: 0;\" class=\"mce_SELRES_start\">\ufeff<\/span><\/iframe><\/p>\n<h2>Waarom Mirmande een must-see is in de Dr\u00f4me proven\u00e7ale<\/h2>\n<p>Dit <strong>dorp in de Dr\u00f4me proven\u00e7ale<\/strong> biedt een <strong>unieke ervaring<\/strong> waar architectonisch erfgoed samensmelt met een adembenemend natuurlandschap. De mediterrane zachtheid, de lucht doordrongen van lavendel- en olijfboomgaarden, maken van <strong>Mirmande de ideale plek voor liefhebbers van geschiedenis en natuur<\/strong>.<\/p>\n<p>De geplaveide straatjes kronkelen tussen de oude stenen huizen en leiden bezoekers van verrassing naar verrassing. De <strong>Sainte-Foy kerk<\/strong>, doordrenkt van een goddelijke sereniteit, is een hemels herkenningspunt. Zo is <strong>Mirmande bezoeken<\/strong> niet alleen een toeristische stop, maar een <strong>onderdompeling in een vredige levensstijl die zijn ziel door de eeuwen heen heeft behouden<\/strong>. Het middeleeuwse dorp, met zijn kunstateliers en zorgvuldig onderhouden tuinen, is een bron van inspiratie voor kunstenaars en liefhebbers van schoonheid.<\/p>\n<h2>Uw route voor een perfecte dag in Mirmande<\/h2>\n<ul>\n<li>Begin met <strong>slenteren door de geplaveide straatjes<\/strong> om de rustige sfeer van Mirmande te absorberen en de essentie van dit hooggelegen dorp te begrijpen.<\/li>\n<li>Ontdek vervolgens de <strong>Jardin des Amoureux<\/strong>, die een prachtig uitzicht biedt over de Rh\u00f4ne-vallei.<\/li>\n<li>Mis de <strong>rondleiding door de Sainte-Foy kerk<\/strong> niet, met een rijke geschiedenis en opmerkelijke architectuur.<\/li>\n<li>Geniet van een <strong>lunch in een van de beste herbergen van het dorp<\/strong> om te genieten van de lokale gastronomie.<\/li>\n<li>In de namiddag, <strong>verken de kunstgalerijen en pottenbakkersateliers<\/strong> waarvoor Mirmande beroemd is.<\/li>\n<li>Sluit uw bezoek af met een <strong>avondwandeling<\/strong> om het gouden licht te bewonderen dat op de stenen gevels valt.<\/li>\n<\/ul>\n<h2>De verborgen parels van Mirmande: insidergeheimen voor een unieke ervaring<\/h2>\n<p><strong>Mirmande bezoeken<\/strong> betekent ook <strong>afwijken van de gebaande paden op zoek naar verborgen schatten<\/strong>. Begin met het <strong>Sentier des Oliviers<\/strong>, een schilderachtige wandeling met verbluffende uitzichten over het dorp en de omgeving. Keramiekliefhebbers zullen genieten van de ontdekking van <strong>Mirmande Cliousclat, een nabijgelegen dorp beroemd om zijn traditionele pottenbakkerijen<\/strong>. Voor een echt unieke ervaring, <strong>bezoek een lokale producent van olijfolie of truffels<\/strong> om de authentieke smaken van de Dr\u00f4me proven\u00e7ale te begrijpen en waarderen.<\/p>\n<h2>Gastronomie en terroir: de beste adressen om van Mirmande te genieten<\/h2>\n<p>De <strong>gastronomie in Mirmande<\/strong> is een <strong>viering van het terroir en de Proven\u00e7aalse levenskunst<\/strong>. Bezoekers kunnen genieten van gerechten bereid met <strong>verse en lokale producten<\/strong>. Restauranthouders zijn trots om specialiteiten zoals de <strong>picodon<\/strong>, een iconische <strong>geitenkaas<\/strong>, evenals de beroemde <strong>olijven<\/strong> en <strong>olijfoli\u00ebn<\/strong> van de regio te presenteren. Van een gezellige herberg tot een gastronomisch sterrenrestaurant, elke plek biedt een <strong>culinaire ervaring<\/strong> die altijd geworteld is in liefde voor goede producten.<\/p>\n<h2>De levenskunst in Mirmande: cultuur en lokaal vakmanschap<\/h2>\n<p>Het laatste aspect van uw bezoek: de <strong>levenskunst in Mirmande<\/strong>. Dit hooggelegen dorp weerspiegelt de <strong>culturele rijkdom en het ambachtelijke dynamisme van de regio<\/strong>. <strong>Pottenbakkers, schilders, beeldhouwers en juweliers delen hun passie en vakmanschap<\/strong> met bezoekers die op zoek zijn naar een uniek souvenir. De ontdekking van deze talenten draagt bij aan de reputatie van <strong>Mirmande als een volwaardig kunstcentrum<\/strong> en laat zien dat deze plaats zijn erfgoed behoudt terwijl het openstaat voor hedendaagse creatie. Geniet van uw verblijf op onze <a href=\"https:\/\/www.campinglesbastets.com\/nl\/\">camping in de Dr\u00f4me<\/a> voor een wandeling in Mirmande die verandert in een reis door ambachten en lokale tradities, altijd met de warme gastvrijheid die de geest van Zuid-Frankrijk kenmerkt.<\/p>\n<p><iframe loading=\"lazy\" style=\"border: 0;\" src=\"https:\/\/www.google.com\/maps\/embed?pb=!1m28!1m12!1m3!1d45396.30828867023!2d4.823930822511769!3d44.673279277308424!2m3!1f0!2f0!3f0!3m2!1i1024!2i768!4f13.1!4m13!3e0!4m5!1s0x12b5444447af63e3%3A0x1763d68f0b1a0d8c!2sMirmande!3m2!1d44.699431!2d4.8352259!4m5!1s0x12b54322b28cff3f%3A0xe26b629c76bc1aa6!2sCamping%20Les%20Bastets%20-%20Dr%C3%B4me%20%C3%A0%20Marsanne%2C%20335%20Chem.%20du%20Camping%2C%2026740%20Marsanne!3m2!1d44.6577749!2d4.8912964!5e0!3m2!1snl!2snl!4v1741771696084!5m2!1snl!2snl\" width=\"100%\" height=\"450\" allowfullscreen=\"allowfullscreen\"><span data-mce-type=\"bookmark\" style=\"display: inline-block; width: 0px; overflow: hidden; line-height: 0;\" class=\"mce_SELRES_start\">\ufeff<\/span><\/iframe><\/p>\n<\/div><\/div><\/section>\n\n<section id=\"section-6229cb9ccefa1\"\" class=\"section bg-white\" \/><div class=\"container extralarge\"><div class=\"element section-title center h2-like\">Te ontdekken in de Dr\u00f4me<\/div><ul class=\"liste-de-page\"><li class=\"element call-to-action carre call-to-action--style-1 call-to-action--big\"><a href=\"https:\/\/www.campinglesbastets.com\/nl\/miniatuur-provencaals-dorp-van-grignan\/\"  class=\"call-to-action_link\" title=\"En savoir plus sur het miniatuur proven\u00e7aalse dorp van grignan\"><div class=\"call-to-action_image\"><img decoding=\"async\" src=\"https:\/\/www.campinglesbastets.com\/wp-content\/uploads\/2025\/01\/village-miniature-grigna.jpg\" data-src=\"https:\/\/www.campinglesbastets.com\/wp-content\/uploads\/2025\/01\/village-miniature-grigna.jpg\" alt=\"D\u00e9couvrez le village miniature de Gringnan\" class=\"big\" \/><\/div><div class=\"call-to-action_contenu\"><div class=\"call-to-action_titre\">Het miniatuur Proven\u00e7aalse dorp van Grignan<\/div><\/div><\/a><\/li><li class=\"element call-to-action carre call-to-action--style-1 call-to-action--big call-to-action--style-1 call-to-action--big\"><a href=\"https:\/\/www.campinglesbastets.com\/nl\/omgeving\/10-essentiele-activiteiten-in-de-drome\/\"  class=\"call-to-action_link\" title=\"En savoir plus sur 10 must-activiteiten in de dr\u00f4me\"><div class=\"call-to-action_image\"><img decoding=\"async\" src=\"https:\/\/www.campinglesbastets.com\/wp-content\/uploads\/2022\/03\/visiter-palais-du-facteur-cheval.jpg\" data-src=\"https:\/\/www.campinglesbastets.com\/wp-content\/uploads\/2022\/03\/visiter-palais-du-facteur-cheval.jpg\" alt=\"visiter palais du facteur cheval\" class=\"big\" \/><\/div><div class=\"call-to-action_contenu\"><div class=\"call-to-action_titre\">10 must-activiteiten in de Dr\u00f4me<\/div><\/div><\/a><\/li><li class=\"element call-to-action carre call-to-action--style-1 call-to-action--big call-to-action--style-1 call-to-action--big call-to-action--style-1 call-to-action--big\"><a href=\"https:\/\/www.campinglesbastets.com\/nl\/omgeving\/abbaye-aiguebelle\/\"  class=\"call-to-action_link\" title=\"En savoir plus sur abdij van aiguebelle\"><div class=\"call-to-action_image\"><img decoding=\"async\" src=\"https:\/\/www.campinglesbastets.com\/wp-content\/uploads\/2024\/10\/abbaye-aiguebelle-1.jpg\" data-src=\"https:\/\/www.campinglesbastets.com\/wp-content\/uploads\/2024\/10\/abbaye-aiguebelle-1.jpg\" alt=\"Abbaye Notre-Dame d'Aiguebelle\" class=\"big\" \/><\/div><div class=\"call-to-action_contenu\"><div class=\"call-to-action_titre\">Abdij van Aiguebelle<\/div><\/div><\/a><\/li><li class=\"element call-to-action carre call-to-action--style-1 call-to-action--big call-to-action--style-1 call-to-action--big call-to-action--style-1 call-to-action--big call-to-action--style-1 call-to-action--big\"><a href=\"https:\/\/www.campinglesbastets.com\/nl\/omgeving\/top-5-watervallen-in-de-drome\/\"  class=\"call-to-action_link\" title=\"En savoir plus sur top 5 watervallen om te ontdekken in de dr\u00f4me\"><div class=\"call-to-action_image\"><img decoding=\"async\" src=\"https:\/\/www.campinglesbastets.com\/wp-content\/uploads\/2024\/12\/cascades-drome.jpg\" data-src=\"https:\/\/www.campinglesbastets.com\/wp-content\/uploads\/2024\/12\/cascades-drome.jpg\" alt=\"Cascades dans la Dr\u00f4me\" class=\"big\" \/><\/div><div class=\"call-to-action_contenu\"><div class=\"call-to-action_titre\">Top 5 watervallen om te ontdekken in de Dr\u00f4me<\/div><\/div><\/a><\/li><li class=\"element call-to-action carre call-to-action--style-1 call-to-action--big call-to-action--style-1 call-to-action--big call-to-action--style-1 call-to-action--big call-to-action--style-1 call-to-action--big call-to-action--style-1 call-to-action--big\"><a href=\"https:\/\/www.campinglesbastets.com\/nl\/omgeving\/routes-des-vins-drome\/\"  class=\"call-to-action_link\" title=\"En savoir plus sur wijnroute van de dr\u00f4me\"><div class=\"call-to-action_image\"><img decoding=\"async\" src=\"https:\/\/www.campinglesbastets.com\/wp-content\/uploads\/2025\/01\/route-vins-drome.jpg\" data-src=\"https:\/\/www.campinglesbastets.com\/wp-content\/uploads\/2025\/01\/route-vins-drome.jpg\" alt=\"La route des vins en Dr\u00f4me\" class=\"big\" \/><\/div><div class=\"call-to-action_contenu\"><div class=\"call-to-action_titre\">Wijnroute van de Dr\u00f4me<\/div><\/div><\/a><\/li><li class=\"element call-to-action carre call-to-action--style-1 call-to-action--big call-to-action--style-1 call-to-action--big call-to-action--style-1 call-to-action--big call-to-action--style-1 call-to-action--big call-to-action--style-1 call-to-action--big call-to-action--style-1 call-to-action--big\"><a href=\"https:\/\/www.campinglesbastets.com\/nl\/omgeving\/top-5-des-evenements-en-ete-en-drome-provencale\/\"  class=\"call-to-action_link\" title=\"En savoir plus sur op 5 onmisbare evenementen voor uw zomer in de dr\u00f4me proven\u00e7ale\"><div class=\"call-to-action_image\"><img decoding=\"async\" src=\"https:\/\/www.campinglesbastets.com\/wp-content\/uploads\/2024\/11\/evenement-ete-drome.jpg\" data-src=\"https:\/\/www.campinglesbastets.com\/wp-content\/uploads\/2024\/11\/evenement-ete-drome.jpg\" alt=\"\u00c9v\u00e9nements pendant l'\u00e9t\u00e9 en Dr\u00f4me\" class=\"big\" \/><\/div><div class=\"call-to-action_contenu\"><div class=\"call-to-action_titre\">op 5 Onmisbare Evenementen voor Uw Zomer in de Dr\u00f4me Proven\u00e7ale<\/div><\/div><\/a><\/li><\/ul><\/div><\/section>","protected":false},"excerpt":{"rendered":"","protected":false},"author":2,"featured_media":15207,"parent":9700,"menu_order":0,"comment_status":"closed","ping_status":"closed","template":"","meta":{"_acf_changed":false,"footnotes":""},"class_list":["post-15212","page","type-page","status-publish","has-post-thumbnail","hentry"],"acf":[],"yoast_head":"<!-- This site is optimized with the Yoast SEO plugin v25.3 - https:\/\/yoast.com\/wordpress\/plugins\/seo\/ -->\n<title>Bezoek Mirmande : Ontdek een van de mooiste dorpen van de Dr\u00f4me !<\/title>\n<meta name=\"description\" content=\"Ontdek Mirmande, een van de mooiste dorpen van de Dr\u00f4me ! Tussen geschiedenis, kunst en natuur, verken de kerk en geniet van rondleidingen !\" \/>\n<meta name=\"robots\" content=\"index, follow, max-snippet:-1, max-image-preview:large, max-video-preview:-1\" \/>\n<link rel=\"canonical\" href=\"https:\/\/www.campinglesbastets.com\/nl\/omgeving\/visite-mirmande\/\" \/>\n<meta property=\"og:locale\" content=\"nl_NL\" \/>\n<meta property=\"og:type\" content=\"article\" \/>\n<meta property=\"og:title\" content=\"Bezoek Mirmande : Ontdek een van de mooiste dorpen van de Dr\u00f4me !\" \/>\n<meta property=\"og:description\" content=\"Ontdek Mirmande, een van de mooiste dorpen van de Dr\u00f4me ! Tussen geschiedenis, kunst en natuur, verken de kerk en geniet van rondleidingen !\" \/>\n<meta property=\"og:url\" content=\"https:\/\/www.campinglesbastets.com\/nl\/omgeving\/visite-mirmande\/\" \/>\n<meta property=\"og:site_name\" content=\"Camping Les Bastets\" \/>\n<meta property=\"article:modified_time\" content=\"2025-03-12T09:45:27+00:00\" \/>\n<meta property=\"og:image\" content=\"https:\/\/www.campinglesbastets.com\/wp-content\/uploads\/2025\/03\/visite-mirmande.jpg\" \/>\n\t<meta property=\"og:image:width\" content=\"1739\" \/>\n\t<meta property=\"og:image:height\" content=\"600\" \/>\n\t<meta property=\"og:image:type\" content=\"image\/jpeg\" \/>\n<meta name=\"twitter:card\" content=\"summary_large_image\" \/>\n<meta name=\"twitter:label1\" content=\"Geschatte leestijd\" \/>\n\t<meta name=\"twitter:data1\" content=\"1 minuut\" \/>\n<script type=\"application\/ld+json\" class=\"yoast-schema-graph\">{\"@context\":\"https:\/\/schema.org\",\"@graph\":[{\"@type\":\"WebPage\",\"@id\":\"https:\/\/www.campinglesbastets.com\/nl\/omgeving\/visite-mirmande\/\",\"url\":\"https:\/\/www.campinglesbastets.com\/nl\/omgeving\/visite-mirmande\/\",\"name\":\"Bezoek Mirmande : Ontdek een van de mooiste dorpen van de Dr\u00f4me !\",\"isPartOf\":{\"@id\":\"https:\/\/www.campinglesbastets.com\/nl\/#website\"},\"primaryImageOfPage\":{\"@id\":\"https:\/\/www.campinglesbastets.com\/nl\/omgeving\/visite-mirmande\/#primaryimage\"},\"image\":{\"@id\":\"https:\/\/www.campinglesbastets.com\/nl\/omgeving\/visite-mirmande\/#primaryimage\"},\"thumbnailUrl\":\"https:\/\/www.campinglesbastets.com\/wp-content\/uploads\/2025\/03\/visite-mirmande.jpg\",\"datePublished\":\"2025-03-12T09:36:53+00:00\",\"dateModified\":\"2025-03-12T09:45:27+00:00\",\"description\":\"Ontdek Mirmande, een van de mooiste dorpen van de Dr\u00f4me ! Tussen geschiedenis, kunst en natuur, verken de kerk en geniet van rondleidingen !\",\"breadcrumb\":{\"@id\":\"https:\/\/www.campinglesbastets.com\/nl\/omgeving\/visite-mirmande\/#breadcrumb\"},\"inLanguage\":\"nl-NL\",\"potentialAction\":[{\"@type\":\"ReadAction\",\"target\":[\"https:\/\/www.campinglesbastets.com\/nl\/omgeving\/visite-mirmande\/\"]}]},{\"@type\":\"ImageObject\",\"inLanguage\":\"nl-NL\",\"@id\":\"https:\/\/www.campinglesbastets.com\/nl\/omgeving\/visite-mirmande\/#primaryimage\",\"url\":\"https:\/\/www.campinglesbastets.com\/wp-content\/uploads\/2025\/03\/visite-mirmande.jpg\",\"contentUrl\":\"https:\/\/www.campinglesbastets.com\/wp-content\/uploads\/2025\/03\/visite-mirmande.jpg\",\"width\":1739,\"height\":600,\"caption\":\"Visite de Mirmande\"},{\"@type\":\"BreadcrumbList\",\"@id\":\"https:\/\/www.campinglesbastets.com\/nl\/omgeving\/visite-mirmande\/#breadcrumb\",\"itemListElement\":[{\"@type\":\"ListItem\",\"position\":1,\"name\":\"Camping Dr\u00f4me\",\"item\":\"https:\/\/www.campinglesbastets.com\/nl\/\"},{\"@type\":\"ListItem\",\"position\":2,\"name\":\"TOERISME IN DE DR\u00d4ME PROVEN\u00c7ALE\",\"item\":\"https:\/\/www.campinglesbastets.com\/nl\/omgeving\/\"},{\"@type\":\"ListItem\",\"position\":3,\"name\":\"Mirmande ontdekken\"}]},{\"@type\":\"WebSite\",\"@id\":\"https:\/\/www.campinglesbastets.com\/nl\/#website\",\"url\":\"https:\/\/www.campinglesbastets.com\/nl\/\",\"name\":\"Camping Les Bastets\",\"description\":\"\",\"publisher\":{\"@id\":\"https:\/\/www.campinglesbastets.com\/nl\/#organization\"},\"potentialAction\":[{\"@type\":\"SearchAction\",\"target\":{\"@type\":\"EntryPoint\",\"urlTemplate\":\"https:\/\/www.campinglesbastets.com\/nl\/?s={search_term_string}\"},\"query-input\":{\"@type\":\"PropertyValueSpecification\",\"valueRequired\":true,\"valueName\":\"search_term_string\"}}],\"inLanguage\":\"nl-NL\"},{\"@type\":\"Organization\",\"@id\":\"https:\/\/www.campinglesbastets.com\/nl\/#organization\",\"name\":\"Camping Les Bastets\",\"url\":\"https:\/\/www.campinglesbastets.com\/nl\/\",\"logo\":{\"@type\":\"ImageObject\",\"inLanguage\":\"nl-NL\",\"@id\":\"https:\/\/www.campinglesbastets.com\/nl\/#\/schema\/logo\/image\/\",\"url\":\"https:\/\/www.campinglesbastets.com\/wp-content\/uploads\/2022\/02\/favicon-1.png\",\"contentUrl\":\"https:\/\/www.campinglesbastets.com\/wp-content\/uploads\/2022\/02\/favicon-1.png\",\"width\":1423,\"height\":1423,\"caption\":\"Camping Les Bastets\"},\"image\":{\"@id\":\"https:\/\/www.campinglesbastets.com\/nl\/#\/schema\/logo\/image\/\"}}]}<\/script>\n<!-- \/ Yoast SEO plugin. -->","yoast_head_json":{"title":"Bezoek Mirmande : Ontdek een van de mooiste dorpen van de Dr\u00f4me !","description":"Ontdek Mirmande, een van de mooiste dorpen van de Dr\u00f4me ! Tussen geschiedenis, kunst en natuur, verken de kerk en geniet van rondleidingen !","robots":{"index":"index","follow":"follow","max-snippet":"max-snippet:-1","max-image-preview":"max-image-preview:large","max-video-preview":"max-video-preview:-1"},"canonical":"https:\/\/www.campinglesbastets.com\/nl\/omgeving\/visite-mirmande\/","og_locale":"nl_NL","og_type":"article","og_title":"Bezoek Mirmande : Ontdek een van de mooiste dorpen van de Dr\u00f4me !","og_description":"Ontdek Mirmande, een van de mooiste dorpen van de Dr\u00f4me ! Tussen geschiedenis, kunst en natuur, verken de kerk en geniet van rondleidingen !","og_url":"https:\/\/www.campinglesbastets.com\/nl\/omgeving\/visite-mirmande\/","og_site_name":"Camping Les Bastets","article_modified_time":"2025-03-12T09:45:27+00:00","og_image":[{"width":1739,"height":600,"url":"https:\/\/www.campinglesbastets.com\/wp-content\/uploads\/2025\/03\/visite-mirmande.jpg","type":"image\/jpeg"}],"twitter_card":"summary_large_image","twitter_misc":{"Geschatte leestijd":"1 minuut"},"schema":{"@context":"https:\/\/schema.org","@graph":[{"@type":"WebPage","@id":"https:\/\/www.campinglesbastets.com\/nl\/omgeving\/visite-mirmande\/","url":"https:\/\/www.campinglesbastets.com\/nl\/omgeving\/visite-mirmande\/","name":"Bezoek Mirmande : Ontdek een van de mooiste dorpen van de Dr\u00f4me !","isPartOf":{"@id":"https:\/\/www.campinglesbastets.com\/nl\/#website"},"primaryImageOfPage":{"@id":"https:\/\/www.campinglesbastets.com\/nl\/omgeving\/visite-mirmande\/#primaryimage"},"image":{"@id":"https:\/\/www.campinglesbastets.com\/nl\/omgeving\/visite-mirmande\/#primaryimage"},"thumbnailUrl":"https:\/\/www.campinglesbastets.com\/wp-content\/uploads\/2025\/03\/visite-mirmande.jpg","datePublished":"2025-03-12T09:36:53+00:00","dateModified":"2025-03-12T09:45:27+00:00","description":"Ontdek Mirmande, een van de mooiste dorpen van de Dr\u00f4me ! Tussen geschiedenis, kunst en natuur, verken de kerk en geniet van rondleidingen !","breadcrumb":{"@id":"https:\/\/www.campinglesbastets.com\/nl\/omgeving\/visite-mirmande\/#breadcrumb"},"inLanguage":"nl-NL","potentialAction":[{"@type":"ReadAction","target":["https:\/\/www.campinglesbastets.com\/nl\/omgeving\/visite-mirmande\/"]}]},{"@type":"ImageObject","inLanguage":"nl-NL","@id":"https:\/\/www.campinglesbastets.com\/nl\/omgeving\/visite-mirmande\/#primaryimage","url":"https:\/\/www.campinglesbastets.com\/wp-content\/uploads\/2025\/03\/visite-mirmande.jpg","contentUrl":"https:\/\/www.campinglesbastets.com\/wp-content\/uploads\/2025\/03\/visite-mirmande.jpg","width":1739,"height":600,"caption":"Visite de Mirmande"},{"@type":"BreadcrumbList","@id":"https:\/\/www.campinglesbastets.com\/nl\/omgeving\/visite-mirmande\/#breadcrumb","itemListElement":[{"@type":"ListItem","position":1,"name":"Camping Dr\u00f4me","item":"https:\/\/www.campinglesbastets.com\/nl\/"},{"@type":"ListItem","position":2,"name":"TOERISME IN DE DR\u00d4ME PROVEN\u00c7ALE","item":"https:\/\/www.campinglesbastets.com\/nl\/omgeving\/"},{"@type":"ListItem","position":3,"name":"Mirmande ontdekken"}]},{"@type":"WebSite","@id":"https:\/\/www.campinglesbastets.com\/nl\/#website","url":"https:\/\/www.campinglesbastets.com\/nl\/","name":"Camping Les Bastets","description":"","publisher":{"@id":"https:\/\/www.campinglesbastets.com\/nl\/#organization"},"potentialAction":[{"@type":"SearchAction","target":{"@type":"EntryPoint","urlTemplate":"https:\/\/www.campinglesbastets.com\/nl\/?s={search_term_string}"},"query-input":{"@type":"PropertyValueSpecification","valueRequired":true,"valueName":"search_term_string"}}],"inLanguage":"nl-NL"},{"@type":"Organization","@id":"https:\/\/www.campinglesbastets.com\/nl\/#organization","name":"Camping Les Bastets","url":"https:\/\/www.campinglesbastets.com\/nl\/","logo":{"@type":"ImageObject","inLanguage":"nl-NL","@id":"https:\/\/www.campinglesbastets.com\/nl\/#\/schema\/logo\/image\/","url":"https:\/\/www.campinglesbastets.com\/wp-content\/uploads\/2022\/02\/favicon-1.png","contentUrl":"https:\/\/www.campinglesbastets.com\/wp-content\/uploads\/2022\/02\/favicon-1.png","width":1423,"height":1423,"caption":"Camping Les Bastets"},"image":{"@id":"https:\/\/www.campinglesbastets.com\/nl\/#\/schema\/logo\/image\/"}}]}},"_links":{"self":[{"href":"https:\/\/www.campinglesbastets.com\/nl\/wp-json\/wp\/v2\/pages\/15212","targetHints":{"allow":["GET"]}}],"collection":[{"href":"https:\/\/www.campinglesbastets.com\/nl\/wp-json\/wp\/v2\/pages"}],"about":[{"href":"https:\/\/www.campinglesbastets.com\/nl\/wp-json\/wp\/v2\/types\/page"}],"author":[{"embeddable":true,"href":"https:\/\/www.campinglesbastets.com\/nl\/wp-json\/wp\/v2\/users\/2"}],"replies":[{"embeddable":true,"href":"https:\/\/www.campinglesbastets.com\/nl\/wp-json\/wp\/v2\/comments?post=15212"}],"version-history":[{"count":3,"href":"https:\/\/www.campinglesbastets.com\/nl\/wp-json\/wp\/v2\/pages\/15212\/revisions"}],"predecessor-version":[{"id":15220,"href":"https:\/\/www.campinglesbastets.com\/nl\/wp-json\/wp\/v2\/pages\/15212\/revisions\/15220"}],"up":[{"embeddable":true,"href":"https:\/\/www.campinglesbastets.com\/nl\/wp-json\/wp\/v2\/pages\/9700"}],"wp:featuredmedia":[{"embeddable":true,"href":"https:\/\/www.campinglesbastets.com\/nl\/wp-json\/wp\/v2\/media\/15207"}],"wp:attachment":[{"href":"https:\/\/www.campinglesbastets.com\/nl\/wp-json\/wp\/v2\/media?parent=15212"}],"curies":[{"name":"wp","href":"https:\/\/api.w.org\/{rel}","templated":true}]}}