{"id":15042,"date":"2025-01-31T14:09:49","date_gmt":"2025-01-31T13:09:49","guid":{"rendered":"https:\/\/www.campinglesbastets.com\/omgeving\/routes-des-vins-drome\/"},"modified":"2025-03-12T10:43:51","modified_gmt":"2025-03-12T09:43:51","slug":"routes-des-vins-drome","status":"publish","type":"page","link":"https:\/\/www.campinglesbastets.com\/nl\/omgeving\/routes-des-vins-drome\/","title":{"rendered":"Wijnroute van de Dr\u00f4me"},"content":{"rendered":"<section id=\"section-627e22159341f\"\" class=\"section bg-white p-b-0\" \/><div class=\"container extralarge\"><h1 class=\"element section-title center\">Oenotouristische ontdekking: verken de wijnroute van de Dr\u00f4me<\/h1><div class=\"element bloc-text left \">\n\t<p><strong>De Dr\u00f4me<\/strong> is een droombestemming voor liefhebbers van wijn en natuur. Met prestigieuze wijngebieden zoals <strong>Hermitage, Crozes-Hermitage, Saint-Joseph, Vinsobres en Grignan-les-Adh\u00e9mar<\/strong>, biedt deze regio een zintuiglijke reis door wijngaarden met gevarieerde landschappen, tussen de Rh\u00f4nevallei en de Proven\u00e7aalse heuvels.<\/p>\n<p>Deze route is ontworpen om een aangenaam verblijf mogelijk te maken vanuit onze <strong><a href=\"https:\/\/www.campinglesbastets.com\/nl\/\" target=\"_new\" rel=\"noopener\">camping in de Dr\u00f4me<\/a><\/strong> in Marsanne, met zorgvuldig geplande wijntochten om de reistijd te minimaliseren. U ontdekt er gerenommeerde wijnhuizen, uitzonderlijke wijnproeverijen, maar ook adembenemende landschappen en heerlijke lokale gastronomie.<\/p>\n<p><img loading=\"lazy\" decoding=\"async\" width=\"1384\" height=\"500\" class=\"aligncenter size-full wp-image-15025\" src=\"https:\/\/www.campinglesbastets.com\/wp-content\/uploads\/2025\/01\/drome-route-des-vins.jpg\" alt=\"La route des vins de la Dr\u00f4me\" srcset=\"https:\/\/www.campinglesbastets.com\/wp-content\/uploads\/2025\/01\/drome-route-des-vins.jpg 1384w, https:\/\/www.campinglesbastets.com\/wp-content\/uploads\/2025\/01\/drome-route-des-vins-300x108.jpg 300w, https:\/\/www.campinglesbastets.com\/wp-content\/uploads\/2025\/01\/drome-route-des-vins-1024x370.jpg 1024w, https:\/\/www.campinglesbastets.com\/wp-content\/uploads\/2025\/01\/drome-route-des-vins-768x277.jpg 768w, https:\/\/www.campinglesbastets.com\/wp-content\/uploads\/2025\/01\/drome-route-des-vins-100x36.jpg 100w\" sizes=\"auto, (max-width: 1384px) 100vw, 1384px\" \/><\/p>\n<h2>Route van de Wijnroute<\/h2>\n<h3>Dag 1: De grote wijnen van de Rh\u00f4nevallei \u2013 Hermitage en Crozes-Hermitage<\/h3>\n<p>Op deze eerste dag vertrekt u naar <strong>Tain-l\u2019Hermitage<\/strong>, op ongeveer <strong>70 km van Camping Les Bastets<\/strong>, wat neerkomt op <strong>50 minuten rijden<\/strong>. Deze stad is de bakermat van enkele van de meest prestigieuze appellaties van de <strong>Rh\u00f4nevallei<\/strong>.<\/p>\n<p>Begin met een wandeling op de <strong>Hermitage-heuvel<\/strong>, die een <strong>prachtig uitzicht op de wijngaarden<\/strong> biedt, gelegen op terrassen die afdalen naar de Rh\u00f4ne. Dit unieke terroir brengt <strong>wijnen van grote finesse<\/strong> voort, bekend over de hele wereld.<\/p>\n<p>Vervolg met een bezoek en proeverij bij <strong>Maison M. Chapoutier<\/strong>, een referentie binnen de appellatie Hermitage. Dit iconische wijnhuis biedt een <strong>ontdekking van druivenrassen en wijnbereidingstechnieken<\/strong>. Daarna kunt u terecht bij de <strong>Cave de Tain<\/strong>, waar u uw kennis kunt verdiepen door een introductie in de proeverij van <strong>Crozes-Hermitage-wijnen<\/strong>, toegankelijker, maar even verleidelijk.<\/p>\n<p>In de middag mag een stop bij <strong>Domaine Paul Jaboulet A\u00een\u00e9<\/strong> niet ontbreken, beroemd om de prestigieuze cuv\u00e9e <strong>&#8220;La Chapelle&#8221;<\/strong>, een uitzonderlijke wijn die het vakmanschap van de regio belichaamt.<\/p>\n<p>Na deze prachtige dag keert u terug naar Camping Les Bastets voor een ontspannen avond midden in de natuur.<\/p>\n<h3>Dag 2: Saint-Joseph en de landschappen van de Dr\u00f4me<\/h3>\n<p>Op de tweede dag gaat u naar het <strong>noordwesten<\/strong>, richting <strong>Saint-P\u00e9ray en Cornas<\/strong>, op ongeveer <strong>60 km van Camping Les Bastets<\/strong>, ofwel <strong>50 minuten rijden<\/strong>. Deze appellaties zijn minder bekend dan Hermitage, maar bieden toch <strong>wijnen met een rijke aromatische complexiteit<\/strong>.<\/p>\n<p>Begin de ochtend met een bezoek aan <strong>Domaine Alain Voge<\/strong>, <strong>gespecialiseerd in rode wijnen van Cornas en mousserende witte wijnen van Saint-P\u00e9ray<\/strong>. Hier ontdekt u karaktervolle wijnen, zorgvuldig geproduceerd met respect voor het terroir.<\/p>\n<p>Na deze proeverij maakt u een <strong>kleine wandeling op de hoogten van de Vercors<\/strong>. Dit uitkijkpunt biedt een <strong>uitzonderlijk panorama over de Rh\u00f4nevallei en de omliggende wijngaarden<\/strong>.<\/p>\n<p>Voor de lunch kunt u terecht in een wijnbistro in <strong>Tournon-sur-Rh\u00f4ne<\/strong>, waar u <strong>lokale specialiteiten<\/strong> kunt proeven, zoals Ard\u00e8che-charcuterie, ravioli uit de Dauphin\u00e9 of picodon, een heerlijke geitenkaas.<\/p>\n<p>\u2019s Middags bezoekt u <strong>Domaine Coursodon<\/strong>, een van de referenties binnen de appellatie <strong>Saint-Joseph<\/strong>. Deze <strong>rode wijn, voornamelijk gemaakt van syrah<\/strong>, staat bekend om zijn elegantie en kruidige aroma\u2019s. Sluit de dag af met een wandeling langs de oevers van de Rh\u00f4ne of een bezoek aan het <strong>Ch\u00e2teau de Tournon<\/strong>.<\/p>\n<h3>Dag 3: De Proven\u00e7aalse Dr\u00f4me \u2013 Vinsobres en Grignan-les-Adh\u00e9mar<\/h3>\n<p>Op de laatste dag ontdekt u de wijnen van de <strong>Proven\u00e7aalse Dr\u00f4me<\/strong>, te beginnen met <strong>Vinsobres<\/strong>, op <strong>50 km van Camping Les Bastets<\/strong>, ofwel <strong>50 minuten rijden<\/strong>. Dit wijngebied produceert uitsluitend <strong>krachtige en elegante rode wijnen<\/strong>, perfect voor liefhebbers van volle wijnen.<\/p>\n<p>De ochtend begint met een bezoek aan <strong>Domaine Jaume<\/strong>, een van de pioniers van de <strong>AOC Vinsobres<\/strong>. Na een mooie proeverij maakt u een tussenstop in <strong>Nyons<\/strong>, beroemd om zijn <strong>zwarte olijven en AOP-olijfolie<\/strong>. Dit is de ideale gelegenheid om een ander lokaal vakmanschap te ontdekken en enkele streekproducten mee naar huis te nemen.<\/p>\n<p>\u2019s Middags gaat u verder naar <strong>Grignan<\/strong>, op <strong>30 km van Nyons<\/strong> (<strong>35 minuten rijden<\/strong>). Dit dorp wordt gedomineerd door het majestueuze <strong>kasteel van Madame de S\u00e9vign\u00e9<\/strong>. Voordat u dit Renaissance-juweel bezoekt, geniet u van een gastronomische lunch bij <strong>Clair de la Plume<\/strong>, een met een Michelinster bekroond restaurant dat lokale producten in de schijnwerpers zet.<\/p>\n<p>Om deze prachtige dag af te sluiten, stopt u bij het <strong>Ch\u00e2teau de la Borie<\/strong>, een <strong>gecertificeerd biologisch wijnhuis<\/strong>, dat fijne en uitgebalanceerde wijnen produceert onder de appellatie <strong>Grignan-les-Adh\u00e9mar<\/strong>.<\/p>\n<p><img loading=\"lazy\" decoding=\"async\" width=\"1384\" height=\"500\" class=\"aligncenter size-full wp-image-15029\" src=\"https:\/\/www.campinglesbastets.com\/wp-content\/uploads\/2025\/01\/decouverte-route-des-vins-drome.jpg\" alt=\"Ontdek de wijnroute in de Dr\u00f4me\" srcset=\"https:\/\/www.campinglesbastets.com\/wp-content\/uploads\/2025\/01\/decouverte-route-des-vins-drome.jpg 1384w, https:\/\/www.campinglesbastets.com\/wp-content\/uploads\/2025\/01\/decouverte-route-des-vins-drome-300x108.jpg 300w, https:\/\/www.campinglesbastets.com\/wp-content\/uploads\/2025\/01\/decouverte-route-des-vins-drome-1024x370.jpg 1024w, https:\/\/www.campinglesbastets.com\/wp-content\/uploads\/2025\/01\/decouverte-route-des-vins-drome-768x277.jpg 768w, https:\/\/www.campinglesbastets.com\/wp-content\/uploads\/2025\/01\/decouverte-route-des-vins-drome-100x36.jpg 100w\" sizes=\"auto, (max-width: 1384px) 100vw, 1384px\" \/><\/p>\n<h2>Praktische tips voor een geslaagde reis<\/h2>\n<p>Om optimaal te genieten van de <strong>Wijnroute van de Dr\u00f4me<\/strong>, wordt aangeraden om <strong>van tevoren een afspraak te maken<\/strong> bij de wijnhuizen, aangezien sommige kelders alleen <strong>op reservering bezoekers ontvangen<\/strong>.<\/p>\n<p><strong>Wijnproeven vereist matiging<\/strong>, dus het is raadzaam om <strong>wijngaardbezoeken af te wisselen met buitenactiviteiten<\/strong>, zoals wandelen of fietsen. Als u meerdere <strong><a href=\"https:\/\/www.campinglesbastets.com\/nl\/omgeving\/wijnen-van-de-drome\/\" target=\"_new\" rel=\"noopener\">wijnen uit de Dr\u00f4me<\/a><\/strong> wilt proeven, denk er dan aan een <strong>chauffeur aan te wijzen<\/strong> of te kiezen voor een <strong>priv\u00e9vervoerdienst<\/strong>.<\/p>\n<p>Tot slot, <strong>voorzie een koelbox om gekochte flessen en streekproducten<\/strong> zoals kaas of olijven vers te houden.<\/p>\n<h2>Extra ervaringen die u niet mag missen<\/h2>\n<p>Om uw verblijf te verrijken, kunnen verschillende activiteiten aan uw programma worden toegevoegd:<\/p>\n<ul>\n<li><strong>Wijnworkshop<\/strong> bij een wijnhuis om beter te leren proeven.<\/li>\n<li><strong>Fietstocht met elektrische fiets<\/strong> door de wijngaarden met proefstops.<\/li>\n<li><strong>Proeverij van wijn- en kaascombinaties<\/strong>, om de wijnen van de Dr\u00f4me te combineren met lokale specialiteiten.<\/li>\n<li><strong>Wandeling in het Regionaal Natuurpark van de Baronnies Proven\u00e7ales<\/strong>, om de diversiteit van het landschap te bewonderen.<\/li>\n<\/ul>\n<p>Dankzij deze route ontdekt u de <strong>beste wijnen van de Dr\u00f4me<\/strong>, terwijl u geniet van een <strong><a href=\"https:\/\/www.campinglesbastets.com\/nl\/omgeving\/wijnreizen-in-de-rhonevallei-2\/\" target=\"_new\" rel=\"noopener\">wijnreis in de Rh\u00f4nevallei<\/a><\/strong>. Met <strong>proeverijen, uitzonderlijke landschappen en lokale gastronomie<\/strong> belooft deze wijnroute een <strong>onvergetelijke ervaring<\/strong>.<\/p>\n<\/div><\/div><\/section>\n\n<section id=\"section-627e221593771\"\" class=\"section bg-white\" \/><div class=\"container extralarge\"><div class=\"element section-title center h2-like\">Ga op ontdekking in de Dr\u00f4me Proven\u00e7ale<\/div><ul class=\"liste-de-page\"><li class=\"element call-to-action carre call-to-action--style-1 call-to-action--big\"><a href=\"https:\/\/www.campinglesbastets.com\/nl\/omgeving\/fietsbestemming-drome-ontdek-het-gebied-per-fiets\/\"  class=\"call-to-action_link\" title=\"En savoir plus sur dr\u00f4me per fiets\"><div class=\"call-to-action_image\"><img decoding=\"async\" src=\"https:\/\/www.campinglesbastets.com\/wp-content\/uploads\/2022\/03\/decouvrir-la-drome-a-velo.jpg\" data-src=\"https:\/\/www.campinglesbastets.com\/wp-content\/uploads\/2022\/03\/decouvrir-la-drome-a-velo.jpg\" alt=\"decouvrir la drome a velo\" class=\"big\" \/><\/div><div class=\"call-to-action_contenu\"><div class=\"call-to-action_titre\">Dr\u00f4me per fiets<\/div><\/div><\/a><\/li><li class=\"element call-to-action carre call-to-action--style-1 call-to-action--big call-to-action--style-1 call-to-action--big\"><a href=\"https:\/\/www.campinglesbastets.com\/nl\/omgeving\/10-essentiele-activiteiten-in-de-drome\/\"  class=\"call-to-action_link\" title=\"En savoir plus sur 10 must-activiteiten in de dr\u00f4me\"><div class=\"call-to-action_image\"><img decoding=\"async\" src=\"https:\/\/www.campinglesbastets.com\/wp-content\/uploads\/2022\/03\/visiter-palais-du-facteur-cheval.jpg\" data-src=\"https:\/\/www.campinglesbastets.com\/wp-content\/uploads\/2022\/03\/visiter-palais-du-facteur-cheval.jpg\" alt=\"visiter palais du facteur cheval\" class=\"big\" \/><\/div><div class=\"call-to-action_contenu\"><div class=\"call-to-action_titre\">10 must-activiteiten in de Dr\u00f4me<\/div><\/div><\/a><\/li><li class=\"element call-to-action carre call-to-action--style-1 call-to-action--big call-to-action--style-1 call-to-action--big call-to-action--style-1 call-to-action--big\"><a href=\"https:\/\/www.campinglesbastets.com\/nl\/omgeving\/wat-kun-zien-doen-in-regionaal-natuurpark-van-de-vercors\/\"  class=\"call-to-action_link\" title=\"En savoir plus sur natuurpark vercors\"><div class=\"call-to-action_image\"><img decoding=\"async\" src=\"https:\/\/www.campinglesbastets.com\/wp-content\/uploads\/2022\/03\/balades-parc-vercors.jpg\" data-src=\"https:\/\/www.campinglesbastets.com\/wp-content\/uploads\/2022\/03\/balades-parc-vercors.jpg\" alt=\"balades parc vercors\" class=\"big\" \/><\/div><div class=\"call-to-action_contenu\"><div class=\"call-to-action_titre\">Natuurpark Vercors<\/div><\/div><\/a><\/li><li class=\"element call-to-action carre call-to-action--style-1 call-to-action--big call-to-action--style-1 call-to-action--big call-to-action--style-1 call-to-action--big call-to-action--style-1 call-to-action--big\"><a href=\"https:\/\/www.campinglesbastets.com\/nl\/omgeving\/mooiste-dorpen-van-frankrijk-in-de-drome\/\"  class=\"call-to-action_link\" title=\"En savoir plus sur de mooiste dorpjes van de dr\u00f4me\"><div class=\"call-to-action_image\"><img decoding=\"async\" src=\"https:\/\/www.campinglesbastets.com\/wp-content\/uploads\/2022\/03\/decouvrir-la-drome.jpg\" data-src=\"https:\/\/www.campinglesbastets.com\/wp-content\/uploads\/2022\/03\/decouvrir-la-drome.jpg\" alt=\"decouvrir la drome\" class=\"big\" \/><\/div><div class=\"call-to-action_contenu\"><div class=\"call-to-action_titre\">De mooiste dorpjes van de Dr\u00f4me<\/div><\/div><\/a><\/li><li class=\"element call-to-action carre call-to-action--style-1 call-to-action--big call-to-action--style-1 call-to-action--big call-to-action--style-1 call-to-action--big call-to-action--style-1 call-to-action--big call-to-action--style-1 call-to-action--big\"><a href=\"https:\/\/www.campinglesbastets.com\/nl\/omgeving\/ontdek-montelimar-stad-van-de-noga\/\"  class=\"call-to-action_link\" title=\"En savoir plus sur mont\u00e9limar\"><div class=\"call-to-action_image\"><img decoding=\"async\" src=\"https:\/\/www.campinglesbastets.com\/wp-content\/uploads\/2022\/03\/visiter-montelimar.jpg\" data-src=\"https:\/\/www.campinglesbastets.com\/wp-content\/uploads\/2022\/03\/visiter-montelimar.jpg\" alt=\"visiter montelimar\" class=\"big\" \/><\/div><div class=\"call-to-action_contenu\"><div class=\"call-to-action_titre\">Mont\u00e9limar<\/div><\/div><\/a><\/li><li class=\"element call-to-action carre call-to-action--style-1 call-to-action--big call-to-action--style-1 call-to-action--big call-to-action--style-1 call-to-action--big call-to-action--style-1 call-to-action--big call-to-action--style-1 call-to-action--big call-to-action--style-1 call-to-action--big\"><a href=\"https:\/\/www.campinglesbastets.com\/nl\/omgeving\/wandelingen\/\"  class=\"call-to-action_link\" title=\"En savoir plus sur wandelingen in de dr\u00f4me\"><div class=\"call-to-action_image\"><img decoding=\"async\" src=\"https:\/\/www.campinglesbastets.com\/wp-content\/uploads\/2022\/03\/balade-drome.jpg\" data-src=\"https:\/\/www.campinglesbastets.com\/wp-content\/uploads\/2022\/03\/balade-drome.jpg\" alt=\"balade drome\" class=\"big\" \/><\/div><div class=\"call-to-action_contenu\"><div class=\"call-to-action_titre\">Wandelingen in de Dr\u00f4me<\/div><\/div><\/a><\/li><\/ul><\/div><\/section>","protected":false},"excerpt":{"rendered":"","protected":false},"author":2,"featured_media":15021,"parent":9700,"menu_order":0,"comment_status":"closed","ping_status":"closed","template":"","meta":{"_acf_changed":false,"footnotes":""},"class_list":["post-15042","page","type-page","status-publish","has-post-thumbnail","hentry"],"acf":[],"yoast_head":"<!-- This site is optimized with the Yoast SEO plugin v25.3 - https:\/\/yoast.com\/wordpress\/plugins\/seo\/ -->\n<title>Wijnroute van de Dr\u00f4me: Ontdek de uitzonderlijke wijngaarden en terroirs<\/title>\n<meta name=\"description\" content=\"Ontdek de Wijnroute van de Dr\u00f4me: een reis door het hart van de wijngaarden van de Dr\u00f4me. Proef uitzonderlijke wijnen, van Hermitage tot Ch\u00e2teauneuf-du-Pape!\" \/>\n<meta name=\"robots\" content=\"index, follow, max-snippet:-1, max-image-preview:large, max-video-preview:-1\" \/>\n<link rel=\"canonical\" href=\"https:\/\/www.campinglesbastets.com\/nl\/omgeving\/routes-des-vins-drome\/\" \/>\n<meta property=\"og:locale\" content=\"nl_NL\" \/>\n<meta property=\"og:type\" content=\"article\" \/>\n<meta property=\"og:title\" content=\"Wijnroute van de Dr\u00f4me: Ontdek de uitzonderlijke wijngaarden en terroirs\" \/>\n<meta property=\"og:description\" content=\"Ontdek de Wijnroute van de Dr\u00f4me: een reis door het hart van de wijngaarden van de Dr\u00f4me. Proef uitzonderlijke wijnen, van Hermitage tot Ch\u00e2teauneuf-du-Pape!\" \/>\n<meta property=\"og:url\" content=\"https:\/\/www.campinglesbastets.com\/nl\/omgeving\/routes-des-vins-drome\/\" \/>\n<meta property=\"og:site_name\" content=\"Camping Les Bastets\" \/>\n<meta property=\"article:modified_time\" content=\"2025-03-12T09:43:51+00:00\" \/>\n<meta property=\"og:image\" content=\"https:\/\/www.campinglesbastets.com\/wp-content\/uploads\/2025\/01\/route-vins-drome.jpg\" \/>\n\t<meta property=\"og:image:width\" content=\"1480\" \/>\n\t<meta property=\"og:image:height\" content=\"680\" \/>\n\t<meta property=\"og:image:type\" content=\"image\/jpeg\" \/>\n<meta name=\"twitter:card\" content=\"summary_large_image\" \/>\n<meta name=\"twitter:label1\" content=\"Geschatte leestijd\" \/>\n\t<meta name=\"twitter:data1\" content=\"1 minuut\" \/>\n<script type=\"application\/ld+json\" class=\"yoast-schema-graph\">{\"@context\":\"https:\/\/schema.org\",\"@graph\":[{\"@type\":\"WebPage\",\"@id\":\"https:\/\/www.campinglesbastets.com\/nl\/omgeving\/routes-des-vins-drome\/\",\"url\":\"https:\/\/www.campinglesbastets.com\/nl\/omgeving\/routes-des-vins-drome\/\",\"name\":\"Wijnroute van de Dr\u00f4me: Ontdek de uitzonderlijke wijngaarden en terroirs\",\"isPartOf\":{\"@id\":\"https:\/\/www.campinglesbastets.com\/nl\/#website\"},\"primaryImageOfPage\":{\"@id\":\"https:\/\/www.campinglesbastets.com\/nl\/omgeving\/routes-des-vins-drome\/#primaryimage\"},\"image\":{\"@id\":\"https:\/\/www.campinglesbastets.com\/nl\/omgeving\/routes-des-vins-drome\/#primaryimage\"},\"thumbnailUrl\":\"https:\/\/www.campinglesbastets.com\/wp-content\/uploads\/2025\/01\/route-vins-drome.jpg\",\"datePublished\":\"2025-01-31T13:09:49+00:00\",\"dateModified\":\"2025-03-12T09:43:51+00:00\",\"description\":\"Ontdek de Wijnroute van de Dr\u00f4me: een reis door het hart van de wijngaarden van de Dr\u00f4me. Proef uitzonderlijke wijnen, van Hermitage tot Ch\u00e2teauneuf-du-Pape!\",\"breadcrumb\":{\"@id\":\"https:\/\/www.campinglesbastets.com\/nl\/omgeving\/routes-des-vins-drome\/#breadcrumb\"},\"inLanguage\":\"nl-NL\",\"potentialAction\":[{\"@type\":\"ReadAction\",\"target\":[\"https:\/\/www.campinglesbastets.com\/nl\/omgeving\/routes-des-vins-drome\/\"]}]},{\"@type\":\"ImageObject\",\"inLanguage\":\"nl-NL\",\"@id\":\"https:\/\/www.campinglesbastets.com\/nl\/omgeving\/routes-des-vins-drome\/#primaryimage\",\"url\":\"https:\/\/www.campinglesbastets.com\/wp-content\/uploads\/2025\/01\/route-vins-drome.jpg\",\"contentUrl\":\"https:\/\/www.campinglesbastets.com\/wp-content\/uploads\/2025\/01\/route-vins-drome.jpg\",\"width\":1480,\"height\":680,\"caption\":\"La route des vins en Dr\u00f4me\"},{\"@type\":\"BreadcrumbList\",\"@id\":\"https:\/\/www.campinglesbastets.com\/nl\/omgeving\/routes-des-vins-drome\/#breadcrumb\",\"itemListElement\":[{\"@type\":\"ListItem\",\"position\":1,\"name\":\"Camping Dr\u00f4me\",\"item\":\"https:\/\/www.campinglesbastets.com\/nl\/\"},{\"@type\":\"ListItem\",\"position\":2,\"name\":\"TOERISME IN DE DR\u00d4ME PROVEN\u00c7ALE\",\"item\":\"https:\/\/www.campinglesbastets.com\/nl\/omgeving\/\"},{\"@type\":\"ListItem\",\"position\":3,\"name\":\"Ontdek de wijnroute in de Dr\u00f4me\"}]},{\"@type\":\"WebSite\",\"@id\":\"https:\/\/www.campinglesbastets.com\/nl\/#website\",\"url\":\"https:\/\/www.campinglesbastets.com\/nl\/\",\"name\":\"Camping Les Bastets\",\"description\":\"\",\"publisher\":{\"@id\":\"https:\/\/www.campinglesbastets.com\/nl\/#organization\"},\"potentialAction\":[{\"@type\":\"SearchAction\",\"target\":{\"@type\":\"EntryPoint\",\"urlTemplate\":\"https:\/\/www.campinglesbastets.com\/nl\/?s={search_term_string}\"},\"query-input\":{\"@type\":\"PropertyValueSpecification\",\"valueRequired\":true,\"valueName\":\"search_term_string\"}}],\"inLanguage\":\"nl-NL\"},{\"@type\":\"Organization\",\"@id\":\"https:\/\/www.campinglesbastets.com\/nl\/#organization\",\"name\":\"Camping Les Bastets\",\"url\":\"https:\/\/www.campinglesbastets.com\/nl\/\",\"logo\":{\"@type\":\"ImageObject\",\"inLanguage\":\"nl-NL\",\"@id\":\"https:\/\/www.campinglesbastets.com\/nl\/#\/schema\/logo\/image\/\",\"url\":\"https:\/\/www.campinglesbastets.com\/wp-content\/uploads\/2022\/02\/favicon-1.png\",\"contentUrl\":\"https:\/\/www.campinglesbastets.com\/wp-content\/uploads\/2022\/02\/favicon-1.png\",\"width\":1423,\"height\":1423,\"caption\":\"Camping Les Bastets\"},\"image\":{\"@id\":\"https:\/\/www.campinglesbastets.com\/nl\/#\/schema\/logo\/image\/\"}}]}<\/script>\n<!-- \/ Yoast SEO plugin. -->","yoast_head_json":{"title":"Wijnroute van de Dr\u00f4me: Ontdek de uitzonderlijke wijngaarden en terroirs","description":"Ontdek de Wijnroute van de Dr\u00f4me: een reis door het hart van de wijngaarden van de Dr\u00f4me. Proef uitzonderlijke wijnen, van Hermitage tot Ch\u00e2teauneuf-du-Pape!","robots":{"index":"index","follow":"follow","max-snippet":"max-snippet:-1","max-image-preview":"max-image-preview:large","max-video-preview":"max-video-preview:-1"},"canonical":"https:\/\/www.campinglesbastets.com\/nl\/omgeving\/routes-des-vins-drome\/","og_locale":"nl_NL","og_type":"article","og_title":"Wijnroute van de Dr\u00f4me: Ontdek de uitzonderlijke wijngaarden en terroirs","og_description":"Ontdek de Wijnroute van de Dr\u00f4me: een reis door het hart van de wijngaarden van de Dr\u00f4me. Proef uitzonderlijke wijnen, van Hermitage tot Ch\u00e2teauneuf-du-Pape!","og_url":"https:\/\/www.campinglesbastets.com\/nl\/omgeving\/routes-des-vins-drome\/","og_site_name":"Camping Les Bastets","article_modified_time":"2025-03-12T09:43:51+00:00","og_image":[{"width":1480,"height":680,"url":"https:\/\/www.campinglesbastets.com\/wp-content\/uploads\/2025\/01\/route-vins-drome.jpg","type":"image\/jpeg"}],"twitter_card":"summary_large_image","twitter_misc":{"Geschatte leestijd":"1 minuut"},"schema":{"@context":"https:\/\/schema.org","@graph":[{"@type":"WebPage","@id":"https:\/\/www.campinglesbastets.com\/nl\/omgeving\/routes-des-vins-drome\/","url":"https:\/\/www.campinglesbastets.com\/nl\/omgeving\/routes-des-vins-drome\/","name":"Wijnroute van de Dr\u00f4me: Ontdek de uitzonderlijke wijngaarden en terroirs","isPartOf":{"@id":"https:\/\/www.campinglesbastets.com\/nl\/#website"},"primaryImageOfPage":{"@id":"https:\/\/www.campinglesbastets.com\/nl\/omgeving\/routes-des-vins-drome\/#primaryimage"},"image":{"@id":"https:\/\/www.campinglesbastets.com\/nl\/omgeving\/routes-des-vins-drome\/#primaryimage"},"thumbnailUrl":"https:\/\/www.campinglesbastets.com\/wp-content\/uploads\/2025\/01\/route-vins-drome.jpg","datePublished":"2025-01-31T13:09:49+00:00","dateModified":"2025-03-12T09:43:51+00:00","description":"Ontdek de Wijnroute van de Dr\u00f4me: een reis door het hart van de wijngaarden van de Dr\u00f4me. Proef uitzonderlijke wijnen, van Hermitage tot Ch\u00e2teauneuf-du-Pape!","breadcrumb":{"@id":"https:\/\/www.campinglesbastets.com\/nl\/omgeving\/routes-des-vins-drome\/#breadcrumb"},"inLanguage":"nl-NL","potentialAction":[{"@type":"ReadAction","target":["https:\/\/www.campinglesbastets.com\/nl\/omgeving\/routes-des-vins-drome\/"]}]},{"@type":"ImageObject","inLanguage":"nl-NL","@id":"https:\/\/www.campinglesbastets.com\/nl\/omgeving\/routes-des-vins-drome\/#primaryimage","url":"https:\/\/www.campinglesbastets.com\/wp-content\/uploads\/2025\/01\/route-vins-drome.jpg","contentUrl":"https:\/\/www.campinglesbastets.com\/wp-content\/uploads\/2025\/01\/route-vins-drome.jpg","width":1480,"height":680,"caption":"La route des vins en Dr\u00f4me"},{"@type":"BreadcrumbList","@id":"https:\/\/www.campinglesbastets.com\/nl\/omgeving\/routes-des-vins-drome\/#breadcrumb","itemListElement":[{"@type":"ListItem","position":1,"name":"Camping Dr\u00f4me","item":"https:\/\/www.campinglesbastets.com\/nl\/"},{"@type":"ListItem","position":2,"name":"TOERISME IN DE DR\u00d4ME PROVEN\u00c7ALE","item":"https:\/\/www.campinglesbastets.com\/nl\/omgeving\/"},{"@type":"ListItem","position":3,"name":"Ontdek de wijnroute in de Dr\u00f4me"}]},{"@type":"WebSite","@id":"https:\/\/www.campinglesbastets.com\/nl\/#website","url":"https:\/\/www.campinglesbastets.com\/nl\/","name":"Camping Les Bastets","description":"","publisher":{"@id":"https:\/\/www.campinglesbastets.com\/nl\/#organization"},"potentialAction":[{"@type":"SearchAction","target":{"@type":"EntryPoint","urlTemplate":"https:\/\/www.campinglesbastets.com\/nl\/?s={search_term_string}"},"query-input":{"@type":"PropertyValueSpecification","valueRequired":true,"valueName":"search_term_string"}}],"inLanguage":"nl-NL"},{"@type":"Organization","@id":"https:\/\/www.campinglesbastets.com\/nl\/#organization","name":"Camping Les Bastets","url":"https:\/\/www.campinglesbastets.com\/nl\/","logo":{"@type":"ImageObject","inLanguage":"nl-NL","@id":"https:\/\/www.campinglesbastets.com\/nl\/#\/schema\/logo\/image\/","url":"https:\/\/www.campinglesbastets.com\/wp-content\/uploads\/2022\/02\/favicon-1.png","contentUrl":"https:\/\/www.campinglesbastets.com\/wp-content\/uploads\/2022\/02\/favicon-1.png","width":1423,"height":1423,"caption":"Camping Les Bastets"},"image":{"@id":"https:\/\/www.campinglesbastets.com\/nl\/#\/schema\/logo\/image\/"}}]}},"_links":{"self":[{"href":"https:\/\/www.campinglesbastets.com\/nl\/wp-json\/wp\/v2\/pages\/15042","targetHints":{"allow":["GET"]}}],"collection":[{"href":"https:\/\/www.campinglesbastets.com\/nl\/wp-json\/wp\/v2\/pages"}],"about":[{"href":"https:\/\/www.campinglesbastets.com\/nl\/wp-json\/wp\/v2\/types\/page"}],"author":[{"embeddable":true,"href":"https:\/\/www.campinglesbastets.com\/nl\/wp-json\/wp\/v2\/users\/2"}],"replies":[{"embeddable":true,"href":"https:\/\/www.campinglesbastets.com\/nl\/wp-json\/wp\/v2\/comments?post=15042"}],"version-history":[{"count":4,"href":"https:\/\/www.campinglesbastets.com\/nl\/wp-json\/wp\/v2\/pages\/15042\/revisions"}],"predecessor-version":[{"id":15219,"href":"https:\/\/www.campinglesbastets.com\/nl\/wp-json\/wp\/v2\/pages\/15042\/revisions\/15219"}],"up":[{"embeddable":true,"href":"https:\/\/www.campinglesbastets.com\/nl\/wp-json\/wp\/v2\/pages\/9700"}],"wp:featuredmedia":[{"embeddable":true,"href":"https:\/\/www.campinglesbastets.com\/nl\/wp-json\/wp\/v2\/media\/15021"}],"wp:attachment":[{"href":"https:\/\/www.campinglesbastets.com\/nl\/wp-json\/wp\/v2\/media?parent=15042"}],"curies":[{"name":"wp","href":"https:\/\/api.w.org\/{rel}","templated":true}]}}