{"id":14892,"date":"2024-07-24T14:09:35","date_gmt":"2024-07-24T12:09:35","guid":{"rendered":"https:\/\/www.campinglesbastets.com\/camping-derniere-minute-drome\/"},"modified":"2024-12-17T09:37:01","modified_gmt":"2024-12-17T08:37:01","slug":"last-minute-camping-in-zuid-frankrijk","status":"publish","type":"page","link":"https:\/\/www.campinglesbastets.com\/nl\/last-minute-camping-in-zuid-frankrijk\/","title":{"rendered":"Camping derni\u00e8re minute Dr\u00f4me"},"content":{"rendered":"<section id=\"section-6511a89101ff2\"\" class=\"section home-first bg-white p-t-0\" \/><div class=\"container extralarge\"><h1 class=\"element section-title center m-b-10 m-t-10\">Last minute camping in Zuid Frankrijk<\/h1><div class=\"element bloc-text center \">\n\t<p>Heeft u dit jaar uw vakantie in Frankrijk niet van tevoren kunnen reserveren om persoonlijke of professionele redenen? Geen zorgen: onze <a href=\"https:\/\/www.campinglesbastets.com\/nl\/\">4-sterren camping in de Dr\u00f4me<\/a> in Zuid Frankrijk past zich aan <strong>last-minute reserveringen<\/strong> aan!<\/p>\n<p>Zelfs bij een <strong>last-minute reservering<\/strong> kunt u profiteren van het comfort, de kwaliteit en de vele andere voordelen van ons <strong>4-sterren camping in de Dr\u00f4me<\/strong>. Bekijk direct onze prijs en verblijfsopties, zoals stacaravans, en geniet van faciliteiten zoals een zwembad. Honden zijn toegestaan, zodat u een ontspannen<strong> last minute camping vakantie in Zuid Frankrijk<\/strong> kunt hebben.<\/p>\n<\/div><div class=\"colonnes-wrap valign-middle \"><div class=\"element colonne w-60\"><div class=\"element fancybox-container\"><a class=\"fancybox\" href=\"https:\/\/www.campinglesbastets.com\/wp-content\/uploads\/2022\/03\/camping-carte-acsi.jpg\"><img decoding=\"async\" src=\"https:\/\/www.campinglesbastets.com\/wp-content\/uploads\/2022\/03\/camping-carte-acsi.jpg\" data-src=\"https:\/\/www.campinglesbastets.com\/wp-content\/uploads\/2022\/03\/camping-carte-acsi.jpg\" alt=\"camping carte acsi\" class=\"images_image\" \/><\/a><\/div><\/div><div class=\"element colonne w-40\"><h2 class=\"element section-title left\">Een flexibele last-minute camping<\/h2><div class=\"element bloc-text justify \">\n\t<p>Heeft u behoefte aan een stressvrije vakantie? Kies dan voor ons <strong>last minute camping in Zuid Frankrijk<\/strong>! Ons<strong> 4-sterren camping in de regio Auvergne-Rh\u00f4ne-Alpes <\/strong>biedt u rust en totale flexibiliteit: aankomst en vertrek elke dag, zelfs midden in de zomer.<\/p>\n<p>Deze aanbieding, inbegrepen in de prijs van uw verblijf, stelt u in staat files en wachtrijen bij de receptie te vermijden. Geniet ten volle van uw <strong>last-minute campingvakantie in Zuid Frankrijk <\/strong>zonder beperkingen, dankzij ons <strong>4-sterren camping in de Dr\u00f4me<\/strong>!<\/p>\n<\/div><\/div><\/div><\/div><\/section>\n\n<section id=\"section-6511a8910225a\"\" class=\"section text-image-right  bg-color3\" \/><div class=\"container extralarge\"><div class=\"colonnes-wrap valign-middle \"><div class=\"element colonne w-40\"><h2 class=\"element section-title left\">Een comfortabel en kwalitatief last minute camping vakantie<\/h2><div class=\"element bloc-text justify \">\n\t<p><strong>Last-minute camping in Zuid Frankrijk<\/strong> betekent niet dat u moet inleveren op comfort! Helemaal niet, want ons<strong> 4-sterren camping<\/strong> in de Dr\u00f4me biedt u kwalitatieve <a href=\"https:\/\/www.campinglesbastets.com\/nl\/accommodaties\/\">accommodaties<\/a>.<\/p>\n<p>Kies tussen een stacaravan en een chalet, of zelfs tussen een unieke accommodatie en een campingplaats op onze <strong>last minute camping in Zuid Frankrijk<\/strong>.<\/p>\n<p>Als u van comfort houdt, ook tijdens uw <strong>vakantie in Zuid Frankrijk<\/strong>, heeft u twee mogelijkheden: de <strong>stacaravan<\/strong> of het <strong>chalet<\/strong>. Beide accommodaties bieden volledige voorzieningen (slaapkamers, badkamer, volledig uitgeruste keuken, eetruimte en woonkamer, overdekt terras met uitzicht op het park). Het chalet biedt nog meer comfort dankzij een groter oppervlak en een <strong>charmantere uitstraling<\/strong>. Een ander voordeel van deze accommodatie: het is uitgerust met een<strong> priv\u00e9 jacuzzi op het terras<\/strong>.<\/p>\n<p>Droomt u van totale ontkoppeling in de natuur tijdens uw <strong>last minute camping verblijf in Zuid Frankrijk<\/strong>? Reserveer <a href=\"https:\/\/www.campinglesbastets.com\/nl\/standplaatsen-camping\/\">staanplaatsen<\/a> op onze<strong> 4-sterren camping in de Dr\u00f4me<\/strong>! U verblijft op een groen perceel, omringd door natuur, nabij sanitairblokken en aangesloten op 10A elektriciteit. <strong>Zwembad<\/strong> en honden zijn toegestaan, zodat iedereen kan genieten van een<strong> ontspannen vakantie<\/strong>.<\/p>\n<p>Tot slot, een andere verhuuroptie op ons <strong>last minute camping in Zuid Frankrijk<\/strong>: unieke accommodaties. Wij bieden <strong>tentlodges<\/strong> aan die kinderen zeker zullen bekoren vanwege hun avontuurlijke karakter!<\/p>\n<p>Bekijk direct onze <strong>prijs<\/strong>&#8211; en verblijfopties en reserveer vandaag nog uw<strong> last minute vakantie op onze camping in Zuid Frankrijk<\/strong>! In onze kwalitatieve accommodaties zijn uw nachten rustig en bevindt u zich in <strong>optimale omstandigheden<\/strong> om de Dr\u00f4me, de Ard\u00e8che en de prachtige regio Auvergne-Rh\u00f4ne-Alpes te ontdekken!<\/p>\n<\/div><\/div><div class=\"element colonne w-60 grenouille\"><div class=\"element fancybox-container\"><a class=\"fancybox\" href=\"https:\/\/www.campinglesbastets.com\/wp-content\/uploads\/2022\/02\/pict_4_1.jpg\"><img decoding=\"async\" src=\"https:\/\/www.campinglesbastets.com\/wp-content\/uploads\/2022\/02\/pict_4_1.jpg\" data-src=\"https:\/\/www.campinglesbastets.com\/wp-content\/uploads\/2022\/02\/pict_4_1.jpg\" alt=\"location mobil home dieulefit\" class=\"images_image\" \/><\/a><\/div><\/div><\/div><\/div><\/section>\n\n<section id=\"section-6511a8910255a\"\" class=\"section page-third  text-image-left bg-white\" \/><div class=\"container extralarge\"><div class=\"colonnes-wrap valign-middle \"><div class=\"element colonne w-60 bouee\"><div class=\"element fancybox-container\"><a class=\"fancybox\" href=\"https:\/\/www.campinglesbastets.com\/wp-content\/uploads\/2022\/04\/camping-piscine-drome-2.jpg\"><img decoding=\"async\" src=\"https:\/\/www.campinglesbastets.com\/wp-content\/uploads\/2022\/04\/camping-piscine-drome-2.jpg\" data-src=\"https:\/\/www.campinglesbastets.com\/wp-content\/uploads\/2022\/04\/camping-piscine-drome-2.jpg\" alt=\"camping piscine drome\" class=\"images_image\" \/><\/a><\/div><\/div><div class=\"element colonne w-60\"><h2 class=\"element section-title left\">Verwarmd zwembad op onze last minute camping in Zuid Frankrijk<\/h2><div class=\"element bloc-text justify \">\n\t<p>Liefhebbers van water zullen verheugd zijn te horen dat ons<strong> last minute camping in Zuid Frankrijk <\/strong>een mooi <a href=\"https:\/\/www.campinglesbastets.com\/nl\/zwembad-drome\/\">verwarmd zwembad<\/a> heeft. Maar in tegenstelling tot de zwembaden die u gewoonlijk in campings vindt, biedt ons <strong>zwembad<\/strong> een adembenemend <strong>uitzicht op de landschappen van de Dr\u00f4me<\/strong>. U kunt zo borstcrawl of schoolslag zwemmen terwijl u geniet van de<strong> heuvels en bergen<\/strong>.<\/p>\n<p>Een uitzicht dat u ook kunt waarderen vanaf ons<strong> terras aan het zwembad<\/strong>, waar ligstoelen op u wachten.<\/p>\n<p>Uw kinderen zullen onmiddellijk dol zijn op dit <strong>zwembad<\/strong>, waar ze spelletjes en <strong>wateractiviteiten<\/strong> kunnen doen met hun vakantievriendjes.<\/p>\n<p>Bekijk direct onze <strong>prijs<\/strong>&#8211; en <strong>verblijfopties<\/strong> en reserveer uw vakantie bij ons<strong> last minute camping in Zuid Frankrijk<\/strong> voor een onvergetelijke ervaring!<\/p>\n<\/div><\/div><\/div><\/div><\/section>\n\n<section id=\"section-6511a8910275a\"\" class=\"section bg-white\" \/><div class=\"container extralarge\"><div class=\"colonnes-wrap valign-middle \"><div class=\"element colonne w-40\"><h2 class=\"element section-title left\">De voordelen van een last-minute camping vakantie in Zuid Frankrijk<\/h2><div class=\"element bloc-text justify \">\n\t<p>Kiezen voor een<strong> last-minute verblijf <\/strong>op onze <strong>camping in Zuid Frankrijk<\/strong> biedt verschillende voordelen.<\/p>\n<p>Ten eerste zorgt het voor een betere zichtbaarheid op uw planning. Door onze <strong>last-minute camping in Zuid Frankrijk<\/strong> te reserveren, kunt u uw vakantiedata aanpassen aan onvoorziene professionele en persoonlijke verplichtingen, waardoor u <strong>stressvrij<\/strong> vertrekt. Ten tweede is een nauwkeuriger overzicht van de weersomstandigheden mogelijk. Doordat de weersvoorspellingen op korte termijn betrouwbaarder zijn, kunt u een zonnige periode kiezen voor uw <strong>last minute camping vakantie in Zuid Frankrijk<\/strong>. Dit garandeert een aangenaam verblijf met familie of vrienden zonder nare klimaatschommelingen!<\/p>\n<p>Tot slot zijn de prijsaanbiedingen vaak voordeliger bij <strong>last-minute reserveringen<\/strong>. Veel campings in Frankrijk, zoals onze 4-sterren camping in Zuid Frankrijk, bieden <strong>last-minute kortingen<\/strong> om hun vrije plaatsen te vullen, wat vakantiegangers in staat stelt aantrekkelijke besparingen te realiseren. Dit is vooral het geval bij ons speciale <strong>last-minute camping in Frankrijk<\/strong>!<\/p>\n<p>Bekijk direct onze beschikbare accommodaties en reserveer uw verblijf op onze <strong>last-minute camping in Frankrijk<\/strong>. Profiteer van aantrekkelijke prijzen en geniet van een ontspannen vakantie met alle comfort die ons<strong> 4-sterren camping <\/strong>te bieden heeft. Wacht niet langer, boek vandaag nog en beleef een onvergetelijke tijd!<\/p>\n<\/div><\/div><div class=\"element colonne w-60\"><div class=\"element fancybox-container\"><a class=\"fancybox\" href=\"https:\/\/www.campinglesbastets.com\/wp-content\/uploads\/2022\/03\/camping-club-enfants-1.jpg\"><img decoding=\"async\" src=\"https:\/\/www.campinglesbastets.com\/wp-content\/uploads\/2022\/03\/camping-club-enfants-1.jpg\" data-src=\"https:\/\/www.campinglesbastets.com\/wp-content\/uploads\/2022\/03\/camping-club-enfants-1.jpg\" alt=\"camping club enfants\" class=\"images_image\" \/><\/a><\/div><\/div><\/div><\/div><\/section>","protected":false},"excerpt":{"rendered":"","protected":false},"author":2,"featured_media":14082,"parent":0,"menu_order":0,"comment_status":"closed","ping_status":"closed","template":"","meta":{"_acf_changed":false,"footnotes":""},"class_list":["post-14892","page","type-page","status-publish","has-post-thumbnail","hentry"],"acf":[],"yoast_head":"<!-- This site is optimized with the Yoast SEO plugin v25.3 - https:\/\/yoast.com\/wordpress\/plugins\/seo\/ -->\n<title>Last-minute camping in Zuid-Frankrijk: 4-sterren vakantie op het laatste moment!<\/title>\n<meta name=\"description\" content=\"Boek uw last-minute camping in Zuid-Frankrijk! Geniet van een onvergetelijk verblijf met zwembad, stacaravan en adembenemende uitzichten. Een 4-sterren vakantie wacht op u!\" \/>\n<meta name=\"robots\" content=\"index, follow, max-snippet:-1, max-image-preview:large, max-video-preview:-1\" \/>\n<link rel=\"canonical\" href=\"https:\/\/www.campinglesbastets.com\/nl\/last-minute-camping-in-zuid-frankrijk\/\" \/>\n<meta property=\"og:locale\" content=\"nl_NL\" \/>\n<meta property=\"og:type\" content=\"article\" \/>\n<meta property=\"og:title\" content=\"Last-minute camping in Zuid-Frankrijk: 4-sterren vakantie op het laatste moment!\" \/>\n<meta property=\"og:description\" content=\"Boek uw last-minute camping in Zuid-Frankrijk! Geniet van een onvergetelijk verblijf met zwembad, stacaravan en adembenemende uitzichten. Een 4-sterren vakantie wacht op u!\" \/>\n<meta property=\"og:url\" content=\"https:\/\/www.campinglesbastets.com\/nl\/last-minute-camping-in-zuid-frankrijk\/\" \/>\n<meta property=\"og:site_name\" content=\"Camping Les Bastets\" \/>\n<meta property=\"article:modified_time\" content=\"2024-12-17T08:37:01+00:00\" \/>\n<meta property=\"og:image\" content=\"https:\/\/www.campinglesbastets.com\/wp-content\/uploads\/2024\/07\/camping-drome-derniere-minute.jpg\" \/>\n\t<meta property=\"og:image:width\" content=\"1452\" \/>\n\t<meta property=\"og:image:height\" content=\"627\" \/>\n\t<meta property=\"og:image:type\" content=\"image\/jpeg\" \/>\n<meta name=\"twitter:card\" content=\"summary_large_image\" \/>\n<meta name=\"twitter:label1\" content=\"Geschatte leestijd\" \/>\n\t<meta name=\"twitter:data1\" content=\"1 minuut\" \/>\n<script type=\"application\/ld+json\" class=\"yoast-schema-graph\">{\"@context\":\"https:\/\/schema.org\",\"@graph\":[{\"@type\":\"WebPage\",\"@id\":\"https:\/\/www.campinglesbastets.com\/nl\/last-minute-camping-in-zuid-frankrijk\/\",\"url\":\"https:\/\/www.campinglesbastets.com\/nl\/last-minute-camping-in-zuid-frankrijk\/\",\"name\":\"Last-minute camping in Zuid-Frankrijk: 4-sterren vakantie op het laatste moment!\",\"isPartOf\":{\"@id\":\"https:\/\/www.campinglesbastets.com\/nl\/#website\"},\"primaryImageOfPage\":{\"@id\":\"https:\/\/www.campinglesbastets.com\/nl\/last-minute-camping-in-zuid-frankrijk\/#primaryimage\"},\"image\":{\"@id\":\"https:\/\/www.campinglesbastets.com\/nl\/last-minute-camping-in-zuid-frankrijk\/#primaryimage\"},\"thumbnailUrl\":\"https:\/\/www.campinglesbastets.com\/wp-content\/uploads\/2024\/07\/camping-drome-derniere-minute.jpg\",\"datePublished\":\"2024-07-24T12:09:35+00:00\",\"dateModified\":\"2024-12-17T08:37:01+00:00\",\"description\":\"Boek uw last-minute camping in Zuid-Frankrijk! Geniet van een onvergetelijk verblijf met zwembad, stacaravan en adembenemende uitzichten. Een 4-sterren vakantie wacht op u!\",\"breadcrumb\":{\"@id\":\"https:\/\/www.campinglesbastets.com\/nl\/last-minute-camping-in-zuid-frankrijk\/#breadcrumb\"},\"inLanguage\":\"nl-NL\",\"potentialAction\":[{\"@type\":\"ReadAction\",\"target\":[\"https:\/\/www.campinglesbastets.com\/nl\/last-minute-camping-in-zuid-frankrijk\/\"]}]},{\"@type\":\"ImageObject\",\"inLanguage\":\"nl-NL\",\"@id\":\"https:\/\/www.campinglesbastets.com\/nl\/last-minute-camping-in-zuid-frankrijk\/#primaryimage\",\"url\":\"https:\/\/www.campinglesbastets.com\/wp-content\/uploads\/2024\/07\/camping-drome-derniere-minute.jpg\",\"contentUrl\":\"https:\/\/www.campinglesbastets.com\/wp-content\/uploads\/2024\/07\/camping-drome-derniere-minute.jpg\",\"width\":1452,\"height\":627,\"caption\":\"R\u00e9servez votre camping dans la Dr\u00f4me \u00e0 la derni\u00e8re minute\"},{\"@type\":\"BreadcrumbList\",\"@id\":\"https:\/\/www.campinglesbastets.com\/nl\/last-minute-camping-in-zuid-frankrijk\/#breadcrumb\",\"itemListElement\":[{\"@type\":\"ListItem\",\"position\":1,\"name\":\"Camping Dr\u00f4me\",\"item\":\"https:\/\/www.campinglesbastets.com\/nl\/\"},{\"@type\":\"ListItem\",\"position\":2,\"name\":\"Last-minute camping in Zuid-Frankrijk\"}]},{\"@type\":\"WebSite\",\"@id\":\"https:\/\/www.campinglesbastets.com\/nl\/#website\",\"url\":\"https:\/\/www.campinglesbastets.com\/nl\/\",\"name\":\"Camping Les Bastets\",\"description\":\"\",\"publisher\":{\"@id\":\"https:\/\/www.campinglesbastets.com\/nl\/#organization\"},\"potentialAction\":[{\"@type\":\"SearchAction\",\"target\":{\"@type\":\"EntryPoint\",\"urlTemplate\":\"https:\/\/www.campinglesbastets.com\/nl\/?s={search_term_string}\"},\"query-input\":{\"@type\":\"PropertyValueSpecification\",\"valueRequired\":true,\"valueName\":\"search_term_string\"}}],\"inLanguage\":\"nl-NL\"},{\"@type\":\"Organization\",\"@id\":\"https:\/\/www.campinglesbastets.com\/nl\/#organization\",\"name\":\"Camping Les Bastets\",\"url\":\"https:\/\/www.campinglesbastets.com\/nl\/\",\"logo\":{\"@type\":\"ImageObject\",\"inLanguage\":\"nl-NL\",\"@id\":\"https:\/\/www.campinglesbastets.com\/nl\/#\/schema\/logo\/image\/\",\"url\":\"https:\/\/www.campinglesbastets.com\/wp-content\/uploads\/2022\/02\/favicon-1.png\",\"contentUrl\":\"https:\/\/www.campinglesbastets.com\/wp-content\/uploads\/2022\/02\/favicon-1.png\",\"width\":1423,\"height\":1423,\"caption\":\"Camping Les Bastets\"},\"image\":{\"@id\":\"https:\/\/www.campinglesbastets.com\/nl\/#\/schema\/logo\/image\/\"}}]}<\/script>\n<!-- \/ Yoast SEO plugin. -->","yoast_head_json":{"title":"Last-minute camping in Zuid-Frankrijk: 4-sterren vakantie op het laatste moment!","description":"Boek uw last-minute camping in Zuid-Frankrijk! Geniet van een onvergetelijk verblijf met zwembad, stacaravan en adembenemende uitzichten. Een 4-sterren vakantie wacht op u!","robots":{"index":"index","follow":"follow","max-snippet":"max-snippet:-1","max-image-preview":"max-image-preview:large","max-video-preview":"max-video-preview:-1"},"canonical":"https:\/\/www.campinglesbastets.com\/nl\/last-minute-camping-in-zuid-frankrijk\/","og_locale":"nl_NL","og_type":"article","og_title":"Last-minute camping in Zuid-Frankrijk: 4-sterren vakantie op het laatste moment!","og_description":"Boek uw last-minute camping in Zuid-Frankrijk! Geniet van een onvergetelijk verblijf met zwembad, stacaravan en adembenemende uitzichten. Een 4-sterren vakantie wacht op u!","og_url":"https:\/\/www.campinglesbastets.com\/nl\/last-minute-camping-in-zuid-frankrijk\/","og_site_name":"Camping Les Bastets","article_modified_time":"2024-12-17T08:37:01+00:00","og_image":[{"width":1452,"height":627,"url":"https:\/\/www.campinglesbastets.com\/wp-content\/uploads\/2024\/07\/camping-drome-derniere-minute.jpg","type":"image\/jpeg"}],"twitter_card":"summary_large_image","twitter_misc":{"Geschatte leestijd":"1 minuut"},"schema":{"@context":"https:\/\/schema.org","@graph":[{"@type":"WebPage","@id":"https:\/\/www.campinglesbastets.com\/nl\/last-minute-camping-in-zuid-frankrijk\/","url":"https:\/\/www.campinglesbastets.com\/nl\/last-minute-camping-in-zuid-frankrijk\/","name":"Last-minute camping in Zuid-Frankrijk: 4-sterren vakantie op het laatste moment!","isPartOf":{"@id":"https:\/\/www.campinglesbastets.com\/nl\/#website"},"primaryImageOfPage":{"@id":"https:\/\/www.campinglesbastets.com\/nl\/last-minute-camping-in-zuid-frankrijk\/#primaryimage"},"image":{"@id":"https:\/\/www.campinglesbastets.com\/nl\/last-minute-camping-in-zuid-frankrijk\/#primaryimage"},"thumbnailUrl":"https:\/\/www.campinglesbastets.com\/wp-content\/uploads\/2024\/07\/camping-drome-derniere-minute.jpg","datePublished":"2024-07-24T12:09:35+00:00","dateModified":"2024-12-17T08:37:01+00:00","description":"Boek uw last-minute camping in Zuid-Frankrijk! Geniet van een onvergetelijk verblijf met zwembad, stacaravan en adembenemende uitzichten. Een 4-sterren vakantie wacht op u!","breadcrumb":{"@id":"https:\/\/www.campinglesbastets.com\/nl\/last-minute-camping-in-zuid-frankrijk\/#breadcrumb"},"inLanguage":"nl-NL","potentialAction":[{"@type":"ReadAction","target":["https:\/\/www.campinglesbastets.com\/nl\/last-minute-camping-in-zuid-frankrijk\/"]}]},{"@type":"ImageObject","inLanguage":"nl-NL","@id":"https:\/\/www.campinglesbastets.com\/nl\/last-minute-camping-in-zuid-frankrijk\/#primaryimage","url":"https:\/\/www.campinglesbastets.com\/wp-content\/uploads\/2024\/07\/camping-drome-derniere-minute.jpg","contentUrl":"https:\/\/www.campinglesbastets.com\/wp-content\/uploads\/2024\/07\/camping-drome-derniere-minute.jpg","width":1452,"height":627,"caption":"R\u00e9servez votre camping dans la Dr\u00f4me \u00e0 la derni\u00e8re minute"},{"@type":"BreadcrumbList","@id":"https:\/\/www.campinglesbastets.com\/nl\/last-minute-camping-in-zuid-frankrijk\/#breadcrumb","itemListElement":[{"@type":"ListItem","position":1,"name":"Camping Dr\u00f4me","item":"https:\/\/www.campinglesbastets.com\/nl\/"},{"@type":"ListItem","position":2,"name":"Last-minute camping in Zuid-Frankrijk"}]},{"@type":"WebSite","@id":"https:\/\/www.campinglesbastets.com\/nl\/#website","url":"https:\/\/www.campinglesbastets.com\/nl\/","name":"Camping Les Bastets","description":"","publisher":{"@id":"https:\/\/www.campinglesbastets.com\/nl\/#organization"},"potentialAction":[{"@type":"SearchAction","target":{"@type":"EntryPoint","urlTemplate":"https:\/\/www.campinglesbastets.com\/nl\/?s={search_term_string}"},"query-input":{"@type":"PropertyValueSpecification","valueRequired":true,"valueName":"search_term_string"}}],"inLanguage":"nl-NL"},{"@type":"Organization","@id":"https:\/\/www.campinglesbastets.com\/nl\/#organization","name":"Camping Les Bastets","url":"https:\/\/www.campinglesbastets.com\/nl\/","logo":{"@type":"ImageObject","inLanguage":"nl-NL","@id":"https:\/\/www.campinglesbastets.com\/nl\/#\/schema\/logo\/image\/","url":"https:\/\/www.campinglesbastets.com\/wp-content\/uploads\/2022\/02\/favicon-1.png","contentUrl":"https:\/\/www.campinglesbastets.com\/wp-content\/uploads\/2022\/02\/favicon-1.png","width":1423,"height":1423,"caption":"Camping Les Bastets"},"image":{"@id":"https:\/\/www.campinglesbastets.com\/nl\/#\/schema\/logo\/image\/"}}]}},"_links":{"self":[{"href":"https:\/\/www.campinglesbastets.com\/nl\/wp-json\/wp\/v2\/pages\/14892","targetHints":{"allow":["GET"]}}],"collection":[{"href":"https:\/\/www.campinglesbastets.com\/nl\/wp-json\/wp\/v2\/pages"}],"about":[{"href":"https:\/\/www.campinglesbastets.com\/nl\/wp-json\/wp\/v2\/types\/page"}],"author":[{"embeddable":true,"href":"https:\/\/www.campinglesbastets.com\/nl\/wp-json\/wp\/v2\/users\/2"}],"replies":[{"embeddable":true,"href":"https:\/\/www.campinglesbastets.com\/nl\/wp-json\/wp\/v2\/comments?post=14892"}],"version-history":[{"count":2,"href":"https:\/\/www.campinglesbastets.com\/nl\/wp-json\/wp\/v2\/pages\/14892\/revisions"}],"predecessor-version":[{"id":14896,"href":"https:\/\/www.campinglesbastets.com\/nl\/wp-json\/wp\/v2\/pages\/14892\/revisions\/14896"}],"wp:featuredmedia":[{"embeddable":true,"href":"https:\/\/www.campinglesbastets.com\/nl\/wp-json\/wp\/v2\/media\/14082"}],"wp:attachment":[{"href":"https:\/\/www.campinglesbastets.com\/nl\/wp-json\/wp\/v2\/media?parent=14892"}],"curies":[{"name":"wp","href":"https:\/\/api.w.org\/{rel}","templated":true}]}}