{"id":14589,"date":"2024-11-14T14:14:08","date_gmt":"2024-11-14T13:14:08","guid":{"rendered":"https:\/\/www.campinglesbastets.com\/?page_id=14589"},"modified":"2025-03-12T10:44:50","modified_gmt":"2025-03-12T09:44:50","slug":"top-5-des-evenements-en-ete-en-drome-provencale","status":"publish","type":"page","link":"https:\/\/www.campinglesbastets.com\/nl\/omgeving\/top-5-des-evenements-en-ete-en-drome-provencale\/","title":{"rendered":"op 5 Onmisbare Evenementen voor Uw Zomer in de Dr\u00f4me Proven\u00e7ale"},"content":{"rendered":"<section id=\"section-622a165256720\"\" class=\"section bg-white p-b-0\" \/><div class=\"container extralarge\"><h1 class=\"element section-title center\">op 5 Onmisbare Evenementen voor Uw Zomer in de Dr\u00f4me Proven\u00e7ale<\/h1><div class=\"element bloc-text left \">\n\t<p>In het hart van de geurige heuvels en de pittoreske dorpen van de Dr\u00f4me Proven\u00e7ale, ontvouwt de zomer zich als een <strong>levendig en boeiend seizoen<\/strong>. Vergeet het vaststaande beeld van ansichtkaarten en bereid je voor om je onder te dompelen in een <strong>reeks unieke ervaringen<\/strong> die je vakantie tot leven brengen. Of je nu een <strong>liefhebber van spanning<\/strong>, een <strong>cultuurliefhebber<\/strong> of gewoon op zoek bent naar <strong>gezellige momenten<\/strong>\u2014ontdek onze exclusieve selectie van de <strong>top 5 evenementen<\/strong> die van je zomer in de Dr\u00f4me een onvergetelijke reis maken. Van sterrennachten tot straattheater, elke dag nodigt je uit om te dromen en te ontsnappen in een regio waar de tijd lijkt stil te staan om de Proven\u00e7aalse levenskunst te vieren.<\/p>\n<h2><strong>De Nachtfeesten op het Kasteel van Grignan<\/strong><\/h2>\n<p>Stel je een <strong>Renaissanceslot<\/strong> voor dat met grandeur oprijst te midden van lavendelvelden, waar onder de sterren een <strong>theaterfestival<\/strong> plaatsvindt. Deze magie voltrekt zich in het Kasteel van Grignan, dat in de zomer een rijk programma biedt. De <strong>Nachtfeesten<\/strong> trekken bezoekers en cultuurliefhebbers aan met uitzonderlijke voorstellingen. Dit evenement combineert een <strong>lange traditie van erfgoed en toneelkunst<\/strong> om onvergetelijke avonden te cre\u00ebren.<br \/>\nDe Erezaal van het kasteel wordt een <strong>openluchttheater<\/strong>, waar de woorden van Marivaux of Moli\u00e8re tot leven komen in innovatieve en meeslepende opvoeringen. <strong>Dagelijkse rondleidingen en nachtelijke voorstellingen<\/strong> volgen elkaar op, zodat bezoekers ten volle kunnen genieten van de pracht van de locatie en de charme van een <strong>zomer in de Dr\u00f4me<\/strong> kunnen ervaren.<\/p>\n<p>Elk jaar varieert het programma met nieuwe thema&#8217;s en interpretaties. De <strong>toegangsprijzen zijn toegankelijk<\/strong> en het is aanbevolen om <strong>van tevoren te reserveren<\/strong> om verzekerd te zijn van een plek. Als extra wordt vaak de mogelijkheid geboden om vooraf te <strong>picknicken in de tuinen<\/strong>, met een adembenemend uitzicht over de <strong>Dr\u00f4me Proven\u00e7ale<\/strong>.<\/p>\n<p><img loading=\"lazy\" decoding=\"async\" class=\"aligncenter size-full wp-image-14579\" src=\"https:\/\/www.campinglesbastets.com\/wp-content\/uploads\/2024\/11\/ete-drome.jpg\" alt=\"Zomer in de Dr\u00f4me Proven\u00e7ale\" width=\"1254\" height=\"400\" srcset=\"https:\/\/www.campinglesbastets.com\/wp-content\/uploads\/2024\/11\/ete-drome.jpg 1254w, https:\/\/www.campinglesbastets.com\/wp-content\/uploads\/2024\/11\/ete-drome-300x96.jpg 300w, https:\/\/www.campinglesbastets.com\/wp-content\/uploads\/2024\/11\/ete-drome-1024x327.jpg 1024w, https:\/\/www.campinglesbastets.com\/wp-content\/uploads\/2024\/11\/ete-drome-768x245.jpg 768w, https:\/\/www.campinglesbastets.com\/wp-content\/uploads\/2024\/11\/ete-drome-100x32.jpg 100w\" sizes=\"auto, (max-width: 1254px) 100vw, 1254px\" \/><\/p>\n<h2><strong>Het Sao\u00fb Chante Mozart Festival<\/strong><\/h2>\n<p>Tussen de Doux en de Rh\u00f4ne komt het kleine dorp <strong>Sao\u00fb<\/strong> elke zomer tot leven met het <strong>Sao\u00fb Chante Mozart Festival<\/strong>. Dit unieke festival is gewijd aan klassieke muziek, met een speciale focus op het werk van Wolfgang Amadeus Mozart. Het combineert de verkenning van het kostbare <strong>natuurlijke en culturele erfgoed van de regio<\/strong> met hoogwaardige muzikale uitvoeringen.<\/p>\n<ul>\n<li>Elk concert, gehouden in de <strong>dorpskerk of op het plein bij de iep<\/strong>, is een ode aan de akoestiek en de geschiedenis van de locatie.<\/li>\n<li>Er worden <strong>meesterklassen en intensieve workshops<\/strong> aangeboden voor muzikanten die hun vaardigheden willen verbeteren.<\/li>\n<li>De <strong>markt van Sao\u00fb<\/strong> voegt met zijn geuren en kleuren een gastronomische dimensie toe aan het evenement.<\/li>\n<\/ul>\n<p>De koelte van de bossen van Sao\u00fb biedt een <strong>idyllische omgeving en een toevluchtsoord voor melomanen<\/strong> die in de zomer in de Dr\u00f4me op zoek zijn naar rust. Overdag of &#8217;s avonds, de concerten beloven uitzonderlijke momenten en ontdekkingen, die het verblijf van elke bezoeker in de <strong>Dr\u00f4me<\/strong> verrijken.<\/p>\n<h2><strong>Het Picodon Festival in Sao\u00fb<\/strong><\/h2>\n<p>De Dr\u00f4me Proven\u00e7ale staat ook bekend om haar <strong>culinaire tradities<\/strong>, en de zomer zou niet compleet zijn zonder het beroemde <strong>Picodon Festival in Sao\u00fb<\/strong>. Deze <strong>AOP-geitenkaas<\/strong> wordt gevierd met <strong>culinaire activiteiten<\/strong>, <strong>proeverijen<\/strong> en ontmoetingen met lokale producenten. Rondleidingen door <strong>boerderijen<\/strong> waar Picodon wordt geproduceerd, onthullen de geheimen van de productie en benadrukken de rijkdom van het terroir van de Dr\u00f4me.<br \/>\nHet dorp Sao\u00fb vormt het decor voor een ware <strong>hulde aan de lokale gastronomie<\/strong>, met kraampjes met <strong>streekproducten<\/strong>, kookdemonstraties en de wedstrijd voor de beste Picodon. Dit is een hoogtepunt voor gezinnen en fijnproevers die de <strong>zomer in de Dr\u00f4me<\/strong> associ\u00ebren met authentieke smaken.<\/p>\n<p>De <strong>sfeer is feestelijk en gezellig<\/strong>, en de dag wordt vaak opgeluisterd met muziek en traditionele dansen. Delen en gezelligheid staan centraal in dit feest, dat een brug vormt tussen traditie en moderniteit in de Dr\u00f4me Proven\u00e7ale.<\/p>\n<h2><strong>Het Crest Jazz Festival<\/strong><\/h2>\n<p>Het <strong>Crest Jazz Festival<\/strong> trekt <strong>jazzliefhebbers<\/strong> uit alle hoeken naar de sfeervolle straatjes en pleinen van <strong>Crest<\/strong>. Dit <strong>belangrijke muziekevenement<\/strong>, dat meerdere dagen duurt, biedt een <strong>rijk en gevarieerd programma<\/strong> waarin traditionele jazz, muzikale vernieuwing en invloeden van over de hele wereld samenkomen.<br \/>\n<strong>Beroemde artiesten<\/strong> sieren het lokale podium met hun ge\u00efmproviseerde noten tijdens het festival. De stad <strong>Crest<\/strong>, met haar beroemde donjon, verandert in een <strong>reusachtig openluchttheater<\/strong> waar elke straathoek een nieuwe muzikale ontmoeting biedt voor een <strong>zomer in de Dr\u00f4me<\/strong> vol ontdekkingen en emoties.<\/p>\n<p>Unieke optredens worden afgewisseld met open jamsessies, workshops voor jonge muzikanten en lezingen. Het festival streeft naar een geest van openheid en delen, wat van Crest een dynamisch cultureel epicentrum maakt tijdens de <strong>zomer in de Dr\u00f4me<\/strong>.<\/p>\n<p><img loading=\"lazy\" decoding=\"async\" class=\"aligncenter size-full wp-image-14584\" src=\"https:\/\/www.campinglesbastets.com\/wp-content\/uploads\/2024\/11\/drome-provencale-ete.jpg\" alt=\"Ontdek de evenementen van de Dr\u00f4me Proven\u00e7ale in de zomer\" width=\"1254\" height=\"400\" srcset=\"https:\/\/www.campinglesbastets.com\/wp-content\/uploads\/2024\/11\/drome-provencale-ete.jpg 1254w, https:\/\/www.campinglesbastets.com\/wp-content\/uploads\/2024\/11\/drome-provencale-ete-300x96.jpg 300w, https:\/\/www.campinglesbastets.com\/wp-content\/uploads\/2024\/11\/drome-provencale-ete-1024x327.jpg 1024w, https:\/\/www.campinglesbastets.com\/wp-content\/uploads\/2024\/11\/drome-provencale-ete-768x245.jpg 768w, https:\/\/www.campinglesbastets.com\/wp-content\/uploads\/2024\/11\/drome-provencale-ete-100x32.jpg 100w\" sizes=\"auto, (max-width: 1254px) 100vw, 1254px\" \/><\/p>\n<h2><strong>Valence en Gastronomie<\/strong><\/h2>\n<p>De Dr\u00f4me is een waar paradijs voor fijnproevers en de stad <strong>Valence<\/strong> schittert tijdens haar festival gewijd aan de <strong>culinaire kunst<\/strong>. Deze <strong>ontmoeting van chef-koks en liefhebbers van lekker eten<\/strong> biedt de kans om heerlijke gerechten te proeven, bereid door topkoks die hun kennis en passie delen.<br \/>\n<strong>Culinaire demonstraties<\/strong>, <strong>praktische workshops<\/strong> en <strong>markten met lokale producenten<\/strong> maken van dit festival een tempel voor de <strong>regionale gastronomie<\/strong>. Bezoekers kunnen genieten van lokale specialiteiten en leren hoe ze deze kunnen bereiden, wat hun <strong>zomer in de Dr\u00f4me<\/strong> verrijkt met een bouquet van smaken en kennis.<\/p>\n<p>In verband met het festival zijn er culinaire rondleidingen beschikbaar, waarmee men de sfeer van de markthallen en lokale markten kan opsnuiven en de geheimen van de Dr\u00f4me-gastronomie kan ontdekken. Voor wie deze ervaring wil verlengen, is een verblijf in onze <a href=\"https:\/\/www.campinglesbastets.com\/nl\/\">camping in de Dr\u00f4me Proven\u00e7ale<\/a> een uitstekende keuze, met faciliteiten en activiteiten die perfect aansluiten bij de regio.<\/p>\n<\/div><\/div><\/section>\n\n<section id=\"section-622a16525689c\"\" class=\"section bg-white\" \/><div class=\"container extralarge\"><div class=\"element section-title center h2-like\">Ontdek de Dr\u00f4me Proven\u00e7ale<\/div><ul class=\"liste-de-page\"><li class=\"element call-to-action carre call-to-action--style-1 call-to-action--big\"><a href=\"https:\/\/www.campinglesbastets.com\/nl\/omgeving\/lokale-producten\/\"  class=\"call-to-action_link\" title=\"En savoir plus sur landbouw\"><div class=\"call-to-action_image\"><img decoding=\"async\" src=\"https:\/\/www.campinglesbastets.com\/wp-content\/uploads\/2022\/08\/agriculture-drome.jpg\" data-src=\"https:\/\/www.campinglesbastets.com\/wp-content\/uploads\/2022\/08\/agriculture-drome.jpg\" alt=\"agriculture drome\" class=\"big\" \/><\/div><div class=\"call-to-action_contenu\"><div class=\"call-to-action_titre\">Landbouw<\/div><\/div><\/a><\/li><li class=\"element call-to-action carre call-to-action--style-1 call-to-action--big call-to-action--style-1 call-to-action--big\"><a href=\"https:\/\/www.campinglesbastets.com\/nl\/omgeving\/lavendel\/\"  class=\"call-to-action_link\" title=\"En savoir plus sur lavendel\"><div class=\"call-to-action_image\"><img decoding=\"async\" src=\"https:\/\/www.campinglesbastets.com\/wp-content\/uploads\/2022\/03\/lavande-dans-la-drome.jpg\" data-src=\"https:\/\/www.campinglesbastets.com\/wp-content\/uploads\/2022\/03\/lavande-dans-la-drome.jpg\" alt=\"lavande dans la drome\" class=\"big\" \/><\/div><div class=\"call-to-action_contenu\"><div class=\"call-to-action_titre\">Lavendel<\/div><\/div><\/a><\/li><li class=\"element call-to-action carre call-to-action--style-1 call-to-action--big call-to-action--style-1 call-to-action--big call-to-action--style-1 call-to-action--big\"><a href=\"https:\/\/www.campinglesbastets.com\/nl\/omgeving\/de-heuveldorpen\/\"  class=\"call-to-action_link\" title=\"En savoir plus sur de dorpen op de heuveltop\"><div class=\"call-to-action_image\"><img decoding=\"async\" src=\"https:\/\/www.campinglesbastets.com\/wp-content\/uploads\/2022\/03\/village-poet-laval.jpg\" data-src=\"https:\/\/www.campinglesbastets.com\/wp-content\/uploads\/2022\/03\/village-poet-laval.jpg\" alt=\"village poet laval\" class=\"big\" \/><\/div><div class=\"call-to-action_contenu\"><div class=\"call-to-action_titre\">De dorpen op de heuveltop<\/div><\/div><\/a><\/li><li class=\"element call-to-action carre call-to-action--style-1 call-to-action--big call-to-action--style-1 call-to-action--big call-to-action--style-1 call-to-action--big call-to-action--style-1 call-to-action--big\"><a href=\"https:\/\/www.campinglesbastets.com\/nl\/omgeving\/bezoek-het-dorp-chabeuil\/\"  class=\"call-to-action_link\" title=\"En savoir plus sur chabeuil\"><div class=\"call-to-action_image\"><img decoding=\"async\" src=\"https:\/\/www.campinglesbastets.com\/wp-content\/uploads\/2022\/03\/visiter-chabeuil.jpg\" data-src=\"https:\/\/www.campinglesbastets.com\/wp-content\/uploads\/2022\/03\/visiter-chabeuil.jpg\" alt=\"visiter chabeuil\" class=\"big\" \/><\/div><div class=\"call-to-action_contenu\"><div class=\"call-to-action_titre\">Chabeuil<\/div><\/div><\/a><\/li><li class=\"element call-to-action carre call-to-action--style-1 call-to-action--big call-to-action--style-1 call-to-action--big call-to-action--style-1 call-to-action--big call-to-action--style-1 call-to-action--big call-to-action--style-1 call-to-action--big\"><a href=\"https:\/\/www.campinglesbastets.com\/nl\/omgeving\/mooiste-dorpen-van-frankrijk-in-de-drome\/\"  class=\"call-to-action_link\" title=\"En savoir plus sur de mooiste dorpjes van de dr\u00f4me\"><div class=\"call-to-action_image\"><img decoding=\"async\" src=\"https:\/\/www.campinglesbastets.com\/wp-content\/uploads\/2022\/03\/decouvrir-la-drome.jpg\" data-src=\"https:\/\/www.campinglesbastets.com\/wp-content\/uploads\/2022\/03\/decouvrir-la-drome.jpg\" alt=\"decouvrir la drome\" class=\"big\" \/><\/div><div class=\"call-to-action_contenu\"><div class=\"call-to-action_titre\">De mooiste dorpjes van de Dr\u00f4me<\/div><\/div><\/a><\/li><li class=\"element call-to-action carre call-to-action--style-1 call-to-action--big call-to-action--style-1 call-to-action--big call-to-action--style-1 call-to-action--big call-to-action--style-1 call-to-action--big call-to-action--style-1 call-to-action--big call-to-action--style-1 call-to-action--big\"><a href=\"https:\/\/www.campinglesbastets.com\/nl\/omgeving\/robin-forest\/\"  class=\"call-to-action_link\" title=\"En savoir plus sur robin&#8217;s bos\"><div class=\"call-to-action_image\"><img decoding=\"async\" src=\"https:\/\/www.campinglesbastets.com\/wp-content\/uploads\/2022\/03\/acrobranche-camping-bastets.jpg\" data-src=\"https:\/\/www.campinglesbastets.com\/wp-content\/uploads\/2022\/03\/acrobranche-camping-bastets.jpg\" alt=\"acrobranche camping bastets\" class=\"big\" \/><\/div><div class=\"call-to-action_contenu\"><div class=\"call-to-action_titre\">Robin&#8217;s Bos<\/div><\/div><\/a><\/li><\/ul><\/div><\/section>","protected":false},"excerpt":{"rendered":"","protected":false},"author":2,"featured_media":14576,"parent":9700,"menu_order":0,"comment_status":"closed","ping_status":"closed","template":"","meta":{"_acf_changed":false,"footnotes":""},"class_list":["post-14589","page","type-page","status-publish","has-post-thumbnail","hentry"],"acf":[],"yoast_head":"<!-- This site is optimized with the Yoast SEO plugin v25.3 - https:\/\/yoast.com\/wordpress\/plugins\/seo\/ -->\n<title>Wat te doen in de Dr\u00f4me deze zomer? Onze Top 5 onmisbare activiteiten<\/title>\n<meta name=\"description\" content=\"Wat te doen in de Dr\u00f4me deze zomer! Ontdek pittoreske dorpjes, boeiende musea, natuurparken en buitenactiviteiten en beleef een onvergetelijke vakantie in de Rh\u00f4ne-Alpes, nabij Valence!\" \/>\n<meta name=\"robots\" content=\"index, follow, max-snippet:-1, max-image-preview:large, max-video-preview:-1\" \/>\n<link rel=\"canonical\" href=\"https:\/\/www.campinglesbastets.com\/nl\/omgeving\/top-5-des-evenements-en-ete-en-drome-provencale\/\" \/>\n<meta property=\"og:locale\" content=\"nl_NL\" \/>\n<meta property=\"og:type\" content=\"article\" \/>\n<meta property=\"og:title\" content=\"Wat te doen in de Dr\u00f4me deze zomer? Onze Top 5 onmisbare activiteiten\" \/>\n<meta property=\"og:description\" content=\"Wat te doen in de Dr\u00f4me deze zomer! Ontdek pittoreske dorpjes, boeiende musea, natuurparken en buitenactiviteiten en beleef een onvergetelijke vakantie in de Rh\u00f4ne-Alpes, nabij Valence!\" \/>\n<meta property=\"og:url\" content=\"https:\/\/www.campinglesbastets.com\/nl\/omgeving\/top-5-des-evenements-en-ete-en-drome-provencale\/\" \/>\n<meta property=\"og:site_name\" content=\"Camping Les Bastets\" \/>\n<meta property=\"article:modified_time\" content=\"2025-03-12T09:44:50+00:00\" \/>\n<meta property=\"og:image\" content=\"https:\/\/www.campinglesbastets.com\/wp-content\/uploads\/2024\/11\/evenement-ete-drome.jpg\" \/>\n\t<meta property=\"og:image:width\" content=\"1831\" \/>\n\t<meta property=\"og:image:height\" content=\"844\" \/>\n\t<meta property=\"og:image:type\" content=\"image\/jpeg\" \/>\n<meta name=\"twitter:card\" content=\"summary_large_image\" \/>\n<meta name=\"twitter:label1\" content=\"Geschatte leestijd\" \/>\n\t<meta name=\"twitter:data1\" content=\"1 minuut\" \/>\n<script type=\"application\/ld+json\" class=\"yoast-schema-graph\">{\"@context\":\"https:\/\/schema.org\",\"@graph\":[{\"@type\":\"WebPage\",\"@id\":\"https:\/\/www.campinglesbastets.com\/nl\/omgeving\/top-5-des-evenements-en-ete-en-drome-provencale\/\",\"url\":\"https:\/\/www.campinglesbastets.com\/nl\/omgeving\/top-5-des-evenements-en-ete-en-drome-provencale\/\",\"name\":\"Wat te doen in de Dr\u00f4me deze zomer? Onze Top 5 onmisbare activiteiten\",\"isPartOf\":{\"@id\":\"https:\/\/www.campinglesbastets.com\/nl\/#website\"},\"primaryImageOfPage\":{\"@id\":\"https:\/\/www.campinglesbastets.com\/nl\/omgeving\/top-5-des-evenements-en-ete-en-drome-provencale\/#primaryimage\"},\"image\":{\"@id\":\"https:\/\/www.campinglesbastets.com\/nl\/omgeving\/top-5-des-evenements-en-ete-en-drome-provencale\/#primaryimage\"},\"thumbnailUrl\":\"https:\/\/www.campinglesbastets.com\/wp-content\/uploads\/2024\/11\/evenement-ete-drome.jpg\",\"datePublished\":\"2024-11-14T13:14:08+00:00\",\"dateModified\":\"2025-03-12T09:44:50+00:00\",\"description\":\"Wat te doen in de Dr\u00f4me deze zomer! Ontdek pittoreske dorpjes, boeiende musea, natuurparken en buitenactiviteiten en beleef een onvergetelijke vakantie in de Rh\u00f4ne-Alpes, nabij Valence!\",\"breadcrumb\":{\"@id\":\"https:\/\/www.campinglesbastets.com\/nl\/omgeving\/top-5-des-evenements-en-ete-en-drome-provencale\/#breadcrumb\"},\"inLanguage\":\"nl-NL\",\"potentialAction\":[{\"@type\":\"ReadAction\",\"target\":[\"https:\/\/www.campinglesbastets.com\/nl\/omgeving\/top-5-des-evenements-en-ete-en-drome-provencale\/\"]}]},{\"@type\":\"ImageObject\",\"inLanguage\":\"nl-NL\",\"@id\":\"https:\/\/www.campinglesbastets.com\/nl\/omgeving\/top-5-des-evenements-en-ete-en-drome-provencale\/#primaryimage\",\"url\":\"https:\/\/www.campinglesbastets.com\/wp-content\/uploads\/2024\/11\/evenement-ete-drome.jpg\",\"contentUrl\":\"https:\/\/www.campinglesbastets.com\/wp-content\/uploads\/2024\/11\/evenement-ete-drome.jpg\",\"width\":1831,\"height\":844,\"caption\":\"\u00c9v\u00e9nements pendant l'\u00e9t\u00e9 en Dr\u00f4me\"},{\"@type\":\"BreadcrumbList\",\"@id\":\"https:\/\/www.campinglesbastets.com\/nl\/omgeving\/top-5-des-evenements-en-ete-en-drome-provencale\/#breadcrumb\",\"itemListElement\":[{\"@type\":\"ListItem\",\"position\":1,\"name\":\"Camping Dr\u00f4me\",\"item\":\"https:\/\/www.campinglesbastets.com\/nl\/\"},{\"@type\":\"ListItem\",\"position\":2,\"name\":\"TOERISME IN DE DR\u00d4ME PROVEN\u00c7ALE\",\"item\":\"https:\/\/www.campinglesbastets.com\/nl\/omgeving\/\"},{\"@type\":\"ListItem\",\"position\":3,\"name\":\"Activiteiten om deze zomer in de Dr\u00f4me te doen\"}]},{\"@type\":\"WebSite\",\"@id\":\"https:\/\/www.campinglesbastets.com\/nl\/#website\",\"url\":\"https:\/\/www.campinglesbastets.com\/nl\/\",\"name\":\"Camping Les Bastets\",\"description\":\"\",\"publisher\":{\"@id\":\"https:\/\/www.campinglesbastets.com\/nl\/#organization\"},\"potentialAction\":[{\"@type\":\"SearchAction\",\"target\":{\"@type\":\"EntryPoint\",\"urlTemplate\":\"https:\/\/www.campinglesbastets.com\/nl\/?s={search_term_string}\"},\"query-input\":{\"@type\":\"PropertyValueSpecification\",\"valueRequired\":true,\"valueName\":\"search_term_string\"}}],\"inLanguage\":\"nl-NL\"},{\"@type\":\"Organization\",\"@id\":\"https:\/\/www.campinglesbastets.com\/nl\/#organization\",\"name\":\"Camping Les Bastets\",\"url\":\"https:\/\/www.campinglesbastets.com\/nl\/\",\"logo\":{\"@type\":\"ImageObject\",\"inLanguage\":\"nl-NL\",\"@id\":\"https:\/\/www.campinglesbastets.com\/nl\/#\/schema\/logo\/image\/\",\"url\":\"https:\/\/www.campinglesbastets.com\/wp-content\/uploads\/2022\/02\/favicon-1.png\",\"contentUrl\":\"https:\/\/www.campinglesbastets.com\/wp-content\/uploads\/2022\/02\/favicon-1.png\",\"width\":1423,\"height\":1423,\"caption\":\"Camping Les Bastets\"},\"image\":{\"@id\":\"https:\/\/www.campinglesbastets.com\/nl\/#\/schema\/logo\/image\/\"}}]}<\/script>\n<!-- \/ Yoast SEO plugin. -->","yoast_head_json":{"title":"Wat te doen in de Dr\u00f4me deze zomer? Onze Top 5 onmisbare activiteiten","description":"Wat te doen in de Dr\u00f4me deze zomer! Ontdek pittoreske dorpjes, boeiende musea, natuurparken en buitenactiviteiten en beleef een onvergetelijke vakantie in de Rh\u00f4ne-Alpes, nabij Valence!","robots":{"index":"index","follow":"follow","max-snippet":"max-snippet:-1","max-image-preview":"max-image-preview:large","max-video-preview":"max-video-preview:-1"},"canonical":"https:\/\/www.campinglesbastets.com\/nl\/omgeving\/top-5-des-evenements-en-ete-en-drome-provencale\/","og_locale":"nl_NL","og_type":"article","og_title":"Wat te doen in de Dr\u00f4me deze zomer? Onze Top 5 onmisbare activiteiten","og_description":"Wat te doen in de Dr\u00f4me deze zomer! Ontdek pittoreske dorpjes, boeiende musea, natuurparken en buitenactiviteiten en beleef een onvergetelijke vakantie in de Rh\u00f4ne-Alpes, nabij Valence!","og_url":"https:\/\/www.campinglesbastets.com\/nl\/omgeving\/top-5-des-evenements-en-ete-en-drome-provencale\/","og_site_name":"Camping Les Bastets","article_modified_time":"2025-03-12T09:44:50+00:00","og_image":[{"width":1831,"height":844,"url":"https:\/\/www.campinglesbastets.com\/wp-content\/uploads\/2024\/11\/evenement-ete-drome.jpg","type":"image\/jpeg"}],"twitter_card":"summary_large_image","twitter_misc":{"Geschatte leestijd":"1 minuut"},"schema":{"@context":"https:\/\/schema.org","@graph":[{"@type":"WebPage","@id":"https:\/\/www.campinglesbastets.com\/nl\/omgeving\/top-5-des-evenements-en-ete-en-drome-provencale\/","url":"https:\/\/www.campinglesbastets.com\/nl\/omgeving\/top-5-des-evenements-en-ete-en-drome-provencale\/","name":"Wat te doen in de Dr\u00f4me deze zomer? Onze Top 5 onmisbare activiteiten","isPartOf":{"@id":"https:\/\/www.campinglesbastets.com\/nl\/#website"},"primaryImageOfPage":{"@id":"https:\/\/www.campinglesbastets.com\/nl\/omgeving\/top-5-des-evenements-en-ete-en-drome-provencale\/#primaryimage"},"image":{"@id":"https:\/\/www.campinglesbastets.com\/nl\/omgeving\/top-5-des-evenements-en-ete-en-drome-provencale\/#primaryimage"},"thumbnailUrl":"https:\/\/www.campinglesbastets.com\/wp-content\/uploads\/2024\/11\/evenement-ete-drome.jpg","datePublished":"2024-11-14T13:14:08+00:00","dateModified":"2025-03-12T09:44:50+00:00","description":"Wat te doen in de Dr\u00f4me deze zomer! Ontdek pittoreske dorpjes, boeiende musea, natuurparken en buitenactiviteiten en beleef een onvergetelijke vakantie in de Rh\u00f4ne-Alpes, nabij Valence!","breadcrumb":{"@id":"https:\/\/www.campinglesbastets.com\/nl\/omgeving\/top-5-des-evenements-en-ete-en-drome-provencale\/#breadcrumb"},"inLanguage":"nl-NL","potentialAction":[{"@type":"ReadAction","target":["https:\/\/www.campinglesbastets.com\/nl\/omgeving\/top-5-des-evenements-en-ete-en-drome-provencale\/"]}]},{"@type":"ImageObject","inLanguage":"nl-NL","@id":"https:\/\/www.campinglesbastets.com\/nl\/omgeving\/top-5-des-evenements-en-ete-en-drome-provencale\/#primaryimage","url":"https:\/\/www.campinglesbastets.com\/wp-content\/uploads\/2024\/11\/evenement-ete-drome.jpg","contentUrl":"https:\/\/www.campinglesbastets.com\/wp-content\/uploads\/2024\/11\/evenement-ete-drome.jpg","width":1831,"height":844,"caption":"\u00c9v\u00e9nements pendant l'\u00e9t\u00e9 en Dr\u00f4me"},{"@type":"BreadcrumbList","@id":"https:\/\/www.campinglesbastets.com\/nl\/omgeving\/top-5-des-evenements-en-ete-en-drome-provencale\/#breadcrumb","itemListElement":[{"@type":"ListItem","position":1,"name":"Camping Dr\u00f4me","item":"https:\/\/www.campinglesbastets.com\/nl\/"},{"@type":"ListItem","position":2,"name":"TOERISME IN DE DR\u00d4ME PROVEN\u00c7ALE","item":"https:\/\/www.campinglesbastets.com\/nl\/omgeving\/"},{"@type":"ListItem","position":3,"name":"Activiteiten om deze zomer in de Dr\u00f4me te doen"}]},{"@type":"WebSite","@id":"https:\/\/www.campinglesbastets.com\/nl\/#website","url":"https:\/\/www.campinglesbastets.com\/nl\/","name":"Camping Les Bastets","description":"","publisher":{"@id":"https:\/\/www.campinglesbastets.com\/nl\/#organization"},"potentialAction":[{"@type":"SearchAction","target":{"@type":"EntryPoint","urlTemplate":"https:\/\/www.campinglesbastets.com\/nl\/?s={search_term_string}"},"query-input":{"@type":"PropertyValueSpecification","valueRequired":true,"valueName":"search_term_string"}}],"inLanguage":"nl-NL"},{"@type":"Organization","@id":"https:\/\/www.campinglesbastets.com\/nl\/#organization","name":"Camping Les Bastets","url":"https:\/\/www.campinglesbastets.com\/nl\/","logo":{"@type":"ImageObject","inLanguage":"nl-NL","@id":"https:\/\/www.campinglesbastets.com\/nl\/#\/schema\/logo\/image\/","url":"https:\/\/www.campinglesbastets.com\/wp-content\/uploads\/2022\/02\/favicon-1.png","contentUrl":"https:\/\/www.campinglesbastets.com\/wp-content\/uploads\/2022\/02\/favicon-1.png","width":1423,"height":1423,"caption":"Camping Les Bastets"},"image":{"@id":"https:\/\/www.campinglesbastets.com\/nl\/#\/schema\/logo\/image\/"}}]}},"_links":{"self":[{"href":"https:\/\/www.campinglesbastets.com\/nl\/wp-json\/wp\/v2\/pages\/14589","targetHints":{"allow":["GET"]}}],"collection":[{"href":"https:\/\/www.campinglesbastets.com\/nl\/wp-json\/wp\/v2\/pages"}],"about":[{"href":"https:\/\/www.campinglesbastets.com\/nl\/wp-json\/wp\/v2\/types\/page"}],"author":[{"embeddable":true,"href":"https:\/\/www.campinglesbastets.com\/nl\/wp-json\/wp\/v2\/users\/2"}],"replies":[{"embeddable":true,"href":"https:\/\/www.campinglesbastets.com\/nl\/wp-json\/wp\/v2\/comments?post=14589"}],"version-history":[{"count":9,"href":"https:\/\/www.campinglesbastets.com\/nl\/wp-json\/wp\/v2\/pages\/14589\/revisions"}],"predecessor-version":[{"id":15222,"href":"https:\/\/www.campinglesbastets.com\/nl\/wp-json\/wp\/v2\/pages\/14589\/revisions\/15222"}],"up":[{"embeddable":true,"href":"https:\/\/www.campinglesbastets.com\/nl\/wp-json\/wp\/v2\/pages\/9700"}],"wp:featuredmedia":[{"embeddable":true,"href":"https:\/\/www.campinglesbastets.com\/nl\/wp-json\/wp\/v2\/media\/14576"}],"wp:attachment":[{"href":"https:\/\/www.campinglesbastets.com\/nl\/wp-json\/wp\/v2\/media?parent=14589"}],"curies":[{"name":"wp","href":"https:\/\/api.w.org\/{rel}","templated":true}]}}