{"id":14483,"date":"2022-03-04T15:00:14","date_gmt":"2022-03-04T14:00:14","guid":{"rendered":"https:\/\/www.campinglesbastets.com\/camping-valence\/"},"modified":"2025-01-21T10:27:27","modified_gmt":"2025-01-21T09:27:27","slug":"camping-valence","status":"publish","type":"page","link":"https:\/\/www.campinglesbastets.com\/nl\/camping-valence\/","title":{"rendered":"Camping Valence"},"content":{"rendered":"<section id=\"section-62262bea4cfe1\"\" class=\"section home-first bg-white p-t-0\" \/><div class=\"container extralarge\"><h1 class=\"element section-title center m-b-10 m-t-10\">Camping Valence<\/h1><div class=\"colonnes-wrap valign-middle \"><div class=\"element colonne w-60\"><div class=\"element fancybox-container\"><a class=\"fancybox\" href=\"https:\/\/www.campinglesbastets.com\/wp-content\/uploads\/2022\/03\/jaccuzzi-mobil-home-premium.jpg\"><img decoding=\"async\" src=\"https:\/\/www.campinglesbastets.com\/wp-content\/uploads\/2022\/03\/jaccuzzi-mobil-home-premium.jpg\" data-src=\"https:\/\/www.campinglesbastets.com\/wp-content\/uploads\/2022\/03\/jaccuzzi-mobil-home-premium.jpg\" alt=\"camping valence\" class=\"images_image\" \/><\/a><\/div><\/div><div class=\"element colonne w-40\"><h2 class=\"element section-title left\">Huur mobilhome in Valence<\/h2><div class=\"element bloc-text left \">\n\t<p>Bent u op zoek naar een vakantiewoning op een camping in Valence of in de buurt voor uw volgende vakantie? Onze <a href=\"https:\/\/www.campinglesbastets.com\/nl\/\">camping in de Dr\u00f4me in Frankrijk<\/a> Les Bastets biedt u de mogelijkheid om te verblijven in een uitzonderlijke omgeving, 40 km ten zuiden van Valence, terwijl u geniet van het comfort van onze charmante mobilhomes met terras en houten bekleding.<\/p>\n<p>De <a href=\"https:\/\/www.campinglesbastets.com\/nl\/accommodaties\/\">stacaravan huren frankrijk<\/a>\u00a0van camping Les Bastets zijn beschikbaar in 4 comfortklassen. Ze zijn beschikbaar met 2 of 3 slaapkamers, afhankelijk van het model, voor uw duo-uitjes, gezinsvakanties of re\u00fcnies met vrienden. Hun oppervlakte varieert van 20 tot 45 m\u00b2. Onze mobilhomes te huur in de Dr\u00f4me zijn zo geschikt voor zowel kleine als grote gezinnen en voor vakantiegangers die op zoek zijn naar een knusse accommodatie of ruime volumes. Al onze mobilhomes zijn voorzien van een eerste ouderslaapkamer met een tweepersoonsbed en een tot twee slaapkamers met 2 of 3 eenpersoonsbedden.<\/p>\n<p>Wilt u een goedkope mobilhome reserveren nabij Valence voor een verblijf met 2, 3, 4 of 5 personen? De Comfort-lijn voldoet aan al uw wensen met een oppervlakte van 22 m\u00b2 en 4 slaapplaatsen in de slaapkamer. Bent u met 5 of 6? Kies dan voor een mobilhome uit de Grand Confort-lijn, bestaande uit 3 slaapkamers en een breed bed van 160 cm in de ouderslaapkamer. En voor een uitzonderlijk verblijf in een mobilhome op minder dan 50 minuten van Valence, kiest u de Prestige-lijn voor 4 personen van 35 m\u00b2, met hotelvoorzieningen.<\/p>\n<\/div><\/div><\/div><\/div><\/section>\n\n<section id=\"section-62262bea4d163\"\" class=\"section text-image-right  bg-color3\" \/><div class=\"container extralarge\"><div class=\"colonnes-wrap valign-middle \"><div class=\"element colonne w-40\"><h2 class=\"element section-title left\"> Verblijf in onze 4-sterrencamping nabij Valence<\/h2><div class=\"element bloc-text left \">\n\t<p>Les Bastets, een <a href=\"https:\/\/www.campinglesbastets.com\/nl\/camping-valence\/camping-acsi-valence\/\">ACSI camping vlakbij Valence<\/a>, nodigt u uit om volledig te ontspannen en te profiteren van alle diensten en voorzieningen die wij aanbieden voor een rustige en verkwikkende vakantie. Of u nu kiest voor een <a href=\"https:\/\/www.campinglesbastets.com\/nl\/standplaatsen-camping\/\">staanplaats<\/a> of een huuraccommodatie, u kunt genieten van de smaken van de regio in ons restaurant of van onze heerlijke huisgemaakte pizza&#8217;s, beschikbaar elk weekend en op feestdagen in mei, en elke dag van half juni tot eind september. Zin in een snelle snack voordat u uw activiteiten hervat? Onze snack-bar biedt ook een aantrekkelijk menu.<\/p>\n<p>Voor uw dagelijks gemak biedt onze camping een breed scala aan 4-sterrenservices, zoals een bibliotheek, een wasserette, een supermarkt, gezamenlijke barbecues en de verhuur van babykits, lakens en handdoeken.<\/p>\n<\/div><\/div><div class=\"element colonne w-60 grenouille\"><div class=\"element fancybox-container\"><a class=\"fancybox\" href=\"https:\/\/www.campinglesbastets.com\/wp-content\/uploads\/2022\/03\/camping-piscine-pas-cher-auvergne.jpg\"><img decoding=\"async\" src=\"https:\/\/www.campinglesbastets.com\/wp-content\/uploads\/2022\/03\/camping-piscine-pas-cher-auvergne.jpg\" data-src=\"https:\/\/www.campinglesbastets.com\/wp-content\/uploads\/2022\/03\/camping-piscine-pas-cher-auvergne.jpg\" alt=\"Camping met zwembad in Valence\" class=\"images_image\" \/><\/a><\/div><\/div><\/div><\/div><\/section>\n\n<section id=\"section-map\"\" class=\"section bg-white p-t-0\" \/><div class=\"container full\"><div class=\"element bloc-text\">\n\t<iframe src=\"https:\/\/www.google.com\/maps\/embed?pb=!1m28!1m12!1m3!1d181251.52142734724!2d4.721666187987355!3d44.7796835900759!2m3!1f0!2f0!3f0!3m2!1i1024!2i768!4f13.1!4m13!3e0!4m5!1s0x47f55799c63221c7%3A0x408ab2ae4bfb580!2sValence%2C%2026000!3m2!1d44.933392999999995!2d4.89236!4m5!1s0x12b54322b28cff3f%3A0xe26b629c76bc1aa6!2sCamping%20Dr%C3%B4me%20Les%20Bastets%204%20%C3%A9toiles%2C%20335%20Chem.%20du%20Camping%2C%2026740%20Marsanne!3m2!1d44.6576861!2d4.891070399999999!5e0!3m2!1sfr!2sfr!4v1670405137279!5m2!1sfr!2sfr\" width=\"100%\" height=\"450\" style=\"border:0;\" class=\"m-b-0 m-r-0 m-t-0 m-l-0\" allowfullscreen=\"\" loading=\"lazy\" referrerpolicy=\"no-referrer-when-downgrade\"><\/iframe><\/div><\/div><\/section>\n\n<section id=\"section-62262bea4d2ec\"\" class=\"section page-third  text-image-left bg-white\" \/><div class=\"container extralarge\"><div class=\"colonnes-wrap valign-middle \"><div class=\"element colonne w-60 bouee\"><div class=\"element fancybox-container\"><a class=\"fancybox\" href=\"https:\/\/www.campinglesbastets.com\/wp-content\/uploads\/2022\/03\/valence.jpg\"><img decoding=\"async\" src=\"https:\/\/www.campinglesbastets.com\/wp-content\/uploads\/2022\/03\/valence.jpg\" data-src=\"https:\/\/www.campinglesbastets.com\/wp-content\/uploads\/2022\/03\/valence.jpg\" alt=\"Bezoek Valence\" class=\"images_image\" \/><\/a><\/div><\/div><div class=\"element colonne w-40\"><h2 class=\"element section-title left\">Vakantie in Valence<\/h2><div class=\"element bloc-text left \">\n\t<p>Geniet van uw verblijf op de camping nabij Valence om het rijke architectonische erfgoed van deze historische stad, gelegen aan de poorten van de Midi, te ontdekken: de ongelooflijke Renaissancegevel van het Maison des T\u00eates, de 11e-eeuwse Sint-Apollinairekathedraal, de monumentale fontein, de Pendentif, het Peynet-paviljoen en het Maison du Drapier.<\/p>\n<p>Als culturele tussenstop is Valence ook bekend om zijn prestigieuze museum voor kunst en archeologie, gevestigd in het voormalige bisschoppelijk paleis. Het Centrum voor Armeens Erfgoed is ook een belangrijk cultureel centrum in de stad, dat de geschiedenis van volkeren, culturen en migraties belicht aan de hand van de Armeense diaspora.<\/p>\n<p>Er wachten tal van activiteiten en uitstapjes op u nabij de camping in Valence. De stad is bij uitstek geschikt voor mooie buitenwandelingen, aangename slentertochten langs de kanalen, en spelletjes en wandelingen in het Jouvetpark. Fietsliefhebbers kunnen vanuit Valence de ViaRh\u00f4na verkennen, met een route naar keuze die hen van de wijngaarden van de C\u00f4tes-du-Rh\u00f4ne naar de bloeiende lavendelvelden leidt. Als havenstad is Valence ook te ontdekken tijdens mooie rondvaarten op de Rh\u00f4ne met uitleg.<\/p>\n<p>Wilt u genieten van een camping onderweg naar uw vakantiebestemming? Ontdek onze <a href=\"https:\/\/www.campinglesbastets.com\/nl\/tussenstop-camping-in-frankrijk\/\">tussenstopcamping in Frankrijk<\/a> voor een onvergetelijk verblijf.<\/p>\n<\/div><\/div><\/div><\/div><\/section>\n\n<section id=\"section-62271cb447622\"\" class=\"section page-cta bg-color3\" \/><div class=\"container extralarge\"><div class=\"element section-title center h2-like\">Les locations du camping<\/div><ul class=\"liste-de-page\"><li class=\"element call-to-action carre call-to-action--style-1 call-to-action--big\"><a href=\"https:\/\/www.campinglesbastets.com\/nl\/camping-valence\/camping-acsi-valence\/\"  class=\"call-to-action_link\" title=\"En savoir plus sur camping acsi valence\"><div class=\"call-to-action_image\"><img decoding=\"async\" src=\"https:\/\/www.campinglesbastets.com\/wp-content\/uploads\/2022\/03\/camping-chalet-spa-privatif-drome.jpg\" data-src=\"https:\/\/www.campinglesbastets.com\/wp-content\/uploads\/2022\/03\/camping-chalet-spa-privatif-drome.jpg\" alt=\"camping chalet spa privatif drome\" class=\"big\" \/><\/div><div class=\"call-to-action_contenu\"><div class=\"call-to-action_titre\">Camping ACSI Valence<\/div><\/div><\/a><\/li><li class=\"element call-to-action carre call-to-action--style-1 call-to-action--big call-to-action--style-1 call-to-action--big\"><a href=\"https:\/\/www.campinglesbastets.com\/nl\/accommodaties\/\"  class=\"call-to-action_link\" title=\"En savoir plus sur accommodaties\"><div class=\"call-to-action_image\"><img decoding=\"async\" src=\"https:\/\/www.campinglesbastets.com\/wp-content\/uploads\/2022\/02\/location-mobilh-home-drome.jpg\" data-src=\"https:\/\/www.campinglesbastets.com\/wp-content\/uploads\/2022\/02\/location-mobilh-home-drome.jpg\" alt=\"location mobil home drome\" class=\"big\" \/><\/div><div class=\"call-to-action_contenu\"><div class=\"call-to-action_titre\">accommodaties<\/div><\/div><\/a><\/li><li class=\"element call-to-action carre call-to-action--style-1 call-to-action--big call-to-action--style-1 call-to-action--big call-to-action--style-1 call-to-action--big\"><a href=\"https:\/\/www.campinglesbastets.com\/nl\/standplaatsen-camping\/\"  class=\"call-to-action_link\" title=\"En savoir plus sur kampeerplaatsen\"><div class=\"call-to-action_image\"><img decoding=\"async\" src=\"https:\/\/www.campinglesbastets.com\/wp-content\/uploads\/2022\/03\/emplacement-camping-drome.jpg\" data-src=\"https:\/\/www.campinglesbastets.com\/wp-content\/uploads\/2022\/03\/emplacement-camping-drome.jpg\" alt=\"emplacement camping drome\" class=\"big\" \/><\/div><div class=\"call-to-action_contenu\"><div class=\"call-to-action_titre\">kampeerplaatsen<\/div><\/div><\/a><\/li><\/ul><\/div><\/section>","protected":false},"excerpt":{"rendered":"","protected":false},"author":1,"featured_media":7287,"parent":0,"menu_order":0,"comment_status":"closed","ping_status":"closed","template":"","meta":{"_acf_changed":false,"footnotes":""},"class_list":["post-14483","page","type-page","status-publish","has-post-thumbnail","hentry"],"acf":[],"yoast_head":"<!-- This site is optimized with the Yoast SEO plugin v25.3 - https:\/\/yoast.com\/wordpress\/plugins\/seo\/ -->\n<title>Camping Valence, Dr\u00f4me: mobilhome en staanplaats nabij Valence<\/title>\n<meta name=\"description\" content=\"Bent u op zoek naar een camping in Valence of in de buurt voor uw vakantie in de Proven\u00e7aalse Dr\u00f4me? Welkom bij camping Les Bastets!\" \/>\n<meta name=\"robots\" content=\"index, follow, max-snippet:-1, max-image-preview:large, max-video-preview:-1\" \/>\n<link rel=\"canonical\" href=\"https:\/\/www.campinglesbastets.com\/nl\/camping-valence\/\" \/>\n<meta property=\"og:locale\" content=\"nl_NL\" \/>\n<meta property=\"og:type\" content=\"article\" \/>\n<meta property=\"og:title\" content=\"Camping Valence, Dr\u00f4me: mobilhome en staanplaats nabij Valence\" \/>\n<meta property=\"og:description\" content=\"Bent u op zoek naar een camping in Valence of in de buurt voor uw vakantie in de Proven\u00e7aalse Dr\u00f4me? Welkom bij camping Les Bastets!\" \/>\n<meta property=\"og:url\" content=\"https:\/\/www.campinglesbastets.com\/nl\/camping-valence\/\" \/>\n<meta property=\"og:site_name\" content=\"Camping Les Bastets\" \/>\n<meta property=\"article:modified_time\" content=\"2025-01-21T09:27:27+00:00\" \/>\n<meta property=\"og:image\" content=\"https:\/\/www.campinglesbastets.com\/wp-content\/uploads\/2022\/03\/valence-dans-la-drome.jpg\" \/>\n\t<meta property=\"og:image:width\" content=\"1900\" \/>\n\t<meta property=\"og:image:height\" content=\"1056\" \/>\n\t<meta property=\"og:image:type\" content=\"image\/jpeg\" \/>\n<meta name=\"twitter:card\" content=\"summary_large_image\" \/>\n<meta name=\"twitter:label1\" content=\"Geschatte leestijd\" \/>\n\t<meta name=\"twitter:data1\" content=\"1 minuut\" \/>\n<script type=\"application\/ld+json\" class=\"yoast-schema-graph\">{\"@context\":\"https:\/\/schema.org\",\"@graph\":[{\"@type\":\"WebPage\",\"@id\":\"https:\/\/www.campinglesbastets.com\/nl\/camping-valence\/\",\"url\":\"https:\/\/www.campinglesbastets.com\/nl\/camping-valence\/\",\"name\":\"Camping Valence, Dr\u00f4me: mobilhome en staanplaats nabij Valence\",\"isPartOf\":{\"@id\":\"https:\/\/www.campinglesbastets.com\/nl\/#website\"},\"primaryImageOfPage\":{\"@id\":\"https:\/\/www.campinglesbastets.com\/nl\/camping-valence\/#primaryimage\"},\"image\":{\"@id\":\"https:\/\/www.campinglesbastets.com\/nl\/camping-valence\/#primaryimage\"},\"thumbnailUrl\":\"https:\/\/www.campinglesbastets.com\/wp-content\/uploads\/2022\/03\/valence-dans-la-drome.jpg\",\"datePublished\":\"2022-03-04T14:00:14+00:00\",\"dateModified\":\"2025-01-21T09:27:27+00:00\",\"description\":\"Bent u op zoek naar een camping in Valence of in de buurt voor uw vakantie in de Proven\u00e7aalse Dr\u00f4me? Welkom bij camping Les Bastets!\",\"breadcrumb\":{\"@id\":\"https:\/\/www.campinglesbastets.com\/nl\/camping-valence\/#breadcrumb\"},\"inLanguage\":\"nl-NL\",\"potentialAction\":[{\"@type\":\"ReadAction\",\"target\":[\"https:\/\/www.campinglesbastets.com\/nl\/camping-valence\/\"]}]},{\"@type\":\"ImageObject\",\"inLanguage\":\"nl-NL\",\"@id\":\"https:\/\/www.campinglesbastets.com\/nl\/camping-valence\/#primaryimage\",\"url\":\"https:\/\/www.campinglesbastets.com\/wp-content\/uploads\/2022\/03\/valence-dans-la-drome.jpg\",\"contentUrl\":\"https:\/\/www.campinglesbastets.com\/wp-content\/uploads\/2022\/03\/valence-dans-la-drome.jpg\",\"width\":1900,\"height\":1056,\"caption\":\"valence dans la drome\"},{\"@type\":\"BreadcrumbList\",\"@id\":\"https:\/\/www.campinglesbastets.com\/nl\/camping-valence\/#breadcrumb\",\"itemListElement\":[{\"@type\":\"ListItem\",\"position\":1,\"name\":\"Camping Dr\u00f4me\",\"item\":\"https:\/\/www.campinglesbastets.com\/nl\/\"},{\"@type\":\"ListItem\",\"position\":2,\"name\":\"Kampeer dichtbij Valence\"}]},{\"@type\":\"WebSite\",\"@id\":\"https:\/\/www.campinglesbastets.com\/nl\/#website\",\"url\":\"https:\/\/www.campinglesbastets.com\/nl\/\",\"name\":\"Camping Les Bastets\",\"description\":\"\",\"publisher\":{\"@id\":\"https:\/\/www.campinglesbastets.com\/nl\/#organization\"},\"potentialAction\":[{\"@type\":\"SearchAction\",\"target\":{\"@type\":\"EntryPoint\",\"urlTemplate\":\"https:\/\/www.campinglesbastets.com\/nl\/?s={search_term_string}\"},\"query-input\":{\"@type\":\"PropertyValueSpecification\",\"valueRequired\":true,\"valueName\":\"search_term_string\"}}],\"inLanguage\":\"nl-NL\"},{\"@type\":\"Organization\",\"@id\":\"https:\/\/www.campinglesbastets.com\/nl\/#organization\",\"name\":\"Camping Les Bastets\",\"url\":\"https:\/\/www.campinglesbastets.com\/nl\/\",\"logo\":{\"@type\":\"ImageObject\",\"inLanguage\":\"nl-NL\",\"@id\":\"https:\/\/www.campinglesbastets.com\/nl\/#\/schema\/logo\/image\/\",\"url\":\"https:\/\/www.campinglesbastets.com\/wp-content\/uploads\/2022\/02\/favicon-1.png\",\"contentUrl\":\"https:\/\/www.campinglesbastets.com\/wp-content\/uploads\/2022\/02\/favicon-1.png\",\"width\":1423,\"height\":1423,\"caption\":\"Camping Les Bastets\"},\"image\":{\"@id\":\"https:\/\/www.campinglesbastets.com\/nl\/#\/schema\/logo\/image\/\"}}]}<\/script>\n<!-- \/ Yoast SEO plugin. -->","yoast_head_json":{"title":"Camping Valence, Dr\u00f4me: mobilhome en staanplaats nabij Valence","description":"Bent u op zoek naar een camping in Valence of in de buurt voor uw vakantie in de Proven\u00e7aalse Dr\u00f4me? Welkom bij camping Les Bastets!","robots":{"index":"index","follow":"follow","max-snippet":"max-snippet:-1","max-image-preview":"max-image-preview:large","max-video-preview":"max-video-preview:-1"},"canonical":"https:\/\/www.campinglesbastets.com\/nl\/camping-valence\/","og_locale":"nl_NL","og_type":"article","og_title":"Camping Valence, Dr\u00f4me: mobilhome en staanplaats nabij Valence","og_description":"Bent u op zoek naar een camping in Valence of in de buurt voor uw vakantie in de Proven\u00e7aalse Dr\u00f4me? Welkom bij camping Les Bastets!","og_url":"https:\/\/www.campinglesbastets.com\/nl\/camping-valence\/","og_site_name":"Camping Les Bastets","article_modified_time":"2025-01-21T09:27:27+00:00","og_image":[{"width":1900,"height":1056,"url":"https:\/\/www.campinglesbastets.com\/wp-content\/uploads\/2022\/03\/valence-dans-la-drome.jpg","type":"image\/jpeg"}],"twitter_card":"summary_large_image","twitter_misc":{"Geschatte leestijd":"1 minuut"},"schema":{"@context":"https:\/\/schema.org","@graph":[{"@type":"WebPage","@id":"https:\/\/www.campinglesbastets.com\/nl\/camping-valence\/","url":"https:\/\/www.campinglesbastets.com\/nl\/camping-valence\/","name":"Camping Valence, Dr\u00f4me: mobilhome en staanplaats nabij Valence","isPartOf":{"@id":"https:\/\/www.campinglesbastets.com\/nl\/#website"},"primaryImageOfPage":{"@id":"https:\/\/www.campinglesbastets.com\/nl\/camping-valence\/#primaryimage"},"image":{"@id":"https:\/\/www.campinglesbastets.com\/nl\/camping-valence\/#primaryimage"},"thumbnailUrl":"https:\/\/www.campinglesbastets.com\/wp-content\/uploads\/2022\/03\/valence-dans-la-drome.jpg","datePublished":"2022-03-04T14:00:14+00:00","dateModified":"2025-01-21T09:27:27+00:00","description":"Bent u op zoek naar een camping in Valence of in de buurt voor uw vakantie in de Proven\u00e7aalse Dr\u00f4me? Welkom bij camping Les Bastets!","breadcrumb":{"@id":"https:\/\/www.campinglesbastets.com\/nl\/camping-valence\/#breadcrumb"},"inLanguage":"nl-NL","potentialAction":[{"@type":"ReadAction","target":["https:\/\/www.campinglesbastets.com\/nl\/camping-valence\/"]}]},{"@type":"ImageObject","inLanguage":"nl-NL","@id":"https:\/\/www.campinglesbastets.com\/nl\/camping-valence\/#primaryimage","url":"https:\/\/www.campinglesbastets.com\/wp-content\/uploads\/2022\/03\/valence-dans-la-drome.jpg","contentUrl":"https:\/\/www.campinglesbastets.com\/wp-content\/uploads\/2022\/03\/valence-dans-la-drome.jpg","width":1900,"height":1056,"caption":"valence dans la drome"},{"@type":"BreadcrumbList","@id":"https:\/\/www.campinglesbastets.com\/nl\/camping-valence\/#breadcrumb","itemListElement":[{"@type":"ListItem","position":1,"name":"Camping Dr\u00f4me","item":"https:\/\/www.campinglesbastets.com\/nl\/"},{"@type":"ListItem","position":2,"name":"Kampeer dichtbij Valence"}]},{"@type":"WebSite","@id":"https:\/\/www.campinglesbastets.com\/nl\/#website","url":"https:\/\/www.campinglesbastets.com\/nl\/","name":"Camping Les Bastets","description":"","publisher":{"@id":"https:\/\/www.campinglesbastets.com\/nl\/#organization"},"potentialAction":[{"@type":"SearchAction","target":{"@type":"EntryPoint","urlTemplate":"https:\/\/www.campinglesbastets.com\/nl\/?s={search_term_string}"},"query-input":{"@type":"PropertyValueSpecification","valueRequired":true,"valueName":"search_term_string"}}],"inLanguage":"nl-NL"},{"@type":"Organization","@id":"https:\/\/www.campinglesbastets.com\/nl\/#organization","name":"Camping Les Bastets","url":"https:\/\/www.campinglesbastets.com\/nl\/","logo":{"@type":"ImageObject","inLanguage":"nl-NL","@id":"https:\/\/www.campinglesbastets.com\/nl\/#\/schema\/logo\/image\/","url":"https:\/\/www.campinglesbastets.com\/wp-content\/uploads\/2022\/02\/favicon-1.png","contentUrl":"https:\/\/www.campinglesbastets.com\/wp-content\/uploads\/2022\/02\/favicon-1.png","width":1423,"height":1423,"caption":"Camping Les Bastets"},"image":{"@id":"https:\/\/www.campinglesbastets.com\/nl\/#\/schema\/logo\/image\/"}}]}},"_links":{"self":[{"href":"https:\/\/www.campinglesbastets.com\/nl\/wp-json\/wp\/v2\/pages\/14483","targetHints":{"allow":["GET"]}}],"collection":[{"href":"https:\/\/www.campinglesbastets.com\/nl\/wp-json\/wp\/v2\/pages"}],"about":[{"href":"https:\/\/www.campinglesbastets.com\/nl\/wp-json\/wp\/v2\/types\/page"}],"author":[{"embeddable":true,"href":"https:\/\/www.campinglesbastets.com\/nl\/wp-json\/wp\/v2\/users\/1"}],"replies":[{"embeddable":true,"href":"https:\/\/www.campinglesbastets.com\/nl\/wp-json\/wp\/v2\/comments?post=14483"}],"version-history":[{"count":5,"href":"https:\/\/www.campinglesbastets.com\/nl\/wp-json\/wp\/v2\/pages\/14483\/revisions"}],"predecessor-version":[{"id":15013,"href":"https:\/\/www.campinglesbastets.com\/nl\/wp-json\/wp\/v2\/pages\/14483\/revisions\/15013"}],"wp:featuredmedia":[{"embeddable":true,"href":"https:\/\/www.campinglesbastets.com\/nl\/wp-json\/wp\/v2\/media\/7287"}],"wp:attachment":[{"href":"https:\/\/www.campinglesbastets.com\/nl\/wp-json\/wp\/v2\/media?parent=14483"}],"curies":[{"name":"wp","href":"https:\/\/api.w.org\/{rel}","templated":true}]}}