{"id":14478,"date":"2022-12-21T10:50:02","date_gmt":"2022-12-21T09:50:02","guid":{"rendered":"https:\/\/www.campinglesbastets.com\/camping-montelimar\/"},"modified":"2024-12-05T08:56:08","modified_gmt":"2024-12-05T07:56:08","slug":"camping-montelimar","status":"publish","type":"page","link":"https:\/\/www.campinglesbastets.com\/nl\/camping-montelimar\/","title":{"rendered":"Camping Mont\u00e9limar"},"content":{"rendered":"<section id=\"section-6228d701320dd\"\" class=\"section bg-white p-b-0\" \/><div class=\"container extralarge\"><h1 class=\"element section-title center\">UW KAMPEERVAKANTIE DICHTBIJ MONT\u00c9LIMAR<\/h1><\/div><\/section>\n\n<section id=\"section-61cd904691b94\"\" class=\"section home-first bg-white\" \/><div class=\"container extralarge\"><div class=\"colonnes-wrap valign-middle \"><div class=\"element colonne w-60\"><div class=\"element fancybox-container\"><a class=\"fancybox\" href=\"https:\/\/www.campinglesbastets.com\/wp-content\/uploads\/2022\/03\/location-mobil-home-pas-cher-auvergne.jpg\"><img decoding=\"async\" src=\"https:\/\/www.campinglesbastets.com\/wp-content\/uploads\/2022\/03\/location-mobil-home-pas-cher-auvergne.jpg\" data-src=\"https:\/\/www.campinglesbastets.com\/wp-content\/uploads\/2022\/03\/location-mobil-home-pas-cher-auvergne.jpg\" alt=\"camping Mont\u00e9limar\" class=\"images_image\" \/><\/a><\/div><\/div><div class=\"element colonne w-40\"><h2 class=\"element section-title left m-t-6\">Camping Mont\u00e9limar 4 sterren in de Proven\u00e7aalse Dr\u00f4me<\/h2><div class=\"element bloc-text left \">\n\t<p>Kies ervoor om dicht bij de natuur te zijn door uw volgende vakantie dichtbij Mont\u00e9limar in de regio Rh\u00f4ne-Alpes door te brengen. Onze 4-sterren <a href=\"https:\/\/www.campinglesbastets.com\/nl\/\">camping in de Dr\u00f4me<\/a>, gelegen op 20 minuten rijden van Mont\u00e9limar, verwelkomt u in een groene omgeving die bevorderlijk is voor ontspanning en ontsnapping.<\/p>\n<p>U wordt omringd door ongerepte natuur en geniet van rust, zon en vooral een adembenemend uitzicht op de regio en haar reli\u00ebfs.<\/p>\n<p>Binnen de camping kunt u gratis genieten van voorzieningen zoals: verwarmd zwembad, luxe accommodaties, grote speelplaatsen, natuurgebonden activiteiten, diverse animaties, restaurant-bar, supermarkt en bakkerij.<\/p>\n<\/div><\/div><\/div><\/div><\/section>\n\n<section id=\"section-61cd904691d8a\"\" data-bg-opacite=\"0.2\"data-background=\"https:\/\/www.campinglesbastets.com\/wp-content\/uploads\/2022\/03\/locatif-petit-prix-auvergne.jpg\"data-speed=\"0.8\"class=\"section img-parallax bg-white p-t-0 section--has-bg-img section_bg-parallax\" \/><div class=\"container full\"><\/div><\/section>\n\n<section id=\"section-61cd904691e94\"\" class=\"section page-third  text-image-left bg-white\" \/><div class=\"container extralarge\"><div class=\"colonnes-wrap valign-top \"><div class=\"element colonne w-60 bouee\"><div class=\"element fancybox-container\"><a class=\"fancybox\" href=\"https:\/\/www.campinglesbastets.com\/wp-content\/uploads\/2022\/03\/camping-piscine-pas-cher-auvergne.jpg\"><img decoding=\"async\" src=\"https:\/\/www.campinglesbastets.com\/wp-content\/uploads\/2022\/03\/camping-piscine-pas-cher-auvergne.jpg\" data-src=\"https:\/\/www.campinglesbastets.com\/wp-content\/uploads\/2022\/03\/camping-piscine-pas-cher-auvergne.jpg\" alt=\" Camping met zwembad nabij Mont\u00e9limar\" class=\"images_image\" \/><\/a><\/div><\/div><div class=\"element colonne w-40\"><h2 class=\"element section-title left\"> Camping met zwembad nabij Mont\u00e9limar<\/h2><div class=\"element bloc-text left \">\n\t<p>Als u de voorkeur geeft aan een zwembad boven de zee, dan zult u tevreden zijn met camping Les Bastets, vlakbij Mont\u00e9limar. De camping beschikt over een groot <a href=\"https:\/\/www.campinglesbastets.com\/nl\/zwembad-drome\/\">zwembad<\/a> van 200 m\u00b2. Het aquatische gedeelte is populair bij vakantiegangers, omdat u vanuit het zwembad kunt genieten van het prachtige uitzicht op het Dr\u00f4me-landschap, waaronder de Valdaine-vlakte.<\/p>\n<p>Spetter in het water of ontspan aan de rand van het zwembad om te genieten van de licht geurige lavendelatmosfeer die in de regio heerst. Naast de ideale locatie nabij Mont\u00e9limar is het zwembad aangenaam verwarmd en nodigt het u uit om te zwemmen tijdens de openingstijden. Zo kunt u op elk moment van de dag genieten van rustige ontspanningsmomenten.<\/p>\n<p>Een aangenaam klimaat, perfecte zonneschijn, een rustgevende Proven\u00e7aalse omgeving&#8230; Dit alles zorgt ervoor dat u onvergetelijke momenten beleeft met familie, vrienden of uw partner. Laat uw kinderen zich vermaken in de kinderclub, het terrein verkennen of zich uitleven in ons verwarmde zwembad nabij Mont\u00e9limar met hun nieuwe vrienden. Ondertussen kunt u genieten van uw ontspanningsmomenten en zonnebaden op de ligbedden bij het zwembad.<\/p>\n<\/div><\/div><\/div><\/div><\/section>\n\n<section id=\"section-622221e083f76\"\" data-bg-opacite=\"0.2\"data-background=\"https:\/\/www.campinglesbastets.com\/wp-content\/uploads\/2022\/03\/emplacement-pas-cher-auvergne.jpg\"data-speed=\"0.8\"class=\"section img-parallax bg-white p-t-0 section--has-bg-img section_bg-parallax\" \/><div class=\"container full\"><\/div><\/section>\n\n<section id=\"section-62221c3946804\"\" class=\"section home-first m-b-10 bg-white p-b-0\" \/><div class=\"container extralarge\"><div class=\"colonnes-wrap valign-middle m-b-10\"><div class=\"element colonne w-60\"><div class=\"element images\"><div class=\"image\"><img decoding=\"async\" src=\"https:\/\/www.campinglesbastets.com\/wp-content\/uploads\/2022\/03\/mobil-home-confort-2-chambres.jpg\" data-src=\"https:\/\/www.campinglesbastets.com\/wp-content\/uploads\/2022\/03\/mobil-home-confort-2-chambres.jpg\" alt=\" Huur een mobilhome nabij Mont\u00e9limar\" class=\"images_image\" \/><\/div><\/div><\/div><div class=\"element colonne w-40\"><h2 class=\"element section-title left\">Huur een mobilhome of chalet vlakbij Mont\u00e9limar<\/h2><div class=\"element bloc-text left \">\n\t<p>De 4-sterrencamping Les Bastets, nabij Mont\u00e9limar, biedt een selectie van luxe <a href=\"https:\/\/www.campinglesbastets.com\/nl\/accommodaties\/\">accommodaties<\/a>, van chalets tot lodge-tenten en mobilhomes.<\/p>\n<p>Boek uw geclimatiseerde chalet met een priv\u00e9-wellnessruimte op een camping dicht bij Mont\u00e9limar. De Premium-chalets van 38m\u00b2 en 45m\u00b2 zijn uitgerust met een spa, een terras met een uitzonderlijk uitzicht en een tuinset, en kunnen 4 tot 6 personen herbergen. Het interieur biedt optimaal comfort met 2 of 3 ruime slaapkamers, een volledig uitgeruste keuken, een gezellige woonkamer en 2 badkamers.<\/p>\n<p>De Prestige-chalet van 35m\u00b2 laat u zich bij aankomst meteen thuis voelen. Ideaal voor 4 personen, deze accommodatie heeft 2 slaapkamers, een woonkamer en een badkamer met aparte toiletten. U zult betoverd zijn door de locatie en de charme.<\/p>\n<p>De lodge-tenten bieden een combinatie van luxe, comfort en natuur. Met een oppervlakte van 20m\u00b2 zijn deze huuraccommodaties in de Proven\u00e7aalse Dr\u00f4me in de regio Rh\u00f4ne-Alpes geschikt voor 4 tot 5 personen. Ze beschikken over 2 ruime slaapkamers, een terras met parasol, een uitgeruste keuken en een priv\u00e9 sanitaire ruimte. Als u Mont\u00e9limar bezoekt en authentieke vakanties in het hart van de natuur wilt ervaren, dan zijn deze lodge-tenten perfect voor u.<\/p>\n<\/div><\/div><\/div><\/div><\/section>\n\n<section id=\"section-62221c39513cf\"\" class=\"section text-image-right  bg-white p-t-0\" \/><div class=\"container extralarge\"><div class=\"colonnes-wrap valign-middle \"><div class=\"element colonne w-40\"><div class=\"element bloc-text left \">\n\t<p>De Grand Confort mobilhome voor 4 of 6 personen heeft een oppervlakte van 28m\u00b2 tot 31m\u00b2. Met 2 of 3 slaapkamers, een badkamer gescheiden van het toilet en een woonkamer met kitchenette zijn deze accommodaties ideaal voor vakantiegangers die op zoek zijn naar ruimte. Ze zijn zeer comfortabel, zodat u gezellige momenten kunt doorbrengen tot laat in de avond, vooral op het overdekte terras.<\/p>\n<p>Voor een voordelige vakantie nabij Mont\u00e9limar kiest u voor de Confort mobilhome voor 4 personen. Deze gezellige accommodatie heeft een oppervlakte van 22m\u00b2 en beschikt over 2 slaapkamers, een kitchenette, een sanitaire ruimte, een overdekt terras en een tuin met meubels. Hier kunt u echt genieten van quality time met uw gezin nabij Mont\u00e9limar.<\/p>\n<p>Voor een voordelige vakantie profiteert u ook van de kortingen die de camping biedt, waaronder op de <a href=\"https:\/\/www.campinglesbastets.com\/nl\/standplaatsen-camping\/\">staanplaatsen<\/a> en de huur van mobilhomes nabij Mont\u00e9limar:<\/p>\n<p>10% korting op alle reserveringen tussen 9 juli en 27 augustus;<br \/>\nEen korting voor reserveringen van 10 dagen of meer in het voorjaar;<br \/>\nEen speciale korting voor vakantiegangers die de ACSI-campingkaart presenteren.<\/p>\n<\/div><\/div><div class=\"element colonne w-60 grenouille\"><div class=\"element images\"><div class=\"image\"><img decoding=\"async\" src=\"https:\/\/www.campinglesbastets.com\/wp-content\/uploads\/2022\/03\/jaccuzzi-mobil-home-premium.jpg\" data-src=\"https:\/\/www.campinglesbastets.com\/wp-content\/uploads\/2022\/03\/jaccuzzi-mobil-home-premium.jpg\" alt=\"mobil-home jacuzzi Mont\u00e9limar\" class=\"images_image\" \/><\/div><\/div><\/div><\/div><\/div><\/section>\n\n<section id=\"section-map\"\" class=\"section bg-white\" \/><div class=\"container full\"><div class=\"element bloc-text\">\n\t<iframe src=\"https:\/\/www.google.com\/maps\/embed?pb=!1m28!1m12!1m3!1d90896.38787965463!2d4.749887213169447!3d44.607003213235!2m3!1f0!2f0!3f0!3m2!1i1024!2i768!4f13.1!4m13!3e0!4m5!1s0x12b54322b28cff3f%3A0xe26b629c76bc1aa6!2sCamping%20Dr%C3%B4me%20Les%20Bastets%204%20%C3%A9toiles%2C%20335%20Chem.%20du%20Camping%2C%2026740%20Marsanne!3m2!1d44.6576861!2d4.891070399999999!4m5!1s0x12b56b20487d3a55%3A0x385db27efaf255c0!2sMont%C3%A9limar!3m2!1d44.556944!2d4.749496!5e0!3m2!1sfr!2sfr!4v1671616797455!5m2!1sfr!2sfr\" width=\"100%\" height=\"450\" style=\"border:0;\" allowfullscreen=\"\" loading=\"lazy\" referrerpolicy=\"no-referrer-when-downgrade\"><\/iframe><\/div><\/div><\/section>\n\n<section id=\"section-62221c396e613\"\" class=\"section page-third  text-image-left bg-white\" \/><div class=\"container extralarge\"><div class=\"colonnes-wrap valign-top \"><div class=\"element colonne w-60 bouee\"><div class=\"element images\"><div class=\"image\"><img decoding=\"async\" src=\"https:\/\/www.campinglesbastets.com\/wp-content\/uploads\/2022\/12\/camping-montelimar.jpg\" data-src=\"https:\/\/www.campinglesbastets.com\/wp-content\/uploads\/2022\/12\/camping-montelimar.jpg\" alt=\"camping montelimar\" class=\"images_image\" \/><\/div><\/div><\/div><div class=\"element colonne w-40\"><h2 class=\"element section-title left\">Uw gezinscamping op 20 minuten van Mont\u00e9limar<\/h2><div class=\"element bloc-text left \">\n\t<p>Vind de perfecte gezinscamping onder de campings nabij Mont\u00e9limar voor een geslaagd verblijf met uw kleine gezin. Laat u betoveren door de charme van de Proven\u00e7aalse Dr\u00f4me en vestig u in de 4-sterrencamping Les Bastets, op 20 minuten van Mont\u00e9limar. Ideaal voor een gezinsvakantie, de camping beschikt over talrijke faciliteiten waarmee iedereen zijn geluk kan vinden. Ouders en kinderen zullen een verblijf vol herinneringen en emoties beleven.<\/p>\n<p>Geniet van gezamenlijke activiteiten met het gezin in het aquatisch gebied van de camping nabij Mont\u00e9limar. Voor ouders zijn de terrassen en de zonneterrassen van het zwembad de perfecte plek voor pure ontspanning. Ondertussen kunnen uw kinderen veilig spelen en nieuwe vrienden maken op de camping.<\/p>\n<p>Tieners hebben hun eigen groene ruimte tot hun beschikking, met verschillende speelstructuren: een tokkelbaan, trampolines, opblaasbare speeltoestellen, een voetbalveld en een minigolfbaan. Tafeltennistafels en tafelvoetbal wachten alleen op hen. Voor de kleinsten is er de mini-club van Les Bastets, die verschillende activiteiten en animaties aanbiedt.<\/p>\n<\/div><\/div><\/div><\/div><\/section>","protected":false},"excerpt":{"rendered":"","protected":false},"author":1,"featured_media":7311,"parent":0,"menu_order":0,"comment_status":"closed","ping_status":"closed","template":"","meta":{"_acf_changed":false,"footnotes":""},"class_list":["post-14478","page","type-page","status-publish","has-post-thumbnail","hentry"],"acf":[],"yoast_head":"<!-- This site is optimized with the Yoast SEO plugin v25.3 - https:\/\/yoast.com\/wordpress\/plugins\/seo\/ -->\n<title>Camping Mont\u00e9limar: 4-sterrencamping in Mont\u00e9limar in de Dr\u00f4me<\/title>\n<meta name=\"description\" content=\"Ontdek onze camping nabij Mont\u00e9limar in de Proven\u00e7aalse Dr\u00f4me, met een verwarmd zwembad en comfortabele 4-sterrenaccommodaties!\" \/>\n<meta name=\"robots\" content=\"index, follow, max-snippet:-1, max-image-preview:large, max-video-preview:-1\" \/>\n<link rel=\"canonical\" href=\"https:\/\/www.campinglesbastets.com\/nl\/camping-montelimar\/\" \/>\n<meta property=\"og:locale\" content=\"nl_NL\" \/>\n<meta property=\"og:type\" content=\"article\" \/>\n<meta property=\"og:title\" content=\"Camping Mont\u00e9limar: 4-sterrencamping in Mont\u00e9limar in de Dr\u00f4me\" \/>\n<meta property=\"og:description\" content=\"Ontdek onze camping nabij Mont\u00e9limar in de Proven\u00e7aalse Dr\u00f4me, met een verwarmd zwembad en comfortabele 4-sterrenaccommodaties!\" \/>\n<meta property=\"og:url\" content=\"https:\/\/www.campinglesbastets.com\/nl\/camping-montelimar\/\" \/>\n<meta property=\"og:site_name\" content=\"Camping Les Bastets\" \/>\n<meta property=\"article:modified_time\" content=\"2024-12-05T07:56:08+00:00\" \/>\n<meta property=\"og:image\" content=\"https:\/\/www.campinglesbastets.com\/wp-content\/uploads\/2022\/03\/visiter-montelimar.jpg\" \/>\n\t<meta property=\"og:image:width\" content=\"1900\" \/>\n\t<meta property=\"og:image:height\" content=\"1056\" \/>\n\t<meta property=\"og:image:type\" content=\"image\/jpeg\" \/>\n<meta name=\"twitter:card\" content=\"summary_large_image\" \/>\n<meta name=\"twitter:label1\" content=\"Geschatte leestijd\" \/>\n\t<meta name=\"twitter:data1\" content=\"1 minuut\" \/>\n<script type=\"application\/ld+json\" class=\"yoast-schema-graph\">{\"@context\":\"https:\/\/schema.org\",\"@graph\":[{\"@type\":\"WebPage\",\"@id\":\"https:\/\/www.campinglesbastets.com\/nl\/camping-montelimar\/\",\"url\":\"https:\/\/www.campinglesbastets.com\/nl\/camping-montelimar\/\",\"name\":\"Camping Mont\u00e9limar: 4-sterrencamping in Mont\u00e9limar in de Dr\u00f4me\",\"isPartOf\":{\"@id\":\"https:\/\/www.campinglesbastets.com\/nl\/#website\"},\"primaryImageOfPage\":{\"@id\":\"https:\/\/www.campinglesbastets.com\/nl\/camping-montelimar\/#primaryimage\"},\"image\":{\"@id\":\"https:\/\/www.campinglesbastets.com\/nl\/camping-montelimar\/#primaryimage\"},\"thumbnailUrl\":\"https:\/\/www.campinglesbastets.com\/wp-content\/uploads\/2022\/03\/visiter-montelimar.jpg\",\"datePublished\":\"2022-12-21T09:50:02+00:00\",\"dateModified\":\"2024-12-05T07:56:08+00:00\",\"description\":\"Ontdek onze camping nabij Mont\u00e9limar in de Proven\u00e7aalse Dr\u00f4me, met een verwarmd zwembad en comfortabele 4-sterrenaccommodaties!\",\"breadcrumb\":{\"@id\":\"https:\/\/www.campinglesbastets.com\/nl\/camping-montelimar\/#breadcrumb\"},\"inLanguage\":\"nl-NL\",\"potentialAction\":[{\"@type\":\"ReadAction\",\"target\":[\"https:\/\/www.campinglesbastets.com\/nl\/camping-montelimar\/\"]}]},{\"@type\":\"ImageObject\",\"inLanguage\":\"nl-NL\",\"@id\":\"https:\/\/www.campinglesbastets.com\/nl\/camping-montelimar\/#primaryimage\",\"url\":\"https:\/\/www.campinglesbastets.com\/wp-content\/uploads\/2022\/03\/visiter-montelimar.jpg\",\"contentUrl\":\"https:\/\/www.campinglesbastets.com\/wp-content\/uploads\/2022\/03\/visiter-montelimar.jpg\",\"width\":1900,\"height\":1056,\"caption\":\"visiter montelimar\"},{\"@type\":\"BreadcrumbList\",\"@id\":\"https:\/\/www.campinglesbastets.com\/nl\/camping-montelimar\/#breadcrumb\",\"itemListElement\":[{\"@type\":\"ListItem\",\"position\":1,\"name\":\"Camping Dr\u00f4me\",\"item\":\"https:\/\/www.campinglesbastets.com\/nl\/\"},{\"@type\":\"ListItem\",\"position\":2,\"name\":\"Kampeer nabij Mont\u00e9limar\"}]},{\"@type\":\"WebSite\",\"@id\":\"https:\/\/www.campinglesbastets.com\/nl\/#website\",\"url\":\"https:\/\/www.campinglesbastets.com\/nl\/\",\"name\":\"Camping Les Bastets\",\"description\":\"\",\"publisher\":{\"@id\":\"https:\/\/www.campinglesbastets.com\/nl\/#organization\"},\"potentialAction\":[{\"@type\":\"SearchAction\",\"target\":{\"@type\":\"EntryPoint\",\"urlTemplate\":\"https:\/\/www.campinglesbastets.com\/nl\/?s={search_term_string}\"},\"query-input\":{\"@type\":\"PropertyValueSpecification\",\"valueRequired\":true,\"valueName\":\"search_term_string\"}}],\"inLanguage\":\"nl-NL\"},{\"@type\":\"Organization\",\"@id\":\"https:\/\/www.campinglesbastets.com\/nl\/#organization\",\"name\":\"Camping Les Bastets\",\"url\":\"https:\/\/www.campinglesbastets.com\/nl\/\",\"logo\":{\"@type\":\"ImageObject\",\"inLanguage\":\"nl-NL\",\"@id\":\"https:\/\/www.campinglesbastets.com\/nl\/#\/schema\/logo\/image\/\",\"url\":\"https:\/\/www.campinglesbastets.com\/wp-content\/uploads\/2022\/02\/favicon-1.png\",\"contentUrl\":\"https:\/\/www.campinglesbastets.com\/wp-content\/uploads\/2022\/02\/favicon-1.png\",\"width\":1423,\"height\":1423,\"caption\":\"Camping Les Bastets\"},\"image\":{\"@id\":\"https:\/\/www.campinglesbastets.com\/nl\/#\/schema\/logo\/image\/\"}}]}<\/script>\n<!-- \/ Yoast SEO plugin. -->","yoast_head_json":{"title":"Camping Mont\u00e9limar: 4-sterrencamping in Mont\u00e9limar in de Dr\u00f4me","description":"Ontdek onze camping nabij Mont\u00e9limar in de Proven\u00e7aalse Dr\u00f4me, met een verwarmd zwembad en comfortabele 4-sterrenaccommodaties!","robots":{"index":"index","follow":"follow","max-snippet":"max-snippet:-1","max-image-preview":"max-image-preview:large","max-video-preview":"max-video-preview:-1"},"canonical":"https:\/\/www.campinglesbastets.com\/nl\/camping-montelimar\/","og_locale":"nl_NL","og_type":"article","og_title":"Camping Mont\u00e9limar: 4-sterrencamping in Mont\u00e9limar in de Dr\u00f4me","og_description":"Ontdek onze camping nabij Mont\u00e9limar in de Proven\u00e7aalse Dr\u00f4me, met een verwarmd zwembad en comfortabele 4-sterrenaccommodaties!","og_url":"https:\/\/www.campinglesbastets.com\/nl\/camping-montelimar\/","og_site_name":"Camping Les Bastets","article_modified_time":"2024-12-05T07:56:08+00:00","og_image":[{"width":1900,"height":1056,"url":"https:\/\/www.campinglesbastets.com\/wp-content\/uploads\/2022\/03\/visiter-montelimar.jpg","type":"image\/jpeg"}],"twitter_card":"summary_large_image","twitter_misc":{"Geschatte leestijd":"1 minuut"},"schema":{"@context":"https:\/\/schema.org","@graph":[{"@type":"WebPage","@id":"https:\/\/www.campinglesbastets.com\/nl\/camping-montelimar\/","url":"https:\/\/www.campinglesbastets.com\/nl\/camping-montelimar\/","name":"Camping Mont\u00e9limar: 4-sterrencamping in Mont\u00e9limar in de Dr\u00f4me","isPartOf":{"@id":"https:\/\/www.campinglesbastets.com\/nl\/#website"},"primaryImageOfPage":{"@id":"https:\/\/www.campinglesbastets.com\/nl\/camping-montelimar\/#primaryimage"},"image":{"@id":"https:\/\/www.campinglesbastets.com\/nl\/camping-montelimar\/#primaryimage"},"thumbnailUrl":"https:\/\/www.campinglesbastets.com\/wp-content\/uploads\/2022\/03\/visiter-montelimar.jpg","datePublished":"2022-12-21T09:50:02+00:00","dateModified":"2024-12-05T07:56:08+00:00","description":"Ontdek onze camping nabij Mont\u00e9limar in de Proven\u00e7aalse Dr\u00f4me, met een verwarmd zwembad en comfortabele 4-sterrenaccommodaties!","breadcrumb":{"@id":"https:\/\/www.campinglesbastets.com\/nl\/camping-montelimar\/#breadcrumb"},"inLanguage":"nl-NL","potentialAction":[{"@type":"ReadAction","target":["https:\/\/www.campinglesbastets.com\/nl\/camping-montelimar\/"]}]},{"@type":"ImageObject","inLanguage":"nl-NL","@id":"https:\/\/www.campinglesbastets.com\/nl\/camping-montelimar\/#primaryimage","url":"https:\/\/www.campinglesbastets.com\/wp-content\/uploads\/2022\/03\/visiter-montelimar.jpg","contentUrl":"https:\/\/www.campinglesbastets.com\/wp-content\/uploads\/2022\/03\/visiter-montelimar.jpg","width":1900,"height":1056,"caption":"visiter montelimar"},{"@type":"BreadcrumbList","@id":"https:\/\/www.campinglesbastets.com\/nl\/camping-montelimar\/#breadcrumb","itemListElement":[{"@type":"ListItem","position":1,"name":"Camping Dr\u00f4me","item":"https:\/\/www.campinglesbastets.com\/nl\/"},{"@type":"ListItem","position":2,"name":"Kampeer nabij Mont\u00e9limar"}]},{"@type":"WebSite","@id":"https:\/\/www.campinglesbastets.com\/nl\/#website","url":"https:\/\/www.campinglesbastets.com\/nl\/","name":"Camping Les Bastets","description":"","publisher":{"@id":"https:\/\/www.campinglesbastets.com\/nl\/#organization"},"potentialAction":[{"@type":"SearchAction","target":{"@type":"EntryPoint","urlTemplate":"https:\/\/www.campinglesbastets.com\/nl\/?s={search_term_string}"},"query-input":{"@type":"PropertyValueSpecification","valueRequired":true,"valueName":"search_term_string"}}],"inLanguage":"nl-NL"},{"@type":"Organization","@id":"https:\/\/www.campinglesbastets.com\/nl\/#organization","name":"Camping Les Bastets","url":"https:\/\/www.campinglesbastets.com\/nl\/","logo":{"@type":"ImageObject","inLanguage":"nl-NL","@id":"https:\/\/www.campinglesbastets.com\/nl\/#\/schema\/logo\/image\/","url":"https:\/\/www.campinglesbastets.com\/wp-content\/uploads\/2022\/02\/favicon-1.png","contentUrl":"https:\/\/www.campinglesbastets.com\/wp-content\/uploads\/2022\/02\/favicon-1.png","width":1423,"height":1423,"caption":"Camping Les Bastets"},"image":{"@id":"https:\/\/www.campinglesbastets.com\/nl\/#\/schema\/logo\/image\/"}}]}},"_links":{"self":[{"href":"https:\/\/www.campinglesbastets.com\/nl\/wp-json\/wp\/v2\/pages\/14478","targetHints":{"allow":["GET"]}}],"collection":[{"href":"https:\/\/www.campinglesbastets.com\/nl\/wp-json\/wp\/v2\/pages"}],"about":[{"href":"https:\/\/www.campinglesbastets.com\/nl\/wp-json\/wp\/v2\/types\/page"}],"author":[{"embeddable":true,"href":"https:\/\/www.campinglesbastets.com\/nl\/wp-json\/wp\/v2\/users\/1"}],"replies":[{"embeddable":true,"href":"https:\/\/www.campinglesbastets.com\/nl\/wp-json\/wp\/v2\/comments?post=14478"}],"version-history":[{"count":3,"href":"https:\/\/www.campinglesbastets.com\/nl\/wp-json\/wp\/v2\/pages\/14478\/revisions"}],"predecessor-version":[{"id":14744,"href":"https:\/\/www.campinglesbastets.com\/nl\/wp-json\/wp\/v2\/pages\/14478\/revisions\/14744"}],"wp:featuredmedia":[{"embeddable":true,"href":"https:\/\/www.campinglesbastets.com\/nl\/wp-json\/wp\/v2\/media\/7311"}],"wp:attachment":[{"href":"https:\/\/www.campinglesbastets.com\/nl\/wp-json\/wp\/v2\/media?parent=14478"}],"curies":[{"name":"wp","href":"https:\/\/api.w.org\/{rel}","templated":true}]}}