{"id":14468,"date":"2022-03-04T15:01:14","date_gmt":"2022-03-04T14:01:14","guid":{"rendered":"https:\/\/www.campinglesbastets.com\/camping-rhone-alpes\/"},"modified":"2026-02-26T11:54:02","modified_gmt":"2026-02-26T10:54:02","slug":"camping-rhone-alpes","status":"publish","type":"page","link":"https:\/\/www.campinglesbastets.com\/nl\/camping-rhone-alpes\/","title":{"rendered":"Camping Rh\u00f4ne Alpes"},"content":{"rendered":"<section id=\"section-6228d701320dd\"\" class=\"section bg-white p-b-0\" \/><div class=\"container extralarge\"><h1 class=\"element section-title center\">4-sterrencamping in Rh\u00f4ne-Alpes<\/h1><\/div><\/section>\n\n<section id=\"section-61cd904691b94\"\" class=\"section home-first bg-white\" \/><div class=\"container extralarge\"><div class=\"colonnes-wrap valign-middle \"><div class=\"element colonne w-60\"><div class=\"element fancybox-container\"><a class=\"fancybox\" href=\"https:\/\/www.campinglesbastets.com\/wp-content\/uploads\/2022\/03\/location-mobil-home-pas-cher-auvergne.jpg\"><img decoding=\"async\" src=\"https:\/\/www.campinglesbastets.com\/wp-content\/uploads\/2022\/03\/location-mobil-home-pas-cher-auvergne.jpg\" data-src=\"https:\/\/www.campinglesbastets.com\/wp-content\/uploads\/2022\/03\/location-mobil-home-pas-cher-auvergne.jpg\" alt=\"camping rh\u00f4ne alpes\" class=\"images_image\" \/><\/a><\/div><\/div><div class=\"element colonne w-40\"><h2 class=\"element section-title left m-t-6\">4-sterrenverblijf op een camping in Rh\u00f4ne-Alpes<\/h2><div class=\"element bloc-text left \">\n\t<p>Ontspan volledig in onze <a href=\"https:\/\/www.campinglesbastets.com\/nl\/\">camping in de Dr\u00f4me in Frankrijk<\/a> en geniet van de vele services die tot uw beschikking staan.<\/p>\n<p>Om u dagelijks optimaal comfort te bieden en een zorgeloze vakantie te garanderen, beschikt onze 4-sterrencamping in de Dr\u00f4me over een restaurant en pizzeria, een snackbar met bar, een kruidenierswinkel en een boetiek met ambachtelijke producten en streekproducten. Er is ook een barbecuezone voor gezellige grillavonden.<\/p>\n<p>De hele camping is voorzien van Wifi. Voor uw gemak hebben we een wasserette met twee wasmachines en een droger, en bieden we de verhuur van linnenpakketten, handdoeken en babyspullen aan.<\/p>\n<\/div><\/div><\/div><\/div><\/section>\n\n<section id=\"section-61cd904691cc4\"\" class=\"section text-image-right  bg-color3\" \/><div class=\"container extralarge\"><div class=\"colonnes-wrap valign-top \"><div class=\"element colonne w-40\"><div class=\"element bloc-text left \">\n\t<p>Onder onze vele recreatieve voorzieningen vindt u een minigolf, trampolines, een kleine klimparcours, opblaasbare speeltoestellen, een tokkelbaan, een multisportterrein, een zwembad en een bibliotheek. Perfect voor een ontspannen familievakantie in de regio Rh\u00f4ne-Alpes!<\/p>\n<p>In de weekenden vanaf mei en dagelijks van half juni tot eind september kunt u genieten van ons restaurant met heerlijke gerechten.<\/p>\n<\/div><\/div><div class=\"element colonne w-60\"><div class=\"element fancybox-container\"><a class=\"fancybox\" href=\"https:\/\/www.campinglesbastets.com\/wp-content\/uploads\/2022\/03\/camping-petit-prix-auvergne.jpg\"><img decoding=\"async\" src=\"https:\/\/www.campinglesbastets.com\/wp-content\/uploads\/2022\/03\/camping-petit-prix-auvergne.jpg\" data-src=\"https:\/\/www.campinglesbastets.com\/wp-content\/uploads\/2022\/03\/camping-petit-prix-auvergne.jpg\" alt=\" Activiteit in Rh\u00f4ne-Alpes\" class=\"images_image\" \/><\/a><\/div><\/div><\/div><\/div><\/section>\n\n<section id=\"section-61cd904691d8a\"\" data-bg-opacite=\"0.2\"data-background=\"https:\/\/www.campinglesbastets.com\/wp-content\/uploads\/2022\/03\/locatif-petit-prix-auvergne.jpg\"data-speed=\"0.8\"class=\"section img-parallax bg-white p-t-0 section--has-bg-img section_bg-parallax\" \/><div class=\"container full\"><\/div><\/section>\n\n<section id=\"section-61cd904691e94\"\" class=\"section page-third  text-image-left bg-white\" \/><div class=\"container extralarge\"><div class=\"colonnes-wrap valign-top \"><div class=\"element colonne w-60 bouee\"><div class=\"element fancybox-container\"><a class=\"fancybox\" href=\"https:\/\/www.campinglesbastets.com\/wp-content\/uploads\/2022\/03\/camping-piscine-pas-cher-auvergne.jpg\"><img decoding=\"async\" src=\"https:\/\/www.campinglesbastets.com\/wp-content\/uploads\/2022\/03\/camping-piscine-pas-cher-auvergne.jpg\" data-src=\"https:\/\/www.campinglesbastets.com\/wp-content\/uploads\/2022\/03\/camping-piscine-pas-cher-auvergne.jpg\" alt=\"Camping met zwembad Rh\u00f4ne-Alpes\" class=\"images_image\" \/><\/a><\/div><\/div><div class=\"element colonne w-40\"><h2 class=\"element section-title left\">Camping met waterpark in Rh\u00f4ne-Alpes<\/h2><div class=\"element bloc-text left \">\n\t<p>Wilt u tijdens uw gezinsvakantie genieten van een camping met zwembad in Rh\u00f4ne-Alpes?<\/p>\n<p>Les Bastets biedt al haar kampeerders en huurders een verwarmd <a href=\"https:\/\/www.campinglesbastets.com\/nl\/zwembad-drome\/\">zwembad<\/a>: gelegen in een prachtige omgeving, omringd door eindeloos groen, nodigt het zwembad u uit voor lange uren zwemmen en ontspanning onder de gulle zon van Rh\u00f4ne-Alpes.<\/p>\n<p>Het 200 m\u00b2 grote bassin, omgeven door lavendelvelden en met de heuvels aan de horizon, biedt ruimte voor gezellige groepsactiviteiten. Vanaf eind april wordt het zwembad verwarmd tot een ideale temperatuur, zodat u al vanaf de eerste dagen van het seizoen kunt genieten van zwemmen, zonnebaden en waterplezier.<\/p>\n<\/div><\/div><\/div><\/div><\/section>\n\n<section id=\"section-61cd904691f86\"\" class=\"section page-fourth text-image-right bg-white\" \/><div class=\"container extralarge\"><div class=\"colonnes-wrap valign-top \"><div class=\"element colonne w-40\"><div class=\"element bloc-text left white\">\n\t<p>Tijdens uw verblijf van tien dagen of langer heeft u alle tijd om te genieten van de vele activiteiten die voor u beschikbaar zijn. Zon en volop vrije tijd staan op het programma, zodat u alles in uw eigen tempo kunt doen. Dit is een aangename afwisseling van het vaak hectische ritme van het hoogseizoen. Bij ons kunt u genieten van het comfort en de rust die u verdient.<\/p>\n<p>Door bij ons te verblijven, profiteert u niet alleen van 10% korting op uw accommodatie, maar heeft u ook meer ruimte in uw budget om uzelf te verwennen en onvergetelijke herinneringen te cre\u00ebren. Of u nu op zoek bent naar een voordelige camping in de Dr\u00f4me of een luxe verblijf, onze camping in Rh\u00f4ne-Alpes is de perfecte plek voor u.<\/p>\n<\/div><\/div><div class=\"element colonne w-60\"><div class=\"element fancybox-container\"><a class=\"fancybox\" href=\"https:\/\/www.campinglesbastets.com\/wp-content\/uploads\/2022\/03\/locatif-pas-cher-auvergne.jpg\"><img decoding=\"async\" src=\"https:\/\/www.campinglesbastets.com\/wp-content\/uploads\/2022\/03\/locatif-pas-cher-auvergne.jpg\" data-src=\"https:\/\/www.campinglesbastets.com\/wp-content\/uploads\/2022\/03\/locatif-pas-cher-auvergne.jpg\" alt=\"Zwembad in Rh\u00f4ne-Alpes\" class=\"images_image\" \/><\/a><\/div><\/div><\/div><\/div><\/section>\n\n<section id=\"section-622221e083f76\"\" data-bg-opacite=\"0.2\"data-background=\"https:\/\/www.campinglesbastets.com\/wp-content\/uploads\/2022\/03\/emplacement-pas-cher-auvergne.jpg\"data-speed=\"0.8\"class=\"section img-parallax bg-white p-t-0 section--has-bg-img section_bg-parallax\" \/><div class=\"container full\"><\/div><\/section>\n\n<section id=\"section-62221c3946804\"\" class=\"section home-first m-b-10 bg-white p-b-0\" \/><div class=\"container extralarge\"><div class=\"colonnes-wrap valign-middle m-b-10\"><div class=\"element colonne w-60\"><div class=\"element images\"><div class=\"image\"><img decoding=\"async\" src=\"https:\/\/www.campinglesbastets.com\/wp-content\/uploads\/2022\/03\/mobil-home-confort-2-chambres.jpg\" data-src=\"https:\/\/www.campinglesbastets.com\/wp-content\/uploads\/2022\/03\/mobil-home-confort-2-chambres.jpg\" alt=\" Een mobilhome huren in Rh\u00f4ne-Alpes\" class=\"images_image\" \/><\/div><\/div><\/div><div class=\"element colonne w-40\"><h2 class=\"element section-title left\">Huur van mobilhomes en staanplaatsen in de Rh\u00f4nevallei<\/h2><div class=\"element bloc-text left \">\n\t<p>Geniet van een verkwikkend en revitaliserend verblijf door een <a href=\"https:\/\/www.campinglesbastets.com\/nl\/standplaatsen-camping\/\">staanplaats<\/a> te huren in Rh\u00f4ne-Alpes, in een heuvelachtig landschap dat u elke dag een adembenemend uitzicht biedt. Heeft u zin in een groene vakantie?<\/p>\n<p>Camping Les Bastets biedt u de mogelijkheid om uw camper te parkeren, uw caravan op te zetten of uw tent te plaatsen in Rh\u00f4ne-Alpes, op een van de ruime plekken met elektriciteit. Voor uw comfort zijn er moderne sanitaire voorzieningen, een babybadkamer, een wasserette en een barbecuezone beschikbaar.<\/p>\n<\/div><\/div><\/div><\/div><\/section>\n\n<section id=\"section-62221c39513cf\"\" class=\"section text-image-right  bg-white p-t-0\" \/><div class=\"container extralarge\"><div class=\"colonnes-wrap valign-middle \"><div class=\"element colonne w-40\"><div class=\"element bloc-text left \">\n\t<p>Verkiest u het gezellige comfort en de hoogwaardige voorzieningen van een mobilhome voor uw vakantie op de camping in Rh\u00f4ne-Alpes?<\/p>\n<p>Bij de 4-sterrencamping Les Bastets zijn <a href=\"https:\/\/www.campinglesbastets.com\/nl\/accommodaties\/\"><span style=\"font-weight: 400;\">verschillende huuraccommodaties<\/span><\/a> beschikbaar, allemaal met een charmante houten architectuur. Liefhebbers van bijzondere verhuurmogelijkheden in de Dr\u00f4me en van een vakantie in de buitenlucht zullen kiezen voor een Nature of Nature Luxe lodge om te genieten van de ontsnapping en de geneugten van het dagelijks leven in de natuur. Voor een comfortabele en eenvoudige verblijfservaring is de Confort mobilhome een zeer aangename en voordelige gezinsaccommodatie.<\/p>\n<p>Verwacht u luxueuze comfortvoorzieningen en een uitzonderlijk verblijf in Rh\u00f4ne-Alpes? Kies dan voor de verhuur van een <a href=\"https:\/\/www.campinglesbastets.com\/nl\/accommodatie\/houten-chalet-nieuw-2017\/\">chalet<\/a> of mobilhome in de regio Rh\u00f4ne-Alpes. De Comfort-, Grand Comfort- en Prestige-lijnen zijn beschikbaar met airconditioning.<\/p>\n<\/div><\/div><div class=\"element colonne w-60 grenouille\"><div class=\"element images\"><div class=\"image\"><img decoding=\"async\" src=\"https:\/\/www.campinglesbastets.com\/wp-content\/uploads\/2022\/03\/jaccuzzi-mobil-home-premium.jpg\" data-src=\"https:\/\/www.campinglesbastets.com\/wp-content\/uploads\/2022\/03\/jaccuzzi-mobil-home-premium.jpg\" alt=\"mobil-home jacuzzi Rh\u00f4ne Alpes\" class=\"images_image\" \/><\/div><\/div><\/div><\/div><\/div><\/section>\n\n<section id=\"section-62221c395b3c0\"\" data-bg-opacite=\"0.2\"data-background=\"https:\/\/www.campinglesbastets.com\/wp-content\/uploads\/2022\/03\/hebergement-pas-cher-auvergne-1.jpg\"data-speed=\"0.8\"class=\"section img-parallax bg-white section--has-bg-img section_bg-parallax\" \/><div class=\"container full\"><\/div><\/section>\n\n<section id=\"section-62221c396e613\"\" class=\"section page-third  text-image-left bg-white\" \/><div class=\"container extralarge\"><div class=\"colonnes-wrap valign-top \"><div class=\"element colonne w-60 bouee\"><div class=\"element images\"><div class=\"image\"><img decoding=\"async\" src=\"https:\/\/www.campinglesbastets.com\/wp-content\/uploads\/2022\/03\/camping-pas-cher-lac-chambon.jpg\" data-src=\"https:\/\/www.campinglesbastets.com\/wp-content\/uploads\/2022\/03\/camping-pas-cher-lac-chambon.jpg\" alt=\"camping les Bastets in Rh\u00f4ne Alpes\" class=\"images_image\" \/><\/div><\/div><\/div><div class=\"element colonne w-40\"><h2 class=\"element section-title left\"> Vakantie in de regio Rh\u00f4ne-Alpes<\/h2><div class=\"element bloc-text left \">\n\t<p>Hoewel de regio Rh\u00f4ne-Alpes bekend staat om het Annecy-meer, de Mont Blanc en zijn skigebieden zoals Meg\u00e8ve en Courchevel, is het ook beroemd om Valence, de hoofdstad van de Dr\u00f4me, de wijnen uit de Rh\u00f4nevallei en de onmiskenbare gorges de l\u2019Ard\u00e8che, die vlakbij camping Les Bastets liggen.<\/p>\n<\/div><\/div><\/div><\/div><\/section>\n\n<section id=\"section-62221c395ecb3\"\" class=\"section page-fourth text-image-right bg-white\" \/><div class=\"container extralarge\"><div class=\"colonnes-wrap valign-top \"><div class=\"element colonne w-40\"><div class=\"element bloc-text left \">\n\t<p>Maak u klaar voor een overvloed aan bezoeken en activiteiten tijdens uw verblijf op de camping in Rh\u00f4ne-Alpes, met de ontdekking van Mont\u00e9limar en zijn prachtige kasteel, mythische locaties zoals het ideale paleis van postbode Cheval, of ondergrondse schatten zoals de grot van Tha\u00efs. In Rh\u00f4ne-Alpes wachten ook karakteristieke dorpen op u, waarvan de goed bewaarde decors u soms in de tijd zullen terugbrengen: mis Grignan of Mirmande niet, ware juwelen van de regio, of Valence.<\/p>\n<p>Vakantie in Rh\u00f4ne-Alpes betekent ook genieten van de meren in de Dr\u00f4me, de prachtige landschappen van het regionale natuurpark Vercors, de kleuren en betoverende geuren van lavendelvelden of de frisheid van het heldere water van de rivier de Dr\u00f4me, waarvan de loop punctueel is met meren en watervallen. Tussen wandelingen, buitensporten, culturele bezoeken en het ontdekken van een rijke culinaire traditie, zal uw verblijf in Rh\u00f4ne-Alpes zeker indruk op u maken.<\/p>\n<\/div><\/div><div class=\"element colonne w-60\"><div class=\"element images\"><div class=\"image\"><img decoding=\"async\" src=\"https:\/\/www.campinglesbastets.com\/wp-content\/uploads\/2022\/03\/mobil-home-pas-cher-auvergne-1.jpg\" data-src=\"https:\/\/www.campinglesbastets.com\/wp-content\/uploads\/2022\/03\/mobil-home-pas-cher-auvergne-1.jpg\" alt=\"vacances en Rh\u00f4ne Alpes\" class=\"images_image\" \/><\/div><\/div><\/div><\/div><\/div><\/section>","protected":false},"excerpt":{"rendered":"","protected":false},"author":1,"featured_media":924,"parent":0,"menu_order":0,"comment_status":"closed","ping_status":"closed","template":"","meta":{"_acf_changed":false,"footnotes":""},"class_list":["post-14468","page","type-page","status-publish","has-post-thumbnail","hentry"],"acf":[],"yoast_head":"<!-- This site is optimized with the Yoast SEO plugin v25.3 - https:\/\/yoast.com\/wordpress\/plugins\/seo\/ -->\n<title>4-sterrencamping Rh\u00f4ne-Alpes: verhuur van mobilhomes en staanplaatsen<\/title>\n<meta name=\"description\" content=\"Ontdek onze 4-sterrencamping in Rh\u00f4ne-Alpes met comfortabele mobilhomes en ruime staanplaatsen. Geniet van een onvergetelijke vakantie in de natuur met hoogwaardige voorzieningen en activiteiten voor het hele gezin!\" \/>\n<meta name=\"robots\" content=\"index, follow, max-snippet:-1, max-image-preview:large, max-video-preview:-1\" \/>\n<link rel=\"canonical\" href=\"https:\/\/www.campinglesbastets.com\/nl\/camping-rhone-alpes\/\" \/>\n<meta property=\"og:locale\" content=\"nl_NL\" \/>\n<meta property=\"og:type\" content=\"article\" \/>\n<meta property=\"og:title\" content=\"4-sterrencamping Rh\u00f4ne-Alpes: verhuur van mobilhomes en staanplaatsen\" \/>\n<meta property=\"og:description\" content=\"Ontdek onze 4-sterrencamping in Rh\u00f4ne-Alpes met comfortabele mobilhomes en ruime staanplaatsen. Geniet van een onvergetelijke vakantie in de natuur met hoogwaardige voorzieningen en activiteiten voor het hele gezin!\" \/>\n<meta property=\"og:url\" content=\"https:\/\/www.campinglesbastets.com\/nl\/camping-rhone-alpes\/\" \/>\n<meta property=\"og:site_name\" content=\"Camping Les Bastets\" \/>\n<meta property=\"article:modified_time\" content=\"2026-02-26T10:54:02+00:00\" \/>\n<meta property=\"og:image\" content=\"https:\/\/www.campinglesbastets.com\/wp-content\/uploads\/2022\/02\/camping-les-bastets-marsanne.jpg\" \/>\n\t<meta property=\"og:image:width\" content=\"1000\" \/>\n\t<meta property=\"og:image:height\" content=\"667\" \/>\n\t<meta property=\"og:image:type\" content=\"image\/jpeg\" \/>\n<meta name=\"twitter:card\" content=\"summary_large_image\" \/>\n<meta name=\"twitter:label1\" content=\"Geschatte leestijd\" \/>\n\t<meta name=\"twitter:data1\" content=\"1 minuut\" \/>\n<script type=\"application\/ld+json\" class=\"yoast-schema-graph\">{\"@context\":\"https:\/\/schema.org\",\"@graph\":[{\"@type\":\"WebPage\",\"@id\":\"https:\/\/www.campinglesbastets.com\/nl\/camping-rhone-alpes\/\",\"url\":\"https:\/\/www.campinglesbastets.com\/nl\/camping-rhone-alpes\/\",\"name\":\"4-sterrencamping Rh\u00f4ne-Alpes: verhuur van mobilhomes en staanplaatsen\",\"isPartOf\":{\"@id\":\"https:\/\/www.campinglesbastets.com\/nl\/#website\"},\"primaryImageOfPage\":{\"@id\":\"https:\/\/www.campinglesbastets.com\/nl\/camping-rhone-alpes\/#primaryimage\"},\"image\":{\"@id\":\"https:\/\/www.campinglesbastets.com\/nl\/camping-rhone-alpes\/#primaryimage\"},\"thumbnailUrl\":\"https:\/\/www.campinglesbastets.com\/wp-content\/uploads\/2022\/02\/camping-les-bastets-marsanne.jpg\",\"datePublished\":\"2022-03-04T14:01:14+00:00\",\"dateModified\":\"2026-02-26T10:54:02+00:00\",\"description\":\"Ontdek onze 4-sterrencamping in Rh\u00f4ne-Alpes met comfortabele mobilhomes en ruime staanplaatsen. Geniet van een onvergetelijke vakantie in de natuur met hoogwaardige voorzieningen en activiteiten voor het hele gezin!\",\"breadcrumb\":{\"@id\":\"https:\/\/www.campinglesbastets.com\/nl\/camping-rhone-alpes\/#breadcrumb\"},\"inLanguage\":\"nl-NL\",\"potentialAction\":[{\"@type\":\"ReadAction\",\"target\":[\"https:\/\/www.campinglesbastets.com\/nl\/camping-rhone-alpes\/\"]}]},{\"@type\":\"ImageObject\",\"inLanguage\":\"nl-NL\",\"@id\":\"https:\/\/www.campinglesbastets.com\/nl\/camping-rhone-alpes\/#primaryimage\",\"url\":\"https:\/\/www.campinglesbastets.com\/wp-content\/uploads\/2022\/02\/camping-les-bastets-marsanne.jpg\",\"contentUrl\":\"https:\/\/www.campinglesbastets.com\/wp-content\/uploads\/2022\/02\/camping-les-bastets-marsanne.jpg\",\"width\":1000,\"height\":667,\"caption\":\"camping les bastets marsanne\"},{\"@type\":\"BreadcrumbList\",\"@id\":\"https:\/\/www.campinglesbastets.com\/nl\/camping-rhone-alpes\/#breadcrumb\",\"itemListElement\":[{\"@type\":\"ListItem\",\"position\":1,\"name\":\"Camping Dr\u00f4me\",\"item\":\"https:\/\/www.campinglesbastets.com\/nl\/\"},{\"@type\":\"ListItem\",\"position\":2,\"name\":\"Kampeer in Rh\u00f4ne-Alpes\"}]},{\"@type\":\"WebSite\",\"@id\":\"https:\/\/www.campinglesbastets.com\/nl\/#website\",\"url\":\"https:\/\/www.campinglesbastets.com\/nl\/\",\"name\":\"Camping Les Bastets\",\"description\":\"\",\"publisher\":{\"@id\":\"https:\/\/www.campinglesbastets.com\/nl\/#organization\"},\"potentialAction\":[{\"@type\":\"SearchAction\",\"target\":{\"@type\":\"EntryPoint\",\"urlTemplate\":\"https:\/\/www.campinglesbastets.com\/nl\/?s={search_term_string}\"},\"query-input\":{\"@type\":\"PropertyValueSpecification\",\"valueRequired\":true,\"valueName\":\"search_term_string\"}}],\"inLanguage\":\"nl-NL\"},{\"@type\":\"Organization\",\"@id\":\"https:\/\/www.campinglesbastets.com\/nl\/#organization\",\"name\":\"Camping Les Bastets\",\"url\":\"https:\/\/www.campinglesbastets.com\/nl\/\",\"logo\":{\"@type\":\"ImageObject\",\"inLanguage\":\"nl-NL\",\"@id\":\"https:\/\/www.campinglesbastets.com\/nl\/#\/schema\/logo\/image\/\",\"url\":\"https:\/\/www.campinglesbastets.com\/wp-content\/uploads\/2022\/02\/favicon-1.png\",\"contentUrl\":\"https:\/\/www.campinglesbastets.com\/wp-content\/uploads\/2022\/02\/favicon-1.png\",\"width\":1423,\"height\":1423,\"caption\":\"Camping Les Bastets\"},\"image\":{\"@id\":\"https:\/\/www.campinglesbastets.com\/nl\/#\/schema\/logo\/image\/\"}}]}<\/script>\n<!-- \/ Yoast SEO plugin. -->","yoast_head_json":{"title":"4-sterrencamping Rh\u00f4ne-Alpes: verhuur van mobilhomes en staanplaatsen","description":"Ontdek onze 4-sterrencamping in Rh\u00f4ne-Alpes met comfortabele mobilhomes en ruime staanplaatsen. Geniet van een onvergetelijke vakantie in de natuur met hoogwaardige voorzieningen en activiteiten voor het hele gezin!","robots":{"index":"index","follow":"follow","max-snippet":"max-snippet:-1","max-image-preview":"max-image-preview:large","max-video-preview":"max-video-preview:-1"},"canonical":"https:\/\/www.campinglesbastets.com\/nl\/camping-rhone-alpes\/","og_locale":"nl_NL","og_type":"article","og_title":"4-sterrencamping Rh\u00f4ne-Alpes: verhuur van mobilhomes en staanplaatsen","og_description":"Ontdek onze 4-sterrencamping in Rh\u00f4ne-Alpes met comfortabele mobilhomes en ruime staanplaatsen. Geniet van een onvergetelijke vakantie in de natuur met hoogwaardige voorzieningen en activiteiten voor het hele gezin!","og_url":"https:\/\/www.campinglesbastets.com\/nl\/camping-rhone-alpes\/","og_site_name":"Camping Les Bastets","article_modified_time":"2026-02-26T10:54:02+00:00","og_image":[{"width":1000,"height":667,"url":"https:\/\/www.campinglesbastets.com\/wp-content\/uploads\/2022\/02\/camping-les-bastets-marsanne.jpg","type":"image\/jpeg"}],"twitter_card":"summary_large_image","twitter_misc":{"Geschatte leestijd":"1 minuut"},"schema":{"@context":"https:\/\/schema.org","@graph":[{"@type":"WebPage","@id":"https:\/\/www.campinglesbastets.com\/nl\/camping-rhone-alpes\/","url":"https:\/\/www.campinglesbastets.com\/nl\/camping-rhone-alpes\/","name":"4-sterrencamping Rh\u00f4ne-Alpes: verhuur van mobilhomes en staanplaatsen","isPartOf":{"@id":"https:\/\/www.campinglesbastets.com\/nl\/#website"},"primaryImageOfPage":{"@id":"https:\/\/www.campinglesbastets.com\/nl\/camping-rhone-alpes\/#primaryimage"},"image":{"@id":"https:\/\/www.campinglesbastets.com\/nl\/camping-rhone-alpes\/#primaryimage"},"thumbnailUrl":"https:\/\/www.campinglesbastets.com\/wp-content\/uploads\/2022\/02\/camping-les-bastets-marsanne.jpg","datePublished":"2022-03-04T14:01:14+00:00","dateModified":"2026-02-26T10:54:02+00:00","description":"Ontdek onze 4-sterrencamping in Rh\u00f4ne-Alpes met comfortabele mobilhomes en ruime staanplaatsen. Geniet van een onvergetelijke vakantie in de natuur met hoogwaardige voorzieningen en activiteiten voor het hele gezin!","breadcrumb":{"@id":"https:\/\/www.campinglesbastets.com\/nl\/camping-rhone-alpes\/#breadcrumb"},"inLanguage":"nl-NL","potentialAction":[{"@type":"ReadAction","target":["https:\/\/www.campinglesbastets.com\/nl\/camping-rhone-alpes\/"]}]},{"@type":"ImageObject","inLanguage":"nl-NL","@id":"https:\/\/www.campinglesbastets.com\/nl\/camping-rhone-alpes\/#primaryimage","url":"https:\/\/www.campinglesbastets.com\/wp-content\/uploads\/2022\/02\/camping-les-bastets-marsanne.jpg","contentUrl":"https:\/\/www.campinglesbastets.com\/wp-content\/uploads\/2022\/02\/camping-les-bastets-marsanne.jpg","width":1000,"height":667,"caption":"camping les bastets marsanne"},{"@type":"BreadcrumbList","@id":"https:\/\/www.campinglesbastets.com\/nl\/camping-rhone-alpes\/#breadcrumb","itemListElement":[{"@type":"ListItem","position":1,"name":"Camping Dr\u00f4me","item":"https:\/\/www.campinglesbastets.com\/nl\/"},{"@type":"ListItem","position":2,"name":"Kampeer in Rh\u00f4ne-Alpes"}]},{"@type":"WebSite","@id":"https:\/\/www.campinglesbastets.com\/nl\/#website","url":"https:\/\/www.campinglesbastets.com\/nl\/","name":"Camping Les Bastets","description":"","publisher":{"@id":"https:\/\/www.campinglesbastets.com\/nl\/#organization"},"potentialAction":[{"@type":"SearchAction","target":{"@type":"EntryPoint","urlTemplate":"https:\/\/www.campinglesbastets.com\/nl\/?s={search_term_string}"},"query-input":{"@type":"PropertyValueSpecification","valueRequired":true,"valueName":"search_term_string"}}],"inLanguage":"nl-NL"},{"@type":"Organization","@id":"https:\/\/www.campinglesbastets.com\/nl\/#organization","name":"Camping Les Bastets","url":"https:\/\/www.campinglesbastets.com\/nl\/","logo":{"@type":"ImageObject","inLanguage":"nl-NL","@id":"https:\/\/www.campinglesbastets.com\/nl\/#\/schema\/logo\/image\/","url":"https:\/\/www.campinglesbastets.com\/wp-content\/uploads\/2022\/02\/favicon-1.png","contentUrl":"https:\/\/www.campinglesbastets.com\/wp-content\/uploads\/2022\/02\/favicon-1.png","width":1423,"height":1423,"caption":"Camping Les Bastets"},"image":{"@id":"https:\/\/www.campinglesbastets.com\/nl\/#\/schema\/logo\/image\/"}}]}},"_links":{"self":[{"href":"https:\/\/www.campinglesbastets.com\/nl\/wp-json\/wp\/v2\/pages\/14468","targetHints":{"allow":["GET"]}}],"collection":[{"href":"https:\/\/www.campinglesbastets.com\/nl\/wp-json\/wp\/v2\/pages"}],"about":[{"href":"https:\/\/www.campinglesbastets.com\/nl\/wp-json\/wp\/v2\/types\/page"}],"author":[{"embeddable":true,"href":"https:\/\/www.campinglesbastets.com\/nl\/wp-json\/wp\/v2\/users\/1"}],"replies":[{"embeddable":true,"href":"https:\/\/www.campinglesbastets.com\/nl\/wp-json\/wp\/v2\/comments?post=14468"}],"version-history":[{"count":5,"href":"https:\/\/www.campinglesbastets.com\/nl\/wp-json\/wp\/v2\/pages\/14468\/revisions"}],"predecessor-version":[{"id":16169,"href":"https:\/\/www.campinglesbastets.com\/nl\/wp-json\/wp\/v2\/pages\/14468\/revisions\/16169"}],"wp:featuredmedia":[{"embeddable":true,"href":"https:\/\/www.campinglesbastets.com\/nl\/wp-json\/wp\/v2\/media\/924"}],"wp:attachment":[{"href":"https:\/\/www.campinglesbastets.com\/nl\/wp-json\/wp\/v2\/media?parent=14468"}],"curies":[{"name":"wp","href":"https:\/\/api.w.org\/{rel}","templated":true}]}}