{"id":14463,"date":"2022-03-02T11:31:32","date_gmt":"2022-03-02T10:31:32","guid":{"rendered":"https:\/\/www.campinglesbastets.com\/camping-acsi\/"},"modified":"2026-02-20T16:17:38","modified_gmt":"2026-02-20T15:17:38","slug":"camping-acsi","status":"publish","type":"page","link":"https:\/\/www.campinglesbastets.com\/nl\/camping-acsi\/","title":{"rendered":"Acsi camping zuid frankrijk"},"content":{"rendered":"<section id=\"section-621f56053f7b7\"\" class=\"section bg-white p-b-0\" \/><div class=\"container extralarge\"><h1 class=\"element section-title center\">ACSI Camping in zuid Frankrijk<\/h1><div class=\"element bloc-text center m-b-10\">\n\t<p style=\"text-align: center;\">Droomt u van een verblijf op een <a href=\"https:\/\/www.campinglesbastets.com\/nl\/\">camping in de Dr\u00f4me<\/a>, omringd door een groene en ongerepte omgeving? Boek uw vakantie tegen een voordelig tarief bij camping ACSI Les Bastets**** in Marsanne en geniet van een volledige ontsnapping in de Auvergne-Rh\u00f4ne-Alpes.<\/p>\n<\/div><div class=\"element bloc-text\">\n\t<thr-categories type=\"camping\"><\/thr-categories>\r\n<\/div><\/div><\/section>\n\n<section id=\"section-camping-acsi\"\" class=\"section home-first bg-white\" \/><div class=\"container extralarge\"><div class=\"colonnes-wrap valign-middle \"><div class=\"element colonne w-60\"><div class=\"element fancybox-container\"><a class=\"fancybox\" href=\"https:\/\/www.campinglesbastets.com\/wp-content\/uploads\/2022\/03\/camping-acsi-nature.jpg\"><img decoding=\"async\" src=\"https:\/\/www.campinglesbastets.com\/wp-content\/uploads\/2022\/03\/camping-acsi-nature.jpg\" data-src=\"https:\/\/www.campinglesbastets.com\/wp-content\/uploads\/2022\/03\/camping-acsi-nature.jpg\" alt=\"acsi\" class=\"images_image\" \/><\/a><\/div><\/div><div class=\"element colonne w-40\"><h2 class=\"element section-title left\"> Een ACSI-camping in de Dr\u00f4me, Zuid-Frankrijk, is de beste keuze voor een voordelig verblijf in de natuur<\/h2><div class=\"element bloc-text left \">\n\t<p>Bent u een liefhebber van traditionele kampeerplekken, op zoek naar vrijheid, die graag hun tent opslaan of hun caravan of camper parkeren op een kampeerplek in de Dr\u00f4me, omringd door groen, met vers gras onder de voeten en het geluid van zingende vogels bij het ontwaken? Dan is de ACSI-kaart iets voor u.<\/p>\n<p>De CampingCard ACSI is een kortingskaart waarmee u als houder kunt profiteren van exclusieve tarieven in het laagseizoen bij meer dan 3.600 campings in Frankrijk en diverse Europese landen. Aan het strand, een meer of rivier, op het platteland of in de bergen: kies dit jaar zelf uw ideale kampeerplek.<\/p>\n<p>Waarom niet camping Les Bastets, een 4-sterrencamping in de Dr\u00f4me, als uw volgende ACSI-camping met zwembad? Gelegen nabij de Rh\u00f4ne en Mont\u00e9limar, tussen de Vercors en het regionale natuurpark van de Monts d\u2019Ard\u00e8che, verwelkomt ons luxe buitenverblijf met een waterpark u voor een onvergetelijk verblijf in Auvergne, Frankrijk \u2013 of u nu met uw partner, familie of vrienden komt. Profiteer dit jaar nog van deze aanbiedingen tegen de beste prijs!<\/p>\n<\/div><\/div><\/div><\/div><\/section>\n\n<section id=\"section-sejour-pas-chers\"\" class=\"section text-image-right  bg-color3\" \/><div class=\"container extralarge\"><div class=\"colonnes-wrap valign-top \"><div class=\"element colonne w-40\"><h2 class=\"element section-title left\"> Goedkope verblijven vanaf 18 euro per nacht op een ACSI-camping in de Dr\u00f4me<\/h2><div class=\"element bloc-text left \">\n\t<p>Met de ACSI-kaart kunt u een ruime, half-schaduwrijke kampeerplaats reserveren, omgeven door natuurlijke hagen, vanaf 21 euro per nacht op camping Les Bastets**** in de Dr\u00f4me. Deze voordelige tarieven gelden over het algemeen alleen in het laagseizoen, afhankelijk van de camping.<\/p>\n<p>Om van deze uitzonderlijke aanbiedingen te profiteren, hoeft u alleen maar uw kaart online te bestellen via de website https:\/\/www.campingcard.fr\/. Vul het formulier in en ontvang uw kaart, die \u00e9\u00e9n jaar geldig is, thuis.<\/p>\n<p>En daarna? Kies uw volgende bestemming uit alle campings in het ACSI-netwerk. Om van het ACSI-tarief te profiteren, geeft u bij uw reservering aan dat u een CampingCard bezit, of toont u uw kaart bij aankomst op het terrein. Neem contact met ons op voor meer informatie!<\/p>\n<\/div><\/div><div class=\"element colonne w-60 grenouille\"><div class=\"element fancybox-container\"><a class=\"fancybox\" href=\"https:\/\/www.campinglesbastets.com\/wp-content\/uploads\/2022\/03\/camping-calme-prix-casse.jpg\"><img decoding=\"async\" src=\"https:\/\/www.campinglesbastets.com\/wp-content\/uploads\/2022\/03\/camping-calme-prix-casse.jpg\" data-src=\"https:\/\/www.campinglesbastets.com\/wp-content\/uploads\/2022\/03\/camping-calme-prix-casse.jpg\" alt=\"Sejour pas cher dans la Drome\" class=\"images_image\" \/><\/a><\/div><\/div><\/div><\/div><\/section>\n\n<section id=\"section-parralax-acsi\"\" data-bg-opacite=\"0.2\"data-background=\"https:\/\/www.campinglesbastets.com\/wp-content\/uploads\/2022\/03\/camping-acsi-drone.jpg\"data-speed=\"0.8\"class=\"section img-parallax bg-white p-t-0 section--has-bg-img section_bg-parallax\" \/><div class=\"container full\"><\/div><\/section>\n\n<section id=\"section-carte-acsi\"\" class=\"section page-third  text-image-left bg-white\" \/><div class=\"container extralarge\"><div class=\"colonnes-wrap valign-top \"><div class=\"element colonne w-60 bouee\"><div class=\"element fancybox-container\"><a class=\"fancybox\" href=\"https:\/\/www.campinglesbastets.com\/wp-content\/uploads\/2022\/03\/camping-carte-acsi.jpg\"><img decoding=\"async\" src=\"https:\/\/www.campinglesbastets.com\/wp-content\/uploads\/2022\/03\/camping-carte-acsi.jpg\" data-src=\"https:\/\/www.campinglesbastets.com\/wp-content\/uploads\/2022\/03\/camping-carte-acsi.jpg\" alt=\"camping carte acsi\" class=\"images_image\" \/><\/a><\/div><\/div><div class=\"element colonne w-40\"><h2 class=\"element section-title left\">De andere voordelen van de ACSI-kaart<\/h2><div class=\"element bloc-text left \">\n\t<p>Met de ACSI-kortingskaart kunt u tot 60% korting krijgen bij bepaalde partnercampings in Frankrijk en Europa. Het ACSI-netwerk omvat 3.600 campings in meer dan 20 Europese landen, waaronder Spanje, Itali\u00eb, Nederland, Oostenrijk, Kroati\u00eb, Griekenland en Denemarken. Elektriciteit is inbegrepen in het ACSI-tarief, en tot 3 kinderen kunnen gratis verblijven op meer dan 650 campings binnen het ACSI-netwerk.<\/p>\n<\/div><\/div><\/div><\/div><\/section>\n\n<section id=\"section-journee-vacances\"\" class=\"section page-fourth text-image-right bg-white\" \/><div class=\"container extralarge\"><div class=\"colonnes-wrap valign-top \"><div class=\"element colonne w-40\"><h2 class=\"element section-title left\"> Een dag op vakantie op een ACSI-camping in het zuiden van Frankrijk in het laagseizoen<\/h2><div class=\"element bloc-text left white\">\n\t<p>Wandel door de bloeiende paden van de camping, op twee uur rijden van het strand, om de benen te strekken. Koop uw verse brood en viennoiseries ter plaatse, zet uw tafel uit en geniet van uw ontbijt terwijl u het zachte klimaat van de Proven\u00e7aalse Dr\u00f4me waardeert, op een van de sterrencampings in de regio.<\/p>\n<p>Maak uw rugzak klaar voor de excursie van de dag. Bij uw terugkeer trekt u uw badpak aan en ontspant u zich in het verwarmde <a href=\"https:\/\/www.campinglesbastets.com\/nl\/zwembad-drome\/\">zwembad<\/a>, terwijl uw kinderen veilig spelen in het kinderbad onder toezicht van de kinderclub. Laat ze daarna uitrazen in de speeltuin of op het multisportterrein. Ondertussen laadt u uw energie op op uw ligstoel aan de rand van het zwembad, waarna u een drankje neemt op het terras en geniet van de thema-avond georganiseerd door het animatieteam. Neem contact met ons op voor meer informatie!<\/p>\n<\/div><\/div><div class=\"element colonne w-60\"><div class=\"element fancybox-container\"><a class=\"fancybox\" href=\"https:\/\/www.campinglesbastets.com\/wp-content\/uploads\/2022\/03\/camping-acsi-piscine.jpg\"><img decoding=\"async\" src=\"https:\/\/www.campinglesbastets.com\/wp-content\/uploads\/2022\/03\/camping-acsi-piscine.jpg\" data-src=\"https:\/\/www.campinglesbastets.com\/wp-content\/uploads\/2022\/03\/camping-acsi-piscine.jpg\" alt=\"Camping acsi avec piscine \" class=\"images_image\" \/><\/a><\/div><\/div><\/div><\/div><\/section>\n\n<section id=\"section-621f56053fee5\"\" class=\"section page-third  text-image-left bg-white\" \/><div class=\"container extralarge\"><div class=\"colonnes-wrap valign-top \"><div class=\"element colonne w-60\"><div class=\"element fancybox-container\"><a class=\"fancybox\" href=\"https:\/\/www.campinglesbastets.com\/wp-content\/uploads\/2022\/03\/camping-luxe-acsi.jpg\"><img decoding=\"async\" src=\"https:\/\/www.campinglesbastets.com\/wp-content\/uploads\/2022\/03\/camping-luxe-acsi.jpg\" data-src=\"https:\/\/www.campinglesbastets.com\/wp-content\/uploads\/2022\/03\/camping-luxe-acsi.jpg\" alt=\"Camping ACSI luxe\" class=\"images_image\" \/><\/a><\/div><\/div><div class=\"element colonne w-40\"><div class=\"element bloc-text left white\">\n\t<p>Heeft deze dag op camping ACSI Les Bastets in de Dr\u00f4me u overtuigd?<br \/>\n<a href=\"https:\/\/www.campinglesbastets.com\/nl\/goedkope-camping-zuid-frankrijk\/\">Boek uw voordelige kampeervakantie in Zuid Frankrijk<\/a>, dicht bij Saint Gervais sur Roubion, en geniet van onze 4-sterrenvoorzieningen en de rust van het laagseizoen.<\/p>\n<\/div><\/div><\/div><\/div><\/section>\n\n<section id=\"section-activites-camping\"\" class=\"section page-cta bg-color3\" \/><div class=\"container extralarge\"><div class=\"element section-title center h2-like\">Onze staanplaatsen en verhuur op de camping<\/div><ul class=\"liste-de-page\"><li class=\"element call-to-action carre call-to-action--style-1 call-to-action--big\"><a href=\"https:\/\/www.campinglesbastets.com\/nl\/accommodaties\/\"  class=\"call-to-action_link\" title=\"En savoir plus sur accommodaties\"><div class=\"call-to-action_image\"><img decoding=\"async\" src=\"https:\/\/www.campinglesbastets.com\/wp-content\/uploads\/2022\/02\/location-mobilh-home-drome.jpg\" data-src=\"https:\/\/www.campinglesbastets.com\/wp-content\/uploads\/2022\/02\/location-mobilh-home-drome.jpg\" alt=\"location mobil home drome\" class=\"big\" \/><\/div><div class=\"call-to-action_contenu\"><div class=\"call-to-action_titre\">accommodaties<\/div><\/div><\/a><\/li><li class=\"element call-to-action carre call-to-action--style-1 call-to-action--big call-to-action--style-1 call-to-action--big\"><a href=\"https:\/\/www.campinglesbastets.com\/nl\/standplaatsen-camping\/\"  class=\"call-to-action_link\" title=\"En savoir plus sur kampeerplaatsen\"><div class=\"call-to-action_image\"><img decoding=\"async\" src=\"https:\/\/www.campinglesbastets.com\/wp-content\/uploads\/2022\/03\/emplacement-camping-drome.jpg\" data-src=\"https:\/\/www.campinglesbastets.com\/wp-content\/uploads\/2022\/03\/emplacement-camping-drome.jpg\" alt=\"emplacement camping drome\" class=\"big\" \/><\/div><div class=\"call-to-action_contenu\"><div class=\"call-to-action_titre\">kampeerplaatsen<\/div><\/div><\/a><\/li><\/ul><\/div><\/section>","protected":false},"excerpt":{"rendered":"","protected":false},"author":1,"featured_media":8756,"parent":0,"menu_order":0,"comment_status":"closed","ping_status":"closed","template":"","meta":{"_acf_changed":false,"footnotes":""},"class_list":["post-14463","page","type-page","status-publish","has-post-thumbnail","hentry"],"acf":[],"yoast_head":"<!-- This site is optimized with the Yoast SEO plugin v25.3 - https:\/\/yoast.com\/wordpress\/plugins\/seo\/ -->\n<title>Camping ACSI : Profiteer van de kortingen van de ACSI-kaart in zuiden Frankrijk<\/title>\n<meta name=\"description\" content=\"Wilt u profiter van de voordelen van uw ACSI-kaart voor uw volgende verblijf in de Dr\u00f4me? Ontdek nu onze ACSI-tarieven!\" \/>\n<meta name=\"robots\" content=\"index, follow, max-snippet:-1, max-image-preview:large, max-video-preview:-1\" \/>\n<link rel=\"canonical\" href=\"https:\/\/www.campinglesbastets.com\/nl\/camping-acsi\/\" \/>\n<meta property=\"og:locale\" content=\"nl_NL\" \/>\n<meta property=\"og:type\" content=\"article\" \/>\n<meta property=\"og:title\" content=\"Camping ACSI : Profiteer van de kortingen van de ACSI-kaart in zuiden Frankrijk\" \/>\n<meta property=\"og:description\" content=\"Wilt u profiter van de voordelen van uw ACSI-kaart voor uw volgende verblijf in de Dr\u00f4me? Ontdek nu onze ACSI-tarieven!\" \/>\n<meta property=\"og:url\" content=\"https:\/\/www.campinglesbastets.com\/nl\/camping-acsi\/\" \/>\n<meta property=\"og:site_name\" content=\"Camping Les Bastets\" \/>\n<meta property=\"article:modified_time\" content=\"2026-02-20T15:17:38+00:00\" \/>\n<meta property=\"og:image\" content=\"https:\/\/www.campinglesbastets.com\/wp-content\/uploads\/2022\/03\/camping-acsi-enfants-1.jpg\" \/>\n\t<meta property=\"og:image:width\" content=\"1900\" \/>\n\t<meta property=\"og:image:height\" content=\"1055\" \/>\n\t<meta property=\"og:image:type\" content=\"image\/jpeg\" \/>\n<meta name=\"twitter:card\" content=\"summary_large_image\" \/>\n<meta name=\"twitter:label1\" content=\"Geschatte leestijd\" \/>\n\t<meta name=\"twitter:data1\" content=\"1 minuut\" \/>\n<script type=\"application\/ld+json\" class=\"yoast-schema-graph\">{\"@context\":\"https:\/\/schema.org\",\"@graph\":[{\"@type\":\"WebPage\",\"@id\":\"https:\/\/www.campinglesbastets.com\/nl\/camping-acsi\/\",\"url\":\"https:\/\/www.campinglesbastets.com\/nl\/camping-acsi\/\",\"name\":\"Camping ACSI : Profiteer van de kortingen van de ACSI-kaart in zuiden Frankrijk\",\"isPartOf\":{\"@id\":\"https:\/\/www.campinglesbastets.com\/nl\/#website\"},\"primaryImageOfPage\":{\"@id\":\"https:\/\/www.campinglesbastets.com\/nl\/camping-acsi\/#primaryimage\"},\"image\":{\"@id\":\"https:\/\/www.campinglesbastets.com\/nl\/camping-acsi\/#primaryimage\"},\"thumbnailUrl\":\"https:\/\/www.campinglesbastets.com\/wp-content\/uploads\/2022\/03\/camping-acsi-enfants-1.jpg\",\"datePublished\":\"2022-03-02T10:31:32+00:00\",\"dateModified\":\"2026-02-20T15:17:38+00:00\",\"description\":\"Wilt u profiter van de voordelen van uw ACSI-kaart voor uw volgende verblijf in de Dr\u00f4me? Ontdek nu onze ACSI-tarieven!\",\"breadcrumb\":{\"@id\":\"https:\/\/www.campinglesbastets.com\/nl\/camping-acsi\/#breadcrumb\"},\"inLanguage\":\"nl-NL\",\"potentialAction\":[{\"@type\":\"ReadAction\",\"target\":[\"https:\/\/www.campinglesbastets.com\/nl\/camping-acsi\/\"]}]},{\"@type\":\"ImageObject\",\"inLanguage\":\"nl-NL\",\"@id\":\"https:\/\/www.campinglesbastets.com\/nl\/camping-acsi\/#primaryimage\",\"url\":\"https:\/\/www.campinglesbastets.com\/wp-content\/uploads\/2022\/03\/camping-acsi-enfants-1.jpg\",\"contentUrl\":\"https:\/\/www.campinglesbastets.com\/wp-content\/uploads\/2022\/03\/camping-acsi-enfants-1.jpg\",\"width\":1900,\"height\":1055,\"caption\":\"Camping familial ACSI\"},{\"@type\":\"BreadcrumbList\",\"@id\":\"https:\/\/www.campinglesbastets.com\/nl\/camping-acsi\/#breadcrumb\",\"itemListElement\":[{\"@type\":\"ListItem\",\"position\":1,\"name\":\"Camping Dr\u00f4me\",\"item\":\"https:\/\/www.campinglesbastets.com\/nl\/\"},{\"@type\":\"ListItem\",\"position\":2,\"name\":\"Acsi camping\"}]},{\"@type\":\"WebSite\",\"@id\":\"https:\/\/www.campinglesbastets.com\/nl\/#website\",\"url\":\"https:\/\/www.campinglesbastets.com\/nl\/\",\"name\":\"Camping Les Bastets\",\"description\":\"\",\"publisher\":{\"@id\":\"https:\/\/www.campinglesbastets.com\/nl\/#organization\"},\"potentialAction\":[{\"@type\":\"SearchAction\",\"target\":{\"@type\":\"EntryPoint\",\"urlTemplate\":\"https:\/\/www.campinglesbastets.com\/nl\/?s={search_term_string}\"},\"query-input\":{\"@type\":\"PropertyValueSpecification\",\"valueRequired\":true,\"valueName\":\"search_term_string\"}}],\"inLanguage\":\"nl-NL\"},{\"@type\":\"Organization\",\"@id\":\"https:\/\/www.campinglesbastets.com\/nl\/#organization\",\"name\":\"Camping Les Bastets\",\"url\":\"https:\/\/www.campinglesbastets.com\/nl\/\",\"logo\":{\"@type\":\"ImageObject\",\"inLanguage\":\"nl-NL\",\"@id\":\"https:\/\/www.campinglesbastets.com\/nl\/#\/schema\/logo\/image\/\",\"url\":\"https:\/\/www.campinglesbastets.com\/wp-content\/uploads\/2022\/02\/favicon-1.png\",\"contentUrl\":\"https:\/\/www.campinglesbastets.com\/wp-content\/uploads\/2022\/02\/favicon-1.png\",\"width\":1423,\"height\":1423,\"caption\":\"Camping Les Bastets\"},\"image\":{\"@id\":\"https:\/\/www.campinglesbastets.com\/nl\/#\/schema\/logo\/image\/\"}}]}<\/script>\n<!-- \/ Yoast SEO plugin. -->","yoast_head_json":{"title":"Camping ACSI : Profiteer van de kortingen van de ACSI-kaart in zuiden Frankrijk","description":"Wilt u profiter van de voordelen van uw ACSI-kaart voor uw volgende verblijf in de Dr\u00f4me? Ontdek nu onze ACSI-tarieven!","robots":{"index":"index","follow":"follow","max-snippet":"max-snippet:-1","max-image-preview":"max-image-preview:large","max-video-preview":"max-video-preview:-1"},"canonical":"https:\/\/www.campinglesbastets.com\/nl\/camping-acsi\/","og_locale":"nl_NL","og_type":"article","og_title":"Camping ACSI : Profiteer van de kortingen van de ACSI-kaart in zuiden Frankrijk","og_description":"Wilt u profiter van de voordelen van uw ACSI-kaart voor uw volgende verblijf in de Dr\u00f4me? Ontdek nu onze ACSI-tarieven!","og_url":"https:\/\/www.campinglesbastets.com\/nl\/camping-acsi\/","og_site_name":"Camping Les Bastets","article_modified_time":"2026-02-20T15:17:38+00:00","og_image":[{"width":1900,"height":1055,"url":"https:\/\/www.campinglesbastets.com\/wp-content\/uploads\/2022\/03\/camping-acsi-enfants-1.jpg","type":"image\/jpeg"}],"twitter_card":"summary_large_image","twitter_misc":{"Geschatte leestijd":"1 minuut"},"schema":{"@context":"https:\/\/schema.org","@graph":[{"@type":"WebPage","@id":"https:\/\/www.campinglesbastets.com\/nl\/camping-acsi\/","url":"https:\/\/www.campinglesbastets.com\/nl\/camping-acsi\/","name":"Camping ACSI : Profiteer van de kortingen van de ACSI-kaart in zuiden Frankrijk","isPartOf":{"@id":"https:\/\/www.campinglesbastets.com\/nl\/#website"},"primaryImageOfPage":{"@id":"https:\/\/www.campinglesbastets.com\/nl\/camping-acsi\/#primaryimage"},"image":{"@id":"https:\/\/www.campinglesbastets.com\/nl\/camping-acsi\/#primaryimage"},"thumbnailUrl":"https:\/\/www.campinglesbastets.com\/wp-content\/uploads\/2022\/03\/camping-acsi-enfants-1.jpg","datePublished":"2022-03-02T10:31:32+00:00","dateModified":"2026-02-20T15:17:38+00:00","description":"Wilt u profiter van de voordelen van uw ACSI-kaart voor uw volgende verblijf in de Dr\u00f4me? Ontdek nu onze ACSI-tarieven!","breadcrumb":{"@id":"https:\/\/www.campinglesbastets.com\/nl\/camping-acsi\/#breadcrumb"},"inLanguage":"nl-NL","potentialAction":[{"@type":"ReadAction","target":["https:\/\/www.campinglesbastets.com\/nl\/camping-acsi\/"]}]},{"@type":"ImageObject","inLanguage":"nl-NL","@id":"https:\/\/www.campinglesbastets.com\/nl\/camping-acsi\/#primaryimage","url":"https:\/\/www.campinglesbastets.com\/wp-content\/uploads\/2022\/03\/camping-acsi-enfants-1.jpg","contentUrl":"https:\/\/www.campinglesbastets.com\/wp-content\/uploads\/2022\/03\/camping-acsi-enfants-1.jpg","width":1900,"height":1055,"caption":"Camping familial ACSI"},{"@type":"BreadcrumbList","@id":"https:\/\/www.campinglesbastets.com\/nl\/camping-acsi\/#breadcrumb","itemListElement":[{"@type":"ListItem","position":1,"name":"Camping Dr\u00f4me","item":"https:\/\/www.campinglesbastets.com\/nl\/"},{"@type":"ListItem","position":2,"name":"Acsi camping"}]},{"@type":"WebSite","@id":"https:\/\/www.campinglesbastets.com\/nl\/#website","url":"https:\/\/www.campinglesbastets.com\/nl\/","name":"Camping Les Bastets","description":"","publisher":{"@id":"https:\/\/www.campinglesbastets.com\/nl\/#organization"},"potentialAction":[{"@type":"SearchAction","target":{"@type":"EntryPoint","urlTemplate":"https:\/\/www.campinglesbastets.com\/nl\/?s={search_term_string}"},"query-input":{"@type":"PropertyValueSpecification","valueRequired":true,"valueName":"search_term_string"}}],"inLanguage":"nl-NL"},{"@type":"Organization","@id":"https:\/\/www.campinglesbastets.com\/nl\/#organization","name":"Camping Les Bastets","url":"https:\/\/www.campinglesbastets.com\/nl\/","logo":{"@type":"ImageObject","inLanguage":"nl-NL","@id":"https:\/\/www.campinglesbastets.com\/nl\/#\/schema\/logo\/image\/","url":"https:\/\/www.campinglesbastets.com\/wp-content\/uploads\/2022\/02\/favicon-1.png","contentUrl":"https:\/\/www.campinglesbastets.com\/wp-content\/uploads\/2022\/02\/favicon-1.png","width":1423,"height":1423,"caption":"Camping Les Bastets"},"image":{"@id":"https:\/\/www.campinglesbastets.com\/nl\/#\/schema\/logo\/image\/"}}]}},"_links":{"self":[{"href":"https:\/\/www.campinglesbastets.com\/nl\/wp-json\/wp\/v2\/pages\/14463","targetHints":{"allow":["GET"]}}],"collection":[{"href":"https:\/\/www.campinglesbastets.com\/nl\/wp-json\/wp\/v2\/pages"}],"about":[{"href":"https:\/\/www.campinglesbastets.com\/nl\/wp-json\/wp\/v2\/types\/page"}],"author":[{"embeddable":true,"href":"https:\/\/www.campinglesbastets.com\/nl\/wp-json\/wp\/v2\/users\/1"}],"replies":[{"embeddable":true,"href":"https:\/\/www.campinglesbastets.com\/nl\/wp-json\/wp\/v2\/comments?post=14463"}],"version-history":[{"count":4,"href":"https:\/\/www.campinglesbastets.com\/nl\/wp-json\/wp\/v2\/pages\/14463\/revisions"}],"predecessor-version":[{"id":16155,"href":"https:\/\/www.campinglesbastets.com\/nl\/wp-json\/wp\/v2\/pages\/14463\/revisions\/16155"}],"wp:featuredmedia":[{"embeddable":true,"href":"https:\/\/www.campinglesbastets.com\/nl\/wp-json\/wp\/v2\/media\/8756"}],"wp:attachment":[{"href":"https:\/\/www.campinglesbastets.com\/nl\/wp-json\/wp\/v2\/media?parent=14463"}],"curies":[{"name":"wp","href":"https:\/\/api.w.org\/{rel}","templated":true}]}}