{"id":14394,"date":"2024-11-04T12:16:59","date_gmt":"2024-11-04T11:16:59","guid":{"rendered":"https:\/\/www.campinglesbastets.com\/?page_id=14394"},"modified":"2026-02-26T11:48:18","modified_gmt":"2026-02-26T10:48:18","slug":"camping-die","status":"publish","type":"page","link":"https:\/\/www.campinglesbastets.com\/nl\/camping-die\/","title":{"rendered":"Camping Les Bastets nabij Die in Frankrijk"},"content":{"rendered":"<section id=\"section-6228d701320dd\"\" class=\"section bg-white p-b-0\" \/><div class=\"container extralarge\"><h1 class=\"element section-title center\">Camping Les Bastets nabij Die in Frankrijk <\/h1><div class=\"element bloc-text justify \">\n\t<p style=\"text-align: center;\">Kom ontdek de onge\u00ebvenaarde charme van onze <a href=\"https:\/\/www.campinglesbastets.com\/nl\/\">camping in Dr\u00f4me in Frankrijk<\/a>, uw volgende uitje in de majestueuze Dr\u00f4me-regio in Auvergne-Rh\u00f4ne-Alpes. Gelegen nabij de historische stad Die in de Provence, is onze 4-sterren camping de perfecte keuze voor diegenen die culturele ontdekking willen combineren met ontspanning in de natuur in het zuiden van Frankrijk. Met eersteklas faciliteiten en een verscheidenheid aan activiteiten voor alle leeftijden, garandeert ons camping nabij Die een verblijf vol avontuur en ontspanning in Auvergne-Rh\u00f4ne-Alpes. Of u nu houdt van rustige wandelingen door adembenemende landschappen of het verkennen van de lokale gastronomische en historische rijkdommen, onze camping nabij Die biedt een 4-sterren vakantie-ervaring waar elk moment een uitnodiging is om volop van het leven te genieten.<\/p>\n<p style=\"text-align: center;\">Kom levenslange herinneringen cre\u00ebren op onze camping nabij Die, een van de beste campings van de Dr\u00f4me in Auvergne-Rh\u00f4ne-Alpes!<\/p>\n<\/div><\/div><\/section>\n\n<section id=\"section-6728ad2be21d4\"\" class=\"section bg-white\" \/><div class=\"container\"><\/div><\/section>\n\n<section id=\"section-61cd904691d8a\"\" data-bg-opacite=\"0.2\"data-background=\"https:\/\/www.campinglesbastets.com\/wp-content\/uploads\/2022\/03\/locatif-petit-prix-auvergne.jpg\"data-speed=\"0.8\"class=\"section img-parallax bg-white p-t-0 section--has-bg-img section_bg-parallax\" \/><div class=\"container full\"><\/div><\/section>\n\n<section id=\"section-61cd904691b94\"\" class=\"section home-first bg-white\" \/><div class=\"container extralarge\"><div class=\"colonnes-wrap valign-middle \"><div class=\"element colonne w-40\"><div class=\"element fancybox-container\"><a class=\"fancybox\" href=\"https:\/\/www.campinglesbastets.com\/wp-content\/uploads\/2024\/11\/camping-bourdeaux-drome-1.jpg\"><img decoding=\"async\" src=\"https:\/\/www.campinglesbastets.com\/wp-content\/uploads\/2024\/11\/camping-bourdeaux-drome-1.jpg\" data-src=\"https:\/\/www.campinglesbastets.com\/wp-content\/uploads\/2024\/11\/camping-bourdeaux-drome-1.jpg\" alt=\"camping Die\" class=\"images_image\" \/><\/a><\/div><\/div><div class=\"element colonne w-60\"><h2 class=\"element section-title left m-t-6\">Accommodaties kiezen op een camping nabij Die <\/h2><div class=\"element bloc-text left \">\n\t<p>Ontdek de betoverende sfeer van onze camping nabij Die, een van de beste campings van de regio. Die camping is prachtig gesitueerd in het hart van de Dr\u00f4me, perfect voor uw volgende vakantie in Zuid-Frankrijk. Deze charmante camping Les Bastets nabij Die biedt een scala aan accommodaties zoals <a href=\"https:\/\/www.campinglesbastets.com\/nl\/accommodaties\/\">stacaravans<\/a> met houten terrassen die een naadloze overgang naar de natuurlijke schoonheid van de omgeving bieden.<\/p>\n<p>Of u nu een romantisch weekendje weg in de Provence plant, een familievakantie in Zuid-Frankrijk of een uitje in de Dr\u00f4me met vrienden, de accommodaties op onze camping nabij Die in Zuid-Frankrijk zijn beschikbaar in diverse maten en comfortniveaus. Vari\u00ebrend van 20 tot 45 m2, onze opties voldoen aan de wensen van zowel kleine als grote groepen. Op onze camping in Auvergne-Rh\u00f4ne-Alpes, geniet van de huiselijke hoofdslaapkamer met een tweepersoonsbed en extra kamers met twee of drie eenpersoonsbedden, afhankelijk van uw keuze aan accommodaties.<\/p>\n<p>Voor kleine groepen of gezinnen op vakantie in een camping in Auvergne-Rh\u00f4ne-Alpes bieden onze Comfort-stacaravans met 22 m2 en vier plaatsen een gezellige verblijfplaats. Grotere groepen van vijf of zes personen kunnen genieten van de Grand Comfort-stacaravans van onze camping nabij Die met drie slaapkamers en een ruime queensize bed in de hoofdslaapkamer. Voor degenen die streven naar een luxe camping ervaring in Zuid-Frankrijk, biedt onze Prestige-serie accommodaties voor vier personen 35 m2 aan ruimte, inclusief vier-sterren hotel services voor een uitzonderlijke vakantie. Geniet van uw verblijf op onze camping nabij Die en maak onvergetelijke herinneringen in een van de mooiste regio&#8217;s van Frankrijk.<\/p>\n<\/div><\/div><\/div><\/div><\/section>\n\n<section id=\"section-61cd904691e94\"\" class=\"section page-third  text-image-left bg-white\" \/><div class=\"container extralarge\"><div class=\"colonnes-wrap valign-middle \"><div class=\"element colonne w-60 bouee\"><div class=\"element fancybox-container\"><a class=\"fancybox\" href=\"https:\/\/www.campinglesbastets.com\/wp-content\/uploads\/2024\/11\/camping-nabij-bourdeaux-1.jpg\"><img decoding=\"async\" src=\"https:\/\/www.campinglesbastets.com\/wp-content\/uploads\/2024\/11\/camping-nabij-bourdeaux-1.jpg\" data-src=\"https:\/\/www.campinglesbastets.com\/wp-content\/uploads\/2024\/11\/camping-nabij-bourdeaux-1.jpg\" alt=\"camping bourdeaux drome\" class=\"images_image\" \/><\/a><\/div><\/div><div class=\"element colonne w-40\"><h2 class=\"element section-title left\">Ons 4-sterren camping nabij Die in Frankrijk <\/h2><div class=\"element bloc-text left \">\n\t<p>Ontdek onze camping nabij Die, een van de beste campings van de Dr\u00f4me en uw ideale uitvalsbasis voor een verblijf in de Dr\u00f4me-regio. Onze 4-sterren camping biedt een serene oase van rust voor iedereen die een ontspannende vakantie in Zuid-Frankrijk zoekt. Perfect gelegen dichtbij Die, biedt onze camping een breed scala aan faciliteiten en activiteiten die elke dag tot een ontspannen avontuur maken.<\/p>\n<p><span style=\"font-weight: 400;\">Bij onze camping nabij Die in Auvergne-Rh\u00f4ne-Alpes kunt u genieten van het comfort van onze diverse accommodaties, van <\/span><span style=\"font-weight: 400;\">ruime staanplaatsen<\/span><span style=\"font-weight: 400;\"> tot luxe huuraccommodaties<\/span>. In ons restaurant kunt u specialiteiten van Zuid-Frankrijk proeven, waaronder huisgemaakte pizza&#8217;s die in het hoogseizoen dagelijks beschikbaar zijn. Voor snelle snacks tussendoor biedt onze snackbar een gevarieerd menu.<\/p>\n<p>Wij zorgen ervoor dat uw verblijf bij onze camping Les Bastets nabij Die in de Provence zorgeloos is met faciliteiten zoals een goed uitgeruste bibliotheek, wifi, een wasserette, een supermarkt, en gemeenschappelijke barbecues. Ook bieden wij extra comfort met de verhuur van babykits, lakens, en handdoeken.<\/p>\n<p>Voor vermaak hoeft u niet verder te kijken dan de camping zelf. Geniet van activiteiten zoals minigolf, opblaasbare spellen voor kinderen, trampolines, sportvelden, een spannende zipline, en een verwarmd <a href=\"https:\/\/www.campinglesbastets.com\/nl\/zwembad-drome\/\">zwembad<\/a> van 200 m\u00b2, compleet met glijbaan en omringd door een adembenemend landschap. Dit alles maakt de Camping Les Bastets de perfecte keuze voor een camping nabij Die, waar elk verblijf garant staat voor plezier en ontspanning.<\/p>\n<\/div><\/div><\/div><\/div><\/section>\n\n<section id=\"section-6728a7e51e428\"\" class=\"section bg-white\" \/><div class=\"container\"><div class=\"colonnes-wrap valign-middle \"><div class=\"element colonne w-60\"><h2 class=\"element section-title left\">Uw vakantie in de buurt van Die in Frankrijk<\/h2><div class=\"element bloc-text left \">\n\t<p>Voor vakantiegangers op onze camping in de buurt van Die, biedt de Dr\u00f4me een scala aan boeiende activiteiten voor iedereen. Ontdek de rijke geschiedenis van de regio Auvergne-Rh\u00f4ne-Alpes door een bezoek te brengen aan de kathedraal Notre-Dame de Die en de overblijfselen van de Romeinse stad, perfect voor een culturele uitstap in Zuid-Frankrijk. Liefhebbers van het buitenleven en natuur op onze camping nabij Die kunnen de wandelpaden van het Regionaal Natuurpark van de Vercors verkennen, waar fietsen, klimmen en wintersporten ook zeer populair zijn.<\/p>\n<p>Voor een wateravontuur tijdens uw verblijf op onze camping Les Bastets nabij Die met zwembad, nodigen rivieren zoals de Dr\u00f4me rivier u uit voor dagen van kajakken en raften, toegankelijk voor alle niveaus en in het hart van de Franse natuur. Deze waterexpedities zijn een uitstekende manier om de landschappen van de Dr\u00f4me vanuit een ander perspectief te ontdekken en om te genieten van een verfrissende dag tijdens uw vakantie op een camping in Zuid-Frankrijk.<\/p>\n<p>Mis ook zeker niet de wijngaarden van Zuid-Frankrijk voor een proeverij van de Clairette de Die, kenmerkend voor de regio Auvergne-Rh\u00f4ne-Alpes. Voor een culturele onderdompeling tijdens uw vakantie op een camping nabij Die, bieden de wekelijkse markten van Die en de omliggende dorpen een perfecte gelegenheid om de lokale producten te proeven, zoals geitenkazen, vleeswaren en verse seizoensfruit.<\/p>\n<p>Of u nu op zoek bent naar sportieve activiteiten, gastronomische ontdekkingen of gewoon een moment van ontspanning te midden van prachtige landschappen, onze camping in de buurt van Die is de ideale plek voor een gevarieerde en verrijkende ontsnapping. Wacht niet om een kamperen verblijf te boeken voor een of meer nachten op een van de mooiste campings van de Dr\u00f4me in Auvergne-Rh\u00f4ne-Alpes !<\/p>\n<\/div><\/div><div class=\"element colonne w-40\"><div class=\"element fancybox-container\"><a class=\"fancybox\" href=\"https:\/\/www.campinglesbastets.com\/wp-content\/uploads\/2024\/11\/bourdeaux-camping-1.jpg\"><img decoding=\"async\" src=\"https:\/\/www.campinglesbastets.com\/wp-content\/uploads\/2024\/11\/bourdeaux-camping-1.jpg\" data-src=\"https:\/\/www.campinglesbastets.com\/wp-content\/uploads\/2024\/11\/bourdeaux-camping-1.jpg\" alt=\"camping bourdeaux\" class=\"images_image\" \/><\/a><\/div><\/div><\/div><h2 class=\"element section-title center\">Onze staanplaatsen en verhuur op de camping<\/h2><ul class=\"liste-de-page\"><li class=\"element call-to-action carre call-to-action--style-1 call-to-action--big\"><a href=\"https:\/\/www.campinglesbastets.com\/nl\/camping-activiteiten-drome\/groepscamping\/\"  class=\"call-to-action_link\" title=\"En savoir plus sur groepscamping: kamperen met een groep\"><div class=\"call-to-action_image\"><img decoding=\"async\" src=\"https:\/\/www.campinglesbastets.com\/wp-content\/uploads\/2024\/11\/drome-groepscamping.jpg\" data-src=\"https:\/\/www.campinglesbastets.com\/wp-content\/uploads\/2024\/11\/drome-groepscamping.jpg\" alt=\"Groepscamping in Drome in frankrijk\" class=\"big\" \/><\/div><div class=\"call-to-action_contenu\"><div class=\"call-to-action_titre\">Groepscamping: kamperen met een groep<\/div><\/div><\/a><\/li><li class=\"element call-to-action carre call-to-action--style-1 call-to-action--big call-to-action--style-1 call-to-action--big\"><a href=\"https:\/\/www.campinglesbastets.com\/nl\/accommodaties\/\"  class=\"call-to-action_link\" title=\"En savoir plus sur accommodaties\"><div class=\"call-to-action_image\"><img decoding=\"async\" src=\"https:\/\/www.campinglesbastets.com\/wp-content\/uploads\/2022\/02\/location-mobilh-home-drome.jpg\" data-src=\"https:\/\/www.campinglesbastets.com\/wp-content\/uploads\/2022\/02\/location-mobilh-home-drome.jpg\" alt=\"location mobil home drome\" class=\"big\" \/><\/div><div class=\"call-to-action_contenu\"><div class=\"call-to-action_titre\">accommodaties<\/div><\/div><\/a><\/li><li class=\"element call-to-action carre call-to-action--style-1 call-to-action--big call-to-action--style-1 call-to-action--big call-to-action--style-1 call-to-action--big\"><a href=\"https:\/\/www.campinglesbastets.com\/nl\/camping-frankrijk-900-km-van-utrecht\/\"  class=\"call-to-action_link\" title=\"En savoir plus sur camping frankrijk 900 km van utrecht\"><div class=\"call-to-action_image\"><img decoding=\"async\" src=\"https:\/\/www.campinglesbastets.com\/wp-content\/uploads\/2022\/03\/camping-chalet-spa-privatif-drome.jpg\" data-src=\"https:\/\/www.campinglesbastets.com\/wp-content\/uploads\/2022\/03\/camping-chalet-spa-privatif-drome.jpg\" alt=\"camping chalet spa privatif drome\" class=\"big\" \/><\/div><div class=\"call-to-action_contenu\"><div class=\"call-to-action_titre\">Camping Frankrijk 900 km van Utrecht<\/div><\/div><\/a><\/li><\/ul><\/div><\/section>","protected":false},"excerpt":{"rendered":"","protected":false},"author":2,"featured_media":14396,"parent":0,"menu_order":0,"comment_status":"closed","ping_status":"closed","template":"","meta":{"_acf_changed":false,"footnotes":""},"class_list":["post-14394","page","type-page","status-publish","has-post-thumbnail","hentry"],"acf":[],"yoast_head":"<!-- This site is optimized with the Yoast SEO plugin v25.3 - https:\/\/yoast.com\/wordpress\/plugins\/seo\/ -->\n<title>Camping Les Bastets bij Die, Frankrijk: Genieten van Rust en Natuur<\/title>\n<meta name=\"description\" content=\"Ontdek Camping Les Bastets vlakbij Die in Frankrijk. Geniet van een ontspannen vakantie omringd door de natuur, met prachtig uitzicht en tal van activiteiten voor het hele gezin.\" \/>\n<meta name=\"robots\" content=\"index, follow, max-snippet:-1, max-image-preview:large, max-video-preview:-1\" \/>\n<link rel=\"canonical\" href=\"https:\/\/www.campinglesbastets.com\/nl\/camping-die\/\" \/>\n<meta property=\"og:locale\" content=\"nl_NL\" \/>\n<meta property=\"og:type\" content=\"article\" \/>\n<meta property=\"og:title\" content=\"Camping Les Bastets bij Die, Frankrijk: Genieten van Rust en Natuur\" \/>\n<meta property=\"og:description\" content=\"Ontdek Camping Les Bastets vlakbij Die in Frankrijk. Geniet van een ontspannen vakantie omringd door de natuur, met prachtig uitzicht en tal van activiteiten voor het hele gezin.\" \/>\n<meta property=\"og:url\" content=\"https:\/\/www.campinglesbastets.com\/nl\/camping-die\/\" \/>\n<meta property=\"og:site_name\" content=\"Camping Les Bastets\" \/>\n<meta property=\"article:modified_time\" content=\"2026-02-26T10:48:18+00:00\" \/>\n<meta property=\"og:image\" content=\"https:\/\/www.campinglesbastets.com\/wp-content\/uploads\/2024\/11\/camping-die-e1730718808646.jpg\" \/>\n\t<meta property=\"og:image:width\" content=\"1200\" \/>\n\t<meta property=\"og:image:height\" content=\"514\" \/>\n\t<meta property=\"og:image:type\" content=\"image\/jpeg\" \/>\n<meta name=\"twitter:card\" content=\"summary_large_image\" \/>\n<meta name=\"twitter:label1\" content=\"Geschatte leestijd\" \/>\n\t<meta name=\"twitter:data1\" content=\"1 minuut\" \/>\n<script type=\"application\/ld+json\" class=\"yoast-schema-graph\">{\"@context\":\"https:\/\/schema.org\",\"@graph\":[{\"@type\":\"WebPage\",\"@id\":\"https:\/\/www.campinglesbastets.com\/nl\/camping-die\/\",\"url\":\"https:\/\/www.campinglesbastets.com\/nl\/camping-die\/\",\"name\":\"Camping Les Bastets bij Die, Frankrijk: Genieten van Rust en Natuur\",\"isPartOf\":{\"@id\":\"https:\/\/www.campinglesbastets.com\/nl\/#website\"},\"primaryImageOfPage\":{\"@id\":\"https:\/\/www.campinglesbastets.com\/nl\/camping-die\/#primaryimage\"},\"image\":{\"@id\":\"https:\/\/www.campinglesbastets.com\/nl\/camping-die\/#primaryimage\"},\"thumbnailUrl\":\"https:\/\/www.campinglesbastets.com\/wp-content\/uploads\/2024\/11\/camping-die-e1730718808646.jpg\",\"datePublished\":\"2024-11-04T11:16:59+00:00\",\"dateModified\":\"2026-02-26T10:48:18+00:00\",\"description\":\"Ontdek Camping Les Bastets vlakbij Die in Frankrijk. Geniet van een ontspannen vakantie omringd door de natuur, met prachtig uitzicht en tal van activiteiten voor het hele gezin.\",\"breadcrumb\":{\"@id\":\"https:\/\/www.campinglesbastets.com\/nl\/camping-die\/#breadcrumb\"},\"inLanguage\":\"nl-NL\",\"potentialAction\":[{\"@type\":\"ReadAction\",\"target\":[\"https:\/\/www.campinglesbastets.com\/nl\/camping-die\/\"]}]},{\"@type\":\"ImageObject\",\"inLanguage\":\"nl-NL\",\"@id\":\"https:\/\/www.campinglesbastets.com\/nl\/camping-die\/#primaryimage\",\"url\":\"https:\/\/www.campinglesbastets.com\/wp-content\/uploads\/2024\/11\/camping-die-e1730718808646.jpg\",\"contentUrl\":\"https:\/\/www.campinglesbastets.com\/wp-content\/uploads\/2024\/11\/camping-die-e1730718808646.jpg\",\"width\":1200,\"height\":514,\"caption\":\"Camping nabij Die\"},{\"@type\":\"BreadcrumbList\",\"@id\":\"https:\/\/www.campinglesbastets.com\/nl\/camping-die\/#breadcrumb\",\"itemListElement\":[{\"@type\":\"ListItem\",\"position\":1,\"name\":\"Camping Dr\u00f4me\",\"item\":\"https:\/\/www.campinglesbastets.com\/nl\/\"},{\"@type\":\"ListItem\",\"position\":2,\"name\":\"Camping nabij Die\"}]},{\"@type\":\"WebSite\",\"@id\":\"https:\/\/www.campinglesbastets.com\/nl\/#website\",\"url\":\"https:\/\/www.campinglesbastets.com\/nl\/\",\"name\":\"Camping Les Bastets\",\"description\":\"\",\"publisher\":{\"@id\":\"https:\/\/www.campinglesbastets.com\/nl\/#organization\"},\"potentialAction\":[{\"@type\":\"SearchAction\",\"target\":{\"@type\":\"EntryPoint\",\"urlTemplate\":\"https:\/\/www.campinglesbastets.com\/nl\/?s={search_term_string}\"},\"query-input\":{\"@type\":\"PropertyValueSpecification\",\"valueRequired\":true,\"valueName\":\"search_term_string\"}}],\"inLanguage\":\"nl-NL\"},{\"@type\":\"Organization\",\"@id\":\"https:\/\/www.campinglesbastets.com\/nl\/#organization\",\"name\":\"Camping Les Bastets\",\"url\":\"https:\/\/www.campinglesbastets.com\/nl\/\",\"logo\":{\"@type\":\"ImageObject\",\"inLanguage\":\"nl-NL\",\"@id\":\"https:\/\/www.campinglesbastets.com\/nl\/#\/schema\/logo\/image\/\",\"url\":\"https:\/\/www.campinglesbastets.com\/wp-content\/uploads\/2022\/02\/favicon-1.png\",\"contentUrl\":\"https:\/\/www.campinglesbastets.com\/wp-content\/uploads\/2022\/02\/favicon-1.png\",\"width\":1423,\"height\":1423,\"caption\":\"Camping Les Bastets\"},\"image\":{\"@id\":\"https:\/\/www.campinglesbastets.com\/nl\/#\/schema\/logo\/image\/\"}}]}<\/script>\n<!-- \/ Yoast SEO plugin. -->","yoast_head_json":{"title":"Camping Les Bastets bij Die, Frankrijk: Genieten van Rust en Natuur","description":"Ontdek Camping Les Bastets vlakbij Die in Frankrijk. Geniet van een ontspannen vakantie omringd door de natuur, met prachtig uitzicht en tal van activiteiten voor het hele gezin.","robots":{"index":"index","follow":"follow","max-snippet":"max-snippet:-1","max-image-preview":"max-image-preview:large","max-video-preview":"max-video-preview:-1"},"canonical":"https:\/\/www.campinglesbastets.com\/nl\/camping-die\/","og_locale":"nl_NL","og_type":"article","og_title":"Camping Les Bastets bij Die, Frankrijk: Genieten van Rust en Natuur","og_description":"Ontdek Camping Les Bastets vlakbij Die in Frankrijk. Geniet van een ontspannen vakantie omringd door de natuur, met prachtig uitzicht en tal van activiteiten voor het hele gezin.","og_url":"https:\/\/www.campinglesbastets.com\/nl\/camping-die\/","og_site_name":"Camping Les Bastets","article_modified_time":"2026-02-26T10:48:18+00:00","og_image":[{"width":1200,"height":514,"url":"https:\/\/www.campinglesbastets.com\/wp-content\/uploads\/2024\/11\/camping-die-e1730718808646.jpg","type":"image\/jpeg"}],"twitter_card":"summary_large_image","twitter_misc":{"Geschatte leestijd":"1 minuut"},"schema":{"@context":"https:\/\/schema.org","@graph":[{"@type":"WebPage","@id":"https:\/\/www.campinglesbastets.com\/nl\/camping-die\/","url":"https:\/\/www.campinglesbastets.com\/nl\/camping-die\/","name":"Camping Les Bastets bij Die, Frankrijk: Genieten van Rust en Natuur","isPartOf":{"@id":"https:\/\/www.campinglesbastets.com\/nl\/#website"},"primaryImageOfPage":{"@id":"https:\/\/www.campinglesbastets.com\/nl\/camping-die\/#primaryimage"},"image":{"@id":"https:\/\/www.campinglesbastets.com\/nl\/camping-die\/#primaryimage"},"thumbnailUrl":"https:\/\/www.campinglesbastets.com\/wp-content\/uploads\/2024\/11\/camping-die-e1730718808646.jpg","datePublished":"2024-11-04T11:16:59+00:00","dateModified":"2026-02-26T10:48:18+00:00","description":"Ontdek Camping Les Bastets vlakbij Die in Frankrijk. Geniet van een ontspannen vakantie omringd door de natuur, met prachtig uitzicht en tal van activiteiten voor het hele gezin.","breadcrumb":{"@id":"https:\/\/www.campinglesbastets.com\/nl\/camping-die\/#breadcrumb"},"inLanguage":"nl-NL","potentialAction":[{"@type":"ReadAction","target":["https:\/\/www.campinglesbastets.com\/nl\/camping-die\/"]}]},{"@type":"ImageObject","inLanguage":"nl-NL","@id":"https:\/\/www.campinglesbastets.com\/nl\/camping-die\/#primaryimage","url":"https:\/\/www.campinglesbastets.com\/wp-content\/uploads\/2024\/11\/camping-die-e1730718808646.jpg","contentUrl":"https:\/\/www.campinglesbastets.com\/wp-content\/uploads\/2024\/11\/camping-die-e1730718808646.jpg","width":1200,"height":514,"caption":"Camping nabij Die"},{"@type":"BreadcrumbList","@id":"https:\/\/www.campinglesbastets.com\/nl\/camping-die\/#breadcrumb","itemListElement":[{"@type":"ListItem","position":1,"name":"Camping Dr\u00f4me","item":"https:\/\/www.campinglesbastets.com\/nl\/"},{"@type":"ListItem","position":2,"name":"Camping nabij Die"}]},{"@type":"WebSite","@id":"https:\/\/www.campinglesbastets.com\/nl\/#website","url":"https:\/\/www.campinglesbastets.com\/nl\/","name":"Camping Les Bastets","description":"","publisher":{"@id":"https:\/\/www.campinglesbastets.com\/nl\/#organization"},"potentialAction":[{"@type":"SearchAction","target":{"@type":"EntryPoint","urlTemplate":"https:\/\/www.campinglesbastets.com\/nl\/?s={search_term_string}"},"query-input":{"@type":"PropertyValueSpecification","valueRequired":true,"valueName":"search_term_string"}}],"inLanguage":"nl-NL"},{"@type":"Organization","@id":"https:\/\/www.campinglesbastets.com\/nl\/#organization","name":"Camping Les Bastets","url":"https:\/\/www.campinglesbastets.com\/nl\/","logo":{"@type":"ImageObject","inLanguage":"nl-NL","@id":"https:\/\/www.campinglesbastets.com\/nl\/#\/schema\/logo\/image\/","url":"https:\/\/www.campinglesbastets.com\/wp-content\/uploads\/2022\/02\/favicon-1.png","contentUrl":"https:\/\/www.campinglesbastets.com\/wp-content\/uploads\/2022\/02\/favicon-1.png","width":1423,"height":1423,"caption":"Camping Les Bastets"},"image":{"@id":"https:\/\/www.campinglesbastets.com\/nl\/#\/schema\/logo\/image\/"}}]}},"_links":{"self":[{"href":"https:\/\/www.campinglesbastets.com\/nl\/wp-json\/wp\/v2\/pages\/14394","targetHints":{"allow":["GET"]}}],"collection":[{"href":"https:\/\/www.campinglesbastets.com\/nl\/wp-json\/wp\/v2\/pages"}],"about":[{"href":"https:\/\/www.campinglesbastets.com\/nl\/wp-json\/wp\/v2\/types\/page"}],"author":[{"embeddable":true,"href":"https:\/\/www.campinglesbastets.com\/nl\/wp-json\/wp\/v2\/users\/2"}],"replies":[{"embeddable":true,"href":"https:\/\/www.campinglesbastets.com\/nl\/wp-json\/wp\/v2\/comments?post=14394"}],"version-history":[{"count":13,"href":"https:\/\/www.campinglesbastets.com\/nl\/wp-json\/wp\/v2\/pages\/14394\/revisions"}],"predecessor-version":[{"id":16167,"href":"https:\/\/www.campinglesbastets.com\/nl\/wp-json\/wp\/v2\/pages\/14394\/revisions\/16167"}],"wp:featuredmedia":[{"embeddable":true,"href":"https:\/\/www.campinglesbastets.com\/nl\/wp-json\/wp\/v2\/media\/14396"}],"wp:attachment":[{"href":"https:\/\/www.campinglesbastets.com\/nl\/wp-json\/wp\/v2\/media?parent=14394"}],"curies":[{"name":"wp","href":"https:\/\/api.w.org\/{rel}","templated":true}]}}