{"id":13682,"date":"2024-04-18T14:09:08","date_gmt":"2024-04-18T12:09:08","guid":{"rendered":"https:\/\/www.campinglesbastets.com\/omgeving\/parcs-animaliers-drome\/"},"modified":"2024-04-18T14:47:46","modified_gmt":"2024-04-18T12:47:46","slug":"animal-parks-drome","status":"publish","type":"page","link":"https:\/\/www.campinglesbastets.com\/nl\/omgeving\/animal-parks-drome\/","title":{"rendered":"De dierenparken te ontdekken in de Dr\u00f4me"},"content":{"rendered":"<section id=\"section-6514209dd2048\"\" class=\"section bg-white\" \/><div class=\"container large\"><h1 class=\"element section-title center\">De dierenparken te ontdekken in de Dr\u00f4me<\/h1><div class=\"element bloc-text justify \">\n\t<p>Geniet van een familie-avontuur tijdens uw vakantie op onze <a href=\"\/nl\/\">4-sterren camping in de Dr\u00f4me Proven\u00e7ale<\/a>, door de dierenparken van de Dr\u00f4me te verkennen, waar biodiversiteit heerst en ontdekkingen op elke hoek van het pad wachten. Als een gastvrij land voor meerdere soorten, van het kleinste insect tot majestueuze roofvogels, nodigt de Dr\u00f4me u uit voor een reeks verbazingwekkende ontmoetingen. Educatief, leuk en vaak interactief, deze dierenasielen zijn oases van kennis waar elk gezinslid zijn geluk zal vinden. Ontdek deze plekken waar natuurbescherming prioriteit heeft, voor een onvergetelijk avontuur dicht bij de dieren.<\/p>\n<\/div><div class=\"element images\"><div class=\"image\"><img decoding=\"async\" src=\"https:\/\/www.campinglesbastets.com\/wp-content\/uploads\/2024\/04\/parc-animaux-drome.jpg\" data-src=\"https:\/\/www.campinglesbastets.com\/wp-content\/uploads\/2024\/04\/parc-animaux-drome.jpg\" alt=\"D\u00e9couvrez les parcs animaliers de la Dr\u00f4me\" class=\"images_image\" \/><\/div><\/div><h2 class=\"element section-title justify\">De onmisbare dierenparken van de Dr\u00f4me<\/h2><div class=\"element bloc-text justify \">\n\t<p><span style=\"font-weight: 400;\">Ontdek de dierenparken in de Dr\u00f4me, een ervaring die jong en oud meeneemt op het spoor van de diverse en fascinerende fauna van deze regio. Laat u verbazen door de Zoo van Upie, bekend als de Vogeltuin, waar een veelvoud aan vogelsoorten te vinden is, van flamingo&#8217;s tot exotische papegaaien. In de familiale en gezellige omgeving van deze locatie wordt elke bezoek een kans om te leren terwijl je verbaasd bent. Niet ver van Valence, verwelkomt het dierenpark van Saint-Martin natuurliefhebbers voor een dag van ontdekking tussen geiten, schapen en andere boerderijdieren, ideaal voor een educatief uitje.<\/span><\/p>\n<\/div><h2 class=\"element section-title justify\">Educatieve avonturen: educatieve routes die je niet mag missen in de Dr\u00f4me<\/h2><div class=\"element bloc-text justify \">\n\t<p><span style=\"font-weight: 400;\">Educatie staat centraal in de dierenparken van de Dr\u00f4me. Ontdek de dierenparken in de Dr\u00f4me via routes die spel en kennisverwerving combineren. De Krokodillenboerderij in Pierrelatte is een must-see: hier worden workshops aangeboden om alles te leren over deze prehistorische reptielen. Enthousiaste gidsen introduceren kinderen in de mysteries van de biodiversiteit door middel van leuke en interactieve activiteiten.<\/span><\/p>\n<ul>\n<li style=\"font-weight: 400;\" aria-level=\"1\"><span style=\"font-weight: 400;\">De Krokodillenboerderij: een onderdompeling in het leven van reptielen langs thematische paden.<\/span><\/li>\n<li style=\"font-weight: 400;\" aria-level=\"1\"><span style=\"font-weight: 400;\">Safari de Peaugres: een avontuur dat je dichtbij leeuwen, giraffen en neushoorns laat observeren.<\/span><\/li>\n<li style=\"font-weight: 400;\" aria-level=\"1\"><span style=\"font-weight: 400;\">Park de Courzieu: een plek waar roofvogels en wolven de helden worden van een fascinerend leerproces.<\/span><\/li>\n<\/ul>\n<p><span style=\"font-weight: 400;\">Op woensdagen en zaterdagen worden deze expedities momenten van delen en ontdekken, waar elk gezinslid verrijkt terugkeert met kennis over de lokale en exotische fauna.<\/span><\/p>\n<\/div><div class=\"element images\"><div class=\"image\"><img decoding=\"async\" src=\"https:\/\/www.campinglesbastets.com\/wp-content\/uploads\/2024\/04\/parcs-animalier-drome-safari-peaugre.jpg\" data-src=\"https:\/\/www.campinglesbastets.com\/wp-content\/uploads\/2024\/04\/parcs-animalier-drome-safari-peaugre.jpg\" alt=\"Faites le Safari de Peaugre, le parc animalier en Dr\u00f4me\" class=\"images_image\" \/><\/div><\/div><h2 class=\"element section-title justify\">Beschermen en plezier maken: initiatieven van dierenparken voor biodiversiteit<\/h2><div class=\"element bloc-text justify \">\n\t<p><span style=\"font-weight: 400;\">Verantwoord toerisme is een waarde die wordt gepromoot door de dierenparken in de Dr\u00f4me. Initiatieven voor soortenbehoud, fokprogramma&#8217;s of herbebossing, elk dierenpark zet zich in voor de toekomst van onze planeet. De Krokodillenboerderij bijvoorbeeld, is betrokken bij het behoud van bedreigde soorten en sensibiliseert het publiek voor de kwetsbaarheid van ecosystemen. Ontdek de dierenparken in de Dr\u00f4me en hun actieve rol in het beschermen van biodiversiteit, terwijl je plezier hebt met educatieve en leuke activiteiten die het bewustzijn van behoud bij jonge bezoekers aanwakkeren.<\/span><\/p>\n<\/div><h2 class=\"element section-title justify\">Herinneringen aan een magische dag: hoe dierenparken in de Dr\u00f4me jong en oud betoveren<\/h2><div class=\"element bloc-text justify \">\n\t<p><span style=\"font-weight: 400;\">Een bezoek aan een van de dierenparken in de Dr\u00f4me is een gelegenheid om bijzondere momenten te delen terwijl je leert over de belangrijkheid van de natuur en dieren. Speelplaatsen, shows en schaduwrijke picknickplekken maken het mogelijk om ontspanning en leren te combineren. Ontdek de dierenparken in de Dr\u00f4me en cre\u00eber je eigen herinneringen: een ontroerende ontmoeting met de wolven van het dierenpark Courzieu of een middag avontuur in Safari de Peaugres, elk moment is een belofte van verwondering en ontdekkingen.<\/span><\/p>\n<\/div><h2 class=\"element section-title justify\">Kostbare ecosystemen: milieubehoud in het hart van de parken in de Dr\u00f4me<\/h2><div class=\"element bloc-text justify \">\n\t<p><span style=\"font-weight: 400;\">De dierenparken in de Dr\u00f4me zijn echte ecologische toevluchtsoorden waar bescherming en respect voor dieren essentieel zijn. Deze groene ruimtes dragen bij aan het behoud van de lokale biodiversiteit en aan de milieueducatie van hun bezoekers. Als u zich waagt in de Gorges de l&#8217;Ard\u00e8che of in het hart van het Parc de la Dr\u00f4me, zult u beschermdde ecosystemen ontdekken en programma&#8217;s gewijd aan de overleving van bedreigde soorten. Voortdurende inspanningen worden geleverd om deze vredige oases te behouden, waar flora en fauna gedijen en waar bezoekers een rijk en gevarieerd natuurlijk spektakel aantreffen. Ontdek de dierenparken in de Dr\u00f4me, plaatsen waar elke soort een toevluchtsoord vindt en waar elke bezoek bijdraagt aan bewustwording voor een groenere toekomst.<\/span><\/p>\n<\/div><div class=\"element images\"><div class=\"image\"><img decoding=\"async\" src=\"https:\/\/www.campinglesbastets.com\/wp-content\/uploads\/2024\/04\/parcs-animaliers-drome-enfants.jpg\" data-src=\"https:\/\/www.campinglesbastets.com\/wp-content\/uploads\/2024\/04\/parcs-animaliers-drome-enfants.jpg\" alt=\"Explorez les parcs animaliers de la Dr\u00f4me avec vos enfants\" class=\"images_image\" \/><\/div><\/div><h2 class=\"element section-title justify\">De pr\u00e9cieux \u00e9cosyst\u00e8mes : la pr\u00e9servation de l&#8217;environnement au c\u0153ur des parcs de la Dr\u00f4me<\/h2><div class=\"element bloc-text justify \">\n\t<p>Les parcs animaliers de la Dr\u00f4me sont de v\u00e9ritables sanctuaires \u00e9cologiques o\u00f9 la protection et le respect des animaux sont essentiels. Ces espaces verts contribuent \u00e0 la conservation de la biodiversit\u00e9 locale et \u00e0 l&#8217;\u00e9ducation environnementale de leurs visiteurs. En vous aventurant dans les Gorges de l&#8217;Ard\u00e8che ou au sein du Parc de la Dr\u00f4me, vous d\u00e9couvrirez des \u00e9cosyst\u00e8mes pr\u00e9serv\u00e9s et des programmes d\u00e9di\u00e9s \u00e0 la survie des esp\u00e8ces en danger. Des efforts continus sont faits pour maintenir ces havres de paix, o\u00f9 la flore et la faune foisonnent, offrant aux visiteurs un spectacle naturel riche et vari\u00e9. D\u00e9couvrez les parcs animaliers dans la Dr\u00f4me, des lieux o\u00f9 chaque esp\u00e8ce trouve refuge et o\u00f9 chaque visite contribue \u00e0 la sensibilisation pour un avenir plus vert.<\/p>\n<\/div><\/div><\/section>\n\n<section id=\"section-6514209dd2320\"\" class=\"section bg-white p-t-0\" \/><div class=\"container extralarge\"><div class=\"element section-title center h2-like\">Les autres activit\u00e9s dans la Dr\u00f4me<\/div><ul class=\"liste-de-page\"><li class=\"element call-to-action carre call-to-action--style-1 call-to-action--big\"><a href=\"https:\/\/www.campinglesbastets.com\/nl\/omgeving\/de-heuveldorpen\/\"  class=\"call-to-action_link\" title=\"En savoir plus sur de dorpen op de heuveltop\"><div class=\"call-to-action_image\"><img decoding=\"async\" src=\"https:\/\/www.campinglesbastets.com\/wp-content\/uploads\/2022\/03\/village-poet-laval.jpg\" data-src=\"https:\/\/www.campinglesbastets.com\/wp-content\/uploads\/2022\/03\/village-poet-laval.jpg\" alt=\"village poet laval\" class=\"big\" \/><\/div><div class=\"call-to-action_contenu\"><div class=\"call-to-action_titre\">De dorpen op de heuveltop<\/div><\/div><\/a><\/li><li class=\"element call-to-action carre call-to-action--style-1 call-to-action--big call-to-action--style-1 call-to-action--big\"><a href=\"https:\/\/www.campinglesbastets.com\/nl\/omgeving\/uitje-naar-valreas\/\"  class=\"call-to-action_link\" title=\"En savoir plus sur uitje naar valr\u00e9as\"><div class=\"call-to-action_image\"><img decoding=\"async\" src=\"https:\/\/www.campinglesbastets.com\/wp-content\/uploads\/2022\/03\/valreas-a-decouvrir.jpg\" data-src=\"https:\/\/www.campinglesbastets.com\/wp-content\/uploads\/2022\/03\/valreas-a-decouvrir.jpg\" alt=\"valreas a decouvrir\" class=\"big\" \/><\/div><div class=\"call-to-action_contenu\"><div class=\"call-to-action_titre\">Uitje naar Valr\u00e9as<\/div><\/div><\/a><\/li><li class=\"element call-to-action carre call-to-action--style-1 call-to-action--big call-to-action--style-1 call-to-action--big call-to-action--style-1 call-to-action--big\"><a href=\"https:\/\/www.campinglesbastets.com\/nl\/omgeving\/originele-activiteiten-in-de-drome\/\"  class=\"call-to-action_link\" title=\"En savoir plus sur originele activiteiten in de dr\u00f4me\"><div class=\"call-to-action_image\"><img decoding=\"async\" src=\"https:\/\/www.campinglesbastets.com\/wp-content\/uploads\/2023\/08\/activites-insolites-drome.jpg\" data-src=\"https:\/\/www.campinglesbastets.com\/wp-content\/uploads\/2023\/08\/activites-insolites-drome.jpg\" alt=\"activit\u00e9s insolites drome\" class=\"big\" \/><\/div><div class=\"call-to-action_contenu\"><div class=\"call-to-action_titre\">Originele activiteiten in de Dr\u00f4me<\/div><\/div><\/a><\/li><\/ul><\/div><\/section>","protected":false},"excerpt":{"rendered":"","protected":false},"author":2,"featured_media":13665,"parent":9700,"menu_order":0,"comment_status":"closed","ping_status":"closed","template":"","meta":{"_acf_changed":false,"footnotes":""},"class_list":["post-13682","page","type-page","status-publish","has-post-thumbnail","hentry"],"acf":[],"yoast_head":"<!-- This site is optimized with the Yoast SEO plugin v25.3 - https:\/\/yoast.com\/wordpress\/plugins\/seo\/ -->\n<title>Animal Parks in Dr\u00f4me: Ontdek de verbazingwekkende diersoorten van Dr\u00f4me !<\/title>\n<meta name=\"description\" content=\"Ontdek de biodiversiteit van Dr\u00f4me in de dierenparken. Ontmoet fascinerende diersoorten en nog veel meer. Plan nu je bezoek!\" \/>\n<meta name=\"robots\" content=\"index, follow, max-snippet:-1, max-image-preview:large, max-video-preview:-1\" \/>\n<link rel=\"canonical\" href=\"https:\/\/www.campinglesbastets.com\/nl\/omgeving\/animal-parks-drome\/\" \/>\n<meta property=\"og:locale\" content=\"nl_NL\" \/>\n<meta property=\"og:type\" content=\"article\" \/>\n<meta property=\"og:title\" content=\"Animal Parks in Dr\u00f4me: Ontdek de verbazingwekkende diersoorten van Dr\u00f4me !\" \/>\n<meta property=\"og:description\" content=\"Ontdek de biodiversiteit van Dr\u00f4me in de dierenparken. Ontmoet fascinerende diersoorten en nog veel meer. Plan nu je bezoek!\" \/>\n<meta property=\"og:url\" content=\"https:\/\/www.campinglesbastets.com\/nl\/omgeving\/animal-parks-drome\/\" \/>\n<meta property=\"og:site_name\" content=\"Camping Les Bastets\" \/>\n<meta property=\"article:modified_time\" content=\"2024-04-18T12:47:46+00:00\" \/>\n<meta property=\"og:image\" content=\"https:\/\/www.campinglesbastets.com\/wp-content\/uploads\/2024\/04\/drome-parcs-animaliers.jpg\" \/>\n\t<meta property=\"og:image:width\" content=\"1067\" \/>\n\t<meta property=\"og:image:height\" content=\"600\" \/>\n\t<meta property=\"og:image:type\" content=\"image\/jpeg\" \/>\n<meta name=\"twitter:card\" content=\"summary_large_image\" \/>\n<meta name=\"twitter:label1\" content=\"Geschatte leestijd\" \/>\n\t<meta name=\"twitter:data1\" content=\"1 minuut\" \/>\n<script type=\"application\/ld+json\" class=\"yoast-schema-graph\">{\"@context\":\"https:\/\/schema.org\",\"@graph\":[{\"@type\":\"WebPage\",\"@id\":\"https:\/\/www.campinglesbastets.com\/nl\/omgeving\/animal-parks-drome\/\",\"url\":\"https:\/\/www.campinglesbastets.com\/nl\/omgeving\/animal-parks-drome\/\",\"name\":\"Animal Parks in Dr\u00f4me: Ontdek de verbazingwekkende diersoorten van Dr\u00f4me !\",\"isPartOf\":{\"@id\":\"https:\/\/www.campinglesbastets.com\/nl\/#website\"},\"primaryImageOfPage\":{\"@id\":\"https:\/\/www.campinglesbastets.com\/nl\/omgeving\/animal-parks-drome\/#primaryimage\"},\"image\":{\"@id\":\"https:\/\/www.campinglesbastets.com\/nl\/omgeving\/animal-parks-drome\/#primaryimage\"},\"thumbnailUrl\":\"https:\/\/www.campinglesbastets.com\/wp-content\/uploads\/2024\/04\/drome-parcs-animaliers.jpg\",\"datePublished\":\"2024-04-18T12:09:08+00:00\",\"dateModified\":\"2024-04-18T12:47:46+00:00\",\"description\":\"Ontdek de biodiversiteit van Dr\u00f4me in de dierenparken. Ontmoet fascinerende diersoorten en nog veel meer. Plan nu je bezoek!\",\"breadcrumb\":{\"@id\":\"https:\/\/www.campinglesbastets.com\/nl\/omgeving\/animal-parks-drome\/#breadcrumb\"},\"inLanguage\":\"nl-NL\",\"potentialAction\":[{\"@type\":\"ReadAction\",\"target\":[\"https:\/\/www.campinglesbastets.com\/nl\/omgeving\/animal-parks-drome\/\"]}]},{\"@type\":\"ImageObject\",\"inLanguage\":\"nl-NL\",\"@id\":\"https:\/\/www.campinglesbastets.com\/nl\/omgeving\/animal-parks-drome\/#primaryimage\",\"url\":\"https:\/\/www.campinglesbastets.com\/wp-content\/uploads\/2024\/04\/drome-parcs-animaliers.jpg\",\"contentUrl\":\"https:\/\/www.campinglesbastets.com\/wp-content\/uploads\/2024\/04\/drome-parcs-animaliers.jpg\",\"width\":1067,\"height\":600,\"caption\":\"Partez \u00e0 la d\u00e9couverte des parcs animaliers de la Dr\u00f4me\"},{\"@type\":\"BreadcrumbList\",\"@id\":\"https:\/\/www.campinglesbastets.com\/nl\/omgeving\/animal-parks-drome\/#breadcrumb\",\"itemListElement\":[{\"@type\":\"ListItem\",\"position\":1,\"name\":\"Camping Dr\u00f4me\",\"item\":\"https:\/\/www.campinglesbastets.com\/nl\/\"},{\"@type\":\"ListItem\",\"position\":2,\"name\":\"TOERISME IN DE DR\u00d4ME PROVEN\u00c7ALE\",\"item\":\"https:\/\/www.campinglesbastets.com\/nl\/omgeving\/\"},{\"@type\":\"ListItem\",\"position\":3,\"name\":\"Dierenparken in de Dr\u00f4me\"}]},{\"@type\":\"WebSite\",\"@id\":\"https:\/\/www.campinglesbastets.com\/nl\/#website\",\"url\":\"https:\/\/www.campinglesbastets.com\/nl\/\",\"name\":\"Camping Les Bastets\",\"description\":\"\",\"publisher\":{\"@id\":\"https:\/\/www.campinglesbastets.com\/nl\/#organization\"},\"potentialAction\":[{\"@type\":\"SearchAction\",\"target\":{\"@type\":\"EntryPoint\",\"urlTemplate\":\"https:\/\/www.campinglesbastets.com\/nl\/?s={search_term_string}\"},\"query-input\":{\"@type\":\"PropertyValueSpecification\",\"valueRequired\":true,\"valueName\":\"search_term_string\"}}],\"inLanguage\":\"nl-NL\"},{\"@type\":\"Organization\",\"@id\":\"https:\/\/www.campinglesbastets.com\/nl\/#organization\",\"name\":\"Camping Les Bastets\",\"url\":\"https:\/\/www.campinglesbastets.com\/nl\/\",\"logo\":{\"@type\":\"ImageObject\",\"inLanguage\":\"nl-NL\",\"@id\":\"https:\/\/www.campinglesbastets.com\/nl\/#\/schema\/logo\/image\/\",\"url\":\"https:\/\/www.campinglesbastets.com\/wp-content\/uploads\/2022\/02\/favicon-1.png\",\"contentUrl\":\"https:\/\/www.campinglesbastets.com\/wp-content\/uploads\/2022\/02\/favicon-1.png\",\"width\":1423,\"height\":1423,\"caption\":\"Camping Les Bastets\"},\"image\":{\"@id\":\"https:\/\/www.campinglesbastets.com\/nl\/#\/schema\/logo\/image\/\"}}]}<\/script>\n<!-- \/ Yoast SEO plugin. -->","yoast_head_json":{"title":"Animal Parks in Dr\u00f4me: Ontdek de verbazingwekkende diersoorten van Dr\u00f4me !","description":"Ontdek de biodiversiteit van Dr\u00f4me in de dierenparken. Ontmoet fascinerende diersoorten en nog veel meer. Plan nu je bezoek!","robots":{"index":"index","follow":"follow","max-snippet":"max-snippet:-1","max-image-preview":"max-image-preview:large","max-video-preview":"max-video-preview:-1"},"canonical":"https:\/\/www.campinglesbastets.com\/nl\/omgeving\/animal-parks-drome\/","og_locale":"nl_NL","og_type":"article","og_title":"Animal Parks in Dr\u00f4me: Ontdek de verbazingwekkende diersoorten van Dr\u00f4me !","og_description":"Ontdek de biodiversiteit van Dr\u00f4me in de dierenparken. Ontmoet fascinerende diersoorten en nog veel meer. Plan nu je bezoek!","og_url":"https:\/\/www.campinglesbastets.com\/nl\/omgeving\/animal-parks-drome\/","og_site_name":"Camping Les Bastets","article_modified_time":"2024-04-18T12:47:46+00:00","og_image":[{"width":1067,"height":600,"url":"https:\/\/www.campinglesbastets.com\/wp-content\/uploads\/2024\/04\/drome-parcs-animaliers.jpg","type":"image\/jpeg"}],"twitter_card":"summary_large_image","twitter_misc":{"Geschatte leestijd":"1 minuut"},"schema":{"@context":"https:\/\/schema.org","@graph":[{"@type":"WebPage","@id":"https:\/\/www.campinglesbastets.com\/nl\/omgeving\/animal-parks-drome\/","url":"https:\/\/www.campinglesbastets.com\/nl\/omgeving\/animal-parks-drome\/","name":"Animal Parks in Dr\u00f4me: Ontdek de verbazingwekkende diersoorten van Dr\u00f4me !","isPartOf":{"@id":"https:\/\/www.campinglesbastets.com\/nl\/#website"},"primaryImageOfPage":{"@id":"https:\/\/www.campinglesbastets.com\/nl\/omgeving\/animal-parks-drome\/#primaryimage"},"image":{"@id":"https:\/\/www.campinglesbastets.com\/nl\/omgeving\/animal-parks-drome\/#primaryimage"},"thumbnailUrl":"https:\/\/www.campinglesbastets.com\/wp-content\/uploads\/2024\/04\/drome-parcs-animaliers.jpg","datePublished":"2024-04-18T12:09:08+00:00","dateModified":"2024-04-18T12:47:46+00:00","description":"Ontdek de biodiversiteit van Dr\u00f4me in de dierenparken. Ontmoet fascinerende diersoorten en nog veel meer. Plan nu je bezoek!","breadcrumb":{"@id":"https:\/\/www.campinglesbastets.com\/nl\/omgeving\/animal-parks-drome\/#breadcrumb"},"inLanguage":"nl-NL","potentialAction":[{"@type":"ReadAction","target":["https:\/\/www.campinglesbastets.com\/nl\/omgeving\/animal-parks-drome\/"]}]},{"@type":"ImageObject","inLanguage":"nl-NL","@id":"https:\/\/www.campinglesbastets.com\/nl\/omgeving\/animal-parks-drome\/#primaryimage","url":"https:\/\/www.campinglesbastets.com\/wp-content\/uploads\/2024\/04\/drome-parcs-animaliers.jpg","contentUrl":"https:\/\/www.campinglesbastets.com\/wp-content\/uploads\/2024\/04\/drome-parcs-animaliers.jpg","width":1067,"height":600,"caption":"Partez \u00e0 la d\u00e9couverte des parcs animaliers de la Dr\u00f4me"},{"@type":"BreadcrumbList","@id":"https:\/\/www.campinglesbastets.com\/nl\/omgeving\/animal-parks-drome\/#breadcrumb","itemListElement":[{"@type":"ListItem","position":1,"name":"Camping Dr\u00f4me","item":"https:\/\/www.campinglesbastets.com\/nl\/"},{"@type":"ListItem","position":2,"name":"TOERISME IN DE DR\u00d4ME PROVEN\u00c7ALE","item":"https:\/\/www.campinglesbastets.com\/nl\/omgeving\/"},{"@type":"ListItem","position":3,"name":"Dierenparken in de Dr\u00f4me"}]},{"@type":"WebSite","@id":"https:\/\/www.campinglesbastets.com\/nl\/#website","url":"https:\/\/www.campinglesbastets.com\/nl\/","name":"Camping Les Bastets","description":"","publisher":{"@id":"https:\/\/www.campinglesbastets.com\/nl\/#organization"},"potentialAction":[{"@type":"SearchAction","target":{"@type":"EntryPoint","urlTemplate":"https:\/\/www.campinglesbastets.com\/nl\/?s={search_term_string}"},"query-input":{"@type":"PropertyValueSpecification","valueRequired":true,"valueName":"search_term_string"}}],"inLanguage":"nl-NL"},{"@type":"Organization","@id":"https:\/\/www.campinglesbastets.com\/nl\/#organization","name":"Camping Les Bastets","url":"https:\/\/www.campinglesbastets.com\/nl\/","logo":{"@type":"ImageObject","inLanguage":"nl-NL","@id":"https:\/\/www.campinglesbastets.com\/nl\/#\/schema\/logo\/image\/","url":"https:\/\/www.campinglesbastets.com\/wp-content\/uploads\/2022\/02\/favicon-1.png","contentUrl":"https:\/\/www.campinglesbastets.com\/wp-content\/uploads\/2022\/02\/favicon-1.png","width":1423,"height":1423,"caption":"Camping Les Bastets"},"image":{"@id":"https:\/\/www.campinglesbastets.com\/nl\/#\/schema\/logo\/image\/"}}]}},"_links":{"self":[{"href":"https:\/\/www.campinglesbastets.com\/nl\/wp-json\/wp\/v2\/pages\/13682","targetHints":{"allow":["GET"]}}],"collection":[{"href":"https:\/\/www.campinglesbastets.com\/nl\/wp-json\/wp\/v2\/pages"}],"about":[{"href":"https:\/\/www.campinglesbastets.com\/nl\/wp-json\/wp\/v2\/types\/page"}],"author":[{"embeddable":true,"href":"https:\/\/www.campinglesbastets.com\/nl\/wp-json\/wp\/v2\/users\/2"}],"replies":[{"embeddable":true,"href":"https:\/\/www.campinglesbastets.com\/nl\/wp-json\/wp\/v2\/comments?post=13682"}],"version-history":[{"count":3,"href":"https:\/\/www.campinglesbastets.com\/nl\/wp-json\/wp\/v2\/pages\/13682\/revisions"}],"predecessor-version":[{"id":13719,"href":"https:\/\/www.campinglesbastets.com\/nl\/wp-json\/wp\/v2\/pages\/13682\/revisions\/13719"}],"up":[{"embeddable":true,"href":"https:\/\/www.campinglesbastets.com\/nl\/wp-json\/wp\/v2\/pages\/9700"}],"wp:featuredmedia":[{"embeddable":true,"href":"https:\/\/www.campinglesbastets.com\/nl\/wp-json\/wp\/v2\/media\/13665"}],"wp:attachment":[{"href":"https:\/\/www.campinglesbastets.com\/nl\/wp-json\/wp\/v2\/media?parent=13682"}],"curies":[{"name":"wp","href":"https:\/\/api.w.org\/{rel}","templated":true}]}}