{"id":13475,"date":"2023-12-11T11:25:53","date_gmt":"2023-12-11T10:25:53","guid":{"rendered":"https:\/\/www.campinglesbastets.com\/?page_id=13475"},"modified":"2023-12-11T11:25:54","modified_gmt":"2023-12-11T10:25:54","slug":"olijfolie-uit-de-provencaalse-drome","status":"publish","type":"page","link":"https:\/\/www.campinglesbastets.com\/nl\/omgeving\/olijfolie-uit-de-provencaalse-drome\/","title":{"rendered":"Olijfolie uit de Proven\u00e7aalse Dr\u00f4me"},"content":{"rendered":"<section id=\"section-6576e3b1aec43\"\" class=\"section bg-white\" \/><div class=\"container\"><h1 class=\"element section-title justify\">Olijfolie uit de Proven\u00e7aalse Dr\u00f4me <\/h1><div class=\"element bloc-text justify \">\n\t<p>Ah, de Provence! Een prachtige regio met zoveel mooie steden. Vakantiegangers zijn zeer enthousiast over de Gorges de Saint-May, en Nyons en zijn <strong class=\"bold color1\">hoogwaardige olijfolie<\/strong> gaan u zeker bekoren. De BOB Nyons olijven behoren tot de beste producten van Frankrijk. Profiteer van uw verblijf op <a href=\"https:\/\/www.campinglesbastets.com\/nl\/\">camping Les Bastets<\/a> om de beroemde <strong class=\"bold color1\">olijfolie uit de Proven\u00e7aalse Dr\u00f4me<\/strong> te proeven.<\/p>\n<h2>Ontdek de beroemde olijfolie van Nyons<\/h2>\n<p>Welkom in het noorden van de Provence! Daar waar Nyons ligt en de Proven\u00e7aalse Baronnies, de bakermat van de olijfboom. In dit uitzonderlijke gebied worden de Tanche-olijven geteeld, een vari\u00ebteit die uniek is in de wereld. Ze zijn donker van kleur en gerimpeld en net zo geschikt voor het bereiden van olie als voor snoepgoed. Laten we samen de beroemde <strong class=\"bold color1\">BOB Nyons ontdekken<\/strong>.<\/p>\n<h3>Een beetje geschiedenis<\/h3>\n<p>De liefde tussen de BOB Nyons olijfolie en de Proven\u00e7aalse Dr\u00f4me gaat meer dan 2000 jaar terug. Maar in 1956 kwam daar verandering in nadat een strenge vorst de halve boomgaard vernietigde. Gelukkig werd de olijventeelt in de regio al snel hervat (1957). In 1968 kreeg de olijfolie uit de Proven\u00e7aalse Dr\u00f4me de <strong class=\"bold color1\">Beschermde Oorsprongsbenaming (BOB)<\/strong>, gevolgd door de <strong class=\"bold color1\">Gecontroleerde Oorsprongsbenaming (AOC)<\/strong> in 1994.<\/p>\n<h3>Een voortreffelijke smaak<\/h3>\n<p>BOB Nyons olijfolie heeft <strong class=\"bold color1\">een licht fruitige smaak<\/strong>. De olie onthult aroma&#8217;s van kruiden, amandel, boter en appel, met pittige ondertonen en een vleugje bitterheid als nasmaak&#8230; Deze unieke smaak is afkomstig van de inheemse olijven van de Proven\u00e7aalse Dr\u00f4me. Geen wonder dat <strong class=\"bold color1\">BOB Nyons olijfolie<\/strong> beschouwd wordt als een van de beste oli\u00ebn van Frankrijk!<\/p>\n<h3>Een uitzonderlijk terroir<\/h3>\n<p>U bent van plan om <a href=\"https:\/\/www.campinglesbastets.com\/nl\/omgeving\/\">de Proven\u00e7aalse Dr\u00f4me te ontdekken<\/a>? Dan mag u Nyons absoluut niet vergeten! Dit mooie groene stadje verbergt een ware schat: de <strong class=\"bold color1\">Tanche-olijven<\/strong>, waarmee de beroemde BOB Nyons olijfolie wordt gemaakt.<br \/>\nDe BOB Nyons omvat een specifieke sector, inclusief <strong class=\"bold color1\">de Dr\u00f4me en de Haute-Provence<\/strong>. Het productiegebied wordt gekenmerkt door een heuvelachtig reli\u00ebf, een zuidoostelijke ligging, een gemiddelde hoogte van 400 meter en een mediterraan klimaat&#8230; Al deze omstandigheden zijn nodig om Tanche-olijven te telen.<\/p>\n<h3>Een bijzondere olie<\/h3>\n<p>Deze biologische olijfolie uit de Proven\u00e7aalse Dr\u00f4me heeft haar eigen specifieke kenmerken. Wanneer ze rijp zijn, worden de Tanche-olijven met de hand geoogst en naar de molen gebracht. Dit is waar de olijven zonder opwarming mechanisch geperst worden. Om de aroma&#8217;s van de olijven te behouden, wordt de olie vervolgens opgeslagen in roestvrijstalen vaten.<br \/>\nHet resultaat is een <strong class=\"bold color1\">hoogwaardige olijfolie<\/strong>, rijk aan antioxidanten en enkelvoudig onverzadigde vetten&#8230; En er is <strong class=\"bold color1\">voor ieder wat wils<\/strong>: extra vierge olijfolie BOB Provence, extra vierge olijfolie BOB Vall\u00e9e de Baux, koud geperste olijfolie&#8230;<br \/>\nDe kers op de taart is dat de biologische olijfolie BOB Nyons vrijwel met alle wijnen prefect te combineren is (rood, ros\u00e9, wit&#8230;) en met alle gerechten (salades, soepen, gesauteerde groenten, gegrild vlees&#8230;). Dit maakt het een onmisbare smaakmaker in de keuken.<\/p>\n<h2>Bezoek de oliemolen: de totaalervaring<\/h2>\n<p>Breng een <strong class=\"bold color1\">bezoek aan de oliemolen van Nyons<\/strong> en maak van de gelegenheid gebruik om te proeven van de BOB olijfolie, de parel van de Provence! Voor slechts \u20ac 3,50 per persoon leert u over het unieke savoir-faire van de Proven\u00e7aalse Dr\u00f4me en de productie van de extra vierge olijfoli\u00ebn van Nyons. Loop aan het einde van uw bezoek de winkel nog even binnen en profiteer van dit moment om lokale producten in te slaan. De beroemde <strong class=\"bold color1\">olijfolie uit de Proven\u00e7aalse Dr\u00f4me<\/strong> rekent op u!<\/p>\n<\/div><\/div><\/section>","protected":false},"excerpt":{"rendered":"","protected":false},"author":2,"featured_media":13454,"parent":9700,"menu_order":0,"comment_status":"closed","ping_status":"closed","template":"","meta":{"_acf_changed":false,"footnotes":""},"class_list":["post-13475","page","type-page","status-publish","has-post-thumbnail","hentry"],"acf":[],"yoast_head":"<!-- This site is optimized with the Yoast SEO plugin v25.3 - https:\/\/yoast.com\/wordpress\/plugins\/seo\/ -->\n<title>Olijfolie uit de Proven\u00e7aalse Dr\u00f4me: ontdek de olijf van Nyons<\/title>\n<meta name=\"description\" content=\"Profiteer van uw verblijf op camping Les Bastets om de beroemde olijfolie uit de Proven\u00e7aalse Dr\u00f4me te proeven. We vertellen u er alles over!\" \/>\n<meta name=\"robots\" content=\"index, follow, max-snippet:-1, max-image-preview:large, max-video-preview:-1\" \/>\n<link rel=\"canonical\" href=\"https:\/\/www.campinglesbastets.com\/nl\/omgeving\/olijfolie-uit-de-provencaalse-drome\/\" \/>\n<meta property=\"og:locale\" content=\"nl_NL\" \/>\n<meta property=\"og:type\" content=\"article\" \/>\n<meta property=\"og:title\" content=\"Olijfolie uit de Proven\u00e7aalse Dr\u00f4me: ontdek de olijf van Nyons\" \/>\n<meta property=\"og:description\" content=\"Profiteer van uw verblijf op camping Les Bastets om de beroemde olijfolie uit de Proven\u00e7aalse Dr\u00f4me te proeven. We vertellen u er alles over!\" \/>\n<meta property=\"og:url\" content=\"https:\/\/www.campinglesbastets.com\/nl\/omgeving\/olijfolie-uit-de-provencaalse-drome\/\" \/>\n<meta property=\"og:site_name\" content=\"Camping Les Bastets\" \/>\n<meta property=\"article:modified_time\" content=\"2023-12-11T10:25:54+00:00\" \/>\n<meta property=\"og:image\" content=\"https:\/\/www.campinglesbastets.com\/wp-content\/uploads\/2023\/12\/huile-d-olive-de-drome-provencale.jpg\" \/>\n\t<meta property=\"og:image:width\" content=\"1900\" \/>\n\t<meta property=\"og:image:height\" content=\"700\" \/>\n\t<meta property=\"og:image:type\" content=\"image\/jpeg\" \/>\n<meta name=\"twitter:card\" content=\"summary_large_image\" \/>\n<script type=\"application\/ld+json\" class=\"yoast-schema-graph\">{\"@context\":\"https:\/\/schema.org\",\"@graph\":[{\"@type\":\"WebPage\",\"@id\":\"https:\/\/www.campinglesbastets.com\/nl\/omgeving\/olijfolie-uit-de-provencaalse-drome\/\",\"url\":\"https:\/\/www.campinglesbastets.com\/nl\/omgeving\/olijfolie-uit-de-provencaalse-drome\/\",\"name\":\"Olijfolie uit de Proven\u00e7aalse Dr\u00f4me: ontdek de olijf van Nyons\",\"isPartOf\":{\"@id\":\"https:\/\/www.campinglesbastets.com\/nl\/#website\"},\"primaryImageOfPage\":{\"@id\":\"https:\/\/www.campinglesbastets.com\/nl\/omgeving\/olijfolie-uit-de-provencaalse-drome\/#primaryimage\"},\"image\":{\"@id\":\"https:\/\/www.campinglesbastets.com\/nl\/omgeving\/olijfolie-uit-de-provencaalse-drome\/#primaryimage\"},\"thumbnailUrl\":\"https:\/\/www.campinglesbastets.com\/wp-content\/uploads\/2023\/12\/huile-d-olive-de-drome-provencale.jpg\",\"datePublished\":\"2023-12-11T10:25:53+00:00\",\"dateModified\":\"2023-12-11T10:25:54+00:00\",\"description\":\"Profiteer van uw verblijf op camping Les Bastets om de beroemde olijfolie uit de Proven\u00e7aalse Dr\u00f4me te proeven. We vertellen u er alles over!\",\"breadcrumb\":{\"@id\":\"https:\/\/www.campinglesbastets.com\/nl\/omgeving\/olijfolie-uit-de-provencaalse-drome\/#breadcrumb\"},\"inLanguage\":\"nl-NL\",\"potentialAction\":[{\"@type\":\"ReadAction\",\"target\":[\"https:\/\/www.campinglesbastets.com\/nl\/omgeving\/olijfolie-uit-de-provencaalse-drome\/\"]}]},{\"@type\":\"ImageObject\",\"inLanguage\":\"nl-NL\",\"@id\":\"https:\/\/www.campinglesbastets.com\/nl\/omgeving\/olijfolie-uit-de-provencaalse-drome\/#primaryimage\",\"url\":\"https:\/\/www.campinglesbastets.com\/wp-content\/uploads\/2023\/12\/huile-d-olive-de-drome-provencale.jpg\",\"contentUrl\":\"https:\/\/www.campinglesbastets.com\/wp-content\/uploads\/2023\/12\/huile-d-olive-de-drome-provencale.jpg\",\"width\":1900,\"height\":700,\"caption\":\"Huile d\u2019olive de Dr\u00f4me proven\u00e7ale\"},{\"@type\":\"BreadcrumbList\",\"@id\":\"https:\/\/www.campinglesbastets.com\/nl\/omgeving\/olijfolie-uit-de-provencaalse-drome\/#breadcrumb\",\"itemListElement\":[{\"@type\":\"ListItem\",\"position\":1,\"name\":\"Camping Dr\u00f4me\",\"item\":\"https:\/\/www.campinglesbastets.com\/nl\/\"},{\"@type\":\"ListItem\",\"position\":2,\"name\":\"TOERISME IN DE DR\u00d4ME PROVEN\u00c7ALE\",\"item\":\"https:\/\/www.campinglesbastets.com\/nl\/omgeving\/\"},{\"@type\":\"ListItem\",\"position\":3,\"name\":\"Olijfolie uit de Proven\u00e7aalse Dr\u00f4me\"}]},{\"@type\":\"WebSite\",\"@id\":\"https:\/\/www.campinglesbastets.com\/nl\/#website\",\"url\":\"https:\/\/www.campinglesbastets.com\/nl\/\",\"name\":\"Camping Les Bastets\",\"description\":\"\",\"publisher\":{\"@id\":\"https:\/\/www.campinglesbastets.com\/nl\/#organization\"},\"potentialAction\":[{\"@type\":\"SearchAction\",\"target\":{\"@type\":\"EntryPoint\",\"urlTemplate\":\"https:\/\/www.campinglesbastets.com\/nl\/?s={search_term_string}\"},\"query-input\":{\"@type\":\"PropertyValueSpecification\",\"valueRequired\":true,\"valueName\":\"search_term_string\"}}],\"inLanguage\":\"nl-NL\"},{\"@type\":\"Organization\",\"@id\":\"https:\/\/www.campinglesbastets.com\/nl\/#organization\",\"name\":\"Camping Les Bastets\",\"url\":\"https:\/\/www.campinglesbastets.com\/nl\/\",\"logo\":{\"@type\":\"ImageObject\",\"inLanguage\":\"nl-NL\",\"@id\":\"https:\/\/www.campinglesbastets.com\/nl\/#\/schema\/logo\/image\/\",\"url\":\"https:\/\/www.campinglesbastets.com\/wp-content\/uploads\/2022\/02\/favicon-1.png\",\"contentUrl\":\"https:\/\/www.campinglesbastets.com\/wp-content\/uploads\/2022\/02\/favicon-1.png\",\"width\":1423,\"height\":1423,\"caption\":\"Camping Les Bastets\"},\"image\":{\"@id\":\"https:\/\/www.campinglesbastets.com\/nl\/#\/schema\/logo\/image\/\"}}]}<\/script>\n<!-- \/ Yoast SEO plugin. -->","yoast_head_json":{"title":"Olijfolie uit de Proven\u00e7aalse Dr\u00f4me: ontdek de olijf van Nyons","description":"Profiteer van uw verblijf op camping Les Bastets om de beroemde olijfolie uit de Proven\u00e7aalse Dr\u00f4me te proeven. We vertellen u er alles over!","robots":{"index":"index","follow":"follow","max-snippet":"max-snippet:-1","max-image-preview":"max-image-preview:large","max-video-preview":"max-video-preview:-1"},"canonical":"https:\/\/www.campinglesbastets.com\/nl\/omgeving\/olijfolie-uit-de-provencaalse-drome\/","og_locale":"nl_NL","og_type":"article","og_title":"Olijfolie uit de Proven\u00e7aalse Dr\u00f4me: ontdek de olijf van Nyons","og_description":"Profiteer van uw verblijf op camping Les Bastets om de beroemde olijfolie uit de Proven\u00e7aalse Dr\u00f4me te proeven. We vertellen u er alles over!","og_url":"https:\/\/www.campinglesbastets.com\/nl\/omgeving\/olijfolie-uit-de-provencaalse-drome\/","og_site_name":"Camping Les Bastets","article_modified_time":"2023-12-11T10:25:54+00:00","og_image":[{"width":1900,"height":700,"url":"https:\/\/www.campinglesbastets.com\/wp-content\/uploads\/2023\/12\/huile-d-olive-de-drome-provencale.jpg","type":"image\/jpeg"}],"twitter_card":"summary_large_image","schema":{"@context":"https:\/\/schema.org","@graph":[{"@type":"WebPage","@id":"https:\/\/www.campinglesbastets.com\/nl\/omgeving\/olijfolie-uit-de-provencaalse-drome\/","url":"https:\/\/www.campinglesbastets.com\/nl\/omgeving\/olijfolie-uit-de-provencaalse-drome\/","name":"Olijfolie uit de Proven\u00e7aalse Dr\u00f4me: ontdek de olijf van Nyons","isPartOf":{"@id":"https:\/\/www.campinglesbastets.com\/nl\/#website"},"primaryImageOfPage":{"@id":"https:\/\/www.campinglesbastets.com\/nl\/omgeving\/olijfolie-uit-de-provencaalse-drome\/#primaryimage"},"image":{"@id":"https:\/\/www.campinglesbastets.com\/nl\/omgeving\/olijfolie-uit-de-provencaalse-drome\/#primaryimage"},"thumbnailUrl":"https:\/\/www.campinglesbastets.com\/wp-content\/uploads\/2023\/12\/huile-d-olive-de-drome-provencale.jpg","datePublished":"2023-12-11T10:25:53+00:00","dateModified":"2023-12-11T10:25:54+00:00","description":"Profiteer van uw verblijf op camping Les Bastets om de beroemde olijfolie uit de Proven\u00e7aalse Dr\u00f4me te proeven. We vertellen u er alles over!","breadcrumb":{"@id":"https:\/\/www.campinglesbastets.com\/nl\/omgeving\/olijfolie-uit-de-provencaalse-drome\/#breadcrumb"},"inLanguage":"nl-NL","potentialAction":[{"@type":"ReadAction","target":["https:\/\/www.campinglesbastets.com\/nl\/omgeving\/olijfolie-uit-de-provencaalse-drome\/"]}]},{"@type":"ImageObject","inLanguage":"nl-NL","@id":"https:\/\/www.campinglesbastets.com\/nl\/omgeving\/olijfolie-uit-de-provencaalse-drome\/#primaryimage","url":"https:\/\/www.campinglesbastets.com\/wp-content\/uploads\/2023\/12\/huile-d-olive-de-drome-provencale.jpg","contentUrl":"https:\/\/www.campinglesbastets.com\/wp-content\/uploads\/2023\/12\/huile-d-olive-de-drome-provencale.jpg","width":1900,"height":700,"caption":"Huile d\u2019olive de Dr\u00f4me proven\u00e7ale"},{"@type":"BreadcrumbList","@id":"https:\/\/www.campinglesbastets.com\/nl\/omgeving\/olijfolie-uit-de-provencaalse-drome\/#breadcrumb","itemListElement":[{"@type":"ListItem","position":1,"name":"Camping Dr\u00f4me","item":"https:\/\/www.campinglesbastets.com\/nl\/"},{"@type":"ListItem","position":2,"name":"TOERISME IN DE DR\u00d4ME PROVEN\u00c7ALE","item":"https:\/\/www.campinglesbastets.com\/nl\/omgeving\/"},{"@type":"ListItem","position":3,"name":"Olijfolie uit de Proven\u00e7aalse Dr\u00f4me"}]},{"@type":"WebSite","@id":"https:\/\/www.campinglesbastets.com\/nl\/#website","url":"https:\/\/www.campinglesbastets.com\/nl\/","name":"Camping Les Bastets","description":"","publisher":{"@id":"https:\/\/www.campinglesbastets.com\/nl\/#organization"},"potentialAction":[{"@type":"SearchAction","target":{"@type":"EntryPoint","urlTemplate":"https:\/\/www.campinglesbastets.com\/nl\/?s={search_term_string}"},"query-input":{"@type":"PropertyValueSpecification","valueRequired":true,"valueName":"search_term_string"}}],"inLanguage":"nl-NL"},{"@type":"Organization","@id":"https:\/\/www.campinglesbastets.com\/nl\/#organization","name":"Camping Les Bastets","url":"https:\/\/www.campinglesbastets.com\/nl\/","logo":{"@type":"ImageObject","inLanguage":"nl-NL","@id":"https:\/\/www.campinglesbastets.com\/nl\/#\/schema\/logo\/image\/","url":"https:\/\/www.campinglesbastets.com\/wp-content\/uploads\/2022\/02\/favicon-1.png","contentUrl":"https:\/\/www.campinglesbastets.com\/wp-content\/uploads\/2022\/02\/favicon-1.png","width":1423,"height":1423,"caption":"Camping Les Bastets"},"image":{"@id":"https:\/\/www.campinglesbastets.com\/nl\/#\/schema\/logo\/image\/"}}]}},"_links":{"self":[{"href":"https:\/\/www.campinglesbastets.com\/nl\/wp-json\/wp\/v2\/pages\/13475","targetHints":{"allow":["GET"]}}],"collection":[{"href":"https:\/\/www.campinglesbastets.com\/nl\/wp-json\/wp\/v2\/pages"}],"about":[{"href":"https:\/\/www.campinglesbastets.com\/nl\/wp-json\/wp\/v2\/types\/page"}],"author":[{"embeddable":true,"href":"https:\/\/www.campinglesbastets.com\/nl\/wp-json\/wp\/v2\/users\/2"}],"replies":[{"embeddable":true,"href":"https:\/\/www.campinglesbastets.com\/nl\/wp-json\/wp\/v2\/comments?post=13475"}],"version-history":[{"count":2,"href":"https:\/\/www.campinglesbastets.com\/nl\/wp-json\/wp\/v2\/pages\/13475\/revisions"}],"predecessor-version":[{"id":13477,"href":"https:\/\/www.campinglesbastets.com\/nl\/wp-json\/wp\/v2\/pages\/13475\/revisions\/13477"}],"up":[{"embeddable":true,"href":"https:\/\/www.campinglesbastets.com\/nl\/wp-json\/wp\/v2\/pages\/9700"}],"wp:featuredmedia":[{"embeddable":true,"href":"https:\/\/www.campinglesbastets.com\/nl\/wp-json\/wp\/v2\/media\/13454"}],"wp:attachment":[{"href":"https:\/\/www.campinglesbastets.com\/nl\/wp-json\/wp\/v2\/media?parent=13475"}],"curies":[{"name":"wp","href":"https:\/\/api.w.org\/{rel}","templated":true}]}}