{"id":13237,"date":"2023-10-05T15:51:48","date_gmt":"2023-10-05T13:51:48","guid":{"rendered":"https:\/\/www.campinglesbastets.com\/?page_id=13237"},"modified":"2023-10-05T15:55:27","modified_gmt":"2023-10-05T13:55:27","slug":"kanoen-in-de-drome","status":"publish","type":"page","link":"https:\/\/www.campinglesbastets.com\/nl\/omgeving\/kanoen-in-de-drome\/","title":{"rendered":"Kano\u00ebn in de Dr\u00f4me"},"content":{"rendered":"<section id=\"section-651ec04e9f84a\"\" class=\"section bg-white\" \/><div class=\"container\"><h1 class=\"element section-title justify\">Kano\u00ebn in de Dr\u00f4me<\/h1><div class=\"element bloc-text justify \">\n\t<p>De Dr\u00f4me is een veelzijdige regio met een van de wildste zijrivieren van Frankrijk, waaraan het zijn naam ontleent: de Dr\u00f4me. De rivier biedt verschillende recreatiemogelijkheden, maar <strong class=\"bold color1\">kano\u00ebn in de Dr\u00f4me<\/strong> blijft een echte must tijdens uw verblijf op een <a href=\"https:\/\/www.campinglesbastets.com\/nl\/\">camping in de Dr\u00f4me<\/a>.<\/p>\n<h2>De rivier de Dr\u00f4me, ideaal om te kano\u00ebn<\/h2>\n<p>De rivier de Dr\u00f4me in Frankrijk is <strong class=\"bold color1\">ideaal voor een kano-avontuur<\/strong>. De rivier verbindt de zuidelijke Vercors met de Provence, ontspringt bij de Col de Carabes en mondt uit in de Rh\u00f4ne bij Loriol-sur-Dr\u00f4me. Kristalhelder en blauw, deze waterloop staat bekend om zijn natuurlijke karakter.<br \/>\nKajakken of <strong class=\"bold color1\">kano\u00ebn in de Dr\u00f4me<\/strong> is een uniek avontuur, daar er nagenoeg geen hindernissen voorkomen in deze rivier zoals dammen. Hoewel het niveau van de Dr\u00f4me varieert afhankelijk van regen- en sneeuwval, profiteert de Dr\u00f4me van een gemiddeld debiet van 10 tot 15 m\u00b3. Dus zelfs <strong class=\"bold color1\">tijdens uw zomervakantie op de camping<\/strong> kunt u van deze activiteit genieten. Bovendien biedt de rivier een verscheidenheid aan parcours, <strong class=\"bold color1\">van rustige stukken tot meer technische en snelle stukken<\/strong>. Zo kunnen beginnende en ervaren kanovaarders allemaal de rivier op.<br \/>\nEen <strong class=\"bold color1\">kajaktocht op de rivier de Dr\u00f4me<\/strong> is gegarandeerd een onvergetelijke ervaring te <strong class=\"bold color1\">midden van een weelderige natuur<\/strong>. Bewonder vanaf het water de kliffen van de Vercors, de lavendelvelden en de typische Proven\u00e7aalse dorpjes. De Dr\u00f4me is ideaal voor verschillende wildwateractiviteiten, met vrienden of familie, met uw kinderen bijvoorbeeld.<\/p>\n<h2>Idee\u00ebn voor kanovaren op de Dr\u00f4me<\/h2>\n<p>Een van de voordelen van kanovaren op de Dr\u00f4me is dat de rivier routes biedt voor ieders niveau.<\/p>\n<h3>Met kinderen en voor het gezin<\/h3>\n<p>Wilt u uw kind vanaf 6 jaar het plezier van <strong class=\"bold color1\">kanovaren op de Dr\u00f4me<\/strong> doen ontdekken? Begeef u dan ter plekke naar een kajakverhuur in de buurt van onze camping om dit geweldige avontuur te beleven, of boek online bij een plaatselijke professional. U kunt kiezen voor de 3 km lange <strong class=\"bold color1\">route van Saillans<\/strong> naar Les Plots. De <strong class=\"bold color1\">halve dag-formule<\/strong> vanaf Espenel naar Saillans is ook ideaal voor een afdaling met de kleintjes.<br \/>\nU wilt de Dr\u00f4me op met uw kleine gezelschap? Dan kunt u kiezen tussen een vertrek vanaf Les Plots naar Aouste-sur-Sye, <strong class=\"bold color1\">dit parcours verbindt Saillans en Aouste-sur-Sye<\/strong>, of een vertrek vanaf de Griotte-brug om van Die naar Sainte-Croix te gaan. Deze routes zijn perfect om op een zomerse dag te genieten van een dag op het water.<\/p>\n<h3>Sportieve en meer technische routes<\/h3>\n<p>Voor een technisch meer uitdagende kanotocht biedt de Dr\u00f4me een ruime keuze. Een van de bekendste is de 27 km lange <strong class=\"bold color1\">tocht van Die naar Saillans<\/strong>. Om optimaal te genieten van bezienswaardigheden en interessante locaties zoals het <strong class=\"bold color1\">natuurreservaat Rami\u00e8res<\/strong> en de wijngaarden van Diois, boek dan online deze kajak-dagtocht. U kunt ook gaan voor de 33 km lange route van <strong class=\"bold color1\">Pont de Quart naar Saillans<\/strong>, deze heeft een paar stroomversnellingen. Voor een nog spannendere wildwaterervaring kunt u kiezen voor de afdaling van Pont de Quart naar Crest.<\/p>\n<p>U heeft uw <a href=\"https:\/\/www.campinglesbastets.com\/nl\/accommodaties\/\">mobilhome gehuurd in de Dr\u00f4me<\/a>? Plan dan nu een <strong class=\"bold color1\">kano-activiteit voor het hele gezin<\/strong>!<\/p>\n<\/div><\/div><\/section>","protected":false},"excerpt":{"rendered":"","protected":false},"author":2,"featured_media":13210,"parent":9700,"menu_order":0,"comment_status":"closed","ping_status":"closed","template":"","meta":{"_acf_changed":false,"footnotes":""},"class_list":["post-13237","page","type-page","status-publish","has-post-thumbnail","hentry"],"acf":[],"yoast_head":"<!-- This site is optimized with the Yoast SEO plugin v25.3 - https:\/\/yoast.com\/wordpress\/plugins\/seo\/ -->\n<title>Kano\u00ebn in de Dr\u00f4me: routes nabij de camping<\/title>\n<meta name=\"description\" content=\"U wilt samen met uw gezin kano\u00ebn tijdens uw verblijf op onze camping in de Dr\u00f4me? Ontdek de beste kanoroutes!\" \/>\n<meta name=\"robots\" content=\"index, follow, max-snippet:-1, max-image-preview:large, max-video-preview:-1\" \/>\n<link rel=\"canonical\" href=\"https:\/\/www.campinglesbastets.com\/nl\/omgeving\/kanoen-in-de-drome\/\" \/>\n<meta property=\"og:locale\" content=\"nl_NL\" \/>\n<meta property=\"og:type\" content=\"article\" \/>\n<meta property=\"og:title\" content=\"Kano\u00ebn in de Dr\u00f4me: routes nabij de camping\" \/>\n<meta property=\"og:description\" content=\"U wilt samen met uw gezin kano\u00ebn tijdens uw verblijf op onze camping in de Dr\u00f4me? Ontdek de beste kanoroutes!\" \/>\n<meta property=\"og:url\" content=\"https:\/\/www.campinglesbastets.com\/nl\/omgeving\/kanoen-in-de-drome\/\" \/>\n<meta property=\"og:site_name\" content=\"Camping Les Bastets\" \/>\n<meta property=\"article:modified_time\" content=\"2023-10-05T13:55:27+00:00\" \/>\n<meta property=\"og:image\" content=\"https:\/\/www.campinglesbastets.com\/wp-content\/uploads\/2023\/09\/canoe-drome.jpg\" \/>\n\t<meta property=\"og:image:width\" content=\"1900\" \/>\n\t<meta property=\"og:image:height\" content=\"700\" \/>\n\t<meta property=\"og:image:type\" content=\"image\/jpeg\" \/>\n<meta name=\"twitter:card\" content=\"summary_large_image\" \/>\n<script type=\"application\/ld+json\" class=\"yoast-schema-graph\">{\"@context\":\"https:\/\/schema.org\",\"@graph\":[{\"@type\":\"WebPage\",\"@id\":\"https:\/\/www.campinglesbastets.com\/nl\/omgeving\/kanoen-in-de-drome\/\",\"url\":\"https:\/\/www.campinglesbastets.com\/nl\/omgeving\/kanoen-in-de-drome\/\",\"name\":\"Kano\u00ebn in de Dr\u00f4me: routes nabij de camping\",\"isPartOf\":{\"@id\":\"https:\/\/www.campinglesbastets.com\/nl\/#website\"},\"primaryImageOfPage\":{\"@id\":\"https:\/\/www.campinglesbastets.com\/nl\/omgeving\/kanoen-in-de-drome\/#primaryimage\"},\"image\":{\"@id\":\"https:\/\/www.campinglesbastets.com\/nl\/omgeving\/kanoen-in-de-drome\/#primaryimage\"},\"thumbnailUrl\":\"https:\/\/www.campinglesbastets.com\/wp-content\/uploads\/2023\/09\/canoe-drome.jpg\",\"datePublished\":\"2023-10-05T13:51:48+00:00\",\"dateModified\":\"2023-10-05T13:55:27+00:00\",\"description\":\"U wilt samen met uw gezin kano\u00ebn tijdens uw verblijf op onze camping in de Dr\u00f4me? Ontdek de beste kanoroutes!\",\"breadcrumb\":{\"@id\":\"https:\/\/www.campinglesbastets.com\/nl\/omgeving\/kanoen-in-de-drome\/#breadcrumb\"},\"inLanguage\":\"nl-NL\",\"potentialAction\":[{\"@type\":\"ReadAction\",\"target\":[\"https:\/\/www.campinglesbastets.com\/nl\/omgeving\/kanoen-in-de-drome\/\"]}]},{\"@type\":\"ImageObject\",\"inLanguage\":\"nl-NL\",\"@id\":\"https:\/\/www.campinglesbastets.com\/nl\/omgeving\/kanoen-in-de-drome\/#primaryimage\",\"url\":\"https:\/\/www.campinglesbastets.com\/wp-content\/uploads\/2023\/09\/canoe-drome.jpg\",\"contentUrl\":\"https:\/\/www.campinglesbastets.com\/wp-content\/uploads\/2023\/09\/canoe-drome.jpg\",\"width\":1900,\"height\":700,\"caption\":\"Pratique du cano\u00eb dans la Dr\u00f4me\"},{\"@type\":\"BreadcrumbList\",\"@id\":\"https:\/\/www.campinglesbastets.com\/nl\/omgeving\/kanoen-in-de-drome\/#breadcrumb\",\"itemListElement\":[{\"@type\":\"ListItem\",\"position\":1,\"name\":\"Camping Dr\u00f4me\",\"item\":\"https:\/\/www.campinglesbastets.com\/nl\/\"},{\"@type\":\"ListItem\",\"position\":2,\"name\":\"TOERISME IN DE DR\u00d4ME PROVEN\u00c7ALE\",\"item\":\"https:\/\/www.campinglesbastets.com\/nl\/omgeving\/\"},{\"@type\":\"ListItem\",\"position\":3,\"name\":\"Kano\u00ebn in de Dr\u00f4me\"}]},{\"@type\":\"WebSite\",\"@id\":\"https:\/\/www.campinglesbastets.com\/nl\/#website\",\"url\":\"https:\/\/www.campinglesbastets.com\/nl\/\",\"name\":\"Camping Les Bastets\",\"description\":\"\",\"publisher\":{\"@id\":\"https:\/\/www.campinglesbastets.com\/nl\/#organization\"},\"potentialAction\":[{\"@type\":\"SearchAction\",\"target\":{\"@type\":\"EntryPoint\",\"urlTemplate\":\"https:\/\/www.campinglesbastets.com\/nl\/?s={search_term_string}\"},\"query-input\":{\"@type\":\"PropertyValueSpecification\",\"valueRequired\":true,\"valueName\":\"search_term_string\"}}],\"inLanguage\":\"nl-NL\"},{\"@type\":\"Organization\",\"@id\":\"https:\/\/www.campinglesbastets.com\/nl\/#organization\",\"name\":\"Camping Les Bastets\",\"url\":\"https:\/\/www.campinglesbastets.com\/nl\/\",\"logo\":{\"@type\":\"ImageObject\",\"inLanguage\":\"nl-NL\",\"@id\":\"https:\/\/www.campinglesbastets.com\/nl\/#\/schema\/logo\/image\/\",\"url\":\"https:\/\/www.campinglesbastets.com\/wp-content\/uploads\/2022\/02\/favicon-1.png\",\"contentUrl\":\"https:\/\/www.campinglesbastets.com\/wp-content\/uploads\/2022\/02\/favicon-1.png\",\"width\":1423,\"height\":1423,\"caption\":\"Camping Les Bastets\"},\"image\":{\"@id\":\"https:\/\/www.campinglesbastets.com\/nl\/#\/schema\/logo\/image\/\"}}]}<\/script>\n<!-- \/ Yoast SEO plugin. -->","yoast_head_json":{"title":"Kano\u00ebn in de Dr\u00f4me: routes nabij de camping","description":"U wilt samen met uw gezin kano\u00ebn tijdens uw verblijf op onze camping in de Dr\u00f4me? Ontdek de beste kanoroutes!","robots":{"index":"index","follow":"follow","max-snippet":"max-snippet:-1","max-image-preview":"max-image-preview:large","max-video-preview":"max-video-preview:-1"},"canonical":"https:\/\/www.campinglesbastets.com\/nl\/omgeving\/kanoen-in-de-drome\/","og_locale":"nl_NL","og_type":"article","og_title":"Kano\u00ebn in de Dr\u00f4me: routes nabij de camping","og_description":"U wilt samen met uw gezin kano\u00ebn tijdens uw verblijf op onze camping in de Dr\u00f4me? Ontdek de beste kanoroutes!","og_url":"https:\/\/www.campinglesbastets.com\/nl\/omgeving\/kanoen-in-de-drome\/","og_site_name":"Camping Les Bastets","article_modified_time":"2023-10-05T13:55:27+00:00","og_image":[{"width":1900,"height":700,"url":"https:\/\/www.campinglesbastets.com\/wp-content\/uploads\/2023\/09\/canoe-drome.jpg","type":"image\/jpeg"}],"twitter_card":"summary_large_image","schema":{"@context":"https:\/\/schema.org","@graph":[{"@type":"WebPage","@id":"https:\/\/www.campinglesbastets.com\/nl\/omgeving\/kanoen-in-de-drome\/","url":"https:\/\/www.campinglesbastets.com\/nl\/omgeving\/kanoen-in-de-drome\/","name":"Kano\u00ebn in de Dr\u00f4me: routes nabij de camping","isPartOf":{"@id":"https:\/\/www.campinglesbastets.com\/nl\/#website"},"primaryImageOfPage":{"@id":"https:\/\/www.campinglesbastets.com\/nl\/omgeving\/kanoen-in-de-drome\/#primaryimage"},"image":{"@id":"https:\/\/www.campinglesbastets.com\/nl\/omgeving\/kanoen-in-de-drome\/#primaryimage"},"thumbnailUrl":"https:\/\/www.campinglesbastets.com\/wp-content\/uploads\/2023\/09\/canoe-drome.jpg","datePublished":"2023-10-05T13:51:48+00:00","dateModified":"2023-10-05T13:55:27+00:00","description":"U wilt samen met uw gezin kano\u00ebn tijdens uw verblijf op onze camping in de Dr\u00f4me? Ontdek de beste kanoroutes!","breadcrumb":{"@id":"https:\/\/www.campinglesbastets.com\/nl\/omgeving\/kanoen-in-de-drome\/#breadcrumb"},"inLanguage":"nl-NL","potentialAction":[{"@type":"ReadAction","target":["https:\/\/www.campinglesbastets.com\/nl\/omgeving\/kanoen-in-de-drome\/"]}]},{"@type":"ImageObject","inLanguage":"nl-NL","@id":"https:\/\/www.campinglesbastets.com\/nl\/omgeving\/kanoen-in-de-drome\/#primaryimage","url":"https:\/\/www.campinglesbastets.com\/wp-content\/uploads\/2023\/09\/canoe-drome.jpg","contentUrl":"https:\/\/www.campinglesbastets.com\/wp-content\/uploads\/2023\/09\/canoe-drome.jpg","width":1900,"height":700,"caption":"Pratique du cano\u00eb dans la Dr\u00f4me"},{"@type":"BreadcrumbList","@id":"https:\/\/www.campinglesbastets.com\/nl\/omgeving\/kanoen-in-de-drome\/#breadcrumb","itemListElement":[{"@type":"ListItem","position":1,"name":"Camping Dr\u00f4me","item":"https:\/\/www.campinglesbastets.com\/nl\/"},{"@type":"ListItem","position":2,"name":"TOERISME IN DE DR\u00d4ME PROVEN\u00c7ALE","item":"https:\/\/www.campinglesbastets.com\/nl\/omgeving\/"},{"@type":"ListItem","position":3,"name":"Kano\u00ebn in de Dr\u00f4me"}]},{"@type":"WebSite","@id":"https:\/\/www.campinglesbastets.com\/nl\/#website","url":"https:\/\/www.campinglesbastets.com\/nl\/","name":"Camping Les Bastets","description":"","publisher":{"@id":"https:\/\/www.campinglesbastets.com\/nl\/#organization"},"potentialAction":[{"@type":"SearchAction","target":{"@type":"EntryPoint","urlTemplate":"https:\/\/www.campinglesbastets.com\/nl\/?s={search_term_string}"},"query-input":{"@type":"PropertyValueSpecification","valueRequired":true,"valueName":"search_term_string"}}],"inLanguage":"nl-NL"},{"@type":"Organization","@id":"https:\/\/www.campinglesbastets.com\/nl\/#organization","name":"Camping Les Bastets","url":"https:\/\/www.campinglesbastets.com\/nl\/","logo":{"@type":"ImageObject","inLanguage":"nl-NL","@id":"https:\/\/www.campinglesbastets.com\/nl\/#\/schema\/logo\/image\/","url":"https:\/\/www.campinglesbastets.com\/wp-content\/uploads\/2022\/02\/favicon-1.png","contentUrl":"https:\/\/www.campinglesbastets.com\/wp-content\/uploads\/2022\/02\/favicon-1.png","width":1423,"height":1423,"caption":"Camping Les Bastets"},"image":{"@id":"https:\/\/www.campinglesbastets.com\/nl\/#\/schema\/logo\/image\/"}}]}},"_links":{"self":[{"href":"https:\/\/www.campinglesbastets.com\/nl\/wp-json\/wp\/v2\/pages\/13237","targetHints":{"allow":["GET"]}}],"collection":[{"href":"https:\/\/www.campinglesbastets.com\/nl\/wp-json\/wp\/v2\/pages"}],"about":[{"href":"https:\/\/www.campinglesbastets.com\/nl\/wp-json\/wp\/v2\/types\/page"}],"author":[{"embeddable":true,"href":"https:\/\/www.campinglesbastets.com\/nl\/wp-json\/wp\/v2\/users\/2"}],"replies":[{"embeddable":true,"href":"https:\/\/www.campinglesbastets.com\/nl\/wp-json\/wp\/v2\/comments?post=13237"}],"version-history":[{"count":10,"href":"https:\/\/www.campinglesbastets.com\/nl\/wp-json\/wp\/v2\/pages\/13237\/revisions"}],"predecessor-version":[{"id":13248,"href":"https:\/\/www.campinglesbastets.com\/nl\/wp-json\/wp\/v2\/pages\/13237\/revisions\/13248"}],"up":[{"embeddable":true,"href":"https:\/\/www.campinglesbastets.com\/nl\/wp-json\/wp\/v2\/pages\/9700"}],"wp:featuredmedia":[{"embeddable":true,"href":"https:\/\/www.campinglesbastets.com\/nl\/wp-json\/wp\/v2\/media\/13210"}],"wp:attachment":[{"href":"https:\/\/www.campinglesbastets.com\/nl\/wp-json\/wp\/v2\/media?parent=13237"}],"curies":[{"name":"wp","href":"https:\/\/api.w.org\/{rel}","templated":true}]}}