{"id":11852,"date":"2022-12-01T10:00:00","date_gmt":"2022-12-01T09:00:00","guid":{"rendered":"https:\/\/www.campinglesbastets.com\/omgeving\/top-10-activites-enfant-drome\/"},"modified":"2022-12-23T09:20:26","modified_gmt":"2022-12-23T08:20:26","slug":"top-10-activiteiten-kinderen-drome","status":"publish","type":"page","link":"https:\/\/www.campinglesbastets.com\/nl\/omgeving\/top-10-activiteiten-kinderen-drome\/","title":{"rendered":"Top 10 leukste activiteiten met kinderen in de Dr\u00f4me"},"content":{"rendered":"<section id=\"section-62286d9107ffb\"\" class=\"section bg-white p-b-0\" \/><div class=\"container extralarge\"><h1 class=\"element section-title center m-b-4\">10 activit\u00e9s \u00e0 faire avec des enfants dans la Dr\u00f4me<\/h1><div class=\"element bloc-text left m-b-4\">\n\t<p>Vous serez prochainement en vacances <a href=\"\/\">camping dans la Dr\u00f4me<\/a> avec vos enfants et vous cherchez des activit\u00e9s \u00e0 faire en famille ? Nous vous avons concoct\u00e9 une liste des 10 meilleures activit\u00e9s \u00e0 faire avec les enfants dans la Dr\u00f4me\u2026<br \/>\n&nbsp;<br \/>\n<iframe loading=\"lazy\" src=\"https:\/\/www.google.com\/maps\/d\/u\/5\/embed?mid=1KZrO08jPXE_BpzM0IXz-JqRyJWwEARg&#038;ehbc=2E312F\" width=\"100%\" height=\"480\"><\/iframe><\/p>\n<p>&nbsp;<\/p>\n<h2>Le Palais id\u00e9al du facteur Cheval<\/h2>\n<p>Ce chef-d\u2019\u0153uvre architectural, construit par un seul homme de 1879 \u00e0 1912, est un des lieux incontournables de la Dr\u00f4me. Fascinant, magique et onirique, il plaira beaucoup aux enfants et aux adolescents. Le <a href=\"https:\/\/www.campinglesbastets.com\/alentours\/palais-ideal-facteur-cheval\/\">Palais id\u00e9al du facteur cheval<\/a> est situ\u00e9 \u00e0 Hauterives, \u00e0 un peu plus d\u2019une heure du camping Les Bastets.<\/p>\n<p>&nbsp;<\/p>\n<h2>La Ferme aux crocodiles<\/h2>\n<p>La <a href=\"https:\/\/www.campinglesbastets.com\/alentours\/ferme-aux-crocodiles\/\">Ferme aux crocodiles<\/a> est un parc zoologique situ\u00e9 \u00e0 Pierrelatte, \u00e0 environ 43 km de Marsanne. Si l\u2019on y vient pour observer les 9 esp\u00e8ces de crocodiliens, les visiteurs peuvent aussi voir d\u2019autres esp\u00e8ces de reptiles, plusieurs esp\u00e8ces d\u2019oiseaux et de poissons, ainsi que des plantes et arbres tropicaux.<\/p>\n<p>&nbsp;<\/p>\n<h2>La cit\u00e9 du Chocolat<\/h2>\n<p>Situ\u00e9 dans la vall\u00e9e du Rh\u00f4ne, \u00e0 Tain-l&#8217;Hermitage, la <a href=\"https:\/\/www.campinglesbastets.com\/alentours\/la-cite-du-chocolat\/\">cit\u00e9 du chocolat<\/a> est enti\u00e8rement d\u00e9di\u00e9e au chocolat Valrhona. On apprend tout sur le chocolat gr\u00e2ce \u00e0 un parcours interactif avec d\u00e9gustation. Les enfants appr\u00e9cieront la visite, \u00e0 la fois gourmande et passionnante, qui devrait marquer leurs vacances en camping dans la Dr\u00f4me.<\/p>\n<p>&nbsp;<\/p>\n<h2>La for\u00eat de Robin<\/h2>\n<p>Vous aimez l\u2019aventure et les sensations fortes ? La <a href=\"https:\/\/www.campinglesbastets.com\/alentours\/foret-de-robin\/\">for\u00eat de Robin<\/a> est un parc accrobranche pour toute la famille, situ\u00e9 dans une for\u00eat \u00e0 seulement 10 minutes du camping Les Bastets. Petits et grands peuvent s\u2019amuser le long de 15 parcours de diff\u00e9rents niveaux et se baigner dans un lac tout proche.<\/p>\n<p>&nbsp;<\/p>\n<h2>La grotte de Tha\u00efs<\/h2>\n<p>Pour les enfants, explorer une grotte est une aventure qui nourrit l\u2019imagination. La grotte de Tha\u00efs est probablement la plus belle de la Dr\u00f4me, \u00e0 visiter en famille. On peut y admirer des vestiges de la Pr\u00e9histoire. La grotte de Tha\u00efs se trouve \u00e0 Saint-Nazaire-en-Royans, en r\u00e9gion Auvergne-Rh\u00f4ne-Alpes, \u00e0 une heure au nord de Marsanne.<br \/>\n&nbsp;<br \/>\n<iframe loading=\"lazy\" width=\"100%\" height=\"315\" src=\"https:\/\/www.youtube.com\/embed\/fypvQnAO8T4\" title=\"YouTube video player\" frameborder=\"0\" allow=\"accelerometer; autoplay; clipboard-write; encrypted-media; gyroscope; picture-in-picture\" allowfullscreen><\/iframe><br \/>\n&nbsp;<\/p>\n<h2>Le Bateau \u00e0 Roue Royans-Vercors<\/h2>\n<p>Tout pr\u00e8s de la grotte de Tha\u00efs, le Bateau \u00e0 Roue invite cette fois-ci les familles avec enfants \u00e0 vivre une balade paisible au fil de l\u2019eau. La croisi\u00e8re permet de voir quelques \u00e9difices architecturaux vus de l\u2019eau et de profiter des superbes paysages du Vercors dans un bateau original.<\/p>\n<p>&nbsp;<\/p>\n<h2>Le mus\u00e9e du Nougat<\/h2>\n<p>Situ\u00e9 chez l\u2019artiste-confiseur Arnaud Soubeyran \u00e0 Mont\u00e9limar, le mus\u00e9e du Nougat fait partie de ces lieux \u00e0 ne pas manquer pendant votre s\u00e9jour en camping dans la Dr\u00f4me. Si les adultes appr\u00e9cieront d\u2019en apprendre plus sur l\u2019histoire et la conception du nougat, les enfants d\u00e9couvriront l\u2019univers du nougat gr\u00e2ce \u00e0 des jeux et aimeront repartir avec un sachet d\u00e9gustation.<\/p>\n<p>&nbsp;<\/p>\n<h2>Le zoo d\u2019Upie<\/h2>\n<p>\u00c0 seulement 30 min du camping Les Bastets, le zoo d\u2019Upie offre un v\u00e9ritable tour du monde des oiseaux, avec 149 esp\u00e8ces pr\u00e9sentes. Des h\u00e9rons aux aras, des chouettes aux faucons, la visite du Jardin aux Oiseaux est fabuleuse, riche en couleurs et en \u00e9motions. C\u2019est un des lieux les plus visit\u00e9s de la Dr\u00f4me.<\/p>\n<p>&nbsp;<\/p>\n<h2>Les Baronnies proven\u00e7ales<\/h2>\n<p>Le <a href=\"https:\/\/www.campinglesbastets.com\/alentours\/les-baronnies-provencales\/\">parc naturel r\u00e9gional des Baronnies proven\u00e7ales<\/a> offre une nature pr\u00e9serv\u00e9e, \u00e0 explorer \u00e0 pied ou \u00e0 v\u00e9lo, en famille. En plus de ses paysages, le parc est id\u00e9al pour s\u2019essayer \u00e0 diverses activit\u00e9s, comme l\u2019escalade, et visiter de superbes villages perch\u00e9s riches en histoire. Tout le parc offre des vues \u00e9poustouflantes.<\/p>\n<h2>La tour de Crest<\/h2>\n<p>Si vos enfants se passionnent pour les chevaliers, il ne faut pas manquer de visiter la tour de Crest pendant vos vacances en camping dans la Dr\u00f4me. Cet imposant donjon m\u00e9di\u00e9val, le plus haut de France, est une invitation \u00e0 voyager dans le temps, notamment gr\u00e2ce \u00e0 ses animations. La tour de Crest, \u00e0 21 km de Marsanne, offre aussi un panorama exceptionnel de son sommet.<\/p>\n<\/div><\/div><\/section>\n\n<section id=\"section-6229d1449ca53\"\" class=\"section bg-white\" \/><div class=\"container extralarge\"><div class=\"element section-title center h2-like\">D&#8217;autres activit\u00e9s \u00e0 d\u00e9couvrir dans la Dr\u00f4me<\/div><ul class=\"liste-de-page\"><li class=\"element call-to-action carre call-to-action--style-1 call-to-action--big\"><a href=\"https:\/\/www.campinglesbastets.com\/nl\/omgeving\/lavendel\/\"  class=\"call-to-action_link\" title=\"En savoir plus sur lavendel\"><div class=\"call-to-action_image\"><img decoding=\"async\" src=\"https:\/\/www.campinglesbastets.com\/wp-content\/uploads\/2022\/03\/lavande-dans-la-drome.jpg\" data-src=\"https:\/\/www.campinglesbastets.com\/wp-content\/uploads\/2022\/03\/lavande-dans-la-drome.jpg\" alt=\"lavande dans la drome\" class=\"big\" \/><\/div><div class=\"call-to-action_contenu\"><div class=\"call-to-action_titre\">Lavendel<\/div><\/div><\/a><\/li><li class=\"element call-to-action carre call-to-action--style-1 call-to-action--big call-to-action--style-1 call-to-action--big\"><a href=\"https:\/\/www.campinglesbastets.com\/nl\/omgeving\/de-heuveldorpen\/\"  class=\"call-to-action_link\" title=\"En savoir plus sur de dorpen op de heuveltop\"><div class=\"call-to-action_image\"><img decoding=\"async\" src=\"https:\/\/www.campinglesbastets.com\/wp-content\/uploads\/2022\/03\/village-poet-laval.jpg\" data-src=\"https:\/\/www.campinglesbastets.com\/wp-content\/uploads\/2022\/03\/village-poet-laval.jpg\" alt=\"village poet laval\" class=\"big\" \/><\/div><div class=\"call-to-action_contenu\"><div class=\"call-to-action_titre\">De dorpen op de heuveltop<\/div><\/div><\/a><\/li><li class=\"element call-to-action carre call-to-action--style-1 call-to-action--big call-to-action--style-1 call-to-action--big call-to-action--style-1 call-to-action--big\"><a href=\"https:\/\/www.campinglesbastets.com\/nl\/omgeving\/uitje-naar-valreas\/\"  class=\"call-to-action_link\" title=\"En savoir plus sur uitje naar valr\u00e9as\"><div class=\"call-to-action_image\"><img decoding=\"async\" src=\"https:\/\/www.campinglesbastets.com\/wp-content\/uploads\/2022\/03\/valreas-a-decouvrir.jpg\" data-src=\"https:\/\/www.campinglesbastets.com\/wp-content\/uploads\/2022\/03\/valreas-a-decouvrir.jpg\" alt=\"valreas a decouvrir\" class=\"big\" \/><\/div><div class=\"call-to-action_contenu\"><div class=\"call-to-action_titre\">Uitje naar Valr\u00e9as<\/div><\/div><\/a><\/li><li class=\"element call-to-action carre call-to-action--style-1 call-to-action--big call-to-action--style-1 call-to-action--big call-to-action--style-1 call-to-action--big call-to-action--style-1 call-to-action--big\"><a href=\"https:\/\/www.campinglesbastets.com\/nl\/omgeving\/10-essentiele-activiteiten-in-de-drome\/\"  class=\"call-to-action_link\" title=\"En savoir plus sur 10 must-activiteiten in de dr\u00f4me\"><div class=\"call-to-action_image\"><img decoding=\"async\" src=\"https:\/\/www.campinglesbastets.com\/wp-content\/uploads\/2022\/03\/visiter-palais-du-facteur-cheval.jpg\" data-src=\"https:\/\/www.campinglesbastets.com\/wp-content\/uploads\/2022\/03\/visiter-palais-du-facteur-cheval.jpg\" alt=\"visiter palais du facteur cheval\" class=\"big\" \/><\/div><div class=\"call-to-action_contenu\"><div class=\"call-to-action_titre\">10 must-activiteiten in de Dr\u00f4me<\/div><\/div><\/a><\/li><li class=\"element call-to-action carre call-to-action--style-1 call-to-action--big call-to-action--style-1 call-to-action--big call-to-action--style-1 call-to-action--big call-to-action--style-1 call-to-action--big call-to-action--style-1 call-to-action--big\"><a href=\"https:\/\/www.campinglesbastets.com\/nl\/omgeving\/natuur-cultuur-wisselen-zich-af-in-valence\/\"  class=\"call-to-action_link\" title=\"En savoir plus sur valence\"><div class=\"call-to-action_image\"><img decoding=\"async\" src=\"https:\/\/www.campinglesbastets.com\/wp-content\/uploads\/2022\/03\/visiter-valance.jpg\" data-src=\"https:\/\/www.campinglesbastets.com\/wp-content\/uploads\/2022\/03\/visiter-valance.jpg\" alt=\"visiter valance\" class=\"big\" \/><\/div><div class=\"call-to-action_contenu\"><div class=\"call-to-action_titre\">Valence<\/div><\/div><\/a><\/li><li class=\"element call-to-action carre call-to-action--style-1 call-to-action--big call-to-action--style-1 call-to-action--big call-to-action--style-1 call-to-action--big call-to-action--style-1 call-to-action--big call-to-action--style-1 call-to-action--big call-to-action--style-1 call-to-action--big\"><a href=\"https:\/\/www.campinglesbastets.com\/nl\/omgeving\/bezoek-het-palais-bonbons-nougat-souvenirs\/\"  class=\"call-to-action_link\" title=\"En savoir plus sur le palais des bonbons, du nougat et des souvenirs\"><div class=\"call-to-action_image\"><img decoding=\"async\" src=\"https:\/\/www.campinglesbastets.com\/wp-content\/uploads\/2022\/03\/bonbons-nougats.jpg\" data-src=\"https:\/\/www.campinglesbastets.com\/wp-content\/uploads\/2022\/03\/bonbons-nougats.jpg\" alt=\"bonbons nougats\" class=\"big\" \/><\/div><div class=\"call-to-action_contenu\"><div class=\"call-to-action_titre\">Le Palais des Bonbons, du Nougat et des Souvenirs<\/div><\/div><\/a><\/li><\/ul><\/div><\/section>","protected":false},"excerpt":{"rendered":"","protected":false},"author":1,"featured_media":11717,"parent":9700,"menu_order":0,"comment_status":"closed","ping_status":"closed","template":"","meta":{"_acf_changed":false,"footnotes":""},"class_list":["post-11852","page","type-page","status-publish","has-post-thumbnail","hentry"],"acf":[],"yoast_head":"<!-- This site is optimized with the Yoast SEO plugin v25.3 - https:\/\/yoast.com\/wordpress\/plugins\/seo\/ -->\n<title>Top 10 leukste activiteiten met kinderen in de Dr\u00f4me<\/title>\n<meta name=\"robots\" content=\"index, follow, max-snippet:-1, max-image-preview:large, max-video-preview:-1\" \/>\n<link rel=\"canonical\" href=\"https:\/\/www.campinglesbastets.com\/nl\/omgeving\/top-10-activiteiten-kinderen-drome\/\" \/>\n<meta property=\"og:locale\" content=\"nl_NL\" \/>\n<meta property=\"og:type\" content=\"article\" \/>\n<meta property=\"og:title\" content=\"Top 10 leukste activiteiten met kinderen in de Dr\u00f4me\" \/>\n<meta property=\"og:url\" content=\"https:\/\/www.campinglesbastets.com\/nl\/omgeving\/top-10-activiteiten-kinderen-drome\/\" \/>\n<meta property=\"og:site_name\" content=\"Camping Les Bastets\" \/>\n<meta property=\"article:modified_time\" content=\"2022-12-23T08:20:26+00:00\" \/>\n<meta property=\"og:image\" content=\"https:\/\/www.campinglesbastets.com\/wp-content\/uploads\/2022\/11\/activites-enfant-drome.jpg\" \/>\n\t<meta property=\"og:image:width\" content=\"1900\" \/>\n\t<meta property=\"og:image:height\" content=\"1056\" \/>\n\t<meta property=\"og:image:type\" content=\"image\/jpeg\" \/>\n<meta name=\"twitter:card\" content=\"summary_large_image\" \/>\n<script type=\"application\/ld+json\" class=\"yoast-schema-graph\">{\"@context\":\"https:\/\/schema.org\",\"@graph\":[{\"@type\":\"WebPage\",\"@id\":\"https:\/\/www.campinglesbastets.com\/nl\/omgeving\/top-10-activiteiten-kinderen-drome\/\",\"url\":\"https:\/\/www.campinglesbastets.com\/nl\/omgeving\/top-10-activiteiten-kinderen-drome\/\",\"name\":\"Top 10 leukste activiteiten met kinderen in de Dr\u00f4me\",\"isPartOf\":{\"@id\":\"https:\/\/www.campinglesbastets.com\/nl\/#website\"},\"primaryImageOfPage\":{\"@id\":\"https:\/\/www.campinglesbastets.com\/nl\/omgeving\/top-10-activiteiten-kinderen-drome\/#primaryimage\"},\"image\":{\"@id\":\"https:\/\/www.campinglesbastets.com\/nl\/omgeving\/top-10-activiteiten-kinderen-drome\/#primaryimage\"},\"thumbnailUrl\":\"https:\/\/www.campinglesbastets.com\/wp-content\/uploads\/2022\/11\/activites-enfant-drome.jpg\",\"datePublished\":\"2022-12-01T09:00:00+00:00\",\"dateModified\":\"2022-12-23T08:20:26+00:00\",\"breadcrumb\":{\"@id\":\"https:\/\/www.campinglesbastets.com\/nl\/omgeving\/top-10-activiteiten-kinderen-drome\/#breadcrumb\"},\"inLanguage\":\"nl-NL\",\"potentialAction\":[{\"@type\":\"ReadAction\",\"target\":[\"https:\/\/www.campinglesbastets.com\/nl\/omgeving\/top-10-activiteiten-kinderen-drome\/\"]}]},{\"@type\":\"ImageObject\",\"inLanguage\":\"nl-NL\",\"@id\":\"https:\/\/www.campinglesbastets.com\/nl\/omgeving\/top-10-activiteiten-kinderen-drome\/#primaryimage\",\"url\":\"https:\/\/www.campinglesbastets.com\/wp-content\/uploads\/2022\/11\/activites-enfant-drome.jpg\",\"contentUrl\":\"https:\/\/www.campinglesbastets.com\/wp-content\/uploads\/2022\/11\/activites-enfant-drome.jpg\",\"width\":1900,\"height\":1056,\"caption\":\"activites enfant drome\"},{\"@type\":\"BreadcrumbList\",\"@id\":\"https:\/\/www.campinglesbastets.com\/nl\/omgeving\/top-10-activiteiten-kinderen-drome\/#breadcrumb\",\"itemListElement\":[{\"@type\":\"ListItem\",\"position\":1,\"name\":\"Camping Dr\u00f4me\",\"item\":\"https:\/\/www.campinglesbastets.com\/nl\/\"},{\"@type\":\"ListItem\",\"position\":2,\"name\":\"TOERISME IN DE DR\u00d4ME PROVEN\u00c7ALE\",\"item\":\"https:\/\/www.campinglesbastets.com\/nl\/omgeving\/\"},{\"@type\":\"ListItem\",\"position\":3,\"name\":\"Selectie van activiteiten om te doen in de Dr\u00f4me\"}]},{\"@type\":\"WebSite\",\"@id\":\"https:\/\/www.campinglesbastets.com\/nl\/#website\",\"url\":\"https:\/\/www.campinglesbastets.com\/nl\/\",\"name\":\"Camping Les Bastets\",\"description\":\"\",\"publisher\":{\"@id\":\"https:\/\/www.campinglesbastets.com\/nl\/#organization\"},\"potentialAction\":[{\"@type\":\"SearchAction\",\"target\":{\"@type\":\"EntryPoint\",\"urlTemplate\":\"https:\/\/www.campinglesbastets.com\/nl\/?s={search_term_string}\"},\"query-input\":{\"@type\":\"PropertyValueSpecification\",\"valueRequired\":true,\"valueName\":\"search_term_string\"}}],\"inLanguage\":\"nl-NL\"},{\"@type\":\"Organization\",\"@id\":\"https:\/\/www.campinglesbastets.com\/nl\/#organization\",\"name\":\"Camping Les Bastets\",\"url\":\"https:\/\/www.campinglesbastets.com\/nl\/\",\"logo\":{\"@type\":\"ImageObject\",\"inLanguage\":\"nl-NL\",\"@id\":\"https:\/\/www.campinglesbastets.com\/nl\/#\/schema\/logo\/image\/\",\"url\":\"https:\/\/www.campinglesbastets.com\/wp-content\/uploads\/2022\/02\/favicon-1.png\",\"contentUrl\":\"https:\/\/www.campinglesbastets.com\/wp-content\/uploads\/2022\/02\/favicon-1.png\",\"width\":1423,\"height\":1423,\"caption\":\"Camping Les Bastets\"},\"image\":{\"@id\":\"https:\/\/www.campinglesbastets.com\/nl\/#\/schema\/logo\/image\/\"}}]}<\/script>\n<!-- \/ Yoast SEO plugin. -->","yoast_head_json":{"title":"Top 10 leukste activiteiten met kinderen in de Dr\u00f4me","robots":{"index":"index","follow":"follow","max-snippet":"max-snippet:-1","max-image-preview":"max-image-preview:large","max-video-preview":"max-video-preview:-1"},"canonical":"https:\/\/www.campinglesbastets.com\/nl\/omgeving\/top-10-activiteiten-kinderen-drome\/","og_locale":"nl_NL","og_type":"article","og_title":"Top 10 leukste activiteiten met kinderen in de Dr\u00f4me","og_url":"https:\/\/www.campinglesbastets.com\/nl\/omgeving\/top-10-activiteiten-kinderen-drome\/","og_site_name":"Camping Les Bastets","article_modified_time":"2022-12-23T08:20:26+00:00","og_image":[{"width":1900,"height":1056,"url":"https:\/\/www.campinglesbastets.com\/wp-content\/uploads\/2022\/11\/activites-enfant-drome.jpg","type":"image\/jpeg"}],"twitter_card":"summary_large_image","schema":{"@context":"https:\/\/schema.org","@graph":[{"@type":"WebPage","@id":"https:\/\/www.campinglesbastets.com\/nl\/omgeving\/top-10-activiteiten-kinderen-drome\/","url":"https:\/\/www.campinglesbastets.com\/nl\/omgeving\/top-10-activiteiten-kinderen-drome\/","name":"Top 10 leukste activiteiten met kinderen in de Dr\u00f4me","isPartOf":{"@id":"https:\/\/www.campinglesbastets.com\/nl\/#website"},"primaryImageOfPage":{"@id":"https:\/\/www.campinglesbastets.com\/nl\/omgeving\/top-10-activiteiten-kinderen-drome\/#primaryimage"},"image":{"@id":"https:\/\/www.campinglesbastets.com\/nl\/omgeving\/top-10-activiteiten-kinderen-drome\/#primaryimage"},"thumbnailUrl":"https:\/\/www.campinglesbastets.com\/wp-content\/uploads\/2022\/11\/activites-enfant-drome.jpg","datePublished":"2022-12-01T09:00:00+00:00","dateModified":"2022-12-23T08:20:26+00:00","breadcrumb":{"@id":"https:\/\/www.campinglesbastets.com\/nl\/omgeving\/top-10-activiteiten-kinderen-drome\/#breadcrumb"},"inLanguage":"nl-NL","potentialAction":[{"@type":"ReadAction","target":["https:\/\/www.campinglesbastets.com\/nl\/omgeving\/top-10-activiteiten-kinderen-drome\/"]}]},{"@type":"ImageObject","inLanguage":"nl-NL","@id":"https:\/\/www.campinglesbastets.com\/nl\/omgeving\/top-10-activiteiten-kinderen-drome\/#primaryimage","url":"https:\/\/www.campinglesbastets.com\/wp-content\/uploads\/2022\/11\/activites-enfant-drome.jpg","contentUrl":"https:\/\/www.campinglesbastets.com\/wp-content\/uploads\/2022\/11\/activites-enfant-drome.jpg","width":1900,"height":1056,"caption":"activites enfant drome"},{"@type":"BreadcrumbList","@id":"https:\/\/www.campinglesbastets.com\/nl\/omgeving\/top-10-activiteiten-kinderen-drome\/#breadcrumb","itemListElement":[{"@type":"ListItem","position":1,"name":"Camping Dr\u00f4me","item":"https:\/\/www.campinglesbastets.com\/nl\/"},{"@type":"ListItem","position":2,"name":"TOERISME IN DE DR\u00d4ME PROVEN\u00c7ALE","item":"https:\/\/www.campinglesbastets.com\/nl\/omgeving\/"},{"@type":"ListItem","position":3,"name":"Selectie van activiteiten om te doen in de Dr\u00f4me"}]},{"@type":"WebSite","@id":"https:\/\/www.campinglesbastets.com\/nl\/#website","url":"https:\/\/www.campinglesbastets.com\/nl\/","name":"Camping Les Bastets","description":"","publisher":{"@id":"https:\/\/www.campinglesbastets.com\/nl\/#organization"},"potentialAction":[{"@type":"SearchAction","target":{"@type":"EntryPoint","urlTemplate":"https:\/\/www.campinglesbastets.com\/nl\/?s={search_term_string}"},"query-input":{"@type":"PropertyValueSpecification","valueRequired":true,"valueName":"search_term_string"}}],"inLanguage":"nl-NL"},{"@type":"Organization","@id":"https:\/\/www.campinglesbastets.com\/nl\/#organization","name":"Camping Les Bastets","url":"https:\/\/www.campinglesbastets.com\/nl\/","logo":{"@type":"ImageObject","inLanguage":"nl-NL","@id":"https:\/\/www.campinglesbastets.com\/nl\/#\/schema\/logo\/image\/","url":"https:\/\/www.campinglesbastets.com\/wp-content\/uploads\/2022\/02\/favicon-1.png","contentUrl":"https:\/\/www.campinglesbastets.com\/wp-content\/uploads\/2022\/02\/favicon-1.png","width":1423,"height":1423,"caption":"Camping Les Bastets"},"image":{"@id":"https:\/\/www.campinglesbastets.com\/nl\/#\/schema\/logo\/image\/"}}]}},"_links":{"self":[{"href":"https:\/\/www.campinglesbastets.com\/nl\/wp-json\/wp\/v2\/pages\/11852","targetHints":{"allow":["GET"]}}],"collection":[{"href":"https:\/\/www.campinglesbastets.com\/nl\/wp-json\/wp\/v2\/pages"}],"about":[{"href":"https:\/\/www.campinglesbastets.com\/nl\/wp-json\/wp\/v2\/types\/page"}],"author":[{"embeddable":true,"href":"https:\/\/www.campinglesbastets.com\/nl\/wp-json\/wp\/v2\/users\/1"}],"replies":[{"embeddable":true,"href":"https:\/\/www.campinglesbastets.com\/nl\/wp-json\/wp\/v2\/comments?post=11852"}],"version-history":[{"count":9,"href":"https:\/\/www.campinglesbastets.com\/nl\/wp-json\/wp\/v2\/pages\/11852\/revisions"}],"predecessor-version":[{"id":12492,"href":"https:\/\/www.campinglesbastets.com\/nl\/wp-json\/wp\/v2\/pages\/11852\/revisions\/12492"}],"up":[{"embeddable":true,"href":"https:\/\/www.campinglesbastets.com\/nl\/wp-json\/wp\/v2\/pages\/9700"}],"wp:featuredmedia":[{"embeddable":true,"href":"https:\/\/www.campinglesbastets.com\/nl\/wp-json\/wp\/v2\/media\/11717"}],"wp:attachment":[{"href":"https:\/\/www.campinglesbastets.com\/nl\/wp-json\/wp\/v2\/media?parent=11852"}],"curies":[{"name":"wp","href":"https:\/\/api.w.org\/{rel}","templated":true}]}}