{"id":11542,"date":"2022-09-02T11:57:39","date_gmt":"2022-09-02T09:57:39","guid":{"rendered":"https:\/\/www.campinglesbastets.com\/?page_id=11542"},"modified":"2022-09-02T12:11:34","modified_gmt":"2022-09-02T10:11:34","slug":"bezoek-de-kastelen-van-de-drome","status":"publish","type":"page","link":"https:\/\/www.campinglesbastets.com\/nl\/omgeving\/bezoek-de-kastelen-van-de-drome\/","title":{"rendered":"Bezoek de kastelen van de Dr\u00f4me"},"content":{"rendered":"<section id=\"section-62286d9107ffb\"\" class=\"section bg-white p-b-0\" \/><div class=\"container extralarge\"><h1 class=\"element section-title center m-b-4\">Bezoek de kastelen van de Dr\u00f4me<\/h1><div class=\"element bloc-text left m-b-4\">\n\t<p>Denk je aan de Dr\u00f4me dan denk je aan kleurrijke landschappen, hoger gelegen dorpjes en een bijzondere natuur. Waar je misschien minder snel aan denkt zijn de vele historische bezienswaardigheden en dan met name de kastelen van de Dr\u00f4me. Tijdens je <strong>vakantie op onze <a href=\"\/\">camping Dr\u00f4me Proven\u00e7ale<\/a><\/strong> liggen meerdere kastelen binnen handbereik die meer dan de moeite waard zijn om te bezoeken.<\/p>\n<h2 class=\"western\">Ch\u00e2teau des Adh\u00e9mar<\/h2>\n<p>Op slechts een paar minuten lopen van het <strong>centrum van Mont\u00e9limar vind je <a href=\"https:\/\/www.chateaux-ladrome.fr\/fr\/chateau-de-montelimar\">Ch\u00e2teau des Adh\u00e9mar<\/a><\/strong> dat door de jaren heen een kasteel, een gevangenis, een paleis en fort geweest is. Dit statige huis is door de ligging op hoogte een echte eyecatcher en mag je niet missen tijdens je verblijf in deze regio. Ch\u00e2teau des Adh\u00e9mar ligt op minder dan 20 km van de camping.<\/p>\n<p><iframe loading=\"lazy\" title=\"YouTube video player\" src=\"https:\/\/www.youtube.com\/embed\/3fk_SSb1eQk\" width=\"100%\" height=\"315\" frameborder=\"0\" allowfullscreen=\"allowfullscreen\"><\/iframe><\/p>\n<h2 class=\"western\">Ch\u00e2teau de la Suze<\/h2>\n<p>Op 52 kilometer ten zuiden <strong>van Marsanne ligt Ch\u00e2teau de la Suze<\/strong>, een landelijk en romantisch fort dat gebouwd is op rotsachtig voorgebergte. Hoewel de buitenverdediging er sober uitziet, is de grote binnenplaats, de aankleding en het pleisterwerk van de binnenkant adembenemend. Momenteel vind je in dit historische monument een wijnuniversiteit.<\/p>\n<h2 class=\"western\">Ch\u00e2teau d&#8217;Aulan<\/h2>\n<p>In het midden van <strong><a href=\"https:\/\/www.campinglesbastets.com\/nl\/omgeving\/bezoek-het-regionaal-natuurpark-van-de-baronnies-provencales\/\">natuurpark baronnies proven\u00e7ales<\/a><\/strong> ligt het <strong>Ch\u00e2teau d&#8217;Aulan<\/strong>, een 13e eeuws familiehuis dat rechtstreeks uit een sprookje lijkt te komen. Het kasteel is geopend van 1 april tot oktober en kan bezocht worden door middel van een rondleiding. Dit prachtige bouwwerk ligt op minder dan 100 km afstand van de camping.<\/p>\n<h2 class=\"western\">Tour de Chamaret<\/h2>\n<p>Rijd je 40 minuten naar het zuiden vanaf de camping dan kom je de <strong>toren van Chamaret<\/strong> tegen, een feodaal fort uit de 12e eeuw. Dit bijzondere bouwwerk bestaat uit een kerker, twee woongebouwen, een 33 meter hoge toren en een kapel.<\/p>\n<h2 class=\"western\">Ch\u00e2teau de Grignan<\/h2>\n<p>In het hart van de Dr\u00f4me staat het <a href=\"https:\/\/www.campinglesbastets.com\/nl\/omgeving\/kasteel-van-grignan\/\"><strong>opvallende kasteel van Grignan<\/strong><\/a>, aan de rand van het natuurpark baronnies proven\u00e7ales. Hier kun je een grote collectie kunstwerken en schilderijen bekijke en er is het hele jaar door theater en muziek te vinden. Ch\u00e2teau de Grignan ligt op 35 km rijden vanaf camping Les Bastets.<\/p>\n<p><iframe loading=\"lazy\" title=\"YouTube video player\" src=\"https:\/\/www.youtube.com\/embed\/1cnJCi3jlAQ\" width=\"100%\" height=\"315\" frameborder=\"0\" allowfullscreen=\"allowfullscreen\" data-mce-fragment=\"1\"><\/iframe><\/p>\n<h2 class=\"western\">Ch\u00e2teau de la Roche en Valdaine<\/h2>\n<p>Op slechts 21 kilometer afstand van Marsanne en de camping vind je <a href=\"https:\/\/www.chateauderochefortenvaldaine.org\/\" target=\"_blank\" rel=\"noopener\"><strong>Ch\u00e2teau de la Roche en Valdaine<\/strong><\/a>, een middeleeuws kasteel dat omringd is door wallen. Het kasteel is alleen geopend voor bezoek op zondagen en feestdagen, dus zorg ervoor dat je er op een van die dagen bent. Het uitzicht vanuit de kerker op de Rh\u00f4ne-vallei is meer dan magisch te noemen.<\/p>\n<h2 class=\"western\">Ch\u00e2teau de le Po\u00ebt-Laval<\/h2>\n<p>Een van de<strong> mooiste dorpen van Frankrijk is zonder twijfel Le Po\u00ebt-Laval<\/strong> die te vinden is aan de poorten van de baronnies proven\u00e7ales; op ongeveer 27 minuten afstand van camping Les Bastets. Niemand minder dan schrijver Gerard Reve woonde hier in het hart van het dorp! Het kasteel werd in de 12e eeuw gebouwd door de Orde van de Hospitaalridders van Saint-Jean-de-J\u00e9rusalem.<\/p>\n<h2 class=\"western\">Tour de Crest<\/h2>\n<p>De <strong>hoogste donjon van Frankrijk is de toren van Crest<\/strong> ofwel: een set van drie torens die samen dienst deden als gevangenis en fort. Vanaf de toren heb je een schitterend uitzicht over de omgeving: tot aan de Vercors en de bergen van de Ard\u00e8che. De Crest-toren ligt op minder dan 20 km ten noordoosten van camping Dr\u00f4me Proven\u00e7ale in Marsanne.<\/p>\n<\/div><\/div><\/section>\n\n<section id=\"section-6229d1449ca53\"\" class=\"section bg-white\" \/><div class=\"container extralarge\"><div class=\"element section-title center h2-like\">Ontdek andere activiteiten in de Dr\u00f4me<\/div><ul class=\"liste-de-page\"><li class=\"element call-to-action carre call-to-action--style-1 call-to-action--big\"><a href=\"https:\/\/www.campinglesbastets.com\/nl\/omgeving\/lavendel\/\"  class=\"call-to-action_link\" title=\"En savoir plus sur lavendel\"><div class=\"call-to-action_image\"><img decoding=\"async\" src=\"https:\/\/www.campinglesbastets.com\/wp-content\/uploads\/2022\/03\/lavande-dans-la-drome.jpg\" data-src=\"https:\/\/www.campinglesbastets.com\/wp-content\/uploads\/2022\/03\/lavande-dans-la-drome.jpg\" alt=\"lavande dans la drome\" class=\"big\" \/><\/div><div class=\"call-to-action_contenu\"><div class=\"call-to-action_titre\">Lavendel<\/div><\/div><\/a><\/li><li class=\"element call-to-action carre call-to-action--style-1 call-to-action--big call-to-action--style-1 call-to-action--big\"><a href=\"https:\/\/www.campinglesbastets.com\/nl\/omgeving\/bezoek-de-werkplaats-van-scourtinerie\/\"  class=\"call-to-action_link\" title=\"En savoir plus sur bezoek het atelier van la scourtinerie\u00a0\"><div class=\"call-to-action_image\"><img decoding=\"async\" src=\"https:\/\/www.campinglesbastets.com\/wp-content\/uploads\/2022\/03\/decouvrir-atelier-de-la-scourtinerie.jpg\" data-src=\"https:\/\/www.campinglesbastets.com\/wp-content\/uploads\/2022\/03\/decouvrir-atelier-de-la-scourtinerie.jpg\" alt=\"decouvrir atelier de la scourtinerie\" class=\"big\" \/><\/div><div class=\"call-to-action_contenu\"><div class=\"call-to-action_titre\">Bezoek het atelier van La Scourtinerie\u00a0<\/div><\/div><\/a><\/li><li class=\"element call-to-action carre call-to-action--style-1 call-to-action--big call-to-action--style-1 call-to-action--big call-to-action--style-1 call-to-action--big\"><a href=\"https:\/\/www.campinglesbastets.com\/nl\/omgeving\/bezoek-chateauneuf-isere\/\"  class=\"call-to-action_link\" title=\"En savoir plus sur bezoek ch\u00e2teauneuf-sur-is\u00e8re\"><div class=\"call-to-action_image\"><img decoding=\"async\" src=\"https:\/\/www.campinglesbastets.com\/wp-content\/uploads\/2022\/03\/decouvrir-chateauneuf-sur-isere.jpg\" data-src=\"https:\/\/www.campinglesbastets.com\/wp-content\/uploads\/2022\/03\/decouvrir-chateauneuf-sur-isere.jpg\" alt=\"decouvrir chateauneuf sur isere\" class=\"big\" \/><\/div><div class=\"call-to-action_contenu\"><div class=\"call-to-action_titre\">Bezoek Ch\u00e2teauneuf-sur-Is\u00e8re<\/div><\/div><\/a><\/li><li class=\"element call-to-action carre call-to-action--style-1 call-to-action--big call-to-action--style-1 call-to-action--big call-to-action--style-1 call-to-action--big call-to-action--style-1 call-to-action--big\"><a href=\"https:\/\/www.campinglesbastets.com\/nl\/omgeving\/ontdek-de-drome-op-de-motor\/\"  class=\"call-to-action_link\" title=\"En savoir plus sur de dr\u00f4me per motorfiets\"><div class=\"call-to-action_image\"><img decoding=\"async\" src=\"https:\/\/www.campinglesbastets.com\/wp-content\/uploads\/2022\/03\/drome-en-moto.jpg\" data-src=\"https:\/\/www.campinglesbastets.com\/wp-content\/uploads\/2022\/03\/drome-en-moto.jpg\" alt=\"drome en moto\" class=\"big\" \/><\/div><div class=\"call-to-action_contenu\"><div class=\"call-to-action_titre\">De Dr\u00f4me per motorfiets<\/div><\/div><\/a><\/li><li class=\"element call-to-action carre call-to-action--style-1 call-to-action--big call-to-action--style-1 call-to-action--big call-to-action--style-1 call-to-action--big call-to-action--style-1 call-to-action--big call-to-action--style-1 call-to-action--big\"><a href=\"https:\/\/www.campinglesbastets.com\/nl\/omgeving\/kasteel-van-grignan\/\"  class=\"call-to-action_link\" title=\"En savoir plus sur het kasteel van grignan, een juweel van de proven\u00e7aalse dr\u00f4me\"><div class=\"call-to-action_image\"><img decoding=\"async\" src=\"https:\/\/www.campinglesbastets.com\/wp-content\/uploads\/2022\/03\/chateau-grignan.jpg\" data-src=\"https:\/\/www.campinglesbastets.com\/wp-content\/uploads\/2022\/03\/chateau-grignan.jpg\" alt=\"chateau grignan\" class=\"big\" \/><\/div><div class=\"call-to-action_contenu\"><div class=\"call-to-action_titre\">Het kasteel van Grignan, een juweel van de Proven\u00e7aalse Dr\u00f4me<\/div><\/div><\/a><\/li><li class=\"element call-to-action carre call-to-action--style-1 call-to-action--big call-to-action--style-1 call-to-action--big call-to-action--style-1 call-to-action--big call-to-action--style-1 call-to-action--big call-to-action--style-1 call-to-action--big call-to-action--style-1 call-to-action--big\"><a href=\"https:\/\/www.campinglesbastets.com\/nl\/omgeving\/wat-kun-zien-doen-in-regionaal-natuurpark-van-de-vercors\/\"  class=\"call-to-action_link\" title=\"En savoir plus sur natuurpark vercors\"><div class=\"call-to-action_image\"><img decoding=\"async\" src=\"https:\/\/www.campinglesbastets.com\/wp-content\/uploads\/2022\/03\/balades-parc-vercors.jpg\" data-src=\"https:\/\/www.campinglesbastets.com\/wp-content\/uploads\/2022\/03\/balades-parc-vercors.jpg\" alt=\"balades parc vercors\" class=\"big\" \/><\/div><div class=\"call-to-action_contenu\"><div class=\"call-to-action_titre\">Natuurpark Vercors<\/div><\/div><\/a><\/li><\/ul><\/div><\/section>","protected":false},"excerpt":{"rendered":"","protected":false},"author":1,"featured_media":11423,"parent":9700,"menu_order":0,"comment_status":"closed","ping_status":"closed","template":"","meta":{"_acf_changed":false,"footnotes":""},"class_list":["post-11542","page","type-page","status-publish","has-post-thumbnail","hentry"],"acf":[],"yoast_head":"<!-- This site is optimized with the Yoast SEO plugin v25.3 - https:\/\/yoast.com\/wordpress\/plugins\/seo\/ -->\n<title>Kasteel van de Drome - Ontdek de mooiste kastelen in de Dr\u00f4meBeschrijving<\/title>\n<meta name=\"description\" content=\"De Dr\u00f4me Proven\u00e7ale staat vol met kastelen om te bewonderen en te verkennen. Laat u verleiden door de middeleeuwse steden met een rijke geschiedenis.\" \/>\n<meta name=\"robots\" content=\"index, follow, max-snippet:-1, max-image-preview:large, max-video-preview:-1\" \/>\n<link rel=\"canonical\" href=\"https:\/\/www.campinglesbastets.com\/nl\/omgeving\/bezoek-de-kastelen-van-de-drome\/\" \/>\n<meta property=\"og:locale\" content=\"nl_NL\" \/>\n<meta property=\"og:type\" content=\"article\" \/>\n<meta property=\"og:title\" content=\"Kasteel van de Drome - Ontdek de mooiste kastelen in de Dr\u00f4meBeschrijving\" \/>\n<meta property=\"og:description\" content=\"De Dr\u00f4me Proven\u00e7ale staat vol met kastelen om te bewonderen en te verkennen. Laat u verleiden door de middeleeuwse steden met een rijke geschiedenis.\" \/>\n<meta property=\"og:url\" content=\"https:\/\/www.campinglesbastets.com\/nl\/omgeving\/bezoek-de-kastelen-van-de-drome\/\" \/>\n<meta property=\"og:site_name\" content=\"Camping Les Bastets\" \/>\n<meta property=\"article:modified_time\" content=\"2022-09-02T10:11:34+00:00\" \/>\n<meta property=\"og:image\" content=\"https:\/\/www.campinglesbastets.com\/wp-content\/uploads\/2022\/07\/chateau-grignan.jpg\" \/>\n\t<meta property=\"og:image:width\" content=\"1900\" \/>\n\t<meta property=\"og:image:height\" content=\"655\" \/>\n\t<meta property=\"og:image:type\" content=\"image\/jpeg\" \/>\n<meta name=\"twitter:card\" content=\"summary_large_image\" \/>\n<script type=\"application\/ld+json\" class=\"yoast-schema-graph\">{\"@context\":\"https:\/\/schema.org\",\"@graph\":[{\"@type\":\"WebPage\",\"@id\":\"https:\/\/www.campinglesbastets.com\/nl\/omgeving\/bezoek-de-kastelen-van-de-drome\/\",\"url\":\"https:\/\/www.campinglesbastets.com\/nl\/omgeving\/bezoek-de-kastelen-van-de-drome\/\",\"name\":\"Kasteel van de Drome - Ontdek de mooiste kastelen in de Dr\u00f4meBeschrijving\",\"isPartOf\":{\"@id\":\"https:\/\/www.campinglesbastets.com\/nl\/#website\"},\"primaryImageOfPage\":{\"@id\":\"https:\/\/www.campinglesbastets.com\/nl\/omgeving\/bezoek-de-kastelen-van-de-drome\/#primaryimage\"},\"image\":{\"@id\":\"https:\/\/www.campinglesbastets.com\/nl\/omgeving\/bezoek-de-kastelen-van-de-drome\/#primaryimage\"},\"thumbnailUrl\":\"https:\/\/www.campinglesbastets.com\/wp-content\/uploads\/2022\/07\/chateau-grignan.jpg\",\"datePublished\":\"2022-09-02T09:57:39+00:00\",\"dateModified\":\"2022-09-02T10:11:34+00:00\",\"description\":\"De Dr\u00f4me Proven\u00e7ale staat vol met kastelen om te bewonderen en te verkennen. Laat u verleiden door de middeleeuwse steden met een rijke geschiedenis.\",\"breadcrumb\":{\"@id\":\"https:\/\/www.campinglesbastets.com\/nl\/omgeving\/bezoek-de-kastelen-van-de-drome\/#breadcrumb\"},\"inLanguage\":\"nl-NL\",\"potentialAction\":[{\"@type\":\"ReadAction\",\"target\":[\"https:\/\/www.campinglesbastets.com\/nl\/omgeving\/bezoek-de-kastelen-van-de-drome\/\"]}]},{\"@type\":\"ImageObject\",\"inLanguage\":\"nl-NL\",\"@id\":\"https:\/\/www.campinglesbastets.com\/nl\/omgeving\/bezoek-de-kastelen-van-de-drome\/#primaryimage\",\"url\":\"https:\/\/www.campinglesbastets.com\/wp-content\/uploads\/2022\/07\/chateau-grignan.jpg\",\"contentUrl\":\"https:\/\/www.campinglesbastets.com\/wp-content\/uploads\/2022\/07\/chateau-grignan.jpg\",\"width\":1900,\"height\":655,\"caption\":\"Ch\u00e2teau de Grignan\"},{\"@type\":\"BreadcrumbList\",\"@id\":\"https:\/\/www.campinglesbastets.com\/nl\/omgeving\/bezoek-de-kastelen-van-de-drome\/#breadcrumb\",\"itemListElement\":[{\"@type\":\"ListItem\",\"position\":1,\"name\":\"Camping Dr\u00f4me\",\"item\":\"https:\/\/www.campinglesbastets.com\/nl\/\"},{\"@type\":\"ListItem\",\"position\":2,\"name\":\"TOERISME IN DE DR\u00d4ME PROVEN\u00c7ALE\",\"item\":\"https:\/\/www.campinglesbastets.com\/nl\/omgeving\/\"},{\"@type\":\"ListItem\",\"position\":3,\"name\":\"BEZOEK DE KASTELEN VAN DE DR\u00d4ME\"}]},{\"@type\":\"WebSite\",\"@id\":\"https:\/\/www.campinglesbastets.com\/nl\/#website\",\"url\":\"https:\/\/www.campinglesbastets.com\/nl\/\",\"name\":\"Camping Les Bastets\",\"description\":\"\",\"publisher\":{\"@id\":\"https:\/\/www.campinglesbastets.com\/nl\/#organization\"},\"potentialAction\":[{\"@type\":\"SearchAction\",\"target\":{\"@type\":\"EntryPoint\",\"urlTemplate\":\"https:\/\/www.campinglesbastets.com\/nl\/?s={search_term_string}\"},\"query-input\":{\"@type\":\"PropertyValueSpecification\",\"valueRequired\":true,\"valueName\":\"search_term_string\"}}],\"inLanguage\":\"nl-NL\"},{\"@type\":\"Organization\",\"@id\":\"https:\/\/www.campinglesbastets.com\/nl\/#organization\",\"name\":\"Camping Les Bastets\",\"url\":\"https:\/\/www.campinglesbastets.com\/nl\/\",\"logo\":{\"@type\":\"ImageObject\",\"inLanguage\":\"nl-NL\",\"@id\":\"https:\/\/www.campinglesbastets.com\/nl\/#\/schema\/logo\/image\/\",\"url\":\"https:\/\/www.campinglesbastets.com\/wp-content\/uploads\/2022\/02\/favicon-1.png\",\"contentUrl\":\"https:\/\/www.campinglesbastets.com\/wp-content\/uploads\/2022\/02\/favicon-1.png\",\"width\":1423,\"height\":1423,\"caption\":\"Camping Les Bastets\"},\"image\":{\"@id\":\"https:\/\/www.campinglesbastets.com\/nl\/#\/schema\/logo\/image\/\"}}]}<\/script>\n<!-- \/ Yoast SEO plugin. -->","yoast_head_json":{"title":"Kasteel van de Drome - Ontdek de mooiste kastelen in de Dr\u00f4meBeschrijving","description":"De Dr\u00f4me Proven\u00e7ale staat vol met kastelen om te bewonderen en te verkennen. Laat u verleiden door de middeleeuwse steden met een rijke geschiedenis.","robots":{"index":"index","follow":"follow","max-snippet":"max-snippet:-1","max-image-preview":"max-image-preview:large","max-video-preview":"max-video-preview:-1"},"canonical":"https:\/\/www.campinglesbastets.com\/nl\/omgeving\/bezoek-de-kastelen-van-de-drome\/","og_locale":"nl_NL","og_type":"article","og_title":"Kasteel van de Drome - Ontdek de mooiste kastelen in de Dr\u00f4meBeschrijving","og_description":"De Dr\u00f4me Proven\u00e7ale staat vol met kastelen om te bewonderen en te verkennen. Laat u verleiden door de middeleeuwse steden met een rijke geschiedenis.","og_url":"https:\/\/www.campinglesbastets.com\/nl\/omgeving\/bezoek-de-kastelen-van-de-drome\/","og_site_name":"Camping Les Bastets","article_modified_time":"2022-09-02T10:11:34+00:00","og_image":[{"width":1900,"height":655,"url":"https:\/\/www.campinglesbastets.com\/wp-content\/uploads\/2022\/07\/chateau-grignan.jpg","type":"image\/jpeg"}],"twitter_card":"summary_large_image","schema":{"@context":"https:\/\/schema.org","@graph":[{"@type":"WebPage","@id":"https:\/\/www.campinglesbastets.com\/nl\/omgeving\/bezoek-de-kastelen-van-de-drome\/","url":"https:\/\/www.campinglesbastets.com\/nl\/omgeving\/bezoek-de-kastelen-van-de-drome\/","name":"Kasteel van de Drome - Ontdek de mooiste kastelen in de Dr\u00f4meBeschrijving","isPartOf":{"@id":"https:\/\/www.campinglesbastets.com\/nl\/#website"},"primaryImageOfPage":{"@id":"https:\/\/www.campinglesbastets.com\/nl\/omgeving\/bezoek-de-kastelen-van-de-drome\/#primaryimage"},"image":{"@id":"https:\/\/www.campinglesbastets.com\/nl\/omgeving\/bezoek-de-kastelen-van-de-drome\/#primaryimage"},"thumbnailUrl":"https:\/\/www.campinglesbastets.com\/wp-content\/uploads\/2022\/07\/chateau-grignan.jpg","datePublished":"2022-09-02T09:57:39+00:00","dateModified":"2022-09-02T10:11:34+00:00","description":"De Dr\u00f4me Proven\u00e7ale staat vol met kastelen om te bewonderen en te verkennen. Laat u verleiden door de middeleeuwse steden met een rijke geschiedenis.","breadcrumb":{"@id":"https:\/\/www.campinglesbastets.com\/nl\/omgeving\/bezoek-de-kastelen-van-de-drome\/#breadcrumb"},"inLanguage":"nl-NL","potentialAction":[{"@type":"ReadAction","target":["https:\/\/www.campinglesbastets.com\/nl\/omgeving\/bezoek-de-kastelen-van-de-drome\/"]}]},{"@type":"ImageObject","inLanguage":"nl-NL","@id":"https:\/\/www.campinglesbastets.com\/nl\/omgeving\/bezoek-de-kastelen-van-de-drome\/#primaryimage","url":"https:\/\/www.campinglesbastets.com\/wp-content\/uploads\/2022\/07\/chateau-grignan.jpg","contentUrl":"https:\/\/www.campinglesbastets.com\/wp-content\/uploads\/2022\/07\/chateau-grignan.jpg","width":1900,"height":655,"caption":"Ch\u00e2teau de Grignan"},{"@type":"BreadcrumbList","@id":"https:\/\/www.campinglesbastets.com\/nl\/omgeving\/bezoek-de-kastelen-van-de-drome\/#breadcrumb","itemListElement":[{"@type":"ListItem","position":1,"name":"Camping Dr\u00f4me","item":"https:\/\/www.campinglesbastets.com\/nl\/"},{"@type":"ListItem","position":2,"name":"TOERISME IN DE DR\u00d4ME PROVEN\u00c7ALE","item":"https:\/\/www.campinglesbastets.com\/nl\/omgeving\/"},{"@type":"ListItem","position":3,"name":"BEZOEK DE KASTELEN VAN DE DR\u00d4ME"}]},{"@type":"WebSite","@id":"https:\/\/www.campinglesbastets.com\/nl\/#website","url":"https:\/\/www.campinglesbastets.com\/nl\/","name":"Camping Les Bastets","description":"","publisher":{"@id":"https:\/\/www.campinglesbastets.com\/nl\/#organization"},"potentialAction":[{"@type":"SearchAction","target":{"@type":"EntryPoint","urlTemplate":"https:\/\/www.campinglesbastets.com\/nl\/?s={search_term_string}"},"query-input":{"@type":"PropertyValueSpecification","valueRequired":true,"valueName":"search_term_string"}}],"inLanguage":"nl-NL"},{"@type":"Organization","@id":"https:\/\/www.campinglesbastets.com\/nl\/#organization","name":"Camping Les Bastets","url":"https:\/\/www.campinglesbastets.com\/nl\/","logo":{"@type":"ImageObject","inLanguage":"nl-NL","@id":"https:\/\/www.campinglesbastets.com\/nl\/#\/schema\/logo\/image\/","url":"https:\/\/www.campinglesbastets.com\/wp-content\/uploads\/2022\/02\/favicon-1.png","contentUrl":"https:\/\/www.campinglesbastets.com\/wp-content\/uploads\/2022\/02\/favicon-1.png","width":1423,"height":1423,"caption":"Camping Les Bastets"},"image":{"@id":"https:\/\/www.campinglesbastets.com\/nl\/#\/schema\/logo\/image\/"}}]}},"_links":{"self":[{"href":"https:\/\/www.campinglesbastets.com\/nl\/wp-json\/wp\/v2\/pages\/11542","targetHints":{"allow":["GET"]}}],"collection":[{"href":"https:\/\/www.campinglesbastets.com\/nl\/wp-json\/wp\/v2\/pages"}],"about":[{"href":"https:\/\/www.campinglesbastets.com\/nl\/wp-json\/wp\/v2\/types\/page"}],"author":[{"embeddable":true,"href":"https:\/\/www.campinglesbastets.com\/nl\/wp-json\/wp\/v2\/users\/1"}],"replies":[{"embeddable":true,"href":"https:\/\/www.campinglesbastets.com\/nl\/wp-json\/wp\/v2\/comments?post=11542"}],"version-history":[{"count":6,"href":"https:\/\/www.campinglesbastets.com\/nl\/wp-json\/wp\/v2\/pages\/11542\/revisions"}],"predecessor-version":[{"id":11555,"href":"https:\/\/www.campinglesbastets.com\/nl\/wp-json\/wp\/v2\/pages\/11542\/revisions\/11555"}],"up":[{"embeddable":true,"href":"https:\/\/www.campinglesbastets.com\/nl\/wp-json\/wp\/v2\/pages\/9700"}],"wp:featuredmedia":[{"embeddable":true,"href":"https:\/\/www.campinglesbastets.com\/nl\/wp-json\/wp\/v2\/media\/11423"}],"wp:attachment":[{"href":"https:\/\/www.campinglesbastets.com\/nl\/wp-json\/wp\/v2\/media?parent=11542"}],"curies":[{"name":"wp","href":"https:\/\/api.w.org\/{rel}","templated":true}]}}