{"id":11169,"date":"2022-03-07T12:31:09","date_gmt":"2022-03-07T11:31:09","guid":{"rendered":"https:\/\/www.campinglesbastets.com\/omgeving\/palais-bonbons-nougat-souvenirs\/"},"modified":"2022-06-09T11:23:33","modified_gmt":"2022-06-09T09:23:33","slug":"bezoek-het-palais-bonbons-nougat-souvenirs","status":"publish","type":"page","link":"https:\/\/www.campinglesbastets.com\/nl\/omgeving\/bezoek-het-palais-bonbons-nougat-souvenirs\/","title":{"rendered":"Le Palais des Bonbons, du Nougat et des Souvenirs"},"content":{"rendered":"<section id=\"section-62286bf5259f4\"\" class=\"section bg-white\" \/><div class=\"container extralarge\"><h1 class=\"element section-title center center m-b-4\">Bezoek het Palais des Bonbons du Nougat en Souvenirs <\/h1><div class=\"element bloc-text left \">\n\t<p>Wanneer je op zoek bent naar een passend uitje vanaf\u00a0<a href=\"https:\/\/www.campinglesbastets.com\/nl\/\"><strong>Camping Les Bastets<\/strong><\/a>\u00a0dan is een bezoek aan het\u00a0<strong>Palais des Bonbons du Nougat en Souvenirs in Mont\u00e9limar<\/strong>\u00a0een absolute aanrader. Op deze plek word je meegenomen in de geschiedenis van speelgoed en zie je hoe noga wordt gemaakt.<\/p>\n<h2 class=\"western\">Museum voor liefhebbers van speelgoed en noga<\/h2>\n<p>Als er \u00e9\u00e9n plek in Frankrijk is waar je de lekkerste noga kunt vinden dan is het wel\u00a0<strong>Mont\u00e9limar<\/strong>. Het is dus niet zo vreemd dat je in deze plaats het Palais des Bonbons du Nougat en Souvenirs vindt. Kort samengevat is dit de plek waar je meer te weten komt over wat noga precies is en hoe noga wordt gemaakt. In het aanwezige winkeltje shop je de lekkerste noga, terwijl je in het\u00a0<strong>museum<\/strong>\u00a0meer te weten komt over suikers, snoep en verschillende soorten noga.<\/p>\n<p>Wat deze plek extra leuk maakt, is dat er nog veel meer te ontdekken valt. Zo ga je hier ook een stap terug in de tijd en ontdek je meer over speelgoed van vroeger. Dat is niet alleen leuk voor de kinderen van nu, maar des te leuker voor hun ouders! Vervolgens vergaap je je aan mooie kunstwerken die gemaakt zijn van snoep. Aan het einde van de tour kun je wat lekkere noga kopen om mee te nemen naar huis. De kinderen kunnen nog even losgaan in de aanwezige speeltuin genaamd\u00a0<strong>Badaboum<\/strong>. Er is voor het hele gezin dus genoeg te doen, te zien en\u2026 te proeven!<\/p>\n<h2 class=\"western\">Praktische informatie over je bezoek<\/h2>\n<article class=\"contenu-area default clearfix\">\n<div class=\"contenu-container\">\n<div class=\"container_editor\">\n<p>Het museum en het winkeltje zijn iedere dag geopend.\u00a0<strong>Op maandag kun je hier tussen 14:00 en 17:30 uur terecht.<\/strong>\u00a0Dinsdag tot en met zondag is het Palais des Bonbons du Nougat en Souvenirs geopend van 10:00 tot 11:30 en van 14:00 tot 17:30 uur. Raadpleeg de website voor meer informatie over de openingstijden tijdens de verschillende vakanties. De speeltuin Badaboum is woensdag, zaterdag en zondag tussen 10:00 en 18:30 uur geopend. Je kunt deze plek het hele jaar bezoeken met uitzonderingen van diverse feestdagen.<\/p>\n<p>Kinderen tot 3 jaar mogen gratis naar binnen en voor\u00a0<strong>kinderen tussen 3 en 5 jaar betaal je \u20ac 6<\/strong>. Toegang voor kindjes vanaf\u00a0<strong>6 tot 12 jaar is \u20ac 8,50<\/strong>\u00a0en volwassenen moeten\u00a0<strong>\u20ac 10,50 om het Palais te bezoeken<\/strong>. Goed om te weten: iedere bezoeker ontvangt een lekkere proeverij bij het bezoek aan deze plek. Voor de speeltuin Badaboum moet apart betaald worden. Volwassenen mogen hier gratis naar binnen; voor kinderen tot en met 2 jaar betaal je \u20ac 5,50 en voor kinderen van 3 tot 12 jaar betaal je \u20ac 8,50. Onze tip: ga voor een combikaart en bespaar op toegang! Het Palais des Bonbons du Nougat en Souvenirs ligt op\u00a0<strong>17 kilometer afstand van Camping Les Bastets<\/strong> en is binnen 15 tot 20 minuten te bereiken.<\/p>\n<\/div>\n<\/div>\n<\/article>\n<\/div><\/div><\/section>\n\n<section id=\"section-62286bf525bbc\"\" class=\"section bg-white\" \/><div class=\"container extralarge\"><div class=\"element section-title center h2-like\">Ontdek de omgeving van het Snoeppaleis<\/div><ul class=\"liste-de-page\"><li class=\"element call-to-action carre call-to-action--style-1 call-to-action--normal\"><a href=\"https:\/\/www.campinglesbastets.com\/nl\/omgeving\/lokale-producten\/\"  class=\"call-to-action_link\" title=\"En savoir plus sur landbouw\"><div class=\"call-to-action_image\"><img decoding=\"async\" src=\"https:\/\/www.campinglesbastets.com\/wp-content\/uploads\/2022\/08\/agriculture-drome.jpg\" data-src=\"https:\/\/www.campinglesbastets.com\/wp-content\/uploads\/2022\/08\/agriculture-drome.jpg\" alt=\"agriculture drome\" class=\"normal\" \/><\/div><div class=\"call-to-action_contenu\"><div class=\"call-to-action_titre\">Landbouw<\/div><\/div><\/a><\/li><li class=\"element call-to-action carre call-to-action--style-1 call-to-action--normal call-to-action--style-1 call-to-action--normal\"><a href=\"https:\/\/www.campinglesbastets.com\/nl\/omgeving\/lavendel\/\"  class=\"call-to-action_link\" title=\"En savoir plus sur lavendel\"><div class=\"call-to-action_image\"><img decoding=\"async\" src=\"https:\/\/www.campinglesbastets.com\/wp-content\/uploads\/2022\/03\/lavande-dans-la-drome.jpg\" data-src=\"https:\/\/www.campinglesbastets.com\/wp-content\/uploads\/2022\/03\/lavande-dans-la-drome.jpg\" alt=\"lavande dans la drome\" class=\"normal\" \/><\/div><div class=\"call-to-action_contenu\"><div class=\"call-to-action_titre\">Lavendel<\/div><\/div><\/a><\/li><li class=\"element call-to-action carre call-to-action--style-1 call-to-action--normal call-to-action--style-1 call-to-action--normal call-to-action--style-1 call-to-action--normal\"><a href=\"https:\/\/www.campinglesbastets.com\/nl\/omgeving\/de-heuveldorpen\/\"  class=\"call-to-action_link\" title=\"En savoir plus sur de dorpen op de heuveltop\"><div class=\"call-to-action_image\"><img decoding=\"async\" src=\"https:\/\/www.campinglesbastets.com\/wp-content\/uploads\/2022\/03\/village-poet-laval.jpg\" data-src=\"https:\/\/www.campinglesbastets.com\/wp-content\/uploads\/2022\/03\/village-poet-laval.jpg\" alt=\"village poet laval\" class=\"normal\" \/><\/div><div class=\"call-to-action_contenu\"><div class=\"call-to-action_titre\">De dorpen op de heuveltop<\/div><\/div><\/a><\/li><li class=\"element call-to-action carre call-to-action--style-1 call-to-action--normal call-to-action--style-1 call-to-action--normal call-to-action--style-1 call-to-action--normal call-to-action--style-1 call-to-action--normal\"><a href=\"https:\/\/www.campinglesbastets.com\/nl\/omgeving\/uitje-naar-valreas\/\"  class=\"call-to-action_link\" title=\"En savoir plus sur uitje naar valr\u00e9as\"><div class=\"call-to-action_image\"><img decoding=\"async\" src=\"https:\/\/www.campinglesbastets.com\/wp-content\/uploads\/2022\/03\/valreas-a-decouvrir.jpg\" data-src=\"https:\/\/www.campinglesbastets.com\/wp-content\/uploads\/2022\/03\/valreas-a-decouvrir.jpg\" alt=\"valreas a decouvrir\" class=\"normal\" \/><\/div><div class=\"call-to-action_contenu\"><div class=\"call-to-action_titre\">Uitje naar Valr\u00e9as<\/div><\/div><\/a><\/li><li class=\"element call-to-action carre call-to-action--style-1 call-to-action--normal call-to-action--style-1 call-to-action--normal call-to-action--style-1 call-to-action--normal call-to-action--style-1 call-to-action--normal call-to-action--style-1 call-to-action--normal\"><a href=\"https:\/\/www.campinglesbastets.com\/nl\/omgeving\/ontdek-de-drome-op-de-motor\/\"  class=\"call-to-action_link\" title=\"En savoir plus sur de dr\u00f4me per motorfiets\"><div class=\"call-to-action_image\"><img decoding=\"async\" src=\"https:\/\/www.campinglesbastets.com\/wp-content\/uploads\/2022\/03\/drome-en-moto.jpg\" data-src=\"https:\/\/www.campinglesbastets.com\/wp-content\/uploads\/2022\/03\/drome-en-moto.jpg\" alt=\"drome en moto\" class=\"normal\" \/><\/div><div class=\"call-to-action_contenu\"><div class=\"call-to-action_titre\">De Dr\u00f4me per motorfiets<\/div><\/div><\/a><\/li><li class=\"element call-to-action carre call-to-action--style-1 call-to-action--normal call-to-action--style-1 call-to-action--normal call-to-action--style-1 call-to-action--normal call-to-action--style-1 call-to-action--normal call-to-action--style-1 call-to-action--normal call-to-action--style-1 call-to-action--normal\"><a href=\"https:\/\/www.campinglesbastets.com\/nl\/omgeving\/kasteel-van-grignan\/\"  class=\"call-to-action_link\" title=\"En savoir plus sur het kasteel van grignan, een juweel van de proven\u00e7aalse dr\u00f4me\"><div class=\"call-to-action_image\"><img decoding=\"async\" src=\"https:\/\/www.campinglesbastets.com\/wp-content\/uploads\/2022\/03\/chateau-grignan.jpg\" data-src=\"https:\/\/www.campinglesbastets.com\/wp-content\/uploads\/2022\/03\/chateau-grignan.jpg\" alt=\"chateau grignan\" class=\"normal\" \/><\/div><div class=\"call-to-action_contenu\"><div class=\"call-to-action_titre\">Het kasteel van Grignan, een juweel van de Proven\u00e7aalse Dr\u00f4me<\/div><\/div><\/a><\/li><\/ul><\/div><\/section>","protected":false},"excerpt":{"rendered":"","protected":false},"author":1,"featured_media":7219,"parent":9700,"menu_order":0,"comment_status":"closed","ping_status":"closed","template":"","meta":{"_acf_changed":false,"footnotes":""},"class_list":["post-11169","page","type-page","status-publish","has-post-thumbnail","hentry"],"acf":[],"yoast_head":"<!-- This site is optimized with the Yoast SEO plugin v25.3 - https:\/\/yoast.com\/wordpress\/plugins\/seo\/ -->\n<title>Eine R\u00fcckkehr in die Kindheit im Palast des Candies in Mont\u00e9limar<\/title>\n<meta name=\"description\" content=\"Erleben Sie w\u00e4hrend Ihres Urlaubs in der Dr\u00f4me ein magisches Erlebnis, indem Sie den Palast der S\u00fc\u00dfigkeiten, Nougat und Souvenirs in Montelimar besuchen\" \/>\n<meta name=\"robots\" content=\"index, follow, max-snippet:-1, max-image-preview:large, max-video-preview:-1\" \/>\n<link rel=\"canonical\" href=\"https:\/\/www.campinglesbastets.com\/nl\/omgeving\/bezoek-het-palais-bonbons-nougat-souvenirs\/\" \/>\n<meta property=\"og:locale\" content=\"nl_NL\" \/>\n<meta property=\"og:type\" content=\"article\" \/>\n<meta property=\"og:title\" content=\"Eine R\u00fcckkehr in die Kindheit im Palast des Candies in Mont\u00e9limar\" \/>\n<meta property=\"og:description\" content=\"Erleben Sie w\u00e4hrend Ihres Urlaubs in der Dr\u00f4me ein magisches Erlebnis, indem Sie den Palast der S\u00fc\u00dfigkeiten, Nougat und Souvenirs in Montelimar besuchen\" \/>\n<meta property=\"og:url\" content=\"https:\/\/www.campinglesbastets.com\/nl\/omgeving\/bezoek-het-palais-bonbons-nougat-souvenirs\/\" \/>\n<meta property=\"og:site_name\" content=\"Camping Les Bastets\" \/>\n<meta property=\"article:modified_time\" content=\"2022-06-09T09:23:33+00:00\" \/>\n<meta property=\"og:image\" content=\"https:\/\/www.campinglesbastets.com\/wp-content\/uploads\/2022\/03\/bonbons-nougats.jpg\" \/>\n\t<meta property=\"og:image:width\" content=\"1900\" \/>\n\t<meta property=\"og:image:height\" content=\"1056\" \/>\n\t<meta property=\"og:image:type\" content=\"image\/jpeg\" \/>\n<meta name=\"twitter:card\" content=\"summary_large_image\" \/>\n<script type=\"application\/ld+json\" class=\"yoast-schema-graph\">{\"@context\":\"https:\/\/schema.org\",\"@graph\":[{\"@type\":\"WebPage\",\"@id\":\"https:\/\/www.campinglesbastets.com\/nl\/omgeving\/bezoek-het-palais-bonbons-nougat-souvenirs\/\",\"url\":\"https:\/\/www.campinglesbastets.com\/nl\/omgeving\/bezoek-het-palais-bonbons-nougat-souvenirs\/\",\"name\":\"Eine R\u00fcckkehr in die Kindheit im Palast des Candies in Mont\u00e9limar\",\"isPartOf\":{\"@id\":\"https:\/\/www.campinglesbastets.com\/nl\/#website\"},\"primaryImageOfPage\":{\"@id\":\"https:\/\/www.campinglesbastets.com\/nl\/omgeving\/bezoek-het-palais-bonbons-nougat-souvenirs\/#primaryimage\"},\"image\":{\"@id\":\"https:\/\/www.campinglesbastets.com\/nl\/omgeving\/bezoek-het-palais-bonbons-nougat-souvenirs\/#primaryimage\"},\"thumbnailUrl\":\"https:\/\/www.campinglesbastets.com\/wp-content\/uploads\/2022\/03\/bonbons-nougats.jpg\",\"datePublished\":\"2022-03-07T11:31:09+00:00\",\"dateModified\":\"2022-06-09T09:23:33+00:00\",\"description\":\"Erleben Sie w\u00e4hrend Ihres Urlaubs in der Dr\u00f4me ein magisches Erlebnis, indem Sie den Palast der S\u00fc\u00dfigkeiten, Nougat und Souvenirs in Montelimar besuchen\",\"breadcrumb\":{\"@id\":\"https:\/\/www.campinglesbastets.com\/nl\/omgeving\/bezoek-het-palais-bonbons-nougat-souvenirs\/#breadcrumb\"},\"inLanguage\":\"nl-NL\",\"potentialAction\":[{\"@type\":\"ReadAction\",\"target\":[\"https:\/\/www.campinglesbastets.com\/nl\/omgeving\/bezoek-het-palais-bonbons-nougat-souvenirs\/\"]}]},{\"@type\":\"ImageObject\",\"inLanguage\":\"nl-NL\",\"@id\":\"https:\/\/www.campinglesbastets.com\/nl\/omgeving\/bezoek-het-palais-bonbons-nougat-souvenirs\/#primaryimage\",\"url\":\"https:\/\/www.campinglesbastets.com\/wp-content\/uploads\/2022\/03\/bonbons-nougats.jpg\",\"contentUrl\":\"https:\/\/www.campinglesbastets.com\/wp-content\/uploads\/2022\/03\/bonbons-nougats.jpg\",\"width\":1900,\"height\":1056,\"caption\":\"bonbons nougats\"},{\"@type\":\"BreadcrumbList\",\"@id\":\"https:\/\/www.campinglesbastets.com\/nl\/omgeving\/bezoek-het-palais-bonbons-nougat-souvenirs\/#breadcrumb\",\"itemListElement\":[{\"@type\":\"ListItem\",\"position\":1,\"name\":\"Camping Dr\u00f4me\",\"item\":\"https:\/\/www.campinglesbastets.com\/nl\/\"},{\"@type\":\"ListItem\",\"position\":2,\"name\":\"TOERISME IN DE DR\u00d4ME PROVEN\u00c7ALE\",\"item\":\"https:\/\/www.campinglesbastets.com\/nl\/omgeving\/\"},{\"@type\":\"ListItem\",\"position\":3,\"name\":\"Le Palais des Bonbons, du Nougat et des Souvenirs\"}]},{\"@type\":\"WebSite\",\"@id\":\"https:\/\/www.campinglesbastets.com\/nl\/#website\",\"url\":\"https:\/\/www.campinglesbastets.com\/nl\/\",\"name\":\"Camping Les Bastets\",\"description\":\"\",\"publisher\":{\"@id\":\"https:\/\/www.campinglesbastets.com\/nl\/#organization\"},\"potentialAction\":[{\"@type\":\"SearchAction\",\"target\":{\"@type\":\"EntryPoint\",\"urlTemplate\":\"https:\/\/www.campinglesbastets.com\/nl\/?s={search_term_string}\"},\"query-input\":{\"@type\":\"PropertyValueSpecification\",\"valueRequired\":true,\"valueName\":\"search_term_string\"}}],\"inLanguage\":\"nl-NL\"},{\"@type\":\"Organization\",\"@id\":\"https:\/\/www.campinglesbastets.com\/nl\/#organization\",\"name\":\"Camping Les Bastets\",\"url\":\"https:\/\/www.campinglesbastets.com\/nl\/\",\"logo\":{\"@type\":\"ImageObject\",\"inLanguage\":\"nl-NL\",\"@id\":\"https:\/\/www.campinglesbastets.com\/nl\/#\/schema\/logo\/image\/\",\"url\":\"https:\/\/www.campinglesbastets.com\/wp-content\/uploads\/2022\/02\/favicon-1.png\",\"contentUrl\":\"https:\/\/www.campinglesbastets.com\/wp-content\/uploads\/2022\/02\/favicon-1.png\",\"width\":1423,\"height\":1423,\"caption\":\"Camping Les Bastets\"},\"image\":{\"@id\":\"https:\/\/www.campinglesbastets.com\/nl\/#\/schema\/logo\/image\/\"}}]}<\/script>\n<!-- \/ Yoast SEO plugin. -->","yoast_head_json":{"title":"Eine R\u00fcckkehr in die Kindheit im Palast des Candies in Mont\u00e9limar","description":"Erleben Sie w\u00e4hrend Ihres Urlaubs in der Dr\u00f4me ein magisches Erlebnis, indem Sie den Palast der S\u00fc\u00dfigkeiten, Nougat und Souvenirs in Montelimar besuchen","robots":{"index":"index","follow":"follow","max-snippet":"max-snippet:-1","max-image-preview":"max-image-preview:large","max-video-preview":"max-video-preview:-1"},"canonical":"https:\/\/www.campinglesbastets.com\/nl\/omgeving\/bezoek-het-palais-bonbons-nougat-souvenirs\/","og_locale":"nl_NL","og_type":"article","og_title":"Eine R\u00fcckkehr in die Kindheit im Palast des Candies in Mont\u00e9limar","og_description":"Erleben Sie w\u00e4hrend Ihres Urlaubs in der Dr\u00f4me ein magisches Erlebnis, indem Sie den Palast der S\u00fc\u00dfigkeiten, Nougat und Souvenirs in Montelimar besuchen","og_url":"https:\/\/www.campinglesbastets.com\/nl\/omgeving\/bezoek-het-palais-bonbons-nougat-souvenirs\/","og_site_name":"Camping Les Bastets","article_modified_time":"2022-06-09T09:23:33+00:00","og_image":[{"width":1900,"height":1056,"url":"https:\/\/www.campinglesbastets.com\/wp-content\/uploads\/2022\/03\/bonbons-nougats.jpg","type":"image\/jpeg"}],"twitter_card":"summary_large_image","schema":{"@context":"https:\/\/schema.org","@graph":[{"@type":"WebPage","@id":"https:\/\/www.campinglesbastets.com\/nl\/omgeving\/bezoek-het-palais-bonbons-nougat-souvenirs\/","url":"https:\/\/www.campinglesbastets.com\/nl\/omgeving\/bezoek-het-palais-bonbons-nougat-souvenirs\/","name":"Eine R\u00fcckkehr in die Kindheit im Palast des Candies in Mont\u00e9limar","isPartOf":{"@id":"https:\/\/www.campinglesbastets.com\/nl\/#website"},"primaryImageOfPage":{"@id":"https:\/\/www.campinglesbastets.com\/nl\/omgeving\/bezoek-het-palais-bonbons-nougat-souvenirs\/#primaryimage"},"image":{"@id":"https:\/\/www.campinglesbastets.com\/nl\/omgeving\/bezoek-het-palais-bonbons-nougat-souvenirs\/#primaryimage"},"thumbnailUrl":"https:\/\/www.campinglesbastets.com\/wp-content\/uploads\/2022\/03\/bonbons-nougats.jpg","datePublished":"2022-03-07T11:31:09+00:00","dateModified":"2022-06-09T09:23:33+00:00","description":"Erleben Sie w\u00e4hrend Ihres Urlaubs in der Dr\u00f4me ein magisches Erlebnis, indem Sie den Palast der S\u00fc\u00dfigkeiten, Nougat und Souvenirs in Montelimar besuchen","breadcrumb":{"@id":"https:\/\/www.campinglesbastets.com\/nl\/omgeving\/bezoek-het-palais-bonbons-nougat-souvenirs\/#breadcrumb"},"inLanguage":"nl-NL","potentialAction":[{"@type":"ReadAction","target":["https:\/\/www.campinglesbastets.com\/nl\/omgeving\/bezoek-het-palais-bonbons-nougat-souvenirs\/"]}]},{"@type":"ImageObject","inLanguage":"nl-NL","@id":"https:\/\/www.campinglesbastets.com\/nl\/omgeving\/bezoek-het-palais-bonbons-nougat-souvenirs\/#primaryimage","url":"https:\/\/www.campinglesbastets.com\/wp-content\/uploads\/2022\/03\/bonbons-nougats.jpg","contentUrl":"https:\/\/www.campinglesbastets.com\/wp-content\/uploads\/2022\/03\/bonbons-nougats.jpg","width":1900,"height":1056,"caption":"bonbons nougats"},{"@type":"BreadcrumbList","@id":"https:\/\/www.campinglesbastets.com\/nl\/omgeving\/bezoek-het-palais-bonbons-nougat-souvenirs\/#breadcrumb","itemListElement":[{"@type":"ListItem","position":1,"name":"Camping Dr\u00f4me","item":"https:\/\/www.campinglesbastets.com\/nl\/"},{"@type":"ListItem","position":2,"name":"TOERISME IN DE DR\u00d4ME PROVEN\u00c7ALE","item":"https:\/\/www.campinglesbastets.com\/nl\/omgeving\/"},{"@type":"ListItem","position":3,"name":"Le Palais des Bonbons, du Nougat et des Souvenirs"}]},{"@type":"WebSite","@id":"https:\/\/www.campinglesbastets.com\/nl\/#website","url":"https:\/\/www.campinglesbastets.com\/nl\/","name":"Camping Les Bastets","description":"","publisher":{"@id":"https:\/\/www.campinglesbastets.com\/nl\/#organization"},"potentialAction":[{"@type":"SearchAction","target":{"@type":"EntryPoint","urlTemplate":"https:\/\/www.campinglesbastets.com\/nl\/?s={search_term_string}"},"query-input":{"@type":"PropertyValueSpecification","valueRequired":true,"valueName":"search_term_string"}}],"inLanguage":"nl-NL"},{"@type":"Organization","@id":"https:\/\/www.campinglesbastets.com\/nl\/#organization","name":"Camping Les Bastets","url":"https:\/\/www.campinglesbastets.com\/nl\/","logo":{"@type":"ImageObject","inLanguage":"nl-NL","@id":"https:\/\/www.campinglesbastets.com\/nl\/#\/schema\/logo\/image\/","url":"https:\/\/www.campinglesbastets.com\/wp-content\/uploads\/2022\/02\/favicon-1.png","contentUrl":"https:\/\/www.campinglesbastets.com\/wp-content\/uploads\/2022\/02\/favicon-1.png","width":1423,"height":1423,"caption":"Camping Les Bastets"},"image":{"@id":"https:\/\/www.campinglesbastets.com\/nl\/#\/schema\/logo\/image\/"}}]}},"_links":{"self":[{"href":"https:\/\/www.campinglesbastets.com\/nl\/wp-json\/wp\/v2\/pages\/11169","targetHints":{"allow":["GET"]}}],"collection":[{"href":"https:\/\/www.campinglesbastets.com\/nl\/wp-json\/wp\/v2\/pages"}],"about":[{"href":"https:\/\/www.campinglesbastets.com\/nl\/wp-json\/wp\/v2\/types\/page"}],"author":[{"embeddable":true,"href":"https:\/\/www.campinglesbastets.com\/nl\/wp-json\/wp\/v2\/users\/1"}],"replies":[{"embeddable":true,"href":"https:\/\/www.campinglesbastets.com\/nl\/wp-json\/wp\/v2\/comments?post=11169"}],"version-history":[{"count":5,"href":"https:\/\/www.campinglesbastets.com\/nl\/wp-json\/wp\/v2\/pages\/11169\/revisions"}],"predecessor-version":[{"id":11176,"href":"https:\/\/www.campinglesbastets.com\/nl\/wp-json\/wp\/v2\/pages\/11169\/revisions\/11176"}],"up":[{"embeddable":true,"href":"https:\/\/www.campinglesbastets.com\/nl\/wp-json\/wp\/v2\/pages\/9700"}],"wp:featuredmedia":[{"embeddable":true,"href":"https:\/\/www.campinglesbastets.com\/nl\/wp-json\/wp\/v2\/media\/7219"}],"wp:attachment":[{"href":"https:\/\/www.campinglesbastets.com\/nl\/wp-json\/wp\/v2\/media?parent=11169"}],"curies":[{"name":"wp","href":"https:\/\/api.w.org\/{rel}","templated":true}]}}