{"id":10874,"date":"2022-03-17T15:19:39","date_gmt":"2022-03-17T14:19:39","guid":{"rendered":"https:\/\/www.campinglesbastets.com\/mentions-legales\/"},"modified":"2025-10-07T09:46:38","modified_gmt":"2025-10-07T07:46:38","slug":"wettelijke-informatie","status":"publish","type":"page","link":"https:\/\/www.campinglesbastets.com\/nl\/wettelijke-informatie\/","title":{"rendered":"Mentions l\u00e9gales"},"content":{"rendered":"<section id=\"section-6221f380d2bdf\"\" class=\"section bg-white\" \/><div class=\"container extralarge\"><h1 class=\"element section-title center\">WETTELIJKE MEDEDELINGEN<\/h1><div class=\"element bloc-text justify \">\n\t<h2>Website editor<\/h2>\n<p>Camping Les Bastets<\/p>\n<p>Naam of firmanaam: <strong>LES BASTETS<\/strong><br \/>\nAdres: 335 chemin du camping 26740 MARSANNE<br \/>\nTel: 04 75 90 35 03<br \/>\nE-mail: contact@campinglesbastets.com<\/p>\n<p>Rechtsvorm: Soci\u00e9t\u00e9 \u00e0 responsabilit\u00e9 limit\u00e9e (Soci\u00e9t\u00e9 \u00e0 associ\u00e9 unique)<br \/>\nMaatschappelijk kapitaal: 68 687,00 euro<br \/>\nSIRET: 95391338100018<\/p>\n<p>Intracommunautaire btw: FR80953913381<\/p>\n<p>Publicatieverantwoordelijke: Marie Merlet Roche<\/p>\n<h2>Gemaakt door<\/h2>\n<p>GEEKTONIC<br \/>\nVertegenwoordigd door de heer Yohan Darmayan in zijn hoedanigheid van algemeen directeur<br \/>\nMaatschappelijke zetel: 50 avenue du Lac Marion, 64200 Biarritz<br \/>\nTel: 0532741152<br \/>\nE-mail: support@geek-tonic.com<br \/>\nWebsite: www.geek-tonic.com<br \/>\nSIRET: 89746755100015<br \/>\nAPE: 6201Z<\/p>\n<h2>Copyright<\/h2>\n<p>De volledige inhoud van deze site valt onder het auteursrecht en het intellectuele eigendom volgens de Franse wetgeving. Elke reproductie (inclusief foto&#8217;s, pictogrammen en downloadbare documenten) is verboden zonder voorafgaande toestemming van GEEKTONIC. Reproductie op een elektronische drager van de gehele of gedeeltelijke site op papier of elektronisch formaat is verboden. GeekTonic wijst alle verantwoordelijkheid af voor de inhoud van de website. Geektonic wijst ook elke verantwoordelijkheid af voor externe links die naar deze site verwijzen.<\/p>\n<h2>Persoonlijke gegevens en nominatieve informatie<\/h2>\n<p>Je hebt het recht op toegang, wijziging, rectificatie en verwijdering van gegevens die op jou betrekking hebben, in overeenstemming met artikel 34 van de Franse wet op de gegevensbescherming (Loi &#8220;Informatique et Libert\u00e9s&#8221;) nr. 78-17 van 6 januari 1978, gewijzigd op 6 augustus 2018. Om dit recht op toegang uit te oefenen, kunt u een schriftelijk verzoek sturen naar de uitgever van de website.<\/p>\n<h2>Legalisatie<\/h2>\n<p>In overeenstemming met de wet van 11 maart 1957 (art. 41) en het wetboek van intellectuele eigendom van 1 juli 1992, is het verboden de site geheel of gedeeltelijk te reproduceren zonder voorafgaande toestemming van de uitgever van de site. Logo&#8217;s, afbeeldingen, foto&#8217;s, video&#8217;s, grafische kaarten en teksten zijn eigendom van hun respectieve eigenaars. Deze site kan, zonder zijn medeweten, zijn gekoppeld aan andere sites via hypermedia links. De redacteur van deze site wijst alle verantwoordelijkheid af voor de informatie op deze andere sites. Internetgebruikers erkennen dat het gebruik van deze site valt onder de Franse wetgeving.<\/p>\n<\/div><\/div><\/section>","protected":false},"excerpt":{"rendered":"","protected":false},"author":1,"featured_media":0,"parent":0,"menu_order":0,"comment_status":"closed","ping_status":"closed","template":"","meta":{"_acf_changed":false,"footnotes":""},"class_list":["post-10874","page","type-page","status-publish","hentry"],"acf":[],"yoast_head":"<!-- This site is optimized with the Yoast SEO plugin v25.3 - https:\/\/yoast.com\/wordpress\/plugins\/seo\/ -->\n<title>Wettelijke informatie | Camping Les Bastets<\/title>\n<meta name=\"robots\" content=\"noindex, nofollow\" \/>\n<meta property=\"og:locale\" content=\"nl_NL\" \/>\n<meta property=\"og:type\" content=\"article\" \/>\n<meta property=\"og:title\" content=\"Wettelijke informatie | Camping Les Bastets\" \/>\n<meta property=\"og:url\" content=\"https:\/\/www.campinglesbastets.com\/nl\/wettelijke-informatie\/\" \/>\n<meta property=\"og:site_name\" content=\"Camping Les Bastets\" \/>\n<meta property=\"article:modified_time\" content=\"2025-10-07T07:46:38+00:00\" \/>\n<meta name=\"twitter:card\" content=\"summary_large_image\" \/>\n<script type=\"application\/ld+json\" class=\"yoast-schema-graph\">{\"@context\":\"https:\/\/schema.org\",\"@graph\":[{\"@type\":\"WebPage\",\"@id\":\"https:\/\/www.campinglesbastets.com\/nl\/wettelijke-informatie\/\",\"url\":\"https:\/\/www.campinglesbastets.com\/nl\/wettelijke-informatie\/\",\"name\":\"Wettelijke informatie | Camping Les Bastets\",\"isPartOf\":{\"@id\":\"https:\/\/www.campinglesbastets.com\/nl\/#website\"},\"datePublished\":\"2022-03-17T14:19:39+00:00\",\"dateModified\":\"2025-10-07T07:46:38+00:00\",\"breadcrumb\":{\"@id\":\"https:\/\/www.campinglesbastets.com\/nl\/wettelijke-informatie\/#breadcrumb\"},\"inLanguage\":\"nl-NL\",\"potentialAction\":[{\"@type\":\"ReadAction\",\"target\":[\"https:\/\/www.campinglesbastets.com\/nl\/wettelijke-informatie\/\"]}]},{\"@type\":\"BreadcrumbList\",\"@id\":\"https:\/\/www.campinglesbastets.com\/nl\/wettelijke-informatie\/#breadcrumb\",\"itemListElement\":[{\"@type\":\"ListItem\",\"position\":1,\"name\":\"Camping Dr\u00f4me\",\"item\":\"https:\/\/www.campinglesbastets.com\/nl\/\"},{\"@type\":\"ListItem\",\"position\":2,\"name\":\"Mentions l\u00e9gales\"}]},{\"@type\":\"WebSite\",\"@id\":\"https:\/\/www.campinglesbastets.com\/nl\/#website\",\"url\":\"https:\/\/www.campinglesbastets.com\/nl\/\",\"name\":\"Camping Les Bastets\",\"description\":\"\",\"publisher\":{\"@id\":\"https:\/\/www.campinglesbastets.com\/nl\/#organization\"},\"potentialAction\":[{\"@type\":\"SearchAction\",\"target\":{\"@type\":\"EntryPoint\",\"urlTemplate\":\"https:\/\/www.campinglesbastets.com\/nl\/?s={search_term_string}\"},\"query-input\":{\"@type\":\"PropertyValueSpecification\",\"valueRequired\":true,\"valueName\":\"search_term_string\"}}],\"inLanguage\":\"nl-NL\"},{\"@type\":\"Organization\",\"@id\":\"https:\/\/www.campinglesbastets.com\/nl\/#organization\",\"name\":\"Camping Les Bastets\",\"url\":\"https:\/\/www.campinglesbastets.com\/nl\/\",\"logo\":{\"@type\":\"ImageObject\",\"inLanguage\":\"nl-NL\",\"@id\":\"https:\/\/www.campinglesbastets.com\/nl\/#\/schema\/logo\/image\/\",\"url\":\"https:\/\/www.campinglesbastets.com\/wp-content\/uploads\/2022\/02\/favicon-1.png\",\"contentUrl\":\"https:\/\/www.campinglesbastets.com\/wp-content\/uploads\/2022\/02\/favicon-1.png\",\"width\":1423,\"height\":1423,\"caption\":\"Camping Les Bastets\"},\"image\":{\"@id\":\"https:\/\/www.campinglesbastets.com\/nl\/#\/schema\/logo\/image\/\"}}]}<\/script>\n<!-- \/ Yoast SEO plugin. -->","yoast_head_json":{"title":"Wettelijke informatie | Camping Les Bastets","robots":{"index":"noindex","follow":"nofollow"},"og_locale":"nl_NL","og_type":"article","og_title":"Wettelijke informatie | Camping Les Bastets","og_url":"https:\/\/www.campinglesbastets.com\/nl\/wettelijke-informatie\/","og_site_name":"Camping Les Bastets","article_modified_time":"2025-10-07T07:46:38+00:00","twitter_card":"summary_large_image","schema":{"@context":"https:\/\/schema.org","@graph":[{"@type":"WebPage","@id":"https:\/\/www.campinglesbastets.com\/nl\/wettelijke-informatie\/","url":"https:\/\/www.campinglesbastets.com\/nl\/wettelijke-informatie\/","name":"Wettelijke informatie | Camping Les Bastets","isPartOf":{"@id":"https:\/\/www.campinglesbastets.com\/nl\/#website"},"datePublished":"2022-03-17T14:19:39+00:00","dateModified":"2025-10-07T07:46:38+00:00","breadcrumb":{"@id":"https:\/\/www.campinglesbastets.com\/nl\/wettelijke-informatie\/#breadcrumb"},"inLanguage":"nl-NL","potentialAction":[{"@type":"ReadAction","target":["https:\/\/www.campinglesbastets.com\/nl\/wettelijke-informatie\/"]}]},{"@type":"BreadcrumbList","@id":"https:\/\/www.campinglesbastets.com\/nl\/wettelijke-informatie\/#breadcrumb","itemListElement":[{"@type":"ListItem","position":1,"name":"Camping Dr\u00f4me","item":"https:\/\/www.campinglesbastets.com\/nl\/"},{"@type":"ListItem","position":2,"name":"Mentions l\u00e9gales"}]},{"@type":"WebSite","@id":"https:\/\/www.campinglesbastets.com\/nl\/#website","url":"https:\/\/www.campinglesbastets.com\/nl\/","name":"Camping Les Bastets","description":"","publisher":{"@id":"https:\/\/www.campinglesbastets.com\/nl\/#organization"},"potentialAction":[{"@type":"SearchAction","target":{"@type":"EntryPoint","urlTemplate":"https:\/\/www.campinglesbastets.com\/nl\/?s={search_term_string}"},"query-input":{"@type":"PropertyValueSpecification","valueRequired":true,"valueName":"search_term_string"}}],"inLanguage":"nl-NL"},{"@type":"Organization","@id":"https:\/\/www.campinglesbastets.com\/nl\/#organization","name":"Camping Les Bastets","url":"https:\/\/www.campinglesbastets.com\/nl\/","logo":{"@type":"ImageObject","inLanguage":"nl-NL","@id":"https:\/\/www.campinglesbastets.com\/nl\/#\/schema\/logo\/image\/","url":"https:\/\/www.campinglesbastets.com\/wp-content\/uploads\/2022\/02\/favicon-1.png","contentUrl":"https:\/\/www.campinglesbastets.com\/wp-content\/uploads\/2022\/02\/favicon-1.png","width":1423,"height":1423,"caption":"Camping Les Bastets"},"image":{"@id":"https:\/\/www.campinglesbastets.com\/nl\/#\/schema\/logo\/image\/"}}]}},"_links":{"self":[{"href":"https:\/\/www.campinglesbastets.com\/nl\/wp-json\/wp\/v2\/pages\/10874","targetHints":{"allow":["GET"]}}],"collection":[{"href":"https:\/\/www.campinglesbastets.com\/nl\/wp-json\/wp\/v2\/pages"}],"about":[{"href":"https:\/\/www.campinglesbastets.com\/nl\/wp-json\/wp\/v2\/types\/page"}],"author":[{"embeddable":true,"href":"https:\/\/www.campinglesbastets.com\/nl\/wp-json\/wp\/v2\/users\/1"}],"replies":[{"embeddable":true,"href":"https:\/\/www.campinglesbastets.com\/nl\/wp-json\/wp\/v2\/comments?post=10874"}],"version-history":[{"count":15,"href":"https:\/\/www.campinglesbastets.com\/nl\/wp-json\/wp\/v2\/pages\/10874\/revisions"}],"predecessor-version":[{"id":15664,"href":"https:\/\/www.campinglesbastets.com\/nl\/wp-json\/wp\/v2\/pages\/10874\/revisions\/15664"}],"wp:attachment":[{"href":"https:\/\/www.campinglesbastets.com\/nl\/wp-json\/wp\/v2\/media?parent=10874"}],"curies":[{"name":"wp","href":"https:\/\/api.w.org\/{rel}","templated":true}]}}