{"id":10635,"date":"2021-12-21T14:09:49","date_gmt":"2021-12-21T13:09:49","guid":{"rendered":"https:\/\/www.campinglesbastets.com\/contact\/"},"modified":"2022-06-09T14:33:44","modified_gmt":"2022-06-09T12:33:44","slug":"contact","status":"publish","type":"page","link":"https:\/\/www.campinglesbastets.com\/nl\/contact\/","title":{"rendered":"Infos &#038; contact"},"content":{"rendered":"<section id=\"section-6221e04c329bf\"\" class=\"section bg-white\" \/><div class=\"container\"><h1 class=\"element section-title center\">Neem contact op met<\/h1><\/div><\/section>\n\n<section id=\"section-6221e04c32bea\"\" class=\"section bg-white p-t-0\" \/><div class=\"container extralarge\"><div class=\"colonnes-wrap valign-middle \"><div class=\"element colonne \"><h2 class=\"element section-title left\">Contactformulier<\/h2><div class=\"element bloc-text left \">\n\t<p>Als u contact met ons wilt opnemen, een verblijf wilt boeken, informatie wilt vragen, kunt u ons telefonisch bereiken en natuurlijk ook per e-mail. Wij zullen met plezier uw vragen beantwoorden en u helpen het beste te maken van uw volgende vakantie.<\/p>\n<p>Heeft u een vraag over onze diensten, onze activiteiten of zelfs over de streek en de omgeving waarin Camping Les Bastets zich bevindt? Ons team zal u graag begeleiden en u nooit zonder antwoord laten.<\/p>\n<p>Het formulier op deze pagina stelt ons in staat zo effici\u00ebnt mogelijk met uw verzoeken om te gaan en wij raden u dan ook ten zeerste aan het te gebruiken om contact met ons op te nemen. Uw berichten zullen zo snel mogelijk en met de grootst mogelijke professionaliteit worden behandeld.<\/p>\n<p>Wenst u informatie aan te vragen, onze brochure te ontvangen of uw verblijf op een <a href=\"\/nl\/\">camping in de Dr\u00f4me<\/a> te reserveren? Schrijf ons via het formulier hiernaast:<\/p>\n<\/div><\/div><div class=\"element colonne \"><div class=\"formulaire-de-contact\">\n<div class=\"wpcf7 no-js\" id=\"wpcf7-f10663-o1\" lang=\"fr-FR\" dir=\"ltr\">\n<div class=\"screen-reader-response\"><p role=\"status\" aria-live=\"polite\" aria-atomic=\"true\"><\/p> <ul><\/ul><\/div>\n<form action=\"\/nl\/wp-json\/wp\/v2\/pages\/10635#wpcf7-f10663-o1\" method=\"post\" class=\"wpcf7-form init\" aria-label=\"Formulaire de contact\" novalidate=\"novalidate\" data-status=\"init\">\n<div style=\"display: none;\">\n<input type=\"hidden\" name=\"_wpcf7\" value=\"10663\" \/>\n<input type=\"hidden\" name=\"_wpcf7_version\" value=\"5.9.8\" \/>\n<input type=\"hidden\" name=\"_wpcf7_locale\" value=\"fr_FR\" \/>\n<input type=\"hidden\" name=\"_wpcf7_unit_tag\" value=\"wpcf7-f10663-o1\" \/>\n<input type=\"hidden\" name=\"_wpcf7_container_post\" value=\"0\" \/>\n<input type=\"hidden\" name=\"_wpcf7_posted_data_hash\" value=\"\" \/>\n<input type=\"hidden\" name=\"_wpcf7_recaptcha_response\" value=\"\" \/>\n<\/div>\n<p><span class=\"wpcf7-form-control-wrap\" data-name=\"your-name\"><input size=\"40\" maxlength=\"400\" class=\"wpcf7-form-control wpcf7-text wpcf7-validates-as-required\" aria-required=\"true\" aria-invalid=\"false\" placeholder=\"Uw naam...\" value=\"\" type=\"text\" name=\"your-name\" \/><\/span><span class=\"wpcf7-form-control-wrap\" data-name=\"prenom\"><input size=\"40\" maxlength=\"400\" class=\"wpcf7-form-control wpcf7-text wpcf7-validates-as-required\" aria-required=\"true\" aria-invalid=\"false\" placeholder=\"Uw voornaam...\" value=\"\" type=\"text\" name=\"prenom\" \/><\/span><span class=\"wpcf7-form-control-wrap\" data-name=\"ville\"><input size=\"40\" maxlength=\"400\" class=\"wpcf7-form-control wpcf7-text wpcf7-validates-as-required\" aria-required=\"true\" aria-invalid=\"false\" placeholder=\"Uw woonplaats...\" value=\"\" type=\"text\" name=\"ville\" \/><\/span><span class=\"wpcf7-form-control-wrap\" data-name=\"your-email\"><input size=\"40\" maxlength=\"400\" class=\"wpcf7-form-control wpcf7-email wpcf7-validates-as-required wpcf7-text wpcf7-validates-as-email\" aria-required=\"true\" aria-invalid=\"false\" placeholder=\"Uw e-mail...\" value=\"\" type=\"email\" name=\"your-email\" \/><\/span><span class=\"wpcf7-form-control-wrap\" data-name=\"telephone\"><input size=\"40\" maxlength=\"400\" class=\"wpcf7-form-control wpcf7-text wpcf7-validates-as-required\" aria-required=\"true\" aria-invalid=\"false\" placeholder=\"Uw telefoonnummer...\" value=\"\" type=\"text\" name=\"telephone\" \/><\/span><span class=\"wpcf7-form-control-wrap\" data-name=\"your-subject\"><input size=\"40\" maxlength=\"400\" class=\"wpcf7-form-control wpcf7-text\" aria-invalid=\"false\" placeholder=\"Onderwerp...\" value=\"\" type=\"text\" name=\"your-subject\" \/><\/span><span class=\"wpcf7-form-control-wrap\" data-name=\"your-message\"><textarea cols=\"40\" rows=\"10\" maxlength=\"2000\" class=\"wpcf7-form-control wpcf7-textarea\" aria-invalid=\"false\" placeholder=\"Uw bericht ...\" name=\"your-message\"><\/textarea><\/span><span class=\"wpcf7-form-control-wrap\" data-name=\"acceptance-553\"><span class=\"wpcf7-form-control wpcf7-acceptance\"><span class=\"wpcf7-list-item\"><label><input type=\"checkbox\" name=\"acceptance-553\" value=\"1\" aria-invalid=\"false\" \/><span class=\"wpcf7-list-item-label\">Door dit vakje aan te vinken, ga ik akkoord met het<a href=\"\/nl\/privacybeleid\/\" rel=\"nofollow\" target=\"_blank\">Privacybeleid<\/a> van deze site.<\/span><\/label><\/span><\/span><\/span><input class=\"wpcf7-form-control wpcf7-submit has-spinner\" type=\"submit\" value=\"Versturen\" \/>\n<\/p><div class=\"wpcf7-response-output\" aria-hidden=\"true\"><\/div>\n<\/form>\n<\/div>\n<\/div><\/div><\/div><\/div><\/section>\n\n<section id=\"section-6221e04c32e01\"\" class=\"section bg-color3\" \/><div class=\"container full\"><div class=\"colonnes-wrap valign-middle \"><div class=\"element colonne \"><div class=\"carte\" data-src=\"https:\/\/www.google.com\/maps\/embed?pb=!1m14!1m8!1m3!1d11352.13030299058!2d4.8910704!3d44.6576861!3m2!1i1024!2i768!4f13.1!3m3!1m2!1s0x0%3A0xe26b629c76bc1aa6!2sCamping%20Dr%C3%B4me%20les%20Bastets%204%20%C3%A9toiles!5e0!3m2!1sfr!2sfr!4v1646918315113!5m2!1sfr!2sfr\"><\/div><\/div><div class=\"element colonne p-r-8\"><h2 class=\"element section-title left\">Routebeschrijving<\/h2><div class=\"element bloc-text left \">\n\t<p>Het is heel eenvoudig om ons te bereiken op Camping Les Bastets in de Dr\u00f4me. Wij liggen op slechts 23 minuten rijden van Mont\u00e9limar, waar u ook het dichtstbijzijnde treinstation vindt.<\/p>\n<p>Als u er eenmaal bent, laat u dan meevoeren naar het hart van de natuur, naar een omgeving van groen en rust, ver van uw dagelijkse routine. Een ware ode aan welzijn en ontspanning wacht ter plaatse op u.<\/p>\n<\/div><\/div><\/div><\/div><\/section>","protected":false},"excerpt":{"rendered":"","protected":false},"author":1,"featured_media":9928,"parent":0,"menu_order":0,"comment_status":"closed","ping_status":"closed","template":"","meta":{"_acf_changed":false,"footnotes":""},"class_list":["post-10635","page","type-page","status-publish","has-post-thumbnail","hentry"],"acf":[],"yoast_head":"<!-- This site is optimized with the Yoast SEO plugin v25.3 - https:\/\/yoast.com\/wordpress\/plugins\/seo\/ -->\n<title>Contact en toegang | Camping les Bastets Dr\u00f4me Mont\u00e9limar<\/title>\n<meta name=\"description\" content=\"Hoe kan ik contact opnemen met de camping? Hoe te boeken? Hoe is de camping in de Dr\u00f4me te bereiken?\" \/>\n<meta name=\"robots\" content=\"index, follow, max-snippet:-1, max-image-preview:large, max-video-preview:-1\" \/>\n<link rel=\"canonical\" href=\"https:\/\/www.campinglesbastets.com\/nl\/contact\/\" \/>\n<meta property=\"og:locale\" content=\"nl_NL\" \/>\n<meta property=\"og:type\" content=\"article\" \/>\n<meta property=\"og:title\" content=\"Contact en toegang | Camping les Bastets Dr\u00f4me Mont\u00e9limar\" \/>\n<meta property=\"og:description\" content=\"Hoe kan ik contact opnemen met de camping? Hoe te boeken? Hoe is de camping in de Dr\u00f4me te bereiken?\" \/>\n<meta property=\"og:url\" content=\"https:\/\/www.campinglesbastets.com\/nl\/contact\/\" \/>\n<meta property=\"og:site_name\" content=\"Camping Les Bastets\" \/>\n<meta property=\"article:modified_time\" content=\"2022-06-09T12:33:44+00:00\" \/>\n<meta property=\"og:image\" content=\"https:\/\/www.campinglesbastets.com\/wp-content\/uploads\/2022\/04\/camping-contact-marsanne-1-1.jpg\" \/>\n\t<meta property=\"og:image:width\" content=\"1970\" \/>\n\t<meta property=\"og:image:height\" content=\"1124\" \/>\n\t<meta property=\"og:image:type\" content=\"image\/jpeg\" \/>\n<meta name=\"twitter:card\" content=\"summary_large_image\" \/>\n<script type=\"application\/ld+json\" class=\"yoast-schema-graph\">{\"@context\":\"https:\/\/schema.org\",\"@graph\":[{\"@type\":\"WebPage\",\"@id\":\"https:\/\/www.campinglesbastets.com\/nl\/contact\/\",\"url\":\"https:\/\/www.campinglesbastets.com\/nl\/contact\/\",\"name\":\"Contact en toegang | Camping les Bastets Dr\u00f4me Mont\u00e9limar\",\"isPartOf\":{\"@id\":\"https:\/\/www.campinglesbastets.com\/nl\/#website\"},\"primaryImageOfPage\":{\"@id\":\"https:\/\/www.campinglesbastets.com\/nl\/contact\/#primaryimage\"},\"image\":{\"@id\":\"https:\/\/www.campinglesbastets.com\/nl\/contact\/#primaryimage\"},\"thumbnailUrl\":\"https:\/\/www.campinglesbastets.com\/wp-content\/uploads\/2022\/04\/camping-contact-marsanne-1-1.jpg\",\"datePublished\":\"2021-12-21T13:09:49+00:00\",\"dateModified\":\"2022-06-09T12:33:44+00:00\",\"description\":\"Hoe kan ik contact opnemen met de camping? Hoe te boeken? Hoe is de camping in de Dr\u00f4me te bereiken?\",\"breadcrumb\":{\"@id\":\"https:\/\/www.campinglesbastets.com\/nl\/contact\/#breadcrumb\"},\"inLanguage\":\"nl-NL\",\"potentialAction\":[{\"@type\":\"ReadAction\",\"target\":[\"https:\/\/www.campinglesbastets.com\/nl\/contact\/\"]}]},{\"@type\":\"ImageObject\",\"inLanguage\":\"nl-NL\",\"@id\":\"https:\/\/www.campinglesbastets.com\/nl\/contact\/#primaryimage\",\"url\":\"https:\/\/www.campinglesbastets.com\/wp-content\/uploads\/2022\/04\/camping-contact-marsanne-1-1.jpg\",\"contentUrl\":\"https:\/\/www.campinglesbastets.com\/wp-content\/uploads\/2022\/04\/camping-contact-marsanne-1-1.jpg\",\"width\":1970,\"height\":1124,\"caption\":\"acces camping bastets\"},{\"@type\":\"BreadcrumbList\",\"@id\":\"https:\/\/www.campinglesbastets.com\/nl\/contact\/#breadcrumb\",\"itemListElement\":[{\"@type\":\"ListItem\",\"position\":1,\"name\":\"Camping Dr\u00f4me\",\"item\":\"https:\/\/www.campinglesbastets.com\/nl\/\"},{\"@type\":\"ListItem\",\"position\":2,\"name\":\"Contact\"}]},{\"@type\":\"WebSite\",\"@id\":\"https:\/\/www.campinglesbastets.com\/nl\/#website\",\"url\":\"https:\/\/www.campinglesbastets.com\/nl\/\",\"name\":\"Camping Les Bastets\",\"description\":\"\",\"publisher\":{\"@id\":\"https:\/\/www.campinglesbastets.com\/nl\/#organization\"},\"potentialAction\":[{\"@type\":\"SearchAction\",\"target\":{\"@type\":\"EntryPoint\",\"urlTemplate\":\"https:\/\/www.campinglesbastets.com\/nl\/?s={search_term_string}\"},\"query-input\":{\"@type\":\"PropertyValueSpecification\",\"valueRequired\":true,\"valueName\":\"search_term_string\"}}],\"inLanguage\":\"nl-NL\"},{\"@type\":\"Organization\",\"@id\":\"https:\/\/www.campinglesbastets.com\/nl\/#organization\",\"name\":\"Camping Les Bastets\",\"url\":\"https:\/\/www.campinglesbastets.com\/nl\/\",\"logo\":{\"@type\":\"ImageObject\",\"inLanguage\":\"nl-NL\",\"@id\":\"https:\/\/www.campinglesbastets.com\/nl\/#\/schema\/logo\/image\/\",\"url\":\"https:\/\/www.campinglesbastets.com\/wp-content\/uploads\/2022\/02\/favicon-1.png\",\"contentUrl\":\"https:\/\/www.campinglesbastets.com\/wp-content\/uploads\/2022\/02\/favicon-1.png\",\"width\":1423,\"height\":1423,\"caption\":\"Camping Les Bastets\"},\"image\":{\"@id\":\"https:\/\/www.campinglesbastets.com\/nl\/#\/schema\/logo\/image\/\"}}]}<\/script>\n<!-- \/ Yoast SEO plugin. -->","yoast_head_json":{"title":"Contact en toegang | Camping les Bastets Dr\u00f4me Mont\u00e9limar","description":"Hoe kan ik contact opnemen met de camping? Hoe te boeken? Hoe is de camping in de Dr\u00f4me te bereiken?","robots":{"index":"index","follow":"follow","max-snippet":"max-snippet:-1","max-image-preview":"max-image-preview:large","max-video-preview":"max-video-preview:-1"},"canonical":"https:\/\/www.campinglesbastets.com\/nl\/contact\/","og_locale":"nl_NL","og_type":"article","og_title":"Contact en toegang | Camping les Bastets Dr\u00f4me Mont\u00e9limar","og_description":"Hoe kan ik contact opnemen met de camping? Hoe te boeken? Hoe is de camping in de Dr\u00f4me te bereiken?","og_url":"https:\/\/www.campinglesbastets.com\/nl\/contact\/","og_site_name":"Camping Les Bastets","article_modified_time":"2022-06-09T12:33:44+00:00","og_image":[{"width":1970,"height":1124,"url":"https:\/\/www.campinglesbastets.com\/wp-content\/uploads\/2022\/04\/camping-contact-marsanne-1-1.jpg","type":"image\/jpeg"}],"twitter_card":"summary_large_image","schema":{"@context":"https:\/\/schema.org","@graph":[{"@type":"WebPage","@id":"https:\/\/www.campinglesbastets.com\/nl\/contact\/","url":"https:\/\/www.campinglesbastets.com\/nl\/contact\/","name":"Contact en toegang | Camping les Bastets Dr\u00f4me Mont\u00e9limar","isPartOf":{"@id":"https:\/\/www.campinglesbastets.com\/nl\/#website"},"primaryImageOfPage":{"@id":"https:\/\/www.campinglesbastets.com\/nl\/contact\/#primaryimage"},"image":{"@id":"https:\/\/www.campinglesbastets.com\/nl\/contact\/#primaryimage"},"thumbnailUrl":"https:\/\/www.campinglesbastets.com\/wp-content\/uploads\/2022\/04\/camping-contact-marsanne-1-1.jpg","datePublished":"2021-12-21T13:09:49+00:00","dateModified":"2022-06-09T12:33:44+00:00","description":"Hoe kan ik contact opnemen met de camping? Hoe te boeken? Hoe is de camping in de Dr\u00f4me te bereiken?","breadcrumb":{"@id":"https:\/\/www.campinglesbastets.com\/nl\/contact\/#breadcrumb"},"inLanguage":"nl-NL","potentialAction":[{"@type":"ReadAction","target":["https:\/\/www.campinglesbastets.com\/nl\/contact\/"]}]},{"@type":"ImageObject","inLanguage":"nl-NL","@id":"https:\/\/www.campinglesbastets.com\/nl\/contact\/#primaryimage","url":"https:\/\/www.campinglesbastets.com\/wp-content\/uploads\/2022\/04\/camping-contact-marsanne-1-1.jpg","contentUrl":"https:\/\/www.campinglesbastets.com\/wp-content\/uploads\/2022\/04\/camping-contact-marsanne-1-1.jpg","width":1970,"height":1124,"caption":"acces camping bastets"},{"@type":"BreadcrumbList","@id":"https:\/\/www.campinglesbastets.com\/nl\/contact\/#breadcrumb","itemListElement":[{"@type":"ListItem","position":1,"name":"Camping Dr\u00f4me","item":"https:\/\/www.campinglesbastets.com\/nl\/"},{"@type":"ListItem","position":2,"name":"Contact"}]},{"@type":"WebSite","@id":"https:\/\/www.campinglesbastets.com\/nl\/#website","url":"https:\/\/www.campinglesbastets.com\/nl\/","name":"Camping Les Bastets","description":"","publisher":{"@id":"https:\/\/www.campinglesbastets.com\/nl\/#organization"},"potentialAction":[{"@type":"SearchAction","target":{"@type":"EntryPoint","urlTemplate":"https:\/\/www.campinglesbastets.com\/nl\/?s={search_term_string}"},"query-input":{"@type":"PropertyValueSpecification","valueRequired":true,"valueName":"search_term_string"}}],"inLanguage":"nl-NL"},{"@type":"Organization","@id":"https:\/\/www.campinglesbastets.com\/nl\/#organization","name":"Camping Les Bastets","url":"https:\/\/www.campinglesbastets.com\/nl\/","logo":{"@type":"ImageObject","inLanguage":"nl-NL","@id":"https:\/\/www.campinglesbastets.com\/nl\/#\/schema\/logo\/image\/","url":"https:\/\/www.campinglesbastets.com\/wp-content\/uploads\/2022\/02\/favicon-1.png","contentUrl":"https:\/\/www.campinglesbastets.com\/wp-content\/uploads\/2022\/02\/favicon-1.png","width":1423,"height":1423,"caption":"Camping Les Bastets"},"image":{"@id":"https:\/\/www.campinglesbastets.com\/nl\/#\/schema\/logo\/image\/"}}]}},"_links":{"self":[{"href":"https:\/\/www.campinglesbastets.com\/nl\/wp-json\/wp\/v2\/pages\/10635","targetHints":{"allow":["GET"]}}],"collection":[{"href":"https:\/\/www.campinglesbastets.com\/nl\/wp-json\/wp\/v2\/pages"}],"about":[{"href":"https:\/\/www.campinglesbastets.com\/nl\/wp-json\/wp\/v2\/types\/page"}],"author":[{"embeddable":true,"href":"https:\/\/www.campinglesbastets.com\/nl\/wp-json\/wp\/v2\/users\/1"}],"replies":[{"embeddable":true,"href":"https:\/\/www.campinglesbastets.com\/nl\/wp-json\/wp\/v2\/comments?post=10635"}],"version-history":[{"count":5,"href":"https:\/\/www.campinglesbastets.com\/nl\/wp-json\/wp\/v2\/pages\/10635\/revisions"}],"predecessor-version":[{"id":11236,"href":"https:\/\/www.campinglesbastets.com\/nl\/wp-json\/wp\/v2\/pages\/10635\/revisions\/11236"}],"wp:featuredmedia":[{"embeddable":true,"href":"https:\/\/www.campinglesbastets.com\/nl\/wp-json\/wp\/v2\/media\/9928"}],"wp:attachment":[{"href":"https:\/\/www.campinglesbastets.com\/nl\/wp-json\/wp\/v2\/media?parent=10635"}],"curies":[{"name":"wp","href":"https:\/\/api.w.org\/{rel}","templated":true}]}}