{"id":10628,"date":"2022-03-11T09:04:25","date_gmt":"2022-03-11T08:04:25","guid":{"rendered":"https:\/\/www.campinglesbastets.com\/camping-activiteiten-drome\/camping-calme-drome\/"},"modified":"2024-12-06T09:57:32","modified_gmt":"2024-12-06T08:57:32","slug":"camping-rustig-drome","status":"publish","type":"page","link":"https:\/\/www.campinglesbastets.com\/nl\/camping-activiteiten-drome\/camping-rustig-drome\/","title":{"rendered":"Se ressourcer au naturel"},"content":{"rendered":"<section id=\"section-activites-titre\"\" class=\"section bg-white p-b-0\" \/><div class=\"container extralarge\"><h1 class=\"element section-title center\">Natuurlijk verjongen<\/h1><\/div><\/section>\n\n<section id=\"section-622b6ede374ae\"\" class=\"section home-first bg-white\" \/><div class=\"container extralarge\"><h2 class=\"element section-title center\">Wist u dat? Baden in de natuur is het echte geheim van natuurlijke gezondheid.<\/h2><div class=\"colonnes-wrap valign-middle \"><div class=\"element colonne w-60 m-t-5\"><div class=\"element images\"><div class=\"image\"><img decoding=\"async\" src=\"https:\/\/www.campinglesbastets.com\/wp-content\/uploads\/2022\/03\/oiseau-nature-1.jpg\" data-src=\"https:\/\/www.campinglesbastets.com\/wp-content\/uploads\/2022\/03\/oiseau-nature-1.jpg\" alt=\"oiseau nature\" class=\"images_image\" \/><\/div><\/div><\/div><div class=\"element colonne w-40\"><div class=\"element bloc-text left \">\n\t<p>Wat als u gebruik zou maken van de voordelen van de natuur en u er opnieuw mee zou verbinden tijdens uw verblijf op onze <a href=\"https:\/\/www.campinglesbastets.com\/nl\/\">camping in de Dr\u00f4me in Frankrijk<\/a>? Een <strong>totale en contemplatieve onderdompeling<\/strong> in de natuur om er opnieuw mee in contact te komen en te genieten van de weldaden ervan door uw zintuigen te prikkelen met geluiden, gevoelens en geuren.<\/p>\n<p>Door <strong>gewoon opnieuw in contact te komen met de rust van de natuur<\/strong> en deze op te snuiven, kunnen lichaam en geest zich diepgaand verjongen.<\/p>\n<\/div><\/div><\/div><\/div><\/section>\n\n<section id=\"section-622b6ede37610\"\" class=\"section text-image-right  bg-color3\" \/><div class=\"container extralarge\"><div class=\"colonnes-wrap valign-top \"><div class=\"element colonne \"><h3 class=\"element section-title center\">De natuur is goed voor u<\/h3><div class=\"element bloc-text left \">\n\t<p>U hoeft niets te doen, alleen te ademen, <strong>uw zintuigen te prikkelen<\/strong>, te luisteren naar het gezang van de vogels en de cicaden, de geuren en de parfums te ruiken. Het belangrijkste is dat u de <strong>tijd neemt<\/strong> en u opnieuw verbindt met de natuur, zoals u dat wilt, en op uw eigen tempo&#8230;<\/p>\n<\/div><\/div><div class=\"element colonne \"><h3 class=\"element section-title center\">Heerlijk wandelen<\/h3><div class=\"element bloc-text left \">\n\t<p>Wandel een uur lang heel langzaam, of zelfs maar een paar minuten, en <strong>laat u leiden, laat de natuur in u binnenkomen<\/strong>. U kunt een boomstam aanraken, een bloem strelen of zelfs in het gras gaan liggen&#8230; u bent in een tuin waar u heerlijk kunt wandelen.<\/p>\n<\/div><\/div><div class=\"element colonne \"><h3 class=\"element section-title center\">Het landschap<\/h3><div class=\"element bloc-text left \">\n\t<p>Daar voor je ogen bij de Bastets, is er<strong> natuur zo ver het oog<\/strong> reikt en zijn er bergen in de verte. Dit <strong>betoverende en rustgevende landschap<\/strong> is er om te ontsnappen, om de tijd te vertragen, om los te laten&#8230; erg <strong>goed voor je gezondheid<\/strong>.<\/p>\n<p>Een vroege ochtendwandeling langs de lavendelvelden in bloei voor de camping, om de dag goed te beginnen!<\/p>\n<\/div><\/div><\/div><\/div><\/section>\n\n<section id=\"section-623c420594be3\"\" class=\"section page-gallery bg-color4\" \/><div class=\"container full\"><div class=\"accordeon\"><div class=\"slide \"><div class=\"slide_image\"><img decoding=\"async\" src=\"https:\/\/www.campinglesbastets.com\/wp-content\/uploads\/2022\/03\/se-ressourcer-67x100.jpg\" data-src=\"https:\/\/www.campinglesbastets.com\/wp-content\/uploads\/2022\/03\/se-ressourcer.jpg\" alt=\"se ressourcer\" class=\"\" \/><\/div><\/div><div class=\"slide \"><div class=\"slide_image\"><img decoding=\"async\" src=\"https:\/\/www.campinglesbastets.com\/wp-content\/uploads\/2022\/03\/randonnees-drome-provencale-67x100.jpg\" data-src=\"https:\/\/www.campinglesbastets.com\/wp-content\/uploads\/2022\/03\/randonnees-drome-provencale.jpg\" alt=\"randonnees drome provencale\" class=\"\" \/><\/div><\/div><div class=\"slide \"><div class=\"slide_image\"><img decoding=\"async\" src=\"https:\/\/www.campinglesbastets.com\/wp-content\/uploads\/2022\/04\/lavande-100x67.jpg\" data-src=\"https:\/\/www.campinglesbastets.com\/wp-content\/uploads\/2022\/04\/lavande.jpg\" alt=\"lavande\" class=\"\" \/><\/div><\/div><div class=\"slide \"><div class=\"slide_image\"><img decoding=\"async\" src=\"https:\/\/www.campinglesbastets.com\/wp-content\/uploads\/2022\/03\/balade-drome-provencale-67x100.jpg\" data-src=\"https:\/\/www.campinglesbastets.com\/wp-content\/uploads\/2022\/03\/balade-drome-provencale.jpg\" alt=\"balade drome provencale\" class=\"\" \/><\/div><\/div><div class=\"slide \"><div class=\"slide_image\"><img decoding=\"async\" src=\"https:\/\/www.campinglesbastets.com\/wp-content\/uploads\/2022\/03\/vacances-reposantes-100x67.jpg\" data-src=\"https:\/\/www.campinglesbastets.com\/wp-content\/uploads\/2022\/03\/vacances-reposantes.jpg\" alt=\"vacances reposantes\" class=\"\" \/><\/div><\/div><div class=\"slide \"><div class=\"slide_image\"><img decoding=\"async\" src=\"https:\/\/www.campinglesbastets.com\/wp-content\/uploads\/2022\/03\/chat-100x67.jpg\" data-src=\"https:\/\/www.campinglesbastets.com\/wp-content\/uploads\/2022\/03\/chat.jpg\" alt=\"chat\" class=\"\" \/><\/div><\/div><div class=\"slide \"><div class=\"slide_image\"><img decoding=\"async\" src=\"https:\/\/www.campinglesbastets.com\/wp-content\/uploads\/2022\/03\/camping-calme-drome-100x67.jpg\" data-src=\"https:\/\/www.campinglesbastets.com\/wp-content\/uploads\/2022\/03\/camping-calme-drome.jpg\" alt=\"camping calme drome\" class=\"\" \/><\/div><\/div><div class=\"slide \"><div class=\"slide_image\"><img decoding=\"async\" src=\"https:\/\/www.campinglesbastets.com\/wp-content\/uploads\/2022\/03\/piscine-camping-100x67.jpg\" data-src=\"https:\/\/www.campinglesbastets.com\/wp-content\/uploads\/2022\/03\/piscine-camping.jpg\" alt=\"piscine camping\" class=\"\" \/><\/div><\/div><div class=\"slide \"><div class=\"slide_image\"><img decoding=\"async\" src=\"https:\/\/www.campinglesbastets.com\/wp-content\/uploads\/2022\/03\/meditation-drome-100x67.jpg\" data-src=\"https:\/\/www.campinglesbastets.com\/wp-content\/uploads\/2022\/03\/meditation-drome.jpg\" alt=\"meditation drome\" class=\"\" \/><\/div><\/div><div class=\"slide \"><div class=\"slide_image\"><img decoding=\"async\" src=\"https:\/\/www.campinglesbastets.com\/wp-content\/uploads\/2022\/03\/terrasse-camping-100x67.jpg\" data-src=\"https:\/\/www.campinglesbastets.com\/wp-content\/uploads\/2022\/03\/terrasse-camping.jpg\" alt=\"terrasse camping\" class=\"\" \/><\/div><\/div><div class=\"slide \"><div class=\"slide_image\"><img decoding=\"async\" src=\"https:\/\/www.campinglesbastets.com\/wp-content\/uploads\/2022\/03\/lavande-drome-67x100.jpg\" data-src=\"https:\/\/www.campinglesbastets.com\/wp-content\/uploads\/2022\/03\/lavande-drome.jpg\" alt=\"lavande drome\" class=\"\" \/><\/div><\/div><div class=\"slide \"><div class=\"slide_image\"><img decoding=\"async\" src=\"https:\/\/www.campinglesbastets.com\/wp-content\/uploads\/2022\/03\/drome-provencale-1-67x100.jpg\" data-src=\"https:\/\/www.campinglesbastets.com\/wp-content\/uploads\/2022\/03\/drome-provencale-1.jpg\" alt=\"drome provencale\" class=\"\" \/><\/div><\/div><div class=\"slide \"><div class=\"slide_image\"><img decoding=\"async\" src=\"https:\/\/www.campinglesbastets.com\/wp-content\/uploads\/2022\/03\/camping-silencieux-drome-100x67.jpg\" data-src=\"https:\/\/www.campinglesbastets.com\/wp-content\/uploads\/2022\/03\/camping-silencieux-drome.jpg\" alt=\"camping silencieux drome\" class=\"\" \/><\/div><\/div><div class=\"slide \"><div class=\"slide_image\"><img decoding=\"async\" src=\"https:\/\/www.campinglesbastets.com\/wp-content\/uploads\/2022\/03\/aire-camping-car-valme-67x100.jpg\" data-src=\"https:\/\/www.campinglesbastets.com\/wp-content\/uploads\/2022\/03\/aire-camping-car-valme.jpg\" alt=\"aire camping car valme\" class=\"\" \/><\/div><\/div><div class=\"slide \"><div class=\"slide_image\"><img decoding=\"async\" src=\"https:\/\/www.campinglesbastets.com\/wp-content\/uploads\/2022\/03\/emplacements-calme-100x67.jpg\" data-src=\"https:\/\/www.campinglesbastets.com\/wp-content\/uploads\/2022\/03\/emplacements-calme.jpg\" alt=\"emplacements calme\" class=\"\" \/><\/div><\/div><\/div><\/div><\/section>\n\n<section id=\"section-622b74c205b2b\"\" class=\"section text-image-right  bg-color3\" \/><div class=\"container extralarge\"><h2 class=\"element section-title center\">Voor sportbeoefenaars staat de buitensport in dienst van uw welzijn.<\/h2><div class=\"colonnes-wrap valign-top \"><div class=\"element colonne w-40\"><div class=\"element bloc-text left \">\n\t<p>Naast de<strong> voordelen voor het lichaam<\/strong> hebben buitensporten ook een <strong>gunstig effect<\/strong> op&#8230; de geest. Zich overgeven aan lichaamsbeweging in de buitenlucht maakt u gelukkiger en dit is een van de <a href=\"https:\/\/www.campinglesbastets.com\/nl\/camping-activiteiten-drome\/\">activiteiten<\/a> aanbiedt op de Bastets. Ja, u zult het begrepen hebben: de natuur is het enige dat echt is!<br \/>\nOm te ontsnappen en om mentaal te ontsnappen, om uw geest leeg te maken! De natuur wacht aan de poorten van de camping op u.<\/p>\n<ul>\n<li>Stap op de fiets voor prachtige tochten in een natuurlijke omgeving en verwonder u over de <strong>schoonheid die de natuur u elke dag biedt<\/strong>.<\/li>\n<li>Pak uw rugzak voor een aantal <strong>mooie wandelingen<\/strong> rond de camping, het ontdekken van nieuwe en andere landschappen zal uw geest vullen met <strong>positieve vibes<\/strong>.<\/li>\n<li>En alle <strong>activiteiten wachten op u in de buurt van de camping<\/strong>: kanovaren, canyoning, via ferrata, paragliding, paardrijden, tennis, boomklimmen&#8230;<\/li>\n<\/ul>\n<p>Hier is de rustige natuur als een onbewuste meditatie, om nieuwe energie op te doen en <strong>zich met positieve energie te vullen<\/strong>.<\/p>\n<\/div><\/div><div class=\"element colonne w-60\"><div class=\"carousel\"><div class=\"slide \"><div class=\"slide_image\"><img decoding=\"async\" src=\"https:\/\/www.campinglesbastets.com\/wp-content\/uploads\/2022\/03\/canoe-drome-100x67.jpg\" data-src=\"https:\/\/www.campinglesbastets.com\/wp-content\/uploads\/2022\/03\/canoe-drome.jpg\" alt=\"canoe drome\" class=\"\" \/><\/div><\/div><div class=\"slide \"><div class=\"slide_image\"><img decoding=\"async\" src=\"https:\/\/www.campinglesbastets.com\/wp-content\/uploads\/2022\/03\/promenade-drome-provencale-100x67.jpg\" data-src=\"https:\/\/www.campinglesbastets.com\/wp-content\/uploads\/2022\/03\/promenade-drome-provencale.jpg\" alt=\"promenade-drome-provencale\" class=\"\" \/><\/div><\/div><div class=\"slide \"><div class=\"slide_image\"><img decoding=\"async\" src=\"https:\/\/www.campinglesbastets.com\/wp-content\/uploads\/2022\/03\/escalade-drome-100x67.jpg\" data-src=\"https:\/\/www.campinglesbastets.com\/wp-content\/uploads\/2022\/03\/escalade-drome.jpg\" alt=\"escalade drome\" class=\"\" \/><\/div><\/div><div class=\"slide \"><div class=\"slide_image\"><img decoding=\"async\" src=\"https:\/\/www.campinglesbastets.com\/wp-content\/uploads\/2022\/03\/randonnees-drome-100x67.jpg\" data-src=\"https:\/\/www.campinglesbastets.com\/wp-content\/uploads\/2022\/03\/randonnees-drome.jpg\" alt=\"randonnees drome\" class=\"\" \/><\/div><\/div><div class=\"slide \"><div class=\"slide_image\"><img decoding=\"async\" src=\"https:\/\/www.campinglesbastets.com\/wp-content\/uploads\/2022\/03\/balade-cheval-drome-100x67.jpg\" data-src=\"https:\/\/www.campinglesbastets.com\/wp-content\/uploads\/2022\/03\/balade-cheval-drome.jpg\" alt=\"balade cheval drome\" class=\"\" \/><\/div><\/div><div class=\"slide \"><div class=\"slide_image\"><img decoding=\"async\" src=\"https:\/\/www.campinglesbastets.com\/wp-content\/uploads\/2022\/03\/vtt-drome-100x67.jpg\" data-src=\"https:\/\/www.campinglesbastets.com\/wp-content\/uploads\/2022\/03\/vtt-drome.jpg\" alt=\"vtt drome\" class=\"\" \/><\/div><\/div><div class=\"slide \"><div class=\"slide_image\"><img decoding=\"async\" src=\"https:\/\/www.campinglesbastets.com\/wp-content\/uploads\/2022\/03\/balade-velo-drome-100x67.jpg\" data-src=\"https:\/\/www.campinglesbastets.com\/wp-content\/uploads\/2022\/03\/balade-velo-drome.jpg\" alt=\"balade velo drome\" class=\"\" \/><\/div><\/div><div class=\"slide \"><div class=\"slide_image\"><img decoding=\"async\" src=\"https:\/\/www.campinglesbastets.com\/wp-content\/uploads\/2022\/03\/parapente-drome-100x67.jpg\" data-src=\"https:\/\/www.campinglesbastets.com\/wp-content\/uploads\/2022\/03\/parapente-drome.jpg\" alt=\"parapente drome\" class=\"\" \/><\/div><\/div><\/div><\/div><\/div><\/div><\/section>\n\n<section id=\"section-622b6ede3785d\"\" class=\"section page-cta bg-white\" \/><div class=\"container extralarge\"><div class=\"element section-title center h2-like\">Geniet van onze activiteiten en ons zwemparadijs<\/div><ul class=\"liste-de-page\"><li class=\"element call-to-action carre call-to-action--style-1 call-to-action--big\"><a href=\"https:\/\/www.campinglesbastets.com\/nl\/camping-activiteiten-drome\/camping-familie-drome\/\"  class=\"call-to-action_link\" title=\"En savoir plus sur gelukkige kinderen, gelukkige ouders\"><div class=\"call-to-action_image\"><img decoding=\"async\" src=\"https:\/\/www.campinglesbastets.com\/wp-content\/uploads\/2022\/03\/camping-activites-drome-2.jpg\" data-src=\"https:\/\/www.campinglesbastets.com\/wp-content\/uploads\/2022\/03\/camping-activites-drome-2.jpg\" alt=\"camping activites drome\" class=\"big\" \/><\/div><div class=\"call-to-action_contenu\"><div class=\"call-to-action_titre\">Gelukkige kinderen, gelukkige ouders<\/div><\/div><\/a><\/li><li class=\"element call-to-action carre call-to-action--style-1 call-to-action--big call-to-action--style-1 call-to-action--big\"><a href=\"https:\/\/www.campinglesbastets.com\/nl\/camping-activiteiten-drome\/camping-natuur-drome\/\"  class=\"call-to-action_link\" title=\"En savoir plus sur de natuur brengt ons samen\"><div class=\"call-to-action_image\"><img decoding=\"async\" src=\"https:\/\/www.campinglesbastets.com\/wp-content\/uploads\/2022\/03\/camping-nature-drome.jpg\" data-src=\"https:\/\/www.campinglesbastets.com\/wp-content\/uploads\/2022\/03\/camping-nature-drome.jpg\" alt=\"camping nature drome\" class=\"big\" \/><\/div><div class=\"call-to-action_contenu\"><div class=\"call-to-action_titre\">De natuur brengt ons samen<\/div><\/div><\/a><\/li><li class=\"element call-to-action carre call-to-action--style-1 call-to-action--big call-to-action--style-1 call-to-action--big call-to-action--style-1 call-to-action--big\"><a href=\"https:\/\/www.campinglesbastets.com\/nl\/zwembad-drome\/\"  class=\"call-to-action_link\" title=\"En savoir plus sur zwemparadijs\"><div class=\"call-to-action_image\"><img decoding=\"async\" src=\"https:\/\/www.campinglesbastets.com\/wp-content\/uploads\/2022\/03\/camping-piscine-drome-1.jpg\" data-src=\"https:\/\/www.campinglesbastets.com\/wp-content\/uploads\/2022\/03\/camping-piscine-drome-1.jpg\" alt=\"camping piscine drome\" class=\"big\" \/><\/div><div class=\"call-to-action_contenu\"><div class=\"call-to-action_titre\">Zwemparadijs<\/div><\/div><\/a><\/li><\/ul><\/div><\/section>","protected":false},"excerpt":{"rendered":"","protected":false},"author":1,"featured_media":7780,"parent":10616,"menu_order":1,"comment_status":"closed","ping_status":"closed","template":"","meta":{"_acf_changed":false,"footnotes":""},"class_list":["post-10628","page","type-page","status-publish","has-post-thumbnail","hentry"],"acf":[],"yoast_head":"<!-- This site is optimized with the Yoast SEO plugin v25.3 - https:\/\/yoast.com\/wordpress\/plugins\/seo\/ -->\n<title>Wandelingen &amp; tochten in de Dr\u00f4me Proven\u00e7ale | Fietsroutes Dr\u00f4me<\/title>\n<meta name=\"description\" content=\"Verken de mooiste wandel- en fietsroutes in de Dr\u00f4me Proven\u00e7ale. Ontdek gevarieerde landschappen en routes voor elk niveau\" \/>\n<meta name=\"robots\" content=\"index, follow, max-snippet:-1, max-image-preview:large, max-video-preview:-1\" \/>\n<link rel=\"canonical\" href=\"https:\/\/www.campinglesbastets.com\/nl\/camping-activiteiten-drome\/camping-rustig-drome\/\" \/>\n<meta property=\"og:locale\" content=\"nl_NL\" \/>\n<meta property=\"og:type\" content=\"article\" \/>\n<meta property=\"og:title\" content=\"Wandelingen &amp; tochten in de Dr\u00f4me Proven\u00e7ale | Fietsroutes Dr\u00f4me\" \/>\n<meta property=\"og:description\" content=\"Verken de mooiste wandel- en fietsroutes in de Dr\u00f4me Proven\u00e7ale. Ontdek gevarieerde landschappen en routes voor elk niveau\" \/>\n<meta property=\"og:url\" content=\"https:\/\/www.campinglesbastets.com\/nl\/camping-activiteiten-drome\/camping-rustig-drome\/\" \/>\n<meta property=\"og:site_name\" content=\"Camping Les Bastets\" \/>\n<meta property=\"article:modified_time\" content=\"2024-12-06T08:57:32+00:00\" \/>\n<meta property=\"og:image\" content=\"https:\/\/www.campinglesbastets.com\/wp-content\/uploads\/2022\/03\/se-ressourcer-grace-a-la-nature.jpg\" \/>\n\t<meta property=\"og:image:width\" content=\"1900\" \/>\n\t<meta property=\"og:image:height\" content=\"1056\" \/>\n\t<meta property=\"og:image:type\" content=\"image\/jpeg\" \/>\n<meta name=\"twitter:card\" content=\"summary_large_image\" \/>\n<meta name=\"twitter:label1\" content=\"Geschatte leestijd\" \/>\n\t<meta name=\"twitter:data1\" content=\"1 minuut\" \/>\n<script type=\"application\/ld+json\" class=\"yoast-schema-graph\">{\"@context\":\"https:\/\/schema.org\",\"@graph\":[{\"@type\":\"WebPage\",\"@id\":\"https:\/\/www.campinglesbastets.com\/nl\/camping-activiteiten-drome\/camping-rustig-drome\/\",\"url\":\"https:\/\/www.campinglesbastets.com\/nl\/camping-activiteiten-drome\/camping-rustig-drome\/\",\"name\":\"Wandelingen & tochten in de Dr\u00f4me Proven\u00e7ale | Fietsroutes Dr\u00f4me\",\"isPartOf\":{\"@id\":\"https:\/\/www.campinglesbastets.com\/nl\/#website\"},\"primaryImageOfPage\":{\"@id\":\"https:\/\/www.campinglesbastets.com\/nl\/camping-activiteiten-drome\/camping-rustig-drome\/#primaryimage\"},\"image\":{\"@id\":\"https:\/\/www.campinglesbastets.com\/nl\/camping-activiteiten-drome\/camping-rustig-drome\/#primaryimage\"},\"thumbnailUrl\":\"https:\/\/www.campinglesbastets.com\/wp-content\/uploads\/2022\/03\/se-ressourcer-grace-a-la-nature.jpg\",\"datePublished\":\"2022-03-11T08:04:25+00:00\",\"dateModified\":\"2024-12-06T08:57:32+00:00\",\"description\":\"Verken de mooiste wandel- en fietsroutes in de Dr\u00f4me Proven\u00e7ale. Ontdek gevarieerde landschappen en routes voor elk niveau\",\"breadcrumb\":{\"@id\":\"https:\/\/www.campinglesbastets.com\/nl\/camping-activiteiten-drome\/camping-rustig-drome\/#breadcrumb\"},\"inLanguage\":\"nl-NL\",\"potentialAction\":[{\"@type\":\"ReadAction\",\"target\":[\"https:\/\/www.campinglesbastets.com\/nl\/camping-activiteiten-drome\/camping-rustig-drome\/\"]}]},{\"@type\":\"ImageObject\",\"inLanguage\":\"nl-NL\",\"@id\":\"https:\/\/www.campinglesbastets.com\/nl\/camping-activiteiten-drome\/camping-rustig-drome\/#primaryimage\",\"url\":\"https:\/\/www.campinglesbastets.com\/wp-content\/uploads\/2022\/03\/se-ressourcer-grace-a-la-nature.jpg\",\"contentUrl\":\"https:\/\/www.campinglesbastets.com\/wp-content\/uploads\/2022\/03\/se-ressourcer-grace-a-la-nature.jpg\",\"width\":1900,\"height\":1056,\"caption\":\"se ressourcer grace a la nature\"},{\"@type\":\"BreadcrumbList\",\"@id\":\"https:\/\/www.campinglesbastets.com\/nl\/camping-activiteiten-drome\/camping-rustig-drome\/#breadcrumb\",\"itemListElement\":[{\"@type\":\"ListItem\",\"position\":1,\"name\":\"Camping Dr\u00f4me\",\"item\":\"https:\/\/www.campinglesbastets.com\/nl\/\"},{\"@type\":\"ListItem\",\"position\":2,\"name\":\"ACTIVITEITEN\",\"item\":\"https:\/\/www.campinglesbastets.com\/nl\/camping-activiteiten-drome\/\"},{\"@type\":\"ListItem\",\"position\":3,\"name\":\"ONTSPANNING EN RELAXATIE\"}]},{\"@type\":\"WebSite\",\"@id\":\"https:\/\/www.campinglesbastets.com\/nl\/#website\",\"url\":\"https:\/\/www.campinglesbastets.com\/nl\/\",\"name\":\"Camping Les Bastets\",\"description\":\"\",\"publisher\":{\"@id\":\"https:\/\/www.campinglesbastets.com\/nl\/#organization\"},\"potentialAction\":[{\"@type\":\"SearchAction\",\"target\":{\"@type\":\"EntryPoint\",\"urlTemplate\":\"https:\/\/www.campinglesbastets.com\/nl\/?s={search_term_string}\"},\"query-input\":{\"@type\":\"PropertyValueSpecification\",\"valueRequired\":true,\"valueName\":\"search_term_string\"}}],\"inLanguage\":\"nl-NL\"},{\"@type\":\"Organization\",\"@id\":\"https:\/\/www.campinglesbastets.com\/nl\/#organization\",\"name\":\"Camping Les Bastets\",\"url\":\"https:\/\/www.campinglesbastets.com\/nl\/\",\"logo\":{\"@type\":\"ImageObject\",\"inLanguage\":\"nl-NL\",\"@id\":\"https:\/\/www.campinglesbastets.com\/nl\/#\/schema\/logo\/image\/\",\"url\":\"https:\/\/www.campinglesbastets.com\/wp-content\/uploads\/2022\/02\/favicon-1.png\",\"contentUrl\":\"https:\/\/www.campinglesbastets.com\/wp-content\/uploads\/2022\/02\/favicon-1.png\",\"width\":1423,\"height\":1423,\"caption\":\"Camping Les Bastets\"},\"image\":{\"@id\":\"https:\/\/www.campinglesbastets.com\/nl\/#\/schema\/logo\/image\/\"}}]}<\/script>\n<!-- \/ Yoast SEO plugin. -->","yoast_head_json":{"title":"Wandelingen & tochten in de Dr\u00f4me Proven\u00e7ale | Fietsroutes Dr\u00f4me","description":"Verken de mooiste wandel- en fietsroutes in de Dr\u00f4me Proven\u00e7ale. Ontdek gevarieerde landschappen en routes voor elk niveau","robots":{"index":"index","follow":"follow","max-snippet":"max-snippet:-1","max-image-preview":"max-image-preview:large","max-video-preview":"max-video-preview:-1"},"canonical":"https:\/\/www.campinglesbastets.com\/nl\/camping-activiteiten-drome\/camping-rustig-drome\/","og_locale":"nl_NL","og_type":"article","og_title":"Wandelingen & tochten in de Dr\u00f4me Proven\u00e7ale | Fietsroutes Dr\u00f4me","og_description":"Verken de mooiste wandel- en fietsroutes in de Dr\u00f4me Proven\u00e7ale. Ontdek gevarieerde landschappen en routes voor elk niveau","og_url":"https:\/\/www.campinglesbastets.com\/nl\/camping-activiteiten-drome\/camping-rustig-drome\/","og_site_name":"Camping Les Bastets","article_modified_time":"2024-12-06T08:57:32+00:00","og_image":[{"width":1900,"height":1056,"url":"https:\/\/www.campinglesbastets.com\/wp-content\/uploads\/2022\/03\/se-ressourcer-grace-a-la-nature.jpg","type":"image\/jpeg"}],"twitter_card":"summary_large_image","twitter_misc":{"Geschatte leestijd":"1 minuut"},"schema":{"@context":"https:\/\/schema.org","@graph":[{"@type":"WebPage","@id":"https:\/\/www.campinglesbastets.com\/nl\/camping-activiteiten-drome\/camping-rustig-drome\/","url":"https:\/\/www.campinglesbastets.com\/nl\/camping-activiteiten-drome\/camping-rustig-drome\/","name":"Wandelingen & tochten in de Dr\u00f4me Proven\u00e7ale | Fietsroutes Dr\u00f4me","isPartOf":{"@id":"https:\/\/www.campinglesbastets.com\/nl\/#website"},"primaryImageOfPage":{"@id":"https:\/\/www.campinglesbastets.com\/nl\/camping-activiteiten-drome\/camping-rustig-drome\/#primaryimage"},"image":{"@id":"https:\/\/www.campinglesbastets.com\/nl\/camping-activiteiten-drome\/camping-rustig-drome\/#primaryimage"},"thumbnailUrl":"https:\/\/www.campinglesbastets.com\/wp-content\/uploads\/2022\/03\/se-ressourcer-grace-a-la-nature.jpg","datePublished":"2022-03-11T08:04:25+00:00","dateModified":"2024-12-06T08:57:32+00:00","description":"Verken de mooiste wandel- en fietsroutes in de Dr\u00f4me Proven\u00e7ale. Ontdek gevarieerde landschappen en routes voor elk niveau","breadcrumb":{"@id":"https:\/\/www.campinglesbastets.com\/nl\/camping-activiteiten-drome\/camping-rustig-drome\/#breadcrumb"},"inLanguage":"nl-NL","potentialAction":[{"@type":"ReadAction","target":["https:\/\/www.campinglesbastets.com\/nl\/camping-activiteiten-drome\/camping-rustig-drome\/"]}]},{"@type":"ImageObject","inLanguage":"nl-NL","@id":"https:\/\/www.campinglesbastets.com\/nl\/camping-activiteiten-drome\/camping-rustig-drome\/#primaryimage","url":"https:\/\/www.campinglesbastets.com\/wp-content\/uploads\/2022\/03\/se-ressourcer-grace-a-la-nature.jpg","contentUrl":"https:\/\/www.campinglesbastets.com\/wp-content\/uploads\/2022\/03\/se-ressourcer-grace-a-la-nature.jpg","width":1900,"height":1056,"caption":"se ressourcer grace a la nature"},{"@type":"BreadcrumbList","@id":"https:\/\/www.campinglesbastets.com\/nl\/camping-activiteiten-drome\/camping-rustig-drome\/#breadcrumb","itemListElement":[{"@type":"ListItem","position":1,"name":"Camping Dr\u00f4me","item":"https:\/\/www.campinglesbastets.com\/nl\/"},{"@type":"ListItem","position":2,"name":"ACTIVITEITEN","item":"https:\/\/www.campinglesbastets.com\/nl\/camping-activiteiten-drome\/"},{"@type":"ListItem","position":3,"name":"ONTSPANNING EN RELAXATIE"}]},{"@type":"WebSite","@id":"https:\/\/www.campinglesbastets.com\/nl\/#website","url":"https:\/\/www.campinglesbastets.com\/nl\/","name":"Camping Les Bastets","description":"","publisher":{"@id":"https:\/\/www.campinglesbastets.com\/nl\/#organization"},"potentialAction":[{"@type":"SearchAction","target":{"@type":"EntryPoint","urlTemplate":"https:\/\/www.campinglesbastets.com\/nl\/?s={search_term_string}"},"query-input":{"@type":"PropertyValueSpecification","valueRequired":true,"valueName":"search_term_string"}}],"inLanguage":"nl-NL"},{"@type":"Organization","@id":"https:\/\/www.campinglesbastets.com\/nl\/#organization","name":"Camping Les Bastets","url":"https:\/\/www.campinglesbastets.com\/nl\/","logo":{"@type":"ImageObject","inLanguage":"nl-NL","@id":"https:\/\/www.campinglesbastets.com\/nl\/#\/schema\/logo\/image\/","url":"https:\/\/www.campinglesbastets.com\/wp-content\/uploads\/2022\/02\/favicon-1.png","contentUrl":"https:\/\/www.campinglesbastets.com\/wp-content\/uploads\/2022\/02\/favicon-1.png","width":1423,"height":1423,"caption":"Camping Les Bastets"},"image":{"@id":"https:\/\/www.campinglesbastets.com\/nl\/#\/schema\/logo\/image\/"}}]}},"_links":{"self":[{"href":"https:\/\/www.campinglesbastets.com\/nl\/wp-json\/wp\/v2\/pages\/10628","targetHints":{"allow":["GET"]}}],"collection":[{"href":"https:\/\/www.campinglesbastets.com\/nl\/wp-json\/wp\/v2\/pages"}],"about":[{"href":"https:\/\/www.campinglesbastets.com\/nl\/wp-json\/wp\/v2\/types\/page"}],"author":[{"embeddable":true,"href":"https:\/\/www.campinglesbastets.com\/nl\/wp-json\/wp\/v2\/users\/1"}],"replies":[{"embeddable":true,"href":"https:\/\/www.campinglesbastets.com\/nl\/wp-json\/wp\/v2\/comments?post=10628"}],"version-history":[{"count":7,"href":"https:\/\/www.campinglesbastets.com\/nl\/wp-json\/wp\/v2\/pages\/10628\/revisions"}],"predecessor-version":[{"id":14824,"href":"https:\/\/www.campinglesbastets.com\/nl\/wp-json\/wp\/v2\/pages\/10628\/revisions\/14824"}],"up":[{"embeddable":true,"href":"https:\/\/www.campinglesbastets.com\/nl\/wp-json\/wp\/v2\/pages\/10616"}],"wp:featuredmedia":[{"embeddable":true,"href":"https:\/\/www.campinglesbastets.com\/nl\/wp-json\/wp\/v2\/media\/7780"}],"wp:attachment":[{"href":"https:\/\/www.campinglesbastets.com\/nl\/wp-json\/wp\/v2\/media?parent=10628"}],"curies":[{"name":"wp","href":"https:\/\/api.w.org\/{rel}","templated":true}]}}