{"id":10608,"date":"2021-12-21T14:08:25","date_gmt":"2021-12-21T13:08:25","guid":{"rendered":"https:\/\/www.campinglesbastets.com\/piscine-drome\/"},"modified":"2026-02-26T15:14:50","modified_gmt":"2026-02-26T14:14:50","slug":"zwembad-drome","status":"publish","type":"page","link":"https:\/\/www.campinglesbastets.com\/nl\/zwembad-drome\/","title":{"rendered":"Espace aquatique"},"content":{"rendered":"<section id=\"section-61cd904691b94\"\" class=\"section home-first bg-white\" \/><div class=\"container extralarge\"><div class=\"colonnes-wrap valign-middle \"><div class=\"element colonne w-60\"><div class=\"element fancybox-container\"><a class=\"fancybox\" href=\"https:\/\/www.campinglesbastets.com\/wp-content\/uploads\/2022\/04\/camping-piscine-drome-3.jpg\"><img decoding=\"async\" src=\"https:\/\/www.campinglesbastets.com\/wp-content\/uploads\/2022\/04\/camping-piscine-drome-3.jpg\" data-src=\"https:\/\/www.campinglesbastets.com\/wp-content\/uploads\/2022\/04\/camping-piscine-drome-3.jpg\" alt=\"camping piscine drome\" class=\"images_image\" \/><\/a><\/div><\/div><div class=\"element colonne w-40\"><h1 class=\"element section-title left\">CAMPING DR\u00d4ME MET ZWEMBAD<\/h1><div class=\"element bloc-text left \">\n\t<p class=\"element section-title left in-view animated slideInUp\"><span dir=\"auto\" style=\"font-size: 16px;\">Wat is er nu fijner tijdens een verblijf in de Provence dan een zwembad dat de hele tijd tot je beschikking staat? Het is meer dan een bonus, het is essentieel als je een paar dagen of weken in zo&#8217;n zonnige regio verblijft. Daarom nodigen we je uit om onze <\/span><strong class=\"bold color1\" style=\"font-size: 16px;\"><span dir=\"auto\">camping in de regio Rh\u00f4ne-Alpes met zwembad<\/span><\/strong><span dir=\"auto\" style=\"font-size: 16px;\">\u00a0te ontdekken en zo snel mogelijk je accommodatie of staanplaats te reserveren.<\/span><\/p>\n<p><span dir=\"auto\">Urenlang zwemmen staat op het programma op onze\u00a0<\/span><strong class=\"bold color1\"><span dir=\"auto\">camping in de Dr\u00f4me met een eigen zwembad<\/span><\/strong><span dir=\"auto\">\u00a0, en wat te denken van het prachtige uitzicht vanuit het water? Het is een uitgelezen kans om heerlijk te ontspannen in deze schitterende streek, vlakbij Valence en Mont\u00e9limar.<\/span><\/p>\n<p><strong class=\"bold color1\"><span dir=\"auto\">Let op<\/span><\/strong><span dir=\"auto\">\u00a0: Het zwembad is vanaf de opening van de camping verwarmd tot een aangename temperatuur, afhankelijk van de weersomstandigheden buiten.<\/span><\/p>\n<div class=\"element bloc-text left  in-view animated fadeIn\">\n<p><span dir=\"auto\">Urenlang zwemmen staat op het programma op onze\u00a0<\/span><strong class=\"bold color1\"><span dir=\"auto\">camping in de Dr\u00f4me met een eigen zwembad<\/span><\/strong><span dir=\"auto\">\u00a0, en wat te denken van het prachtige uitzicht vanuit het water? Het is een uitgelezen kans om heerlijk te ontspannen in deze schitterende streek, vlakbij Valence en Mont\u00e9limar.<\/span><\/p>\n<p><strong class=\"bold color1\"><span dir=\"auto\">Let op<\/span><\/strong><span dir=\"auto\">\u00a0: Het zwembad is vanaf de opening van de camping verwarmd tot een aangename temperatuur, afhankelijk van de weersomstandigheden buiten.<\/span><\/p>\n<\/div>\n<\/div><\/div><\/div><\/div><\/section>\n\n<section id=\"section-61cd904691cc4\"\" class=\"section text-image-right  bg-color3\" \/><div class=\"container extralarge\"><div class=\"colonnes-wrap valign-top \"><div class=\"element colonne w-40\"><h2 class=\"element section-title left\">Het zwemparadijs van ons camping in de Proven\u00e7aalse Dr\u00f4me<\/h2><div class=\"element bloc-text left \">\n\t<p data-start=\"0\" data-end=\"315\">Het is moeilijk om het belang van een zwembad te overschatten wanneer je met het gezin op vakantie gaat. Daarom nodigt onze camping in de Dr\u00f4me je van harte uit om te genieten van deze ideale voorziening: een zwembad van 200 m\u00b2, perfect om te ontspannen \u00e9n om samen deel te nemen aan gezellige groepsactiviteiten.<\/p>\n<p data-start=\"317\" data-end=\"567\">Tussen de lavendelvelden, met ruimte voor rust en ontspanning, biedt het water heerlijk op temperatuur, zelfs in de zomer verkoeling en plezier voor jong en oud. Dat maakt een camping met zwembad in de Dr\u00f4me, zoals de onze, extra aantrekkelijk.<\/p>\n<p data-start=\"569\" data-end=\"674\" data-is-last-node=\"\" data-is-only-node=\"\">Kom genieten van een zorgeloze en ontspannen vakantie op onze camping in de prachtige Dr\u00f4me, met zwembad.<\/p>\n<\/div><\/div><div class=\"element colonne w-60 grenouille\"><div class=\"element fancybox-container\"><a class=\"fancybox\" href=\"https:\/\/www.campinglesbastets.com\/wp-content\/uploads\/2022\/03\/espace-aquatique-drome.jpg\"><img decoding=\"async\" src=\"https:\/\/www.campinglesbastets.com\/wp-content\/uploads\/2022\/03\/espace-aquatique-drome.jpg\" data-src=\"https:\/\/www.campinglesbastets.com\/wp-content\/uploads\/2022\/03\/espace-aquatique-drome.jpg\" alt=\"espace aquatique drome\" class=\"images_image\" \/><\/a><\/div><\/div><\/div><\/div><\/section>\n\n<section id=\"section-61cd904691d8a\"\" data-bg-opacite=\"0.2\"data-background=\"https:\/\/www.campinglesbastets.com\/wp-content\/uploads\/2022\/03\/camping-espace-aquatique-drome.jpg\"data-speed=\"0.8\"class=\"section img-parallax bg-white p-t-0 section--has-bg-img section_bg-parallax\" \/><div class=\"container full\"><\/div><\/section>\n\n<section id=\"section-61cd904691e94\"\" class=\"section page-third  text-image-left bg-white\" \/><div class=\"container extralarge\"><div class=\"colonnes-wrap valign-top \"><div class=\"element colonne w-60 bouee\"><div class=\"element fancybox-container\"><a class=\"fancybox\" href=\"https:\/\/www.campinglesbastets.com\/wp-content\/uploads\/2022\/02\/espace-aquatique-drome.jpg\"><img decoding=\"async\" src=\"https:\/\/www.campinglesbastets.com\/wp-content\/uploads\/2022\/02\/espace-aquatique-drome.jpg\" data-src=\"https:\/\/www.campinglesbastets.com\/wp-content\/uploads\/2022\/02\/espace-aquatique-drome.jpg\" alt=\"espace aquatique drome\" class=\"images_image\" \/><\/a><\/div><\/div><div class=\"element colonne w-40\"><h2 class=\"element section-title left\">Camping Dr\u00f4me met verwarmd zwembad<\/h2><div class=\"element bloc-text left \">\n\t<p>De Dr\u00f4me, bekend als de poort naar de Provence, geniet van een aangenaam klimaat. De voordelen van een <strong>verwarmd zwembad<\/strong> op onze camping in de Dr\u00f4me met zwembad zijn echter niet te onderschatten. Dit zwembad is geschikt voor alle weersomstandigheden en biedt optimaal comfort in elk seizoen.<\/p>\n<p>Of u nu alleen, met vrienden of met familie komt, en of het nu voor een nacht of lang verblijf is, er is geen betere manier om te ontspannen en te genieten dan in ons zwemparadijs op de camping in de Dr\u00f4me met zwembad, nabij Mont\u00e9limar.<\/p>\n<p>Het zwemparadijs, gelegen op onze camping in de Dr\u00f4me met zwembad nabij Mont\u00e9limar en Marsanne, biedt <strong>adembenemende uitzichten<\/strong> over de streek en de landschappen. Hier kunt u genieten van de lekker natuur en de kleine geneugten van het leven !<\/p>\n<p>Onze camping met zwembad in de Dr\u00f4me heeft een <a href=\"https:\/\/www.campinglesbastets.com\/nl\/camping-activiteiten-drome\/\">scala aan activiteiten<\/a> voor alle leeftijden gepland. Ons <strong>200 m\u00b2 grote zwembad<\/strong> biedt de mogelijkheid voor diverse groepsactiviteiten, maar ook voor ontspanning en genieten van de omringende natuur met de voeten in het water en het hoofd in de wolken.<\/p>\n<\/div><\/div><\/div><\/div><\/section>\n\n<section id=\"section-61cd904691f86\"\" class=\"section page-fourth text-image-right bg-white\" \/><div class=\"container extralarge\"><div class=\"colonnes-wrap valign-top \"><div class=\"element colonne w-40\"><div class=\"element bloc-text left white\">\n\t<p>Zon, water, een onge\u00ebvenaarde omgeving en een sfeer die ontspanning en gezellig samenzijn bevordert: dat is wat de zwemparadijs van ons camping belooft, strategisch gelegen in het hart van de Proven\u00e7aalse Dr\u00f4me, dicht bij Mont\u00e9limar.<\/p>\n<p><strong class=\"bold color1\">Belangrijk om te weten<\/strong>: het zwembad van ons camping in de Dr\u00f4me wordt verwarmd tot een comfortabele temperatuur vanaf 1 mei, afhankelijk van de externe weersomstandigheden.<\/p>\n<p>Zoals u kunt zien, biedt onze camping in de Dr\u00f4me met zwembad nabij Nyons alle ingredi\u00ebnten voor een perfecte vakantie in Auvergne-Rh\u00f4ne-Alpes in Zuid-Frankrijk, of u nu met uw familie of vrienden komt.<\/p>\n<\/div><\/div><div class=\"element colonne w-60\"><div class=\"element fancybox-container\"><a class=\"fancybox\" href=\"https:\/\/www.campinglesbastets.com\/wp-content\/uploads\/2022\/03\/camping-drome-piscine.jpg\"><img decoding=\"async\" src=\"https:\/\/www.campinglesbastets.com\/wp-content\/uploads\/2022\/03\/camping-drome-piscine.jpg\" data-src=\"https:\/\/www.campinglesbastets.com\/wp-content\/uploads\/2022\/03\/camping-drome-piscine.jpg\" alt=\"camping drome piscine\" class=\"images_image\" \/><\/a><\/div><\/div><\/div><\/div><\/section>\n\n<section id=\"section-61cdd030d1381\"\" class=\"section page-cta bg-color3\" \/><div class=\"container extralarge\"><div class=\"element section-title center h2-like\">De activiteiten van de camping<\/div><ul class=\"liste-de-page\"><li class=\"element call-to-action carre call-to-action--style-1 call-to-action--big\"><a href=\"https:\/\/www.campinglesbastets.com\/nl\/camping-activiteiten-drome\/camping-familie-drome\/\"  class=\"call-to-action_link\" title=\"En savoir plus sur gelukkige kinderen, gelukkige ouders\"><div class=\"call-to-action_image\"><img decoding=\"async\" src=\"https:\/\/www.campinglesbastets.com\/wp-content\/uploads\/2022\/03\/camping-activites-drome-2.jpg\" data-src=\"https:\/\/www.campinglesbastets.com\/wp-content\/uploads\/2022\/03\/camping-activites-drome-2.jpg\" alt=\"camping activites drome\" class=\"big\" \/><\/div><div class=\"call-to-action_contenu\"><div class=\"call-to-action_titre\">Gelukkige kinderen, gelukkige ouders<\/div><\/div><\/a><\/li><li class=\"element call-to-action carre call-to-action--style-1 call-to-action--big call-to-action--style-1 call-to-action--big\"><a href=\"https:\/\/www.campinglesbastets.com\/nl\/camping-activiteiten-drome\/camping-natuur-drome\/\"  class=\"call-to-action_link\" title=\"En savoir plus sur de natuur brengt ons samen\"><div class=\"call-to-action_image\"><img decoding=\"async\" src=\"https:\/\/www.campinglesbastets.com\/wp-content\/uploads\/2022\/03\/camping-nature-drome.jpg\" data-src=\"https:\/\/www.campinglesbastets.com\/wp-content\/uploads\/2022\/03\/camping-nature-drome.jpg\" alt=\"camping nature drome\" class=\"big\" \/><\/div><div class=\"call-to-action_contenu\"><div class=\"call-to-action_titre\">De natuur brengt ons samen<\/div><\/div><\/a><\/li><li class=\"element call-to-action carre call-to-action--style-1 call-to-action--big call-to-action--style-1 call-to-action--big call-to-action--style-1 call-to-action--big\"><a href=\"https:\/\/www.campinglesbastets.com\/nl\/camping-activiteiten-drome\/camping-rustig-drome\/\"  class=\"call-to-action_link\" title=\"En savoir plus sur natuurlijk verjongen\"><div class=\"call-to-action_image\"><img decoding=\"async\" src=\"https:\/\/www.campinglesbastets.com\/wp-content\/uploads\/2022\/03\/se-ressourcer-grace-a-la-nature.jpg\" data-src=\"https:\/\/www.campinglesbastets.com\/wp-content\/uploads\/2022\/03\/se-ressourcer-grace-a-la-nature.jpg\" alt=\"se ressourcer grace a la nature\" class=\"big\" \/><\/div><div class=\"call-to-action_contenu\"><div class=\"call-to-action_titre\">Natuurlijk verjongen<\/div><\/div><\/a><\/li><\/ul><\/div><\/section>","protected":false},"excerpt":{"rendered":"","protected":false},"author":1,"featured_media":8863,"parent":0,"menu_order":0,"comment_status":"closed","ping_status":"closed","template":"","meta":{"_acf_changed":false,"footnotes":""},"class_list":["post-10608","page","type-page","status-publish","has-post-thumbnail","hentry"],"acf":[],"yoast_head":"<!-- This site is optimized with the Yoast SEO plugin v25.3 - https:\/\/yoast.com\/wordpress\/plugins\/seo\/ -->\n<title>Camping Dr\u00f4me met zwembad | Verwarmd zwembad | Zwemparadijs Dr\u00f4me<\/title>\n<meta name=\"robots\" content=\"index, follow, max-snippet:-1, max-image-preview:large, max-video-preview:-1\" \/>\n<link rel=\"canonical\" href=\"https:\/\/www.campinglesbastets.com\/nl\/zwembad-drome\/\" \/>\n<meta property=\"og:locale\" content=\"nl_NL\" \/>\n<meta property=\"og:type\" content=\"article\" \/>\n<meta property=\"og:title\" content=\"Camping Dr\u00f4me met zwembad | Verwarmd zwembad | Zwemparadijs Dr\u00f4me\" \/>\n<meta property=\"og:url\" content=\"https:\/\/www.campinglesbastets.com\/nl\/zwembad-drome\/\" \/>\n<meta property=\"og:site_name\" content=\"Camping Les Bastets\" \/>\n<meta property=\"article:modified_time\" content=\"2026-02-26T14:14:50+00:00\" \/>\n<meta property=\"og:image\" content=\"https:\/\/www.campinglesbastets.com\/wp-content\/uploads\/2022\/03\/camping-piscine-drome-1.jpg\" \/>\n\t<meta property=\"og:image:width\" content=\"1902\" \/>\n\t<meta property=\"og:image:height\" content=\"1056\" \/>\n\t<meta property=\"og:image:type\" content=\"image\/jpeg\" \/>\n<meta name=\"twitter:card\" content=\"summary_large_image\" \/>\n<meta name=\"twitter:label1\" content=\"Geschatte leestijd\" \/>\n\t<meta name=\"twitter:data1\" content=\"1 minuut\" \/>\n<script type=\"application\/ld+json\" class=\"yoast-schema-graph\">{\"@context\":\"https:\/\/schema.org\",\"@graph\":[{\"@type\":\"WebPage\",\"@id\":\"https:\/\/www.campinglesbastets.com\/nl\/zwembad-drome\/\",\"url\":\"https:\/\/www.campinglesbastets.com\/nl\/zwembad-drome\/\",\"name\":\"Camping Dr\u00f4me met zwembad | Verwarmd zwembad | Zwemparadijs Dr\u00f4me\",\"isPartOf\":{\"@id\":\"https:\/\/www.campinglesbastets.com\/nl\/#website\"},\"primaryImageOfPage\":{\"@id\":\"https:\/\/www.campinglesbastets.com\/nl\/zwembad-drome\/#primaryimage\"},\"image\":{\"@id\":\"https:\/\/www.campinglesbastets.com\/nl\/zwembad-drome\/#primaryimage\"},\"thumbnailUrl\":\"https:\/\/www.campinglesbastets.com\/wp-content\/uploads\/2022\/03\/camping-piscine-drome-1.jpg\",\"datePublished\":\"2021-12-21T13:08:25+00:00\",\"dateModified\":\"2026-02-26T14:14:50+00:00\",\"breadcrumb\":{\"@id\":\"https:\/\/www.campinglesbastets.com\/nl\/zwembad-drome\/#breadcrumb\"},\"inLanguage\":\"nl-NL\",\"potentialAction\":[{\"@type\":\"ReadAction\",\"target\":[\"https:\/\/www.campinglesbastets.com\/nl\/zwembad-drome\/\"]}]},{\"@type\":\"ImageObject\",\"inLanguage\":\"nl-NL\",\"@id\":\"https:\/\/www.campinglesbastets.com\/nl\/zwembad-drome\/#primaryimage\",\"url\":\"https:\/\/www.campinglesbastets.com\/wp-content\/uploads\/2022\/03\/camping-piscine-drome-1.jpg\",\"contentUrl\":\"https:\/\/www.campinglesbastets.com\/wp-content\/uploads\/2022\/03\/camping-piscine-drome-1.jpg\",\"width\":1902,\"height\":1056,\"caption\":\"camping piscine drome\"},{\"@type\":\"BreadcrumbList\",\"@id\":\"https:\/\/www.campinglesbastets.com\/nl\/zwembad-drome\/#breadcrumb\",\"itemListElement\":[{\"@type\":\"ListItem\",\"position\":1,\"name\":\"Camping Dr\u00f4me\",\"item\":\"https:\/\/www.campinglesbastets.com\/nl\/\"},{\"@type\":\"ListItem\",\"position\":2,\"name\":\"ZWEMPARADIJS DR\u00d4ME\"}]},{\"@type\":\"WebSite\",\"@id\":\"https:\/\/www.campinglesbastets.com\/nl\/#website\",\"url\":\"https:\/\/www.campinglesbastets.com\/nl\/\",\"name\":\"Camping Les Bastets\",\"description\":\"\",\"publisher\":{\"@id\":\"https:\/\/www.campinglesbastets.com\/nl\/#organization\"},\"potentialAction\":[{\"@type\":\"SearchAction\",\"target\":{\"@type\":\"EntryPoint\",\"urlTemplate\":\"https:\/\/www.campinglesbastets.com\/nl\/?s={search_term_string}\"},\"query-input\":{\"@type\":\"PropertyValueSpecification\",\"valueRequired\":true,\"valueName\":\"search_term_string\"}}],\"inLanguage\":\"nl-NL\"},{\"@type\":\"Organization\",\"@id\":\"https:\/\/www.campinglesbastets.com\/nl\/#organization\",\"name\":\"Camping Les Bastets\",\"url\":\"https:\/\/www.campinglesbastets.com\/nl\/\",\"logo\":{\"@type\":\"ImageObject\",\"inLanguage\":\"nl-NL\",\"@id\":\"https:\/\/www.campinglesbastets.com\/nl\/#\/schema\/logo\/image\/\",\"url\":\"https:\/\/www.campinglesbastets.com\/wp-content\/uploads\/2022\/02\/favicon-1.png\",\"contentUrl\":\"https:\/\/www.campinglesbastets.com\/wp-content\/uploads\/2022\/02\/favicon-1.png\",\"width\":1423,\"height\":1423,\"caption\":\"Camping Les Bastets\"},\"image\":{\"@id\":\"https:\/\/www.campinglesbastets.com\/nl\/#\/schema\/logo\/image\/\"}}]}<\/script>\n<!-- \/ Yoast SEO plugin. -->","yoast_head_json":{"title":"Camping Dr\u00f4me met zwembad | Verwarmd zwembad | Zwemparadijs Dr\u00f4me","robots":{"index":"index","follow":"follow","max-snippet":"max-snippet:-1","max-image-preview":"max-image-preview:large","max-video-preview":"max-video-preview:-1"},"canonical":"https:\/\/www.campinglesbastets.com\/nl\/zwembad-drome\/","og_locale":"nl_NL","og_type":"article","og_title":"Camping Dr\u00f4me met zwembad | Verwarmd zwembad | Zwemparadijs Dr\u00f4me","og_url":"https:\/\/www.campinglesbastets.com\/nl\/zwembad-drome\/","og_site_name":"Camping Les Bastets","article_modified_time":"2026-02-26T14:14:50+00:00","og_image":[{"width":1902,"height":1056,"url":"https:\/\/www.campinglesbastets.com\/wp-content\/uploads\/2022\/03\/camping-piscine-drome-1.jpg","type":"image\/jpeg"}],"twitter_card":"summary_large_image","twitter_misc":{"Geschatte leestijd":"1 minuut"},"schema":{"@context":"https:\/\/schema.org","@graph":[{"@type":"WebPage","@id":"https:\/\/www.campinglesbastets.com\/nl\/zwembad-drome\/","url":"https:\/\/www.campinglesbastets.com\/nl\/zwembad-drome\/","name":"Camping Dr\u00f4me met zwembad | Verwarmd zwembad | Zwemparadijs Dr\u00f4me","isPartOf":{"@id":"https:\/\/www.campinglesbastets.com\/nl\/#website"},"primaryImageOfPage":{"@id":"https:\/\/www.campinglesbastets.com\/nl\/zwembad-drome\/#primaryimage"},"image":{"@id":"https:\/\/www.campinglesbastets.com\/nl\/zwembad-drome\/#primaryimage"},"thumbnailUrl":"https:\/\/www.campinglesbastets.com\/wp-content\/uploads\/2022\/03\/camping-piscine-drome-1.jpg","datePublished":"2021-12-21T13:08:25+00:00","dateModified":"2026-02-26T14:14:50+00:00","breadcrumb":{"@id":"https:\/\/www.campinglesbastets.com\/nl\/zwembad-drome\/#breadcrumb"},"inLanguage":"nl-NL","potentialAction":[{"@type":"ReadAction","target":["https:\/\/www.campinglesbastets.com\/nl\/zwembad-drome\/"]}]},{"@type":"ImageObject","inLanguage":"nl-NL","@id":"https:\/\/www.campinglesbastets.com\/nl\/zwembad-drome\/#primaryimage","url":"https:\/\/www.campinglesbastets.com\/wp-content\/uploads\/2022\/03\/camping-piscine-drome-1.jpg","contentUrl":"https:\/\/www.campinglesbastets.com\/wp-content\/uploads\/2022\/03\/camping-piscine-drome-1.jpg","width":1902,"height":1056,"caption":"camping piscine drome"},{"@type":"BreadcrumbList","@id":"https:\/\/www.campinglesbastets.com\/nl\/zwembad-drome\/#breadcrumb","itemListElement":[{"@type":"ListItem","position":1,"name":"Camping Dr\u00f4me","item":"https:\/\/www.campinglesbastets.com\/nl\/"},{"@type":"ListItem","position":2,"name":"ZWEMPARADIJS DR\u00d4ME"}]},{"@type":"WebSite","@id":"https:\/\/www.campinglesbastets.com\/nl\/#website","url":"https:\/\/www.campinglesbastets.com\/nl\/","name":"Camping Les Bastets","description":"","publisher":{"@id":"https:\/\/www.campinglesbastets.com\/nl\/#organization"},"potentialAction":[{"@type":"SearchAction","target":{"@type":"EntryPoint","urlTemplate":"https:\/\/www.campinglesbastets.com\/nl\/?s={search_term_string}"},"query-input":{"@type":"PropertyValueSpecification","valueRequired":true,"valueName":"search_term_string"}}],"inLanguage":"nl-NL"},{"@type":"Organization","@id":"https:\/\/www.campinglesbastets.com\/nl\/#organization","name":"Camping Les Bastets","url":"https:\/\/www.campinglesbastets.com\/nl\/","logo":{"@type":"ImageObject","inLanguage":"nl-NL","@id":"https:\/\/www.campinglesbastets.com\/nl\/#\/schema\/logo\/image\/","url":"https:\/\/www.campinglesbastets.com\/wp-content\/uploads\/2022\/02\/favicon-1.png","contentUrl":"https:\/\/www.campinglesbastets.com\/wp-content\/uploads\/2022\/02\/favicon-1.png","width":1423,"height":1423,"caption":"Camping Les Bastets"},"image":{"@id":"https:\/\/www.campinglesbastets.com\/nl\/#\/schema\/logo\/image\/"}}]}},"_links":{"self":[{"href":"https:\/\/www.campinglesbastets.com\/nl\/wp-json\/wp\/v2\/pages\/10608","targetHints":{"allow":["GET"]}}],"collection":[{"href":"https:\/\/www.campinglesbastets.com\/nl\/wp-json\/wp\/v2\/pages"}],"about":[{"href":"https:\/\/www.campinglesbastets.com\/nl\/wp-json\/wp\/v2\/types\/page"}],"author":[{"embeddable":true,"href":"https:\/\/www.campinglesbastets.com\/nl\/wp-json\/wp\/v2\/users\/1"}],"replies":[{"embeddable":true,"href":"https:\/\/www.campinglesbastets.com\/nl\/wp-json\/wp\/v2\/comments?post=10608"}],"version-history":[{"count":18,"href":"https:\/\/www.campinglesbastets.com\/nl\/wp-json\/wp\/v2\/pages\/10608\/revisions"}],"predecessor-version":[{"id":16183,"href":"https:\/\/www.campinglesbastets.com\/nl\/wp-json\/wp\/v2\/pages\/10608\/revisions\/16183"}],"wp:featuredmedia":[{"embeddable":true,"href":"https:\/\/www.campinglesbastets.com\/nl\/wp-json\/wp\/v2\/media\/8863"}],"wp:attachment":[{"href":"https:\/\/www.campinglesbastets.com\/nl\/wp-json\/wp\/v2\/media?parent=10608"}],"curies":[{"name":"wp","href":"https:\/\/api.w.org\/{rel}","templated":true}]}}