{"id":10604,"date":"2021-12-21T14:13:29","date_gmt":"2021-12-21T13:13:29","guid":{"rendered":"https:\/\/www.campinglesbastets.com\/emplacements-camping\/"},"modified":"2026-02-27T12:38:06","modified_gmt":"2026-02-27T11:38:06","slug":"standplaatsen-camping","status":"publish","type":"page","link":"https:\/\/www.campinglesbastets.com\/nl\/standplaatsen-camping\/","title":{"rendered":"Emplacements"},"content":{"rendered":"<section id=\"section-titre-emplacement\"\" class=\"section bg-white p-b-0\" \/><div class=\"container extralarge\"><h1 class=\"element section-title center\">Kampeerplaatsen in de dr\u00f4me<\/h1><div class=\"element bloc-text left \">\n\t<p style=\"text-align: center;\"><span dir=\"auto\">De regio Dr\u00f4me heeft \u00e9\u00e9n grote troef:\u00a0<\/span><strong class=\"bold color1\"><span dir=\"auto\">de schoonheid van haar landschappen<\/span><\/strong><span dir=\"auto\">\u00a0. Met zijn glooiende heuvels, moza\u00efek van weiden, steeneiken, dennen en olijfbomen, en het gezang van de cicaden, is er niets fijner dan een kampeerplek huren op onze camping.<\/span><a href=\"https:\/\/www.campinglesbastets.com\/nl\/\"><span dir=\"auto\">kamperen in de Dr\u00f4me Proven\u00e7ale<\/span><\/a><span dir=\"auto\">aan de oever van de rivier in Auvergne Rh\u00f4ne-Alpes, om ervan te genieten.<\/span><\/p>\n<p style=\"text-align: center;\"><span dir=\"auto\">Dit type verblijf biedt u een dubbel voordeel, zowel financieel als qua authenticiteit. U heeft toegang tot<\/span><a href=\"https:\/\/www.campinglesbastets.com\/nl\/camping-acsi\/\"><span dir=\"auto\">ACSI-kaart<\/span><\/a><span dir=\"auto\">Vermeld dit gerust bij uw reservering om te profiteren van korting op uw staanplaats.<\/span><\/p>\n<\/div><\/div><\/section>\n\n<section id=\"section-622094a65444a\"\" class=\"section bg-white p-t-0 p-b-0\" \/><div class=\"container extralarge\"><div class=\"element bloc-text\">\n\t<thr-categories type=\"camping\"><\/thr-categories>\r\n<script>\r\n  (function(t,h,e,l,i,s,R,E,S,A){\r\n      t[i]={},t[i][s]=t[i][s]||function(){\r\n          if(1===arguments.length){return t[i].a[arguments[0]]||null}\r\n          else{t[i].a=t[i].a||[]; t[i].a[arguments[0]] = arguments[1];}\r\n      },\r\n          R=h.createElement(e),E=h.getElementsByTagName(e)[0];\r\n      R.async=1;R.src=l;E.parentNode.insertBefore(R,E)\r\n  })(window,document,\"script\",\"\/\/thelisresa.webcamp.fr\/ilib\/v4\/?categories&favorites&searchengine&simpleblock\",\"thelisresa\",\"ilib\");\r\n  thelisresa.ilib('camping', 'bastets');\r\n  thelisresa.ilib('language', 'nl');\r\n<\/script><\/div><\/div><\/section>\n\n<section id=\"section-textes-emplacements\"\" class=\"section bg-white\" \/><div class=\"container extralarge\"><div class=\"colonnes-wrap valign-top \"><div class=\"element colonne \"><h2 class=\"element section-title left\">Een staanplaats in het hart van de Proven\u00e7aalse Dr\u00f4me<\/h2><div class=\"element bloc-text left \">\n\t<p>Ontdek de charme van de Franse Alpes door een staanplaats te boeken op onze camping in de Dr\u00f4me, vlakbij Mont\u00e9limar. Gelegen boven de Plaine de la Valdaine, bieden onze ruime en schaduwrijke kampeerplaatsen een adembenemend uitzicht op het omliggende landschap, waardoor u elke ochtend van uw vakantie kunt ontwaken met een <strong>prachtig panorama<\/strong>.<\/p>\n<\/div><\/div><div class=\"element colonne \"><div class=\"element bloc-text left \">\n\t<p>Op onze sterrencamping in Zuid-Frankrijk geniet u van alle faciliteiten, waaronder een <a href=\"https:\/\/www.campinglesbastets.com\/nl\/zwembad-drome\/\">zwembad<\/a>, terwijl u volledig opgaat in de natuur. Een staanplaats huren op onze camping combineert de geweldige ervaring van buitenleven met betaalbare prijzen, ideaal voor elk budget. Voor wie meer comfort dan een staanplaats wenst, bieden we ook luxe stacaravans en chalets met priv\u00e9 jacuzzi\u00a0in deze prachtige regio van de Provence. Bekijk onze opties en plan uw ideale vakantie op een van de beste campings in Frankrijk.<\/p>\n<\/div><\/div><\/div><\/div><\/section>\n\n<section id=\"section-621f98ca82c78\"\" class=\"section bg-color3 p-b-0\" \/><div class=\"container\"><h2 class=\"element section-title center\">Staanplaats dichtbij de sanitaire op onze camping<\/h2><\/div><\/section>\n\n<section id=\"section-imagetexte4\"\" class=\"section text-image-right bg-color3\" \/><div class=\"container extralarge\"><div class=\"colonnes-wrap valign-middle \"><div class=\"element colonne w-40\"><div class=\"element bloc-text left \">\n\t<p>Kies voor een staanplaats op onze camping in Frankrijk, ideaal gelegen dicht bij de sanitaire voorzieningen voor extra comfort tijdens uw verblijf. Onze gunstig gesitueerde staanplaatsen combineren rust met een vlotte toegang tot alle faciliteiten.<\/p>\n<p>De twee sanitaire gebouwen op onze camping in Zuid-Frankrijk zijn uitgerust met individuele cabines met douche, wastafel en toilet. U vindt er bovendien altijd toiletpapier, handzeep en desinfecterende gel. Daarnaast zijn er f\u00f6hns beschikbaar en beschikt \u00e9\u00e9n van de gebouwen over een babyruimte met badje en commode, evenals afwasplaatsen en wasbakken.<\/p>\n<p>Op onze 4-sterrencamping in Zuid-Frankrijk besteden wij veel aandacht aan hygi\u00ebne en onderhoud. Uw veiligheid en gezondheid, net als die van uw kinderen en ons team, staan bij ons centraal. Daarom werken wij met versterkte hygi\u00ebneprotocollen en worden de sanitaire gebouwen en gemeenschappelijke ruimtes meerdere keren per dag grondig gecontroleerd en gereinigd<\/p>\n<\/div><\/div><div class=\"element colonne w-60\"><div class=\"element fancybox-container\"><a class=\"fancybox\" href=\"https:\/\/www.campinglesbastets.com\/wp-content\/uploads\/2022\/03\/camping-sanitaire.jpg\"><img decoding=\"async\" src=\"https:\/\/www.campinglesbastets.com\/wp-content\/uploads\/2022\/03\/camping-sanitaire.jpg\" data-src=\"https:\/\/www.campinglesbastets.com\/wp-content\/uploads\/2022\/03\/camping-sanitaire.jpg\" alt=\"camping sanitaire\" class=\"images_image\" \/><\/a><\/div><\/div><\/div><\/div><\/section>\n\n<section id=\"section-621f98ca829be\"\" data-bg-opacite=\"0.2\"data-background=\"https:\/\/www.campinglesbastets.com\/wp-content\/uploads\/2022\/03\/emplacement-drone.jpg\"data-speed=\"0.8\"class=\"section img-parallax bg-white section--has-bg-img section_bg-parallax\" \/><div class=\"container extralarge\"><\/div><\/section>\n\n<section id=\"section-6228b5e6ad49f\"\" class=\"section text-image-left home-first bg-color3\" \/><div class=\"container extralarge\"><div class=\"colonnes-wrap valign-middle \"><div class=\"element colonne w-60\"><div class=\"element fancybox-container\"><a class=\"fancybox\" href=\"https:\/\/www.campinglesbastets.com\/wp-content\/uploads\/2022\/03\/camping-tentes-camping-car-drome-1.jpg\"><img decoding=\"async\" src=\"https:\/\/www.campinglesbastets.com\/wp-content\/uploads\/2022\/03\/camping-tentes-camping-car-drome-1.jpg\" data-src=\"https:\/\/www.campinglesbastets.com\/wp-content\/uploads\/2022\/03\/camping-tentes-camping-car-drome-1.jpg\" alt=\"aire camping car drome\" class=\"images_image\" \/><\/a><\/div><\/div><div class=\"element colonne w-40\"><h2 class=\"element section-title left\">Kampeerplaatsen voor tenten, caravans en campers in Zuid-Frankrijk<\/h2><div class=\"element bloc-text left \">\n\t<p>Puristen die de voorkeur geven aan authenticiteit en eenvoud boven luxe, kunnen hun tent, caravan of camper met plezier opzetten op een van onze staanplaatsen op onze camping in Zuid-Frankrijk, gelegen in de Proven\u00e7aalse Dr\u00f4me. Onze 4-sterren camping biedt ruime en halfbeschaduwde staanplaatsen die omzoomd zijn met vegetatie, waardoor u de gezelligheid van een openluchthotel ervaart terwijl uw privacy gewaarborgd blijft. Op ons beboste en groene domaine kunt u, of u nu alleen bent, met kinderen of met vrienden, weer in verbinding komen met de natuur en genieten van een perfecte vakantie in Zuid-Frankrijk.<\/p>\n<\/div><\/div><\/div><\/div><\/section>\n\n<section id=\"section-imagetexte2\"\" class=\"section text-image-right bg-white\" \/><div class=\"container extralarge\"><div class=\"colonnes-wrap valign-middle \"><div class=\"element colonne w-40\"><div class=\"element bloc-text left \">\n\t<p>De <strong>staanplaatsen met uitzicht op de vlakte van Valdaine<\/strong> van onze camping zijn voorzien van een parkeerplaats voor \u00e9\u00e9n voertuig (auto + tent, auto + caravan of camper) en bieden een elektriciteitsaansluiting van 10A met een Europese stekker. Vergeet niet een Europese adapter aan te schaffen bij de receptie indien nodig (\u20ac15).<span dir=\"auto\">\u00a0Er is<\/span><br \/>\n<span dir=\"auto\">een\u00a0<\/span><strong class=\"bold color1\"><span dir=\"auto\">drinkwaterkraan<\/span><\/strong><span dir=\"auto\">\u00a0die gedeeld wordt door drie staanplaatsen, en drinkwater is ook verkrijgbaar bij de sanitaire voorzieningen. U kunt dus optimaal genieten door uw televisie, koelkast en koffiezetapparaat op uw staanplaats aan te sluiten. Er is wifi beschikbaar op\u00a0<\/span><strong class=\"bold color1\"><span dir=\"auto\">de gehele camping<\/span><\/strong><span dir=\"auto\">\u00a0(gratis en beperkte service op het terras van de bar\/het restaurant, tegen betaling op uw staanplaats). Sommige huisdieren zijn toegestaan \u200b\u200b(neem contact op met de camping voor meer informatie).<\/span><\/p>\n<\/div><\/div><div class=\"element colonne w-60 grenouille\"><div class=\"element fancybox-container\"><a class=\"fancybox\" href=\"https:\/\/www.campinglesbastets.com\/wp-content\/uploads\/2022\/03\/camping-tente-drome.jpg\"><img decoding=\"async\" src=\"https:\/\/www.campinglesbastets.com\/wp-content\/uploads\/2022\/03\/camping-tente-drome.jpg\" data-src=\"https:\/\/www.campinglesbastets.com\/wp-content\/uploads\/2022\/03\/camping-tente-drome.jpg\" alt=\"camping tente drome\" class=\"images_image\" \/><\/a><\/div><\/div><\/div><\/div><\/section>\n\n<section id=\"section-imagetexte3\"\" class=\"section text-image-left bg-white\" \/><div class=\"container extralarge\"><div class=\"colonnes-wrap valign-middle \"><div class=\"element colonne w-60\"><div class=\"element fancybox-container\"><a class=\"fancybox\" href=\"https:\/\/www.campinglesbastets.com\/wp-content\/uploads\/2022\/04\/camping-aire-de-jeux.jpg\"><img decoding=\"async\" src=\"https:\/\/www.campinglesbastets.com\/wp-content\/uploads\/2022\/04\/camping-aire-de-jeux.jpg\" data-src=\"https:\/\/www.campinglesbastets.com\/wp-content\/uploads\/2022\/04\/camping-aire-de-jeux.jpg\" alt=\"aire de jeux camping\" class=\"images_image\" \/><\/a><\/div><\/div><div class=\"element colonne w-40\"><div class=\"element bloc-text left \">\n\t<p><span dir=\"auto\">Camping Les Bastets is een viersterrencamping met faciliteiten en diensten die uw verblijf aangenaam zullen maken.<\/span><a href=\"https:\/\/www.campinglesbastets.com\/nl\/camping-rhone-alpes\/\"><span dir=\"auto\">uw kampeervakantie in de Rh\u00f4ne-Alpes<\/span><\/a><span dir=\"auto\">Wasfaciliteiten, supermarkt met broodservice, restaurant, kinderclub in juli en augustus, waterpark met verwarmd zwembad, verhuur van koelkasten en babybenodigdheden, gemeenschappelijke barbecues, multisportveld, minigolf, zipline, pingpongtafels, trampolines, kinderspeelplaats\u2026<\/span><\/p>\n<\/div><\/div><\/div><\/div><\/section>\n\n<section id=\"section-ctas\"\" class=\"section page-cta bg-white\" \/><div class=\"container extralarge\"><div class=\"element section-title center h2-like\">Faciliteiten en diensten van onze 4-sterren camping in Zuid-Franrijk<\/div><div class=\"element bloc-text justify \">\n\t<\/div><ul class=\"liste-de-page\"><li class=\"element call-to-action carre call-to-action--style-1 call-to-action--big\"><a href=\"https:\/\/www.campinglesbastets.com\/nl\/accommodaties\/\"  class=\"call-to-action_link\" title=\"En savoir plus sur accommodaties\"><div class=\"call-to-action_image\"><img decoding=\"async\" src=\"https:\/\/www.campinglesbastets.com\/wp-content\/uploads\/2022\/02\/location-mobilh-home-drome.jpg\" data-src=\"https:\/\/www.campinglesbastets.com\/wp-content\/uploads\/2022\/02\/location-mobilh-home-drome.jpg\" alt=\"location mobil home drome\" class=\"big\" \/><\/div><div class=\"call-to-action_contenu\"><div class=\"call-to-action_titre\">accommodaties<\/div><\/div><\/a><\/li><li class=\"element call-to-action carre call-to-action--style-1 call-to-action--big call-to-action--style-1 call-to-action--big\"><a href=\"https:\/\/www.campinglesbastets.com\/nl\/zwembad-drome\/\"  class=\"call-to-action_link\" title=\"En savoir plus sur zwemparadijs\"><div class=\"call-to-action_image\"><img decoding=\"async\" src=\"https:\/\/www.campinglesbastets.com\/wp-content\/uploads\/2022\/03\/camping-piscine-drome-1.jpg\" data-src=\"https:\/\/www.campinglesbastets.com\/wp-content\/uploads\/2022\/03\/camping-piscine-drome-1.jpg\" alt=\"camping piscine drome\" class=\"big\" \/><\/div><div class=\"call-to-action_contenu\"><div class=\"call-to-action_titre\">Zwemparadijs<\/div><\/div><\/a><\/li><li class=\"element call-to-action carre call-to-action--style-1 call-to-action--big call-to-action--style-1 call-to-action--big call-to-action--style-1 call-to-action--big\"><a href=\"https:\/\/www.campinglesbastets.com\/nl\/diensten\/\"  class=\"call-to-action_link\" title=\"En savoir plus sur diensten\"><div class=\"call-to-action_image\"><img decoding=\"async\" src=\"https:\/\/www.campinglesbastets.com\/wp-content\/uploads\/2022\/03\/camping-4-etoiles-drome-1.jpg\" data-src=\"https:\/\/www.campinglesbastets.com\/wp-content\/uploads\/2022\/03\/camping-4-etoiles-drome-1.jpg\" alt=\"camping 4 etoiles drome\" class=\"big\" \/><\/div><div class=\"call-to-action_contenu\"><div class=\"call-to-action_titre\">Diensten<\/div><\/div><\/a><\/li><\/ul><\/div><\/section>","protected":false},"excerpt":{"rendered":"","protected":false},"author":1,"featured_media":8834,"parent":0,"menu_order":0,"comment_status":"closed","ping_status":"closed","template":"","meta":{"_acf_changed":false,"footnotes":""},"class_list":["post-10604","page","type-page","status-publish","has-post-thumbnail","hentry"],"acf":[],"yoast_head":"<!-- This site is optimized with the Yoast SEO plugin v25.3 - https:\/\/yoast.com\/wordpress\/plugins\/seo\/ -->\n<title>Camping en caravan plaatsen in Mont\u00e9limar in de Proven\u00e7aalse Dr\u00f4me<\/title>\n<meta name=\"description\" content=\"Ontdek de Proven\u00e7aalse Dr\u00f4me door uw vakantie door te brengen op een unieke camping in de buurt van Mont\u00e9limar. Al onze kampeerders komen jaar na jaar terug!\" \/>\n<meta name=\"robots\" content=\"index, follow, max-snippet:-1, max-image-preview:large, max-video-preview:-1\" \/>\n<link rel=\"canonical\" href=\"https:\/\/www.campinglesbastets.com\/nl\/standplaatsen-camping\/\" \/>\n<meta property=\"og:locale\" content=\"nl_NL\" \/>\n<meta property=\"og:type\" content=\"article\" \/>\n<meta property=\"og:title\" content=\"Camping en caravan plaatsen in Mont\u00e9limar in de Proven\u00e7aalse Dr\u00f4me\" \/>\n<meta property=\"og:description\" content=\"Ontdek de Proven\u00e7aalse Dr\u00f4me door uw vakantie door te brengen op een unieke camping in de buurt van Mont\u00e9limar. Al onze kampeerders komen jaar na jaar terug!\" \/>\n<meta property=\"og:url\" content=\"https:\/\/www.campinglesbastets.com\/nl\/standplaatsen-camping\/\" \/>\n<meta property=\"og:site_name\" content=\"Camping Les Bastets\" \/>\n<meta property=\"article:modified_time\" content=\"2026-02-27T11:38:06+00:00\" \/>\n<meta property=\"og:image\" content=\"https:\/\/www.campinglesbastets.com\/wp-content\/uploads\/2022\/03\/emplacement-camping-drome.jpg\" \/>\n\t<meta property=\"og:image:width\" content=\"1902\" \/>\n\t<meta property=\"og:image:height\" content=\"1056\" \/>\n\t<meta property=\"og:image:type\" content=\"image\/jpeg\" \/>\n<meta name=\"twitter:card\" content=\"summary_large_image\" \/>\n<meta name=\"twitter:label1\" content=\"Geschatte leestijd\" \/>\n\t<meta name=\"twitter:data1\" content=\"1 minuut\" \/>\n<script type=\"application\/ld+json\" class=\"yoast-schema-graph\">{\"@context\":\"https:\/\/schema.org\",\"@graph\":[{\"@type\":\"WebPage\",\"@id\":\"https:\/\/www.campinglesbastets.com\/nl\/standplaatsen-camping\/\",\"url\":\"https:\/\/www.campinglesbastets.com\/nl\/standplaatsen-camping\/\",\"name\":\"Camping en caravan plaatsen in Mont\u00e9limar in de Proven\u00e7aalse Dr\u00f4me\",\"isPartOf\":{\"@id\":\"https:\/\/www.campinglesbastets.com\/nl\/#website\"},\"primaryImageOfPage\":{\"@id\":\"https:\/\/www.campinglesbastets.com\/nl\/standplaatsen-camping\/#primaryimage\"},\"image\":{\"@id\":\"https:\/\/www.campinglesbastets.com\/nl\/standplaatsen-camping\/#primaryimage\"},\"thumbnailUrl\":\"https:\/\/www.campinglesbastets.com\/wp-content\/uploads\/2022\/03\/emplacement-camping-drome.jpg\",\"datePublished\":\"2021-12-21T13:13:29+00:00\",\"dateModified\":\"2026-02-27T11:38:06+00:00\",\"description\":\"Ontdek de Proven\u00e7aalse Dr\u00f4me door uw vakantie door te brengen op een unieke camping in de buurt van Mont\u00e9limar. Al onze kampeerders komen jaar na jaar terug!\",\"breadcrumb\":{\"@id\":\"https:\/\/www.campinglesbastets.com\/nl\/standplaatsen-camping\/#breadcrumb\"},\"inLanguage\":\"nl-NL\",\"potentialAction\":[{\"@type\":\"ReadAction\",\"target\":[\"https:\/\/www.campinglesbastets.com\/nl\/standplaatsen-camping\/\"]}]},{\"@type\":\"ImageObject\",\"inLanguage\":\"nl-NL\",\"@id\":\"https:\/\/www.campinglesbastets.com\/nl\/standplaatsen-camping\/#primaryimage\",\"url\":\"https:\/\/www.campinglesbastets.com\/wp-content\/uploads\/2022\/03\/emplacement-camping-drome.jpg\",\"contentUrl\":\"https:\/\/www.campinglesbastets.com\/wp-content\/uploads\/2022\/03\/emplacement-camping-drome.jpg\",\"width\":1902,\"height\":1056,\"caption\":\"emplacement camping drome\"},{\"@type\":\"BreadcrumbList\",\"@id\":\"https:\/\/www.campinglesbastets.com\/nl\/standplaatsen-camping\/#breadcrumb\",\"itemListElement\":[{\"@type\":\"ListItem\",\"position\":1,\"name\":\"Camping Dr\u00f4me\",\"item\":\"https:\/\/www.campinglesbastets.com\/nl\/\"},{\"@type\":\"ListItem\",\"position\":2,\"name\":\"Staanplaats Camping Dr\u00f4me\"}]},{\"@type\":\"WebSite\",\"@id\":\"https:\/\/www.campinglesbastets.com\/nl\/#website\",\"url\":\"https:\/\/www.campinglesbastets.com\/nl\/\",\"name\":\"Camping Les Bastets\",\"description\":\"\",\"publisher\":{\"@id\":\"https:\/\/www.campinglesbastets.com\/nl\/#organization\"},\"potentialAction\":[{\"@type\":\"SearchAction\",\"target\":{\"@type\":\"EntryPoint\",\"urlTemplate\":\"https:\/\/www.campinglesbastets.com\/nl\/?s={search_term_string}\"},\"query-input\":{\"@type\":\"PropertyValueSpecification\",\"valueRequired\":true,\"valueName\":\"search_term_string\"}}],\"inLanguage\":\"nl-NL\"},{\"@type\":\"Organization\",\"@id\":\"https:\/\/www.campinglesbastets.com\/nl\/#organization\",\"name\":\"Camping Les Bastets\",\"url\":\"https:\/\/www.campinglesbastets.com\/nl\/\",\"logo\":{\"@type\":\"ImageObject\",\"inLanguage\":\"nl-NL\",\"@id\":\"https:\/\/www.campinglesbastets.com\/nl\/#\/schema\/logo\/image\/\",\"url\":\"https:\/\/www.campinglesbastets.com\/wp-content\/uploads\/2022\/02\/favicon-1.png\",\"contentUrl\":\"https:\/\/www.campinglesbastets.com\/wp-content\/uploads\/2022\/02\/favicon-1.png\",\"width\":1423,\"height\":1423,\"caption\":\"Camping Les Bastets\"},\"image\":{\"@id\":\"https:\/\/www.campinglesbastets.com\/nl\/#\/schema\/logo\/image\/\"}}]}<\/script>\n<!-- \/ Yoast SEO plugin. -->","yoast_head_json":{"title":"Camping en caravan plaatsen in Mont\u00e9limar in de Proven\u00e7aalse Dr\u00f4me","description":"Ontdek de Proven\u00e7aalse Dr\u00f4me door uw vakantie door te brengen op een unieke camping in de buurt van Mont\u00e9limar. Al onze kampeerders komen jaar na jaar terug!","robots":{"index":"index","follow":"follow","max-snippet":"max-snippet:-1","max-image-preview":"max-image-preview:large","max-video-preview":"max-video-preview:-1"},"canonical":"https:\/\/www.campinglesbastets.com\/nl\/standplaatsen-camping\/","og_locale":"nl_NL","og_type":"article","og_title":"Camping en caravan plaatsen in Mont\u00e9limar in de Proven\u00e7aalse Dr\u00f4me","og_description":"Ontdek de Proven\u00e7aalse Dr\u00f4me door uw vakantie door te brengen op een unieke camping in de buurt van Mont\u00e9limar. Al onze kampeerders komen jaar na jaar terug!","og_url":"https:\/\/www.campinglesbastets.com\/nl\/standplaatsen-camping\/","og_site_name":"Camping Les Bastets","article_modified_time":"2026-02-27T11:38:06+00:00","og_image":[{"width":1902,"height":1056,"url":"https:\/\/www.campinglesbastets.com\/wp-content\/uploads\/2022\/03\/emplacement-camping-drome.jpg","type":"image\/jpeg"}],"twitter_card":"summary_large_image","twitter_misc":{"Geschatte leestijd":"1 minuut"},"schema":{"@context":"https:\/\/schema.org","@graph":[{"@type":"WebPage","@id":"https:\/\/www.campinglesbastets.com\/nl\/standplaatsen-camping\/","url":"https:\/\/www.campinglesbastets.com\/nl\/standplaatsen-camping\/","name":"Camping en caravan plaatsen in Mont\u00e9limar in de Proven\u00e7aalse Dr\u00f4me","isPartOf":{"@id":"https:\/\/www.campinglesbastets.com\/nl\/#website"},"primaryImageOfPage":{"@id":"https:\/\/www.campinglesbastets.com\/nl\/standplaatsen-camping\/#primaryimage"},"image":{"@id":"https:\/\/www.campinglesbastets.com\/nl\/standplaatsen-camping\/#primaryimage"},"thumbnailUrl":"https:\/\/www.campinglesbastets.com\/wp-content\/uploads\/2022\/03\/emplacement-camping-drome.jpg","datePublished":"2021-12-21T13:13:29+00:00","dateModified":"2026-02-27T11:38:06+00:00","description":"Ontdek de Proven\u00e7aalse Dr\u00f4me door uw vakantie door te brengen op een unieke camping in de buurt van Mont\u00e9limar. Al onze kampeerders komen jaar na jaar terug!","breadcrumb":{"@id":"https:\/\/www.campinglesbastets.com\/nl\/standplaatsen-camping\/#breadcrumb"},"inLanguage":"nl-NL","potentialAction":[{"@type":"ReadAction","target":["https:\/\/www.campinglesbastets.com\/nl\/standplaatsen-camping\/"]}]},{"@type":"ImageObject","inLanguage":"nl-NL","@id":"https:\/\/www.campinglesbastets.com\/nl\/standplaatsen-camping\/#primaryimage","url":"https:\/\/www.campinglesbastets.com\/wp-content\/uploads\/2022\/03\/emplacement-camping-drome.jpg","contentUrl":"https:\/\/www.campinglesbastets.com\/wp-content\/uploads\/2022\/03\/emplacement-camping-drome.jpg","width":1902,"height":1056,"caption":"emplacement camping drome"},{"@type":"BreadcrumbList","@id":"https:\/\/www.campinglesbastets.com\/nl\/standplaatsen-camping\/#breadcrumb","itemListElement":[{"@type":"ListItem","position":1,"name":"Camping Dr\u00f4me","item":"https:\/\/www.campinglesbastets.com\/nl\/"},{"@type":"ListItem","position":2,"name":"Staanplaats Camping Dr\u00f4me"}]},{"@type":"WebSite","@id":"https:\/\/www.campinglesbastets.com\/nl\/#website","url":"https:\/\/www.campinglesbastets.com\/nl\/","name":"Camping Les Bastets","description":"","publisher":{"@id":"https:\/\/www.campinglesbastets.com\/nl\/#organization"},"potentialAction":[{"@type":"SearchAction","target":{"@type":"EntryPoint","urlTemplate":"https:\/\/www.campinglesbastets.com\/nl\/?s={search_term_string}"},"query-input":{"@type":"PropertyValueSpecification","valueRequired":true,"valueName":"search_term_string"}}],"inLanguage":"nl-NL"},{"@type":"Organization","@id":"https:\/\/www.campinglesbastets.com\/nl\/#organization","name":"Camping Les Bastets","url":"https:\/\/www.campinglesbastets.com\/nl\/","logo":{"@type":"ImageObject","inLanguage":"nl-NL","@id":"https:\/\/www.campinglesbastets.com\/nl\/#\/schema\/logo\/image\/","url":"https:\/\/www.campinglesbastets.com\/wp-content\/uploads\/2022\/02\/favicon-1.png","contentUrl":"https:\/\/www.campinglesbastets.com\/wp-content\/uploads\/2022\/02\/favicon-1.png","width":1423,"height":1423,"caption":"Camping Les Bastets"},"image":{"@id":"https:\/\/www.campinglesbastets.com\/nl\/#\/schema\/logo\/image\/"}}]}},"_links":{"self":[{"href":"https:\/\/www.campinglesbastets.com\/nl\/wp-json\/wp\/v2\/pages\/10604","targetHints":{"allow":["GET"]}}],"collection":[{"href":"https:\/\/www.campinglesbastets.com\/nl\/wp-json\/wp\/v2\/pages"}],"about":[{"href":"https:\/\/www.campinglesbastets.com\/nl\/wp-json\/wp\/v2\/types\/page"}],"author":[{"embeddable":true,"href":"https:\/\/www.campinglesbastets.com\/nl\/wp-json\/wp\/v2\/users\/1"}],"replies":[{"embeddable":true,"href":"https:\/\/www.campinglesbastets.com\/nl\/wp-json\/wp\/v2\/comments?post=10604"}],"version-history":[{"count":17,"href":"https:\/\/www.campinglesbastets.com\/nl\/wp-json\/wp\/v2\/pages\/10604\/revisions"}],"predecessor-version":[{"id":16191,"href":"https:\/\/www.campinglesbastets.com\/nl\/wp-json\/wp\/v2\/pages\/10604\/revisions\/16191"}],"wp:featuredmedia":[{"embeddable":true,"href":"https:\/\/www.campinglesbastets.com\/nl\/wp-json\/wp\/v2\/media\/8834"}],"wp:attachment":[{"href":"https:\/\/www.campinglesbastets.com\/nl\/wp-json\/wp\/v2\/media?parent=10604"}],"curies":[{"name":"wp","href":"https:\/\/api.w.org\/{rel}","templated":true}]}}