{"id":10562,"date":"2021-12-21T14:13:17","date_gmt":"2021-12-21T13:13:17","guid":{"rendered":"https:\/\/www.campinglesbastets.com\/hebergement\/"},"modified":"2026-02-06T14:19:21","modified_gmt":"2026-02-06T13:19:21","slug":"accommodaties","status":"publish","type":"page","link":"https:\/\/www.campinglesbastets.com\/nl\/accommodaties\/","title":{"rendered":"Les locations"},"content":{"rendered":"<section id=\"section-61fa98c3de43f\"\" class=\"section bg-white p-b-0\" \/><div class=\"container extralarge\"><h1 class=\"element section-title center\">STACARAVAN HUREN IN DE DR\u00d4ME PROVEN\u00c7ALE IN FRANKRIJK<\/h1><\/div><\/section>\n\n<section id=\"section-620682ede8c12\"\" class=\"section bg-white p-b-0\" \/><div class=\"container extralarge\"><div class=\"element bloc-text\">\n\t<script>\r\n  (function(t,h,e,l,i,s,R,E,S,A){\r\n      t[i]={},t[i][s]=t[i][s]||function(){\r\n          if(1===arguments.length){return t[i].a[arguments[0]]||null}\r\n          else{t[i].a=t[i].a||[]; t[i].a[arguments[0]] = arguments[1];}\r\n      },\r\n          R=h.createElement(e),E=h.getElementsByTagName(e)[0];\r\n      R.async=1;R.src=l;E.parentNode.insertBefore(R,E)\r\n  })(window,document,\"script\",\"\/\/thelisresa.webcamp.fr\/ilib\/v4\/?categories&favorites&searchengine&simpleblock\",\"thelisresa\",\"ilib\");\r\n  thelisresa.ilib('camping', 'bastets');\r\n  thelisresa.ilib('language', 'nl');\r\n<\/script>\r\n<thr-categories type=\"location\"><\/thr-categories><\/div><\/div><\/section>\n\n<section id=\"section-620682ede8e5d\"\" class=\"section bg-white\" \/><div class=\"container extralarge\"><div class=\"colonnes-wrap valign-top \"><div class=\"element colonne \"><div class=\"element bloc-text left \">\n\t<p style=\"text-align: center;\">Voor wie op zoek is naar een luxe stacaravan huren in Frankrijk, biedt onze 4-sterren <a href=\"https:\/\/www.campinglesbastets.com\/nl\/\">camping in de Dr\u00f4me in Frankrijk<\/a> een uitstekende keuze. Gelegen in het hart van de Dr\u00f4me, beschikt ons domaine over stacaravans met meerdere slaapkamers die comfort bieden aan een verscheidenheid van personen. Elke stacaravan op onze camping is uitgerust met alle nodige luxe en gemakken, wat zorgt voor een <strong>ontspannen verblijf<\/strong> te midden van groene landschappen en de bergen. Kies voor een verblijf in \u00e9\u00e9n van de mooie stacaravans van onze camping in Frankrijk en ervaar een <strong>vakantie vol comfort en vrijheid<\/strong> in de prachtige Proven\u00e7aalse Dr\u00f4me.<\/p>\n<\/div><h2 class=\"element section-title left m-t-5\">Kom in uw stacaravan wanneer u wilt!<\/h2><div class=\"element bloc-text left \">\n\t<p>Heeft u een stacaravan gehuurd bij ons 4 sterren camping in Zuid Frankrijk ? Elk van onze stacaravans, gelegen in de prachtige Dr\u00f4me, is voorzien van goed uitgeruste slaapkamers, een mooi terras, en alle voorzieningen die nodig zijn voor een perfect verblijf op onze 4-sterren familiecamping.<\/p>\n<p>Aankomst en vertrek is elke dag mogelijk, ook in juli en augustus, <strong>zonder extra kosten<\/strong>. Controleer de beschikbaarheid van de stacaravan door de website van de camping.<\/p>\n<p>Kies zelf uw data om de weekenddrukte en het wachten bij de receptie van de camping te vermijden, zodat u ongestoord kunt genieten van uw verblijf in een <a href=\"https:\/\/www.campinglesbastets.com\/nl\/accommodatie\/premium-air-conditioning-met-spa\/\">stacaravan met spa in Dr\u00f4me in Frankrijk<\/a> bij ons camping.<\/p>\n<\/div><\/div><div class=\"element colonne \"><h2 class=\"element section-title left\">Huur een stacaravan of chalet in de Auvergne-Rh\u00f4ne-Alpes<\/h2><div class=\"element bloc-text left \">\n\t<p>De kenmerken van de diverse accommodaties van onze camping in de Dr\u00f4me vari\u00ebren per type, maar \u00e9\u00e9n ding is gegarandeerd: alle accommodaties bieden optimaal comfort tijdens uw vakantie in Zuid-Frankrijk. Wanneer u kiest voor een stacaravan huren in Frankrijk op onze camping in de Rh\u00f4ne Alpes, een van de beste campings in de regio, verzekert u zich van een aangenaam verblijf in Zuid-Frankrijk. Het hele Proven\u00e7aalse landschap ligt aan de voet van uw stacaravan in de Dr\u00f4me. U profiteert niet alleen van de prachtige omgeving vanaf het terras van uw stacaravan, maar ook van de <strong>uitgebreide faciliteiten die onze camping te bieden heeft<\/strong>, zoals onze <a href=\"https:\/\/www.campinglesbastets.com\/nl\/zwembad-drome\/\">zwembad<\/a> of restaurant. Ontdek het<strong> comfort en de kwaliteit van onze stacaravans<\/strong> en geniet van een onvergetelijke vakantie in Frankrijk.<\/p>\n<p>Natuurlijk vari\u00ebren de prijzen afhankelijk van het type stacaravan, chalet of lodgetent dat u kiest. Uw droomvakantie ligt binnen handbereik, u hoeft alleen maar een stacaravan te huren op onze camping in Frankrijk!<\/p>\n<p>Dit is de perfecte manier om te genieten van de levendige sfeer en warmte van een camping in Zuid-Frankrijk, terwijl u het gewenste comfort behoudt. Aan u de keuze: een stacaravan huren in Montelimar? Een <a href=\"https:\/\/www.campinglesbastets.com\/nl\/accommodatie\/houten-chalet-nieuw-2017\/\"><span style=\"font-weight: 400;\">chalet huren in Dr\u00f4me in Frankrijk<\/span><\/a>? Of verblijft u liever op een <strong>camping in Dr\u00f4me<\/strong> of een <strong>camping op de Proven\u00e7aalse Dr\u00f4me<\/strong>?<\/p>\n<\/div><\/div><\/div><\/div><\/section>\n\n<section id=\"section-62068952b0503\"\" class=\"section page-cta bg-color3\" \/><div class=\"container extralarge\"><div class=\"element section-title center h2-like\">Ontdek de staanplaatsen en diensten van de camping<\/div><ul class=\"liste-de-page\"><li class=\"element call-to-action carre call-to-action--style-1 call-to-action--big\"><a href=\"https:\/\/www.campinglesbastets.com\/nl\/standplaatsen-camping\/\"  class=\"call-to-action_link\" title=\"En savoir plus sur kampeerplaatsen\"><div class=\"call-to-action_image\"><img decoding=\"async\" src=\"https:\/\/www.campinglesbastets.com\/wp-content\/uploads\/2022\/03\/emplacement-camping-drome.jpg\" data-src=\"https:\/\/www.campinglesbastets.com\/wp-content\/uploads\/2022\/03\/emplacement-camping-drome.jpg\" alt=\"emplacement camping drome\" class=\"big\" \/><\/div><div class=\"call-to-action_contenu\"><div class=\"call-to-action_titre\">kampeerplaatsen<\/div><\/div><\/a><\/li><li class=\"element call-to-action carre call-to-action--style-1 call-to-action--big call-to-action--style-1 call-to-action--big\"><a href=\"https:\/\/www.campinglesbastets.com\/nl\/zwembad-drome\/\"  class=\"call-to-action_link\" title=\"En savoir plus sur zwemparadijs\"><div class=\"call-to-action_image\"><img decoding=\"async\" src=\"https:\/\/www.campinglesbastets.com\/wp-content\/uploads\/2022\/03\/camping-piscine-drome-1.jpg\" data-src=\"https:\/\/www.campinglesbastets.com\/wp-content\/uploads\/2022\/03\/camping-piscine-drome-1.jpg\" alt=\"camping piscine drome\" class=\"big\" \/><\/div><div class=\"call-to-action_contenu\"><div class=\"call-to-action_titre\">Zwemparadijs<\/div><\/div><\/a><\/li><li class=\"element call-to-action carre call-to-action--style-1 call-to-action--big call-to-action--style-1 call-to-action--big call-to-action--style-1 call-to-action--big\"><a href=\"https:\/\/www.campinglesbastets.com\/nl\/diensten\/\"  class=\"call-to-action_link\" title=\"En savoir plus sur diensten\"><div class=\"call-to-action_image\"><img decoding=\"async\" src=\"https:\/\/www.campinglesbastets.com\/wp-content\/uploads\/2022\/03\/camping-4-etoiles-drome-1.jpg\" data-src=\"https:\/\/www.campinglesbastets.com\/wp-content\/uploads\/2022\/03\/camping-4-etoiles-drome-1.jpg\" alt=\"camping 4 etoiles drome\" class=\"big\" \/><\/div><div class=\"call-to-action_contenu\"><div class=\"call-to-action_titre\">Diensten<\/div><\/div><\/a><\/li><\/ul><\/div><\/section>","protected":false},"excerpt":{"rendered":"","protected":false},"author":1,"featured_media":1354,"parent":0,"menu_order":0,"comment_status":"closed","ping_status":"closed","template":"","meta":{"_acf_changed":false,"footnotes":""},"class_list":["post-10562","page","type-page","status-publish","has-post-thumbnail","hentry"],"acf":[],"yoast_head":"<!-- This site is optimized with the Yoast SEO plugin v25.3 - https:\/\/yoast.com\/wordpress\/plugins\/seo\/ -->\n<title>Verhuur van stacaravans Dr\u00f4me - Huur uw stacaravan in de Dr\u00f4me Proven\u00e7ale<\/title>\n<meta name=\"description\" content=\"Vind de ideale stacaravan in de Dr\u00f4me Proven\u00e7ale. Geniet van een comfortabel verblijf te midden van de natuur in een betoverende omgeving voor een ontspannen vakantie in de Dr\u00f4me\" \/>\n<meta name=\"robots\" content=\"index, follow, max-snippet:-1, max-image-preview:large, max-video-preview:-1\" \/>\n<link rel=\"canonical\" href=\"https:\/\/www.campinglesbastets.com\/nl\/accommodaties\/\" \/>\n<meta property=\"og:locale\" content=\"nl_NL\" \/>\n<meta property=\"og:type\" content=\"article\" \/>\n<meta property=\"og:title\" content=\"Verhuur van stacaravans Dr\u00f4me - Huur uw stacaravan in de Dr\u00f4me Proven\u00e7ale\" \/>\n<meta property=\"og:description\" content=\"Vind de ideale stacaravan in de Dr\u00f4me Proven\u00e7ale. Geniet van een comfortabel verblijf te midden van de natuur in een betoverende omgeving voor een ontspannen vakantie in de Dr\u00f4me\" \/>\n<meta property=\"og:url\" content=\"https:\/\/www.campinglesbastets.com\/nl\/accommodaties\/\" \/>\n<meta property=\"og:site_name\" content=\"Camping Les Bastets\" \/>\n<meta property=\"article:modified_time\" content=\"2026-02-06T13:19:21+00:00\" \/>\n<meta property=\"og:image\" content=\"https:\/\/www.campinglesbastets.com\/wp-content\/uploads\/2022\/02\/location-mobilh-home-drome.jpg\" \/>\n\t<meta property=\"og:image:width\" content=\"1900\" \/>\n\t<meta property=\"og:image:height\" content=\"1115\" \/>\n\t<meta property=\"og:image:type\" content=\"image\/jpeg\" \/>\n<meta name=\"twitter:card\" content=\"summary_large_image\" \/>\n<meta name=\"twitter:label1\" content=\"Geschatte leestijd\" \/>\n\t<meta name=\"twitter:data1\" content=\"1 minuut\" \/>\n<script type=\"application\/ld+json\" class=\"yoast-schema-graph\">{\"@context\":\"https:\/\/schema.org\",\"@graph\":[{\"@type\":\"WebPage\",\"@id\":\"https:\/\/www.campinglesbastets.com\/nl\/accommodaties\/\",\"url\":\"https:\/\/www.campinglesbastets.com\/nl\/accommodaties\/\",\"name\":\"Verhuur van stacaravans Dr\u00f4me - Huur uw stacaravan in de Dr\u00f4me Proven\u00e7ale\",\"isPartOf\":{\"@id\":\"https:\/\/www.campinglesbastets.com\/nl\/#website\"},\"primaryImageOfPage\":{\"@id\":\"https:\/\/www.campinglesbastets.com\/nl\/accommodaties\/#primaryimage\"},\"image\":{\"@id\":\"https:\/\/www.campinglesbastets.com\/nl\/accommodaties\/#primaryimage\"},\"thumbnailUrl\":\"https:\/\/www.campinglesbastets.com\/wp-content\/uploads\/2022\/02\/location-mobilh-home-drome.jpg\",\"datePublished\":\"2021-12-21T13:13:17+00:00\",\"dateModified\":\"2026-02-06T13:19:21+00:00\",\"description\":\"Vind de ideale stacaravan in de Dr\u00f4me Proven\u00e7ale. Geniet van een comfortabel verblijf te midden van de natuur in een betoverende omgeving voor een ontspannen vakantie in de Dr\u00f4me\",\"breadcrumb\":{\"@id\":\"https:\/\/www.campinglesbastets.com\/nl\/accommodaties\/#breadcrumb\"},\"inLanguage\":\"nl-NL\",\"potentialAction\":[{\"@type\":\"ReadAction\",\"target\":[\"https:\/\/www.campinglesbastets.com\/nl\/accommodaties\/\"]}]},{\"@type\":\"ImageObject\",\"inLanguage\":\"nl-NL\",\"@id\":\"https:\/\/www.campinglesbastets.com\/nl\/accommodaties\/#primaryimage\",\"url\":\"https:\/\/www.campinglesbastets.com\/wp-content\/uploads\/2022\/02\/location-mobilh-home-drome.jpg\",\"contentUrl\":\"https:\/\/www.campinglesbastets.com\/wp-content\/uploads\/2022\/02\/location-mobilh-home-drome.jpg\",\"width\":1900,\"height\":1115,\"caption\":\"location mobil home drome\"},{\"@type\":\"BreadcrumbList\",\"@id\":\"https:\/\/www.campinglesbastets.com\/nl\/accommodaties\/#breadcrumb\",\"itemListElement\":[{\"@type\":\"ListItem\",\"position\":1,\"name\":\"Camping Dr\u00f4me\",\"item\":\"https:\/\/www.campinglesbastets.com\/nl\/\"},{\"@type\":\"ListItem\",\"position\":2,\"name\":\"STACARAVAN HUREN IN DE DR\u00d4ME PROVEN\u00c7ALE IN FRANKRIJK\"}]},{\"@type\":\"WebSite\",\"@id\":\"https:\/\/www.campinglesbastets.com\/nl\/#website\",\"url\":\"https:\/\/www.campinglesbastets.com\/nl\/\",\"name\":\"Camping Les Bastets\",\"description\":\"\",\"publisher\":{\"@id\":\"https:\/\/www.campinglesbastets.com\/nl\/#organization\"},\"potentialAction\":[{\"@type\":\"SearchAction\",\"target\":{\"@type\":\"EntryPoint\",\"urlTemplate\":\"https:\/\/www.campinglesbastets.com\/nl\/?s={search_term_string}\"},\"query-input\":{\"@type\":\"PropertyValueSpecification\",\"valueRequired\":true,\"valueName\":\"search_term_string\"}}],\"inLanguage\":\"nl-NL\"},{\"@type\":\"Organization\",\"@id\":\"https:\/\/www.campinglesbastets.com\/nl\/#organization\",\"name\":\"Camping Les Bastets\",\"url\":\"https:\/\/www.campinglesbastets.com\/nl\/\",\"logo\":{\"@type\":\"ImageObject\",\"inLanguage\":\"nl-NL\",\"@id\":\"https:\/\/www.campinglesbastets.com\/nl\/#\/schema\/logo\/image\/\",\"url\":\"https:\/\/www.campinglesbastets.com\/wp-content\/uploads\/2022\/02\/favicon-1.png\",\"contentUrl\":\"https:\/\/www.campinglesbastets.com\/wp-content\/uploads\/2022\/02\/favicon-1.png\",\"width\":1423,\"height\":1423,\"caption\":\"Camping Les Bastets\"},\"image\":{\"@id\":\"https:\/\/www.campinglesbastets.com\/nl\/#\/schema\/logo\/image\/\"}}]}<\/script>\n<!-- \/ Yoast SEO plugin. -->","yoast_head_json":{"title":"Verhuur van stacaravans Dr\u00f4me - Huur uw stacaravan in de Dr\u00f4me Proven\u00e7ale","description":"Vind de ideale stacaravan in de Dr\u00f4me Proven\u00e7ale. Geniet van een comfortabel verblijf te midden van de natuur in een betoverende omgeving voor een ontspannen vakantie in de Dr\u00f4me","robots":{"index":"index","follow":"follow","max-snippet":"max-snippet:-1","max-image-preview":"max-image-preview:large","max-video-preview":"max-video-preview:-1"},"canonical":"https:\/\/www.campinglesbastets.com\/nl\/accommodaties\/","og_locale":"nl_NL","og_type":"article","og_title":"Verhuur van stacaravans Dr\u00f4me - Huur uw stacaravan in de Dr\u00f4me Proven\u00e7ale","og_description":"Vind de ideale stacaravan in de Dr\u00f4me Proven\u00e7ale. Geniet van een comfortabel verblijf te midden van de natuur in een betoverende omgeving voor een ontspannen vakantie in de Dr\u00f4me","og_url":"https:\/\/www.campinglesbastets.com\/nl\/accommodaties\/","og_site_name":"Camping Les Bastets","article_modified_time":"2026-02-06T13:19:21+00:00","og_image":[{"width":1900,"height":1115,"url":"https:\/\/www.campinglesbastets.com\/wp-content\/uploads\/2022\/02\/location-mobilh-home-drome.jpg","type":"image\/jpeg"}],"twitter_card":"summary_large_image","twitter_misc":{"Geschatte leestijd":"1 minuut"},"schema":{"@context":"https:\/\/schema.org","@graph":[{"@type":"WebPage","@id":"https:\/\/www.campinglesbastets.com\/nl\/accommodaties\/","url":"https:\/\/www.campinglesbastets.com\/nl\/accommodaties\/","name":"Verhuur van stacaravans Dr\u00f4me - Huur uw stacaravan in de Dr\u00f4me Proven\u00e7ale","isPartOf":{"@id":"https:\/\/www.campinglesbastets.com\/nl\/#website"},"primaryImageOfPage":{"@id":"https:\/\/www.campinglesbastets.com\/nl\/accommodaties\/#primaryimage"},"image":{"@id":"https:\/\/www.campinglesbastets.com\/nl\/accommodaties\/#primaryimage"},"thumbnailUrl":"https:\/\/www.campinglesbastets.com\/wp-content\/uploads\/2022\/02\/location-mobilh-home-drome.jpg","datePublished":"2021-12-21T13:13:17+00:00","dateModified":"2026-02-06T13:19:21+00:00","description":"Vind de ideale stacaravan in de Dr\u00f4me Proven\u00e7ale. Geniet van een comfortabel verblijf te midden van de natuur in een betoverende omgeving voor een ontspannen vakantie in de Dr\u00f4me","breadcrumb":{"@id":"https:\/\/www.campinglesbastets.com\/nl\/accommodaties\/#breadcrumb"},"inLanguage":"nl-NL","potentialAction":[{"@type":"ReadAction","target":["https:\/\/www.campinglesbastets.com\/nl\/accommodaties\/"]}]},{"@type":"ImageObject","inLanguage":"nl-NL","@id":"https:\/\/www.campinglesbastets.com\/nl\/accommodaties\/#primaryimage","url":"https:\/\/www.campinglesbastets.com\/wp-content\/uploads\/2022\/02\/location-mobilh-home-drome.jpg","contentUrl":"https:\/\/www.campinglesbastets.com\/wp-content\/uploads\/2022\/02\/location-mobilh-home-drome.jpg","width":1900,"height":1115,"caption":"location mobil home drome"},{"@type":"BreadcrumbList","@id":"https:\/\/www.campinglesbastets.com\/nl\/accommodaties\/#breadcrumb","itemListElement":[{"@type":"ListItem","position":1,"name":"Camping Dr\u00f4me","item":"https:\/\/www.campinglesbastets.com\/nl\/"},{"@type":"ListItem","position":2,"name":"STACARAVAN HUREN IN DE DR\u00d4ME PROVEN\u00c7ALE IN FRANKRIJK"}]},{"@type":"WebSite","@id":"https:\/\/www.campinglesbastets.com\/nl\/#website","url":"https:\/\/www.campinglesbastets.com\/nl\/","name":"Camping Les Bastets","description":"","publisher":{"@id":"https:\/\/www.campinglesbastets.com\/nl\/#organization"},"potentialAction":[{"@type":"SearchAction","target":{"@type":"EntryPoint","urlTemplate":"https:\/\/www.campinglesbastets.com\/nl\/?s={search_term_string}"},"query-input":{"@type":"PropertyValueSpecification","valueRequired":true,"valueName":"search_term_string"}}],"inLanguage":"nl-NL"},{"@type":"Organization","@id":"https:\/\/www.campinglesbastets.com\/nl\/#organization","name":"Camping Les Bastets","url":"https:\/\/www.campinglesbastets.com\/nl\/","logo":{"@type":"ImageObject","inLanguage":"nl-NL","@id":"https:\/\/www.campinglesbastets.com\/nl\/#\/schema\/logo\/image\/","url":"https:\/\/www.campinglesbastets.com\/wp-content\/uploads\/2022\/02\/favicon-1.png","contentUrl":"https:\/\/www.campinglesbastets.com\/wp-content\/uploads\/2022\/02\/favicon-1.png","width":1423,"height":1423,"caption":"Camping Les Bastets"},"image":{"@id":"https:\/\/www.campinglesbastets.com\/nl\/#\/schema\/logo\/image\/"}}]}},"_links":{"self":[{"href":"https:\/\/www.campinglesbastets.com\/nl\/wp-json\/wp\/v2\/pages\/10562","targetHints":{"allow":["GET"]}}],"collection":[{"href":"https:\/\/www.campinglesbastets.com\/nl\/wp-json\/wp\/v2\/pages"}],"about":[{"href":"https:\/\/www.campinglesbastets.com\/nl\/wp-json\/wp\/v2\/types\/page"}],"author":[{"embeddable":true,"href":"https:\/\/www.campinglesbastets.com\/nl\/wp-json\/wp\/v2\/users\/1"}],"replies":[{"embeddable":true,"href":"https:\/\/www.campinglesbastets.com\/nl\/wp-json\/wp\/v2\/comments?post=10562"}],"version-history":[{"count":8,"href":"https:\/\/www.campinglesbastets.com\/nl\/wp-json\/wp\/v2\/pages\/10562\/revisions"}],"predecessor-version":[{"id":15897,"href":"https:\/\/www.campinglesbastets.com\/nl\/wp-json\/wp\/v2\/pages\/10562\/revisions\/15897"}],"wp:featuredmedia":[{"embeddable":true,"href":"https:\/\/www.campinglesbastets.com\/nl\/wp-json\/wp\/v2\/media\/1354"}],"wp:attachment":[{"href":"https:\/\/www.campinglesbastets.com\/nl\/wp-json\/wp\/v2\/media?parent=10562"}],"curies":[{"name":"wp","href":"https:\/\/api.w.org\/{rel}","templated":true}]}}