{"id":10120,"date":"2022-03-07T15:05:13","date_gmt":"2022-03-07T14:05:13","guid":{"rendered":"https:\/\/www.campinglesbastets.com\/omgeving\/montelimar\/"},"modified":"2022-04-20T10:20:10","modified_gmt":"2022-04-20T08:20:10","slug":"ontdek-montelimar-stad-van-de-noga","status":"publish","type":"page","link":"https:\/\/www.campinglesbastets.com\/nl\/omgeving\/ontdek-montelimar-stad-van-de-noga\/","title":{"rendered":"Mont\u00e9limar"},"content":{"rendered":"<section id=\"section-6228b2de39fc3\"\" class=\"section bg-white p-b-0\" \/><div class=\"container extralarge\"><h1 class=\"element section-title center\">Ontdek Mont\u00e9limar: stad van de noga<\/h1><div class=\"element bloc-text left \">\n\t<p>Wanneer je door de Dr\u00f4me rijdt, kom je ze tegen: prachtige dorpen en historische steden, ieder met een eigen karakter. De welbekende snelweg 7 brengt je bij deze plekken waar een heerlijke vakantie te beleven valt. Of waar je gewoon even een tussenstop maakt als verdiende pauze tijdens een lange rit. Tussen het populaire Avignon en Valence vind je zo\u2019n typerende Proven\u00e7aalse stad genaamd Mont\u00e9limar. Deze stad telt meer dan 35.000 inwoners, maar heeft altijd een klein karakter behouden. Toch is hier voldoende te te zien, te ontdekken en vooral: te proeven. Mont\u00e9limar is namelijk d\u00e9 stad van de noga en je eet hier de lekkerste geitenkaas, honing en olijfolie uit de regio.<\/p>\n<h2>Leer Mont\u00e9limar kennen met een wandeling<\/h2>\n<p>De beste manier om Mont\u00e9limar te leren kennen is door een stadswandeling te doen. Pas dan leer je de stad echt kennen, omdat het historische centrum volledig autovrij is. Wat direct opvalt is dat er in verhouding met de andere dorpen en steden in de Dr\u00f4me minder toeristen te vinden zijn in Mont\u00e9limar. Dat maakt dit Franse dorp een ware onontdekte parel; ideaal voor iedereen die op een rustige manier kennis wilt maken met een historische stad in Frankrijk. De\u00a0 Saint-Martin poort is een van de laatste overblijfselen van de originele stadsmuur; een van de hoogtepunten van de stad. Ook de kapittelkerk Sainte-Croix is het bekijken waard; deze kerk is in de 18e eeuw weer opgebouwd, maar beschikt nog over prachtige kerkklokken uit de 16e eeuw. Op verschillende plekken in Mont\u00e9limar zie je het letterlijke hoogtpunt van de stad Ch\u00e2teau des Adh\u00e9mars, een kasteel uit de 12e eeuw dat uniek genoeg grotendeels nog in tact gebleven is. Vanaf deze bijzondere plek heb je een mooi zicht op Maison Diane, een fraai renaissancegebouw uit de 16e eeuw, de dikke wallen, de schilderachtige straatjes en de prachtige boogramen.<\/p>\n<p><iframe loading=\"lazy\" src=\"https:\/\/www.youtube.com\/embed\/iMc2zHYYdXQ\" width=\"100%\" height=\"315\" frameborder=\"0\" allowfullscreen=\"allowfullscreen\"><\/iframe><\/p>\n<h2>Musea van Mont\u00e9limar<\/h2>\n<p>Het oude kasteel is vandaag de dag een kunstcentrum waar je hedendaagse kunst kunt bekijken en waar conferenties en vergaderingen worden gehouden. Mont\u00e9limar heeft nog meer te bieden op het gebied van kunst en musea. In deze stad mag je bijvoorbeeld het Arnaud Soubeyran Nougat Museum niet overslaan. Mont\u00e9limar is namelijk d\u00e9 stad van de noga! Hier proef, leer en ontdek je meer over de lekkerste noga van de hele wereld. Wanneer je door het centrum wandelt, zie je dat er talloze winkels zijn die noga verkopen. Probeer verschillende soorten noga uit of neem wat mee naar huis. Wat ook heel leuk is, is het Miniatuurmuseum met allerlei kleine ontwerpen, huizen en personen. Voor ge\u00efnteresseerden in de WO II is het European Fighter Aviation Museum een aanrader. Hier zie je allerlei gevechtstoestellen uit Amerika, de Sovjet-Unie en Frankrijk; allen in originele staat.<\/p>\n<h2>Eten en drinken in Mont\u00e9limar<\/h2>\n<p>Net als in andere Franse dorpen en steden is een bezoek niet compleet zonder een lekker etentje of een drankje hier en daar. Gelukkig heeft Mont\u00e9limar ook genoeg te bieden wanneer het om gastronomie gaat. Naast de vele nogawinkels en het nogamuseum is het Snoep- en Nogapaleis (Palais des Bonbons et du Nougat) een veelbezochte plek voor jong en oud. Iedere zaterdagochtend vind je in het stadscentrum een grote markt waar je allerlei karakteristieke lokale producten kunt scoren. Probeer bijvoorbeeld de olijfolie uit de streek of ga voor divers fruit, heerlijke honing of verschillende soorten geitenkaasjes. In het historische centrum en de winkelstraat vind je daarnaast allerlei restaurants, bars en terrassen. Geniet van een heerlijke kop koffie in de zon met uitzicht op de vele gekleurde huizen en gebouwen. Zo is het heerlijk toeven tijdens je stop in deze kleurrijke Franse stad.<\/p>\n<\/div><\/div><\/section>\n\n<section id=\"section-6228b2de3a192\"\" class=\"section bg-white\" \/><div class=\"container extralarge\"><div class=\"element section-title center h2-like\">Ontdek de omgeving van Mont\u00e9limar<\/div><ul class=\"liste-de-page\"><li class=\"element call-to-action carre call-to-action--style-1 call-to-action--big\"><a href=\"https:\/\/www.campinglesbastets.com\/nl\/omgeving\/bezoek-palais-ideal-van-facteur-cheval\/\"  class=\"call-to-action_link\" title=\"En savoir plus sur het ideale paleis van postbode cheval in hauterives\"><div class=\"call-to-action_image\"><img decoding=\"async\" src=\"https:\/\/www.campinglesbastets.com\/wp-content\/uploads\/2022\/03\/palais-du-facteur-cheval-visites.jpg\" data-src=\"https:\/\/www.campinglesbastets.com\/wp-content\/uploads\/2022\/03\/palais-du-facteur-cheval-visites.jpg\" alt=\"palais du facteur cheval visites\" class=\"big\" \/><\/div><div class=\"call-to-action_contenu\"><div class=\"call-to-action_titre\">Het Ideale Paleis van Postbode Cheval in Hauterives<\/div><\/div><\/a><\/li><li class=\"element call-to-action carre call-to-action--style-1 call-to-action--big call-to-action--style-1 call-to-action--big\"><a href=\"https:\/\/www.campinglesbastets.com\/nl\/omgeving\/uitje-naar-valreas\/\"  class=\"call-to-action_link\" title=\"En savoir plus sur uitje naar valr\u00e9as\"><div class=\"call-to-action_image\"><img decoding=\"async\" src=\"https:\/\/www.campinglesbastets.com\/wp-content\/uploads\/2022\/03\/valreas-a-decouvrir.jpg\" data-src=\"https:\/\/www.campinglesbastets.com\/wp-content\/uploads\/2022\/03\/valreas-a-decouvrir.jpg\" alt=\"valreas a decouvrir\" class=\"big\" \/><\/div><div class=\"call-to-action_contenu\"><div class=\"call-to-action_titre\">Uitje naar Valr\u00e9as<\/div><\/div><\/a><\/li><li class=\"element call-to-action carre call-to-action--style-1 call-to-action--big call-to-action--style-1 call-to-action--big call-to-action--style-1 call-to-action--big\"><a href=\"https:\/\/www.campinglesbastets.com\/nl\/omgeving\/fietsbestemming-drome-ontdek-het-gebied-per-fiets\/\"  class=\"call-to-action_link\" title=\"En savoir plus sur dr\u00f4me per fiets\"><div class=\"call-to-action_image\"><img decoding=\"async\" src=\"https:\/\/www.campinglesbastets.com\/wp-content\/uploads\/2022\/03\/decouvrir-la-drome-a-velo.jpg\" data-src=\"https:\/\/www.campinglesbastets.com\/wp-content\/uploads\/2022\/03\/decouvrir-la-drome-a-velo.jpg\" alt=\"decouvrir la drome a velo\" class=\"big\" \/><\/div><div class=\"call-to-action_contenu\"><div class=\"call-to-action_titre\">Dr\u00f4me per fiets<\/div><\/div><\/a><\/li><li class=\"element call-to-action carre call-to-action--style-1 call-to-action--big call-to-action--style-1 call-to-action--big call-to-action--style-1 call-to-action--big call-to-action--style-1 call-to-action--big\"><a href=\"https:\/\/www.campinglesbastets.com\/nl\/omgeving\/10-essentiele-activiteiten-in-de-drome\/\"  class=\"call-to-action_link\" title=\"En savoir plus sur 10 must-activiteiten in de dr\u00f4me\"><div class=\"call-to-action_image\"><img decoding=\"async\" src=\"https:\/\/www.campinglesbastets.com\/wp-content\/uploads\/2022\/03\/visiter-palais-du-facteur-cheval.jpg\" data-src=\"https:\/\/www.campinglesbastets.com\/wp-content\/uploads\/2022\/03\/visiter-palais-du-facteur-cheval.jpg\" alt=\"visiter palais du facteur cheval\" class=\"big\" \/><\/div><div class=\"call-to-action_contenu\"><div class=\"call-to-action_titre\">10 must-activiteiten in de Dr\u00f4me<\/div><\/div><\/a><\/li><li class=\"element call-to-action carre call-to-action--style-1 call-to-action--big call-to-action--style-1 call-to-action--big call-to-action--style-1 call-to-action--big call-to-action--style-1 call-to-action--big call-to-action--style-1 call-to-action--big\"><a href=\"https:\/\/www.campinglesbastets.com\/nl\/omgeving\/kasteel-van-grignan\/\"  class=\"call-to-action_link\" title=\"En savoir plus sur het kasteel van grignan, een juweel van de proven\u00e7aalse dr\u00f4me\"><div class=\"call-to-action_image\"><img decoding=\"async\" src=\"https:\/\/www.campinglesbastets.com\/wp-content\/uploads\/2022\/03\/chateau-grignan.jpg\" data-src=\"https:\/\/www.campinglesbastets.com\/wp-content\/uploads\/2022\/03\/chateau-grignan.jpg\" alt=\"chateau grignan\" class=\"big\" \/><\/div><div class=\"call-to-action_contenu\"><div class=\"call-to-action_titre\">Het kasteel van Grignan, een juweel van de Proven\u00e7aalse Dr\u00f4me<\/div><\/div><\/a><\/li><li class=\"element call-to-action carre call-to-action--style-1 call-to-action--big call-to-action--style-1 call-to-action--big call-to-action--style-1 call-to-action--big call-to-action--style-1 call-to-action--big call-to-action--style-1 call-to-action--big call-to-action--style-1 call-to-action--big\"><a href=\"https:\/\/www.campinglesbastets.com\/nl\/omgeving\/de-krokodillen-boerderij\/\"  class=\"call-to-action_link\" title=\"En savoir plus sur krokodillenboerderij\"><div class=\"call-to-action_image\"><img decoding=\"async\" src=\"https:\/\/www.campinglesbastets.com\/wp-content\/uploads\/2022\/03\/ferme-aux-crocodiles.jpg\" data-src=\"https:\/\/www.campinglesbastets.com\/wp-content\/uploads\/2022\/03\/ferme-aux-crocodiles.jpg\" alt=\"ferme aux crocodiles\" class=\"big\" \/><\/div><div class=\"call-to-action_contenu\"><div class=\"call-to-action_titre\">Krokodillenboerderij<\/div><\/div><\/a><\/li><\/ul><\/div><\/section>","protected":false},"excerpt":{"rendered":"","protected":false},"author":1,"featured_media":7311,"parent":9700,"menu_order":0,"comment_status":"closed","ping_status":"closed","template":"","meta":{"_acf_changed":false,"footnotes":""},"class_list":["post-10120","page","type-page","status-publish","has-post-thumbnail","hentry"],"acf":[],"yoast_head":"<!-- This site is optimized with the Yoast SEO plugin v25.3 - https:\/\/yoast.com\/wordpress\/plugins\/seo\/ -->\n<title>Montelimar toerisme : Beste bezoeken en activiteiten in Montelimar<\/title>\n<meta name=\"description\" content=\"Montelimar bezoeken tijdens uw vakantie? Ontdek de beste plaatsen om te bezoeken en de beste dingen om te doen in de stad Montelimar!\" \/>\n<meta name=\"robots\" content=\"index, follow, max-snippet:-1, max-image-preview:large, max-video-preview:-1\" \/>\n<link rel=\"canonical\" href=\"https:\/\/www.campinglesbastets.com\/nl\/omgeving\/ontdek-montelimar-stad-van-de-noga\/\" \/>\n<meta property=\"og:locale\" content=\"nl_NL\" \/>\n<meta property=\"og:type\" content=\"article\" \/>\n<meta property=\"og:title\" content=\"Montelimar toerisme : Beste bezoeken en activiteiten in Montelimar\" \/>\n<meta property=\"og:description\" content=\"Montelimar bezoeken tijdens uw vakantie? Ontdek de beste plaatsen om te bezoeken en de beste dingen om te doen in de stad Montelimar!\" \/>\n<meta property=\"og:url\" content=\"https:\/\/www.campinglesbastets.com\/nl\/omgeving\/ontdek-montelimar-stad-van-de-noga\/\" \/>\n<meta property=\"og:site_name\" content=\"Camping Les Bastets\" \/>\n<meta property=\"article:modified_time\" content=\"2022-04-20T08:20:10+00:00\" \/>\n<meta property=\"og:image\" content=\"https:\/\/www.campinglesbastets.com\/wp-content\/uploads\/2022\/03\/visiter-montelimar.jpg\" \/>\n\t<meta property=\"og:image:width\" content=\"1900\" \/>\n\t<meta property=\"og:image:height\" content=\"1056\" \/>\n\t<meta property=\"og:image:type\" content=\"image\/jpeg\" \/>\n<meta name=\"twitter:card\" content=\"summary_large_image\" \/>\n<script type=\"application\/ld+json\" class=\"yoast-schema-graph\">{\"@context\":\"https:\/\/schema.org\",\"@graph\":[{\"@type\":\"WebPage\",\"@id\":\"https:\/\/www.campinglesbastets.com\/nl\/omgeving\/ontdek-montelimar-stad-van-de-noga\/\",\"url\":\"https:\/\/www.campinglesbastets.com\/nl\/omgeving\/ontdek-montelimar-stad-van-de-noga\/\",\"name\":\"Montelimar toerisme : Beste bezoeken en activiteiten in Montelimar\",\"isPartOf\":{\"@id\":\"https:\/\/www.campinglesbastets.com\/nl\/#website\"},\"primaryImageOfPage\":{\"@id\":\"https:\/\/www.campinglesbastets.com\/nl\/omgeving\/ontdek-montelimar-stad-van-de-noga\/#primaryimage\"},\"image\":{\"@id\":\"https:\/\/www.campinglesbastets.com\/nl\/omgeving\/ontdek-montelimar-stad-van-de-noga\/#primaryimage\"},\"thumbnailUrl\":\"https:\/\/www.campinglesbastets.com\/wp-content\/uploads\/2022\/03\/visiter-montelimar.jpg\",\"datePublished\":\"2022-03-07T14:05:13+00:00\",\"dateModified\":\"2022-04-20T08:20:10+00:00\",\"description\":\"Montelimar bezoeken tijdens uw vakantie? Ontdek de beste plaatsen om te bezoeken en de beste dingen om te doen in de stad Montelimar!\",\"breadcrumb\":{\"@id\":\"https:\/\/www.campinglesbastets.com\/nl\/omgeving\/ontdek-montelimar-stad-van-de-noga\/#breadcrumb\"},\"inLanguage\":\"nl-NL\",\"potentialAction\":[{\"@type\":\"ReadAction\",\"target\":[\"https:\/\/www.campinglesbastets.com\/nl\/omgeving\/ontdek-montelimar-stad-van-de-noga\/\"]}]},{\"@type\":\"ImageObject\",\"inLanguage\":\"nl-NL\",\"@id\":\"https:\/\/www.campinglesbastets.com\/nl\/omgeving\/ontdek-montelimar-stad-van-de-noga\/#primaryimage\",\"url\":\"https:\/\/www.campinglesbastets.com\/wp-content\/uploads\/2022\/03\/visiter-montelimar.jpg\",\"contentUrl\":\"https:\/\/www.campinglesbastets.com\/wp-content\/uploads\/2022\/03\/visiter-montelimar.jpg\",\"width\":1900,\"height\":1056,\"caption\":\"visiter montelimar\"},{\"@type\":\"BreadcrumbList\",\"@id\":\"https:\/\/www.campinglesbastets.com\/nl\/omgeving\/ontdek-montelimar-stad-van-de-noga\/#breadcrumb\",\"itemListElement\":[{\"@type\":\"ListItem\",\"position\":1,\"name\":\"Camping Dr\u00f4me\",\"item\":\"https:\/\/www.campinglesbastets.com\/nl\/\"},{\"@type\":\"ListItem\",\"position\":2,\"name\":\"TOERISME IN DE DR\u00d4ME PROVEN\u00c7ALE\",\"item\":\"https:\/\/www.campinglesbastets.com\/nl\/omgeving\/\"},{\"@type\":\"ListItem\",\"position\":3,\"name\":\"Ontdek Mont\u00e9limar: stad van de noga\"}]},{\"@type\":\"WebSite\",\"@id\":\"https:\/\/www.campinglesbastets.com\/nl\/#website\",\"url\":\"https:\/\/www.campinglesbastets.com\/nl\/\",\"name\":\"Camping Les Bastets\",\"description\":\"\",\"publisher\":{\"@id\":\"https:\/\/www.campinglesbastets.com\/nl\/#organization\"},\"potentialAction\":[{\"@type\":\"SearchAction\",\"target\":{\"@type\":\"EntryPoint\",\"urlTemplate\":\"https:\/\/www.campinglesbastets.com\/nl\/?s={search_term_string}\"},\"query-input\":{\"@type\":\"PropertyValueSpecification\",\"valueRequired\":true,\"valueName\":\"search_term_string\"}}],\"inLanguage\":\"nl-NL\"},{\"@type\":\"Organization\",\"@id\":\"https:\/\/www.campinglesbastets.com\/nl\/#organization\",\"name\":\"Camping Les Bastets\",\"url\":\"https:\/\/www.campinglesbastets.com\/nl\/\",\"logo\":{\"@type\":\"ImageObject\",\"inLanguage\":\"nl-NL\",\"@id\":\"https:\/\/www.campinglesbastets.com\/nl\/#\/schema\/logo\/image\/\",\"url\":\"https:\/\/www.campinglesbastets.com\/wp-content\/uploads\/2022\/02\/favicon-1.png\",\"contentUrl\":\"https:\/\/www.campinglesbastets.com\/wp-content\/uploads\/2022\/02\/favicon-1.png\",\"width\":1423,\"height\":1423,\"caption\":\"Camping Les Bastets\"},\"image\":{\"@id\":\"https:\/\/www.campinglesbastets.com\/nl\/#\/schema\/logo\/image\/\"}}]}<\/script>\n<!-- \/ Yoast SEO plugin. -->","yoast_head_json":{"title":"Montelimar toerisme : Beste bezoeken en activiteiten in Montelimar","description":"Montelimar bezoeken tijdens uw vakantie? Ontdek de beste plaatsen om te bezoeken en de beste dingen om te doen in de stad Montelimar!","robots":{"index":"index","follow":"follow","max-snippet":"max-snippet:-1","max-image-preview":"max-image-preview:large","max-video-preview":"max-video-preview:-1"},"canonical":"https:\/\/www.campinglesbastets.com\/nl\/omgeving\/ontdek-montelimar-stad-van-de-noga\/","og_locale":"nl_NL","og_type":"article","og_title":"Montelimar toerisme : Beste bezoeken en activiteiten in Montelimar","og_description":"Montelimar bezoeken tijdens uw vakantie? Ontdek de beste plaatsen om te bezoeken en de beste dingen om te doen in de stad Montelimar!","og_url":"https:\/\/www.campinglesbastets.com\/nl\/omgeving\/ontdek-montelimar-stad-van-de-noga\/","og_site_name":"Camping Les Bastets","article_modified_time":"2022-04-20T08:20:10+00:00","og_image":[{"width":1900,"height":1056,"url":"https:\/\/www.campinglesbastets.com\/wp-content\/uploads\/2022\/03\/visiter-montelimar.jpg","type":"image\/jpeg"}],"twitter_card":"summary_large_image","schema":{"@context":"https:\/\/schema.org","@graph":[{"@type":"WebPage","@id":"https:\/\/www.campinglesbastets.com\/nl\/omgeving\/ontdek-montelimar-stad-van-de-noga\/","url":"https:\/\/www.campinglesbastets.com\/nl\/omgeving\/ontdek-montelimar-stad-van-de-noga\/","name":"Montelimar toerisme : Beste bezoeken en activiteiten in Montelimar","isPartOf":{"@id":"https:\/\/www.campinglesbastets.com\/nl\/#website"},"primaryImageOfPage":{"@id":"https:\/\/www.campinglesbastets.com\/nl\/omgeving\/ontdek-montelimar-stad-van-de-noga\/#primaryimage"},"image":{"@id":"https:\/\/www.campinglesbastets.com\/nl\/omgeving\/ontdek-montelimar-stad-van-de-noga\/#primaryimage"},"thumbnailUrl":"https:\/\/www.campinglesbastets.com\/wp-content\/uploads\/2022\/03\/visiter-montelimar.jpg","datePublished":"2022-03-07T14:05:13+00:00","dateModified":"2022-04-20T08:20:10+00:00","description":"Montelimar bezoeken tijdens uw vakantie? Ontdek de beste plaatsen om te bezoeken en de beste dingen om te doen in de stad Montelimar!","breadcrumb":{"@id":"https:\/\/www.campinglesbastets.com\/nl\/omgeving\/ontdek-montelimar-stad-van-de-noga\/#breadcrumb"},"inLanguage":"nl-NL","potentialAction":[{"@type":"ReadAction","target":["https:\/\/www.campinglesbastets.com\/nl\/omgeving\/ontdek-montelimar-stad-van-de-noga\/"]}]},{"@type":"ImageObject","inLanguage":"nl-NL","@id":"https:\/\/www.campinglesbastets.com\/nl\/omgeving\/ontdek-montelimar-stad-van-de-noga\/#primaryimage","url":"https:\/\/www.campinglesbastets.com\/wp-content\/uploads\/2022\/03\/visiter-montelimar.jpg","contentUrl":"https:\/\/www.campinglesbastets.com\/wp-content\/uploads\/2022\/03\/visiter-montelimar.jpg","width":1900,"height":1056,"caption":"visiter montelimar"},{"@type":"BreadcrumbList","@id":"https:\/\/www.campinglesbastets.com\/nl\/omgeving\/ontdek-montelimar-stad-van-de-noga\/#breadcrumb","itemListElement":[{"@type":"ListItem","position":1,"name":"Camping Dr\u00f4me","item":"https:\/\/www.campinglesbastets.com\/nl\/"},{"@type":"ListItem","position":2,"name":"TOERISME IN DE DR\u00d4ME PROVEN\u00c7ALE","item":"https:\/\/www.campinglesbastets.com\/nl\/omgeving\/"},{"@type":"ListItem","position":3,"name":"Ontdek Mont\u00e9limar: stad van de noga"}]},{"@type":"WebSite","@id":"https:\/\/www.campinglesbastets.com\/nl\/#website","url":"https:\/\/www.campinglesbastets.com\/nl\/","name":"Camping Les Bastets","description":"","publisher":{"@id":"https:\/\/www.campinglesbastets.com\/nl\/#organization"},"potentialAction":[{"@type":"SearchAction","target":{"@type":"EntryPoint","urlTemplate":"https:\/\/www.campinglesbastets.com\/nl\/?s={search_term_string}"},"query-input":{"@type":"PropertyValueSpecification","valueRequired":true,"valueName":"search_term_string"}}],"inLanguage":"nl-NL"},{"@type":"Organization","@id":"https:\/\/www.campinglesbastets.com\/nl\/#organization","name":"Camping Les Bastets","url":"https:\/\/www.campinglesbastets.com\/nl\/","logo":{"@type":"ImageObject","inLanguage":"nl-NL","@id":"https:\/\/www.campinglesbastets.com\/nl\/#\/schema\/logo\/image\/","url":"https:\/\/www.campinglesbastets.com\/wp-content\/uploads\/2022\/02\/favicon-1.png","contentUrl":"https:\/\/www.campinglesbastets.com\/wp-content\/uploads\/2022\/02\/favicon-1.png","width":1423,"height":1423,"caption":"Camping Les Bastets"},"image":{"@id":"https:\/\/www.campinglesbastets.com\/nl\/#\/schema\/logo\/image\/"}}]}},"_links":{"self":[{"href":"https:\/\/www.campinglesbastets.com\/nl\/wp-json\/wp\/v2\/pages\/10120","targetHints":{"allow":["GET"]}}],"collection":[{"href":"https:\/\/www.campinglesbastets.com\/nl\/wp-json\/wp\/v2\/pages"}],"about":[{"href":"https:\/\/www.campinglesbastets.com\/nl\/wp-json\/wp\/v2\/types\/page"}],"author":[{"embeddable":true,"href":"https:\/\/www.campinglesbastets.com\/nl\/wp-json\/wp\/v2\/users\/1"}],"replies":[{"embeddable":true,"href":"https:\/\/www.campinglesbastets.com\/nl\/wp-json\/wp\/v2\/comments?post=10120"}],"version-history":[{"count":6,"href":"https:\/\/www.campinglesbastets.com\/nl\/wp-json\/wp\/v2\/pages\/10120\/revisions"}],"predecessor-version":[{"id":10245,"href":"https:\/\/www.campinglesbastets.com\/nl\/wp-json\/wp\/v2\/pages\/10120\/revisions\/10245"}],"up":[{"embeddable":true,"href":"https:\/\/www.campinglesbastets.com\/nl\/wp-json\/wp\/v2\/pages\/9700"}],"wp:featuredmedia":[{"embeddable":true,"href":"https:\/\/www.campinglesbastets.com\/nl\/wp-json\/wp\/v2\/media\/7311"}],"wp:attachment":[{"href":"https:\/\/www.campinglesbastets.com\/nl\/wp-json\/wp\/v2\/media?parent=10120"}],"curies":[{"name":"wp","href":"https:\/\/api.w.org\/{rel}","templated":true}]}}