{"id":10113,"date":"2022-03-07T14:56:57","date_gmt":"2022-03-07T13:56:57","guid":{"rendered":"https:\/\/www.campinglesbastets.com\/omgeving\/romans-sur-isere\/"},"modified":"2022-04-20T11:38:36","modified_gmt":"2022-04-20T09:38:36","slug":"historische-parel-van-de-drome-romans-isere","status":"publish","type":"page","link":"https:\/\/www.campinglesbastets.com\/nl\/omgeving\/historische-parel-van-de-drome-romans-isere\/","title":{"rendered":"Romans sur Is\u00e8re"},"content":{"rendered":"<section id=\"section-6228a808cb567\"\" class=\"section bg-white p-b-0\" \/><div class=\"container extralarge\"><h1 class=\"element section-title center\">Romans-sur-Is\u00e8re, Historische parel van de Dr\u00f4me<\/h1><div class=\"element bloc-text justify \">\n\t<p><a href=\"https:\/\/www.campinglesbastets.com\/nl\/\">Kamperen in de Dr\u00f4me<\/a>\u00a0in Frankrijk is er voldoende te zien en te ontdekken. Een van de absolute parels in dit gebied is\u00a0<a href=\"https:\/\/www.ville-romans.fr\/\" target=\"_blank\" rel=\"noopener\">Romans-Sur-Is\u00e8re<\/a>, gelegen in het arrondissement Valence. Deze charmante plaats heeft veel te bieden voor de cultuurliefhebber en de actieve vakantieganger. Natuurlijk kun je hier ook terecht voor een heerlijke ontspannen vakantie in La Douce France. Kortom: ben je op zoek naar een vakantiebestemming in Frankrijk voor een diverse vakantie dan zit je in Romans-Sur-Is\u00e8re goed.<\/p>\n<p><iframe loading=\"lazy\" src=\"https:\/\/www.youtube.com\/embed\/mf_6B_YDJ-w\" width=\"100%\" height=\"315\" frameborder=\"0\" allowfullscreen=\"allowfullscreen\"><\/iframe><\/p>\n<\/div><h2 class=\"element section-title left\">Geschiedenis van Romans-Sur-Is\u00e8re<\/h2><div class=\"element bloc-text left \">\n\t<p>Kijken we naar de geschiedenis van deze kleurrijke gemeente met 33.000 inwoners dan zien we dat het gebied twee opvallende bloeiperioden heeft meegemaakt: in de middeleeuwen en in de 19e eeuw. In de middeleeuwen stond Romans-Sur-Is\u00e8re bekend om de vele handelaars in lakens. Vandaag de dag zie je daar nog veel van terug, zoals de klassieke herenhuizen die de gemeente rijk is. In de 19e eeuw krijgt de stad bekendheid om een ander vakmanschap: het produceren en bewerken van (leren) schoenen.<\/p>\n<p>Toentertijd werd het zelfs d\u00e9 schoenenstad van heel Frankrijk! Een grappig detail hierbij is dat dit vakmanschap in de 21 eeuw weer helemaal terug aan het komen is in Romans-Sur-Is\u00e8re. Tegenwoordig zijn er namelijk ontzettend veel jonge ontwerpers terecht gekomen in de stad die onder de naam Made in Romans prachtige schoenen ontwerpen. Dit schoeisel gaat inmiddels de hele wereld over; wist je dat oud-presidentsvrouw Michelle Obama helemaal verliefd is geworden op deze ontwerpen?<\/p>\n<\/div><h2 class=\"element section-title left\">Bezienswaardigheden in Romans-Sur-Is\u00e8re<\/h2><div class=\"element bloc-text left \">\n\t<p>Bezoek je nu Romans-Sur-Is\u00e8re dan zul je al gauw wat merken van deze rijke geschiedenis. Zo kun je het Internationale Schoenenmuseum hier bezoeken waar je een interessant overzicht krijgt van de schoenenproductie vanuit de oudheid tot nu. Hier vind je tot wel 4000 jaar aan schoenengeschiedenis! Het museum is te vinden in het prachtige voormalige klooster van de Visitatie uit de 17e eeuw. In het weekend vind je hier tussen 14:00 en 18:00 verschillende schoenmakers die met liefde een demonstratie geven van het vak.<\/p>\n<p>Plan na je bezoek aan het museum zeker wat tijd in om het oude centrum van Romans-Sur-Is\u00e8re te bekijken. Hier vergaap je je aan de vele fraaie middeleeuwse herenhuizen die statig boven de rest van de gebouwen uitkomen. Ook de Sint Barnard kerk is bijzonder om te bezoeken; dit bouwwerk stamt uit de 12e eeuw en is zowel van de buitenkant als van de binnenkant mooi om te zien. Nu je toch in de buurt bent kun je net zo goed het Museum van Sacred Art in het noorden van de stad bezoeken. In het zuiden van Romans-Sur-Is\u00e8re vind je een unieke circulaire wijk, genaamd Alixan.<\/p>\n<\/div><h2 class=\"element section-title left\">Lekker eten en drinken in de Dr\u00f4me<\/h2><div class=\"element bloc-text left \">\n\t<p>Tot slot ben je hier op de juiste plek voor heerlijk eten en drinken. Romans-Sur-Is\u00e8re heeft een lokale delicatesse die je zeker geproefd moet hebben: Pogne de Romans. Dit ronde briochebroodje is gemaakt van rum en oranjebloesemwater. Op verschillende plekken in de stad kun je deze lekkernij krijgen en goed nieuws: er zijn verschillende varianten te koop! Probeer ook zeker de raviole van Romans: dit gerecht klinkt wellicht eenvoudig, maar is ontzettend smakelijk. Op de terrassen van Place Jacquemart vind je verschillende restaurants waar je deze maaltijd kunt nuttigen.<\/p>\n<p>Raviole lijkt veel op ravioli en dat is niet voor niets: ook dit gerecht is gemaakt van deeg met een vulling. De standaard raviole is gevuld met een smakelijke Franse kaas en wordt gegeten met nog meer (geraspte) kaas. Hierdoor kun je het gerecht goed als tussendoortje eten, maar ook gewoon als hoofdgerecht. Het vult namelijk ontzettend! Met een goed gevulde buik is het tijd om naar de Marques Avenue te gaan: het grootste outletcentrum van het zuiden van Frankrijk. Hier shop je de meest bekende merken voor lage prijzen.<\/p>\n<\/div><\/div><\/section>\n\n<section id=\"section-6228a808cb6c8\"\" class=\"section bg-white\" \/><div class=\"container extralarge\"><div class=\"element section-title center h2-like\">Ontdek Chabeuil en omgeving<\/div><ul class=\"liste-de-page\"><li class=\"element call-to-action carre call-to-action--style-1 call-to-action--big\"><a href=\"https:\/\/www.campinglesbastets.com\/nl\/omgeving\/lokale-producten\/\"  class=\"call-to-action_link\" title=\"En savoir plus sur landbouw\"><div class=\"call-to-action_image\"><img decoding=\"async\" src=\"https:\/\/www.campinglesbastets.com\/wp-content\/uploads\/2022\/08\/agriculture-drome.jpg\" data-src=\"https:\/\/www.campinglesbastets.com\/wp-content\/uploads\/2022\/08\/agriculture-drome.jpg\" alt=\"agriculture drome\" class=\"big\" \/><\/div><div class=\"call-to-action_contenu\"><div class=\"call-to-action_titre\">Landbouw<\/div><\/div><\/a><\/li><li class=\"element call-to-action carre call-to-action--style-1 call-to-action--big call-to-action--style-1 call-to-action--big\"><a href=\"https:\/\/www.campinglesbastets.com\/nl\/omgeving\/bezoek-palais-ideal-van-facteur-cheval\/\"  class=\"call-to-action_link\" title=\"En savoir plus sur het ideale paleis van postbode cheval in hauterives\"><div class=\"call-to-action_image\"><img decoding=\"async\" src=\"https:\/\/www.campinglesbastets.com\/wp-content\/uploads\/2022\/03\/palais-du-facteur-cheval-visites.jpg\" data-src=\"https:\/\/www.campinglesbastets.com\/wp-content\/uploads\/2022\/03\/palais-du-facteur-cheval-visites.jpg\" alt=\"palais du facteur cheval visites\" class=\"big\" \/><\/div><div class=\"call-to-action_contenu\"><div class=\"call-to-action_titre\">Het Ideale Paleis van Postbode Cheval in Hauterives<\/div><\/div><\/a><\/li><li class=\"element call-to-action carre call-to-action--style-1 call-to-action--big call-to-action--style-1 call-to-action--big call-to-action--style-1 call-to-action--big\"><a href=\"https:\/\/www.campinglesbastets.com\/nl\/omgeving\/lavendel\/\"  class=\"call-to-action_link\" title=\"En savoir plus sur lavendel\"><div class=\"call-to-action_image\"><img decoding=\"async\" src=\"https:\/\/www.campinglesbastets.com\/wp-content\/uploads\/2022\/03\/lavande-dans-la-drome.jpg\" data-src=\"https:\/\/www.campinglesbastets.com\/wp-content\/uploads\/2022\/03\/lavande-dans-la-drome.jpg\" alt=\"lavande dans la drome\" class=\"big\" \/><\/div><div class=\"call-to-action_contenu\"><div class=\"call-to-action_titre\">Lavendel<\/div><\/div><\/a><\/li><li class=\"element call-to-action carre call-to-action--style-1 call-to-action--big call-to-action--style-1 call-to-action--big call-to-action--style-1 call-to-action--big call-to-action--style-1 call-to-action--big\"><a href=\"https:\/\/www.campinglesbastets.com\/nl\/omgeving\/wat-kun-zien-doen-in-regionaal-natuurpark-van-de-vercors\/\"  class=\"call-to-action_link\" title=\"En savoir plus sur natuurpark vercors\"><div class=\"call-to-action_image\"><img decoding=\"async\" src=\"https:\/\/www.campinglesbastets.com\/wp-content\/uploads\/2022\/03\/balades-parc-vercors.jpg\" data-src=\"https:\/\/www.campinglesbastets.com\/wp-content\/uploads\/2022\/03\/balades-parc-vercors.jpg\" alt=\"balades parc vercors\" class=\"big\" \/><\/div><div class=\"call-to-action_contenu\"><div class=\"call-to-action_titre\">Natuurpark Vercors<\/div><\/div><\/a><\/li><li class=\"element call-to-action carre call-to-action--style-1 call-to-action--big call-to-action--style-1 call-to-action--big call-to-action--style-1 call-to-action--big call-to-action--style-1 call-to-action--big call-to-action--style-1 call-to-action--big\"><a href=\"https:\/\/www.campinglesbastets.com\/nl\/omgeving\/ontdek-nyons-in-de-drome\/\"  class=\"call-to-action_link\" title=\"En savoir plus sur nyons\"><div class=\"call-to-action_image\"><img decoding=\"async\" src=\"https:\/\/www.campinglesbastets.com\/wp-content\/uploads\/2022\/03\/nyons-a-visiter.jpg\" data-src=\"https:\/\/www.campinglesbastets.com\/wp-content\/uploads\/2022\/03\/nyons-a-visiter.jpg\" alt=\"nyons a visiter\" class=\"big\" \/><\/div><div class=\"call-to-action_contenu\"><div class=\"call-to-action_titre\">Nyons<\/div><\/div><\/a><\/li><li class=\"element call-to-action carre call-to-action--style-1 call-to-action--big call-to-action--style-1 call-to-action--big call-to-action--style-1 call-to-action--big call-to-action--style-1 call-to-action--big call-to-action--style-1 call-to-action--big call-to-action--style-1 call-to-action--big\"><a href=\"https:\/\/www.campinglesbastets.com\/nl\/omgeving\/ontdek-montelimar-stad-van-de-noga\/\"  class=\"call-to-action_link\" title=\"En savoir plus sur mont\u00e9limar\"><div class=\"call-to-action_image\"><img decoding=\"async\" src=\"https:\/\/www.campinglesbastets.com\/wp-content\/uploads\/2022\/03\/visiter-montelimar.jpg\" data-src=\"https:\/\/www.campinglesbastets.com\/wp-content\/uploads\/2022\/03\/visiter-montelimar.jpg\" alt=\"visiter montelimar\" class=\"big\" \/><\/div><div class=\"call-to-action_contenu\"><div class=\"call-to-action_titre\">Mont\u00e9limar<\/div><\/div><\/a><\/li><\/ul><\/div><\/section>","protected":false},"excerpt":{"rendered":"","protected":false},"author":1,"featured_media":7315,"parent":9700,"menu_order":0,"comment_status":"closed","ping_status":"closed","template":"","meta":{"_acf_changed":false,"footnotes":""},"class_list":["post-10113","page","type-page","status-publish","has-post-thumbnail","hentry"],"acf":[],"yoast_head":"<!-- This site is optimized with the Yoast SEO plugin v25.3 - https:\/\/yoast.com\/wordpress\/plugins\/seo\/ -->\n<title>Romans sur Isere - Historische Parel van de Drome<\/title>\n<meta name=\"description\" content=\"Wilt u Romans sur Is\u00e8re in de Dr\u00f4me bezoeken? Ontdek de geschiedenis, de mooiste bezienswaardigheden en de leukste activiteiten in Romans sur Is\u00e8re!\" \/>\n<meta name=\"robots\" content=\"index, follow, max-snippet:-1, max-image-preview:large, max-video-preview:-1\" \/>\n<link rel=\"canonical\" href=\"https:\/\/www.campinglesbastets.com\/nl\/omgeving\/historische-parel-van-de-drome-romans-isere\/\" \/>\n<meta property=\"og:locale\" content=\"nl_NL\" \/>\n<meta property=\"og:type\" content=\"article\" \/>\n<meta property=\"og:title\" content=\"Romans sur Isere - Historische Parel van de Drome\" \/>\n<meta property=\"og:description\" content=\"Wilt u Romans sur Is\u00e8re in de Dr\u00f4me bezoeken? Ontdek de geschiedenis, de mooiste bezienswaardigheden en de leukste activiteiten in Romans sur Is\u00e8re!\" \/>\n<meta property=\"og:url\" content=\"https:\/\/www.campinglesbastets.com\/nl\/omgeving\/historische-parel-van-de-drome-romans-isere\/\" \/>\n<meta property=\"og:site_name\" content=\"Camping Les Bastets\" \/>\n<meta property=\"article:modified_time\" content=\"2022-04-20T09:38:36+00:00\" \/>\n<meta property=\"og:image\" content=\"https:\/\/www.campinglesbastets.com\/wp-content\/uploads\/2022\/03\/visiter-romans-sur-isere.jpg\" \/>\n\t<meta property=\"og:image:width\" content=\"1900\" \/>\n\t<meta property=\"og:image:height\" content=\"1056\" \/>\n\t<meta property=\"og:image:type\" content=\"image\/jpeg\" \/>\n<meta name=\"twitter:card\" content=\"summary_large_image\" \/>\n<script type=\"application\/ld+json\" class=\"yoast-schema-graph\">{\"@context\":\"https:\/\/schema.org\",\"@graph\":[{\"@type\":\"WebPage\",\"@id\":\"https:\/\/www.campinglesbastets.com\/nl\/omgeving\/historische-parel-van-de-drome-romans-isere\/\",\"url\":\"https:\/\/www.campinglesbastets.com\/nl\/omgeving\/historische-parel-van-de-drome-romans-isere\/\",\"name\":\"Romans sur Isere - Historische Parel van de Drome\",\"isPartOf\":{\"@id\":\"https:\/\/www.campinglesbastets.com\/nl\/#website\"},\"primaryImageOfPage\":{\"@id\":\"https:\/\/www.campinglesbastets.com\/nl\/omgeving\/historische-parel-van-de-drome-romans-isere\/#primaryimage\"},\"image\":{\"@id\":\"https:\/\/www.campinglesbastets.com\/nl\/omgeving\/historische-parel-van-de-drome-romans-isere\/#primaryimage\"},\"thumbnailUrl\":\"https:\/\/www.campinglesbastets.com\/wp-content\/uploads\/2022\/03\/visiter-romans-sur-isere.jpg\",\"datePublished\":\"2022-03-07T13:56:57+00:00\",\"dateModified\":\"2022-04-20T09:38:36+00:00\",\"description\":\"Wilt u Romans sur Is\u00e8re in de Dr\u00f4me bezoeken? Ontdek de geschiedenis, de mooiste bezienswaardigheden en de leukste activiteiten in Romans sur Is\u00e8re!\",\"breadcrumb\":{\"@id\":\"https:\/\/www.campinglesbastets.com\/nl\/omgeving\/historische-parel-van-de-drome-romans-isere\/#breadcrumb\"},\"inLanguage\":\"nl-NL\",\"potentialAction\":[{\"@type\":\"ReadAction\",\"target\":[\"https:\/\/www.campinglesbastets.com\/nl\/omgeving\/historische-parel-van-de-drome-romans-isere\/\"]}]},{\"@type\":\"ImageObject\",\"inLanguage\":\"nl-NL\",\"@id\":\"https:\/\/www.campinglesbastets.com\/nl\/omgeving\/historische-parel-van-de-drome-romans-isere\/#primaryimage\",\"url\":\"https:\/\/www.campinglesbastets.com\/wp-content\/uploads\/2022\/03\/visiter-romans-sur-isere.jpg\",\"contentUrl\":\"https:\/\/www.campinglesbastets.com\/wp-content\/uploads\/2022\/03\/visiter-romans-sur-isere.jpg\",\"width\":1900,\"height\":1056,\"caption\":\"visiter romans sur isere\"},{\"@type\":\"BreadcrumbList\",\"@id\":\"https:\/\/www.campinglesbastets.com\/nl\/omgeving\/historische-parel-van-de-drome-romans-isere\/#breadcrumb\",\"itemListElement\":[{\"@type\":\"ListItem\",\"position\":1,\"name\":\"Camping Dr\u00f4me\",\"item\":\"https:\/\/www.campinglesbastets.com\/nl\/\"},{\"@type\":\"ListItem\",\"position\":2,\"name\":\"TOERISME IN DE DR\u00d4ME PROVEN\u00c7ALE\",\"item\":\"https:\/\/www.campinglesbastets.com\/nl\/omgeving\/\"},{\"@type\":\"ListItem\",\"position\":3,\"name\":\"Romans-sur-Is\u00e8re, Historische parel van de Dr\u00f4me\"}]},{\"@type\":\"WebSite\",\"@id\":\"https:\/\/www.campinglesbastets.com\/nl\/#website\",\"url\":\"https:\/\/www.campinglesbastets.com\/nl\/\",\"name\":\"Camping Les Bastets\",\"description\":\"\",\"publisher\":{\"@id\":\"https:\/\/www.campinglesbastets.com\/nl\/#organization\"},\"potentialAction\":[{\"@type\":\"SearchAction\",\"target\":{\"@type\":\"EntryPoint\",\"urlTemplate\":\"https:\/\/www.campinglesbastets.com\/nl\/?s={search_term_string}\"},\"query-input\":{\"@type\":\"PropertyValueSpecification\",\"valueRequired\":true,\"valueName\":\"search_term_string\"}}],\"inLanguage\":\"nl-NL\"},{\"@type\":\"Organization\",\"@id\":\"https:\/\/www.campinglesbastets.com\/nl\/#organization\",\"name\":\"Camping Les Bastets\",\"url\":\"https:\/\/www.campinglesbastets.com\/nl\/\",\"logo\":{\"@type\":\"ImageObject\",\"inLanguage\":\"nl-NL\",\"@id\":\"https:\/\/www.campinglesbastets.com\/nl\/#\/schema\/logo\/image\/\",\"url\":\"https:\/\/www.campinglesbastets.com\/wp-content\/uploads\/2022\/02\/favicon-1.png\",\"contentUrl\":\"https:\/\/www.campinglesbastets.com\/wp-content\/uploads\/2022\/02\/favicon-1.png\",\"width\":1423,\"height\":1423,\"caption\":\"Camping Les Bastets\"},\"image\":{\"@id\":\"https:\/\/www.campinglesbastets.com\/nl\/#\/schema\/logo\/image\/\"}}]}<\/script>\n<!-- \/ Yoast SEO plugin. -->","yoast_head_json":{"title":"Romans sur Isere - Historische Parel van de Drome","description":"Wilt u Romans sur Is\u00e8re in de Dr\u00f4me bezoeken? Ontdek de geschiedenis, de mooiste bezienswaardigheden en de leukste activiteiten in Romans sur Is\u00e8re!","robots":{"index":"index","follow":"follow","max-snippet":"max-snippet:-1","max-image-preview":"max-image-preview:large","max-video-preview":"max-video-preview:-1"},"canonical":"https:\/\/www.campinglesbastets.com\/nl\/omgeving\/historische-parel-van-de-drome-romans-isere\/","og_locale":"nl_NL","og_type":"article","og_title":"Romans sur Isere - Historische Parel van de Drome","og_description":"Wilt u Romans sur Is\u00e8re in de Dr\u00f4me bezoeken? Ontdek de geschiedenis, de mooiste bezienswaardigheden en de leukste activiteiten in Romans sur Is\u00e8re!","og_url":"https:\/\/www.campinglesbastets.com\/nl\/omgeving\/historische-parel-van-de-drome-romans-isere\/","og_site_name":"Camping Les Bastets","article_modified_time":"2022-04-20T09:38:36+00:00","og_image":[{"width":1900,"height":1056,"url":"https:\/\/www.campinglesbastets.com\/wp-content\/uploads\/2022\/03\/visiter-romans-sur-isere.jpg","type":"image\/jpeg"}],"twitter_card":"summary_large_image","schema":{"@context":"https:\/\/schema.org","@graph":[{"@type":"WebPage","@id":"https:\/\/www.campinglesbastets.com\/nl\/omgeving\/historische-parel-van-de-drome-romans-isere\/","url":"https:\/\/www.campinglesbastets.com\/nl\/omgeving\/historische-parel-van-de-drome-romans-isere\/","name":"Romans sur Isere - Historische Parel van de Drome","isPartOf":{"@id":"https:\/\/www.campinglesbastets.com\/nl\/#website"},"primaryImageOfPage":{"@id":"https:\/\/www.campinglesbastets.com\/nl\/omgeving\/historische-parel-van-de-drome-romans-isere\/#primaryimage"},"image":{"@id":"https:\/\/www.campinglesbastets.com\/nl\/omgeving\/historische-parel-van-de-drome-romans-isere\/#primaryimage"},"thumbnailUrl":"https:\/\/www.campinglesbastets.com\/wp-content\/uploads\/2022\/03\/visiter-romans-sur-isere.jpg","datePublished":"2022-03-07T13:56:57+00:00","dateModified":"2022-04-20T09:38:36+00:00","description":"Wilt u Romans sur Is\u00e8re in de Dr\u00f4me bezoeken? Ontdek de geschiedenis, de mooiste bezienswaardigheden en de leukste activiteiten in Romans sur Is\u00e8re!","breadcrumb":{"@id":"https:\/\/www.campinglesbastets.com\/nl\/omgeving\/historische-parel-van-de-drome-romans-isere\/#breadcrumb"},"inLanguage":"nl-NL","potentialAction":[{"@type":"ReadAction","target":["https:\/\/www.campinglesbastets.com\/nl\/omgeving\/historische-parel-van-de-drome-romans-isere\/"]}]},{"@type":"ImageObject","inLanguage":"nl-NL","@id":"https:\/\/www.campinglesbastets.com\/nl\/omgeving\/historische-parel-van-de-drome-romans-isere\/#primaryimage","url":"https:\/\/www.campinglesbastets.com\/wp-content\/uploads\/2022\/03\/visiter-romans-sur-isere.jpg","contentUrl":"https:\/\/www.campinglesbastets.com\/wp-content\/uploads\/2022\/03\/visiter-romans-sur-isere.jpg","width":1900,"height":1056,"caption":"visiter romans sur isere"},{"@type":"BreadcrumbList","@id":"https:\/\/www.campinglesbastets.com\/nl\/omgeving\/historische-parel-van-de-drome-romans-isere\/#breadcrumb","itemListElement":[{"@type":"ListItem","position":1,"name":"Camping Dr\u00f4me","item":"https:\/\/www.campinglesbastets.com\/nl\/"},{"@type":"ListItem","position":2,"name":"TOERISME IN DE DR\u00d4ME PROVEN\u00c7ALE","item":"https:\/\/www.campinglesbastets.com\/nl\/omgeving\/"},{"@type":"ListItem","position":3,"name":"Romans-sur-Is\u00e8re, Historische parel van de Dr\u00f4me"}]},{"@type":"WebSite","@id":"https:\/\/www.campinglesbastets.com\/nl\/#website","url":"https:\/\/www.campinglesbastets.com\/nl\/","name":"Camping Les Bastets","description":"","publisher":{"@id":"https:\/\/www.campinglesbastets.com\/nl\/#organization"},"potentialAction":[{"@type":"SearchAction","target":{"@type":"EntryPoint","urlTemplate":"https:\/\/www.campinglesbastets.com\/nl\/?s={search_term_string}"},"query-input":{"@type":"PropertyValueSpecification","valueRequired":true,"valueName":"search_term_string"}}],"inLanguage":"nl-NL"},{"@type":"Organization","@id":"https:\/\/www.campinglesbastets.com\/nl\/#organization","name":"Camping Les Bastets","url":"https:\/\/www.campinglesbastets.com\/nl\/","logo":{"@type":"ImageObject","inLanguage":"nl-NL","@id":"https:\/\/www.campinglesbastets.com\/nl\/#\/schema\/logo\/image\/","url":"https:\/\/www.campinglesbastets.com\/wp-content\/uploads\/2022\/02\/favicon-1.png","contentUrl":"https:\/\/www.campinglesbastets.com\/wp-content\/uploads\/2022\/02\/favicon-1.png","width":1423,"height":1423,"caption":"Camping Les Bastets"},"image":{"@id":"https:\/\/www.campinglesbastets.com\/nl\/#\/schema\/logo\/image\/"}}]}},"_links":{"self":[{"href":"https:\/\/www.campinglesbastets.com\/nl\/wp-json\/wp\/v2\/pages\/10113","targetHints":{"allow":["GET"]}}],"collection":[{"href":"https:\/\/www.campinglesbastets.com\/nl\/wp-json\/wp\/v2\/pages"}],"about":[{"href":"https:\/\/www.campinglesbastets.com\/nl\/wp-json\/wp\/v2\/types\/page"}],"author":[{"embeddable":true,"href":"https:\/\/www.campinglesbastets.com\/nl\/wp-json\/wp\/v2\/users\/1"}],"replies":[{"embeddable":true,"href":"https:\/\/www.campinglesbastets.com\/nl\/wp-json\/wp\/v2\/comments?post=10113"}],"version-history":[{"count":4,"href":"https:\/\/www.campinglesbastets.com\/nl\/wp-json\/wp\/v2\/pages\/10113\/revisions"}],"predecessor-version":[{"id":10323,"href":"https:\/\/www.campinglesbastets.com\/nl\/wp-json\/wp\/v2\/pages\/10113\/revisions\/10323"}],"up":[{"embeddable":true,"href":"https:\/\/www.campinglesbastets.com\/nl\/wp-json\/wp\/v2\/pages\/9700"}],"wp:featuredmedia":[{"embeddable":true,"href":"https:\/\/www.campinglesbastets.com\/nl\/wp-json\/wp\/v2\/media\/7315"}],"wp:attachment":[{"href":"https:\/\/www.campinglesbastets.com\/nl\/wp-json\/wp\/v2\/media?parent=10113"}],"curies":[{"name":"wp","href":"https:\/\/api.w.org\/{rel}","templated":true}]}}