{"id":10103,"date":"2022-03-07T15:07:13","date_gmt":"2022-03-07T14:07:13","guid":{"rendered":"https:\/\/www.campinglesbastets.com\/omgeving\/plus-beaux-villages-de-drome\/"},"modified":"2022-04-20T11:04:45","modified_gmt":"2022-04-20T09:04:45","slug":"mooiste-dorpen-van-frankrijk-in-de-drome","status":"publish","type":"page","link":"https:\/\/www.campinglesbastets.com\/nl\/omgeving\/mooiste-dorpen-van-frankrijk-in-de-drome\/","title":{"rendered":"De mooiste dorpjes van de Dr\u00f4me"},"content":{"rendered":"<section id=\"section-6228bdc332796\"\" class=\"section bg-white p-b-0\" \/><div class=\"container extralarge\"><h1 class=\"element section-title center\">Mooiste dorpen van Frankrijk in de Dr\u00f4me<\/h1><div class=\"element bloc-text left \">\n\t<p>Tijdens een heerlijke\u00a0<a href=\"https:\/\/www.campinglesbastets.com\/nl\/\">kampeervakantie in de Dr\u00f4me<\/a>\u00a0kun je de meest sfeervolle Franse dorpjes ontdekken. Er zijn er zelfs enkelen die het gewilde label Mooiste Dorp van Frankrijk dragen. Wauw! Vanaf Camping Les Bastets ben je binnen no time op deze prachtige plekken vol charme, cultuur en natuur. Laat je tent, camper of caravan even voor wat het is op de camping en ga op pad. Ben je er klaar voor om als een god(in) in Frankrijk te leven?<\/p>\n<h2>Ontdek de parel van de Proven\u00e7aalse Dr\u00f4me: Grignan<\/h2>\n<p>De nieuwste aanwinst in de lijst van Mooiste Dorpen van Frankrijk is het bijzondere Grignan. Ten zuiden van de camping op ongeveer 33 kilometer vind je dit dorp dat gelegen is op een hoger rotspunt. Grignan is gebouwd rondom het kasteel van het dorp; het grootste renaissancekasteel van het zuidwesten van Frankrijk. Het kasteel stamt reeds uit de 11e eeuw en is een goed voorbeeld van het Frans classicisme. Bezoek het kasteel en de tuinen en vergaap je aan het uitzicht, de exposities en de kleurrijke tuin. Kom je in juli in Grignan dan is de kans groot dat je kunt genieten van het grote lavendelveld dat rondom het kasteel in bloei staat. Struin vervolgens door de vele kleine straatjes en geniet van de vele winkeltjes, pottenbakkers en schilders.<\/p>\n<p><iframe loading=\"lazy\" src=\"https:\/\/www.youtube.com\/embed\/Ssz3YSoSwsQ\" width=\"100%\" height=\"315\" frameborder=\"0\" allowfullscreen=\"allowfullscreen\"><\/iframe><\/p>\n<h2>Dorp op hoogte: La Garde-Adh\u00e9mar<\/h2>\n<p>In de buurt van Grignan vind je het op een rots gelegen La Garde-Adh\u00e9mar. Vanaf de camping is het 35 kilometer rijden naar het zuidwesten op bij dit unieke dorp te komen. Opvallend aan dit dorp is het middeleeuwse karakter: La Garde-Adh\u00e9mar beschikt nog over een heuse stadsmuur, oude huizen en zelfs de resten van een oude burcht. Vanaf verschillende punten in het dorp heb je een adembenemend uitzicht over de Vivarais bergen en het Rh\u00f4nedal. Trek erop uit en bezoek de moestuinen aan de voet van de kerk, waar je tevens de Jardin des Herbes vindt. De Jardin des Herbes is een grote kruidentuin met allerlei geneeskrachtige kruiden. In de zomer vind je hier regelmatig een barretje waar je lekker wat kunt drinken. Bekijk ook de Val des Nymphes, oftewel: het Nimfendal. Vroeger was dit de plek van het vereren van vruchtbaarheid.<\/p>\n<p><iframe loading=\"lazy\" src=\"https:\/\/www.youtube.com\/embed\/1UXMWCnF2tQ\" width=\"100%\" height=\"315\" frameborder=\"0\" allowfullscreen=\"allowfullscreen\"><\/iframe><\/p>\n<h2>Bezoek heuveldorp Le Po\u00ebt-Laval<\/h2>\n<p>Nog zo\u2019n magisch dorp op hoogte: Le Po\u00ebt-Laval. Ook dit dorp vind je iets ten zuiden van Camping Les Bastets, op slechts 21 kilometer. Le Po\u00ebt-Laval stamt reeds uit de 12e eeuw toen het gesticht werd door de Ridders van Sint-Jeruzalem. Na jaren van verwaarlozing werd er in dit dorp in de jaren 50 nieuw leven geblazen door hotelier Yvon Morin. Hij opende er een hotel-restaurant, herstelde de burcht en was er de oprichter van het Centrum voor Kunst en Entertainment Raymond Du Puy. Le Po\u00ebt-Laval is het startpunt van een van de langste wandeltochten door Europa. Verder kun je hier heerlijk struinen en zijn er voldoende faciliteiten voor toeristen te vinden. Extra bijzonder feitje: het dorp is onder Nederlanders voornamelijk bekend omdat Gerard Reve hier in de jaren 70 heeft gewoond.<\/p>\n<p><iframe loading=\"lazy\" src=\"https:\/\/www.youtube.com\/embed\/FNDDRyOUzJc\" width=\"100%\" height=\"315\" frameborder=\"0\" allowfullscreen=\"allowfullscreen\"><\/iframe><\/p>\n<h2>Mirmande: dorp tussen de kersenboomgaarden<\/h2>\n<p>Tussen Mont\u00e9limar en Valence vind je Mirmande, op slechts 12 kilometer afstand van de camping. Dit mooie middeleeuwse dorpje is als het ware tegen een groene heuvel aangeplakt. Omgeven met kersenbloesembomen vind je hier een bijzonder oud dorp: de kerk van Mirmande stamt al uit de 12e eeuw. In de 19e eeuw dreigde het dorp compleet in verval te raken, omdat de hoogteverschillen in Mirmande behoorlijk groot zijn en diverse plekken moeilijk te bereiken waren. Het was de schilder Andr\u00e9 Lhote die verliefd werd op de charme van dit dorp en er samen met leerlingen ging wonen in 1926. Tegenwoordig vind je nog steeds veel schilders en kunstenaars in het dorp; in de kerk Sainte-Foy zijn regelmatig prachtige exposities te bekijken. Ook vind je hier talloze charmante restaurants en brasseries waar je heerlijk kunt eten en drinken.<\/p>\n<p><iframe loading=\"lazy\" src=\"https:\/\/www.youtube.com\/embed\/SWgf1iWDASQ\" width=\"100%\" height=\"315\" frameborder=\"0\" allowfullscreen=\"allowfullscreen\"><\/iframe><\/p>\n<\/div><\/div><\/section>\n\n<section id=\"section-6228bdc33296c\"\" class=\"section bg-white\" \/><div class=\"container extralarge\"><div class=\"element section-title center h2-like\">Ontdek Crest en omgeving<\/div><ul class=\"liste-de-page\"><li class=\"element call-to-action carre call-to-action--style-1 call-to-action--big\"><a href=\"https:\/\/www.campinglesbastets.com\/nl\/omgeving\/historische-parel-van-de-drome-romans-isere\/\"  class=\"call-to-action_link\" title=\"En savoir plus sur romans sur is\u00e8re\"><div class=\"call-to-action_image\"><img decoding=\"async\" src=\"https:\/\/www.campinglesbastets.com\/wp-content\/uploads\/2022\/03\/visiter-romans-sur-isere.jpg\" data-src=\"https:\/\/www.campinglesbastets.com\/wp-content\/uploads\/2022\/03\/visiter-romans-sur-isere.jpg\" alt=\"visiter romans sur isere\" class=\"big\" \/><\/div><div class=\"call-to-action_contenu\"><div class=\"call-to-action_titre\">Romans sur Is\u00e8re<\/div><\/div><\/a><\/li><\/ul><\/div><\/section>","protected":false},"excerpt":{"rendered":"","protected":false},"author":1,"featured_media":7239,"parent":9700,"menu_order":0,"comment_status":"closed","ping_status":"closed","template":"","meta":{"_acf_changed":false,"footnotes":""},"class_list":["post-10103","page","type-page","status-publish","has-post-thumbnail","hentry"],"acf":[],"yoast_head":"<!-- This site is optimized with the Yoast SEO plugin v25.3 - https:\/\/yoast.com\/wordpress\/plugins\/seo\/ -->\n<title>Top 4 van de mooiste dorpjes in de drome in Frankrijk<\/title>\n<meta name=\"description\" content=\"Wilt u tijdens uw vakantie de dorpen van de Dr\u00f4me bezoeken ? Ontdek de 4 mooiste dorpen van de Proven\u00e7aalse Dr\u00f4me in Frankrijk !\" \/>\n<meta name=\"robots\" content=\"index, follow, max-snippet:-1, max-image-preview:large, max-video-preview:-1\" \/>\n<link rel=\"canonical\" href=\"https:\/\/www.campinglesbastets.com\/nl\/omgeving\/mooiste-dorpen-van-frankrijk-in-de-drome\/\" \/>\n<meta property=\"og:locale\" content=\"nl_NL\" \/>\n<meta property=\"og:type\" content=\"article\" \/>\n<meta property=\"og:title\" content=\"Top 4 van de mooiste dorpjes in de drome in Frankrijk\" \/>\n<meta property=\"og:description\" content=\"Wilt u tijdens uw vakantie de dorpen van de Dr\u00f4me bezoeken ? Ontdek de 4 mooiste dorpen van de Proven\u00e7aalse Dr\u00f4me in Frankrijk !\" \/>\n<meta property=\"og:url\" content=\"https:\/\/www.campinglesbastets.com\/nl\/omgeving\/mooiste-dorpen-van-frankrijk-in-de-drome\/\" \/>\n<meta property=\"og:site_name\" content=\"Camping Les Bastets\" \/>\n<meta property=\"article:modified_time\" content=\"2022-04-20T09:04:45+00:00\" \/>\n<meta property=\"og:image\" content=\"https:\/\/www.campinglesbastets.com\/wp-content\/uploads\/2022\/03\/decouvrir-la-drome.jpg\" \/>\n\t<meta property=\"og:image:width\" content=\"1900\" \/>\n\t<meta property=\"og:image:height\" content=\"1056\" \/>\n\t<meta property=\"og:image:type\" content=\"image\/jpeg\" \/>\n<meta name=\"twitter:card\" content=\"summary_large_image\" \/>\n<script type=\"application\/ld+json\" class=\"yoast-schema-graph\">{\"@context\":\"https:\/\/schema.org\",\"@graph\":[{\"@type\":\"WebPage\",\"@id\":\"https:\/\/www.campinglesbastets.com\/nl\/omgeving\/mooiste-dorpen-van-frankrijk-in-de-drome\/\",\"url\":\"https:\/\/www.campinglesbastets.com\/nl\/omgeving\/mooiste-dorpen-van-frankrijk-in-de-drome\/\",\"name\":\"Top 4 van de mooiste dorpjes in de drome in Frankrijk\",\"isPartOf\":{\"@id\":\"https:\/\/www.campinglesbastets.com\/nl\/#website\"},\"primaryImageOfPage\":{\"@id\":\"https:\/\/www.campinglesbastets.com\/nl\/omgeving\/mooiste-dorpen-van-frankrijk-in-de-drome\/#primaryimage\"},\"image\":{\"@id\":\"https:\/\/www.campinglesbastets.com\/nl\/omgeving\/mooiste-dorpen-van-frankrijk-in-de-drome\/#primaryimage\"},\"thumbnailUrl\":\"https:\/\/www.campinglesbastets.com\/wp-content\/uploads\/2022\/03\/decouvrir-la-drome.jpg\",\"datePublished\":\"2022-03-07T14:07:13+00:00\",\"dateModified\":\"2022-04-20T09:04:45+00:00\",\"description\":\"Wilt u tijdens uw vakantie de dorpen van de Dr\u00f4me bezoeken ? Ontdek de 4 mooiste dorpen van de Proven\u00e7aalse Dr\u00f4me in Frankrijk !\",\"breadcrumb\":{\"@id\":\"https:\/\/www.campinglesbastets.com\/nl\/omgeving\/mooiste-dorpen-van-frankrijk-in-de-drome\/#breadcrumb\"},\"inLanguage\":\"nl-NL\",\"potentialAction\":[{\"@type\":\"ReadAction\",\"target\":[\"https:\/\/www.campinglesbastets.com\/nl\/omgeving\/mooiste-dorpen-van-frankrijk-in-de-drome\/\"]}]},{\"@type\":\"ImageObject\",\"inLanguage\":\"nl-NL\",\"@id\":\"https:\/\/www.campinglesbastets.com\/nl\/omgeving\/mooiste-dorpen-van-frankrijk-in-de-drome\/#primaryimage\",\"url\":\"https:\/\/www.campinglesbastets.com\/wp-content\/uploads\/2022\/03\/decouvrir-la-drome.jpg\",\"contentUrl\":\"https:\/\/www.campinglesbastets.com\/wp-content\/uploads\/2022\/03\/decouvrir-la-drome.jpg\",\"width\":1900,\"height\":1056,\"caption\":\"decouvrir la drome\"},{\"@type\":\"BreadcrumbList\",\"@id\":\"https:\/\/www.campinglesbastets.com\/nl\/omgeving\/mooiste-dorpen-van-frankrijk-in-de-drome\/#breadcrumb\",\"itemListElement\":[{\"@type\":\"ListItem\",\"position\":1,\"name\":\"Camping Dr\u00f4me\",\"item\":\"https:\/\/www.campinglesbastets.com\/nl\/\"},{\"@type\":\"ListItem\",\"position\":2,\"name\":\"TOERISME IN DE DR\u00d4ME PROVEN\u00c7ALE\",\"item\":\"https:\/\/www.campinglesbastets.com\/nl\/omgeving\/\"},{\"@type\":\"ListItem\",\"position\":3,\"name\":\"Mooiste dorpen van Frankrijk in de Dr\u00f4me\"}]},{\"@type\":\"WebSite\",\"@id\":\"https:\/\/www.campinglesbastets.com\/nl\/#website\",\"url\":\"https:\/\/www.campinglesbastets.com\/nl\/\",\"name\":\"Camping Les Bastets\",\"description\":\"\",\"publisher\":{\"@id\":\"https:\/\/www.campinglesbastets.com\/nl\/#organization\"},\"potentialAction\":[{\"@type\":\"SearchAction\",\"target\":{\"@type\":\"EntryPoint\",\"urlTemplate\":\"https:\/\/www.campinglesbastets.com\/nl\/?s={search_term_string}\"},\"query-input\":{\"@type\":\"PropertyValueSpecification\",\"valueRequired\":true,\"valueName\":\"search_term_string\"}}],\"inLanguage\":\"nl-NL\"},{\"@type\":\"Organization\",\"@id\":\"https:\/\/www.campinglesbastets.com\/nl\/#organization\",\"name\":\"Camping Les Bastets\",\"url\":\"https:\/\/www.campinglesbastets.com\/nl\/\",\"logo\":{\"@type\":\"ImageObject\",\"inLanguage\":\"nl-NL\",\"@id\":\"https:\/\/www.campinglesbastets.com\/nl\/#\/schema\/logo\/image\/\",\"url\":\"https:\/\/www.campinglesbastets.com\/wp-content\/uploads\/2022\/02\/favicon-1.png\",\"contentUrl\":\"https:\/\/www.campinglesbastets.com\/wp-content\/uploads\/2022\/02\/favicon-1.png\",\"width\":1423,\"height\":1423,\"caption\":\"Camping Les Bastets\"},\"image\":{\"@id\":\"https:\/\/www.campinglesbastets.com\/nl\/#\/schema\/logo\/image\/\"}}]}<\/script>\n<!-- \/ Yoast SEO plugin. -->","yoast_head_json":{"title":"Top 4 van de mooiste dorpjes in de drome in Frankrijk","description":"Wilt u tijdens uw vakantie de dorpen van de Dr\u00f4me bezoeken ? Ontdek de 4 mooiste dorpen van de Proven\u00e7aalse Dr\u00f4me in Frankrijk !","robots":{"index":"index","follow":"follow","max-snippet":"max-snippet:-1","max-image-preview":"max-image-preview:large","max-video-preview":"max-video-preview:-1"},"canonical":"https:\/\/www.campinglesbastets.com\/nl\/omgeving\/mooiste-dorpen-van-frankrijk-in-de-drome\/","og_locale":"nl_NL","og_type":"article","og_title":"Top 4 van de mooiste dorpjes in de drome in Frankrijk","og_description":"Wilt u tijdens uw vakantie de dorpen van de Dr\u00f4me bezoeken ? Ontdek de 4 mooiste dorpen van de Proven\u00e7aalse Dr\u00f4me in Frankrijk !","og_url":"https:\/\/www.campinglesbastets.com\/nl\/omgeving\/mooiste-dorpen-van-frankrijk-in-de-drome\/","og_site_name":"Camping Les Bastets","article_modified_time":"2022-04-20T09:04:45+00:00","og_image":[{"width":1900,"height":1056,"url":"https:\/\/www.campinglesbastets.com\/wp-content\/uploads\/2022\/03\/decouvrir-la-drome.jpg","type":"image\/jpeg"}],"twitter_card":"summary_large_image","schema":{"@context":"https:\/\/schema.org","@graph":[{"@type":"WebPage","@id":"https:\/\/www.campinglesbastets.com\/nl\/omgeving\/mooiste-dorpen-van-frankrijk-in-de-drome\/","url":"https:\/\/www.campinglesbastets.com\/nl\/omgeving\/mooiste-dorpen-van-frankrijk-in-de-drome\/","name":"Top 4 van de mooiste dorpjes in de drome in Frankrijk","isPartOf":{"@id":"https:\/\/www.campinglesbastets.com\/nl\/#website"},"primaryImageOfPage":{"@id":"https:\/\/www.campinglesbastets.com\/nl\/omgeving\/mooiste-dorpen-van-frankrijk-in-de-drome\/#primaryimage"},"image":{"@id":"https:\/\/www.campinglesbastets.com\/nl\/omgeving\/mooiste-dorpen-van-frankrijk-in-de-drome\/#primaryimage"},"thumbnailUrl":"https:\/\/www.campinglesbastets.com\/wp-content\/uploads\/2022\/03\/decouvrir-la-drome.jpg","datePublished":"2022-03-07T14:07:13+00:00","dateModified":"2022-04-20T09:04:45+00:00","description":"Wilt u tijdens uw vakantie de dorpen van de Dr\u00f4me bezoeken ? Ontdek de 4 mooiste dorpen van de Proven\u00e7aalse Dr\u00f4me in Frankrijk !","breadcrumb":{"@id":"https:\/\/www.campinglesbastets.com\/nl\/omgeving\/mooiste-dorpen-van-frankrijk-in-de-drome\/#breadcrumb"},"inLanguage":"nl-NL","potentialAction":[{"@type":"ReadAction","target":["https:\/\/www.campinglesbastets.com\/nl\/omgeving\/mooiste-dorpen-van-frankrijk-in-de-drome\/"]}]},{"@type":"ImageObject","inLanguage":"nl-NL","@id":"https:\/\/www.campinglesbastets.com\/nl\/omgeving\/mooiste-dorpen-van-frankrijk-in-de-drome\/#primaryimage","url":"https:\/\/www.campinglesbastets.com\/wp-content\/uploads\/2022\/03\/decouvrir-la-drome.jpg","contentUrl":"https:\/\/www.campinglesbastets.com\/wp-content\/uploads\/2022\/03\/decouvrir-la-drome.jpg","width":1900,"height":1056,"caption":"decouvrir la drome"},{"@type":"BreadcrumbList","@id":"https:\/\/www.campinglesbastets.com\/nl\/omgeving\/mooiste-dorpen-van-frankrijk-in-de-drome\/#breadcrumb","itemListElement":[{"@type":"ListItem","position":1,"name":"Camping Dr\u00f4me","item":"https:\/\/www.campinglesbastets.com\/nl\/"},{"@type":"ListItem","position":2,"name":"TOERISME IN DE DR\u00d4ME PROVEN\u00c7ALE","item":"https:\/\/www.campinglesbastets.com\/nl\/omgeving\/"},{"@type":"ListItem","position":3,"name":"Mooiste dorpen van Frankrijk in de Dr\u00f4me"}]},{"@type":"WebSite","@id":"https:\/\/www.campinglesbastets.com\/nl\/#website","url":"https:\/\/www.campinglesbastets.com\/nl\/","name":"Camping Les Bastets","description":"","publisher":{"@id":"https:\/\/www.campinglesbastets.com\/nl\/#organization"},"potentialAction":[{"@type":"SearchAction","target":{"@type":"EntryPoint","urlTemplate":"https:\/\/www.campinglesbastets.com\/nl\/?s={search_term_string}"},"query-input":{"@type":"PropertyValueSpecification","valueRequired":true,"valueName":"search_term_string"}}],"inLanguage":"nl-NL"},{"@type":"Organization","@id":"https:\/\/www.campinglesbastets.com\/nl\/#organization","name":"Camping Les Bastets","url":"https:\/\/www.campinglesbastets.com\/nl\/","logo":{"@type":"ImageObject","inLanguage":"nl-NL","@id":"https:\/\/www.campinglesbastets.com\/nl\/#\/schema\/logo\/image\/","url":"https:\/\/www.campinglesbastets.com\/wp-content\/uploads\/2022\/02\/favicon-1.png","contentUrl":"https:\/\/www.campinglesbastets.com\/wp-content\/uploads\/2022\/02\/favicon-1.png","width":1423,"height":1423,"caption":"Camping Les Bastets"},"image":{"@id":"https:\/\/www.campinglesbastets.com\/nl\/#\/schema\/logo\/image\/"}}]}},"_links":{"self":[{"href":"https:\/\/www.campinglesbastets.com\/nl\/wp-json\/wp\/v2\/pages\/10103","targetHints":{"allow":["GET"]}}],"collection":[{"href":"https:\/\/www.campinglesbastets.com\/nl\/wp-json\/wp\/v2\/pages"}],"about":[{"href":"https:\/\/www.campinglesbastets.com\/nl\/wp-json\/wp\/v2\/types\/page"}],"author":[{"embeddable":true,"href":"https:\/\/www.campinglesbastets.com\/nl\/wp-json\/wp\/v2\/users\/1"}],"replies":[{"embeddable":true,"href":"https:\/\/www.campinglesbastets.com\/nl\/wp-json\/wp\/v2\/comments?post=10103"}],"version-history":[{"count":3,"href":"https:\/\/www.campinglesbastets.com\/nl\/wp-json\/wp\/v2\/pages\/10103\/revisions"}],"predecessor-version":[{"id":10277,"href":"https:\/\/www.campinglesbastets.com\/nl\/wp-json\/wp\/v2\/pages\/10103\/revisions\/10277"}],"up":[{"embeddable":true,"href":"https:\/\/www.campinglesbastets.com\/nl\/wp-json\/wp\/v2\/pages\/9700"}],"wp:featuredmedia":[{"embeddable":true,"href":"https:\/\/www.campinglesbastets.com\/nl\/wp-json\/wp\/v2\/media\/7239"}],"wp:attachment":[{"href":"https:\/\/www.campinglesbastets.com\/nl\/wp-json\/wp\/v2\/media?parent=10103"}],"curies":[{"name":"wp","href":"https:\/\/api.w.org\/{rel}","templated":true}]}}