{"id":10097,"date":"2022-03-07T14:27:18","date_gmt":"2022-03-07T13:27:18","guid":{"rendered":"https:\/\/www.campinglesbastets.com\/omgeving\/sejours-oenologiques-vallee-rhone\/"},"modified":"2022-05-06T15:59:46","modified_gmt":"2022-05-06T13:59:46","slug":"wijnreizen-in-de-rhonevallei-2","status":"publish","type":"page","link":"https:\/\/www.campinglesbastets.com\/nl\/omgeving\/wijnreizen-in-de-rhonevallei-2\/","title":{"rendered":"Wijnreizen in de Rh\u00f4nevallei"},"content":{"rendered":"<section id=\"section-6228bb6ea0d53\"\" class=\"section bg-white p-b-0\" \/><div class=\"container extralarge\"><h1 class=\"element section-title center\">Wijnreizen in de Rh\u00f4nevallei<\/h1><div class=\"element bloc-text left \">\n\t<p>Sinds een tijdje zijn wijnreizen ontzettend populair, vooral in Franse wijnbouwgebieden zoals de Rh\u00f4ne-vallei of de Elzas. Bij dit soort tripjes wordt sightseeing gecombineerd met wijnproeverijen en wandelingen in diverse wijngaarden. Onze tip? Ga ook op wijnreis in de Rh\u00f4nevallei met als basis onze\u00a0<a href=\"https:\/\/www.campinglesbastets.com\/nl\/\">Camping les Bastets<\/a>.<\/p>\n<h2>Wijn in het Rh\u00f4nedal<\/h2>\n<p>Al 2000 jaar strekken de wijngaarden zich uit langs de Rh\u00f4ne van Vienne tot Avignon. Dankzij de verschillende grondsoorten, de rijke zonnestralen en de aanwezigheid van de rivier is de Rh\u00f4nevallei een van de mooiste wijnstreken van Frankrijk. De rode wijnen uit deze regio zijn vaak heerlijk en fruitig, de witte wijnen aromatisch en vol. In rode wijnen vinden we vaak druivensoorten zoals Cinsault, Grenache Noir, Syrah en Carignan. De witte wijnen worden voornamelijk gemaakt van Marsanne, Grenache Blanc, Roussanne en Viognier. Maar er kunnen ook totaal andere druivensoorten worden gebruikt. Onder de beroemdste appellations (AOC-wijnen) van de Rh\u00f4ne-vallei kunnen we bijvoorbeeld Gigondas, C\u00f4te R\u00f4tie, Ch\u00e2teauneuf-du-Pape en Crozes-Hermitage noemen.<\/p>\n<h2>Het concept van wijnreizen<\/h2>\n<p>Oenologische verblijven, ook wel wijntoeristische verblijven genoemd, combineren wijn en reizen voor een weekend. Het gaat niet om een verblijf waarbij je de hele dag wijn drinkt, maar om een tripje met een reeks toeristische activiteiten die verband houden met de wereld van wijn. Waarom je absoluut een wijnreis zou moeten maken? Simpel. Tijdens zo\u2019n unieke trip beleef je van alles:<\/p>\n<ul>\n<li>je leert alles over wijn;<\/li>\n<li>je kunt nieuwe wijnen proeven;<\/li>\n<li>het bezoeken van een of meerdere wijngaarden;<\/li>\n<li>ontdek de maanden werk achter de beste wijnen in Frankrijk;<\/li>\n<li>ontmoet mannen en vrouwen die gepassioneerd zijn door wijnbouw;<\/li>\n<li>waardeer de lokale gastronomie en probeer nieuwe culinaire smaken;<\/li>\n<li>bezoek het lokale historische en culturele erfgoed;<\/li>\n<li>ook fijn: je kunt hier volop genieten van een gevarieerde natuur omdat vrijwel alle activiteiten buiten zijn.<\/li>\n<\/ul>\n<p>Al deze redenen en nog veel meer maken wijnreizen steeds populairder in alle wijnstreken van Frankrijk. Het is raadzaam om een regio te kiezen waarvan je weet dat je de wijnen die daar vandaan komen lekker vindt.<\/p>\n<p><iframe loading=\"lazy\" title=\"YouTube video player\" src=\"https:\/\/www.youtube.com\/embed\/CLf4QMZicmA\" width=\"100%\" height=\"315\" frameborder=\"0\" allowfullscreen=\"allowfullscreen\"><\/iframe><\/p>\n<h2>De beste wijnreizen in het Rh\u00f4nedal<\/h2>\n<p>Klaar om deel te nemen aan een eerste wijnervaring? Onze favorieten wijnreizen zijn onder andere:<\/p>\n<h3>Truffel- en wijnochtend<\/h3>\n<p>Gelegen op het landgoed Boissonnet in Serri\u00e8res in de Ard\u00e8che is deze oenologische ochtend perfect voor iedereen die het concept voorzichtig wil ontdekken. Het originele programma biedt een proeverij van wijn en truffel. We beginnen met een bezoek aan een truffelboerderij voordat we het landgoed Boissonnet bezoeken in aanwezigheid van de wijnboer. Er zijn twee arrangementen te boeken van \u20ac 50 en \u20ac 90, de tweede is inclusief een stevige lunch met truffels. Serri\u00e8res ligt 96 km ten noorden van camping Les Bastets.<\/p>\n<h3>Wijnweekend in de Dr\u00f4me<\/h3>\n<p>Tijdens deze activiteit op het landgoed Paissy in de buurt van Mont\u00e9limar bezoeken we Grignan en Ch\u00e2teauneuf-du-Pape en nemen we deel aan drie wijnproeverijen: twee tijdens bezoeken aan landgoederen en \u00e9\u00e9n bij het beroemde Maison Ogier. Het weekend van drie dagen en twee nachten kost \u20ac 390 per persoon (maaltijden en accommodatie inbegrepen). Domaine du Paissy ligt op minder dan 15 km van camping Les Bastets in Marsanne.<\/p>\n<h3>Hermitage proeverijweekend<\/h3>\n<p>Deze derde wijntour vindt plaats in het hart van de Hermitage-wijngaard in de Dr\u00f4me, 68 km ten noorden van camping Les Bastets. Het verblijf begint met een bezoek aan het landgoed Croix de Verre en een eerste proeverij. De volgende dag vindt een tweede proeverij plaats bij een naburige wijnboer. Na de lunch, gecombineerd met eten en wijn, kunt je tijdens een korte maar mooie wandeling van 3,5 km door de wijngaarden genieten van het landschap. &#8217;s Avonds wordt de maaltijd genuttigd in een gastronomisch restaurant met een Michelinster. Op de derde dag bezoek je Tournon-sur-Rh\u00f4ne en geniet je van een laatste maaltijd in een traditioneel restaurant. Deze driedaagse wijnreis van twee nachten kost \u20ac 270 per persoon, inclusief accommodatie en maaltijden.<\/p>\n<\/div><\/div><\/section>\n\n<section id=\"section-6228bb6ea0ee2\"\" class=\"section bg-white\" \/><div class=\"container extralarge\"><div class=\"element section-title center h2-like\">Bezienswaardigheden in de Dr\u00f4me<\/div><ul class=\"liste-de-page\"><li class=\"element call-to-action carre call-to-action--style-1 call-to-action--big\"><a href=\"https:\/\/www.campinglesbastets.com\/nl\/omgeving\/bezoek-marsanne\/\"  class=\"call-to-action_link\" title=\"En savoir plus sur bezoek marsanne\"><div class=\"call-to-action_image\"><img decoding=\"async\" src=\"https:\/\/www.campinglesbastets.com\/wp-content\/uploads\/2022\/03\/decouvrir-marsanne.jpg\" data-src=\"https:\/\/www.campinglesbastets.com\/wp-content\/uploads\/2022\/03\/decouvrir-marsanne.jpg\" alt=\"decouvrir marsanne\" class=\"big\" \/><\/div><div class=\"call-to-action_contenu\"><div class=\"call-to-action_titre\">Bezoek Marsanne<\/div><\/div><\/a><\/li><li class=\"element call-to-action carre call-to-action--style-1 call-to-action--big call-to-action--style-1 call-to-action--big\"><a href=\"https:\/\/www.campinglesbastets.com\/nl\/omgeving\/de-stad-van-chocolade\/\"  class=\"call-to-action_link\" title=\"En savoir plus sur de stad van chocolade\"><div class=\"call-to-action_image\"><img decoding=\"async\" src=\"https:\/\/www.campinglesbastets.com\/wp-content\/uploads\/2022\/03\/visiter-cite-du-chocolat.jpg\" data-src=\"https:\/\/www.campinglesbastets.com\/wp-content\/uploads\/2022\/03\/visiter-cite-du-chocolat.jpg\" alt=\"visiter cite du chocolat\" class=\"big\" \/><\/div><div class=\"call-to-action_contenu\"><div class=\"call-to-action_titre\">De stad van chocolade<\/div><\/div><\/a><\/li><li class=\"element call-to-action carre call-to-action--style-1 call-to-action--big call-to-action--style-1 call-to-action--big call-to-action--style-1 call-to-action--big\"><a href=\"https:\/\/www.campinglesbastets.com\/nl\/omgeving\/bezoek-chateauneuf-isere\/\"  class=\"call-to-action_link\" title=\"En savoir plus sur bezoek ch\u00e2teauneuf-sur-is\u00e8re\"><div class=\"call-to-action_image\"><img decoding=\"async\" src=\"https:\/\/www.campinglesbastets.com\/wp-content\/uploads\/2022\/03\/decouvrir-chateauneuf-sur-isere.jpg\" data-src=\"https:\/\/www.campinglesbastets.com\/wp-content\/uploads\/2022\/03\/decouvrir-chateauneuf-sur-isere.jpg\" alt=\"decouvrir chateauneuf sur isere\" class=\"big\" \/><\/div><div class=\"call-to-action_contenu\"><div class=\"call-to-action_titre\">Bezoek Ch\u00e2teauneuf-sur-Is\u00e8re<\/div><\/div><\/a><\/li><li class=\"element call-to-action carre call-to-action--style-1 call-to-action--big call-to-action--style-1 call-to-action--big call-to-action--style-1 call-to-action--big call-to-action--style-1 call-to-action--big\"><a href=\"https:\/\/www.campinglesbastets.com\/nl\/omgeving\/10-essentiele-activiteiten-in-de-drome\/\"  class=\"call-to-action_link\" title=\"En savoir plus sur 10 must-activiteiten in de dr\u00f4me\"><div class=\"call-to-action_image\"><img decoding=\"async\" src=\"https:\/\/www.campinglesbastets.com\/wp-content\/uploads\/2022\/03\/visiter-palais-du-facteur-cheval.jpg\" data-src=\"https:\/\/www.campinglesbastets.com\/wp-content\/uploads\/2022\/03\/visiter-palais-du-facteur-cheval.jpg\" alt=\"visiter palais du facteur cheval\" class=\"big\" \/><\/div><div class=\"call-to-action_contenu\"><div class=\"call-to-action_titre\">10 must-activiteiten in de Dr\u00f4me<\/div><\/div><\/a><\/li><li class=\"element call-to-action carre call-to-action--style-1 call-to-action--big call-to-action--style-1 call-to-action--big call-to-action--style-1 call-to-action--big call-to-action--style-1 call-to-action--big call-to-action--style-1 call-to-action--big\"><a href=\"https:\/\/www.campinglesbastets.com\/nl\/omgeving\/zwemmen-in-de-drome-hier-moet-zijn\/\"  class=\"call-to-action_link\" title=\"En savoir plus sur badderen\"><div class=\"call-to-action_image\"><img decoding=\"async\" src=\"https:\/\/www.campinglesbastets.com\/wp-content\/uploads\/2022\/03\/baignade-pres-du-camping.jpg\" data-src=\"https:\/\/www.campinglesbastets.com\/wp-content\/uploads\/2022\/03\/baignade-pres-du-camping.jpg\" alt=\"baignade pres du camping\" class=\"big\" \/><\/div><div class=\"call-to-action_contenu\"><div class=\"call-to-action_titre\">Badderen<\/div><\/div><\/a><\/li><li class=\"element call-to-action carre call-to-action--style-1 call-to-action--big call-to-action--style-1 call-to-action--big call-to-action--style-1 call-to-action--big call-to-action--style-1 call-to-action--big call-to-action--style-1 call-to-action--big call-to-action--style-1 call-to-action--big\"><a href=\"https:\/\/www.campinglesbastets.com\/nl\/omgeving\/de-krokodillen-boerderij\/\"  class=\"call-to-action_link\" title=\"En savoir plus sur krokodillenboerderij\"><div class=\"call-to-action_image\"><img decoding=\"async\" src=\"https:\/\/www.campinglesbastets.com\/wp-content\/uploads\/2022\/03\/ferme-aux-crocodiles.jpg\" data-src=\"https:\/\/www.campinglesbastets.com\/wp-content\/uploads\/2022\/03\/ferme-aux-crocodiles.jpg\" alt=\"ferme aux crocodiles\" class=\"big\" \/><\/div><div class=\"call-to-action_contenu\"><div class=\"call-to-action_titre\">Krokodillenboerderij<\/div><\/div><\/a><\/li><\/ul><\/div><\/section>","protected":false},"excerpt":{"rendered":"","protected":false},"author":1,"featured_media":7203,"parent":9700,"menu_order":0,"comment_status":"closed","ping_status":"closed","template":"","meta":{"_acf_changed":false,"footnotes":""},"class_list":["post-10097","page","type-page","status-publish","has-post-thumbnail","hentry"],"acf":[],"yoast_head":"<!-- This site is optimized with the Yoast SEO plugin v25.3 - https:\/\/yoast.com\/wordpress\/plugins\/seo\/ -->\n<title>Wijnreizen in de Rh\u00f4nevallei - Camping Les Bastets<\/title>\n<meta name=\"description\" content=\"De wijntours combineren het plezier van het proeven, het wandelen in de wijngaarden en het bezoeken van de bezienswaardigheden in het Rh\u00f4nedal.\" \/>\n<meta name=\"robots\" content=\"index, follow, max-snippet:-1, max-image-preview:large, max-video-preview:-1\" \/>\n<link rel=\"canonical\" href=\"https:\/\/www.campinglesbastets.com\/nl\/omgeving\/wijnreizen-in-de-rhonevallei-2\/\" \/>\n<meta property=\"og:locale\" content=\"nl_NL\" \/>\n<meta property=\"og:type\" content=\"article\" \/>\n<meta property=\"og:title\" content=\"Wijnreizen in de Rh\u00f4nevallei - Camping Les Bastets\" \/>\n<meta property=\"og:description\" content=\"De wijntours combineren het plezier van het proeven, het wandelen in de wijngaarden en het bezoeken van de bezienswaardigheden in het Rh\u00f4nedal.\" \/>\n<meta property=\"og:url\" content=\"https:\/\/www.campinglesbastets.com\/nl\/omgeving\/wijnreizen-in-de-rhonevallei-2\/\" \/>\n<meta property=\"og:site_name\" content=\"Camping Les Bastets\" \/>\n<meta property=\"article:modified_time\" content=\"2022-05-06T13:59:46+00:00\" \/>\n<meta property=\"og:image\" content=\"https:\/\/www.campinglesbastets.com\/wp-content\/uploads\/2022\/03\/activites-oenologiques.jpg\" \/>\n\t<meta property=\"og:image:width\" content=\"1900\" \/>\n\t<meta property=\"og:image:height\" content=\"1056\" \/>\n\t<meta property=\"og:image:type\" content=\"image\/jpeg\" \/>\n<meta name=\"twitter:card\" content=\"summary_large_image\" \/>\n<script type=\"application\/ld+json\" class=\"yoast-schema-graph\">{\"@context\":\"https:\/\/schema.org\",\"@graph\":[{\"@type\":\"WebPage\",\"@id\":\"https:\/\/www.campinglesbastets.com\/nl\/omgeving\/wijnreizen-in-de-rhonevallei-2\/\",\"url\":\"https:\/\/www.campinglesbastets.com\/nl\/omgeving\/wijnreizen-in-de-rhonevallei-2\/\",\"name\":\"Wijnreizen in de Rh\u00f4nevallei - Camping Les Bastets\",\"isPartOf\":{\"@id\":\"https:\/\/www.campinglesbastets.com\/nl\/#website\"},\"primaryImageOfPage\":{\"@id\":\"https:\/\/www.campinglesbastets.com\/nl\/omgeving\/wijnreizen-in-de-rhonevallei-2\/#primaryimage\"},\"image\":{\"@id\":\"https:\/\/www.campinglesbastets.com\/nl\/omgeving\/wijnreizen-in-de-rhonevallei-2\/#primaryimage\"},\"thumbnailUrl\":\"https:\/\/www.campinglesbastets.com\/wp-content\/uploads\/2022\/03\/activites-oenologiques.jpg\",\"datePublished\":\"2022-03-07T13:27:18+00:00\",\"dateModified\":\"2022-05-06T13:59:46+00:00\",\"description\":\"De wijntours combineren het plezier van het proeven, het wandelen in de wijngaarden en het bezoeken van de bezienswaardigheden in het Rh\u00f4nedal.\",\"breadcrumb\":{\"@id\":\"https:\/\/www.campinglesbastets.com\/nl\/omgeving\/wijnreizen-in-de-rhonevallei-2\/#breadcrumb\"},\"inLanguage\":\"nl-NL\",\"potentialAction\":[{\"@type\":\"ReadAction\",\"target\":[\"https:\/\/www.campinglesbastets.com\/nl\/omgeving\/wijnreizen-in-de-rhonevallei-2\/\"]}]},{\"@type\":\"ImageObject\",\"inLanguage\":\"nl-NL\",\"@id\":\"https:\/\/www.campinglesbastets.com\/nl\/omgeving\/wijnreizen-in-de-rhonevallei-2\/#primaryimage\",\"url\":\"https:\/\/www.campinglesbastets.com\/wp-content\/uploads\/2022\/03\/activites-oenologiques.jpg\",\"contentUrl\":\"https:\/\/www.campinglesbastets.com\/wp-content\/uploads\/2022\/03\/activites-oenologiques.jpg\",\"width\":1900,\"height\":1056,\"caption\":\"activites oenologiques\"},{\"@type\":\"BreadcrumbList\",\"@id\":\"https:\/\/www.campinglesbastets.com\/nl\/omgeving\/wijnreizen-in-de-rhonevallei-2\/#breadcrumb\",\"itemListElement\":[{\"@type\":\"ListItem\",\"position\":1,\"name\":\"Camping Dr\u00f4me\",\"item\":\"https:\/\/www.campinglesbastets.com\/nl\/\"},{\"@type\":\"ListItem\",\"position\":2,\"name\":\"TOERISME IN DE DR\u00d4ME PROVEN\u00c7ALE\",\"item\":\"https:\/\/www.campinglesbastets.com\/nl\/omgeving\/\"},{\"@type\":\"ListItem\",\"position\":3,\"name\":\"Wijnreizen in de Rh\u00f4nevallei\"}]},{\"@type\":\"WebSite\",\"@id\":\"https:\/\/www.campinglesbastets.com\/nl\/#website\",\"url\":\"https:\/\/www.campinglesbastets.com\/nl\/\",\"name\":\"Camping Les Bastets\",\"description\":\"\",\"publisher\":{\"@id\":\"https:\/\/www.campinglesbastets.com\/nl\/#organization\"},\"potentialAction\":[{\"@type\":\"SearchAction\",\"target\":{\"@type\":\"EntryPoint\",\"urlTemplate\":\"https:\/\/www.campinglesbastets.com\/nl\/?s={search_term_string}\"},\"query-input\":{\"@type\":\"PropertyValueSpecification\",\"valueRequired\":true,\"valueName\":\"search_term_string\"}}],\"inLanguage\":\"nl-NL\"},{\"@type\":\"Organization\",\"@id\":\"https:\/\/www.campinglesbastets.com\/nl\/#organization\",\"name\":\"Camping Les Bastets\",\"url\":\"https:\/\/www.campinglesbastets.com\/nl\/\",\"logo\":{\"@type\":\"ImageObject\",\"inLanguage\":\"nl-NL\",\"@id\":\"https:\/\/www.campinglesbastets.com\/nl\/#\/schema\/logo\/image\/\",\"url\":\"https:\/\/www.campinglesbastets.com\/wp-content\/uploads\/2022\/02\/favicon-1.png\",\"contentUrl\":\"https:\/\/www.campinglesbastets.com\/wp-content\/uploads\/2022\/02\/favicon-1.png\",\"width\":1423,\"height\":1423,\"caption\":\"Camping Les Bastets\"},\"image\":{\"@id\":\"https:\/\/www.campinglesbastets.com\/nl\/#\/schema\/logo\/image\/\"}}]}<\/script>\n<!-- \/ Yoast SEO plugin. -->","yoast_head_json":{"title":"Wijnreizen in de Rh\u00f4nevallei - Camping Les Bastets","description":"De wijntours combineren het plezier van het proeven, het wandelen in de wijngaarden en het bezoeken van de bezienswaardigheden in het Rh\u00f4nedal.","robots":{"index":"index","follow":"follow","max-snippet":"max-snippet:-1","max-image-preview":"max-image-preview:large","max-video-preview":"max-video-preview:-1"},"canonical":"https:\/\/www.campinglesbastets.com\/nl\/omgeving\/wijnreizen-in-de-rhonevallei-2\/","og_locale":"nl_NL","og_type":"article","og_title":"Wijnreizen in de Rh\u00f4nevallei - Camping Les Bastets","og_description":"De wijntours combineren het plezier van het proeven, het wandelen in de wijngaarden en het bezoeken van de bezienswaardigheden in het Rh\u00f4nedal.","og_url":"https:\/\/www.campinglesbastets.com\/nl\/omgeving\/wijnreizen-in-de-rhonevallei-2\/","og_site_name":"Camping Les Bastets","article_modified_time":"2022-05-06T13:59:46+00:00","og_image":[{"width":1900,"height":1056,"url":"https:\/\/www.campinglesbastets.com\/wp-content\/uploads\/2022\/03\/activites-oenologiques.jpg","type":"image\/jpeg"}],"twitter_card":"summary_large_image","schema":{"@context":"https:\/\/schema.org","@graph":[{"@type":"WebPage","@id":"https:\/\/www.campinglesbastets.com\/nl\/omgeving\/wijnreizen-in-de-rhonevallei-2\/","url":"https:\/\/www.campinglesbastets.com\/nl\/omgeving\/wijnreizen-in-de-rhonevallei-2\/","name":"Wijnreizen in de Rh\u00f4nevallei - Camping Les Bastets","isPartOf":{"@id":"https:\/\/www.campinglesbastets.com\/nl\/#website"},"primaryImageOfPage":{"@id":"https:\/\/www.campinglesbastets.com\/nl\/omgeving\/wijnreizen-in-de-rhonevallei-2\/#primaryimage"},"image":{"@id":"https:\/\/www.campinglesbastets.com\/nl\/omgeving\/wijnreizen-in-de-rhonevallei-2\/#primaryimage"},"thumbnailUrl":"https:\/\/www.campinglesbastets.com\/wp-content\/uploads\/2022\/03\/activites-oenologiques.jpg","datePublished":"2022-03-07T13:27:18+00:00","dateModified":"2022-05-06T13:59:46+00:00","description":"De wijntours combineren het plezier van het proeven, het wandelen in de wijngaarden en het bezoeken van de bezienswaardigheden in het Rh\u00f4nedal.","breadcrumb":{"@id":"https:\/\/www.campinglesbastets.com\/nl\/omgeving\/wijnreizen-in-de-rhonevallei-2\/#breadcrumb"},"inLanguage":"nl-NL","potentialAction":[{"@type":"ReadAction","target":["https:\/\/www.campinglesbastets.com\/nl\/omgeving\/wijnreizen-in-de-rhonevallei-2\/"]}]},{"@type":"ImageObject","inLanguage":"nl-NL","@id":"https:\/\/www.campinglesbastets.com\/nl\/omgeving\/wijnreizen-in-de-rhonevallei-2\/#primaryimage","url":"https:\/\/www.campinglesbastets.com\/wp-content\/uploads\/2022\/03\/activites-oenologiques.jpg","contentUrl":"https:\/\/www.campinglesbastets.com\/wp-content\/uploads\/2022\/03\/activites-oenologiques.jpg","width":1900,"height":1056,"caption":"activites oenologiques"},{"@type":"BreadcrumbList","@id":"https:\/\/www.campinglesbastets.com\/nl\/omgeving\/wijnreizen-in-de-rhonevallei-2\/#breadcrumb","itemListElement":[{"@type":"ListItem","position":1,"name":"Camping Dr\u00f4me","item":"https:\/\/www.campinglesbastets.com\/nl\/"},{"@type":"ListItem","position":2,"name":"TOERISME IN DE DR\u00d4ME PROVEN\u00c7ALE","item":"https:\/\/www.campinglesbastets.com\/nl\/omgeving\/"},{"@type":"ListItem","position":3,"name":"Wijnreizen in de Rh\u00f4nevallei"}]},{"@type":"WebSite","@id":"https:\/\/www.campinglesbastets.com\/nl\/#website","url":"https:\/\/www.campinglesbastets.com\/nl\/","name":"Camping Les Bastets","description":"","publisher":{"@id":"https:\/\/www.campinglesbastets.com\/nl\/#organization"},"potentialAction":[{"@type":"SearchAction","target":{"@type":"EntryPoint","urlTemplate":"https:\/\/www.campinglesbastets.com\/nl\/?s={search_term_string}"},"query-input":{"@type":"PropertyValueSpecification","valueRequired":true,"valueName":"search_term_string"}}],"inLanguage":"nl-NL"},{"@type":"Organization","@id":"https:\/\/www.campinglesbastets.com\/nl\/#organization","name":"Camping Les Bastets","url":"https:\/\/www.campinglesbastets.com\/nl\/","logo":{"@type":"ImageObject","inLanguage":"nl-NL","@id":"https:\/\/www.campinglesbastets.com\/nl\/#\/schema\/logo\/image\/","url":"https:\/\/www.campinglesbastets.com\/wp-content\/uploads\/2022\/02\/favicon-1.png","contentUrl":"https:\/\/www.campinglesbastets.com\/wp-content\/uploads\/2022\/02\/favicon-1.png","width":1423,"height":1423,"caption":"Camping Les Bastets"},"image":{"@id":"https:\/\/www.campinglesbastets.com\/nl\/#\/schema\/logo\/image\/"}}]}},"_links":{"self":[{"href":"https:\/\/www.campinglesbastets.com\/nl\/wp-json\/wp\/v2\/pages\/10097","targetHints":{"allow":["GET"]}}],"collection":[{"href":"https:\/\/www.campinglesbastets.com\/nl\/wp-json\/wp\/v2\/pages"}],"about":[{"href":"https:\/\/www.campinglesbastets.com\/nl\/wp-json\/wp\/v2\/types\/page"}],"author":[{"embeddable":true,"href":"https:\/\/www.campinglesbastets.com\/nl\/wp-json\/wp\/v2\/users\/1"}],"replies":[{"embeddable":true,"href":"https:\/\/www.campinglesbastets.com\/nl\/wp-json\/wp\/v2\/comments?post=10097"}],"version-history":[{"count":9,"href":"https:\/\/www.campinglesbastets.com\/nl\/wp-json\/wp\/v2\/pages\/10097\/revisions"}],"predecessor-version":[{"id":10311,"href":"https:\/\/www.campinglesbastets.com\/nl\/wp-json\/wp\/v2\/pages\/10097\/revisions\/10311"}],"up":[{"embeddable":true,"href":"https:\/\/www.campinglesbastets.com\/nl\/wp-json\/wp\/v2\/pages\/9700"}],"wp:featuredmedia":[{"embeddable":true,"href":"https:\/\/www.campinglesbastets.com\/nl\/wp-json\/wp\/v2\/media\/7203"}],"wp:attachment":[{"href":"https:\/\/www.campinglesbastets.com\/nl\/wp-json\/wp\/v2\/media?parent=10097"}],"curies":[{"name":"wp","href":"https:\/\/api.w.org\/{rel}","templated":true}]}}