{"id":10079,"date":"2022-03-10T23:08:15","date_gmt":"2022-03-10T22:08:15","guid":{"rendered":"https:\/\/www.campinglesbastets.com\/omgeving\/baignade-activites-lacs-de-drome\/"},"modified":"2022-04-20T11:07:06","modified_gmt":"2022-04-20T09:07:06","slug":"zwemmen-in-de-drome-hier-moet-zijn","status":"publish","type":"page","link":"https:\/\/www.campinglesbastets.com\/nl\/omgeving\/zwemmen-in-de-drome-hier-moet-zijn\/","title":{"rendered":"Badderen"},"content":{"rendered":"<section id=\"section-622a78585803d\"\" class=\"section bg-white p-b-0\" \/><div class=\"container extralarge\"><h1 class=\"element section-title center\">Zwemmen in de Dr\u00f4me : hier moet je zijn<\/h1><div class=\"element bloc-text left \">\n\t<p>Een heerlijke zomerse vakantie in de Dr\u00f4me is natuurlijk niet compleet zonder een frisse duik hier en daar. Gelukkig kun je op verschillende plekken in dit prachtige gebied terecht om te zwemmen. De Dr\u00f4me kent namelijk heel wat grote meren en grote vijvers met recreatiestrand waar het heerlijk toeven is. Maak je kampeervakantie met je gezin compleet en ontdek de waterkant van de Dr\u00f4me. Pak je zwemspullen maar vast in; hieronder geven we je een uitgebreid aanbod van meren en zwemvijvers in de Dr\u00f4me.<\/p>\n<h2>In welke meren in de Dr\u00f4me kun je zwemmen?<\/h2>\n<p>Echte waterratten zullen hun hart ophalen in dit fraaie gebied in Frankrijk. Er is een groot aantal meren te vinden.<\/p>\n<h3>Lac des Vernets<\/h3>\n<p>Op slechts een uur rijden van de camping vind je Lac des Vernets, een mooie waterplas omgeven door groen. Het meer beschikt over een strand, er is toezicht aanwezig en de waterkwaliteit is top. Er zijn ook cateringdiensten, een picknickplaats en een fitnessparcours. In de zomer is er een recreatiepark geopend.<\/p>\n<h3>Lac de Champos<\/h3>\n<p>80 kilometer ten noorden van Camping Les Bastets vind je Lac de Champos, een meer van maar liefst 9 hectare. Ook dit water is compleet omgeven met bossen. Er zijn veel faciliteiten beschikbaar bij dit meer, waaronder glijbanen voor kids. Net als bij Lac des Vernets is er toezicht te vinden bij dit meer.<\/p>\n<h3>Pas des Ondes<\/h3>\n<p>Kijk je ogen uit in het bijzondere natuurgebied Pas des Ondes. Het water hier is onderverdeeld in twee gedeeltes: \u00e9\u00e9n deel om te zwemmen en \u00e9\u00e9n deel om te vissen. Een groot voordeel is dat het zwemgedeelte deels in de schaduw ligt. Je vindt Pas des Ondes op ongeveer een uur rijden ten zuidoosten van de camping.<\/p>\n<p><iframe loading=\"lazy\" src=\"https:\/\/www.youtube.com\/embed\/JuV7qvQ2CbA\" width=\"100%\" height=\"315\" frameborder=\"0\" allowfullscreen=\"allowfullscreen\"><\/iframe><\/p>\n<h3>Pignedor\u00e9-meer<\/h3>\n<p>In Pierrelate vind je het kunstmatig aangelegde Pignedor\u00e9-meer, op ongeveer 45 minuten rijafstand ten zuiden van Camping Les Bastets. Hier is het optimaal genieten geblazen: naast het grote strand aan het water vind je hier een skatepark, een fitnessparcours en een fietspad. Ook kun je hier de krokodillenboerderij in de buurt bezoeken.<\/p>\n<h3>De vijver van Pater Eugene<\/h3>\n<p>Vanaf de camping is het slechts 40 minuten rijden naar Beaumont-les-Valence, waar je deze mooie aangelegde zwemvijver kunt vinden. De kwaliteit van het water is supergoed, waardoor je hier heerlijk kunt zwemmen en vissen op forel. Ook kun je hier golfen!<\/p>\n<p>Andere plaatsen zoals de blauwe meren bij Menglon, het Montmeillan-meer in Mont\u00e9limar en het Luc-en-Diois-stuwmeer zijn ook fantastische plekken om te gaan zwemmen. Hier moet je er echter wel rekening mee houden dat je entreegeld moet betalen.<\/p>\n<h2>Waar kan ik zwemmen met kinderen in de Dr\u00f4me?<\/h2>\n<p>Wanneer je met kinderen in de Dr\u00f4me op vakantie bent, is het een fijn idee om ergens veilig te kunnen gaan zwemmen. In de omgeving vind je verschillende waterparken waar veiligheid voorop staat. Bij het bovengenoemde Lac des Vernets verwelkomt het Slides Parc de hele zomer het heel gezin. Je vindt er een hindernisbaan, een gigantische glijbaan en zelfs een klimmuur. Ook zijn het Froggie&#8217;s Park in Ch\u00e2teauneuf-sur-Is\u00e8re en het recreatiecentrum van Mont\u00e9limar kindvriendelijke, leuke plekken aan het water. Tot slot zijn recreatiecentrum Sagitaire in Vinsobres en Nyonsole\u00efado in Nyons in de Dr\u00f4me aan te raden wanneer je met kinderen reist.<\/p>\n<p><iframe loading=\"lazy\" src=\"https:\/\/www.youtube.com\/embed\/wiOhHycDCGk\" width=\"100%\" height=\"315\" frameborder=\"0\" allowfullscreen=\"allowfullscreen\"><\/iframe><\/p>\n<h2>Waar kan ik watersporten in de Dr\u00f4me?<\/h2>\n<p>Ben je op zoek naar de perfecte plek in de Dr\u00f4me om watersport te beoefenen? In dat geval ben je bij Delta Waterpark in Verchen aan het juiste adres. Hier kun je echt van alles beleven in en op het water: denk aan waterski\u00ebn, stand up paddle, huren van bootjes en spelen op opblaasbare toestellen. In het zuiden van Valence vind je tot slot Etoile Park 26, nog een waterpark voor een heerlijk dagje uit vol waterspelletjes, sportroutes en andere activiteiten in het water.<\/p>\n<p>In de Dr\u00f4me zijn ook diverse rivieren te vinden, zoals de Gervanne, de Roanne of de Aygues, waar je kunt zwemmen en kano\u00ebn. Wanneer je tijdens een hittegolf op vakantie bent met je gezin vind je in dit mooie gebied dus voldoende meren en rivieren om je af te koelen.<\/p>\n<\/div><\/div><\/section>\n\n<section id=\"section-622a78585819d\"\" class=\"section bg-white\" \/><div class=\"container extralarge\"><div class=\"element section-title center h2-like\">Ontdek ook Crest en omgeving<\/div><ul class=\"liste-de-page\"><li class=\"element call-to-action carre call-to-action--style-1 call-to-action--big\"><a href=\"https:\/\/www.campinglesbastets.com\/nl\/omgeving\/lokale-producten\/\"  class=\"call-to-action_link\" title=\"En savoir plus sur landbouw\"><div class=\"call-to-action_image\"><img decoding=\"async\" src=\"https:\/\/www.campinglesbastets.com\/wp-content\/uploads\/2022\/08\/agriculture-drome.jpg\" data-src=\"https:\/\/www.campinglesbastets.com\/wp-content\/uploads\/2022\/08\/agriculture-drome.jpg\" alt=\"agriculture drome\" class=\"big\" \/><\/div><div class=\"call-to-action_contenu\"><div class=\"call-to-action_titre\">Landbouw<\/div><\/div><\/a><\/li><li class=\"element call-to-action carre call-to-action--style-1 call-to-action--big call-to-action--style-1 call-to-action--big\"><a href=\"https:\/\/www.campinglesbastets.com\/nl\/omgeving\/de-heuveldorpen\/\"  class=\"call-to-action_link\" title=\"En savoir plus sur de dorpen op de heuveltop\"><div class=\"call-to-action_image\"><img decoding=\"async\" src=\"https:\/\/www.campinglesbastets.com\/wp-content\/uploads\/2022\/03\/village-poet-laval.jpg\" data-src=\"https:\/\/www.campinglesbastets.com\/wp-content\/uploads\/2022\/03\/village-poet-laval.jpg\" alt=\"village poet laval\" class=\"big\" \/><\/div><div class=\"call-to-action_contenu\"><div class=\"call-to-action_titre\">De dorpen op de heuveltop<\/div><\/div><\/a><\/li><li class=\"element call-to-action carre call-to-action--style-1 call-to-action--big call-to-action--style-1 call-to-action--big call-to-action--style-1 call-to-action--big\"><a href=\"https:\/\/www.campinglesbastets.com\/nl\/omgeving\/bezoek-marsanne\/\"  class=\"call-to-action_link\" title=\"En savoir plus sur bezoek marsanne\"><div class=\"call-to-action_image\"><img decoding=\"async\" src=\"https:\/\/www.campinglesbastets.com\/wp-content\/uploads\/2022\/03\/decouvrir-marsanne.jpg\" data-src=\"https:\/\/www.campinglesbastets.com\/wp-content\/uploads\/2022\/03\/decouvrir-marsanne.jpg\" alt=\"decouvrir marsanne\" class=\"big\" \/><\/div><div class=\"call-to-action_contenu\"><div class=\"call-to-action_titre\">Bezoek Marsanne<\/div><\/div><\/a><\/li><li class=\"element call-to-action carre call-to-action--style-1 call-to-action--big call-to-action--style-1 call-to-action--big call-to-action--style-1 call-to-action--big call-to-action--style-1 call-to-action--big\"><a href=\"https:\/\/www.campinglesbastets.com\/nl\/omgeving\/wijnen-van-de-drome\/\"  class=\"call-to-action_link\" title=\"En savoir plus sur wijnen uit de dr\u00f4me\"><div class=\"call-to-action_image\"><img decoding=\"async\" src=\"https:\/\/www.campinglesbastets.com\/wp-content\/uploads\/2022\/03\/vins-de-la-drome.jpg\" data-src=\"https:\/\/www.campinglesbastets.com\/wp-content\/uploads\/2022\/03\/vins-de-la-drome.jpg\" alt=\"vins de la drome\" class=\"big\" \/><\/div><div class=\"call-to-action_contenu\"><div class=\"call-to-action_titre\">Wijnen uit de Dr\u00f4me<\/div><\/div><\/a><\/li><li class=\"element call-to-action carre call-to-action--style-1 call-to-action--big call-to-action--style-1 call-to-action--big call-to-action--style-1 call-to-action--big call-to-action--style-1 call-to-action--big call-to-action--style-1 call-to-action--big\"><a href=\"https:\/\/www.campinglesbastets.com\/nl\/omgeving\/wijnreizen-in-de-rhonevallei-2\/\"  class=\"call-to-action_link\" title=\"En savoir plus sur wijnreizen in de rh\u00f4nevallei\"><div class=\"call-to-action_image\"><img decoding=\"async\" src=\"https:\/\/www.campinglesbastets.com\/wp-content\/uploads\/2022\/03\/activites-oenologiques.jpg\" data-src=\"https:\/\/www.campinglesbastets.com\/wp-content\/uploads\/2022\/03\/activites-oenologiques.jpg\" alt=\"activites oenologiques\" class=\"big\" \/><\/div><div class=\"call-to-action_contenu\"><div class=\"call-to-action_titre\">Wijnreizen in de Rh\u00f4nevallei<\/div><\/div><\/a><\/li><li class=\"element call-to-action carre call-to-action--style-1 call-to-action--big call-to-action--style-1 call-to-action--big call-to-action--style-1 call-to-action--big call-to-action--style-1 call-to-action--big call-to-action--style-1 call-to-action--big call-to-action--style-1 call-to-action--big\"><a href=\"https:\/\/www.campinglesbastets.com\/nl\/omgeving\/de-krokodillen-boerderij\/\"  class=\"call-to-action_link\" title=\"En savoir plus sur krokodillenboerderij\"><div class=\"call-to-action_image\"><img decoding=\"async\" src=\"https:\/\/www.campinglesbastets.com\/wp-content\/uploads\/2022\/03\/ferme-aux-crocodiles.jpg\" data-src=\"https:\/\/www.campinglesbastets.com\/wp-content\/uploads\/2022\/03\/ferme-aux-crocodiles.jpg\" alt=\"ferme aux crocodiles\" class=\"big\" \/><\/div><div class=\"call-to-action_contenu\"><div class=\"call-to-action_titre\">Krokodillenboerderij<\/div><\/div><\/a><\/li><\/ul><\/div><\/section>","protected":false},"excerpt":{"rendered":"","protected":false},"author":1,"featured_media":7364,"parent":9700,"menu_order":0,"comment_status":"closed","ping_status":"closed","template":"","meta":{"_acf_changed":false,"footnotes":""},"class_list":["post-10079","page","type-page","status-publish","has-post-thumbnail","hentry"],"acf":[],"yoast_head":"<!-- This site is optimized with the Yoast SEO plugin v25.3 - https:\/\/yoast.com\/wordpress\/plugins\/seo\/ -->\n<title>Duik Drome : Waar te zwemmen in de meren van de Dr\u00f4me?<\/title>\n<meta name=\"description\" content=\"Wilt u tijdens uw vakantie zwemmen in de Dr\u00f4me? Ontdek de mooiste plekken om te zwemmen in de Dr\u00f4me en beoefen watersporten\" \/>\n<meta name=\"robots\" content=\"index, follow, max-snippet:-1, max-image-preview:large, max-video-preview:-1\" \/>\n<link rel=\"canonical\" href=\"https:\/\/www.campinglesbastets.com\/nl\/omgeving\/zwemmen-in-de-drome-hier-moet-zijn\/\" \/>\n<meta property=\"og:locale\" content=\"nl_NL\" \/>\n<meta property=\"og:type\" content=\"article\" \/>\n<meta property=\"og:title\" content=\"Duik Drome : Waar te zwemmen in de meren van de Dr\u00f4me?\" \/>\n<meta property=\"og:description\" content=\"Wilt u tijdens uw vakantie zwemmen in de Dr\u00f4me? Ontdek de mooiste plekken om te zwemmen in de Dr\u00f4me en beoefen watersporten\" \/>\n<meta property=\"og:url\" content=\"https:\/\/www.campinglesbastets.com\/nl\/omgeving\/zwemmen-in-de-drome-hier-moet-zijn\/\" \/>\n<meta property=\"og:site_name\" content=\"Camping Les Bastets\" \/>\n<meta property=\"article:modified_time\" content=\"2022-04-20T09:07:06+00:00\" \/>\n<meta property=\"og:image\" content=\"https:\/\/www.campinglesbastets.com\/wp-content\/uploads\/2022\/03\/baignade-pres-du-camping.jpg\" \/>\n\t<meta property=\"og:image:width\" content=\"1900\" \/>\n\t<meta property=\"og:image:height\" content=\"1056\" \/>\n\t<meta property=\"og:image:type\" content=\"image\/jpeg\" \/>\n<meta name=\"twitter:card\" content=\"summary_large_image\" \/>\n<script type=\"application\/ld+json\" class=\"yoast-schema-graph\">{\"@context\":\"https:\/\/schema.org\",\"@graph\":[{\"@type\":\"WebPage\",\"@id\":\"https:\/\/www.campinglesbastets.com\/nl\/omgeving\/zwemmen-in-de-drome-hier-moet-zijn\/\",\"url\":\"https:\/\/www.campinglesbastets.com\/nl\/omgeving\/zwemmen-in-de-drome-hier-moet-zijn\/\",\"name\":\"Duik Drome : Waar te zwemmen in de meren van de Dr\u00f4me?\",\"isPartOf\":{\"@id\":\"https:\/\/www.campinglesbastets.com\/nl\/#website\"},\"primaryImageOfPage\":{\"@id\":\"https:\/\/www.campinglesbastets.com\/nl\/omgeving\/zwemmen-in-de-drome-hier-moet-zijn\/#primaryimage\"},\"image\":{\"@id\":\"https:\/\/www.campinglesbastets.com\/nl\/omgeving\/zwemmen-in-de-drome-hier-moet-zijn\/#primaryimage\"},\"thumbnailUrl\":\"https:\/\/www.campinglesbastets.com\/wp-content\/uploads\/2022\/03\/baignade-pres-du-camping.jpg\",\"datePublished\":\"2022-03-10T22:08:15+00:00\",\"dateModified\":\"2022-04-20T09:07:06+00:00\",\"description\":\"Wilt u tijdens uw vakantie zwemmen in de Dr\u00f4me? Ontdek de mooiste plekken om te zwemmen in de Dr\u00f4me en beoefen watersporten\",\"breadcrumb\":{\"@id\":\"https:\/\/www.campinglesbastets.com\/nl\/omgeving\/zwemmen-in-de-drome-hier-moet-zijn\/#breadcrumb\"},\"inLanguage\":\"nl-NL\",\"potentialAction\":[{\"@type\":\"ReadAction\",\"target\":[\"https:\/\/www.campinglesbastets.com\/nl\/omgeving\/zwemmen-in-de-drome-hier-moet-zijn\/\"]}]},{\"@type\":\"ImageObject\",\"inLanguage\":\"nl-NL\",\"@id\":\"https:\/\/www.campinglesbastets.com\/nl\/omgeving\/zwemmen-in-de-drome-hier-moet-zijn\/#primaryimage\",\"url\":\"https:\/\/www.campinglesbastets.com\/wp-content\/uploads\/2022\/03\/baignade-pres-du-camping.jpg\",\"contentUrl\":\"https:\/\/www.campinglesbastets.com\/wp-content\/uploads\/2022\/03\/baignade-pres-du-camping.jpg\",\"width\":1900,\"height\":1056,\"caption\":\"baignade pres du camping\"},{\"@type\":\"BreadcrumbList\",\"@id\":\"https:\/\/www.campinglesbastets.com\/nl\/omgeving\/zwemmen-in-de-drome-hier-moet-zijn\/#breadcrumb\",\"itemListElement\":[{\"@type\":\"ListItem\",\"position\":1,\"name\":\"Camping Dr\u00f4me\",\"item\":\"https:\/\/www.campinglesbastets.com\/nl\/\"},{\"@type\":\"ListItem\",\"position\":2,\"name\":\"TOERISME IN DE DR\u00d4ME PROVEN\u00c7ALE\",\"item\":\"https:\/\/www.campinglesbastets.com\/nl\/omgeving\/\"},{\"@type\":\"ListItem\",\"position\":3,\"name\":\"Zwemmen in de Dr\u00f4me\"}]},{\"@type\":\"WebSite\",\"@id\":\"https:\/\/www.campinglesbastets.com\/nl\/#website\",\"url\":\"https:\/\/www.campinglesbastets.com\/nl\/\",\"name\":\"Camping Les Bastets\",\"description\":\"\",\"publisher\":{\"@id\":\"https:\/\/www.campinglesbastets.com\/nl\/#organization\"},\"potentialAction\":[{\"@type\":\"SearchAction\",\"target\":{\"@type\":\"EntryPoint\",\"urlTemplate\":\"https:\/\/www.campinglesbastets.com\/nl\/?s={search_term_string}\"},\"query-input\":{\"@type\":\"PropertyValueSpecification\",\"valueRequired\":true,\"valueName\":\"search_term_string\"}}],\"inLanguage\":\"nl-NL\"},{\"@type\":\"Organization\",\"@id\":\"https:\/\/www.campinglesbastets.com\/nl\/#organization\",\"name\":\"Camping Les Bastets\",\"url\":\"https:\/\/www.campinglesbastets.com\/nl\/\",\"logo\":{\"@type\":\"ImageObject\",\"inLanguage\":\"nl-NL\",\"@id\":\"https:\/\/www.campinglesbastets.com\/nl\/#\/schema\/logo\/image\/\",\"url\":\"https:\/\/www.campinglesbastets.com\/wp-content\/uploads\/2022\/02\/favicon-1.png\",\"contentUrl\":\"https:\/\/www.campinglesbastets.com\/wp-content\/uploads\/2022\/02\/favicon-1.png\",\"width\":1423,\"height\":1423,\"caption\":\"Camping Les Bastets\"},\"image\":{\"@id\":\"https:\/\/www.campinglesbastets.com\/nl\/#\/schema\/logo\/image\/\"}}]}<\/script>\n<!-- \/ Yoast SEO plugin. -->","yoast_head_json":{"title":"Duik Drome : Waar te zwemmen in de meren van de Dr\u00f4me?","description":"Wilt u tijdens uw vakantie zwemmen in de Dr\u00f4me? Ontdek de mooiste plekken om te zwemmen in de Dr\u00f4me en beoefen watersporten","robots":{"index":"index","follow":"follow","max-snippet":"max-snippet:-1","max-image-preview":"max-image-preview:large","max-video-preview":"max-video-preview:-1"},"canonical":"https:\/\/www.campinglesbastets.com\/nl\/omgeving\/zwemmen-in-de-drome-hier-moet-zijn\/","og_locale":"nl_NL","og_type":"article","og_title":"Duik Drome : Waar te zwemmen in de meren van de Dr\u00f4me?","og_description":"Wilt u tijdens uw vakantie zwemmen in de Dr\u00f4me? Ontdek de mooiste plekken om te zwemmen in de Dr\u00f4me en beoefen watersporten","og_url":"https:\/\/www.campinglesbastets.com\/nl\/omgeving\/zwemmen-in-de-drome-hier-moet-zijn\/","og_site_name":"Camping Les Bastets","article_modified_time":"2022-04-20T09:07:06+00:00","og_image":[{"width":1900,"height":1056,"url":"https:\/\/www.campinglesbastets.com\/wp-content\/uploads\/2022\/03\/baignade-pres-du-camping.jpg","type":"image\/jpeg"}],"twitter_card":"summary_large_image","schema":{"@context":"https:\/\/schema.org","@graph":[{"@type":"WebPage","@id":"https:\/\/www.campinglesbastets.com\/nl\/omgeving\/zwemmen-in-de-drome-hier-moet-zijn\/","url":"https:\/\/www.campinglesbastets.com\/nl\/omgeving\/zwemmen-in-de-drome-hier-moet-zijn\/","name":"Duik Drome : Waar te zwemmen in de meren van de Dr\u00f4me?","isPartOf":{"@id":"https:\/\/www.campinglesbastets.com\/nl\/#website"},"primaryImageOfPage":{"@id":"https:\/\/www.campinglesbastets.com\/nl\/omgeving\/zwemmen-in-de-drome-hier-moet-zijn\/#primaryimage"},"image":{"@id":"https:\/\/www.campinglesbastets.com\/nl\/omgeving\/zwemmen-in-de-drome-hier-moet-zijn\/#primaryimage"},"thumbnailUrl":"https:\/\/www.campinglesbastets.com\/wp-content\/uploads\/2022\/03\/baignade-pres-du-camping.jpg","datePublished":"2022-03-10T22:08:15+00:00","dateModified":"2022-04-20T09:07:06+00:00","description":"Wilt u tijdens uw vakantie zwemmen in de Dr\u00f4me? Ontdek de mooiste plekken om te zwemmen in de Dr\u00f4me en beoefen watersporten","breadcrumb":{"@id":"https:\/\/www.campinglesbastets.com\/nl\/omgeving\/zwemmen-in-de-drome-hier-moet-zijn\/#breadcrumb"},"inLanguage":"nl-NL","potentialAction":[{"@type":"ReadAction","target":["https:\/\/www.campinglesbastets.com\/nl\/omgeving\/zwemmen-in-de-drome-hier-moet-zijn\/"]}]},{"@type":"ImageObject","inLanguage":"nl-NL","@id":"https:\/\/www.campinglesbastets.com\/nl\/omgeving\/zwemmen-in-de-drome-hier-moet-zijn\/#primaryimage","url":"https:\/\/www.campinglesbastets.com\/wp-content\/uploads\/2022\/03\/baignade-pres-du-camping.jpg","contentUrl":"https:\/\/www.campinglesbastets.com\/wp-content\/uploads\/2022\/03\/baignade-pres-du-camping.jpg","width":1900,"height":1056,"caption":"baignade pres du camping"},{"@type":"BreadcrumbList","@id":"https:\/\/www.campinglesbastets.com\/nl\/omgeving\/zwemmen-in-de-drome-hier-moet-zijn\/#breadcrumb","itemListElement":[{"@type":"ListItem","position":1,"name":"Camping Dr\u00f4me","item":"https:\/\/www.campinglesbastets.com\/nl\/"},{"@type":"ListItem","position":2,"name":"TOERISME IN DE DR\u00d4ME PROVEN\u00c7ALE","item":"https:\/\/www.campinglesbastets.com\/nl\/omgeving\/"},{"@type":"ListItem","position":3,"name":"Zwemmen in de Dr\u00f4me"}]},{"@type":"WebSite","@id":"https:\/\/www.campinglesbastets.com\/nl\/#website","url":"https:\/\/www.campinglesbastets.com\/nl\/","name":"Camping Les Bastets","description":"","publisher":{"@id":"https:\/\/www.campinglesbastets.com\/nl\/#organization"},"potentialAction":[{"@type":"SearchAction","target":{"@type":"EntryPoint","urlTemplate":"https:\/\/www.campinglesbastets.com\/nl\/?s={search_term_string}"},"query-input":{"@type":"PropertyValueSpecification","valueRequired":true,"valueName":"search_term_string"}}],"inLanguage":"nl-NL"},{"@type":"Organization","@id":"https:\/\/www.campinglesbastets.com\/nl\/#organization","name":"Camping Les Bastets","url":"https:\/\/www.campinglesbastets.com\/nl\/","logo":{"@type":"ImageObject","inLanguage":"nl-NL","@id":"https:\/\/www.campinglesbastets.com\/nl\/#\/schema\/logo\/image\/","url":"https:\/\/www.campinglesbastets.com\/wp-content\/uploads\/2022\/02\/favicon-1.png","contentUrl":"https:\/\/www.campinglesbastets.com\/wp-content\/uploads\/2022\/02\/favicon-1.png","width":1423,"height":1423,"caption":"Camping Les Bastets"},"image":{"@id":"https:\/\/www.campinglesbastets.com\/nl\/#\/schema\/logo\/image\/"}}]}},"_links":{"self":[{"href":"https:\/\/www.campinglesbastets.com\/nl\/wp-json\/wp\/v2\/pages\/10079","targetHints":{"allow":["GET"]}}],"collection":[{"href":"https:\/\/www.campinglesbastets.com\/nl\/wp-json\/wp\/v2\/pages"}],"about":[{"href":"https:\/\/www.campinglesbastets.com\/nl\/wp-json\/wp\/v2\/types\/page"}],"author":[{"embeddable":true,"href":"https:\/\/www.campinglesbastets.com\/nl\/wp-json\/wp\/v2\/users\/1"}],"replies":[{"embeddable":true,"href":"https:\/\/www.campinglesbastets.com\/nl\/wp-json\/wp\/v2\/comments?post=10079"}],"version-history":[{"count":9,"href":"https:\/\/www.campinglesbastets.com\/nl\/wp-json\/wp\/v2\/pages\/10079\/revisions"}],"predecessor-version":[{"id":10281,"href":"https:\/\/www.campinglesbastets.com\/nl\/wp-json\/wp\/v2\/pages\/10079\/revisions\/10281"}],"up":[{"embeddable":true,"href":"https:\/\/www.campinglesbastets.com\/nl\/wp-json\/wp\/v2\/pages\/9700"}],"wp:featuredmedia":[{"embeddable":true,"href":"https:\/\/www.campinglesbastets.com\/nl\/wp-json\/wp\/v2\/media\/7364"}],"wp:attachment":[{"href":"https:\/\/www.campinglesbastets.com\/nl\/wp-json\/wp\/v2\/media?parent=10079"}],"curies":[{"name":"wp","href":"https:\/\/api.w.org\/{rel}","templated":true}]}}