{"id":10073,"date":"2022-03-10T16:31:06","date_gmt":"2022-03-10T15:31:06","guid":{"rendered":"https:\/\/www.campinglesbastets.com\/omgeving\/drome-a-velo\/"},"modified":"2022-04-20T11:14:21","modified_gmt":"2022-04-20T09:14:21","slug":"fietsbestemming-drome-ontdek-het-gebied-per-fiets","status":"publish","type":"page","link":"https:\/\/www.campinglesbastets.com\/nl\/omgeving\/fietsbestemming-drome-ontdek-het-gebied-per-fiets\/","title":{"rendered":"Dr\u00f4me per fiets"},"content":{"rendered":"<section id=\"section-622a1aef196c6\"\" class=\"section bg-white p-b-0\" \/><div class=\"container extralarge\"><h1 class=\"element section-title center\">Fietsbestemming La Dr\u00f4me : ontdek het gebied per fiets<\/h1><div class=\"element bloc-text left \">\n\t<p>Tijdens je vakantie bij\u00a0<a href=\"https:\/\/www.campinglesbastets.com\/nl\/\">Camping Les Bastets in La Dr\u00f4me<\/a>\u00a0oer-Hollands erop uit gaan met de fiets? Dat kan heel goed! Sterker nog: de Dr\u00f4me beschikt over meer dan 3500 kilometer fietspaden verspreid over 18 fietsroutes. Ideaal voor iedereen die dol is op een actieve vakantie in Frankrijk! Bekijk de Dr\u00f4me vanaf de fiets en ontdek het kleurrijke landschap op een hele andere manier. Neem je eigen fiets mee of huur een fiets in een van de dorpen in deze prachtige Franse streek.<\/p>\n<h2>Fietsen door de Dr\u00f4me: fijne routes voor iedereen<\/h2>\n<p>Een van de grootste voordelen van fietsen door Dr\u00f4me is dat de fietsroutes voor jong en oud geschikt zijn. Ook maakt het niet zoveel uit of je een ervaren fietser bent of wanneer je net begint met fietsen; de routes zijn goed bewegwijzerd en allen van hoge kwaliteit. Ga de paden op en de lanen in en ontdek uitgestrekte landschappen, schilderachtige dorpjes en hier en daar zelfs hoogteverschil. Het is niet voor niets zo dat je hier veel mountainbikers ziet.<\/p>\n<h2>Ontdek fietsroute Via Rh\u00f4na<\/h2>\n<p>Wat dacht je bijvoorbeeld van de bijzondere fietsroute Via Rh\u00f4na? Deze route is maar liefst 815 kilometer lang en neemt je mee langs de Rh\u00f4ne. In de Dr\u00f4me vind je 67 kilometer van deze unieke verharde route die toegankelijk is voor fietsers, wandelaars en rolstoelgebruikers. De route is opgesplitst in vijf etappes met leuke stops. Bezoek bijvoorbeeld de beroemde chocolademakerij Valrhona in Tain-l\u2019Hermitage, ontdek de grootste rivierjachthaven van Frankrijk genaamd L\u2019Epervi\u00e8re of maak kennis met het eiland van Printegarde.<\/p>\n<h2>Vall\u00e9e de L\u2019Is\u00e8re per fiets<\/h2>\n<p>Volg de rivier de Is\u00e8re en laat je meenemen langs boomgaarden, hoge bruggen en viaducten, rietvelden, historische dorpjes met huizen van leem en langs andere unieke flora en fauna. De fietsroute Vall\u00e9e de L\u2019Is\u00e8re geeft je typische Franse vergezichten die op het allermooist zijn aan het begin van de zomer. De bruggen en viaducten maken deze fietsroute net anders dan de andere routes in het gebied. Vergeet dus niet om naast een goede fiets je fotocamera mee te nemen voor het maken van een paar prachtige herinneringen.<\/p>\n<h2>Fiets de route La V\u00e9lodrome<\/h2>\n<p>Ook het dal van de Dr\u00f4me is een bezoek per fiets waard. Wist je dat de rivier de Dr\u00f4me een van de laatste wilde rivieren van heel Europa is? Des te meer reden om deze rivier eens van dichterbij te bekijken. De totale route is 40 kilometer, waardoor je deze fietstocht prima in een middag kunt doen. Hoogtepunten die je hier zeker niet mag missen zijn onder andere het diverse natuurreservaat en het natuurhuis van Les Rami\u00e8res. En heeft de fietstocht je hartje zomer veel warmte gebracht? Neem dan zeker een duik in de rivier; de route gaat namelijk precies langs het water waardoor een frisse duik zo is gemaakt.<\/p>\n<p><iframe loading=\"lazy\" title=\"YouTube video player\" src=\"https:\/\/www.youtube.com\/embed\/6eJWfBCzQaQ\" width=\"560\" height=\"315\" frameborder=\"0\" allowfullscreen=\"allowfullscreen\"><\/iframe><\/p>\n<h2>Huur een mountainbike in de Dr\u00f4me<\/h2>\n<p>Om het gebied de Dr\u00f4me net iets sneller en sportiever te ontdekken, is het aan te raden om een mountainbike te huren. Maak een prachtige tocht langs de rivier de Dr\u00f4me en kies je eigen tempo en afstand. Of stap in de voetstappen van de Hugenoten en volg het Hugenotenpad, waarbij je de keuze hebt uit 430 kilometer fietsroute. Welke route je ook gaat fietsen in de Dr\u00f4me; het is hoe dan ook een hele leuke activiteit om tijdens je kampeervakantie bij Camping Les Bastets te doen.<\/p>\n<\/div><\/div><\/section>\n\n<section id=\"section-622a1aef1998d\"\" class=\"section bg-white\" \/><div class=\"container extralarge\"><div class=\"element section-title center h2-like\">Ontdek ook de Dr\u00f4me per motorfiets<\/div><ul class=\"liste-de-page\"><li class=\"element call-to-action carre call-to-action--style-1 call-to-action--big\"><a href=\"https:\/\/www.campinglesbastets.com\/nl\/omgeving\/bezoek-palais-ideal-van-facteur-cheval\/\"  class=\"call-to-action_link\" title=\"En savoir plus sur het ideale paleis van postbode cheval in hauterives\"><div class=\"call-to-action_image\"><img decoding=\"async\" src=\"https:\/\/www.campinglesbastets.com\/wp-content\/uploads\/2022\/03\/palais-du-facteur-cheval-visites.jpg\" data-src=\"https:\/\/www.campinglesbastets.com\/wp-content\/uploads\/2022\/03\/palais-du-facteur-cheval-visites.jpg\" alt=\"palais du facteur cheval visites\" class=\"big\" \/><\/div><div class=\"call-to-action_contenu\"><div class=\"call-to-action_titre\">Het Ideale Paleis van Postbode Cheval in Hauterives<\/div><\/div><\/a><\/li><li class=\"element call-to-action carre call-to-action--style-1 call-to-action--big call-to-action--style-1 call-to-action--big\"><a href=\"https:\/\/www.campinglesbastets.com\/nl\/omgeving\/de-heuveldorpen\/\"  class=\"call-to-action_link\" title=\"En savoir plus sur de dorpen op de heuveltop\"><div class=\"call-to-action_image\"><img decoding=\"async\" src=\"https:\/\/www.campinglesbastets.com\/wp-content\/uploads\/2022\/03\/village-poet-laval.jpg\" data-src=\"https:\/\/www.campinglesbastets.com\/wp-content\/uploads\/2022\/03\/village-poet-laval.jpg\" alt=\"village poet laval\" class=\"big\" \/><\/div><div class=\"call-to-action_contenu\"><div class=\"call-to-action_titre\">De dorpen op de heuveltop<\/div><\/div><\/a><\/li><li class=\"element call-to-action carre call-to-action--style-1 call-to-action--big call-to-action--style-1 call-to-action--big call-to-action--style-1 call-to-action--big\"><a href=\"https:\/\/www.campinglesbastets.com\/nl\/omgeving\/bezoek-marsanne\/\"  class=\"call-to-action_link\" title=\"En savoir plus sur bezoek marsanne\"><div class=\"call-to-action_image\"><img decoding=\"async\" src=\"https:\/\/www.campinglesbastets.com\/wp-content\/uploads\/2022\/03\/decouvrir-marsanne.jpg\" data-src=\"https:\/\/www.campinglesbastets.com\/wp-content\/uploads\/2022\/03\/decouvrir-marsanne.jpg\" alt=\"decouvrir marsanne\" class=\"big\" \/><\/div><div class=\"call-to-action_contenu\"><div class=\"call-to-action_titre\">Bezoek Marsanne<\/div><\/div><\/a><\/li><li class=\"element call-to-action carre call-to-action--style-1 call-to-action--big call-to-action--style-1 call-to-action--big call-to-action--style-1 call-to-action--big call-to-action--style-1 call-to-action--big\"><a href=\"https:\/\/www.campinglesbastets.com\/nl\/omgeving\/bezoek-de-werkplaats-van-scourtinerie\/\"  class=\"call-to-action_link\" title=\"En savoir plus sur bezoek het atelier van la scourtinerie\u00a0\"><div class=\"call-to-action_image\"><img decoding=\"async\" src=\"https:\/\/www.campinglesbastets.com\/wp-content\/uploads\/2022\/03\/decouvrir-atelier-de-la-scourtinerie.jpg\" data-src=\"https:\/\/www.campinglesbastets.com\/wp-content\/uploads\/2022\/03\/decouvrir-atelier-de-la-scourtinerie.jpg\" alt=\"decouvrir atelier de la scourtinerie\" class=\"big\" \/><\/div><div class=\"call-to-action_contenu\"><div class=\"call-to-action_titre\">Bezoek het atelier van La Scourtinerie\u00a0<\/div><\/div><\/a><\/li><li class=\"element call-to-action carre call-to-action--style-1 call-to-action--big call-to-action--style-1 call-to-action--big call-to-action--style-1 call-to-action--big call-to-action--style-1 call-to-action--big call-to-action--style-1 call-to-action--big\"><a href=\"https:\/\/www.campinglesbastets.com\/nl\/omgeving\/viarhona-in-de-drome\/\"  class=\"call-to-action_link\" title=\"En savoir plus sur viarh\u00f4na in de dr\u00f4me\"><div class=\"call-to-action_image\"><img decoding=\"async\" src=\"https:\/\/www.campinglesbastets.com\/wp-content\/uploads\/2022\/03\/balade-viarhona-drome.jpg\" data-src=\"https:\/\/www.campinglesbastets.com\/wp-content\/uploads\/2022\/03\/balade-viarhona-drome.jpg\" alt=\"balade viarhona drome\" class=\"big\" \/><\/div><div class=\"call-to-action_contenu\"><div class=\"call-to-action_titre\">Viarh\u00f4na in de Dr\u00f4me<\/div><\/div><\/a><\/li><li class=\"element call-to-action carre call-to-action--style-1 call-to-action--big call-to-action--style-1 call-to-action--big call-to-action--style-1 call-to-action--big call-to-action--style-1 call-to-action--big call-to-action--style-1 call-to-action--big call-to-action--style-1 call-to-action--big\"><a href=\"https:\/\/www.campinglesbastets.com\/nl\/omgeving\/bezoek-het-dorp-chabeuil\/\"  class=\"call-to-action_link\" title=\"En savoir plus sur chabeuil\"><div class=\"call-to-action_image\"><img decoding=\"async\" src=\"https:\/\/www.campinglesbastets.com\/wp-content\/uploads\/2022\/03\/visiter-chabeuil.jpg\" data-src=\"https:\/\/www.campinglesbastets.com\/wp-content\/uploads\/2022\/03\/visiter-chabeuil.jpg\" alt=\"visiter chabeuil\" class=\"big\" \/><\/div><div class=\"call-to-action_contenu\"><div class=\"call-to-action_titre\">Chabeuil<\/div><\/div><\/a><\/li><\/ul><\/div><\/section>","protected":false},"excerpt":{"rendered":"","protected":false},"author":1,"featured_media":7235,"parent":9700,"menu_order":0,"comment_status":"closed","ping_status":"closed","template":"","meta":{"_acf_changed":false,"footnotes":""},"class_list":["post-10073","page","type-page","status-publish","has-post-thumbnail","hentry"],"acf":[],"yoast_head":"<!-- This site is optimized with the Yoast SEO plugin v25.3 - https:\/\/yoast.com\/wordpress\/plugins\/seo\/ -->\n<title>Fiets Drome : de beste fietstochten in de Dr\u00f4me Frankrijk<\/title>\n<meta name=\"description\" content=\"Wil je tijdens je vakantie op de fiets naar Dr\u00f4me? Ontdek onze selectie van de beste fietstochten in de Dr\u00f4me in Frankrijk !\" \/>\n<meta name=\"robots\" content=\"index, follow, max-snippet:-1, max-image-preview:large, max-video-preview:-1\" \/>\n<link rel=\"canonical\" href=\"https:\/\/www.campinglesbastets.com\/nl\/omgeving\/fietsbestemming-drome-ontdek-het-gebied-per-fiets\/\" \/>\n<meta property=\"og:locale\" content=\"nl_NL\" \/>\n<meta property=\"og:type\" content=\"article\" \/>\n<meta property=\"og:title\" content=\"Fiets Drome : de beste fietstochten in de Dr\u00f4me Frankrijk\" \/>\n<meta property=\"og:description\" content=\"Wil je tijdens je vakantie op de fiets naar Dr\u00f4me? Ontdek onze selectie van de beste fietstochten in de Dr\u00f4me in Frankrijk !\" \/>\n<meta property=\"og:url\" content=\"https:\/\/www.campinglesbastets.com\/nl\/omgeving\/fietsbestemming-drome-ontdek-het-gebied-per-fiets\/\" \/>\n<meta property=\"og:site_name\" content=\"Camping Les Bastets\" \/>\n<meta property=\"article:modified_time\" content=\"2022-04-20T09:14:21+00:00\" \/>\n<meta property=\"og:image\" content=\"https:\/\/www.campinglesbastets.com\/wp-content\/uploads\/2022\/03\/decouvrir-la-drome-a-velo.jpg\" \/>\n\t<meta property=\"og:image:width\" content=\"1900\" \/>\n\t<meta property=\"og:image:height\" content=\"1056\" \/>\n\t<meta property=\"og:image:type\" content=\"image\/jpeg\" \/>\n<meta name=\"twitter:card\" content=\"summary_large_image\" \/>\n<script type=\"application\/ld+json\" class=\"yoast-schema-graph\">{\"@context\":\"https:\/\/schema.org\",\"@graph\":[{\"@type\":\"WebPage\",\"@id\":\"https:\/\/www.campinglesbastets.com\/nl\/omgeving\/fietsbestemming-drome-ontdek-het-gebied-per-fiets\/\",\"url\":\"https:\/\/www.campinglesbastets.com\/nl\/omgeving\/fietsbestemming-drome-ontdek-het-gebied-per-fiets\/\",\"name\":\"Fiets Drome : de beste fietstochten in de Dr\u00f4me Frankrijk\",\"isPartOf\":{\"@id\":\"https:\/\/www.campinglesbastets.com\/nl\/#website\"},\"primaryImageOfPage\":{\"@id\":\"https:\/\/www.campinglesbastets.com\/nl\/omgeving\/fietsbestemming-drome-ontdek-het-gebied-per-fiets\/#primaryimage\"},\"image\":{\"@id\":\"https:\/\/www.campinglesbastets.com\/nl\/omgeving\/fietsbestemming-drome-ontdek-het-gebied-per-fiets\/#primaryimage\"},\"thumbnailUrl\":\"https:\/\/www.campinglesbastets.com\/wp-content\/uploads\/2022\/03\/decouvrir-la-drome-a-velo.jpg\",\"datePublished\":\"2022-03-10T15:31:06+00:00\",\"dateModified\":\"2022-04-20T09:14:21+00:00\",\"description\":\"Wil je tijdens je vakantie op de fiets naar Dr\u00f4me? Ontdek onze selectie van de beste fietstochten in de Dr\u00f4me in Frankrijk !\",\"breadcrumb\":{\"@id\":\"https:\/\/www.campinglesbastets.com\/nl\/omgeving\/fietsbestemming-drome-ontdek-het-gebied-per-fiets\/#breadcrumb\"},\"inLanguage\":\"nl-NL\",\"potentialAction\":[{\"@type\":\"ReadAction\",\"target\":[\"https:\/\/www.campinglesbastets.com\/nl\/omgeving\/fietsbestemming-drome-ontdek-het-gebied-per-fiets\/\"]}]},{\"@type\":\"ImageObject\",\"inLanguage\":\"nl-NL\",\"@id\":\"https:\/\/www.campinglesbastets.com\/nl\/omgeving\/fietsbestemming-drome-ontdek-het-gebied-per-fiets\/#primaryimage\",\"url\":\"https:\/\/www.campinglesbastets.com\/wp-content\/uploads\/2022\/03\/decouvrir-la-drome-a-velo.jpg\",\"contentUrl\":\"https:\/\/www.campinglesbastets.com\/wp-content\/uploads\/2022\/03\/decouvrir-la-drome-a-velo.jpg\",\"width\":1900,\"height\":1056,\"caption\":\"decouvrir la drome a velo\"},{\"@type\":\"BreadcrumbList\",\"@id\":\"https:\/\/www.campinglesbastets.com\/nl\/omgeving\/fietsbestemming-drome-ontdek-het-gebied-per-fiets\/#breadcrumb\",\"itemListElement\":[{\"@type\":\"ListItem\",\"position\":1,\"name\":\"Camping Dr\u00f4me\",\"item\":\"https:\/\/www.campinglesbastets.com\/nl\/\"},{\"@type\":\"ListItem\",\"position\":2,\"name\":\"TOERISME IN DE DR\u00d4ME PROVEN\u00c7ALE\",\"item\":\"https:\/\/www.campinglesbastets.com\/nl\/omgeving\/\"},{\"@type\":\"ListItem\",\"position\":3,\"name\":\"Fietsbestemming La Dr\u00f4me\"}]},{\"@type\":\"WebSite\",\"@id\":\"https:\/\/www.campinglesbastets.com\/nl\/#website\",\"url\":\"https:\/\/www.campinglesbastets.com\/nl\/\",\"name\":\"Camping Les Bastets\",\"description\":\"\",\"publisher\":{\"@id\":\"https:\/\/www.campinglesbastets.com\/nl\/#organization\"},\"potentialAction\":[{\"@type\":\"SearchAction\",\"target\":{\"@type\":\"EntryPoint\",\"urlTemplate\":\"https:\/\/www.campinglesbastets.com\/nl\/?s={search_term_string}\"},\"query-input\":{\"@type\":\"PropertyValueSpecification\",\"valueRequired\":true,\"valueName\":\"search_term_string\"}}],\"inLanguage\":\"nl-NL\"},{\"@type\":\"Organization\",\"@id\":\"https:\/\/www.campinglesbastets.com\/nl\/#organization\",\"name\":\"Camping Les Bastets\",\"url\":\"https:\/\/www.campinglesbastets.com\/nl\/\",\"logo\":{\"@type\":\"ImageObject\",\"inLanguage\":\"nl-NL\",\"@id\":\"https:\/\/www.campinglesbastets.com\/nl\/#\/schema\/logo\/image\/\",\"url\":\"https:\/\/www.campinglesbastets.com\/wp-content\/uploads\/2022\/02\/favicon-1.png\",\"contentUrl\":\"https:\/\/www.campinglesbastets.com\/wp-content\/uploads\/2022\/02\/favicon-1.png\",\"width\":1423,\"height\":1423,\"caption\":\"Camping Les Bastets\"},\"image\":{\"@id\":\"https:\/\/www.campinglesbastets.com\/nl\/#\/schema\/logo\/image\/\"}}]}<\/script>\n<!-- \/ Yoast SEO plugin. -->","yoast_head_json":{"title":"Fiets Drome : de beste fietstochten in de Dr\u00f4me Frankrijk","description":"Wil je tijdens je vakantie op de fiets naar Dr\u00f4me? Ontdek onze selectie van de beste fietstochten in de Dr\u00f4me in Frankrijk !","robots":{"index":"index","follow":"follow","max-snippet":"max-snippet:-1","max-image-preview":"max-image-preview:large","max-video-preview":"max-video-preview:-1"},"canonical":"https:\/\/www.campinglesbastets.com\/nl\/omgeving\/fietsbestemming-drome-ontdek-het-gebied-per-fiets\/","og_locale":"nl_NL","og_type":"article","og_title":"Fiets Drome : de beste fietstochten in de Dr\u00f4me Frankrijk","og_description":"Wil je tijdens je vakantie op de fiets naar Dr\u00f4me? Ontdek onze selectie van de beste fietstochten in de Dr\u00f4me in Frankrijk !","og_url":"https:\/\/www.campinglesbastets.com\/nl\/omgeving\/fietsbestemming-drome-ontdek-het-gebied-per-fiets\/","og_site_name":"Camping Les Bastets","article_modified_time":"2022-04-20T09:14:21+00:00","og_image":[{"width":1900,"height":1056,"url":"https:\/\/www.campinglesbastets.com\/wp-content\/uploads\/2022\/03\/decouvrir-la-drome-a-velo.jpg","type":"image\/jpeg"}],"twitter_card":"summary_large_image","schema":{"@context":"https:\/\/schema.org","@graph":[{"@type":"WebPage","@id":"https:\/\/www.campinglesbastets.com\/nl\/omgeving\/fietsbestemming-drome-ontdek-het-gebied-per-fiets\/","url":"https:\/\/www.campinglesbastets.com\/nl\/omgeving\/fietsbestemming-drome-ontdek-het-gebied-per-fiets\/","name":"Fiets Drome : de beste fietstochten in de Dr\u00f4me Frankrijk","isPartOf":{"@id":"https:\/\/www.campinglesbastets.com\/nl\/#website"},"primaryImageOfPage":{"@id":"https:\/\/www.campinglesbastets.com\/nl\/omgeving\/fietsbestemming-drome-ontdek-het-gebied-per-fiets\/#primaryimage"},"image":{"@id":"https:\/\/www.campinglesbastets.com\/nl\/omgeving\/fietsbestemming-drome-ontdek-het-gebied-per-fiets\/#primaryimage"},"thumbnailUrl":"https:\/\/www.campinglesbastets.com\/wp-content\/uploads\/2022\/03\/decouvrir-la-drome-a-velo.jpg","datePublished":"2022-03-10T15:31:06+00:00","dateModified":"2022-04-20T09:14:21+00:00","description":"Wil je tijdens je vakantie op de fiets naar Dr\u00f4me? Ontdek onze selectie van de beste fietstochten in de Dr\u00f4me in Frankrijk !","breadcrumb":{"@id":"https:\/\/www.campinglesbastets.com\/nl\/omgeving\/fietsbestemming-drome-ontdek-het-gebied-per-fiets\/#breadcrumb"},"inLanguage":"nl-NL","potentialAction":[{"@type":"ReadAction","target":["https:\/\/www.campinglesbastets.com\/nl\/omgeving\/fietsbestemming-drome-ontdek-het-gebied-per-fiets\/"]}]},{"@type":"ImageObject","inLanguage":"nl-NL","@id":"https:\/\/www.campinglesbastets.com\/nl\/omgeving\/fietsbestemming-drome-ontdek-het-gebied-per-fiets\/#primaryimage","url":"https:\/\/www.campinglesbastets.com\/wp-content\/uploads\/2022\/03\/decouvrir-la-drome-a-velo.jpg","contentUrl":"https:\/\/www.campinglesbastets.com\/wp-content\/uploads\/2022\/03\/decouvrir-la-drome-a-velo.jpg","width":1900,"height":1056,"caption":"decouvrir la drome a velo"},{"@type":"BreadcrumbList","@id":"https:\/\/www.campinglesbastets.com\/nl\/omgeving\/fietsbestemming-drome-ontdek-het-gebied-per-fiets\/#breadcrumb","itemListElement":[{"@type":"ListItem","position":1,"name":"Camping Dr\u00f4me","item":"https:\/\/www.campinglesbastets.com\/nl\/"},{"@type":"ListItem","position":2,"name":"TOERISME IN DE DR\u00d4ME PROVEN\u00c7ALE","item":"https:\/\/www.campinglesbastets.com\/nl\/omgeving\/"},{"@type":"ListItem","position":3,"name":"Fietsbestemming La Dr\u00f4me"}]},{"@type":"WebSite","@id":"https:\/\/www.campinglesbastets.com\/nl\/#website","url":"https:\/\/www.campinglesbastets.com\/nl\/","name":"Camping Les Bastets","description":"","publisher":{"@id":"https:\/\/www.campinglesbastets.com\/nl\/#organization"},"potentialAction":[{"@type":"SearchAction","target":{"@type":"EntryPoint","urlTemplate":"https:\/\/www.campinglesbastets.com\/nl\/?s={search_term_string}"},"query-input":{"@type":"PropertyValueSpecification","valueRequired":true,"valueName":"search_term_string"}}],"inLanguage":"nl-NL"},{"@type":"Organization","@id":"https:\/\/www.campinglesbastets.com\/nl\/#organization","name":"Camping Les Bastets","url":"https:\/\/www.campinglesbastets.com\/nl\/","logo":{"@type":"ImageObject","inLanguage":"nl-NL","@id":"https:\/\/www.campinglesbastets.com\/nl\/#\/schema\/logo\/image\/","url":"https:\/\/www.campinglesbastets.com\/wp-content\/uploads\/2022\/02\/favicon-1.png","contentUrl":"https:\/\/www.campinglesbastets.com\/wp-content\/uploads\/2022\/02\/favicon-1.png","width":1423,"height":1423,"caption":"Camping Les Bastets"},"image":{"@id":"https:\/\/www.campinglesbastets.com\/nl\/#\/schema\/logo\/image\/"}}]}},"_links":{"self":[{"href":"https:\/\/www.campinglesbastets.com\/nl\/wp-json\/wp\/v2\/pages\/10073","targetHints":{"allow":["GET"]}}],"collection":[{"href":"https:\/\/www.campinglesbastets.com\/nl\/wp-json\/wp\/v2\/pages"}],"about":[{"href":"https:\/\/www.campinglesbastets.com\/nl\/wp-json\/wp\/v2\/types\/page"}],"author":[{"embeddable":true,"href":"https:\/\/www.campinglesbastets.com\/nl\/wp-json\/wp\/v2\/users\/1"}],"replies":[{"embeddable":true,"href":"https:\/\/www.campinglesbastets.com\/nl\/wp-json\/wp\/v2\/comments?post=10073"}],"version-history":[{"count":7,"href":"https:\/\/www.campinglesbastets.com\/nl\/wp-json\/wp\/v2\/pages\/10073\/revisions"}],"predecessor-version":[{"id":10296,"href":"https:\/\/www.campinglesbastets.com\/nl\/wp-json\/wp\/v2\/pages\/10073\/revisions\/10296"}],"up":[{"embeddable":true,"href":"https:\/\/www.campinglesbastets.com\/nl\/wp-json\/wp\/v2\/pages\/9700"}],"wp:featuredmedia":[{"embeddable":true,"href":"https:\/\/www.campinglesbastets.com\/nl\/wp-json\/wp\/v2\/media\/7235"}],"wp:attachment":[{"href":"https:\/\/www.campinglesbastets.com\/nl\/wp-json\/wp\/v2\/media?parent=10073"}],"curies":[{"name":"wp","href":"https:\/\/api.w.org\/{rel}","templated":true}]}}