{"id":9758,"date":"2022-03-10T14:35:20","date_gmt":"2022-03-10T13:35:20","guid":{"rendered":"https:\/\/www.campinglesbastets.com\/surroundings\/baignade-en-riviere\/"},"modified":"2022-04-20T12:25:12","modified_gmt":"2022-04-20T10:25:12","slug":"a-guide-to-drome-river-day-trips","status":"publish","type":"page","link":"https:\/\/www.campinglesbastets.com\/en\/surroundings\/a-guide-to-drome-river-day-trips\/","title":{"rendered":"River"},"content":{"rendered":"<section id=\"section-622a1477dbe35\"\" class=\"section bg-white p-b-0\" \/><div class=\"container extralarge\"><h1 class=\"element section-title center\">A Guide to Dr\u00f4me River Day Trips<\/h1><div class=\"element bloc-text left \">\n\t<h2>The Dr\u00f4me Valley<\/h2>\n<p>The Dr\u00f4me Valley is one of the most beautiful and unquestionably unique places in the world that you will be able to visit during your stay at\u00a0<a href=\"https:\/\/www.campinglesbastets.com\/en\/\">Campsite Les Batets<\/a>. As the last dam-free river in Europe, the sparkling waters of the Dr\u00f4me River, and her fast-flowing tributaries, are sure to capture the heart of any adventurer.<\/p>\n<p>Yet, the picturesque banks of the river are also perfect spots for relaxing picnics, walks on its sandy banks, and plenty of other activities on sites and stops along this gorgeous geographical feature within the regional national park of Vercors.<\/p>\n<p>As a recognized national jewel and thanks to a lack of industrial or commercial developments in the area, the waters of the Dr\u00f4me River have actually improved in the last 15 years. You can navigate more than 60% of its length and swim more than 80% of its waters.<\/p>\n<p>The beautiful landscapes, with their great limestone cliffs, wild and untamed rapids, and incredible displays of lush greenery are sure to make their mark on your trip.<\/p>\n<p><iframe loading=\"lazy\" src=\"https:\/\/www.youtube.com\/embed\/qfidHy7BTtc\" width=\"100%\" height=\"315\" frameborder=\"0\" allowfullscreen=\"allowfullscreen\"><\/iframe><\/p>\n<h2>What You Need to Know About the Dr\u00f4me River<\/h2>\n<p>The majestic Dr\u00f4me River runs for about 130 kilometers and has a drainage basin with an area of 1,663 square kilometers. It begins in the western foothills of the Alps, in the Col de Carab\u00e8s at an altitude of about 1,033 meters.<\/p>\n<p>This vast-flowing river criss-crosses two departments and 37 communes, including Luc-en Diois, Acouste-sur-Sye, Valdr\u00f4me, Saillans, Allex, Crest, and Livron-sur-Dr\u00f4me. At the end of its journey, it meets with the Rh\u00f4ne river in the commune of Loriol-sur-Dr\u00f4me.<\/p>\n<p>Its sheer size and length means that the Dr\u00f4me has multiple offshoots that you can also visit. Its main (and best-known) tributaries are:<\/p>\n<h3>Roanne<\/h3>\n<p>This is the left-side tributary of the Dr\u00f4me and runs for 33.9 kilometers. Its confluence point near Vercheny, just 10 kilometers above Saillans. To access this gorgeous, class 2\/3 river, take the Espenel Bridge (follow the directions to St-Nazaire-le-Desert).<\/p>\n<h3>Bez<\/h3>\n<p>Another scenic tributary just waiting for you to explore is a right-side tributary that runs for 25.4 kilometers. Located near Chatillon-en-Diois, it\u2019s perfect for those who love paddling class 3 rivers. There are also quite a few hikes that will take you to clandestine waterfalls and relaxing pools.<\/p>\n<h3>Gervanne<\/h3>\n<p>At 29.9 kilometers long, the Gervanne is the largest right-side tributary of the Dr\u00f4me river. Its confluence with the Dr\u00f4me starts at 5 kilometers above Crest, at Mirabel-et-Blacons. It&#8217;s a tricky tributary that is only runnable in the spring and fall, after a heavy rainstorm. However, there are quite a few waterfalls along the route and it tapers out into a class 2\/3 river.<\/p>\n<h2>Jump Into These Aquatic Dr\u00f4me River Activities<\/h2>\n<p>No matter which point you\u2019re cruising along the Dr\u00f4me river\u2019s course, there\u2019s a wide range of water-based activities you can take part in. Experienced kayakers and rapids rafters will love paddling their way across the various tributaries. There are quite a few waterfall spots and nearby hikes, so you can portage if that\u2019s what you love.<\/p>\n<p>There are also lots of smaller pools that attract families who want to go swimming in the cool waters while relaxing in the sun for the day. Children have a blast collecting rocks and exploring little wading pools. And, of course, the river and its tributaries are prime spots for those who love to fish. Bez, in particular, has a \u201cno kill\u201d fishing trail at Ch\u00e2tillon-en-Diois, and you can try your hand at catching minnows, carps, pikes, and perches.<\/p>\n<h2>Sites to See Along the Dr\u00f4me River<\/h2>\n<p>As you tour the entirety of the Dr\u00f4me river, make sure to check out a few unmissable spots:<\/p>\n<h3>Saou Forest<\/h3>\n<p>The Saou Forest is an absolutely unforgettable experience for lovers of nature. It sits surrounded by a massive wall of real limestone, completely shaped and carved by the currents of time. Besides the incredible trails and vast species of flora and fauna, make sure to visit The Auberge Des Dauphins, a palatial inn and party venue.<\/p>\n<h3>The Tower of Crest<\/h3>\n<p>For 900 years, this bastion has been guarding the entrance to the middle valley of the Dr\u00f4me, overlooking its bright blue and green waters. At 52 meters in height, this is the tallest keep in all of France, and its stunning views of the snow-capped Vercors peaks is reason alone to hit those stairs.<\/p>\n<h3>Miramande<\/h3>\n<p>If you\u2019ve never been to a true \u201cmedieval\u201d town, you\u2019re in for a real treat. Miramande was ranked as one of the most beautiful villages in France, and, even today, its winding streets look like something out of a painting. There are plenty of artisans\u2019 workshops and craftsmen\u2019s houses still alive today, along with the charming Church of Sainte Foy at the very top of the village.<\/p>\n<\/div><\/div><\/section>\n\n<section id=\"section-622a1477dbf96\"\" class=\"section bg-white\" \/><div class=\"container extralarge\"><div class=\"element section-title center h2-like\">Discover also Robin&#8217;s forest<\/div><ul class=\"liste-de-page\"><li class=\"element call-to-action carre call-to-action--style-1 call-to-action--big\"><a href=\"https:\/\/www.campinglesbastets.com\/en\/surroundings\/robin-s-forest\/\"  class=\"call-to-action_link\" title=\"En savoir plus sur robin&#8217;s forest\"><div class=\"call-to-action_image\"><img decoding=\"async\" src=\"https:\/\/www.campinglesbastets.com\/wp-content\/uploads\/2022\/03\/acrobranche-camping-bastets.jpg\" data-src=\"https:\/\/www.campinglesbastets.com\/wp-content\/uploads\/2022\/03\/acrobranche-camping-bastets.jpg\" alt=\"acrobranche camping bastets\" class=\"big\" \/><\/div><div class=\"call-to-action_contenu\"><div class=\"call-to-action_titre\">Robin&#8217;s forest<\/div><\/div><\/a><\/li><li class=\"element call-to-action carre call-to-action--style-1 call-to-action--big call-to-action--style-1 call-to-action--big\"><a href=\"https:\/\/www.campinglesbastets.com\/en\/surroundings\/visit-the-legendary-scourtinerie-workshop\/\"  class=\"call-to-action_link\" title=\"En savoir plus sur visit the workshop of la scourtinerie\u00a0\"><div class=\"call-to-action_image\"><img decoding=\"async\" src=\"https:\/\/www.campinglesbastets.com\/wp-content\/uploads\/2022\/03\/decouvrir-atelier-de-la-scourtinerie.jpg\" data-src=\"https:\/\/www.campinglesbastets.com\/wp-content\/uploads\/2022\/03\/decouvrir-atelier-de-la-scourtinerie.jpg\" alt=\"decouvrir atelier de la scourtinerie\" class=\"big\" \/><\/div><div class=\"call-to-action_contenu\"><div class=\"call-to-action_titre\">Visit the workshop of La Scourtinerie\u00a0<\/div><\/div><\/a><\/li><li class=\"element call-to-action carre call-to-action--style-1 call-to-action--big call-to-action--style-1 call-to-action--big call-to-action--style-1 call-to-action--big\"><a href=\"https:\/\/www.campinglesbastets.com\/en\/surroundings\/viarhona-in-the-drome\/\"  class=\"call-to-action_link\" title=\"En savoir plus sur viarh\u00f4na in the dr\u00f4me\"><div class=\"call-to-action_image\"><img decoding=\"async\" src=\"https:\/\/www.campinglesbastets.com\/wp-content\/uploads\/2022\/03\/balade-viarhona-drome.jpg\" data-src=\"https:\/\/www.campinglesbastets.com\/wp-content\/uploads\/2022\/03\/balade-viarhona-drome.jpg\" alt=\"balade viarhona drome\" class=\"big\" \/><\/div><div class=\"call-to-action_contenu\"><div class=\"call-to-action_titre\">Viarh\u00f4na in the Dr\u00f4me<\/div><\/div><\/a><\/li><li class=\"element call-to-action carre call-to-action--style-1 call-to-action--big call-to-action--style-1 call-to-action--big call-to-action--style-1 call-to-action--big call-to-action--style-1 call-to-action--big\"><a href=\"https:\/\/www.campinglesbastets.com\/en\/surroundings\/the-most-beautiful-villages-of-france-in-the-drome\/\"  class=\"call-to-action_link\" title=\"En savoir plus sur the most beautiful villages of the dr\u00f4me\"><div class=\"call-to-action_image\"><img decoding=\"async\" src=\"https:\/\/www.campinglesbastets.com\/wp-content\/uploads\/2022\/03\/decouvrir-la-drome.jpg\" data-src=\"https:\/\/www.campinglesbastets.com\/wp-content\/uploads\/2022\/03\/decouvrir-la-drome.jpg\" alt=\"decouvrir la drome\" class=\"big\" \/><\/div><div class=\"call-to-action_contenu\"><div class=\"call-to-action_titre\">The most beautiful villages of the Dr\u00f4me<\/div><\/div><\/a><\/li><li class=\"element call-to-action carre call-to-action--style-1 call-to-action--big call-to-action--style-1 call-to-action--big call-to-action--style-1 call-to-action--big call-to-action--style-1 call-to-action--big call-to-action--style-1 call-to-action--big\"><a href=\"https:\/\/www.campinglesbastets.com\/en\/surroundings\/hikes\/\"  class=\"call-to-action_link\" title=\"En savoir plus sur walks in the dr\u00f4me\"><div class=\"call-to-action_image\"><img decoding=\"async\" src=\"https:\/\/www.campinglesbastets.com\/wp-content\/uploads\/2022\/03\/balade-drome.jpg\" data-src=\"https:\/\/www.campinglesbastets.com\/wp-content\/uploads\/2022\/03\/balade-drome.jpg\" alt=\"balade drome\" class=\"big\" \/><\/div><div class=\"call-to-action_contenu\"><div class=\"call-to-action_titre\">Walks in the Dr\u00f4me<\/div><\/div><\/a><\/li><li class=\"element call-to-action carre call-to-action--style-1 call-to-action--big call-to-action--style-1 call-to-action--big call-to-action--style-1 call-to-action--big call-to-action--style-1 call-to-action--big call-to-action--style-1 call-to-action--big call-to-action--style-1 call-to-action--big\"><a href=\"https:\/\/www.campinglesbastets.com\/en\/surroundings\/discovering-drome\/\"  class=\"call-to-action_link\" title=\"En savoir plus sur what to visit in the dr\u00f4me ?\"><div class=\"call-to-action_image\"><img decoding=\"async\" src=\"https:\/\/www.campinglesbastets.com\/wp-content\/uploads\/2022\/03\/visites-dans-la-drome.jpg\" data-src=\"https:\/\/www.campinglesbastets.com\/wp-content\/uploads\/2022\/03\/visites-dans-la-drome.jpg\" alt=\"visites dans la drome\" class=\"big\" \/><\/div><div class=\"call-to-action_contenu\"><div class=\"call-to-action_titre\">What to visit in the Dr\u00f4me ?<\/div><\/div><\/a><\/li><\/ul><\/div><\/section>","protected":false},"excerpt":{"rendered":"","protected":false},"author":1,"featured_media":7280,"parent":9704,"menu_order":0,"comment_status":"closed","ping_status":"closed","template":"","meta":{"_acf_changed":false,"footnotes":""},"class_list":["post-9758","page","type-page","status-publish","has-post-thumbnail","hentry"],"acf":[],"yoast_head":"<!-- This site is optimized with the Yoast SEO plugin v25.3 - https:\/\/yoast.com\/wordpress\/plugins\/seo\/ -->\n<title>River Drome : Swimming, visits and activities in the rivers of Dr\u00f4me<\/title>\n<meta name=\"description\" content=\"Want to explore the Dr\u00f4me valley and its rivers during your vacation? Discover the visits, the activities and the swimming spots of the Dr\u00f4me!\" \/>\n<meta name=\"robots\" content=\"index, follow, max-snippet:-1, max-image-preview:large, max-video-preview:-1\" \/>\n<link rel=\"canonical\" href=\"https:\/\/www.campinglesbastets.com\/en\/surroundings\/a-guide-to-drome-river-day-trips\/\" \/>\n<meta property=\"og:locale\" content=\"en_US\" \/>\n<meta property=\"og:type\" content=\"article\" \/>\n<meta property=\"og:title\" content=\"River Drome : Swimming, visits and activities in the rivers of Dr\u00f4me\" \/>\n<meta property=\"og:description\" content=\"Want to explore the Dr\u00f4me valley and its rivers during your vacation? Discover the visits, the activities and the swimming spots of the Dr\u00f4me!\" \/>\n<meta property=\"og:url\" content=\"https:\/\/www.campinglesbastets.com\/en\/surroundings\/a-guide-to-drome-river-day-trips\/\" \/>\n<meta property=\"og:site_name\" content=\"Camping Les Bastets\" \/>\n<meta property=\"article:modified_time\" content=\"2022-04-20T10:25:12+00:00\" \/>\n<meta property=\"og:image\" content=\"https:\/\/www.campinglesbastets.com\/wp-content\/uploads\/2022\/03\/riviere-pres-du-camping.jpg\" \/>\n\t<meta property=\"og:image:width\" content=\"1900\" \/>\n\t<meta property=\"og:image:height\" content=\"1056\" \/>\n\t<meta property=\"og:image:type\" content=\"image\/jpeg\" \/>\n<meta name=\"twitter:card\" content=\"summary_large_image\" \/>\n<script type=\"application\/ld+json\" class=\"yoast-schema-graph\">{\"@context\":\"https:\/\/schema.org\",\"@graph\":[{\"@type\":\"WebPage\",\"@id\":\"https:\/\/www.campinglesbastets.com\/en\/surroundings\/a-guide-to-drome-river-day-trips\/\",\"url\":\"https:\/\/www.campinglesbastets.com\/en\/surroundings\/a-guide-to-drome-river-day-trips\/\",\"name\":\"River Drome : Swimming, visits and activities in the rivers of Dr\u00f4me\",\"isPartOf\":{\"@id\":\"https:\/\/www.campinglesbastets.com\/en\/#website\"},\"primaryImageOfPage\":{\"@id\":\"https:\/\/www.campinglesbastets.com\/en\/surroundings\/a-guide-to-drome-river-day-trips\/#primaryimage\"},\"image\":{\"@id\":\"https:\/\/www.campinglesbastets.com\/en\/surroundings\/a-guide-to-drome-river-day-trips\/#primaryimage\"},\"thumbnailUrl\":\"https:\/\/www.campinglesbastets.com\/wp-content\/uploads\/2022\/03\/riviere-pres-du-camping.jpg\",\"datePublished\":\"2022-03-10T13:35:20+00:00\",\"dateModified\":\"2022-04-20T10:25:12+00:00\",\"description\":\"Want to explore the Dr\u00f4me valley and its rivers during your vacation? Discover the visits, the activities and the swimming spots of the Dr\u00f4me!\",\"breadcrumb\":{\"@id\":\"https:\/\/www.campinglesbastets.com\/en\/surroundings\/a-guide-to-drome-river-day-trips\/#breadcrumb\"},\"inLanguage\":\"en-US\",\"potentialAction\":[{\"@type\":\"ReadAction\",\"target\":[\"https:\/\/www.campinglesbastets.com\/en\/surroundings\/a-guide-to-drome-river-day-trips\/\"]}]},{\"@type\":\"ImageObject\",\"inLanguage\":\"en-US\",\"@id\":\"https:\/\/www.campinglesbastets.com\/en\/surroundings\/a-guide-to-drome-river-day-trips\/#primaryimage\",\"url\":\"https:\/\/www.campinglesbastets.com\/wp-content\/uploads\/2022\/03\/riviere-pres-du-camping.jpg\",\"contentUrl\":\"https:\/\/www.campinglesbastets.com\/wp-content\/uploads\/2022\/03\/riviere-pres-du-camping.jpg\",\"width\":1900,\"height\":1056,\"caption\":\"riviere pres du camping\"},{\"@type\":\"BreadcrumbList\",\"@id\":\"https:\/\/www.campinglesbastets.com\/en\/surroundings\/a-guide-to-drome-river-day-trips\/#breadcrumb\",\"itemListElement\":[{\"@type\":\"ListItem\",\"position\":1,\"name\":\"Camping Dr\u00f4me\",\"item\":\"https:\/\/www.campinglesbastets.com\/en\/\"},{\"@type\":\"ListItem\",\"position\":2,\"name\":\"TOURISM IN THE DR\u00d4ME PROVEN\u00c7ALE\",\"item\":\"https:\/\/www.campinglesbastets.com\/en\/surroundings\/\"},{\"@type\":\"ListItem\",\"position\":3,\"name\":\"A Guide to Dr\u00f4me River Day Trips\"}]},{\"@type\":\"WebSite\",\"@id\":\"https:\/\/www.campinglesbastets.com\/en\/#website\",\"url\":\"https:\/\/www.campinglesbastets.com\/en\/\",\"name\":\"Camping Les Bastets\",\"description\":\"\",\"publisher\":{\"@id\":\"https:\/\/www.campinglesbastets.com\/en\/#organization\"},\"potentialAction\":[{\"@type\":\"SearchAction\",\"target\":{\"@type\":\"EntryPoint\",\"urlTemplate\":\"https:\/\/www.campinglesbastets.com\/en\/?s={search_term_string}\"},\"query-input\":{\"@type\":\"PropertyValueSpecification\",\"valueRequired\":true,\"valueName\":\"search_term_string\"}}],\"inLanguage\":\"en-US\"},{\"@type\":\"Organization\",\"@id\":\"https:\/\/www.campinglesbastets.com\/en\/#organization\",\"name\":\"Camping Les Bastets\",\"url\":\"https:\/\/www.campinglesbastets.com\/en\/\",\"logo\":{\"@type\":\"ImageObject\",\"inLanguage\":\"en-US\",\"@id\":\"https:\/\/www.campinglesbastets.com\/en\/#\/schema\/logo\/image\/\",\"url\":\"https:\/\/www.campinglesbastets.com\/wp-content\/uploads\/2022\/02\/favicon-1.png\",\"contentUrl\":\"https:\/\/www.campinglesbastets.com\/wp-content\/uploads\/2022\/02\/favicon-1.png\",\"width\":1423,\"height\":1423,\"caption\":\"Camping Les Bastets\"},\"image\":{\"@id\":\"https:\/\/www.campinglesbastets.com\/en\/#\/schema\/logo\/image\/\"}}]}<\/script>\n<!-- \/ Yoast SEO plugin. -->","yoast_head_json":{"title":"River Drome : Swimming, visits and activities in the rivers of Dr\u00f4me","description":"Want to explore the Dr\u00f4me valley and its rivers during your vacation? Discover the visits, the activities and the swimming spots of the Dr\u00f4me!","robots":{"index":"index","follow":"follow","max-snippet":"max-snippet:-1","max-image-preview":"max-image-preview:large","max-video-preview":"max-video-preview:-1"},"canonical":"https:\/\/www.campinglesbastets.com\/en\/surroundings\/a-guide-to-drome-river-day-trips\/","og_locale":"en_US","og_type":"article","og_title":"River Drome : Swimming, visits and activities in the rivers of Dr\u00f4me","og_description":"Want to explore the Dr\u00f4me valley and its rivers during your vacation? Discover the visits, the activities and the swimming spots of the Dr\u00f4me!","og_url":"https:\/\/www.campinglesbastets.com\/en\/surroundings\/a-guide-to-drome-river-day-trips\/","og_site_name":"Camping Les Bastets","article_modified_time":"2022-04-20T10:25:12+00:00","og_image":[{"width":1900,"height":1056,"url":"https:\/\/www.campinglesbastets.com\/wp-content\/uploads\/2022\/03\/riviere-pres-du-camping.jpg","type":"image\/jpeg"}],"twitter_card":"summary_large_image","schema":{"@context":"https:\/\/schema.org","@graph":[{"@type":"WebPage","@id":"https:\/\/www.campinglesbastets.com\/en\/surroundings\/a-guide-to-drome-river-day-trips\/","url":"https:\/\/www.campinglesbastets.com\/en\/surroundings\/a-guide-to-drome-river-day-trips\/","name":"River Drome : Swimming, visits and activities in the rivers of Dr\u00f4me","isPartOf":{"@id":"https:\/\/www.campinglesbastets.com\/en\/#website"},"primaryImageOfPage":{"@id":"https:\/\/www.campinglesbastets.com\/en\/surroundings\/a-guide-to-drome-river-day-trips\/#primaryimage"},"image":{"@id":"https:\/\/www.campinglesbastets.com\/en\/surroundings\/a-guide-to-drome-river-day-trips\/#primaryimage"},"thumbnailUrl":"https:\/\/www.campinglesbastets.com\/wp-content\/uploads\/2022\/03\/riviere-pres-du-camping.jpg","datePublished":"2022-03-10T13:35:20+00:00","dateModified":"2022-04-20T10:25:12+00:00","description":"Want to explore the Dr\u00f4me valley and its rivers during your vacation? Discover the visits, the activities and the swimming spots of the Dr\u00f4me!","breadcrumb":{"@id":"https:\/\/www.campinglesbastets.com\/en\/surroundings\/a-guide-to-drome-river-day-trips\/#breadcrumb"},"inLanguage":"en-US","potentialAction":[{"@type":"ReadAction","target":["https:\/\/www.campinglesbastets.com\/en\/surroundings\/a-guide-to-drome-river-day-trips\/"]}]},{"@type":"ImageObject","inLanguage":"en-US","@id":"https:\/\/www.campinglesbastets.com\/en\/surroundings\/a-guide-to-drome-river-day-trips\/#primaryimage","url":"https:\/\/www.campinglesbastets.com\/wp-content\/uploads\/2022\/03\/riviere-pres-du-camping.jpg","contentUrl":"https:\/\/www.campinglesbastets.com\/wp-content\/uploads\/2022\/03\/riviere-pres-du-camping.jpg","width":1900,"height":1056,"caption":"riviere pres du camping"},{"@type":"BreadcrumbList","@id":"https:\/\/www.campinglesbastets.com\/en\/surroundings\/a-guide-to-drome-river-day-trips\/#breadcrumb","itemListElement":[{"@type":"ListItem","position":1,"name":"Camping Dr\u00f4me","item":"https:\/\/www.campinglesbastets.com\/en\/"},{"@type":"ListItem","position":2,"name":"TOURISM IN THE DR\u00d4ME PROVEN\u00c7ALE","item":"https:\/\/www.campinglesbastets.com\/en\/surroundings\/"},{"@type":"ListItem","position":3,"name":"A Guide to Dr\u00f4me River Day Trips"}]},{"@type":"WebSite","@id":"https:\/\/www.campinglesbastets.com\/en\/#website","url":"https:\/\/www.campinglesbastets.com\/en\/","name":"Camping Les Bastets","description":"","publisher":{"@id":"https:\/\/www.campinglesbastets.com\/en\/#organization"},"potentialAction":[{"@type":"SearchAction","target":{"@type":"EntryPoint","urlTemplate":"https:\/\/www.campinglesbastets.com\/en\/?s={search_term_string}"},"query-input":{"@type":"PropertyValueSpecification","valueRequired":true,"valueName":"search_term_string"}}],"inLanguage":"en-US"},{"@type":"Organization","@id":"https:\/\/www.campinglesbastets.com\/en\/#organization","name":"Camping Les Bastets","url":"https:\/\/www.campinglesbastets.com\/en\/","logo":{"@type":"ImageObject","inLanguage":"en-US","@id":"https:\/\/www.campinglesbastets.com\/en\/#\/schema\/logo\/image\/","url":"https:\/\/www.campinglesbastets.com\/wp-content\/uploads\/2022\/02\/favicon-1.png","contentUrl":"https:\/\/www.campinglesbastets.com\/wp-content\/uploads\/2022\/02\/favicon-1.png","width":1423,"height":1423,"caption":"Camping Les Bastets"},"image":{"@id":"https:\/\/www.campinglesbastets.com\/en\/#\/schema\/logo\/image\/"}}]}},"_links":{"self":[{"href":"https:\/\/www.campinglesbastets.com\/en\/wp-json\/wp\/v2\/pages\/9758","targetHints":{"allow":["GET"]}}],"collection":[{"href":"https:\/\/www.campinglesbastets.com\/en\/wp-json\/wp\/v2\/pages"}],"about":[{"href":"https:\/\/www.campinglesbastets.com\/en\/wp-json\/wp\/v2\/types\/page"}],"author":[{"embeddable":true,"href":"https:\/\/www.campinglesbastets.com\/en\/wp-json\/wp\/v2\/users\/1"}],"replies":[{"embeddable":true,"href":"https:\/\/www.campinglesbastets.com\/en\/wp-json\/wp\/v2\/comments?post=9758"}],"version-history":[{"count":8,"href":"https:\/\/www.campinglesbastets.com\/en\/wp-json\/wp\/v2\/pages\/9758\/revisions"}],"predecessor-version":[{"id":10397,"href":"https:\/\/www.campinglesbastets.com\/en\/wp-json\/wp\/v2\/pages\/9758\/revisions\/10397"}],"up":[{"embeddable":true,"href":"https:\/\/www.campinglesbastets.com\/en\/wp-json\/wp\/v2\/pages\/9704"}],"wp:featuredmedia":[{"embeddable":true,"href":"https:\/\/www.campinglesbastets.com\/en\/wp-json\/wp\/v2\/media\/7280"}],"wp:attachment":[{"href":"https:\/\/www.campinglesbastets.com\/en\/wp-json\/wp\/v2\/media?parent=9758"}],"curies":[{"name":"wp","href":"https:\/\/api.w.org\/{rel}","templated":true}]}}