{"id":9704,"date":"2022-03-09T09:48:54","date_gmt":"2022-03-09T08:48:54","guid":{"rendered":"https:\/\/www.campinglesbastets.com\/alentours\/"},"modified":"2025-08-22T15:32:29","modified_gmt":"2025-08-22T13:32:29","slug":"surroundings","status":"publish","type":"page","link":"https:\/\/www.campinglesbastets.com\/en\/surroundings\/","title":{"rendered":"Tourisme dans la Dr\u00f4me proven\u00e7ale"},"content":{"rendered":"<section id=\"section-62286a5e86fdc\"\" class=\"section bg-white\" \/><div class=\"container extralarge\"><h1 class=\"element section-title center m-b-4\">Tourism in the Dr\u00f4me proven\u00e7ale<\/h1><div class=\"element bloc-text left \">\n\t<p>At the gates of the South, from Mont\u00e9limar to the regional natural park of the Baronnies proven\u00e7ales via Valence, the south of the Dr\u00f4me already stretches out landscapes of lavender fields and olive groves under a bright sun. Take advantage of your stay at the <a href=\"\/en\/\">campsite Dr\u00f4me Proven\u00e7ale Les Bastets<\/a> to do some sightseeing!<\/p>\n<h2 class=\"m-t-6\">The perched villages of the Dr\u00f4me proven\u00e7ale<\/h2>\n<p>The fertile plains of the Dr\u00f4me Proven\u00e7ale are punctuated by hills on which numerous perched villages were built during the Middle Ages. These ancient strongholds number about fifty between Mont\u00e9limar and the southern end of the department.<\/p>\n<p>So many timeless settings to discover, between calades, paved streets, shaded squares and religious buildings. Among the most remarkable cities are the listed villages of Grignan, La Garde-Adh\u00e9mar, Montbrun-les-Bains or Po\u00ebt-Laval.<\/p>\n<p>Other more secret destinations, such as Laupie, Marsanne or Sauzet, also conceal historical and architectural treasures.<\/p>\n<p><iframe loading=\"lazy\" src=\"https:\/\/www.youtube.com\/embed\/9eUXJT8IqBM\" width=\"100%\" height=\"315\" frameborder=\"0\" allowfullscreen=\"allowfullscreen\"><\/iframe><\/p>\n<h2 class=\"m-t-6\">The castles of Dr\u00f4me proven\u00e7ale<\/h2>\n<p>Several particularly remarkable castles are to be discovered in Dr\u00f4me proven\u00e7ale. The most illustrious is without doubt that of Grignan, where the Marquise de S\u00e9vign\u00e9, a famous epistolary writer, stayed and died. It is also the largest Renaissance castle in the South-East of France, visible from afar on its rocky spur.<\/p>\n<p>In the 17th century, it was inhabited by the Count of Grignan, Fran\u00e7ois Adh\u00e9mar, and his wife who was none other than the daughter of the Marquise de S\u00e9vign\u00e9. The panoramic view from the terraces of the castle is not to be missed. Other castles to visit in Dr\u00f4me proven\u00e7ale are those of Suze-la-Rousse and Garde Adh\u00e9mar.<\/p>\n<p><iframe loading=\"lazy\" src=\"https:\/\/www.youtube.com\/embed\/B8-cmZdzon8\" width=\"100%\" height=\"315\" frameborder=\"0\" allowfullscreen=\"allowfullscreen\"><\/iframe><\/p>\n<h2 class=\"m-t-6\">The regional natural park of the Baronnies de Provence<\/h2>\n<p>Rich of an incredible biodiversity, the natural park of Baronnies shelters two thousand different plant species, among which olive trees, and more than two hundred animal species.<\/p>\n<p>At the gateway to Provence and the Hautes-Alpes, the Baronnies regional nature park benefits from a dual influence, Alpine and Provencal: a true oasis, it allows the cultivation of unique products such as the famous Nyons olives. Nyons olives and olive oils are the subject of a PDO and an AOC.<\/p>\n<p>The city, labeled Most Beautiful Detours of France, is also home to a fascinating Olive Tree Museum. Some of the Dr\u00f4me&#8217;s leading towns such as Sisteron, Grignan, Mont\u00e9limar or Vaison la Romaine are, due to their geographical location, real &#8220;gateways&#8221; to the regional natural park.<\/p>\n<p><iframe loading=\"lazy\" src=\"https:\/\/www.youtube.com\/embed\/88zbh_IKbpE\" width=\"100%\" height=\"315\" frameborder=\"0\" allowfullscreen=\"allowfullscreen\"><\/iframe><\/p>\n<h2 class=\"m-t-6\">The lavender road<\/h2>\n<p>If the gourmets will gladly take the road of the olive trees which crosses the country of Nyons and the natural park of Baronnies, others will let themselves be intoxicated by the scents of the fields of lavandin during an excursion along the road of the lavender, which connects Mont\u00e9limar to Nyons.<\/p>\n<p>From mid-June, depending on the year and the area, the hilly scenery of the Dr\u00f4me Proven\u00e7ale is adorned with a cameo of blues, mauves and purples, punctuated here and there by hundred-year-old olive trees and truffle oaks.<\/p>\n<p>In Nyons, don&#8217;t miss a visit to the traditional Bleu Provence distillery where the history of the use of lavender and the discovery of its virtues through the centuries will be told.<\/p>\n<p><iframe loading=\"lazy\" src=\"https:\/\/www.youtube.com\/embed\/HoalDIP5z0s\" width=\"100%\" height=\"315\" frameborder=\"0\" allowfullscreen=\"allowfullscreen\"><\/iframe><\/p>\n<h2 class=\"m-t-6\">The enclave of the Popes<\/h2>\n<p>South of the Dr\u00f4me, east of the Rh\u00f4ne, the enclave of the Popes is a territory attached to the Vaucluse: administratively in the PACA region, this island is geographically located in Auvergne-Rh\u00f4ne-Alpes.<\/p>\n<p>It is made up of the communal territories of Grillon, Visan, Valr\u00e9as and Richerenches, acquired by the popes of Avignon in the 14th century. After the French Revolution, their inhabitants decided to remain attached to the Vaucluse.<\/p>\n<p>The visit of the Enclave des Papes includes the discovery of the ancient Templar commandery of Richerenches, the castle of Simiane and the chapel of the White Penitents in Valr\u00e9as, as well as the beautiful architecture of the 17th and 18th century houses in Visan.<\/p>\n<p><iframe loading=\"lazy\" src=\"https:\/\/www.youtube.com\/embed\/PLz2LNkbkGI\" width=\"100%\" height=\"315\" frameborder=\"0\" allowfullscreen=\"allowfullscreen\"><\/iframe><\/p>\n<h2 class=\"m-t-6\">Local products, between truffles and wines<\/h2>\n<p>The black truffle, also known as the &#8220;black diamond&#8221; of gastronomy, finds in Dr\u00f4me proven\u00e7ale the ideal conditions to blossom and develop its unique aromas. In the first truffle-growing region of France, the black truffle can be found on the stalls of local markets from December to March.<\/p>\n<p>The unmissable event is the Richerenches market which takes place every Saturday morning from mid-November to spring.<\/p>\n<p>The summer truffle is harvested from May to August. You can taste it with a Grignan-les-Adh\u00e9mar wine, an AOC to discover during cellar visits and tastings.<\/p>\n<p>In Richerenches you will also find the Truffle and Wine Museum, in Saint-Paul-les-Trois-Ch\u00e2teaux the Truffle House, and in the castle of Suze-la-Rousse the Wine Museum.<\/p>\n<p><iframe loading=\"lazy\" src=\"https:\/\/www.youtube.com\/embed\/mls4jkM6BQ8\" width=\"100%\" height=\"315\" frameborder=\"0\" allowfullscreen=\"allowfullscreen\"><\/iframe><\/p>\n<\/div><\/div><\/section>\n\n<section id=\"section-62286a5e87120\"\" class=\"section bg-white p-t-0\" \/><div class=\"container extralarge\"><h2 class=\"element section-title center titre-cta center\">Discover the Dr\u00f4me Proven\u00e7ale<\/h2><ul class=\"liste-de-page\"><li class=\"element call-to-action carre call-to-action--style-1 call-to-action--normal\"><a href=\"https:\/\/www.campinglesbastets.com\/en\/surroundings\/chestnut-festival-2\/\"  class=\"call-to-action_link\" title=\"En savoir plus sur chestnut festival in dr\u00f4me proven\u00e7ale\"><div class=\"call-to-action_image\"><img decoding=\"async\" src=\"https:\/\/www.campinglesbastets.com\/wp-content\/uploads\/2024\/11\/groepscamping.jpg\" data-src=\"https:\/\/www.campinglesbastets.com\/wp-content\/uploads\/2024\/11\/groepscamping.jpg\" alt=\"groepscamping\" class=\"normal\" \/><\/div><div class=\"call-to-action_contenu\"><div class=\"call-to-action_titre\">Chestnut Festival in Dr\u00f4me Proven\u00e7ale<\/div><\/div><\/a><\/li><li class=\"element call-to-action carre call-to-action--style-1 call-to-action--normal call-to-action--style-1 call-to-action--normal\"><a href=\"https:\/\/www.campinglesbastets.com\/en\/surroundings\/montelimar-film-festival\/\"  class=\"call-to-action_link\" title=\"En savoir plus sur mont\u00e9limar film festival: from page to screen\"><div class=\"call-to-action_image\"><img decoding=\"async\" src=\"https:\/\/www.campinglesbastets.com\/wp-content\/uploads\/2025\/09\/Festival-cinema-Montelimar.jpg\" data-src=\"https:\/\/www.campinglesbastets.com\/wp-content\/uploads\/2025\/09\/Festival-cinema-Montelimar.jpg\" alt=\"The Mont\u00e9limar Film Festival\" class=\"normal\" \/><\/div><div class=\"call-to-action_contenu\"><div class=\"call-to-action_titre\">Mont\u00e9limar Film Festival: From Page to Screen<\/div><\/div><\/a><\/li><li class=\"element call-to-action carre call-to-action--style-1 call-to-action--normal call-to-action--style-1 call-to-action--normal call-to-action--style-1 call-to-action--normal\"><a href=\"https:\/\/www.campinglesbastets.com\/en\/surroundings\/ice-cream-drome\/\"  class=\"call-to-action_link\" title=\"En savoir plus sur ice cream in dr\u00f4me: the best artisanal ice cream spots\"><div class=\"call-to-action_image\"><img decoding=\"async\" src=\"https:\/\/www.campinglesbastets.com\/wp-content\/uploads\/2025\/08\/Ice-Cream-in-Drome.jpg\" data-src=\"https:\/\/www.campinglesbastets.com\/wp-content\/uploads\/2025\/08\/Ice-Cream-in-Drome.jpg\" alt=\"Ice Cream in Dr\u00f4me\" class=\"normal\" \/><\/div><div class=\"call-to-action_contenu\"><div class=\"call-to-action_titre\">Ice Cream in Dr\u00f4me: The Best Artisanal Ice Cream Spots<\/div><\/div><\/a><\/li><li class=\"element call-to-action carre call-to-action--style-1 call-to-action--normal call-to-action--style-1 call-to-action--normal call-to-action--style-1 call-to-action--normal call-to-action--style-1 call-to-action--normal\"><a href=\"https:\/\/www.campinglesbastets.com\/en\/surroundings\/best-restaurants-drome-provencale\/\"  class=\"call-to-action_link\" title=\"En savoir plus sur the best restaurants in dr\u00f4me proven\u00e7ale\"><div class=\"call-to-action_image\"><img decoding=\"async\" src=\"https:\/\/www.campinglesbastets.com\/wp-content\/uploads\/2025\/07\/Restaurants-dans-la-Drome-Provencale.jpg\" data-src=\"https:\/\/www.campinglesbastets.com\/wp-content\/uploads\/2025\/07\/Restaurants-dans-la-Drome-Provencale.jpg\" alt=\"Restaurant en Dr\u00f4me Proven\u00e7ale\" class=\"normal\" \/><\/div><div class=\"call-to-action_contenu\"><div class=\"call-to-action_titre\">The Best Restaurants in Dr\u00f4me Proven\u00e7ale<\/div><\/div><\/a><\/li><li class=\"element call-to-action carre call-to-action--style-1 call-to-action--normal call-to-action--style-1 call-to-action--normal call-to-action--style-1 call-to-action--normal call-to-action--style-1 call-to-action--normal call-to-action--style-1 call-to-action--normal\"><a href=\"https:\/\/www.campinglesbastets.com\/en\/surroundings\/truffle-activities-drome\/\"  class=\"call-to-action_link\" title=\"En savoir plus sur top 3 truffle-themed activities in the dr\u00f4me region\"><div class=\"call-to-action_image\"><img decoding=\"async\" src=\"https:\/\/www.campinglesbastets.com\/wp-content\/uploads\/2025\/06\/Truffe-de-la-Drome.jpg\" data-src=\"https:\/\/www.campinglesbastets.com\/wp-content\/uploads\/2025\/06\/Truffe-de-la-Drome.jpg\" alt=\"Truffle in Dr\u00f4me region\" class=\"normal\" \/><\/div><div class=\"call-to-action_contenu\"><div class=\"call-to-action_titre\">Top 3 Truffle-Themed Activities in the Dr\u00f4me Region<\/div><\/div><\/a><\/li><li class=\"element call-to-action carre call-to-action--style-1 call-to-action--normal call-to-action--style-1 call-to-action--normal call-to-action--style-1 call-to-action--normal call-to-action--style-1 call-to-action--normal call-to-action--style-1 call-to-action--normal call-to-action--style-1 call-to-action--normal\"><a href=\"https:\/\/www.campinglesbastets.com\/en\/surroundings\/pique-nique-drome\/\"  class=\"call-to-action_link\" title=\"En savoir plus sur top 5 des spots pour un pique-nique dr\u00f4me avec vue\"><div class=\"call-to-action_image\"><img decoding=\"async\" src=\"https:\/\/www.campinglesbastets.com\/wp-content\/uploads\/2025\/05\/pique-nique-drome.jpg\" data-src=\"https:\/\/www.campinglesbastets.com\/wp-content\/uploads\/2025\/05\/pique-nique-drome.jpg\" alt=\"Organisez un pique-nique dans la Dr\u00f4me\" class=\"normal\" \/><\/div><div class=\"call-to-action_contenu\"><div class=\"call-to-action_titre\">Top 5 des spots pour un pique-nique Dr\u00f4me avec vue<\/div><\/div><\/a><\/li><li class=\"element call-to-action carre call-to-action--style-1 call-to-action--normal call-to-action--style-1 call-to-action--normal call-to-action--style-1 call-to-action--normal call-to-action--style-1 call-to-action--normal call-to-action--style-1 call-to-action--normal call-to-action--style-1 call-to-action--normal call-to-action--style-1 call-to-action--normal\"><a href=\"https:\/\/www.campinglesbastets.com\/en\/surroundings\/golf-drome\/\"  class=\"call-to-action_link\" title=\"En savoir plus sur o\u00f9 jouer au golf dans la dr\u00f4me ?\"><div class=\"call-to-action_image\"><img decoding=\"async\" src=\"https:\/\/www.campinglesbastets.com\/wp-content\/uploads\/2025\/04\/golf-drome.jpg\" data-src=\"https:\/\/www.campinglesbastets.com\/wp-content\/uploads\/2025\/04\/golf-drome.jpg\" alt=\"Les golfs de la Dr\u00f4me\" class=\"normal\" \/><\/div><div class=\"call-to-action_contenu\"><div class=\"call-to-action_titre\">O\u00f9 jouer au golf dans la Dr\u00f4me ?<\/div><\/div><\/a><\/li><li class=\"element call-to-action carre call-to-action--style-1 call-to-action--normal call-to-action--style-1 call-to-action--normal call-to-action--style-1 call-to-action--normal call-to-action--style-1 call-to-action--normal call-to-action--style-1 call-to-action--normal call-to-action--style-1 call-to-action--normal call-to-action--style-1 call-to-action--normal call-to-action--style-1 call-to-action--normal\"><a href=\"https:\/\/www.campinglesbastets.com\/en\/surroundings\/visite-mirmande\/\"  class=\"call-to-action_link\" title=\"En savoir plus sur mirmande\"><div class=\"call-to-action_image\"><img decoding=\"async\" src=\"https:\/\/www.campinglesbastets.com\/wp-content\/uploads\/2025\/03\/visite-mirmande.jpg\" data-src=\"https:\/\/www.campinglesbastets.com\/wp-content\/uploads\/2025\/03\/visite-mirmande.jpg\" alt=\"Visite de Mirmande\" class=\"normal\" \/><\/div><div class=\"call-to-action_contenu\"><div class=\"call-to-action_titre\">Mirmande<\/div><\/div><\/a><\/li><li class=\"element call-to-action carre call-to-action--style-1 call-to-action--normal call-to-action--style-1 call-to-action--normal call-to-action--style-1 call-to-action--normal call-to-action--style-1 call-to-action--normal call-to-action--style-1 call-to-action--normal call-to-action--style-1 call-to-action--normal call-to-action--style-1 call-to-action--normal call-to-action--style-1 call-to-action--normal call-to-action--style-1 call-to-action--normal\"><a href=\"https:\/\/www.campinglesbastets.com\/en\/surroundings\/routes-des-vins-drome\/\"  class=\"call-to-action_link\" title=\"En savoir plus sur the wine route of the dr\u00f4me\"><div class=\"call-to-action_image\"><img decoding=\"async\" src=\"https:\/\/www.campinglesbastets.com\/wp-content\/uploads\/2025\/01\/route-vins-drome.jpg\" data-src=\"https:\/\/www.campinglesbastets.com\/wp-content\/uploads\/2025\/01\/route-vins-drome.jpg\" alt=\"La route des vins en Dr\u00f4me\" class=\"normal\" \/><\/div><div class=\"call-to-action_contenu\"><div class=\"call-to-action_titre\">The wine route of the Dr\u00f4me<\/div><\/div><\/a><\/li><\/ul><\/div><\/section>","protected":false},"excerpt":{"rendered":"","protected":false},"author":1,"featured_media":9459,"parent":0,"menu_order":0,"comment_status":"closed","ping_status":"closed","template":"","meta":{"_acf_changed":false,"footnotes":""},"class_list":["post-9704","page","type-page","status-publish","has-post-thumbnail","hentry"],"acf":[],"yoast_head":"<!-- This site is optimized with the Yoast SEO plugin v25.3 - https:\/\/yoast.com\/wordpress\/plugins\/seo\/ -->\n<title>Dr\u00f4me Proven\u00e7ale tourism : What to visit, what to do in the Dr\u00f4me ?<\/title>\n<meta name=\"description\" content=\"Discover the Dr\u00f4me Proven\u00e7ale by taking inspiration from our many ideas for visits, activities and natural sites!\" \/>\n<meta name=\"robots\" content=\"index, follow, max-snippet:-1, max-image-preview:large, max-video-preview:-1\" \/>\n<link rel=\"canonical\" href=\"https:\/\/www.campinglesbastets.com\/en\/surroundings\/\" \/>\n<meta property=\"og:locale\" content=\"en_US\" \/>\n<meta property=\"og:type\" content=\"article\" \/>\n<meta property=\"og:title\" content=\"Dr\u00f4me Proven\u00e7ale tourism : What to visit, what to do in the Dr\u00f4me ?\" \/>\n<meta property=\"og:description\" content=\"Discover the Dr\u00f4me Proven\u00e7ale by taking inspiration from our many ideas for visits, activities and natural sites!\" \/>\n<meta property=\"og:url\" content=\"https:\/\/www.campinglesbastets.com\/en\/surroundings\/\" \/>\n<meta property=\"og:site_name\" content=\"Camping Les Bastets\" \/>\n<meta property=\"article:modified_time\" content=\"2025-08-22T13:32:29+00:00\" \/>\n<meta property=\"og:image\" content=\"https:\/\/www.campinglesbastets.com\/wp-content\/uploads\/2022\/03\/tourisme-drome-1.jpg\" \/>\n\t<meta property=\"og:image:width\" content=\"1900\" \/>\n\t<meta property=\"og:image:height\" content=\"1056\" \/>\n\t<meta property=\"og:image:type\" content=\"image\/jpeg\" \/>\n<meta name=\"twitter:card\" content=\"summary_large_image\" \/>\n<meta name=\"twitter:label1\" content=\"Est. reading time\" \/>\n\t<meta name=\"twitter:data1\" content=\"1 minute\" \/>\n<script type=\"application\/ld+json\" class=\"yoast-schema-graph\">{\"@context\":\"https:\/\/schema.org\",\"@graph\":[{\"@type\":\"WebPage\",\"@id\":\"https:\/\/www.campinglesbastets.com\/en\/surroundings\/\",\"url\":\"https:\/\/www.campinglesbastets.com\/en\/surroundings\/\",\"name\":\"Dr\u00f4me Proven\u00e7ale tourism : What to visit, what to do in the Dr\u00f4me ?\",\"isPartOf\":{\"@id\":\"https:\/\/www.campinglesbastets.com\/en\/#website\"},\"primaryImageOfPage\":{\"@id\":\"https:\/\/www.campinglesbastets.com\/en\/surroundings\/#primaryimage\"},\"image\":{\"@id\":\"https:\/\/www.campinglesbastets.com\/en\/surroundings\/#primaryimage\"},\"thumbnailUrl\":\"https:\/\/www.campinglesbastets.com\/wp-content\/uploads\/2022\/03\/tourisme-drome-1.jpg\",\"datePublished\":\"2022-03-09T08:48:54+00:00\",\"dateModified\":\"2025-08-22T13:32:29+00:00\",\"description\":\"Discover the Dr\u00f4me Proven\u00e7ale by taking inspiration from our many ideas for visits, activities and natural sites!\",\"breadcrumb\":{\"@id\":\"https:\/\/www.campinglesbastets.com\/en\/surroundings\/#breadcrumb\"},\"inLanguage\":\"en-US\",\"potentialAction\":[{\"@type\":\"ReadAction\",\"target\":[\"https:\/\/www.campinglesbastets.com\/en\/surroundings\/\"]}]},{\"@type\":\"ImageObject\",\"inLanguage\":\"en-US\",\"@id\":\"https:\/\/www.campinglesbastets.com\/en\/surroundings\/#primaryimage\",\"url\":\"https:\/\/www.campinglesbastets.com\/wp-content\/uploads\/2022\/03\/tourisme-drome-1.jpg\",\"contentUrl\":\"https:\/\/www.campinglesbastets.com\/wp-content\/uploads\/2022\/03\/tourisme-drome-1.jpg\",\"width\":1900,\"height\":1056,\"caption\":\"tourisme drome\"},{\"@type\":\"BreadcrumbList\",\"@id\":\"https:\/\/www.campinglesbastets.com\/en\/surroundings\/#breadcrumb\",\"itemListElement\":[{\"@type\":\"ListItem\",\"position\":1,\"name\":\"Camping Dr\u00f4me\",\"item\":\"https:\/\/www.campinglesbastets.com\/en\/\"},{\"@type\":\"ListItem\",\"position\":2,\"name\":\"TOURISM IN THE DR\u00d4ME PROVEN\u00c7ALE\"}]},{\"@type\":\"WebSite\",\"@id\":\"https:\/\/www.campinglesbastets.com\/en\/#website\",\"url\":\"https:\/\/www.campinglesbastets.com\/en\/\",\"name\":\"Camping Les Bastets\",\"description\":\"\",\"publisher\":{\"@id\":\"https:\/\/www.campinglesbastets.com\/en\/#organization\"},\"potentialAction\":[{\"@type\":\"SearchAction\",\"target\":{\"@type\":\"EntryPoint\",\"urlTemplate\":\"https:\/\/www.campinglesbastets.com\/en\/?s={search_term_string}\"},\"query-input\":{\"@type\":\"PropertyValueSpecification\",\"valueRequired\":true,\"valueName\":\"search_term_string\"}}],\"inLanguage\":\"en-US\"},{\"@type\":\"Organization\",\"@id\":\"https:\/\/www.campinglesbastets.com\/en\/#organization\",\"name\":\"Camping Les Bastets\",\"url\":\"https:\/\/www.campinglesbastets.com\/en\/\",\"logo\":{\"@type\":\"ImageObject\",\"inLanguage\":\"en-US\",\"@id\":\"https:\/\/www.campinglesbastets.com\/en\/#\/schema\/logo\/image\/\",\"url\":\"https:\/\/www.campinglesbastets.com\/wp-content\/uploads\/2022\/02\/favicon-1.png\",\"contentUrl\":\"https:\/\/www.campinglesbastets.com\/wp-content\/uploads\/2022\/02\/favicon-1.png\",\"width\":1423,\"height\":1423,\"caption\":\"Camping Les Bastets\"},\"image\":{\"@id\":\"https:\/\/www.campinglesbastets.com\/en\/#\/schema\/logo\/image\/\"}}]}<\/script>\n<!-- \/ Yoast SEO plugin. -->","yoast_head_json":{"title":"Dr\u00f4me Proven\u00e7ale tourism : What to visit, what to do in the Dr\u00f4me ?","description":"Discover the Dr\u00f4me Proven\u00e7ale by taking inspiration from our many ideas for visits, activities and natural sites!","robots":{"index":"index","follow":"follow","max-snippet":"max-snippet:-1","max-image-preview":"max-image-preview:large","max-video-preview":"max-video-preview:-1"},"canonical":"https:\/\/www.campinglesbastets.com\/en\/surroundings\/","og_locale":"en_US","og_type":"article","og_title":"Dr\u00f4me Proven\u00e7ale tourism : What to visit, what to do in the Dr\u00f4me ?","og_description":"Discover the Dr\u00f4me Proven\u00e7ale by taking inspiration from our many ideas for visits, activities and natural sites!","og_url":"https:\/\/www.campinglesbastets.com\/en\/surroundings\/","og_site_name":"Camping Les Bastets","article_modified_time":"2025-08-22T13:32:29+00:00","og_image":[{"width":1900,"height":1056,"url":"https:\/\/www.campinglesbastets.com\/wp-content\/uploads\/2022\/03\/tourisme-drome-1.jpg","type":"image\/jpeg"}],"twitter_card":"summary_large_image","twitter_misc":{"Est. reading time":"1 minute"},"schema":{"@context":"https:\/\/schema.org","@graph":[{"@type":"WebPage","@id":"https:\/\/www.campinglesbastets.com\/en\/surroundings\/","url":"https:\/\/www.campinglesbastets.com\/en\/surroundings\/","name":"Dr\u00f4me Proven\u00e7ale tourism : What to visit, what to do in the Dr\u00f4me ?","isPartOf":{"@id":"https:\/\/www.campinglesbastets.com\/en\/#website"},"primaryImageOfPage":{"@id":"https:\/\/www.campinglesbastets.com\/en\/surroundings\/#primaryimage"},"image":{"@id":"https:\/\/www.campinglesbastets.com\/en\/surroundings\/#primaryimage"},"thumbnailUrl":"https:\/\/www.campinglesbastets.com\/wp-content\/uploads\/2022\/03\/tourisme-drome-1.jpg","datePublished":"2022-03-09T08:48:54+00:00","dateModified":"2025-08-22T13:32:29+00:00","description":"Discover the Dr\u00f4me Proven\u00e7ale by taking inspiration from our many ideas for visits, activities and natural sites!","breadcrumb":{"@id":"https:\/\/www.campinglesbastets.com\/en\/surroundings\/#breadcrumb"},"inLanguage":"en-US","potentialAction":[{"@type":"ReadAction","target":["https:\/\/www.campinglesbastets.com\/en\/surroundings\/"]}]},{"@type":"ImageObject","inLanguage":"en-US","@id":"https:\/\/www.campinglesbastets.com\/en\/surroundings\/#primaryimage","url":"https:\/\/www.campinglesbastets.com\/wp-content\/uploads\/2022\/03\/tourisme-drome-1.jpg","contentUrl":"https:\/\/www.campinglesbastets.com\/wp-content\/uploads\/2022\/03\/tourisme-drome-1.jpg","width":1900,"height":1056,"caption":"tourisme drome"},{"@type":"BreadcrumbList","@id":"https:\/\/www.campinglesbastets.com\/en\/surroundings\/#breadcrumb","itemListElement":[{"@type":"ListItem","position":1,"name":"Camping Dr\u00f4me","item":"https:\/\/www.campinglesbastets.com\/en\/"},{"@type":"ListItem","position":2,"name":"TOURISM IN THE DR\u00d4ME PROVEN\u00c7ALE"}]},{"@type":"WebSite","@id":"https:\/\/www.campinglesbastets.com\/en\/#website","url":"https:\/\/www.campinglesbastets.com\/en\/","name":"Camping Les Bastets","description":"","publisher":{"@id":"https:\/\/www.campinglesbastets.com\/en\/#organization"},"potentialAction":[{"@type":"SearchAction","target":{"@type":"EntryPoint","urlTemplate":"https:\/\/www.campinglesbastets.com\/en\/?s={search_term_string}"},"query-input":{"@type":"PropertyValueSpecification","valueRequired":true,"valueName":"search_term_string"}}],"inLanguage":"en-US"},{"@type":"Organization","@id":"https:\/\/www.campinglesbastets.com\/en\/#organization","name":"Camping Les Bastets","url":"https:\/\/www.campinglesbastets.com\/en\/","logo":{"@type":"ImageObject","inLanguage":"en-US","@id":"https:\/\/www.campinglesbastets.com\/en\/#\/schema\/logo\/image\/","url":"https:\/\/www.campinglesbastets.com\/wp-content\/uploads\/2022\/02\/favicon-1.png","contentUrl":"https:\/\/www.campinglesbastets.com\/wp-content\/uploads\/2022\/02\/favicon-1.png","width":1423,"height":1423,"caption":"Camping Les Bastets"},"image":{"@id":"https:\/\/www.campinglesbastets.com\/en\/#\/schema\/logo\/image\/"}}]}},"_links":{"self":[{"href":"https:\/\/www.campinglesbastets.com\/en\/wp-json\/wp\/v2\/pages\/9704","targetHints":{"allow":["GET"]}}],"collection":[{"href":"https:\/\/www.campinglesbastets.com\/en\/wp-json\/wp\/v2\/pages"}],"about":[{"href":"https:\/\/www.campinglesbastets.com\/en\/wp-json\/wp\/v2\/types\/page"}],"author":[{"embeddable":true,"href":"https:\/\/www.campinglesbastets.com\/en\/wp-json\/wp\/v2\/users\/1"}],"replies":[{"embeddable":true,"href":"https:\/\/www.campinglesbastets.com\/en\/wp-json\/wp\/v2\/comments?post=9704"}],"version-history":[{"count":11,"href":"https:\/\/www.campinglesbastets.com\/en\/wp-json\/wp\/v2\/pages\/9704\/revisions"}],"predecessor-version":[{"id":15534,"href":"https:\/\/www.campinglesbastets.com\/en\/wp-json\/wp\/v2\/pages\/9704\/revisions\/15534"}],"wp:featuredmedia":[{"embeddable":true,"href":"https:\/\/www.campinglesbastets.com\/en\/wp-json\/wp\/v2\/media\/9459"}],"wp:attachment":[{"href":"https:\/\/www.campinglesbastets.com\/en\/wp-json\/wp\/v2\/media?parent=9704"}],"curies":[{"name":"wp","href":"https:\/\/api.w.org\/{rel}","templated":true}]}}