{"id":15043,"date":"2025-01-31T14:09:49","date_gmt":"2025-01-31T13:09:49","guid":{"rendered":"https:\/\/www.campinglesbastets.com\/surroundings\/routes-des-vins-drome\/"},"modified":"2025-03-12T10:53:00","modified_gmt":"2025-03-12T09:53:00","slug":"routes-des-vins-drome","status":"publish","type":"page","link":"https:\/\/www.campinglesbastets.com\/en\/surroundings\/routes-des-vins-drome\/","title":{"rendered":"The wine route of the Dr\u00f4me"},"content":{"rendered":"<section id=\"section-627e22159341f\"\" class=\"section bg-white p-b-0\" \/><div class=\"container extralarge\"><h1 class=\"element section-title center\">Oenotouristic discovery: explore the wine route of the Dr\u00f4me<\/h1><div class=\"element bloc-text left \">\n\t<p>The <strong>Dr\u00f4me<\/strong> is a dream destination for wine and nature enthusiasts. With prestigious appellations such as <strong>Hermitage, Crozes-Hermitage, Saint-Joseph, Vinsobres, and Grignan-les-Adh\u00e9mar<\/strong>, this region offers a sensory journey through vineyards with diverse landscapes, between the Rh\u00f4ne Valley and Proven\u00e7al hills.<\/p>\n<p>This itinerary has been designed to allow for a pleasant stay from our <a href=\"\/en\/\">camping in the Dr\u00f4me<\/a>, in Marsanne, by organizing discovery days of the vineyards while limiting travel. You will discover large wine estates, exceptional wine tastings, as well as sublime landscapes and delicious local cuisine.<\/p>\n<p><img decoding=\"async\" src=\"https:\/\/www.campinglesbastets.com\/wp-content\/uploads\/2025\/01\/drome-route-des-vins.jpg\" alt=\"The wine route of Dr\u00f4me\" \/><\/p>\n<h2>Wine route itinerary<\/h2>\n<h3>Day 1: The Great Wines of the Rh\u00f4ne Valley &#8211; Hermitage and Crozes-Hermitage<\/h3>\n<p>On the first day, head to <strong>Tain-l&#8217;Hermitage<\/strong>, located about <strong>70 km from Camping Les Bastets<\/strong>, or <strong>50 minutes by car<\/strong>. This town is the birthplace of some of the most prestigious appellations of the <strong>Rh\u00f4ne Valley<\/strong>.<\/p>\n<p>Start with a walk on the <strong>Hermitage hill<\/strong>, which offers a <strong>magnificent view of the terraced vineyards<\/strong> plunging down towards the Rh\u00f4ne. This unique terroir gives birth to <strong>wines of great finesse<\/strong>, known worldwide.<\/p>\n<p>Next, enjoy a visit and tasting at <strong>Maison M. Chapoutier<\/strong>, a reference in the Hermitage appellation. This iconic estate offers a <strong>discovery of grape varieties and winemaking techniques<\/strong>. Then, head to the <strong>Cave de Tain<\/strong>, where you can deepen your knowledge with an introduction to tasting <strong>Crozes-Hermitage wines<\/strong>, which are more accessible but equally captivating.<\/p>\n<p>In the afternoon, stop by <strong>Domaine Paul Jaboulet A\u00een\u00e9<\/strong>, famous for its renowned cuv\u00e9e <strong>&#8220;La Chapelle&#8221;<\/strong>, an exceptional wine that embodies the region&#8217;s craftsmanship.<\/p>\n<p>After this beautiful day, return to Camping Les Bastets for a relaxing evening in nature.<\/p>\n<h3>Day 2: Saint-Joseph and the Landscapes of the Dr\u00f4me<\/h3>\n<p>On the second day, head northwest to <strong>Saint-P\u00e9ray and Cornas<\/strong>, about <strong>60 km from Camping Les Bastets<\/strong>, or <strong>50 minutes by car<\/strong>. These appellations, less known than Hermitage, offer wines with great aromatic richness.<\/p>\n<p>Start the morning with a visit to <strong>Domaine Alain Voge<\/strong>, <strong>specializing in red wines from Cornas and sparkling whites from Saint-P\u00e9ray<\/strong>. Here, you will discover characterful wines, crafted with care and respect for the terroir.<\/p>\n<p>After the tasting, go for a <strong>small hike on the heights of Vercors<\/strong>. This viewpoint offers an <strong>exceptional panorama of the Rh\u00f4ne Valley and the surrounding vineyards<\/strong>.<\/p>\n<p>For lunch, settle in a wine bistro in <strong>Tournon-sur-Rh\u00f4ne<\/strong>, where you can <strong>enjoy local specialties<\/strong> such as Ard\u00e8che charcuterie, Dauphin\u00e9 ravioli, and Picodon, a delicious goat cheese.<\/p>\n<p>In the afternoon, head to <strong>Domaine Coursodon<\/strong>, one of the references of the <strong>Saint-Joseph<\/strong> appellation. This <strong>red wine, mainly made from Syrah<\/strong>, is known for its elegance and spicy aromas. End the day with a walk along the banks of the Rh\u00f4ne or a visit to the <strong>Ch\u00e2teau de Tournon<\/strong>.<\/p>\n<h3>Day 3: The Dr\u00f4me Proven\u00e7ale &#8211; Vinsobres and Grignan-les-Adh\u00e9mar<\/h3>\n<p>For the final day, head to discover the wines of <strong>Dr\u00f4me Proven\u00e7ale<\/strong>, starting with <strong>Vinsobres<\/strong>, about <strong>50 km from Camping Les Bastets<\/strong>, or <strong>50 minutes by car<\/strong>. This appellation exclusively produces <strong>powerful and elegant red wines<\/strong>, perfect for fans of full-bodied wines.<\/p>\n<p>The morning begins with a visit to <strong>Domaine Jaume<\/strong>, one of the pioneers of the <strong>AOC Vinsobres<\/strong>. After a great tasting, stop by <strong>Nyons<\/strong>, famous for its <strong>black olives and AOP olive oil<\/strong>. It\u2019s the perfect opportunity to discover another local craft and bring home some regional products.<\/p>\n<p>In the afternoon, head to <strong>Grignan<\/strong>, about <strong>30 km from Nyons<\/strong> (<strong>35 minutes by car<\/strong>). This village is dominated by the majestic <strong>Ch\u00e2teau de Madame de S\u00e9vign\u00e9<\/strong>. Before visiting this Renaissance jewel, enjoy a gourmet lunch at <strong>Clair de la Plume<\/strong>, a Michelin-starred restaurant that highlights local products.<\/p>\n<p>To end this wonderful day, stop at <strong>Ch\u00e2teau de la Borie<\/strong>, a <strong>certified organic vineyard<\/strong> producing fine and balanced wines under the <strong>Grignan-les-Adh\u00e9mar<\/strong> appellation.<\/p>\n<p><img decoding=\"async\" src=\"https:\/\/www.campinglesbastets.com\/wp-content\/uploads\/2025\/01\/decouverte-route-des-vins-drome.jpg\" alt=\"Discover the wine route in the Dr\u00f4me\" \/><\/p>\n<h2>Practical tips for a successful stay<\/h2>\n<p>To fully enjoy the <strong>Wine Route of the Dr\u00f4me<\/strong>, it is recommended to <strong>make reservations<\/strong> <strong>before visiting the estates<\/strong>, as some cellars only accept <strong>visits by reservation<\/strong>.<\/p>\n<p><strong>Wine tasting requires moderation<\/strong>, so it is advised to <strong>alternate between vineyard visits and outdoor activities<\/strong>, such as hikes or bike rides. If you want to taste several <a href=\"https:\/\/www.campinglesbastets.com\/en\/surroundings\/the-wines-of-drome\/\">wines from the Dr\u00f4me<\/a>, consider <strong>designating a driver<\/strong> or opting for a <strong>private transport service<\/strong>.<\/p>\n<p>Finally, <strong>bring a cooler to store the bottles you purchase and local products<\/strong> like cheese or olives.<\/p>\n<h2>Additional experiences not to be missed<\/h2>\n<p>To enhance your stay, several activities can be added to your program:<\/p>\n<ul>\n<li><strong>Wine-tasting workshop<\/strong> at an estate to learn how to better taste wines.<\/li>\n<li><strong>Electric bike ride<\/strong> through the vineyards with tasting stops.<\/li>\n<li><strong>Wine and cheese pairing tasting<\/strong>, to combine Dr\u00f4me wines with local specialties.<\/li>\n<li><strong>Hike in the Baronnies Proven\u00e7ales Natural Park<\/strong>, to admire the region\u2019s diverse landscapes.<\/li>\n<\/ul>\n<p>Thanks to this itinerary, you can discover the <strong>best wines of the Dr\u00f4me<\/strong> while enjoying a <a href=\"https:\/\/www.campinglesbastets.com\/en\/surroundings\/wine-tours-in-the-rhone-valley\/\">wine tourism stay in the Dr\u00f4me<\/a>. Between <strong>tastings, exceptional landscapes, and local gastronomy<\/strong>, this wine route promises an <strong>unforgettable experience<\/strong>.<\/p>\n<\/div><\/div><\/section>\n\n<section id=\"section-627e221593771\"\" class=\"section bg-white\" \/><div class=\"container extralarge\"><div class=\"element section-title center h2-like\">Set off to discover the Dr\u00f4me Proven\u00e7ale<\/div><ul class=\"liste-de-page\"><li class=\"element call-to-action carre call-to-action--style-1 call-to-action--big\"><a href=\"https:\/\/www.campinglesbastets.com\/en\/surroundings\/10-essential-activities-in-the-drome\/\"  class=\"call-to-action_link\" title=\"En savoir plus sur 10 must-do activities in the dr\u00f4me\"><div class=\"call-to-action_image\"><img decoding=\"async\" src=\"https:\/\/www.campinglesbastets.com\/wp-content\/uploads\/2022\/03\/visiter-palais-du-facteur-cheval.jpg\" data-src=\"https:\/\/www.campinglesbastets.com\/wp-content\/uploads\/2022\/03\/visiter-palais-du-facteur-cheval.jpg\" alt=\"visiter palais du facteur cheval\" class=\"big\" \/><\/div><div class=\"call-to-action_contenu\"><div class=\"call-to-action_titre\">10 must-do activities in the Dr\u00f4me<\/div><\/div><\/a><\/li><li class=\"element call-to-action carre call-to-action--style-1 call-to-action--big call-to-action--style-1 call-to-action--big\"><a href=\"https:\/\/www.campinglesbastets.com\/en\/surroundings\/the-most-beautiful-villages-of-france-in-the-drome\/\"  class=\"call-to-action_link\" title=\"En savoir plus sur the most beautiful villages of the dr\u00f4me\"><div class=\"call-to-action_image\"><img decoding=\"async\" src=\"https:\/\/www.campinglesbastets.com\/wp-content\/uploads\/2022\/03\/decouvrir-la-drome.jpg\" data-src=\"https:\/\/www.campinglesbastets.com\/wp-content\/uploads\/2022\/03\/decouvrir-la-drome.jpg\" alt=\"decouvrir la drome\" class=\"big\" \/><\/div><div class=\"call-to-action_contenu\"><div class=\"call-to-action_titre\">The most beautiful villages of the Dr\u00f4me<\/div><\/div><\/a><\/li><li class=\"element call-to-action carre call-to-action--style-1 call-to-action--big call-to-action--style-1 call-to-action--big call-to-action--style-1 call-to-action--big\"><a href=\"https:\/\/www.campinglesbastets.com\/en\/surroundings\/discovering-drome-on-a-bike\/\"  class=\"call-to-action_link\" title=\"En savoir plus sur dr\u00f4me by bike\"><div class=\"call-to-action_image\"><img decoding=\"async\" src=\"https:\/\/www.campinglesbastets.com\/wp-content\/uploads\/2022\/03\/decouvrir-la-drome-a-velo.jpg\" data-src=\"https:\/\/www.campinglesbastets.com\/wp-content\/uploads\/2022\/03\/decouvrir-la-drome-a-velo.jpg\" alt=\"decouvrir la drome a velo\" class=\"big\" \/><\/div><div class=\"call-to-action_contenu\"><div class=\"call-to-action_titre\">Dr\u00f4me by bike<\/div><\/div><\/a><\/li><li class=\"element call-to-action carre call-to-action--style-1 call-to-action--big call-to-action--style-1 call-to-action--big call-to-action--style-1 call-to-action--big call-to-action--style-1 call-to-action--big\"><a href=\"https:\/\/www.campinglesbastets.com\/en\/surroundings\/back-to-nature-the-french-vercors\/\"  class=\"call-to-action_link\" title=\"En savoir plus sur vercors natural park\"><div class=\"call-to-action_image\"><img decoding=\"async\" src=\"https:\/\/www.campinglesbastets.com\/wp-content\/uploads\/2022\/03\/balades-parc-vercors.jpg\" data-src=\"https:\/\/www.campinglesbastets.com\/wp-content\/uploads\/2022\/03\/balades-parc-vercors.jpg\" alt=\"balades parc vercors\" class=\"big\" \/><\/div><div class=\"call-to-action_contenu\"><div class=\"call-to-action_titre\">Vercors Natural Park<\/div><\/div><\/a><\/li><li class=\"element call-to-action carre call-to-action--style-1 call-to-action--big call-to-action--style-1 call-to-action--big call-to-action--style-1 call-to-action--big call-to-action--style-1 call-to-action--big call-to-action--style-1 call-to-action--big\"><a href=\"https:\/\/www.campinglesbastets.com\/en\/surroundings\/hikes\/\"  class=\"call-to-action_link\" title=\"En savoir plus sur walks in the dr\u00f4me\"><div class=\"call-to-action_image\"><img decoding=\"async\" src=\"https:\/\/www.campinglesbastets.com\/wp-content\/uploads\/2022\/03\/balade-drome.jpg\" data-src=\"https:\/\/www.campinglesbastets.com\/wp-content\/uploads\/2022\/03\/balade-drome.jpg\" alt=\"balade drome\" class=\"big\" \/><\/div><div class=\"call-to-action_contenu\"><div class=\"call-to-action_titre\">Walks in the Dr\u00f4me<\/div><\/div><\/a><\/li><li class=\"element call-to-action carre call-to-action--style-1 call-to-action--big call-to-action--style-1 call-to-action--big call-to-action--style-1 call-to-action--big call-to-action--style-1 call-to-action--big call-to-action--style-1 call-to-action--big call-to-action--style-1 call-to-action--big\"><a href=\"https:\/\/www.campinglesbastets.com\/en\/surroundings\/discovering-montelimar\/\"  class=\"call-to-action_link\" title=\"En savoir plus sur mont\u00e9limar\"><div class=\"call-to-action_image\"><img decoding=\"async\" src=\"https:\/\/www.campinglesbastets.com\/wp-content\/uploads\/2022\/03\/visiter-montelimar.jpg\" data-src=\"https:\/\/www.campinglesbastets.com\/wp-content\/uploads\/2022\/03\/visiter-montelimar.jpg\" alt=\"visiter montelimar\" class=\"big\" \/><\/div><div class=\"call-to-action_contenu\"><div class=\"call-to-action_titre\">Mont\u00e9limar<\/div><\/div><\/a><\/li><\/ul><\/div><\/section>","protected":false},"excerpt":{"rendered":"","protected":false},"author":2,"featured_media":15022,"parent":9704,"menu_order":0,"comment_status":"closed","ping_status":"closed","template":"","meta":{"_acf_changed":false,"footnotes":""},"class_list":["post-15043","page","type-page","status-publish","has-post-thumbnail","hentry"],"acf":[],"yoast_head":"<!-- This site is optimized with the Yoast SEO plugin v25.3 - https:\/\/yoast.com\/wordpress\/plugins\/seo\/ -->\n<title>Wine Route of the Dr\u00f4me: Discover Exceptional Vineyards and Terroirs<\/title>\n<meta name=\"description\" content=\"Discover the Wine Route of the Dr\u00f4me: a journey to the heart of the Dr\u00f4me vineyards. Taste exceptional wines, from Hermitage to Ch\u00e2teauneuf-du-Pape!\" \/>\n<meta name=\"robots\" content=\"index, follow, max-snippet:-1, max-image-preview:large, max-video-preview:-1\" \/>\n<link rel=\"canonical\" href=\"https:\/\/www.campinglesbastets.com\/en\/surroundings\/routes-des-vins-drome\/\" \/>\n<meta property=\"og:locale\" content=\"en_US\" \/>\n<meta property=\"og:type\" content=\"article\" \/>\n<meta property=\"og:title\" content=\"Wine Route of the Dr\u00f4me: Discover Exceptional Vineyards and Terroirs\" \/>\n<meta property=\"og:description\" content=\"Discover the Wine Route of the Dr\u00f4me: a journey to the heart of the Dr\u00f4me vineyards. Taste exceptional wines, from Hermitage to Ch\u00e2teauneuf-du-Pape!\" \/>\n<meta property=\"og:url\" content=\"https:\/\/www.campinglesbastets.com\/en\/surroundings\/routes-des-vins-drome\/\" \/>\n<meta property=\"og:site_name\" content=\"Camping Les Bastets\" \/>\n<meta property=\"article:modified_time\" content=\"2025-03-12T09:53:00+00:00\" \/>\n<meta property=\"og:image\" content=\"https:\/\/www.campinglesbastets.com\/wp-content\/uploads\/2025\/01\/route-vins-drome.jpg\" \/>\n\t<meta property=\"og:image:width\" content=\"1480\" \/>\n\t<meta property=\"og:image:height\" content=\"680\" \/>\n\t<meta property=\"og:image:type\" content=\"image\/jpeg\" \/>\n<meta name=\"twitter:card\" content=\"summary_large_image\" \/>\n<meta name=\"twitter:label1\" content=\"Est. reading time\" \/>\n\t<meta name=\"twitter:data1\" content=\"1 minute\" \/>\n<script type=\"application\/ld+json\" class=\"yoast-schema-graph\">{\"@context\":\"https:\/\/schema.org\",\"@graph\":[{\"@type\":\"WebPage\",\"@id\":\"https:\/\/www.campinglesbastets.com\/en\/surroundings\/routes-des-vins-drome\/\",\"url\":\"https:\/\/www.campinglesbastets.com\/en\/surroundings\/routes-des-vins-drome\/\",\"name\":\"Wine Route of the Dr\u00f4me: Discover Exceptional Vineyards and Terroirs\",\"isPartOf\":{\"@id\":\"https:\/\/www.campinglesbastets.com\/en\/#website\"},\"primaryImageOfPage\":{\"@id\":\"https:\/\/www.campinglesbastets.com\/en\/surroundings\/routes-des-vins-drome\/#primaryimage\"},\"image\":{\"@id\":\"https:\/\/www.campinglesbastets.com\/en\/surroundings\/routes-des-vins-drome\/#primaryimage\"},\"thumbnailUrl\":\"https:\/\/www.campinglesbastets.com\/wp-content\/uploads\/2025\/01\/route-vins-drome.jpg\",\"datePublished\":\"2025-01-31T13:09:49+00:00\",\"dateModified\":\"2025-03-12T09:53:00+00:00\",\"description\":\"Discover the Wine Route of the Dr\u00f4me: a journey to the heart of the Dr\u00f4me vineyards. Taste exceptional wines, from Hermitage to Ch\u00e2teauneuf-du-Pape!\",\"breadcrumb\":{\"@id\":\"https:\/\/www.campinglesbastets.com\/en\/surroundings\/routes-des-vins-drome\/#breadcrumb\"},\"inLanguage\":\"en-US\",\"potentialAction\":[{\"@type\":\"ReadAction\",\"target\":[\"https:\/\/www.campinglesbastets.com\/en\/surroundings\/routes-des-vins-drome\/\"]}]},{\"@type\":\"ImageObject\",\"inLanguage\":\"en-US\",\"@id\":\"https:\/\/www.campinglesbastets.com\/en\/surroundings\/routes-des-vins-drome\/#primaryimage\",\"url\":\"https:\/\/www.campinglesbastets.com\/wp-content\/uploads\/2025\/01\/route-vins-drome.jpg\",\"contentUrl\":\"https:\/\/www.campinglesbastets.com\/wp-content\/uploads\/2025\/01\/route-vins-drome.jpg\",\"width\":1480,\"height\":680,\"caption\":\"La route des vins en Dr\u00f4me\"},{\"@type\":\"BreadcrumbList\",\"@id\":\"https:\/\/www.campinglesbastets.com\/en\/surroundings\/routes-des-vins-drome\/#breadcrumb\",\"itemListElement\":[{\"@type\":\"ListItem\",\"position\":1,\"name\":\"Camping Dr\u00f4me\",\"item\":\"https:\/\/www.campinglesbastets.com\/en\/\"},{\"@type\":\"ListItem\",\"position\":2,\"name\":\"TOURISM IN THE DR\u00d4ME PROVEN\u00c7ALE\",\"item\":\"https:\/\/www.campinglesbastets.com\/en\/surroundings\/\"},{\"@type\":\"ListItem\",\"position\":3,\"name\":\"Discover the wine route in the Dr\u00f4me\"}]},{\"@type\":\"WebSite\",\"@id\":\"https:\/\/www.campinglesbastets.com\/en\/#website\",\"url\":\"https:\/\/www.campinglesbastets.com\/en\/\",\"name\":\"Camping Les Bastets\",\"description\":\"\",\"publisher\":{\"@id\":\"https:\/\/www.campinglesbastets.com\/en\/#organization\"},\"potentialAction\":[{\"@type\":\"SearchAction\",\"target\":{\"@type\":\"EntryPoint\",\"urlTemplate\":\"https:\/\/www.campinglesbastets.com\/en\/?s={search_term_string}\"},\"query-input\":{\"@type\":\"PropertyValueSpecification\",\"valueRequired\":true,\"valueName\":\"search_term_string\"}}],\"inLanguage\":\"en-US\"},{\"@type\":\"Organization\",\"@id\":\"https:\/\/www.campinglesbastets.com\/en\/#organization\",\"name\":\"Camping Les Bastets\",\"url\":\"https:\/\/www.campinglesbastets.com\/en\/\",\"logo\":{\"@type\":\"ImageObject\",\"inLanguage\":\"en-US\",\"@id\":\"https:\/\/www.campinglesbastets.com\/en\/#\/schema\/logo\/image\/\",\"url\":\"https:\/\/www.campinglesbastets.com\/wp-content\/uploads\/2022\/02\/favicon-1.png\",\"contentUrl\":\"https:\/\/www.campinglesbastets.com\/wp-content\/uploads\/2022\/02\/favicon-1.png\",\"width\":1423,\"height\":1423,\"caption\":\"Camping Les Bastets\"},\"image\":{\"@id\":\"https:\/\/www.campinglesbastets.com\/en\/#\/schema\/logo\/image\/\"}}]}<\/script>\n<!-- \/ Yoast SEO plugin. -->","yoast_head_json":{"title":"Wine Route of the Dr\u00f4me: Discover Exceptional Vineyards and Terroirs","description":"Discover the Wine Route of the Dr\u00f4me: a journey to the heart of the Dr\u00f4me vineyards. Taste exceptional wines, from Hermitage to Ch\u00e2teauneuf-du-Pape!","robots":{"index":"index","follow":"follow","max-snippet":"max-snippet:-1","max-image-preview":"max-image-preview:large","max-video-preview":"max-video-preview:-1"},"canonical":"https:\/\/www.campinglesbastets.com\/en\/surroundings\/routes-des-vins-drome\/","og_locale":"en_US","og_type":"article","og_title":"Wine Route of the Dr\u00f4me: Discover Exceptional Vineyards and Terroirs","og_description":"Discover the Wine Route of the Dr\u00f4me: a journey to the heart of the Dr\u00f4me vineyards. Taste exceptional wines, from Hermitage to Ch\u00e2teauneuf-du-Pape!","og_url":"https:\/\/www.campinglesbastets.com\/en\/surroundings\/routes-des-vins-drome\/","og_site_name":"Camping Les Bastets","article_modified_time":"2025-03-12T09:53:00+00:00","og_image":[{"width":1480,"height":680,"url":"https:\/\/www.campinglesbastets.com\/wp-content\/uploads\/2025\/01\/route-vins-drome.jpg","type":"image\/jpeg"}],"twitter_card":"summary_large_image","twitter_misc":{"Est. reading time":"1 minute"},"schema":{"@context":"https:\/\/schema.org","@graph":[{"@type":"WebPage","@id":"https:\/\/www.campinglesbastets.com\/en\/surroundings\/routes-des-vins-drome\/","url":"https:\/\/www.campinglesbastets.com\/en\/surroundings\/routes-des-vins-drome\/","name":"Wine Route of the Dr\u00f4me: Discover Exceptional Vineyards and Terroirs","isPartOf":{"@id":"https:\/\/www.campinglesbastets.com\/en\/#website"},"primaryImageOfPage":{"@id":"https:\/\/www.campinglesbastets.com\/en\/surroundings\/routes-des-vins-drome\/#primaryimage"},"image":{"@id":"https:\/\/www.campinglesbastets.com\/en\/surroundings\/routes-des-vins-drome\/#primaryimage"},"thumbnailUrl":"https:\/\/www.campinglesbastets.com\/wp-content\/uploads\/2025\/01\/route-vins-drome.jpg","datePublished":"2025-01-31T13:09:49+00:00","dateModified":"2025-03-12T09:53:00+00:00","description":"Discover the Wine Route of the Dr\u00f4me: a journey to the heart of the Dr\u00f4me vineyards. Taste exceptional wines, from Hermitage to Ch\u00e2teauneuf-du-Pape!","breadcrumb":{"@id":"https:\/\/www.campinglesbastets.com\/en\/surroundings\/routes-des-vins-drome\/#breadcrumb"},"inLanguage":"en-US","potentialAction":[{"@type":"ReadAction","target":["https:\/\/www.campinglesbastets.com\/en\/surroundings\/routes-des-vins-drome\/"]}]},{"@type":"ImageObject","inLanguage":"en-US","@id":"https:\/\/www.campinglesbastets.com\/en\/surroundings\/routes-des-vins-drome\/#primaryimage","url":"https:\/\/www.campinglesbastets.com\/wp-content\/uploads\/2025\/01\/route-vins-drome.jpg","contentUrl":"https:\/\/www.campinglesbastets.com\/wp-content\/uploads\/2025\/01\/route-vins-drome.jpg","width":1480,"height":680,"caption":"La route des vins en Dr\u00f4me"},{"@type":"BreadcrumbList","@id":"https:\/\/www.campinglesbastets.com\/en\/surroundings\/routes-des-vins-drome\/#breadcrumb","itemListElement":[{"@type":"ListItem","position":1,"name":"Camping Dr\u00f4me","item":"https:\/\/www.campinglesbastets.com\/en\/"},{"@type":"ListItem","position":2,"name":"TOURISM IN THE DR\u00d4ME PROVEN\u00c7ALE","item":"https:\/\/www.campinglesbastets.com\/en\/surroundings\/"},{"@type":"ListItem","position":3,"name":"Discover the wine route in the Dr\u00f4me"}]},{"@type":"WebSite","@id":"https:\/\/www.campinglesbastets.com\/en\/#website","url":"https:\/\/www.campinglesbastets.com\/en\/","name":"Camping Les Bastets","description":"","publisher":{"@id":"https:\/\/www.campinglesbastets.com\/en\/#organization"},"potentialAction":[{"@type":"SearchAction","target":{"@type":"EntryPoint","urlTemplate":"https:\/\/www.campinglesbastets.com\/en\/?s={search_term_string}"},"query-input":{"@type":"PropertyValueSpecification","valueRequired":true,"valueName":"search_term_string"}}],"inLanguage":"en-US"},{"@type":"Organization","@id":"https:\/\/www.campinglesbastets.com\/en\/#organization","name":"Camping Les Bastets","url":"https:\/\/www.campinglesbastets.com\/en\/","logo":{"@type":"ImageObject","inLanguage":"en-US","@id":"https:\/\/www.campinglesbastets.com\/en\/#\/schema\/logo\/image\/","url":"https:\/\/www.campinglesbastets.com\/wp-content\/uploads\/2022\/02\/favicon-1.png","contentUrl":"https:\/\/www.campinglesbastets.com\/wp-content\/uploads\/2022\/02\/favicon-1.png","width":1423,"height":1423,"caption":"Camping Les Bastets"},"image":{"@id":"https:\/\/www.campinglesbastets.com\/en\/#\/schema\/logo\/image\/"}}]}},"_links":{"self":[{"href":"https:\/\/www.campinglesbastets.com\/en\/wp-json\/wp\/v2\/pages\/15043","targetHints":{"allow":["GET"]}}],"collection":[{"href":"https:\/\/www.campinglesbastets.com\/en\/wp-json\/wp\/v2\/pages"}],"about":[{"href":"https:\/\/www.campinglesbastets.com\/en\/wp-json\/wp\/v2\/types\/page"}],"author":[{"embeddable":true,"href":"https:\/\/www.campinglesbastets.com\/en\/wp-json\/wp\/v2\/users\/2"}],"replies":[{"embeddable":true,"href":"https:\/\/www.campinglesbastets.com\/en\/wp-json\/wp\/v2\/comments?post=15043"}],"version-history":[{"count":5,"href":"https:\/\/www.campinglesbastets.com\/en\/wp-json\/wp\/v2\/pages\/15043\/revisions"}],"predecessor-version":[{"id":15226,"href":"https:\/\/www.campinglesbastets.com\/en\/wp-json\/wp\/v2\/pages\/15043\/revisions\/15226"}],"up":[{"embeddable":true,"href":"https:\/\/www.campinglesbastets.com\/en\/wp-json\/wp\/v2\/pages\/9704"}],"wp:featuredmedia":[{"embeddable":true,"href":"https:\/\/www.campinglesbastets.com\/en\/wp-json\/wp\/v2\/media\/15022"}],"wp:attachment":[{"href":"https:\/\/www.campinglesbastets.com\/en\/wp-json\/wp\/v2\/media?parent=15043"}],"curies":[{"name":"wp","href":"https:\/\/api.w.org\/{rel}","templated":true}]}}