{"id":13468,"date":"2023-12-11T11:16:47","date_gmt":"2023-12-11T10:16:47","guid":{"rendered":"https:\/\/www.campinglesbastets.com\/?page_id=13468"},"modified":"2023-12-11T11:18:25","modified_gmt":"2023-12-11T10:18:25","slug":"drome-provencale-olive-oil","status":"publish","type":"page","link":"https:\/\/www.campinglesbastets.com\/en\/surroundings\/drome-provencale-olive-oil\/","title":{"rendered":"Dr\u00f4me Proven\u00e7ale Olive Oil"},"content":{"rendered":"<section id=\"section-6576e1f07c21a\"\" class=\"section bg-white\" \/><div class=\"container\"><h1 class=\"element section-title justify\">Dr\u00f4me Proven\u00e7ale Olive Oil<\/h1><div class=\"element bloc-text justify \">\n\t<p>Ahh Provence! This magnificent region is home to so many beautiful towns. Visitors love the Saint-May Gorges and the <strong class=\"bold color1\">exceptional olive oils<\/strong> in Nyons. In fact, Nyons AOP olive oils are among the best products in France. Why not make the most of your stay at <a href=\"https:\/\/www.campinglesbastets.com\/en\/\">Les Bastets campsite<\/a> and taste the famous <strong class=\"bold color1\">Dr\u00f4me Proven\u00e7ale olive oil<\/strong>?<\/p>\n<h2>About the Famous Nyons Olive Oil<\/h2>\n<p>Welcome to the north of Provence! Nyons and the Baronnies proven\u00e7ales, home of the olive tree. Tanche olives are grown on this exceptional land, a species found nowhere else in the world. Dark and wrinkled, they are just as delicious in oils as they are in sweets. For now, we&#8217;ll take you on a <strong class=\"bold color1\">tour of the famous Nyons AOP olive oils<\/strong>.<\/p>\n<h3>A Little History<\/h3>\n<p>The love affair between Nyons AOP olive oil and the Dr\u00f4me proven\u00e7ale goes back over 2,000 years. But everything changed in 1956 when a severe frost decimated half the orchards. Fortunately, olive-growing soon resumed in the region (1957). In 1968, Dr\u00f4me proven\u00e7ale olive oil was awarded the <strong class=\"bold color1\">Protected Appellation of Origin (AOP)<\/strong>, followed by the <strong class=\"bold color1\">Controlled Appellation of Origin (AOC)<\/strong> in 1994.<\/p>\n<h3>An Exquisite Taste<\/h3>\n<p>Nyons AOP olive oil has <strong class=\"bold color1\">an extremely mild, fruity taste<\/strong>. It reveals aromas of herbs, almonds, butter and apple, with spicy tones and a slight hint of bitterness on the finish&#8230; This unique flavour comes from the endemic olives of the Dr\u00f4me proven\u00e7ale. No wonder <strong class=\"bold color1\">Nyons AOP olive oil<\/strong> is one of the best in France!<\/p>\n<h3>An Exceptional Land<\/h3>\n<p>Are you planning to <a href=\"https:\/\/www.campinglesbastets.com\/en\/surroundings\/\">visit the Dr\u00f4me proven\u00e7ale<\/a>? Make Nyons one of your must-see destinations! This pretty green town hides a real treasure: <strong class=\"bold color1\">Tanche olives<\/strong>, source of the famous Nyons AOP olive oil.<br \/>\nThe Nyons AOP covers a very specific area, encompassing <strong class=\"bold color1\">the Dr\u00f4me and Haute-Provence regions<\/strong>. The production area is characterised by rugged terrain, south-easterly exposure, an average altitude of 400 metres and a Mediterranean climate. All of these conditions are required to grow Tanche olives.<br \/>\nAn Oil Like No Other<br \/>\nCertified organic <strong class=\"bold color1\">Dr\u00f4me proven\u00e7ale olive oil<\/strong> has its own unique characteristics. When they reach maturity, Tanche olives are harvested by hand and delivered to the mill. This is where the magic happens, using mechanical pressing without heating. Then, to preserve the flavour of the olives, they are stored in stainless steel vats.<br \/>\nThe result is a <strong class=\"bold color1\">gourmet olive oil<\/strong>, rich in antioxidants and monounsaturated fatty acids&#8230; And there&#8217;s <strong class=\"bold color1\">something for everyone<\/strong>: AOP Provence extra virgin olive oil, AOP Vall\u00e9e de Baux extra virgin olive oil, cold extracted olive oil, and more.<br \/>\nThe icing on the cake is that Nyons AOP organic olive oil goes well with practically all wines (red, ros\u00e9, white, etc.) and all dishes (salads, soups, saut\u00e9ed vegetables, grilled meats, etc.). This makes it an essential condiment in the kitchen.<\/p>\n<h2>Visit the Olive Oil Mill: An Immersive Experience<\/h2>\n<p>During a <strong class=\"bold color1\">visit to the Nyons olive oil mill<\/strong>, you can taste AOP olive oil, jewel of Provence! For just 3.5 euros\/person, come and discover this unique tradition of the Dr\u00f4me proven\u00e7ale: production of Nyons Extra Virgin Olive Oil. At the end of your visit, don&#8217;t forget to stop at the shop and stock up on local products. The famous <strong class=\"bold color1\">Dr\u00f4me Proven\u00e7ale olive oil<\/strong> awaits you!<\/p>\n<\/div><\/div><\/section>","protected":false},"excerpt":{"rendered":"","protected":false},"author":2,"featured_media":13455,"parent":9704,"menu_order":0,"comment_status":"closed","ping_status":"closed","template":"","meta":{"_acf_changed":false,"footnotes":""},"class_list":["post-13468","page","type-page","status-publish","has-post-thumbnail","hentry"],"acf":[],"yoast_head":"<!-- This site is optimized with the Yoast SEO plugin v25.3 - https:\/\/yoast.com\/wordpress\/plugins\/seo\/ -->\n<title>Dr\u00f4me Proven\u00e7ale Olive Oil: The Nyons Olive<\/title>\n<meta name=\"description\" content=\"Be sure to taste the famous Dr\u00f4me Proven\u00e7ale olive oil when you stay at Les Bastets! Here, we tell you all about it!\" \/>\n<meta name=\"robots\" content=\"index, follow, max-snippet:-1, max-image-preview:large, max-video-preview:-1\" \/>\n<link rel=\"canonical\" href=\"https:\/\/www.campinglesbastets.com\/en\/surroundings\/drome-provencale-olive-oil\/\" \/>\n<meta property=\"og:locale\" content=\"en_US\" \/>\n<meta property=\"og:type\" content=\"article\" \/>\n<meta property=\"og:title\" content=\"Dr\u00f4me Proven\u00e7ale Olive Oil: The Nyons Olive\" \/>\n<meta property=\"og:description\" content=\"Be sure to taste the famous Dr\u00f4me Proven\u00e7ale olive oil when you stay at Les Bastets! Here, we tell you all about it!\" \/>\n<meta property=\"og:url\" content=\"https:\/\/www.campinglesbastets.com\/en\/surroundings\/drome-provencale-olive-oil\/\" \/>\n<meta property=\"og:site_name\" content=\"Camping Les Bastets\" \/>\n<meta property=\"article:modified_time\" content=\"2023-12-11T10:18:25+00:00\" \/>\n<meta property=\"og:image\" content=\"https:\/\/www.campinglesbastets.com\/wp-content\/uploads\/2023\/12\/huile-d-olive-de-drome-provencale.jpg\" \/>\n\t<meta property=\"og:image:width\" content=\"1900\" \/>\n\t<meta property=\"og:image:height\" content=\"700\" \/>\n\t<meta property=\"og:image:type\" content=\"image\/jpeg\" \/>\n<meta name=\"twitter:card\" content=\"summary_large_image\" \/>\n<script type=\"application\/ld+json\" class=\"yoast-schema-graph\">{\"@context\":\"https:\/\/schema.org\",\"@graph\":[{\"@type\":\"WebPage\",\"@id\":\"https:\/\/www.campinglesbastets.com\/en\/surroundings\/drome-provencale-olive-oil\/\",\"url\":\"https:\/\/www.campinglesbastets.com\/en\/surroundings\/drome-provencale-olive-oil\/\",\"name\":\"Dr\u00f4me Proven\u00e7ale Olive Oil: The Nyons Olive\",\"isPartOf\":{\"@id\":\"https:\/\/www.campinglesbastets.com\/en\/#website\"},\"primaryImageOfPage\":{\"@id\":\"https:\/\/www.campinglesbastets.com\/en\/surroundings\/drome-provencale-olive-oil\/#primaryimage\"},\"image\":{\"@id\":\"https:\/\/www.campinglesbastets.com\/en\/surroundings\/drome-provencale-olive-oil\/#primaryimage\"},\"thumbnailUrl\":\"https:\/\/www.campinglesbastets.com\/wp-content\/uploads\/2023\/12\/huile-d-olive-de-drome-provencale.jpg\",\"datePublished\":\"2023-12-11T10:16:47+00:00\",\"dateModified\":\"2023-12-11T10:18:25+00:00\",\"description\":\"Be sure to taste the famous Dr\u00f4me Proven\u00e7ale olive oil when you stay at Les Bastets! Here, we tell you all about it!\",\"breadcrumb\":{\"@id\":\"https:\/\/www.campinglesbastets.com\/en\/surroundings\/drome-provencale-olive-oil\/#breadcrumb\"},\"inLanguage\":\"en-US\",\"potentialAction\":[{\"@type\":\"ReadAction\",\"target\":[\"https:\/\/www.campinglesbastets.com\/en\/surroundings\/drome-provencale-olive-oil\/\"]}]},{\"@type\":\"ImageObject\",\"inLanguage\":\"en-US\",\"@id\":\"https:\/\/www.campinglesbastets.com\/en\/surroundings\/drome-provencale-olive-oil\/#primaryimage\",\"url\":\"https:\/\/www.campinglesbastets.com\/wp-content\/uploads\/2023\/12\/huile-d-olive-de-drome-provencale.jpg\",\"contentUrl\":\"https:\/\/www.campinglesbastets.com\/wp-content\/uploads\/2023\/12\/huile-d-olive-de-drome-provencale.jpg\",\"width\":1900,\"height\":700,\"caption\":\"Huile d\u2019olive de Dr\u00f4me proven\u00e7ale\"},{\"@type\":\"BreadcrumbList\",\"@id\":\"https:\/\/www.campinglesbastets.com\/en\/surroundings\/drome-provencale-olive-oil\/#breadcrumb\",\"itemListElement\":[{\"@type\":\"ListItem\",\"position\":1,\"name\":\"Camping Dr\u00f4me\",\"item\":\"https:\/\/www.campinglesbastets.com\/en\/\"},{\"@type\":\"ListItem\",\"position\":2,\"name\":\"TOURISM IN THE DR\u00d4ME PROVEN\u00c7ALE\",\"item\":\"https:\/\/www.campinglesbastets.com\/en\/surroundings\/\"},{\"@type\":\"ListItem\",\"position\":3,\"name\":\"Dr\u00f4me Proven\u00e7ale Olive Oil\"}]},{\"@type\":\"WebSite\",\"@id\":\"https:\/\/www.campinglesbastets.com\/en\/#website\",\"url\":\"https:\/\/www.campinglesbastets.com\/en\/\",\"name\":\"Camping Les Bastets\",\"description\":\"\",\"publisher\":{\"@id\":\"https:\/\/www.campinglesbastets.com\/en\/#organization\"},\"potentialAction\":[{\"@type\":\"SearchAction\",\"target\":{\"@type\":\"EntryPoint\",\"urlTemplate\":\"https:\/\/www.campinglesbastets.com\/en\/?s={search_term_string}\"},\"query-input\":{\"@type\":\"PropertyValueSpecification\",\"valueRequired\":true,\"valueName\":\"search_term_string\"}}],\"inLanguage\":\"en-US\"},{\"@type\":\"Organization\",\"@id\":\"https:\/\/www.campinglesbastets.com\/en\/#organization\",\"name\":\"Camping Les Bastets\",\"url\":\"https:\/\/www.campinglesbastets.com\/en\/\",\"logo\":{\"@type\":\"ImageObject\",\"inLanguage\":\"en-US\",\"@id\":\"https:\/\/www.campinglesbastets.com\/en\/#\/schema\/logo\/image\/\",\"url\":\"https:\/\/www.campinglesbastets.com\/wp-content\/uploads\/2022\/02\/favicon-1.png\",\"contentUrl\":\"https:\/\/www.campinglesbastets.com\/wp-content\/uploads\/2022\/02\/favicon-1.png\",\"width\":1423,\"height\":1423,\"caption\":\"Camping Les Bastets\"},\"image\":{\"@id\":\"https:\/\/www.campinglesbastets.com\/en\/#\/schema\/logo\/image\/\"}}]}<\/script>\n<!-- \/ Yoast SEO plugin. -->","yoast_head_json":{"title":"Dr\u00f4me Proven\u00e7ale Olive Oil: The Nyons Olive","description":"Be sure to taste the famous Dr\u00f4me Proven\u00e7ale olive oil when you stay at Les Bastets! Here, we tell you all about it!","robots":{"index":"index","follow":"follow","max-snippet":"max-snippet:-1","max-image-preview":"max-image-preview:large","max-video-preview":"max-video-preview:-1"},"canonical":"https:\/\/www.campinglesbastets.com\/en\/surroundings\/drome-provencale-olive-oil\/","og_locale":"en_US","og_type":"article","og_title":"Dr\u00f4me Proven\u00e7ale Olive Oil: The Nyons Olive","og_description":"Be sure to taste the famous Dr\u00f4me Proven\u00e7ale olive oil when you stay at Les Bastets! Here, we tell you all about it!","og_url":"https:\/\/www.campinglesbastets.com\/en\/surroundings\/drome-provencale-olive-oil\/","og_site_name":"Camping Les Bastets","article_modified_time":"2023-12-11T10:18:25+00:00","og_image":[{"width":1900,"height":700,"url":"https:\/\/www.campinglesbastets.com\/wp-content\/uploads\/2023\/12\/huile-d-olive-de-drome-provencale.jpg","type":"image\/jpeg"}],"twitter_card":"summary_large_image","schema":{"@context":"https:\/\/schema.org","@graph":[{"@type":"WebPage","@id":"https:\/\/www.campinglesbastets.com\/en\/surroundings\/drome-provencale-olive-oil\/","url":"https:\/\/www.campinglesbastets.com\/en\/surroundings\/drome-provencale-olive-oil\/","name":"Dr\u00f4me Proven\u00e7ale Olive Oil: The Nyons Olive","isPartOf":{"@id":"https:\/\/www.campinglesbastets.com\/en\/#website"},"primaryImageOfPage":{"@id":"https:\/\/www.campinglesbastets.com\/en\/surroundings\/drome-provencale-olive-oil\/#primaryimage"},"image":{"@id":"https:\/\/www.campinglesbastets.com\/en\/surroundings\/drome-provencale-olive-oil\/#primaryimage"},"thumbnailUrl":"https:\/\/www.campinglesbastets.com\/wp-content\/uploads\/2023\/12\/huile-d-olive-de-drome-provencale.jpg","datePublished":"2023-12-11T10:16:47+00:00","dateModified":"2023-12-11T10:18:25+00:00","description":"Be sure to taste the famous Dr\u00f4me Proven\u00e7ale olive oil when you stay at Les Bastets! Here, we tell you all about it!","breadcrumb":{"@id":"https:\/\/www.campinglesbastets.com\/en\/surroundings\/drome-provencale-olive-oil\/#breadcrumb"},"inLanguage":"en-US","potentialAction":[{"@type":"ReadAction","target":["https:\/\/www.campinglesbastets.com\/en\/surroundings\/drome-provencale-olive-oil\/"]}]},{"@type":"ImageObject","inLanguage":"en-US","@id":"https:\/\/www.campinglesbastets.com\/en\/surroundings\/drome-provencale-olive-oil\/#primaryimage","url":"https:\/\/www.campinglesbastets.com\/wp-content\/uploads\/2023\/12\/huile-d-olive-de-drome-provencale.jpg","contentUrl":"https:\/\/www.campinglesbastets.com\/wp-content\/uploads\/2023\/12\/huile-d-olive-de-drome-provencale.jpg","width":1900,"height":700,"caption":"Huile d\u2019olive de Dr\u00f4me proven\u00e7ale"},{"@type":"BreadcrumbList","@id":"https:\/\/www.campinglesbastets.com\/en\/surroundings\/drome-provencale-olive-oil\/#breadcrumb","itemListElement":[{"@type":"ListItem","position":1,"name":"Camping Dr\u00f4me","item":"https:\/\/www.campinglesbastets.com\/en\/"},{"@type":"ListItem","position":2,"name":"TOURISM IN THE DR\u00d4ME PROVEN\u00c7ALE","item":"https:\/\/www.campinglesbastets.com\/en\/surroundings\/"},{"@type":"ListItem","position":3,"name":"Dr\u00f4me Proven\u00e7ale Olive Oil"}]},{"@type":"WebSite","@id":"https:\/\/www.campinglesbastets.com\/en\/#website","url":"https:\/\/www.campinglesbastets.com\/en\/","name":"Camping Les Bastets","description":"","publisher":{"@id":"https:\/\/www.campinglesbastets.com\/en\/#organization"},"potentialAction":[{"@type":"SearchAction","target":{"@type":"EntryPoint","urlTemplate":"https:\/\/www.campinglesbastets.com\/en\/?s={search_term_string}"},"query-input":{"@type":"PropertyValueSpecification","valueRequired":true,"valueName":"search_term_string"}}],"inLanguage":"en-US"},{"@type":"Organization","@id":"https:\/\/www.campinglesbastets.com\/en\/#organization","name":"Camping Les Bastets","url":"https:\/\/www.campinglesbastets.com\/en\/","logo":{"@type":"ImageObject","inLanguage":"en-US","@id":"https:\/\/www.campinglesbastets.com\/en\/#\/schema\/logo\/image\/","url":"https:\/\/www.campinglesbastets.com\/wp-content\/uploads\/2022\/02\/favicon-1.png","contentUrl":"https:\/\/www.campinglesbastets.com\/wp-content\/uploads\/2022\/02\/favicon-1.png","width":1423,"height":1423,"caption":"Camping Les Bastets"},"image":{"@id":"https:\/\/www.campinglesbastets.com\/en\/#\/schema\/logo\/image\/"}}]}},"_links":{"self":[{"href":"https:\/\/www.campinglesbastets.com\/en\/wp-json\/wp\/v2\/pages\/13468","targetHints":{"allow":["GET"]}}],"collection":[{"href":"https:\/\/www.campinglesbastets.com\/en\/wp-json\/wp\/v2\/pages"}],"about":[{"href":"https:\/\/www.campinglesbastets.com\/en\/wp-json\/wp\/v2\/types\/page"}],"author":[{"embeddable":true,"href":"https:\/\/www.campinglesbastets.com\/en\/wp-json\/wp\/v2\/users\/2"}],"replies":[{"embeddable":true,"href":"https:\/\/www.campinglesbastets.com\/en\/wp-json\/wp\/v2\/comments?post=13468"}],"version-history":[{"count":4,"href":"https:\/\/www.campinglesbastets.com\/en\/wp-json\/wp\/v2\/pages\/13468\/revisions"}],"predecessor-version":[{"id":13474,"href":"https:\/\/www.campinglesbastets.com\/en\/wp-json\/wp\/v2\/pages\/13468\/revisions\/13474"}],"up":[{"embeddable":true,"href":"https:\/\/www.campinglesbastets.com\/en\/wp-json\/wp\/v2\/pages\/9704"}],"wp:featuredmedia":[{"embeddable":true,"href":"https:\/\/www.campinglesbastets.com\/en\/wp-json\/wp\/v2\/media\/13455"}],"wp:attachment":[{"href":"https:\/\/www.campinglesbastets.com\/en\/wp-json\/wp\/v2\/media?parent=13468"}],"curies":[{"name":"wp","href":"https:\/\/api.w.org\/{rel}","templated":true}]}}