{"id":13294,"date":"2023-11-02T14:15:28","date_gmt":"2023-11-02T13:15:28","guid":{"rendered":"https:\/\/www.campinglesbastets.com\/?page_id=13294"},"modified":"2023-11-02T14:36:28","modified_gmt":"2023-11-02T13:36:28","slug":"explore-the-drome-on-horseback","status":"publish","type":"page","link":"https:\/\/www.campinglesbastets.com\/en\/surroundings\/explore-the-drome-on-horseback\/","title":{"rendered":"Explore the Dr\u00f4me on Horseback"},"content":{"rendered":"<section id=\"section-6543a070151df\"\" class=\"section bg-white\" \/><div class=\"container\"><h1 class=\"element section-title justify\">Explore the Dr\u00f4me on Horseback<\/h1><div class=\"element bloc-text justify \">\n\t<p>The Dr\u00f4me, next to the Ard\u00e8che in Provence, is a very attractive holiday destination. <strong class=\"bold color1\">Horseback riding is one of the best ways for families<\/strong> to explore the area. There are many options for horseback riding and trail riding from our Les Bastets <a href=\"https:\/\/www.campinglesbastets.com\/en\/\">campsite in the Dr\u00f4me<\/a> proven\u00e7ale to suit all tastes. Book your <strong class=\"bold color1\">horseback ride in the Dr\u00f4me<\/strong> !<\/p>\n<h2>A Ride Through the Lavender Fields to Stimulate the Senses<\/h2>\n<p>From mid-June to the end of July, the lavender fields are in bloom, offering <strong class=\"bold color1\">an incredible spectacle to stimulate the senses<\/strong> in many parts of Provence. You can have a <strong class=\"bold color1\">magical experience surrounded by lavender fields while riding a horse or pony in the Dr\u00f4me<\/strong>. Dive into all that violet with your mount and let the sweet scent of the flowers envelop you. Chances are you&#8217;ll fall in love with the region when you go riding in such a unique landscape.<\/p>\n<p>Coramb\u00e9 is an equestrian tourism centre located in <strong class=\"bold color1\">the lavender fields of the Dr\u00f4me<\/strong>, just thirty minutes from your <a href=\"https:\/\/www.campinglesbastets.com\/en\/accommodation\/\">mobile home rental in the Dr\u00f4me<\/a>.<\/p>\n<h2>Donkey Rides: A Favourite Among Children<\/h2>\n<p>Are you on holiday in the Dr\u00f4me with your kids? Why not try a <strong class=\"bold color1\">donkey ride<\/strong> instead of horseback riding? Smaller than a horse and calm by nature, the donkey is a friendly animal that makes an <strong class=\"bold color1\">ideal mount for children<\/strong>.<\/p>\n<p>The donkey trails can take you on a half-day tour of the <strong class=\"bold color1\">area around the village of Sao\u00fb<\/strong> with the Vercors in the background, for example. If you have enough time, you can extend your activities over 2 days. You can choose between guided rides with the riding centre or solo rides.<\/p>\n<h2>A Peaceful Ride in a Horse-Drawn Carriage or Wagon through the Countryside<\/h2>\n<p>For some, traditional horseback riding is old news. If that\u2019s the case, try taking a ride in a wagon or horse-drawn carriage. This is another attractive option for your holiday near the Ard\u00e8che with your children. It&#8217;s a <strong class=\"bold color1\">passive, peaceful activity that encourages contemplation<\/strong>.<\/p>\n<p>Make yourself comfortable on the seats of your horse-drawn carriage or wagon and let the horses take you through the narrow paths and meadows.<\/p>\n<p>To find out more about horse-drawn carriages <strong class=\"bold color1\">and wagons<\/strong> in the Dr\u00f4me, you can visit Attelages de Grignan, an estate around thirty minutes from Les Bastets campsite.<\/p>\n<h2>Discover the Beauty of the Vercors Regional Park on Horseback<\/h2>\n<p>Want to explore the gorgeous Dr\u00f4me a different way? Take a horse or pony ride through the mountains of the <strong class=\"bold color1\">Vercors Regional Park<\/strong>. You&#8217;ll be <strong class=\"bold color1\">immersed in nature<\/strong>, discovering a wealth of wild flora and fauna in a protected area, and enjoying unparalleled views of the surrounding countryside.<\/p>\n<p><strong class=\"bold color1\">Equestrian tourism on the Vercors high plateaux<\/strong> promises great moments to be shared with other riders. Your adventure will take you through small rolling meadows, equestrian cottages, forests, herds of cattle, and more. Randocheval is a well-known horseback riding centre in the region.<\/p>\n<p><strong class=\"bold color1\">Horseback riding in the Dr\u00f4me<\/strong>: a must for every stay in the region!<\/p>\n<\/div><\/div><\/section>","protected":false},"excerpt":{"rendered":"","protected":false},"author":2,"featured_media":13278,"parent":9704,"menu_order":0,"comment_status":"closed","ping_status":"closed","template":"","meta":{"_acf_changed":false,"footnotes":""},"class_list":["post-13294","page","type-page","status-publish","has-post-thumbnail","hentry"],"acf":[],"yoast_head":"<!-- This site is optimized with the Yoast SEO plugin v25.3 - https:\/\/yoast.com\/wordpress\/plugins\/seo\/ -->\n<title>Horseback Riding in the Dr\u00f4me: A Great Way to Visit the Dr\u00f4me<\/title>\n<meta name=\"description\" content=\"Are you on holiday at our Les Bastets campsite? To discover the beauty of the Dr\u00f4me Proven\u00e7ale, go horseback riding in the Dr\u00f4me!\" \/>\n<meta name=\"robots\" content=\"index, follow, max-snippet:-1, max-image-preview:large, max-video-preview:-1\" \/>\n<link rel=\"canonical\" href=\"https:\/\/www.campinglesbastets.com\/en\/surroundings\/explore-the-drome-on-horseback\/\" \/>\n<meta property=\"og:locale\" content=\"en_US\" \/>\n<meta property=\"og:type\" content=\"article\" \/>\n<meta property=\"og:title\" content=\"Horseback Riding in the Dr\u00f4me: A Great Way to Visit the Dr\u00f4me\" \/>\n<meta property=\"og:description\" content=\"Are you on holiday at our Les Bastets campsite? To discover the beauty of the Dr\u00f4me Proven\u00e7ale, go horseback riding in the Dr\u00f4me!\" \/>\n<meta property=\"og:url\" content=\"https:\/\/www.campinglesbastets.com\/en\/surroundings\/explore-the-drome-on-horseback\/\" \/>\n<meta property=\"og:site_name\" content=\"Camping Les Bastets\" \/>\n<meta property=\"article:modified_time\" content=\"2023-11-02T13:36:28+00:00\" \/>\n<meta property=\"og:image\" content=\"https:\/\/www.campinglesbastets.com\/wp-content\/uploads\/2023\/10\/balade-cheval-drome.jpg\" \/>\n\t<meta property=\"og:image:width\" content=\"1900\" \/>\n\t<meta property=\"og:image:height\" content=\"700\" \/>\n\t<meta property=\"og:image:type\" content=\"image\/jpeg\" \/>\n<meta name=\"twitter:card\" content=\"summary_large_image\" \/>\n<script type=\"application\/ld+json\" class=\"yoast-schema-graph\">{\"@context\":\"https:\/\/schema.org\",\"@graph\":[{\"@type\":\"WebPage\",\"@id\":\"https:\/\/www.campinglesbastets.com\/en\/surroundings\/explore-the-drome-on-horseback\/\",\"url\":\"https:\/\/www.campinglesbastets.com\/en\/surroundings\/explore-the-drome-on-horseback\/\",\"name\":\"Horseback Riding in the Dr\u00f4me: A Great Way to Visit the Dr\u00f4me\",\"isPartOf\":{\"@id\":\"https:\/\/www.campinglesbastets.com\/en\/#website\"},\"primaryImageOfPage\":{\"@id\":\"https:\/\/www.campinglesbastets.com\/en\/surroundings\/explore-the-drome-on-horseback\/#primaryimage\"},\"image\":{\"@id\":\"https:\/\/www.campinglesbastets.com\/en\/surroundings\/explore-the-drome-on-horseback\/#primaryimage\"},\"thumbnailUrl\":\"https:\/\/www.campinglesbastets.com\/wp-content\/uploads\/2023\/10\/balade-cheval-drome.jpg\",\"datePublished\":\"2023-11-02T13:15:28+00:00\",\"dateModified\":\"2023-11-02T13:36:28+00:00\",\"description\":\"Are you on holiday at our Les Bastets campsite? To discover the beauty of the Dr\u00f4me Proven\u00e7ale, go horseback riding in the Dr\u00f4me!\",\"breadcrumb\":{\"@id\":\"https:\/\/www.campinglesbastets.com\/en\/surroundings\/explore-the-drome-on-horseback\/#breadcrumb\"},\"inLanguage\":\"en-US\",\"potentialAction\":[{\"@type\":\"ReadAction\",\"target\":[\"https:\/\/www.campinglesbastets.com\/en\/surroundings\/explore-the-drome-on-horseback\/\"]}]},{\"@type\":\"ImageObject\",\"inLanguage\":\"en-US\",\"@id\":\"https:\/\/www.campinglesbastets.com\/en\/surroundings\/explore-the-drome-on-horseback\/#primaryimage\",\"url\":\"https:\/\/www.campinglesbastets.com\/wp-content\/uploads\/2023\/10\/balade-cheval-drome.jpg\",\"contentUrl\":\"https:\/\/www.campinglesbastets.com\/wp-content\/uploads\/2023\/10\/balade-cheval-drome.jpg\",\"width\":1900,\"height\":700,\"caption\":\"Balade \u00e0 cheval dans la Dr\u00f4me\"},{\"@type\":\"BreadcrumbList\",\"@id\":\"https:\/\/www.campinglesbastets.com\/en\/surroundings\/explore-the-drome-on-horseback\/#breadcrumb\",\"itemListElement\":[{\"@type\":\"ListItem\",\"position\":1,\"name\":\"Camping Dr\u00f4me\",\"item\":\"https:\/\/www.campinglesbastets.com\/en\/\"},{\"@type\":\"ListItem\",\"position\":2,\"name\":\"TOURISM IN THE DR\u00d4ME PROVEN\u00c7ALE\",\"item\":\"https:\/\/www.campinglesbastets.com\/en\/surroundings\/\"},{\"@type\":\"ListItem\",\"position\":3,\"name\":\"Explore the Dr\u00f4me on Horseback\"}]},{\"@type\":\"WebSite\",\"@id\":\"https:\/\/www.campinglesbastets.com\/en\/#website\",\"url\":\"https:\/\/www.campinglesbastets.com\/en\/\",\"name\":\"Camping Les Bastets\",\"description\":\"\",\"publisher\":{\"@id\":\"https:\/\/www.campinglesbastets.com\/en\/#organization\"},\"potentialAction\":[{\"@type\":\"SearchAction\",\"target\":{\"@type\":\"EntryPoint\",\"urlTemplate\":\"https:\/\/www.campinglesbastets.com\/en\/?s={search_term_string}\"},\"query-input\":{\"@type\":\"PropertyValueSpecification\",\"valueRequired\":true,\"valueName\":\"search_term_string\"}}],\"inLanguage\":\"en-US\"},{\"@type\":\"Organization\",\"@id\":\"https:\/\/www.campinglesbastets.com\/en\/#organization\",\"name\":\"Camping Les Bastets\",\"url\":\"https:\/\/www.campinglesbastets.com\/en\/\",\"logo\":{\"@type\":\"ImageObject\",\"inLanguage\":\"en-US\",\"@id\":\"https:\/\/www.campinglesbastets.com\/en\/#\/schema\/logo\/image\/\",\"url\":\"https:\/\/www.campinglesbastets.com\/wp-content\/uploads\/2022\/02\/favicon-1.png\",\"contentUrl\":\"https:\/\/www.campinglesbastets.com\/wp-content\/uploads\/2022\/02\/favicon-1.png\",\"width\":1423,\"height\":1423,\"caption\":\"Camping Les Bastets\"},\"image\":{\"@id\":\"https:\/\/www.campinglesbastets.com\/en\/#\/schema\/logo\/image\/\"}}]}<\/script>\n<!-- \/ Yoast SEO plugin. -->","yoast_head_json":{"title":"Horseback Riding in the Dr\u00f4me: A Great Way to Visit the Dr\u00f4me","description":"Are you on holiday at our Les Bastets campsite? To discover the beauty of the Dr\u00f4me Proven\u00e7ale, go horseback riding in the Dr\u00f4me!","robots":{"index":"index","follow":"follow","max-snippet":"max-snippet:-1","max-image-preview":"max-image-preview:large","max-video-preview":"max-video-preview:-1"},"canonical":"https:\/\/www.campinglesbastets.com\/en\/surroundings\/explore-the-drome-on-horseback\/","og_locale":"en_US","og_type":"article","og_title":"Horseback Riding in the Dr\u00f4me: A Great Way to Visit the Dr\u00f4me","og_description":"Are you on holiday at our Les Bastets campsite? To discover the beauty of the Dr\u00f4me Proven\u00e7ale, go horseback riding in the Dr\u00f4me!","og_url":"https:\/\/www.campinglesbastets.com\/en\/surroundings\/explore-the-drome-on-horseback\/","og_site_name":"Camping Les Bastets","article_modified_time":"2023-11-02T13:36:28+00:00","og_image":[{"width":1900,"height":700,"url":"https:\/\/www.campinglesbastets.com\/wp-content\/uploads\/2023\/10\/balade-cheval-drome.jpg","type":"image\/jpeg"}],"twitter_card":"summary_large_image","schema":{"@context":"https:\/\/schema.org","@graph":[{"@type":"WebPage","@id":"https:\/\/www.campinglesbastets.com\/en\/surroundings\/explore-the-drome-on-horseback\/","url":"https:\/\/www.campinglesbastets.com\/en\/surroundings\/explore-the-drome-on-horseback\/","name":"Horseback Riding in the Dr\u00f4me: A Great Way to Visit the Dr\u00f4me","isPartOf":{"@id":"https:\/\/www.campinglesbastets.com\/en\/#website"},"primaryImageOfPage":{"@id":"https:\/\/www.campinglesbastets.com\/en\/surroundings\/explore-the-drome-on-horseback\/#primaryimage"},"image":{"@id":"https:\/\/www.campinglesbastets.com\/en\/surroundings\/explore-the-drome-on-horseback\/#primaryimage"},"thumbnailUrl":"https:\/\/www.campinglesbastets.com\/wp-content\/uploads\/2023\/10\/balade-cheval-drome.jpg","datePublished":"2023-11-02T13:15:28+00:00","dateModified":"2023-11-02T13:36:28+00:00","description":"Are you on holiday at our Les Bastets campsite? To discover the beauty of the Dr\u00f4me Proven\u00e7ale, go horseback riding in the Dr\u00f4me!","breadcrumb":{"@id":"https:\/\/www.campinglesbastets.com\/en\/surroundings\/explore-the-drome-on-horseback\/#breadcrumb"},"inLanguage":"en-US","potentialAction":[{"@type":"ReadAction","target":["https:\/\/www.campinglesbastets.com\/en\/surroundings\/explore-the-drome-on-horseback\/"]}]},{"@type":"ImageObject","inLanguage":"en-US","@id":"https:\/\/www.campinglesbastets.com\/en\/surroundings\/explore-the-drome-on-horseback\/#primaryimage","url":"https:\/\/www.campinglesbastets.com\/wp-content\/uploads\/2023\/10\/balade-cheval-drome.jpg","contentUrl":"https:\/\/www.campinglesbastets.com\/wp-content\/uploads\/2023\/10\/balade-cheval-drome.jpg","width":1900,"height":700,"caption":"Balade \u00e0 cheval dans la Dr\u00f4me"},{"@type":"BreadcrumbList","@id":"https:\/\/www.campinglesbastets.com\/en\/surroundings\/explore-the-drome-on-horseback\/#breadcrumb","itemListElement":[{"@type":"ListItem","position":1,"name":"Camping Dr\u00f4me","item":"https:\/\/www.campinglesbastets.com\/en\/"},{"@type":"ListItem","position":2,"name":"TOURISM IN THE DR\u00d4ME PROVEN\u00c7ALE","item":"https:\/\/www.campinglesbastets.com\/en\/surroundings\/"},{"@type":"ListItem","position":3,"name":"Explore the Dr\u00f4me on Horseback"}]},{"@type":"WebSite","@id":"https:\/\/www.campinglesbastets.com\/en\/#website","url":"https:\/\/www.campinglesbastets.com\/en\/","name":"Camping Les Bastets","description":"","publisher":{"@id":"https:\/\/www.campinglesbastets.com\/en\/#organization"},"potentialAction":[{"@type":"SearchAction","target":{"@type":"EntryPoint","urlTemplate":"https:\/\/www.campinglesbastets.com\/en\/?s={search_term_string}"},"query-input":{"@type":"PropertyValueSpecification","valueRequired":true,"valueName":"search_term_string"}}],"inLanguage":"en-US"},{"@type":"Organization","@id":"https:\/\/www.campinglesbastets.com\/en\/#organization","name":"Camping Les Bastets","url":"https:\/\/www.campinglesbastets.com\/en\/","logo":{"@type":"ImageObject","inLanguage":"en-US","@id":"https:\/\/www.campinglesbastets.com\/en\/#\/schema\/logo\/image\/","url":"https:\/\/www.campinglesbastets.com\/wp-content\/uploads\/2022\/02\/favicon-1.png","contentUrl":"https:\/\/www.campinglesbastets.com\/wp-content\/uploads\/2022\/02\/favicon-1.png","width":1423,"height":1423,"caption":"Camping Les Bastets"},"image":{"@id":"https:\/\/www.campinglesbastets.com\/en\/#\/schema\/logo\/image\/"}}]}},"_links":{"self":[{"href":"https:\/\/www.campinglesbastets.com\/en\/wp-json\/wp\/v2\/pages\/13294","targetHints":{"allow":["GET"]}}],"collection":[{"href":"https:\/\/www.campinglesbastets.com\/en\/wp-json\/wp\/v2\/pages"}],"about":[{"href":"https:\/\/www.campinglesbastets.com\/en\/wp-json\/wp\/v2\/types\/page"}],"author":[{"embeddable":true,"href":"https:\/\/www.campinglesbastets.com\/en\/wp-json\/wp\/v2\/users\/2"}],"replies":[{"embeddable":true,"href":"https:\/\/www.campinglesbastets.com\/en\/wp-json\/wp\/v2\/comments?post=13294"}],"version-history":[{"count":7,"href":"https:\/\/www.campinglesbastets.com\/en\/wp-json\/wp\/v2\/pages\/13294\/revisions"}],"predecessor-version":[{"id":13311,"href":"https:\/\/www.campinglesbastets.com\/en\/wp-json\/wp\/v2\/pages\/13294\/revisions\/13311"}],"up":[{"embeddable":true,"href":"https:\/\/www.campinglesbastets.com\/en\/wp-json\/wp\/v2\/pages\/9704"}],"wp:featuredmedia":[{"embeddable":true,"href":"https:\/\/www.campinglesbastets.com\/en\/wp-json\/wp\/v2\/media\/13278"}],"wp:attachment":[{"href":"https:\/\/www.campinglesbastets.com\/en\/wp-json\/wp\/v2\/media?parent=13294"}],"curies":[{"name":"wp","href":"https:\/\/api.w.org\/{rel}","templated":true}]}}