{"id":11830,"date":"2022-12-01T10:00:00","date_gmt":"2022-12-01T09:00:00","guid":{"rendered":"https:\/\/www.campinglesbastets.com\/surroundings\/le-jardin-aux-oiseaux\/"},"modified":"2022-12-23T09:50:48","modified_gmt":"2022-12-23T08:50:48","slug":"bird-garden","status":"publish","type":"page","link":"https:\/\/www.campinglesbastets.com\/en\/surroundings\/bird-garden\/","title":{"rendered":"The Bird Garden"},"content":{"rendered":"<section id=\"section-62286d9107ffb\"\" class=\"section bg-white p-b-0\" \/><div class=\"container extralarge\"><h1 class=\"element section-title center m-b-4\">Le Jardin aux Oiseaux<\/h1><div class=\"element bloc-text left m-b-4\">\n\t<p>Envie d\u2019observer des <strong>oiseaux multicolores<\/strong> et de vous \u00e9merveiller devant des esp\u00e8ces animales venues du monde entier ?<\/p>\n<p>Alors ne manquez pas de <a href=\"https:\/\/www.zooupie.com\/fr\/\"  target=\"_blank\" rel=\"noopener\">visiter le zoo d\u2019Upie<\/a>, appel\u00e9 aussi jardin aux Oiseaux, pendant vos vacances en <a href=\"\/\">camping dans la Dr\u00f4me<\/a> en r\u00e9gion Auvergne-Rh\u00f4ne-Alpes.<\/p>\n<h2>Upie, le jardin aux Oiseaux<\/h2>\n<p>Le zoo d\u2019Upie, un <strong>petit village de la Dr\u00f4me<\/strong>, est un parc zoologique et botanique de 6 ha sp\u00e9cialis\u00e9 dans la conservation et la protection des oiseaux.<\/p>\n<p>On peut y admirer plus d\u2019un millier d\u2019oiseaux de <strong>200 esp\u00e8ces diff\u00e9rentes<\/strong> dans un espace privil\u00e9giant un biotope adapt\u00e9 au bien-\u00eatre des animaux. Le lieu est aussi un centre d\u2019\u00e9levages pour les esp\u00e8ces menac\u00e9es. Le <strong>zoo fut cr\u00e9\u00e9 en 1976<\/strong> par un ornithologue passionn\u00e9, Bernard Liauzu, apr\u00e8s une longue exp\u00e9rience dans d\u2019autres parcs animaliers fran\u00e7ais.<\/p>\n<p>Parmi les esp\u00e8ces pr\u00e9sentes dans le <strong>jardin aux Oiseaux<\/strong>, on peut citer l\u2019ibis rouge, le flamant rose, le vautour fauve, l\u2019autruche, le calao, le grand corbeau\u2026<\/p>\n<p>Il y a aussi quelques autres esp\u00e8ces animales, comme des suricates, des l\u00e9muriens et des tortues. On trouve aussi sur place une miniferme et une serre tropicale. Le zoo d\u2019Unie offre une exp\u00e9rience unique dans la r\u00e9gion Auvergne-Rh\u00f4ne-Alpes, \u00e0 ne pas manquer pendant votre <a href=\"\/alentours\/\">s\u00e9jour dans la Dr\u00f4me<\/a>.<\/p>\n<p><iframe loading=\"lazy\" width=\"100%\" height=\"400\" src=\"https:\/\/www.youtube.com\/embed\/1WjhVJMWT8Y\" title=\"YouTube video player\" frameborder=\"0\" allow=\"accelerometer; autoplay; clipboard-write; encrypted-media; gyroscope; picture-in-picture\" allowfullscreen><\/iframe><\/p>\n<h2>Animations et stages<\/h2>\n<p>Le <strong>jardin aux Oiseaux<\/strong> a encore plus \u00e0 offrir aux familles en vacances camping dans la Dr\u00f4me. Si les conditions m\u00e9t\u00e9orologiques le permettent, des animations et spectacles ont lieu dans le zoo. Cinq animations sont propos\u00e9es :<\/p>\n<ul>\n<li>le <strong>spectacle des perroquets<\/strong><\/li>\n<li>le <strong>go\u00fbter des l\u00e9muriens<\/strong><\/li>\n<li>le <strong>go\u00fbter des suricates<\/strong><\/li>\n<li>le <strong>go\u00fbter des p\u00e9licans<\/strong><\/li>\n<li>le <strong>spectacle des rapaces<\/strong>, qui donne l\u2019occasion de voir ces superbes oiseaux planer et se d\u00e9placer en toute libert\u00e9.<\/li>\n<\/ul>\n<p>Ces animations ont lieu \u00e0 des dates et horaires pr\u00e9cis, il est donc n\u00e9cessaire de consulter le planning disponible en ligne ou sur place. Le <strong>zoo d\u2019Upie<\/strong> propose aussi des stages pour les adultes et les enfants \u00e0 dates fixes. Vous trouverez plus d\u2019informations sur le site officiel du jardin aux Oiseaux.<\/p>\n<h2>Infos pratiques<\/h2>\n<p>L\u2019<strong>entr\u00e9e du zoo d\u2019Upie co\u00fbte 15,30 \u20ac<\/strong> \u00e0 partir de 14 ans. Les jeunes de 10 \u00e0 13 ans paient 13,30 \u20ac et les enfants de 3 \u00e0 9 ans paient 11,30 \u20ac. Les enfants de moins de 3 ans entrent gratuitement.<\/p>\n<p>Les <strong>horaires du jardin aux Oiseaux<\/strong> varient tout au long de l\u2019ann\u00e9e. Le zoo ouvre des vacances de f\u00e9vrier \u00e0 la fin de l\u2019ann\u00e9e. Le zoo est ouvert :<\/p>\n<ul>\n<li>de 13 h 30 \u00e0 17 h 30 en f\u00e9vrier<\/li>\n<li>de 10 h \u00e0 18h tous les jours en mars, avril, mai et juin<\/li>\n<li>de 9 h 30 \u00e0 19 h tous les jours en juillet et ao\u00fbt<\/li>\n<li>de 10 h \u00e0 18 h 30 tous les jours de septembre<\/li>\n<li>de 10 h \u00e0 18 h en octobre et pendant les vacances de la Toussaint<\/li>\n<li>de 13 h 30 \u00e0 17 h en novembre et en d\u00e9cembre.<\/li>\n<\/ul>\n<p><iframe src=\"https:\/\/www.google.com\/maps\/embed?pb=!1m28!1m12!1m3!1d90702.59632858411!2d4.87587590428424!3d44.73071014649296!2m3!1f0!2f0!3f0!3m2!1i1024!2i768!4f13.1!4m13!3e6!4m5!1s0x12b54322b28cff3f%3A0xe26b629c76bc1aa6!2sCamping%20Dr%C3%B4me%20Les%20Bastets%204%20%C3%A9toiles%2C%20Chemin%20du%20Camping%2C%20Marsanne!3m2!1d44.6576861!2d4.891070399999999!4m5!1s0x12b55147199bd389%3A0xfd171e9b9d49eb62!2sZoo%20d&#39;%20Upie%2C%201795%20Route%20de%20Montoison%2C%2026120%20Upie!3m2!1d44.8027114!2d4.960340599999999!5e0!3m2!1sfr!2sfr!4v1664358606638!5m2!1sfr!2sfr\" width=\"100%\" height=\"450\" style=\"border:0;\" allowfullscreen=\"\" loading=\"lazy\" referrerpolicy=\"no-referrer-when-downgrade\"><\/iframe><\/p>\n<p>Des aires de pique-nique permettent d\u2019apporter son repas, dont une situ\u00e9e pr\u00e8s d\u2019une aire de jeux pour les enfants. De plus, le billet d\u2019entr\u00e9e autorise les sorties. Un snack propose quelques plats, sandwiches et desserts.<\/p>\n<p>Le <strong>zoo d\u2019Upie<\/strong> se situe \u00e0 une vingtaine de kilom\u00e8tres au nord du camping 4 \u00e9toiles Les Bastets dans la Dr\u00f4me, soit environ 30 min de trajet en passant par la D113.<\/p>\n<\/div><\/div><\/section>\n\n<section id=\"section-6229d1449ca53\"\" class=\"section bg-white\" \/><div class=\"container extralarge\"><div class=\"element section-title center h2-like\">D\u00e9couvrez les autres visites \u00e0 faire dans la Dr\u00f4me<\/div><ul class=\"liste-de-page\"><li class=\"element call-to-action carre call-to-action--style-1 call-to-action--big\"><a href=\"https:\/\/www.campinglesbastets.com\/en\/surroundings\/ideal-palace-horse-factor\/\"  class=\"call-to-action_link\" title=\"En savoir plus sur facteur cheval\"><div class=\"call-to-action_image\"><img decoding=\"async\" src=\"https:\/\/www.campinglesbastets.com\/wp-content\/uploads\/2022\/03\/palais-du-facteur-cheval-visites.jpg\" data-src=\"https:\/\/www.campinglesbastets.com\/wp-content\/uploads\/2022\/03\/palais-du-facteur-cheval-visites.jpg\" alt=\"palais du facteur cheval visites\" class=\"big\" \/><\/div><div class=\"call-to-action_contenu\"><div class=\"call-to-action_titre\">Facteur cheval<\/div><\/div><\/a><\/li><li class=\"element call-to-action carre call-to-action--style-1 call-to-action--big call-to-action--style-1 call-to-action--big\"><a href=\"https:\/\/www.campinglesbastets.com\/en\/surroundings\/lavender\/\"  class=\"call-to-action_link\" title=\"En savoir plus sur lavender\"><div class=\"call-to-action_image\"><img decoding=\"async\" src=\"https:\/\/www.campinglesbastets.com\/wp-content\/uploads\/2022\/03\/lavande-dans-la-drome.jpg\" data-src=\"https:\/\/www.campinglesbastets.com\/wp-content\/uploads\/2022\/03\/lavande-dans-la-drome.jpg\" alt=\"lavande dans la drome\" class=\"big\" \/><\/div><div class=\"call-to-action_contenu\"><div class=\"call-to-action_titre\">Lavender<\/div><\/div><\/a><\/li><li class=\"element call-to-action carre call-to-action--style-1 call-to-action--big call-to-action--style-1 call-to-action--big call-to-action--style-1 call-to-action--big\"><a href=\"https:\/\/www.campinglesbastets.com\/en\/surroundings\/10-essential-activities-in-the-drome\/\"  class=\"call-to-action_link\" title=\"En savoir plus sur 10 must-do activities in the dr\u00f4me\"><div class=\"call-to-action_image\"><img decoding=\"async\" src=\"https:\/\/www.campinglesbastets.com\/wp-content\/uploads\/2022\/03\/visiter-palais-du-facteur-cheval.jpg\" data-src=\"https:\/\/www.campinglesbastets.com\/wp-content\/uploads\/2022\/03\/visiter-palais-du-facteur-cheval.jpg\" alt=\"visiter palais du facteur cheval\" class=\"big\" \/><\/div><div class=\"call-to-action_contenu\"><div class=\"call-to-action_titre\">10 must-do activities in the Dr\u00f4me<\/div><\/div><\/a><\/li><li class=\"element call-to-action carre call-to-action--style-1 call-to-action--big call-to-action--style-1 call-to-action--big call-to-action--style-1 call-to-action--big call-to-action--style-1 call-to-action--big\"><a href=\"https:\/\/www.campinglesbastets.com\/en\/surroundings\/chabeuil-the-remarkable-village-and-its-surroundings\/\"  class=\"call-to-action_link\" title=\"En savoir plus sur chabeuil\"><div class=\"call-to-action_image\"><img decoding=\"async\" src=\"https:\/\/www.campinglesbastets.com\/wp-content\/uploads\/2022\/03\/visiter-chabeuil.jpg\" data-src=\"https:\/\/www.campinglesbastets.com\/wp-content\/uploads\/2022\/03\/visiter-chabeuil.jpg\" alt=\"visiter chabeuil\" class=\"big\" \/><\/div><div class=\"call-to-action_contenu\"><div class=\"call-to-action_titre\">Chabeuil<\/div><\/div><\/a><\/li><li class=\"element call-to-action carre call-to-action--style-1 call-to-action--big call-to-action--style-1 call-to-action--big call-to-action--style-1 call-to-action--big call-to-action--style-1 call-to-action--big call-to-action--style-1 call-to-action--big\"><a href=\"https:\/\/www.campinglesbastets.com\/en\/surroundings\/chateaux-drome\/\"  class=\"call-to-action_link\" title=\"En savoir plus sur les ch\u00e2teaux de la dr\u00f4me\"><div class=\"call-to-action_image\"><img decoding=\"async\" src=\"https:\/\/www.campinglesbastets.com\/wp-content\/uploads\/2022\/07\/chateau-grignan.jpg\" data-src=\"https:\/\/www.campinglesbastets.com\/wp-content\/uploads\/2022\/07\/chateau-grignan.jpg\" alt=\"Ch\u00e2teau de Grignan\" class=\"big\" \/><\/div><div class=\"call-to-action_contenu\"><div class=\"call-to-action_titre\">Les ch\u00e2teaux de la Dr\u00f4me<\/div><\/div><\/a><\/li><\/ul><\/div><\/section>","protected":false},"excerpt":{"rendered":"","protected":false},"author":1,"featured_media":11574,"parent":9704,"menu_order":0,"comment_status":"closed","ping_status":"closed","template":"","meta":{"_acf_changed":false,"footnotes":""},"class_list":["post-11830","page","type-page","status-publish","has-post-thumbnail","hentry"],"acf":[],"yoast_head":"<!-- This site is optimized with the Yoast SEO plugin v25.3 - https:\/\/yoast.com\/wordpress\/plugins\/seo\/ -->\n<title>Zoo Upie : Visit the bird garden of the zoo of Upie : Rates and timetable<\/title>\n<meta name=\"robots\" content=\"index, follow, max-snippet:-1, max-image-preview:large, max-video-preview:-1\" \/>\n<link rel=\"canonical\" href=\"https:\/\/www.campinglesbastets.com\/en\/surroundings\/bird-garden\/\" \/>\n<meta property=\"og:locale\" content=\"en_US\" \/>\n<meta property=\"og:type\" content=\"article\" \/>\n<meta property=\"og:title\" content=\"Zoo Upie : Visit the bird garden of the zoo of Upie : Rates and timetable\" \/>\n<meta property=\"og:url\" content=\"https:\/\/www.campinglesbastets.com\/en\/surroundings\/bird-garden\/\" \/>\n<meta property=\"og:site_name\" content=\"Camping Les Bastets\" \/>\n<meta property=\"article:modified_time\" content=\"2022-12-23T08:50:48+00:00\" \/>\n<meta property=\"og:image\" content=\"https:\/\/www.campinglesbastets.com\/wp-content\/uploads\/2022\/09\/jardin-aux-oiseaux.jpg\" \/>\n\t<meta property=\"og:image:width\" content=\"1903\" \/>\n\t<meta property=\"og:image:height\" content=\"1003\" \/>\n\t<meta property=\"og:image:type\" content=\"image\/jpeg\" \/>\n<meta name=\"twitter:card\" content=\"summary_large_image\" \/>\n<script type=\"application\/ld+json\" class=\"yoast-schema-graph\">{\"@context\":\"https:\/\/schema.org\",\"@graph\":[{\"@type\":\"WebPage\",\"@id\":\"https:\/\/www.campinglesbastets.com\/en\/surroundings\/bird-garden\/\",\"url\":\"https:\/\/www.campinglesbastets.com\/en\/surroundings\/bird-garden\/\",\"name\":\"Zoo Upie : Visit the bird garden of the zoo of Upie : Rates and timetable\",\"isPartOf\":{\"@id\":\"https:\/\/www.campinglesbastets.com\/en\/#website\"},\"primaryImageOfPage\":{\"@id\":\"https:\/\/www.campinglesbastets.com\/en\/surroundings\/bird-garden\/#primaryimage\"},\"image\":{\"@id\":\"https:\/\/www.campinglesbastets.com\/en\/surroundings\/bird-garden\/#primaryimage\"},\"thumbnailUrl\":\"https:\/\/www.campinglesbastets.com\/wp-content\/uploads\/2022\/09\/jardin-aux-oiseaux.jpg\",\"datePublished\":\"2022-12-01T09:00:00+00:00\",\"dateModified\":\"2022-12-23T08:50:48+00:00\",\"breadcrumb\":{\"@id\":\"https:\/\/www.campinglesbastets.com\/en\/surroundings\/bird-garden\/#breadcrumb\"},\"inLanguage\":\"en-US\",\"potentialAction\":[{\"@type\":\"ReadAction\",\"target\":[\"https:\/\/www.campinglesbastets.com\/en\/surroundings\/bird-garden\/\"]}]},{\"@type\":\"ImageObject\",\"inLanguage\":\"en-US\",\"@id\":\"https:\/\/www.campinglesbastets.com\/en\/surroundings\/bird-garden\/#primaryimage\",\"url\":\"https:\/\/www.campinglesbastets.com\/wp-content\/uploads\/2022\/09\/jardin-aux-oiseaux.jpg\",\"contentUrl\":\"https:\/\/www.campinglesbastets.com\/wp-content\/uploads\/2022\/09\/jardin-aux-oiseaux.jpg\",\"width\":1903,\"height\":1003,\"caption\":\"jardins aux oiseaux\"},{\"@type\":\"BreadcrumbList\",\"@id\":\"https:\/\/www.campinglesbastets.com\/en\/surroundings\/bird-garden\/#breadcrumb\",\"itemListElement\":[{\"@type\":\"ListItem\",\"position\":1,\"name\":\"Camping Dr\u00f4me\",\"item\":\"https:\/\/www.campinglesbastets.com\/en\/\"},{\"@type\":\"ListItem\",\"position\":2,\"name\":\"TOURISM IN THE DR\u00d4ME PROVEN\u00c7ALE\",\"item\":\"https:\/\/www.campinglesbastets.com\/en\/surroundings\/\"},{\"@type\":\"ListItem\",\"position\":3,\"name\":\"Bird Garden\"}]},{\"@type\":\"WebSite\",\"@id\":\"https:\/\/www.campinglesbastets.com\/en\/#website\",\"url\":\"https:\/\/www.campinglesbastets.com\/en\/\",\"name\":\"Camping Les Bastets\",\"description\":\"\",\"publisher\":{\"@id\":\"https:\/\/www.campinglesbastets.com\/en\/#organization\"},\"potentialAction\":[{\"@type\":\"SearchAction\",\"target\":{\"@type\":\"EntryPoint\",\"urlTemplate\":\"https:\/\/www.campinglesbastets.com\/en\/?s={search_term_string}\"},\"query-input\":{\"@type\":\"PropertyValueSpecification\",\"valueRequired\":true,\"valueName\":\"search_term_string\"}}],\"inLanguage\":\"en-US\"},{\"@type\":\"Organization\",\"@id\":\"https:\/\/www.campinglesbastets.com\/en\/#organization\",\"name\":\"Camping Les Bastets\",\"url\":\"https:\/\/www.campinglesbastets.com\/en\/\",\"logo\":{\"@type\":\"ImageObject\",\"inLanguage\":\"en-US\",\"@id\":\"https:\/\/www.campinglesbastets.com\/en\/#\/schema\/logo\/image\/\",\"url\":\"https:\/\/www.campinglesbastets.com\/wp-content\/uploads\/2022\/02\/favicon-1.png\",\"contentUrl\":\"https:\/\/www.campinglesbastets.com\/wp-content\/uploads\/2022\/02\/favicon-1.png\",\"width\":1423,\"height\":1423,\"caption\":\"Camping Les Bastets\"},\"image\":{\"@id\":\"https:\/\/www.campinglesbastets.com\/en\/#\/schema\/logo\/image\/\"}}]}<\/script>\n<!-- \/ Yoast SEO plugin. -->","yoast_head_json":{"title":"Zoo Upie : Visit the bird garden of the zoo of Upie : Rates and timetable","robots":{"index":"index","follow":"follow","max-snippet":"max-snippet:-1","max-image-preview":"max-image-preview:large","max-video-preview":"max-video-preview:-1"},"canonical":"https:\/\/www.campinglesbastets.com\/en\/surroundings\/bird-garden\/","og_locale":"en_US","og_type":"article","og_title":"Zoo Upie : Visit the bird garden of the zoo of Upie : Rates and timetable","og_url":"https:\/\/www.campinglesbastets.com\/en\/surroundings\/bird-garden\/","og_site_name":"Camping Les Bastets","article_modified_time":"2022-12-23T08:50:48+00:00","og_image":[{"width":1903,"height":1003,"url":"https:\/\/www.campinglesbastets.com\/wp-content\/uploads\/2022\/09\/jardin-aux-oiseaux.jpg","type":"image\/jpeg"}],"twitter_card":"summary_large_image","schema":{"@context":"https:\/\/schema.org","@graph":[{"@type":"WebPage","@id":"https:\/\/www.campinglesbastets.com\/en\/surroundings\/bird-garden\/","url":"https:\/\/www.campinglesbastets.com\/en\/surroundings\/bird-garden\/","name":"Zoo Upie : Visit the bird garden of the zoo of Upie : Rates and timetable","isPartOf":{"@id":"https:\/\/www.campinglesbastets.com\/en\/#website"},"primaryImageOfPage":{"@id":"https:\/\/www.campinglesbastets.com\/en\/surroundings\/bird-garden\/#primaryimage"},"image":{"@id":"https:\/\/www.campinglesbastets.com\/en\/surroundings\/bird-garden\/#primaryimage"},"thumbnailUrl":"https:\/\/www.campinglesbastets.com\/wp-content\/uploads\/2022\/09\/jardin-aux-oiseaux.jpg","datePublished":"2022-12-01T09:00:00+00:00","dateModified":"2022-12-23T08:50:48+00:00","breadcrumb":{"@id":"https:\/\/www.campinglesbastets.com\/en\/surroundings\/bird-garden\/#breadcrumb"},"inLanguage":"en-US","potentialAction":[{"@type":"ReadAction","target":["https:\/\/www.campinglesbastets.com\/en\/surroundings\/bird-garden\/"]}]},{"@type":"ImageObject","inLanguage":"en-US","@id":"https:\/\/www.campinglesbastets.com\/en\/surroundings\/bird-garden\/#primaryimage","url":"https:\/\/www.campinglesbastets.com\/wp-content\/uploads\/2022\/09\/jardin-aux-oiseaux.jpg","contentUrl":"https:\/\/www.campinglesbastets.com\/wp-content\/uploads\/2022\/09\/jardin-aux-oiseaux.jpg","width":1903,"height":1003,"caption":"jardins aux oiseaux"},{"@type":"BreadcrumbList","@id":"https:\/\/www.campinglesbastets.com\/en\/surroundings\/bird-garden\/#breadcrumb","itemListElement":[{"@type":"ListItem","position":1,"name":"Camping Dr\u00f4me","item":"https:\/\/www.campinglesbastets.com\/en\/"},{"@type":"ListItem","position":2,"name":"TOURISM IN THE DR\u00d4ME PROVEN\u00c7ALE","item":"https:\/\/www.campinglesbastets.com\/en\/surroundings\/"},{"@type":"ListItem","position":3,"name":"Bird Garden"}]},{"@type":"WebSite","@id":"https:\/\/www.campinglesbastets.com\/en\/#website","url":"https:\/\/www.campinglesbastets.com\/en\/","name":"Camping Les Bastets","description":"","publisher":{"@id":"https:\/\/www.campinglesbastets.com\/en\/#organization"},"potentialAction":[{"@type":"SearchAction","target":{"@type":"EntryPoint","urlTemplate":"https:\/\/www.campinglesbastets.com\/en\/?s={search_term_string}"},"query-input":{"@type":"PropertyValueSpecification","valueRequired":true,"valueName":"search_term_string"}}],"inLanguage":"en-US"},{"@type":"Organization","@id":"https:\/\/www.campinglesbastets.com\/en\/#organization","name":"Camping Les Bastets","url":"https:\/\/www.campinglesbastets.com\/en\/","logo":{"@type":"ImageObject","inLanguage":"en-US","@id":"https:\/\/www.campinglesbastets.com\/en\/#\/schema\/logo\/image\/","url":"https:\/\/www.campinglesbastets.com\/wp-content\/uploads\/2022\/02\/favicon-1.png","contentUrl":"https:\/\/www.campinglesbastets.com\/wp-content\/uploads\/2022\/02\/favicon-1.png","width":1423,"height":1423,"caption":"Camping Les Bastets"},"image":{"@id":"https:\/\/www.campinglesbastets.com\/en\/#\/schema\/logo\/image\/"}}]}},"_links":{"self":[{"href":"https:\/\/www.campinglesbastets.com\/en\/wp-json\/wp\/v2\/pages\/11830","targetHints":{"allow":["GET"]}}],"collection":[{"href":"https:\/\/www.campinglesbastets.com\/en\/wp-json\/wp\/v2\/pages"}],"about":[{"href":"https:\/\/www.campinglesbastets.com\/en\/wp-json\/wp\/v2\/types\/page"}],"author":[{"embeddable":true,"href":"https:\/\/www.campinglesbastets.com\/en\/wp-json\/wp\/v2\/users\/1"}],"replies":[{"embeddable":true,"href":"https:\/\/www.campinglesbastets.com\/en\/wp-json\/wp\/v2\/comments?post=11830"}],"version-history":[{"count":8,"href":"https:\/\/www.campinglesbastets.com\/en\/wp-json\/wp\/v2\/pages\/11830\/revisions"}],"predecessor-version":[{"id":12477,"href":"https:\/\/www.campinglesbastets.com\/en\/wp-json\/wp\/v2\/pages\/11830\/revisions\/12477"}],"up":[{"embeddable":true,"href":"https:\/\/www.campinglesbastets.com\/en\/wp-json\/wp\/v2\/pages\/9704"}],"wp:featuredmedia":[{"embeddable":true,"href":"https:\/\/www.campinglesbastets.com\/en\/wp-json\/wp\/v2\/media\/11574"}],"wp:attachment":[{"href":"https:\/\/www.campinglesbastets.com\/en\/wp-json\/wp\/v2\/media?parent=11830"}],"curies":[{"name":"wp","href":"https:\/\/api.w.org\/{rel}","templated":true}]}}