{"id":11492,"date":"2022-08-01T13:55:43","date_gmt":"2022-08-01T11:55:43","guid":{"rendered":"https:\/\/www.campinglesbastets.com\/?page_id=11492"},"modified":"2022-08-01T14:01:35","modified_gmt":"2022-08-01T12:01:35","slug":"baronnies-provencales","status":"publish","type":"page","link":"https:\/\/www.campinglesbastets.com\/en\/surroundings\/baronnies-provencales\/","title":{"rendered":"Baronnies Proven\u00e7ales"},"content":{"rendered":"<section id=\"section-622a205358ef5\"\" class=\"section bg-white p-b-0\" \/><div class=\"container extralarge\"><h1 class=\"element section-title center\">Baronnies provencales<\/h1><div class=\"element bloc-text left \">\n\t<p>Located just an hour south of the <a href=\"\/\">campsite Les Bastets<\/a> in Marsanne, <strong>the regional natural park of the Baronnies Proven\u00e7ales<\/strong> is a place where sights, scents, and sounds. Would you like to discover an exceptional nature and see landscapes stretching as far as the eye can see during <strong>your next camping vacation in the Dr\u00f4me Proven\u00e7ale<\/strong>? The combination of nature, food, and wellness makes this the ultimate French destination one should not miss.<\/p>\n<h2 class=\"western\">The Provencal Baronnies, the Provence of the mountains<\/h2>\n<p>Located in Provence, straddling the Hautes-Alpes and the Dr\u00f4me, the Proven\u00e7al Baronnies is a regional nature park created in 2015. With Mount Ventoux to the south, the Alps to the east, and the Rhone Valley to the west, it is made up of a mountain with varied landscapes that benefits from <strong>a pleasant Mediterranean climate<\/strong>.<\/p>\n<p>There are large oak forests, wetlands, fields of lavender and olive trees, scrubland and impressive limestone cliffs. This preserved area of more than 1,500 km\u00b2 is endowed with an exceptional biodiversity, varying from one environment to another. Insects, mammals, birds and reptiles populate the Proven\u00e7al Baronnies.<\/p>\n<p>Flower and plant lovers will appreciate the rich flora of the park. In all,<strong> 203 animal species and 2,000 plant species are protected<\/strong>. This protection and the absence of light pollution makes it a famous place for sky observation. The park attracts astronomers and photographers every year and has an astronomical observatory in Moydans.<br \/>\n<iframe loading=\"lazy\" title=\"YouTube video player\" src=\"https:\/\/www.youtube.com\/embed\/88zbh_IKbpE\" width=\"100%\" height=\"315\" frameborder=\"0\" allowfullscreen=\"allowfullscreen\"><\/iframe><\/p>\n<h2 class=\"western\">What to do in the Baronnies Proven\u00e7ales?<\/h2>\n<p><strong>The rich nature<\/strong> of the <a href=\"https:\/\/www.baronnies-provencales.fr\/\">Proven\u00e7al Baronnies<\/a> is an ideal space to practice many sports activities. Hiking is of course the main activity of the park, with the presence of 2 GRP (Grande Randonn\u00e9e de Pays), the tour of the Baronnies which is 120 km long and the tour of the Pays de Dieulefit of about 100 km.<\/p>\n<p><strong>Many trails<\/strong> allow you to explore the park on foot, by mountain bike and on horseback. Courageous cyclists will find several passes to climb, like the Reychasset pass. The climbing sites of Orpierre and Buis-les-Baronnies will delight <strong>the passionate climbers<\/strong> with more than 1500 equipped routes.<\/p>\n<p>One of <strong>the most beautiful via-ferrata in Europe<\/strong> is located in the regional natural park of the Baronnies proven\u00e7ales, in Buis-les-Baronnies: the via-ferrata of Saint Julien. Several courses are available according to age and level. And if you want to try paragliding, go to the mountain of Chabre and its international site of free flight.<\/p>\n<h2 class=\"western\">Must-sees in the Baronnies Proven\u00e7ales<\/h2>\n<p><strong>The cultural heritage of the Proven\u00e7al Baronnies<\/strong> is just as interesting, with its villages, its culinary specialties, and its AOC. The park has several places to visit and the superb gorges of the Eygues and M\u00e9ouge rivers are just some of them, as well as the Ventoux mountain in the south of the park for its 360\u00b0 view.<\/p>\n<p>Among <strong>the villages to visit<\/strong> are Rochebrune, Montbrun-les-Bains and La Motte-Chalan\u00e7on. The castle of La Roche-sur-le-Buis and the old village of Arzeliers will please lovers of heritage. The Proven\u00e7al Baronnies are also appreciated for its <strong>culinary specialties<\/strong>, such as the fabulous olives, wine, and truffles.<\/p>\n<\/div><\/div><\/section>\n\n<section id=\"section-622a20535908d\"\" class=\"section bg-white\" \/><div class=\"container extralarge\"><div class=\"element section-title center h2-like\">Discover also the Ideal Palace of the Facteur Cheval<\/div><ul class=\"liste-de-page\"><li class=\"element call-to-action carre call-to-action--style-1 call-to-action--big\"><a href=\"https:\/\/www.campinglesbastets.com\/en\/surroundings\/the-perched-villages\/\"  class=\"call-to-action_link\" title=\"En savoir plus sur the perched villages\"><div class=\"call-to-action_image\"><img decoding=\"async\" src=\"https:\/\/www.campinglesbastets.com\/wp-content\/uploads\/2022\/03\/village-poet-laval.jpg\" data-src=\"https:\/\/www.campinglesbastets.com\/wp-content\/uploads\/2022\/03\/village-poet-laval.jpg\" alt=\"village poet laval\" class=\"big\" \/><\/div><div class=\"call-to-action_contenu\"><div class=\"call-to-action_titre\">The perched villages<\/div><\/div><\/a><\/li><li class=\"element call-to-action carre call-to-action--style-1 call-to-action--big call-to-action--style-1 call-to-action--big\"><a href=\"https:\/\/www.campinglesbastets.com\/en\/surroundings\/viarhona-in-the-drome\/\"  class=\"call-to-action_link\" title=\"En savoir plus sur viarh\u00f4na in the dr\u00f4me\"><div class=\"call-to-action_image\"><img decoding=\"async\" src=\"https:\/\/www.campinglesbastets.com\/wp-content\/uploads\/2022\/03\/balade-viarhona-drome.jpg\" data-src=\"https:\/\/www.campinglesbastets.com\/wp-content\/uploads\/2022\/03\/balade-viarhona-drome.jpg\" alt=\"balade viarhona drome\" class=\"big\" \/><\/div><div class=\"call-to-action_contenu\"><div class=\"call-to-action_titre\">Viarh\u00f4na in the Dr\u00f4me<\/div><\/div><\/a><\/li><li class=\"element call-to-action carre call-to-action--style-1 call-to-action--big call-to-action--style-1 call-to-action--big call-to-action--style-1 call-to-action--big\"><a href=\"https:\/\/www.campinglesbastets.com\/en\/surroundings\/the-most-beautiful-villages-of-france-in-the-drome\/\"  class=\"call-to-action_link\" title=\"En savoir plus sur the most beautiful villages of the dr\u00f4me\"><div class=\"call-to-action_image\"><img decoding=\"async\" src=\"https:\/\/www.campinglesbastets.com\/wp-content\/uploads\/2022\/03\/decouvrir-la-drome.jpg\" data-src=\"https:\/\/www.campinglesbastets.com\/wp-content\/uploads\/2022\/03\/decouvrir-la-drome.jpg\" alt=\"decouvrir la drome\" class=\"big\" \/><\/div><div class=\"call-to-action_contenu\"><div class=\"call-to-action_titre\">The most beautiful villages of the Dr\u00f4me<\/div><\/div><\/a><\/li><li class=\"element call-to-action carre call-to-action--style-1 call-to-action--big call-to-action--style-1 call-to-action--big call-to-action--style-1 call-to-action--big call-to-action--style-1 call-to-action--big\"><a href=\"https:\/\/www.campinglesbastets.com\/en\/surroundings\/crocodile-farm\/\"  class=\"call-to-action_link\" title=\"En savoir plus sur crocodile farm\"><div class=\"call-to-action_image\"><img decoding=\"async\" src=\"https:\/\/www.campinglesbastets.com\/wp-content\/uploads\/2022\/03\/ferme-aux-crocodiles.jpg\" data-src=\"https:\/\/www.campinglesbastets.com\/wp-content\/uploads\/2022\/03\/ferme-aux-crocodiles.jpg\" alt=\"ferme aux crocodiles\" class=\"big\" \/><\/div><div class=\"call-to-action_contenu\"><div class=\"call-to-action_titre\">Crocodile Farm<\/div><\/div><\/a><\/li><li class=\"element call-to-action carre call-to-action--style-1 call-to-action--big call-to-action--style-1 call-to-action--big call-to-action--style-1 call-to-action--big call-to-action--style-1 call-to-action--big call-to-action--style-1 call-to-action--big\"><a href=\"https:\/\/www.campinglesbastets.com\/en\/surroundings\/back-to-nature-the-french-vercors\/\"  class=\"call-to-action_link\" title=\"En savoir plus sur vercors natural park\"><div class=\"call-to-action_image\"><img decoding=\"async\" src=\"https:\/\/www.campinglesbastets.com\/wp-content\/uploads\/2022\/03\/balades-parc-vercors.jpg\" data-src=\"https:\/\/www.campinglesbastets.com\/wp-content\/uploads\/2022\/03\/balades-parc-vercors.jpg\" alt=\"balades parc vercors\" class=\"big\" \/><\/div><div class=\"call-to-action_contenu\"><div class=\"call-to-action_titre\">Vercors Natural Park<\/div><\/div><\/a><\/li><li class=\"element call-to-action carre call-to-action--style-1 call-to-action--big call-to-action--style-1 call-to-action--big call-to-action--style-1 call-to-action--big call-to-action--style-1 call-to-action--big call-to-action--style-1 call-to-action--big call-to-action--style-1 call-to-action--big\"><a href=\"https:\/\/www.campinglesbastets.com\/en\/surroundings\/valence-fine-cuisine-and-rich-history\/\"  class=\"call-to-action_link\" title=\"En savoir plus sur valence\"><div class=\"call-to-action_image\"><img decoding=\"async\" src=\"https:\/\/www.campinglesbastets.com\/wp-content\/uploads\/2022\/03\/visiter-valance.jpg\" data-src=\"https:\/\/www.campinglesbastets.com\/wp-content\/uploads\/2022\/03\/visiter-valance.jpg\" alt=\"visiter valance\" class=\"big\" \/><\/div><div class=\"call-to-action_contenu\"><div class=\"call-to-action_titre\">Valence<\/div><\/div><\/a><\/li><\/ul><\/div><\/section>","protected":false},"excerpt":{"rendered":"","protected":false},"author":1,"featured_media":11504,"parent":9704,"menu_order":0,"comment_status":"closed","ping_status":"closed","template":"","meta":{"_acf_changed":false,"footnotes":""},"class_list":["post-11492","page","type-page","status-publish","has-post-thumbnail","hentry"],"acf":[],"yoast_head":"<!-- This site is optimized with the Yoast SEO plugin v25.3 - https:\/\/yoast.com\/wordpress\/plugins\/seo\/ -->\n<title>The essentials to see and do in the Baronnies Proven\u00e7ales Park<\/title>\n<meta name=\"description\" content=\"On holiday in the Dr\u00f4me Proven\u00e7ale, visit the Baronnies Proven\u00e7ales massif, a natural pearl with many activities and sites to visit.\" \/>\n<meta name=\"robots\" content=\"index, follow, max-snippet:-1, max-image-preview:large, max-video-preview:-1\" \/>\n<link rel=\"canonical\" href=\"https:\/\/www.campinglesbastets.com\/en\/surroundings\/baronnies-provencales\/\" \/>\n<meta property=\"og:locale\" content=\"en_US\" \/>\n<meta property=\"og:type\" content=\"article\" \/>\n<meta property=\"og:title\" content=\"The essentials to see and do in the Baronnies Proven\u00e7ales Park\" \/>\n<meta property=\"og:description\" content=\"On holiday in the Dr\u00f4me Proven\u00e7ale, visit the Baronnies Proven\u00e7ales massif, a natural pearl with many activities and sites to visit.\" \/>\n<meta property=\"og:url\" content=\"https:\/\/www.campinglesbastets.com\/en\/surroundings\/baronnies-provencales\/\" \/>\n<meta property=\"og:site_name\" content=\"Camping Les Bastets\" \/>\n<meta property=\"article:modified_time\" content=\"2022-08-01T12:01:35+00:00\" \/>\n<meta property=\"og:image\" content=\"https:\/\/www.campinglesbastets.com\/wp-content\/uploads\/2022\/08\/baronnies-provencales.jpg\" \/>\n\t<meta property=\"og:image:width\" content=\"1900\" \/>\n\t<meta property=\"og:image:height\" content=\"1072\" \/>\n\t<meta property=\"og:image:type\" content=\"image\/jpeg\" \/>\n<meta name=\"twitter:card\" content=\"summary_large_image\" \/>\n<script type=\"application\/ld+json\" class=\"yoast-schema-graph\">{\"@context\":\"https:\/\/schema.org\",\"@graph\":[{\"@type\":\"WebPage\",\"@id\":\"https:\/\/www.campinglesbastets.com\/en\/surroundings\/baronnies-provencales\/\",\"url\":\"https:\/\/www.campinglesbastets.com\/en\/surroundings\/baronnies-provencales\/\",\"name\":\"The essentials to see and do in the Baronnies Proven\u00e7ales Park\",\"isPartOf\":{\"@id\":\"https:\/\/www.campinglesbastets.com\/en\/#website\"},\"primaryImageOfPage\":{\"@id\":\"https:\/\/www.campinglesbastets.com\/en\/surroundings\/baronnies-provencales\/#primaryimage\"},\"image\":{\"@id\":\"https:\/\/www.campinglesbastets.com\/en\/surroundings\/baronnies-provencales\/#primaryimage\"},\"thumbnailUrl\":\"https:\/\/www.campinglesbastets.com\/wp-content\/uploads\/2022\/08\/baronnies-provencales.jpg\",\"datePublished\":\"2022-08-01T11:55:43+00:00\",\"dateModified\":\"2022-08-01T12:01:35+00:00\",\"description\":\"On holiday in the Dr\u00f4me Proven\u00e7ale, visit the Baronnies Proven\u00e7ales massif, a natural pearl with many activities and sites to visit.\",\"breadcrumb\":{\"@id\":\"https:\/\/www.campinglesbastets.com\/en\/surroundings\/baronnies-provencales\/#breadcrumb\"},\"inLanguage\":\"en-US\",\"potentialAction\":[{\"@type\":\"ReadAction\",\"target\":[\"https:\/\/www.campinglesbastets.com\/en\/surroundings\/baronnies-provencales\/\"]}]},{\"@type\":\"ImageObject\",\"inLanguage\":\"en-US\",\"@id\":\"https:\/\/www.campinglesbastets.com\/en\/surroundings\/baronnies-provencales\/#primaryimage\",\"url\":\"https:\/\/www.campinglesbastets.com\/wp-content\/uploads\/2022\/08\/baronnies-provencales.jpg\",\"contentUrl\":\"https:\/\/www.campinglesbastets.com\/wp-content\/uploads\/2022\/08\/baronnies-provencales.jpg\",\"width\":1900,\"height\":1072,\"caption\":\"Lavender fields, Proven\u00e7al baronies\"},{\"@type\":\"BreadcrumbList\",\"@id\":\"https:\/\/www.campinglesbastets.com\/en\/surroundings\/baronnies-provencales\/#breadcrumb\",\"itemListElement\":[{\"@type\":\"ListItem\",\"position\":1,\"name\":\"Camping Dr\u00f4me\",\"item\":\"https:\/\/www.campinglesbastets.com\/en\/\"},{\"@type\":\"ListItem\",\"position\":2,\"name\":\"TOURISM IN THE DR\u00d4ME PROVEN\u00c7ALE\",\"item\":\"https:\/\/www.campinglesbastets.com\/en\/surroundings\/\"},{\"@type\":\"ListItem\",\"position\":3,\"name\":\"Baronnies Proven\u00e7ales\"}]},{\"@type\":\"WebSite\",\"@id\":\"https:\/\/www.campinglesbastets.com\/en\/#website\",\"url\":\"https:\/\/www.campinglesbastets.com\/en\/\",\"name\":\"Camping Les Bastets\",\"description\":\"\",\"publisher\":{\"@id\":\"https:\/\/www.campinglesbastets.com\/en\/#organization\"},\"potentialAction\":[{\"@type\":\"SearchAction\",\"target\":{\"@type\":\"EntryPoint\",\"urlTemplate\":\"https:\/\/www.campinglesbastets.com\/en\/?s={search_term_string}\"},\"query-input\":{\"@type\":\"PropertyValueSpecification\",\"valueRequired\":true,\"valueName\":\"search_term_string\"}}],\"inLanguage\":\"en-US\"},{\"@type\":\"Organization\",\"@id\":\"https:\/\/www.campinglesbastets.com\/en\/#organization\",\"name\":\"Camping Les Bastets\",\"url\":\"https:\/\/www.campinglesbastets.com\/en\/\",\"logo\":{\"@type\":\"ImageObject\",\"inLanguage\":\"en-US\",\"@id\":\"https:\/\/www.campinglesbastets.com\/en\/#\/schema\/logo\/image\/\",\"url\":\"https:\/\/www.campinglesbastets.com\/wp-content\/uploads\/2022\/02\/favicon-1.png\",\"contentUrl\":\"https:\/\/www.campinglesbastets.com\/wp-content\/uploads\/2022\/02\/favicon-1.png\",\"width\":1423,\"height\":1423,\"caption\":\"Camping Les Bastets\"},\"image\":{\"@id\":\"https:\/\/www.campinglesbastets.com\/en\/#\/schema\/logo\/image\/\"}}]}<\/script>\n<!-- \/ Yoast SEO plugin. -->","yoast_head_json":{"title":"The essentials to see and do in the Baronnies Proven\u00e7ales Park","description":"On holiday in the Dr\u00f4me Proven\u00e7ale, visit the Baronnies Proven\u00e7ales massif, a natural pearl with many activities and sites to visit.","robots":{"index":"index","follow":"follow","max-snippet":"max-snippet:-1","max-image-preview":"max-image-preview:large","max-video-preview":"max-video-preview:-1"},"canonical":"https:\/\/www.campinglesbastets.com\/en\/surroundings\/baronnies-provencales\/","og_locale":"en_US","og_type":"article","og_title":"The essentials to see and do in the Baronnies Proven\u00e7ales Park","og_description":"On holiday in the Dr\u00f4me Proven\u00e7ale, visit the Baronnies Proven\u00e7ales massif, a natural pearl with many activities and sites to visit.","og_url":"https:\/\/www.campinglesbastets.com\/en\/surroundings\/baronnies-provencales\/","og_site_name":"Camping Les Bastets","article_modified_time":"2022-08-01T12:01:35+00:00","og_image":[{"width":1900,"height":1072,"url":"https:\/\/www.campinglesbastets.com\/wp-content\/uploads\/2022\/08\/baronnies-provencales.jpg","type":"image\/jpeg"}],"twitter_card":"summary_large_image","schema":{"@context":"https:\/\/schema.org","@graph":[{"@type":"WebPage","@id":"https:\/\/www.campinglesbastets.com\/en\/surroundings\/baronnies-provencales\/","url":"https:\/\/www.campinglesbastets.com\/en\/surroundings\/baronnies-provencales\/","name":"The essentials to see and do in the Baronnies Proven\u00e7ales Park","isPartOf":{"@id":"https:\/\/www.campinglesbastets.com\/en\/#website"},"primaryImageOfPage":{"@id":"https:\/\/www.campinglesbastets.com\/en\/surroundings\/baronnies-provencales\/#primaryimage"},"image":{"@id":"https:\/\/www.campinglesbastets.com\/en\/surroundings\/baronnies-provencales\/#primaryimage"},"thumbnailUrl":"https:\/\/www.campinglesbastets.com\/wp-content\/uploads\/2022\/08\/baronnies-provencales.jpg","datePublished":"2022-08-01T11:55:43+00:00","dateModified":"2022-08-01T12:01:35+00:00","description":"On holiday in the Dr\u00f4me Proven\u00e7ale, visit the Baronnies Proven\u00e7ales massif, a natural pearl with many activities and sites to visit.","breadcrumb":{"@id":"https:\/\/www.campinglesbastets.com\/en\/surroundings\/baronnies-provencales\/#breadcrumb"},"inLanguage":"en-US","potentialAction":[{"@type":"ReadAction","target":["https:\/\/www.campinglesbastets.com\/en\/surroundings\/baronnies-provencales\/"]}]},{"@type":"ImageObject","inLanguage":"en-US","@id":"https:\/\/www.campinglesbastets.com\/en\/surroundings\/baronnies-provencales\/#primaryimage","url":"https:\/\/www.campinglesbastets.com\/wp-content\/uploads\/2022\/08\/baronnies-provencales.jpg","contentUrl":"https:\/\/www.campinglesbastets.com\/wp-content\/uploads\/2022\/08\/baronnies-provencales.jpg","width":1900,"height":1072,"caption":"Lavender fields, Proven\u00e7al baronies"},{"@type":"BreadcrumbList","@id":"https:\/\/www.campinglesbastets.com\/en\/surroundings\/baronnies-provencales\/#breadcrumb","itemListElement":[{"@type":"ListItem","position":1,"name":"Camping Dr\u00f4me","item":"https:\/\/www.campinglesbastets.com\/en\/"},{"@type":"ListItem","position":2,"name":"TOURISM IN THE DR\u00d4ME PROVEN\u00c7ALE","item":"https:\/\/www.campinglesbastets.com\/en\/surroundings\/"},{"@type":"ListItem","position":3,"name":"Baronnies Proven\u00e7ales"}]},{"@type":"WebSite","@id":"https:\/\/www.campinglesbastets.com\/en\/#website","url":"https:\/\/www.campinglesbastets.com\/en\/","name":"Camping Les Bastets","description":"","publisher":{"@id":"https:\/\/www.campinglesbastets.com\/en\/#organization"},"potentialAction":[{"@type":"SearchAction","target":{"@type":"EntryPoint","urlTemplate":"https:\/\/www.campinglesbastets.com\/en\/?s={search_term_string}"},"query-input":{"@type":"PropertyValueSpecification","valueRequired":true,"valueName":"search_term_string"}}],"inLanguage":"en-US"},{"@type":"Organization","@id":"https:\/\/www.campinglesbastets.com\/en\/#organization","name":"Camping Les Bastets","url":"https:\/\/www.campinglesbastets.com\/en\/","logo":{"@type":"ImageObject","inLanguage":"en-US","@id":"https:\/\/www.campinglesbastets.com\/en\/#\/schema\/logo\/image\/","url":"https:\/\/www.campinglesbastets.com\/wp-content\/uploads\/2022\/02\/favicon-1.png","contentUrl":"https:\/\/www.campinglesbastets.com\/wp-content\/uploads\/2022\/02\/favicon-1.png","width":1423,"height":1423,"caption":"Camping Les Bastets"},"image":{"@id":"https:\/\/www.campinglesbastets.com\/en\/#\/schema\/logo\/image\/"}}]}},"_links":{"self":[{"href":"https:\/\/www.campinglesbastets.com\/en\/wp-json\/wp\/v2\/pages\/11492","targetHints":{"allow":["GET"]}}],"collection":[{"href":"https:\/\/www.campinglesbastets.com\/en\/wp-json\/wp\/v2\/pages"}],"about":[{"href":"https:\/\/www.campinglesbastets.com\/en\/wp-json\/wp\/v2\/types\/page"}],"author":[{"embeddable":true,"href":"https:\/\/www.campinglesbastets.com\/en\/wp-json\/wp\/v2\/users\/1"}],"replies":[{"embeddable":true,"href":"https:\/\/www.campinglesbastets.com\/en\/wp-json\/wp\/v2\/comments?post=11492"}],"version-history":[{"count":9,"href":"https:\/\/www.campinglesbastets.com\/en\/wp-json\/wp\/v2\/pages\/11492\/revisions"}],"predecessor-version":[{"id":14015,"href":"https:\/\/www.campinglesbastets.com\/en\/wp-json\/wp\/v2\/pages\/11492\/revisions\/14015"}],"up":[{"embeddable":true,"href":"https:\/\/www.campinglesbastets.com\/en\/wp-json\/wp\/v2\/pages\/9704"}],"wp:featuredmedia":[{"embeddable":true,"href":"https:\/\/www.campinglesbastets.com\/en\/wp-json\/wp\/v2\/media\/11504"}],"wp:attachment":[{"href":"https:\/\/www.campinglesbastets.com\/en\/wp-json\/wp\/v2\/media?parent=11492"}],"curies":[{"name":"wp","href":"https:\/\/api.w.org\/{rel}","templated":true}]}}