{"id":10875,"date":"2022-03-17T15:19:39","date_gmt":"2022-03-17T14:19:39","guid":{"rendered":"https:\/\/www.campinglesbastets.com\/mentions-legales\/"},"modified":"2025-10-07T09:46:54","modified_gmt":"2025-10-07T07:46:54","slug":"legal-notices","status":"publish","type":"page","link":"https:\/\/www.campinglesbastets.com\/en\/legal-notices\/","title":{"rendered":"Mentions l\u00e9gales"},"content":{"rendered":"<section id=\"section-6221f380d2bdf\"\" class=\"section bg-white\" \/><div class=\"container extralarge\"><h1 class=\"element section-title center\">LEGAL NOTICES<\/h1><div class=\"element bloc-text justify \">\n\t<h2>Website editor<\/h2>\n<p>Campsite Les Bastets<\/p>\n<p>Name or company name: LES BASTETS<br \/>\nAddress: 335 chemin du camping 26740 MARSANNE<br \/>\nTel: 04 75 90 35 03<br \/>\nE-mail: contact@campinglesbastets.com<\/p>\n<p>Legal status: Soci\u00e9t\u00e9 \u00e0 responsabilit\u00e9 limit\u00e9e (Soci\u00e9t\u00e9 \u00e0 associ\u00e9 unique)<br \/>\nShare capital: 68 687,00 Euros<br \/>\nSIRET: 95391338100018<\/p>\n<p>Intracommunity VAT: FR80953913381<\/p>\n<p>Publication manager: Marie Merlet Roche<\/p>\n<h2>Created by<\/h2>\n<p>GEEKTONIC<br \/>\nRepresented by Mr Yohan Darmayan in his capacity as Managing Director<br \/>\nRegistered office: 50 avenue du Lac Marion, 64200 Biarritz<br \/>\nTel: 0532741152<br \/>\nE-mail: support@geek-tonic.com<br \/>\nWebsite: www.geek-tonic.com<br \/>\nSIRET: 89746755100015<br \/>\nAPE: 6201Z<\/p>\n<h2>Copyright<\/h2>\n<p>The entire content of this site is subject to copyright and intellectual property under French law. Any reproduction (including photos, icons and downloadable documents) is prohibited without the prior consent of GEEKTONIC. Reproduction on an electronic medium of all or part of the site on paper or electronic format is prohibited. GeekTonic declines all responsibility for the content of the website. Geektonic also disclaims any responsibility for external links pointing to this site.<\/p>\n<h2>Personal data and nominative information<\/h2>\n<p>You have the right to access, modify, rectify and delete data concerning you in accordance with Article 34 of the French Data Protection Act (Loi &#8220;Informatique et Libert\u00e9s&#8221;) no. 78-17 of 6 January 1978, amended on 6 August 2018. To exercise this right of access, please send a written request to the website publisher.<\/p>\n<h2>Legalisation<\/h2>\n<p>In accordance with the law of 11 March 1957 (art. 41) and the intellectual property code of 1 July 1992, it is forbidden to reproduce all or part of the site without prior authorisation from the site editor. Logos, visuals, photos, videos, graphic charts and texts are the property of their respective owners. This site may, without its knowledge, have been linked to other sites via hypermedia links. The site editor declines all responsibility for the information presented on these other sites. Internet users acknowledge that use of this site is governed by French law.<\/p>\n<\/div><\/div><\/section>","protected":false},"excerpt":{"rendered":"","protected":false},"author":1,"featured_media":0,"parent":0,"menu_order":0,"comment_status":"closed","ping_status":"closed","template":"","meta":{"_acf_changed":false,"footnotes":""},"class_list":["post-10875","page","type-page","status-publish","hentry"],"acf":[],"yoast_head":"<!-- This site is optimized with the Yoast SEO plugin v25.3 - https:\/\/yoast.com\/wordpress\/plugins\/seo\/ -->\n<title>Legal information | Camping Les Bastets<\/title>\n<meta name=\"robots\" content=\"noindex, nofollow\" \/>\n<meta property=\"og:locale\" content=\"en_US\" \/>\n<meta property=\"og:type\" content=\"article\" \/>\n<meta property=\"og:title\" content=\"Legal information | Camping Les Bastets\" \/>\n<meta property=\"og:url\" content=\"https:\/\/www.campinglesbastets.com\/en\/legal-notices\/\" \/>\n<meta property=\"og:site_name\" content=\"Camping Les Bastets\" \/>\n<meta property=\"article:modified_time\" content=\"2025-10-07T07:46:54+00:00\" \/>\n<meta name=\"twitter:card\" content=\"summary_large_image\" \/>\n<script type=\"application\/ld+json\" class=\"yoast-schema-graph\">{\"@context\":\"https:\/\/schema.org\",\"@graph\":[{\"@type\":\"WebPage\",\"@id\":\"https:\/\/www.campinglesbastets.com\/en\/legal-notices\/\",\"url\":\"https:\/\/www.campinglesbastets.com\/en\/legal-notices\/\",\"name\":\"Legal information | Camping Les Bastets\",\"isPartOf\":{\"@id\":\"https:\/\/www.campinglesbastets.com\/en\/#website\"},\"datePublished\":\"2022-03-17T14:19:39+00:00\",\"dateModified\":\"2025-10-07T07:46:54+00:00\",\"breadcrumb\":{\"@id\":\"https:\/\/www.campinglesbastets.com\/en\/legal-notices\/#breadcrumb\"},\"inLanguage\":\"en-US\",\"potentialAction\":[{\"@type\":\"ReadAction\",\"target\":[\"https:\/\/www.campinglesbastets.com\/en\/legal-notices\/\"]}]},{\"@type\":\"BreadcrumbList\",\"@id\":\"https:\/\/www.campinglesbastets.com\/en\/legal-notices\/#breadcrumb\",\"itemListElement\":[{\"@type\":\"ListItem\",\"position\":1,\"name\":\"Camping Dr\u00f4me\",\"item\":\"https:\/\/www.campinglesbastets.com\/en\/\"},{\"@type\":\"ListItem\",\"position\":2,\"name\":\"Mentions l\u00e9gales\"}]},{\"@type\":\"WebSite\",\"@id\":\"https:\/\/www.campinglesbastets.com\/en\/#website\",\"url\":\"https:\/\/www.campinglesbastets.com\/en\/\",\"name\":\"Camping Les Bastets\",\"description\":\"\",\"publisher\":{\"@id\":\"https:\/\/www.campinglesbastets.com\/en\/#organization\"},\"potentialAction\":[{\"@type\":\"SearchAction\",\"target\":{\"@type\":\"EntryPoint\",\"urlTemplate\":\"https:\/\/www.campinglesbastets.com\/en\/?s={search_term_string}\"},\"query-input\":{\"@type\":\"PropertyValueSpecification\",\"valueRequired\":true,\"valueName\":\"search_term_string\"}}],\"inLanguage\":\"en-US\"},{\"@type\":\"Organization\",\"@id\":\"https:\/\/www.campinglesbastets.com\/en\/#organization\",\"name\":\"Camping Les Bastets\",\"url\":\"https:\/\/www.campinglesbastets.com\/en\/\",\"logo\":{\"@type\":\"ImageObject\",\"inLanguage\":\"en-US\",\"@id\":\"https:\/\/www.campinglesbastets.com\/en\/#\/schema\/logo\/image\/\",\"url\":\"https:\/\/www.campinglesbastets.com\/wp-content\/uploads\/2022\/02\/favicon-1.png\",\"contentUrl\":\"https:\/\/www.campinglesbastets.com\/wp-content\/uploads\/2022\/02\/favicon-1.png\",\"width\":1423,\"height\":1423,\"caption\":\"Camping Les Bastets\"},\"image\":{\"@id\":\"https:\/\/www.campinglesbastets.com\/en\/#\/schema\/logo\/image\/\"}}]}<\/script>\n<!-- \/ Yoast SEO plugin. -->","yoast_head_json":{"title":"Legal information | Camping Les Bastets","robots":{"index":"noindex","follow":"nofollow"},"og_locale":"en_US","og_type":"article","og_title":"Legal information | Camping Les Bastets","og_url":"https:\/\/www.campinglesbastets.com\/en\/legal-notices\/","og_site_name":"Camping Les Bastets","article_modified_time":"2025-10-07T07:46:54+00:00","twitter_card":"summary_large_image","schema":{"@context":"https:\/\/schema.org","@graph":[{"@type":"WebPage","@id":"https:\/\/www.campinglesbastets.com\/en\/legal-notices\/","url":"https:\/\/www.campinglesbastets.com\/en\/legal-notices\/","name":"Legal information | Camping Les Bastets","isPartOf":{"@id":"https:\/\/www.campinglesbastets.com\/en\/#website"},"datePublished":"2022-03-17T14:19:39+00:00","dateModified":"2025-10-07T07:46:54+00:00","breadcrumb":{"@id":"https:\/\/www.campinglesbastets.com\/en\/legal-notices\/#breadcrumb"},"inLanguage":"en-US","potentialAction":[{"@type":"ReadAction","target":["https:\/\/www.campinglesbastets.com\/en\/legal-notices\/"]}]},{"@type":"BreadcrumbList","@id":"https:\/\/www.campinglesbastets.com\/en\/legal-notices\/#breadcrumb","itemListElement":[{"@type":"ListItem","position":1,"name":"Camping Dr\u00f4me","item":"https:\/\/www.campinglesbastets.com\/en\/"},{"@type":"ListItem","position":2,"name":"Mentions l\u00e9gales"}]},{"@type":"WebSite","@id":"https:\/\/www.campinglesbastets.com\/en\/#website","url":"https:\/\/www.campinglesbastets.com\/en\/","name":"Camping Les Bastets","description":"","publisher":{"@id":"https:\/\/www.campinglesbastets.com\/en\/#organization"},"potentialAction":[{"@type":"SearchAction","target":{"@type":"EntryPoint","urlTemplate":"https:\/\/www.campinglesbastets.com\/en\/?s={search_term_string}"},"query-input":{"@type":"PropertyValueSpecification","valueRequired":true,"valueName":"search_term_string"}}],"inLanguage":"en-US"},{"@type":"Organization","@id":"https:\/\/www.campinglesbastets.com\/en\/#organization","name":"Camping Les Bastets","url":"https:\/\/www.campinglesbastets.com\/en\/","logo":{"@type":"ImageObject","inLanguage":"en-US","@id":"https:\/\/www.campinglesbastets.com\/en\/#\/schema\/logo\/image\/","url":"https:\/\/www.campinglesbastets.com\/wp-content\/uploads\/2022\/02\/favicon-1.png","contentUrl":"https:\/\/www.campinglesbastets.com\/wp-content\/uploads\/2022\/02\/favicon-1.png","width":1423,"height":1423,"caption":"Camping Les Bastets"},"image":{"@id":"https:\/\/www.campinglesbastets.com\/en\/#\/schema\/logo\/image\/"}}]}},"_links":{"self":[{"href":"https:\/\/www.campinglesbastets.com\/en\/wp-json\/wp\/v2\/pages\/10875","targetHints":{"allow":["GET"]}}],"collection":[{"href":"https:\/\/www.campinglesbastets.com\/en\/wp-json\/wp\/v2\/pages"}],"about":[{"href":"https:\/\/www.campinglesbastets.com\/en\/wp-json\/wp\/v2\/types\/page"}],"author":[{"embeddable":true,"href":"https:\/\/www.campinglesbastets.com\/en\/wp-json\/wp\/v2\/users\/1"}],"replies":[{"embeddable":true,"href":"https:\/\/www.campinglesbastets.com\/en\/wp-json\/wp\/v2\/comments?post=10875"}],"version-history":[{"count":12,"href":"https:\/\/www.campinglesbastets.com\/en\/wp-json\/wp\/v2\/pages\/10875\/revisions"}],"predecessor-version":[{"id":15665,"href":"https:\/\/www.campinglesbastets.com\/en\/wp-json\/wp\/v2\/pages\/10875\/revisions\/15665"}],"wp:attachment":[{"href":"https:\/\/www.campinglesbastets.com\/en\/wp-json\/wp\/v2\/media?parent=10875"}],"curies":[{"name":"wp","href":"https:\/\/api.w.org\/{rel}","templated":true}]}}