{"id":10760,"date":"2022-03-11T09:04:25","date_gmt":"2022-03-11T08:04:25","guid":{"rendered":"https:\/\/www.campinglesbastets.com\/camping-activities-drome\/camping-calme-drome\/"},"modified":"2022-05-04T16:12:51","modified_gmt":"2022-05-04T14:12:51","slug":"quiet-campsite-drome","status":"publish","type":"page","link":"https:\/\/www.campinglesbastets.com\/en\/camping-activities-drome\/quiet-campsite-drome\/","title":{"rendered":"Se ressourcer au naturel"},"content":{"rendered":"<section id=\"section-activites-titre\"\" class=\"section bg-white p-b-0\" \/><div class=\"container extralarge\"><h1 class=\"element section-title center\">Rejuvenate with nature<\/h1><\/div><\/section>\n\n<section id=\"section-622b6ede374ae\"\" class=\"section home-first bg-white\" \/><div class=\"container extralarge\"><h2 class=\"element section-title center\">Did you know? Bathing in nature is the true secret to natural health.<\/h2><div class=\"colonnes-wrap valign-middle \"><div class=\"element colonne w-60 m-t-5\"><div class=\"element images\"><div class=\"image\"><img decoding=\"async\" src=\"https:\/\/www.campinglesbastets.com\/wp-content\/uploads\/2022\/03\/oiseau-nature-1.jpg\" data-src=\"https:\/\/www.campinglesbastets.com\/wp-content\/uploads\/2022\/03\/oiseau-nature-1.jpg\" alt=\"oiseau nature\" class=\"images_image\" \/><\/div><\/div><\/div><div class=\"element colonne w-40\"><div class=\"element bloc-text left \">\n\t<p>What if you reconnected with <strong>nature to take advantage of its benefits<\/strong>? <strong>Immerse yourself in nature<\/strong> and awaken your senses to sound, touch and smell.<\/p>\n<p>Simply <strong>reconnecting with the peacefulness of nature<\/strong>, soaking it in, deeply rejuvenates your body and mind.<\/p>\n<\/div><\/div><\/div><\/div><\/section>\n\n<section id=\"section-622b6ede37610\"\" class=\"section text-image-right  bg-color3\" \/><div class=\"container extralarge\"><div class=\"colonnes-wrap valign-top \"><div class=\"element colonne \"><h3 class=\"element section-title center\">Nature is good for you<\/h3><div class=\"element bloc-text left \">\n\t<p>There is nothing to do, just breathe, <strong>awaken your senses<\/strong>, listen to the songs of birds and cicadas, smell the odors and perfumes. The important thing is to <strong>take your time<\/strong> and reconnect with nature at your own pace.<\/p>\n<\/div><\/div><div class=\"element colonne \"><h3 class=\"element section-title center\">Simply taking a walk<\/h3><div class=\"element bloc-text left \">\n\t<p>Walk very slowly for an hour, or even a few minutes, and <strong>let yourself be guided, let nature enter you<\/strong>. You can touch a tree trunk, caress a flower or even lie down in the grass&#8230; you are in a garden where walking feels good.<\/p>\n<\/div><\/div><div class=\"element colonne \"><h3 class=\"element section-title center\">The landscape<\/h3><div class=\"element bloc-text left \">\n\t<p>There, in front of your eyes at Les Bastets, <strong>nature as far as the eye<\/strong> can see and mountains in the distance. This <strong>enchanting and soothing landscape<\/strong> allows you to escape, slow down time, let go&#8230; it&#8217;s so <strong>good for your health<\/strong>.<\/p>\n<p>A morning walk along the lavender fields in bloom in front of the campsite, a great way to start the day!<\/p>\n<\/div><\/div><\/div><\/div><\/section>\n\n<section id=\"section-623c420594be3\"\" class=\"section page-gallery bg-color4\" \/><div class=\"container full\"><div class=\"accordeon\"><div class=\"slide \"><div class=\"slide_image\"><img decoding=\"async\" src=\"https:\/\/www.campinglesbastets.com\/wp-content\/uploads\/2022\/03\/se-ressourcer-67x100.jpg\" data-src=\"https:\/\/www.campinglesbastets.com\/wp-content\/uploads\/2022\/03\/se-ressourcer.jpg\" alt=\"se ressourcer\" class=\"\" \/><\/div><\/div><div class=\"slide \"><div class=\"slide_image\"><img decoding=\"async\" src=\"https:\/\/www.campinglesbastets.com\/wp-content\/uploads\/2022\/03\/randonnees-drome-provencale-67x100.jpg\" data-src=\"https:\/\/www.campinglesbastets.com\/wp-content\/uploads\/2022\/03\/randonnees-drome-provencale.jpg\" alt=\"randonnees drome provencale\" class=\"\" \/><\/div><\/div><div class=\"slide \"><div class=\"slide_image\"><img decoding=\"async\" src=\"https:\/\/www.campinglesbastets.com\/wp-content\/uploads\/2022\/04\/lavande-100x67.jpg\" data-src=\"https:\/\/www.campinglesbastets.com\/wp-content\/uploads\/2022\/04\/lavande.jpg\" alt=\"lavande\" class=\"\" \/><\/div><\/div><div class=\"slide \"><div class=\"slide_image\"><img decoding=\"async\" src=\"https:\/\/www.campinglesbastets.com\/wp-content\/uploads\/2022\/03\/balade-drome-provencale-67x100.jpg\" data-src=\"https:\/\/www.campinglesbastets.com\/wp-content\/uploads\/2022\/03\/balade-drome-provencale.jpg\" alt=\"balade drome provencale\" class=\"\" \/><\/div><\/div><div class=\"slide \"><div class=\"slide_image\"><img decoding=\"async\" src=\"https:\/\/www.campinglesbastets.com\/wp-content\/uploads\/2022\/03\/vacances-reposantes-100x67.jpg\" data-src=\"https:\/\/www.campinglesbastets.com\/wp-content\/uploads\/2022\/03\/vacances-reposantes.jpg\" alt=\"vacances reposantes\" class=\"\" \/><\/div><\/div><div class=\"slide \"><div class=\"slide_image\"><img decoding=\"async\" src=\"https:\/\/www.campinglesbastets.com\/wp-content\/uploads\/2022\/03\/chat-100x67.jpg\" data-src=\"https:\/\/www.campinglesbastets.com\/wp-content\/uploads\/2022\/03\/chat.jpg\" alt=\"chat\" class=\"\" \/><\/div><\/div><div class=\"slide \"><div class=\"slide_image\"><img decoding=\"async\" src=\"https:\/\/www.campinglesbastets.com\/wp-content\/uploads\/2022\/03\/camping-calme-drome-100x67.jpg\" data-src=\"https:\/\/www.campinglesbastets.com\/wp-content\/uploads\/2022\/03\/camping-calme-drome.jpg\" alt=\"camping calme drome\" class=\"\" \/><\/div><\/div><div class=\"slide \"><div class=\"slide_image\"><img decoding=\"async\" src=\"https:\/\/www.campinglesbastets.com\/wp-content\/uploads\/2022\/03\/piscine-camping-100x67.jpg\" data-src=\"https:\/\/www.campinglesbastets.com\/wp-content\/uploads\/2022\/03\/piscine-camping.jpg\" alt=\"piscine camping\" class=\"\" \/><\/div><\/div><div class=\"slide \"><div class=\"slide_image\"><img decoding=\"async\" src=\"https:\/\/www.campinglesbastets.com\/wp-content\/uploads\/2022\/03\/meditation-drome-100x67.jpg\" data-src=\"https:\/\/www.campinglesbastets.com\/wp-content\/uploads\/2022\/03\/meditation-drome.jpg\" alt=\"meditation drome\" class=\"\" \/><\/div><\/div><div class=\"slide \"><div class=\"slide_image\"><img decoding=\"async\" src=\"https:\/\/www.campinglesbastets.com\/wp-content\/uploads\/2022\/03\/terrasse-camping-100x67.jpg\" data-src=\"https:\/\/www.campinglesbastets.com\/wp-content\/uploads\/2022\/03\/terrasse-camping.jpg\" alt=\"terrasse camping\" class=\"\" \/><\/div><\/div><div class=\"slide \"><div class=\"slide_image\"><img decoding=\"async\" src=\"https:\/\/www.campinglesbastets.com\/wp-content\/uploads\/2022\/03\/lavande-drome-67x100.jpg\" data-src=\"https:\/\/www.campinglesbastets.com\/wp-content\/uploads\/2022\/03\/lavande-drome.jpg\" alt=\"lavande drome\" class=\"\" \/><\/div><\/div><div class=\"slide \"><div class=\"slide_image\"><img decoding=\"async\" src=\"https:\/\/www.campinglesbastets.com\/wp-content\/uploads\/2022\/03\/drome-provencale-1-67x100.jpg\" data-src=\"https:\/\/www.campinglesbastets.com\/wp-content\/uploads\/2022\/03\/drome-provencale-1.jpg\" alt=\"drome provencale\" class=\"\" \/><\/div><\/div><div class=\"slide \"><div class=\"slide_image\"><img decoding=\"async\" src=\"https:\/\/www.campinglesbastets.com\/wp-content\/uploads\/2022\/03\/camping-silencieux-drome-100x67.jpg\" data-src=\"https:\/\/www.campinglesbastets.com\/wp-content\/uploads\/2022\/03\/camping-silencieux-drome.jpg\" alt=\"camping silencieux drome\" class=\"\" \/><\/div><\/div><div class=\"slide \"><div class=\"slide_image\"><img decoding=\"async\" src=\"https:\/\/www.campinglesbastets.com\/wp-content\/uploads\/2022\/03\/aire-camping-car-valme-67x100.jpg\" data-src=\"https:\/\/www.campinglesbastets.com\/wp-content\/uploads\/2022\/03\/aire-camping-car-valme.jpg\" alt=\"aire camping car valme\" class=\"\" \/><\/div><\/div><div class=\"slide \"><div class=\"slide_image\"><img decoding=\"async\" src=\"https:\/\/www.campinglesbastets.com\/wp-content\/uploads\/2022\/03\/emplacements-calme-100x67.jpg\" data-src=\"https:\/\/www.campinglesbastets.com\/wp-content\/uploads\/2022\/03\/emplacements-calme.jpg\" alt=\"emplacements calme\" class=\"\" \/><\/div><\/div><\/div><\/div><\/section>\n\n<section id=\"section-622b74c205b2b\"\" class=\"section text-image-right  bg-color3\" \/><div class=\"container extralarge\"><h2 class=\"element section-title center\">For athletes, outdoor sports are excellent for your health.<\/h2><div class=\"colonnes-wrap valign-top \"><div class=\"element colonne w-40\"><div class=\"element bloc-text left \">\n\t<p>Beyond the <strong>physical benefits<\/strong>, outdoor sports have a <strong>positive effect<\/strong> on mental health. Outdoor physical activity will make you happier and your holiday at Les Bastets is the perfect time to do so. Nature is the real thing!<br \/>\nYou can escape physically and mentally and empty your mind! The nature just outside the campsite awaits you.<\/p>\n<ul>\n<li>Get on your bike for a beautiful ride in a natural setting and marvel at <strong>the beauty that nature offers you every day<\/strong>.<\/li>\n<li>Grab your backpacks and go for a <strong>hike<\/strong> around the campsite, discovering different and new landscapes that will fill your mind with <strong>positive vibes<\/strong>.<\/li>\n<li>There are so many <strong>activities available near the campsite<\/strong>: canoeing and kayaking, canyoning, via ferrata, paragliding, horseback riding, tennis, ropes course, and more.<\/li>\n<\/ul>\n<p>Here, the tranquil nature is like an unconscious meditation that will give you energy and <strong>positive vibes<\/strong>.<\/p>\n<\/div><\/div><div class=\"element colonne w-60\"><div class=\"carousel\"><div class=\"slide \"><div class=\"slide_image\"><img decoding=\"async\" src=\"https:\/\/www.campinglesbastets.com\/wp-content\/uploads\/2022\/03\/canoe-drome-100x67.jpg\" data-src=\"https:\/\/www.campinglesbastets.com\/wp-content\/uploads\/2022\/03\/canoe-drome.jpg\" alt=\"canoe drome\" class=\"\" \/><\/div><\/div><div class=\"slide \"><div class=\"slide_image\"><img decoding=\"async\" src=\"https:\/\/www.campinglesbastets.com\/wp-content\/uploads\/2022\/03\/promenade-drome-provencale-100x67.jpg\" data-src=\"https:\/\/www.campinglesbastets.com\/wp-content\/uploads\/2022\/03\/promenade-drome-provencale.jpg\" alt=\"promenade-drome-provencale\" class=\"\" \/><\/div><\/div><div class=\"slide \"><div class=\"slide_image\"><img decoding=\"async\" src=\"https:\/\/www.campinglesbastets.com\/wp-content\/uploads\/2022\/03\/escalade-drome-100x67.jpg\" data-src=\"https:\/\/www.campinglesbastets.com\/wp-content\/uploads\/2022\/03\/escalade-drome.jpg\" alt=\"escalade drome\" class=\"\" \/><\/div><\/div><div class=\"slide \"><div class=\"slide_image\"><img decoding=\"async\" src=\"https:\/\/www.campinglesbastets.com\/wp-content\/uploads\/2022\/03\/randonnees-drome-100x67.jpg\" data-src=\"https:\/\/www.campinglesbastets.com\/wp-content\/uploads\/2022\/03\/randonnees-drome.jpg\" alt=\"randonnees drome\" class=\"\" \/><\/div><\/div><div class=\"slide \"><div class=\"slide_image\"><img decoding=\"async\" src=\"https:\/\/www.campinglesbastets.com\/wp-content\/uploads\/2022\/03\/balade-cheval-drome-100x67.jpg\" data-src=\"https:\/\/www.campinglesbastets.com\/wp-content\/uploads\/2022\/03\/balade-cheval-drome.jpg\" alt=\"balade cheval drome\" class=\"\" \/><\/div><\/div><div class=\"slide \"><div class=\"slide_image\"><img decoding=\"async\" src=\"https:\/\/www.campinglesbastets.com\/wp-content\/uploads\/2022\/03\/vtt-drome-100x67.jpg\" data-src=\"https:\/\/www.campinglesbastets.com\/wp-content\/uploads\/2022\/03\/vtt-drome.jpg\" alt=\"vtt drome\" class=\"\" \/><\/div><\/div><div class=\"slide \"><div class=\"slide_image\"><img decoding=\"async\" src=\"https:\/\/www.campinglesbastets.com\/wp-content\/uploads\/2022\/03\/balade-velo-drome-100x67.jpg\" data-src=\"https:\/\/www.campinglesbastets.com\/wp-content\/uploads\/2022\/03\/balade-velo-drome.jpg\" alt=\"balade velo drome\" class=\"\" \/><\/div><\/div><div class=\"slide \"><div class=\"slide_image\"><img decoding=\"async\" src=\"https:\/\/www.campinglesbastets.com\/wp-content\/uploads\/2022\/03\/parapente-drome-100x67.jpg\" data-src=\"https:\/\/www.campinglesbastets.com\/wp-content\/uploads\/2022\/03\/parapente-drome.jpg\" alt=\"parapente drome\" class=\"\" \/><\/div><\/div><\/div><\/div><\/div><\/div><\/section>\n\n<section id=\"section-622b6ede3785d\"\" class=\"section page-cta bg-white\" \/><div class=\"container extralarge\"><div class=\"element section-title center h2-like\">Enjoy our activities and pool area<\/div><ul class=\"liste-de-page\"><li class=\"element call-to-action carre call-to-action--style-1 call-to-action--big\"><a href=\"https:\/\/www.campinglesbastets.com\/en\/camping-activities-drome\/family-friendly-campsite-drome\/\"  class=\"call-to-action_link\" title=\"En savoir plus sur happy kids, happy parents\"><div class=\"call-to-action_image\"><img decoding=\"async\" src=\"https:\/\/www.campinglesbastets.com\/wp-content\/uploads\/2022\/03\/camping-activites-drome-2.jpg\" data-src=\"https:\/\/www.campinglesbastets.com\/wp-content\/uploads\/2022\/03\/camping-activites-drome-2.jpg\" alt=\"camping activites drome\" class=\"big\" \/><\/div><div class=\"call-to-action_contenu\"><div class=\"call-to-action_titre\">Happy kids, Happy parents<\/div><\/div><\/a><\/li><li class=\"element call-to-action carre call-to-action--style-1 call-to-action--big call-to-action--style-1 call-to-action--big\"><a href=\"https:\/\/www.campinglesbastets.com\/en\/camping-activities-drome\/campsite-nature-drome\/\"  class=\"call-to-action_link\" title=\"En savoir plus sur nature brings us closer together\"><div class=\"call-to-action_image\"><img decoding=\"async\" src=\"https:\/\/www.campinglesbastets.com\/wp-content\/uploads\/2022\/03\/camping-nature-drome.jpg\" data-src=\"https:\/\/www.campinglesbastets.com\/wp-content\/uploads\/2022\/03\/camping-nature-drome.jpg\" alt=\"camping nature drome\" class=\"big\" \/><\/div><div class=\"call-to-action_contenu\"><div class=\"call-to-action_titre\">Nature brings us closer together<\/div><\/div><\/a><\/li><li class=\"element call-to-action carre call-to-action--style-1 call-to-action--big call-to-action--style-1 call-to-action--big call-to-action--style-1 call-to-action--big\"><a href=\"https:\/\/www.campinglesbastets.com\/en\/pool-drome\/\"  class=\"call-to-action_link\" title=\"En savoir plus sur swimming pool\"><div class=\"call-to-action_image\"><img decoding=\"async\" src=\"https:\/\/www.campinglesbastets.com\/wp-content\/uploads\/2022\/03\/camping-piscine-drome-1.jpg\" data-src=\"https:\/\/www.campinglesbastets.com\/wp-content\/uploads\/2022\/03\/camping-piscine-drome-1.jpg\" alt=\"camping piscine drome\" class=\"big\" \/><\/div><div class=\"call-to-action_contenu\"><div class=\"call-to-action_titre\">Swimming pool<\/div><\/div><\/a><\/li><\/ul><\/div><\/section>","protected":false},"excerpt":{"rendered":"","protected":false},"author":1,"featured_media":7781,"parent":10748,"menu_order":1,"comment_status":"closed","ping_status":"closed","template":"","meta":{"_acf_changed":false,"footnotes":""},"class_list":["post-10760","page","type-page","status-publish","has-post-thumbnail","hentry"],"acf":[],"yoast_head":"<!-- This site is optimized with the Yoast SEO plugin v25.3 - https:\/\/yoast.com\/wordpress\/plugins\/seo\/ -->\n<title>Hiking and walking in the Dr\u00f4me Proven\u00e7ale | Bicycle trails Dr\u00f4me (26)<\/title>\n<meta name=\"robots\" content=\"index, follow, max-snippet:-1, max-image-preview:large, max-video-preview:-1\" \/>\n<link rel=\"canonical\" href=\"https:\/\/www.campinglesbastets.com\/en\/camping-activities-drome\/quiet-campsite-drome\/\" \/>\n<meta property=\"og:locale\" content=\"en_US\" \/>\n<meta property=\"og:type\" content=\"article\" \/>\n<meta property=\"og:title\" content=\"Hiking and walking in the Dr\u00f4me Proven\u00e7ale | Bicycle trails Dr\u00f4me (26)\" \/>\n<meta property=\"og:url\" content=\"https:\/\/www.campinglesbastets.com\/en\/camping-activities-drome\/quiet-campsite-drome\/\" \/>\n<meta property=\"og:site_name\" content=\"Camping Les Bastets\" \/>\n<meta property=\"article:modified_time\" content=\"2022-05-04T14:12:51+00:00\" \/>\n<meta property=\"og:image\" content=\"https:\/\/www.campinglesbastets.com\/wp-content\/uploads\/2022\/03\/se-ressourcer-grace-a-la-nature.jpg\" \/>\n\t<meta property=\"og:image:width\" content=\"1900\" \/>\n\t<meta property=\"og:image:height\" content=\"1056\" \/>\n\t<meta property=\"og:image:type\" content=\"image\/jpeg\" \/>\n<meta name=\"twitter:card\" content=\"summary_large_image\" \/>\n<script type=\"application\/ld+json\" class=\"yoast-schema-graph\">{\"@context\":\"https:\/\/schema.org\",\"@graph\":[{\"@type\":\"WebPage\",\"@id\":\"https:\/\/www.campinglesbastets.com\/en\/camping-activities-drome\/quiet-campsite-drome\/\",\"url\":\"https:\/\/www.campinglesbastets.com\/en\/camping-activities-drome\/quiet-campsite-drome\/\",\"name\":\"Hiking and walking in the Dr\u00f4me Proven\u00e7ale | Bicycle trails Dr\u00f4me (26)\",\"isPartOf\":{\"@id\":\"https:\/\/www.campinglesbastets.com\/en\/#website\"},\"primaryImageOfPage\":{\"@id\":\"https:\/\/www.campinglesbastets.com\/en\/camping-activities-drome\/quiet-campsite-drome\/#primaryimage\"},\"image\":{\"@id\":\"https:\/\/www.campinglesbastets.com\/en\/camping-activities-drome\/quiet-campsite-drome\/#primaryimage\"},\"thumbnailUrl\":\"https:\/\/www.campinglesbastets.com\/wp-content\/uploads\/2022\/03\/se-ressourcer-grace-a-la-nature.jpg\",\"datePublished\":\"2022-03-11T08:04:25+00:00\",\"dateModified\":\"2022-05-04T14:12:51+00:00\",\"breadcrumb\":{\"@id\":\"https:\/\/www.campinglesbastets.com\/en\/camping-activities-drome\/quiet-campsite-drome\/#breadcrumb\"},\"inLanguage\":\"en-US\",\"potentialAction\":[{\"@type\":\"ReadAction\",\"target\":[\"https:\/\/www.campinglesbastets.com\/en\/camping-activities-drome\/quiet-campsite-drome\/\"]}]},{\"@type\":\"ImageObject\",\"inLanguage\":\"en-US\",\"@id\":\"https:\/\/www.campinglesbastets.com\/en\/camping-activities-drome\/quiet-campsite-drome\/#primaryimage\",\"url\":\"https:\/\/www.campinglesbastets.com\/wp-content\/uploads\/2022\/03\/se-ressourcer-grace-a-la-nature.jpg\",\"contentUrl\":\"https:\/\/www.campinglesbastets.com\/wp-content\/uploads\/2022\/03\/se-ressourcer-grace-a-la-nature.jpg\",\"width\":1900,\"height\":1056,\"caption\":\"se ressourcer grace a la nature\"},{\"@type\":\"BreadcrumbList\",\"@id\":\"https:\/\/www.campinglesbastets.com\/en\/camping-activities-drome\/quiet-campsite-drome\/#breadcrumb\",\"itemListElement\":[{\"@type\":\"ListItem\",\"position\":1,\"name\":\"Camping Dr\u00f4me\",\"item\":\"https:\/\/www.campinglesbastets.com\/en\/\"},{\"@type\":\"ListItem\",\"position\":2,\"name\":\"ACTIVITIES\",\"item\":\"https:\/\/www.campinglesbastets.com\/en\/camping-activities-drome\/\"},{\"@type\":\"ListItem\",\"position\":3,\"name\":\"RELAX AND UNWIND\"}]},{\"@type\":\"WebSite\",\"@id\":\"https:\/\/www.campinglesbastets.com\/en\/#website\",\"url\":\"https:\/\/www.campinglesbastets.com\/en\/\",\"name\":\"Camping Les Bastets\",\"description\":\"\",\"publisher\":{\"@id\":\"https:\/\/www.campinglesbastets.com\/en\/#organization\"},\"potentialAction\":[{\"@type\":\"SearchAction\",\"target\":{\"@type\":\"EntryPoint\",\"urlTemplate\":\"https:\/\/www.campinglesbastets.com\/en\/?s={search_term_string}\"},\"query-input\":{\"@type\":\"PropertyValueSpecification\",\"valueRequired\":true,\"valueName\":\"search_term_string\"}}],\"inLanguage\":\"en-US\"},{\"@type\":\"Organization\",\"@id\":\"https:\/\/www.campinglesbastets.com\/en\/#organization\",\"name\":\"Camping Les Bastets\",\"url\":\"https:\/\/www.campinglesbastets.com\/en\/\",\"logo\":{\"@type\":\"ImageObject\",\"inLanguage\":\"en-US\",\"@id\":\"https:\/\/www.campinglesbastets.com\/en\/#\/schema\/logo\/image\/\",\"url\":\"https:\/\/www.campinglesbastets.com\/wp-content\/uploads\/2022\/02\/favicon-1.png\",\"contentUrl\":\"https:\/\/www.campinglesbastets.com\/wp-content\/uploads\/2022\/02\/favicon-1.png\",\"width\":1423,\"height\":1423,\"caption\":\"Camping Les Bastets\"},\"image\":{\"@id\":\"https:\/\/www.campinglesbastets.com\/en\/#\/schema\/logo\/image\/\"}}]}<\/script>\n<!-- \/ Yoast SEO plugin. -->","yoast_head_json":{"title":"Hiking and walking in the Dr\u00f4me Proven\u00e7ale | Bicycle trails Dr\u00f4me (26)","robots":{"index":"index","follow":"follow","max-snippet":"max-snippet:-1","max-image-preview":"max-image-preview:large","max-video-preview":"max-video-preview:-1"},"canonical":"https:\/\/www.campinglesbastets.com\/en\/camping-activities-drome\/quiet-campsite-drome\/","og_locale":"en_US","og_type":"article","og_title":"Hiking and walking in the Dr\u00f4me Proven\u00e7ale | Bicycle trails Dr\u00f4me (26)","og_url":"https:\/\/www.campinglesbastets.com\/en\/camping-activities-drome\/quiet-campsite-drome\/","og_site_name":"Camping Les Bastets","article_modified_time":"2022-05-04T14:12:51+00:00","og_image":[{"width":1900,"height":1056,"url":"https:\/\/www.campinglesbastets.com\/wp-content\/uploads\/2022\/03\/se-ressourcer-grace-a-la-nature.jpg","type":"image\/jpeg"}],"twitter_card":"summary_large_image","schema":{"@context":"https:\/\/schema.org","@graph":[{"@type":"WebPage","@id":"https:\/\/www.campinglesbastets.com\/en\/camping-activities-drome\/quiet-campsite-drome\/","url":"https:\/\/www.campinglesbastets.com\/en\/camping-activities-drome\/quiet-campsite-drome\/","name":"Hiking and walking in the Dr\u00f4me Proven\u00e7ale | Bicycle trails Dr\u00f4me (26)","isPartOf":{"@id":"https:\/\/www.campinglesbastets.com\/en\/#website"},"primaryImageOfPage":{"@id":"https:\/\/www.campinglesbastets.com\/en\/camping-activities-drome\/quiet-campsite-drome\/#primaryimage"},"image":{"@id":"https:\/\/www.campinglesbastets.com\/en\/camping-activities-drome\/quiet-campsite-drome\/#primaryimage"},"thumbnailUrl":"https:\/\/www.campinglesbastets.com\/wp-content\/uploads\/2022\/03\/se-ressourcer-grace-a-la-nature.jpg","datePublished":"2022-03-11T08:04:25+00:00","dateModified":"2022-05-04T14:12:51+00:00","breadcrumb":{"@id":"https:\/\/www.campinglesbastets.com\/en\/camping-activities-drome\/quiet-campsite-drome\/#breadcrumb"},"inLanguage":"en-US","potentialAction":[{"@type":"ReadAction","target":["https:\/\/www.campinglesbastets.com\/en\/camping-activities-drome\/quiet-campsite-drome\/"]}]},{"@type":"ImageObject","inLanguage":"en-US","@id":"https:\/\/www.campinglesbastets.com\/en\/camping-activities-drome\/quiet-campsite-drome\/#primaryimage","url":"https:\/\/www.campinglesbastets.com\/wp-content\/uploads\/2022\/03\/se-ressourcer-grace-a-la-nature.jpg","contentUrl":"https:\/\/www.campinglesbastets.com\/wp-content\/uploads\/2022\/03\/se-ressourcer-grace-a-la-nature.jpg","width":1900,"height":1056,"caption":"se ressourcer grace a la nature"},{"@type":"BreadcrumbList","@id":"https:\/\/www.campinglesbastets.com\/en\/camping-activities-drome\/quiet-campsite-drome\/#breadcrumb","itemListElement":[{"@type":"ListItem","position":1,"name":"Camping Dr\u00f4me","item":"https:\/\/www.campinglesbastets.com\/en\/"},{"@type":"ListItem","position":2,"name":"ACTIVITIES","item":"https:\/\/www.campinglesbastets.com\/en\/camping-activities-drome\/"},{"@type":"ListItem","position":3,"name":"RELAX AND UNWIND"}]},{"@type":"WebSite","@id":"https:\/\/www.campinglesbastets.com\/en\/#website","url":"https:\/\/www.campinglesbastets.com\/en\/","name":"Camping Les Bastets","description":"","publisher":{"@id":"https:\/\/www.campinglesbastets.com\/en\/#organization"},"potentialAction":[{"@type":"SearchAction","target":{"@type":"EntryPoint","urlTemplate":"https:\/\/www.campinglesbastets.com\/en\/?s={search_term_string}"},"query-input":{"@type":"PropertyValueSpecification","valueRequired":true,"valueName":"search_term_string"}}],"inLanguage":"en-US"},{"@type":"Organization","@id":"https:\/\/www.campinglesbastets.com\/en\/#organization","name":"Camping Les Bastets","url":"https:\/\/www.campinglesbastets.com\/en\/","logo":{"@type":"ImageObject","inLanguage":"en-US","@id":"https:\/\/www.campinglesbastets.com\/en\/#\/schema\/logo\/image\/","url":"https:\/\/www.campinglesbastets.com\/wp-content\/uploads\/2022\/02\/favicon-1.png","contentUrl":"https:\/\/www.campinglesbastets.com\/wp-content\/uploads\/2022\/02\/favicon-1.png","width":1423,"height":1423,"caption":"Camping Les Bastets"},"image":{"@id":"https:\/\/www.campinglesbastets.com\/en\/#\/schema\/logo\/image\/"}}]}},"_links":{"self":[{"href":"https:\/\/www.campinglesbastets.com\/en\/wp-json\/wp\/v2\/pages\/10760","targetHints":{"allow":["GET"]}}],"collection":[{"href":"https:\/\/www.campinglesbastets.com\/en\/wp-json\/wp\/v2\/pages"}],"about":[{"href":"https:\/\/www.campinglesbastets.com\/en\/wp-json\/wp\/v2\/types\/page"}],"author":[{"embeddable":true,"href":"https:\/\/www.campinglesbastets.com\/en\/wp-json\/wp\/v2\/users\/1"}],"replies":[{"embeddable":true,"href":"https:\/\/www.campinglesbastets.com\/en\/wp-json\/wp\/v2\/comments?post=10760"}],"version-history":[{"count":4,"href":"https:\/\/www.campinglesbastets.com\/en\/wp-json\/wp\/v2\/pages\/10760\/revisions"}],"predecessor-version":[{"id":10805,"href":"https:\/\/www.campinglesbastets.com\/en\/wp-json\/wp\/v2\/pages\/10760\/revisions\/10805"}],"up":[{"embeddable":true,"href":"https:\/\/www.campinglesbastets.com\/en\/wp-json\/wp\/v2\/pages\/10748"}],"wp:featuredmedia":[{"embeddable":true,"href":"https:\/\/www.campinglesbastets.com\/en\/wp-json\/wp\/v2\/media\/7781"}],"wp:attachment":[{"href":"https:\/\/www.campinglesbastets.com\/en\/wp-json\/wp\/v2\/media?parent=10760"}],"curies":[{"name":"wp","href":"https:\/\/api.w.org\/{rel}","templated":true}]}}